{"id":5976,"date":"2022-05-25T20:36:00","date_gmt":"2022-05-25T18:36:00","guid":{"rendered":"https:\/\/koningdrone.nl\/kon\/product\/insta360-go2-64gb-cing2xx-f\/"},"modified":"2026-05-16T08:10:36","modified_gmt":"2026-05-16T06:10:36","slug":"insta360-go2-64gb-cing2xx-f","status":"publish","type":"product","link":"https:\/\/koningdrone.be\/fr\/produit\/insta360-go2-64gb-cing2xx-f\/","title":{"rendered":"INSTA360 GO2 64GB (CING2XX\/F)"},"content":{"rendered":"<h1>   Insta360 GO2 64GB (CING2XX\/F) <\/h1>\n<p><strong> \u00c9dition haute capacit\u00e9<\/strong> <br \/>Cette \u00e9dition haute capacit\u00e9 dispose d'un espace de stockage interne plus important (64 Go) que le mod\u00e8le standard (32 Go).<br \/><strong> Nouvelles fonctionnalit\u00e9s de GO 2<\/strong> <br \/>La GO 2 vous permet de filmer au ralenti jusqu'\u00e0 120 images par seconde. Il est dot\u00e9 d'un mode hyperlapse, d'une batterie int\u00e9gr\u00e9e plus puissante de 1 100 mAh, de photos de 9 Mpx, d'enregistrements vid\u00e9o d'une r\u00e9solution maximale de 3K 2560 x 1440 et d'enregistrements au format HDR 1080p30.<br \/><strong> Vid\u00e9o stabilis\u00e9e avec audio + photos<\/strong> <br \/>L'Insta360 GO 2 capture des vid\u00e9os, de l'audio et des photos en interne sur un espace de stockage embarqu\u00e9 de 64 Go. Lorsqu'il est connect\u00e9 \u00e0 votre t\u00e9l\u00e9phone, les vid\u00e9os du GO 2 sont automatiquement transf\u00e9r\u00e9es via l'application correspondante.<br \/>Qu'il pleuve ou qu'il vente<br \/>Le GO 2 est \u00e9tanche selon la norme IPX8 jusqu'\u00e0 13\u2032.<br \/>L'\u00e9tui de chargement fourni est dot\u00e9 d'un bouton de commande marche\/arr\u00eat et d'une autonomie de 2,5 heures.<\/p>","protected":false},"excerpt":{"rendered":"<ul>\n<li>Cam\u00e9ra d'action miniature 3K<\/li>\n<li>Jusqu'\u00e0 2560 x 1440 en vid\u00e9o et 9 MP en photo<\/li>\n<li>Vid\u00e9o au ralenti jusqu'\u00e0 1080p120<\/li>\n<li>\u00c9tanche jusqu'\u00e0 13\u2032, m\u00e9moire flash de 64 Go<\/li>\n<li>Stabilisation gyroscopique \u00e0 6 axes FlowState<\/li>\n<li>Application iOS\/Android avec \u00e9dition automatique<\/li>\n<li>Vid\u00e9os time-lapse\/Hyperlapse d'un simple clic<\/li>\n<li>Bluetooth et wifi, \u00e9tui de chargement<\/li>\n<li>Fonction d'\u00e9dition automatique, prise de vue POV facile<\/li>\n<li>Pare-soleil, options de montage<\/li>\n<\/ul>","protected":false},"featured_media":5973,"template":"","meta":{"_acf_changed":false},"product_brand":[],"product_cat":[97,343],"product_tag":[],"class_list":{"0":"post-5976","1":"product","2":"type-product","3":"status-publish","4":"has-post-thumbnail","6":"product_cat-alle-producten","7":"product_cat-insta360","8":"product_shipping_class-outofstock","9":"pa_brand-insta360","10":"pa_series-insta360-go","12":"first","13":"outofstock","14":"taxable","15":"shipping-taxable","16":"product-type-simple"},"acf":[],"yoast_head":"<!-- This site is optimized with the Yoast SEO Premium plugin v27.2 (Yoast SEO v27.2) - https:\/\/yoast.com\/product\/yoast-seo-premium-wordpress\/ -->\n<title>INSTA360 GO2 64GB (CING2XX\/F) - koningdrone.be<\/title>\n<meta name=\"robots\" content=\"index, follow, max-snippet:-1, max-image-preview:large, max-video-preview:-1\" \/>\n<link rel=\"canonical\" href=\"https:\/\/koningdrone.be\/fr\/produit\/insta360-go2-64gb-cing2xx-f\/\" \/>\n<meta property=\"og:locale\" content=\"fr_FR\" \/>\n<meta property=\"og:type\" content=\"article\" \/>\n<meta property=\"og:title\" content=\"INSTA360 GO2 64GB (CING2XX\/F)\" \/>\n<meta property=\"og:description\" content=\"Miniatuur 3K-actiecameraTot 2560 x 1440 video en 9 MP foto&#039;sTot 1080p120 Slow Motion-videoWaterdicht tot 13&#039;, 64 GB Flash-geheugenFlowState 6-assige gyrostabilisatieiOS\/Android-app met automatische bewerkingTime-Lapse\/Hyperlapse-video&#039;s met \u00e9\u00e9n tikBluetooth en wifi, oplaadetuiFunctie voor automatisch bewerken, eenvoudige POV-opnameLensbescherming, montageopties\" \/>\n<meta property=\"og:url\" content=\"https:\/\/koningdrone.be\/fr\/produit\/insta360-go2-64gb-cing2xx-f\/\" \/>\n<meta property=\"og:site_name\" content=\"koningdrone.be\" \/>\n<meta property=\"article:modified_time\" content=\"2026-05-16T06:10:36+00:00\" \/>\n<meta property=\"og:image\" content=\"https:\/\/koningdrone.be\/wp-content\/uploads\/sites\/13\/2025\/04\/6970357853298-1.jpg\" \/>\n\t<meta property=\"og:image:width\" content=\"600\" \/>\n\t<meta property=\"og:image:height\" content=\"600\" \/>\n\t<meta property=\"og:image:type\" content=\"image\/jpeg\" \/>\n<meta name=\"twitter:card\" content=\"summary_large_image\" \/>\n<meta name=\"twitter:label1\" content=\"Dur\u00e9e de lecture est.\" \/>\n\t<meta name=\"twitter:data1\" content=\"1 minute\" \/>\n<script type=\"application\/ld+json\" class=\"yoast-schema-graph\">{\"@context\":\"https:\/\/schema.org\",\"@graph\":[{\"@type\":\"WebPage\",\"@id\":\"https:\/\/koningdrone.be\/product\/insta360-go2-64gb-cing2xx-f\/\",\"url\":\"https:\/\/koningdrone.be\/product\/insta360-go2-64gb-cing2xx-f\/\",\"name\":\"INSTA360 GO2 64GB (CING2XX\/F) - koningdrone.be\",\"isPartOf\":{\"@id\":\"https:\/\/koningdrone.be\/#website\"},\"primaryImageOfPage\":{\"@id\":\"https:\/\/koningdrone.be\/product\/insta360-go2-64gb-cing2xx-f\/#primaryimage\"},\"image\":{\"@id\":\"https:\/\/koningdrone.be\/product\/insta360-go2-64gb-cing2xx-f\/#primaryimage\"},\"thumbnailUrl\":\"https:\/\/koningdrone.be\/wp-content\/uploads\/sites\/13\/2025\/04\/6970357853298-1.jpg\",\"datePublished\":\"2022-05-25T18:36:00+00:00\",\"dateModified\":\"2026-05-16T06:10:36+00:00\",\"breadcrumb\":{\"@id\":\"https:\/\/koningdrone.be\/product\/insta360-go2-64gb-cing2xx-f\/#breadcrumb\"},\"inLanguage\":\"fr-BE\",\"potentialAction\":[{\"@type\":\"ReadAction\",\"target\":[\"https:\/\/koningdrone.be\/product\/insta360-go2-64gb-cing2xx-f\/\"]}]},{\"@type\":\"ImageObject\",\"inLanguage\":\"fr-BE\",\"@id\":\"https:\/\/koningdrone.be\/product\/insta360-go2-64gb-cing2xx-f\/#primaryimage\",\"url\":\"https:\/\/koningdrone.be\/wp-content\/uploads\/sites\/13\/2025\/04\/6970357853298-1.jpg\",\"contentUrl\":\"https:\/\/koningdrone.be\/wp-content\/uploads\/sites\/13\/2025\/04\/6970357853298-1.jpg\",\"width\":600,\"height\":600},{\"@type\":\"BreadcrumbList\",\"@id\":\"https:\/\/koningdrone.be\/product\/insta360-go2-64gb-cing2xx-f\/#breadcrumb\",\"itemListElement\":[{\"@type\":\"ListItem\",\"position\":1,\"name\":\"Home\",\"item\":\"https:\/\/koningdrone.be\/\"},{\"@type\":\"ListItem\",\"position\":2,\"name\":\"AVSS Parachute Recovery System for DJI Matrice 300\/350\",\"item\":\"https:\/\/koningdrone.be\/product\/avss-parachute-recovery-system-for-dji-matrice-300-350\/\"},{\"@type\":\"ListItem\",\"position\":3,\"name\":\"Alle producten\",\"item\":\"https:\/\/koningdrone.be\/categorie\/alle-producten\/\"},{\"@type\":\"ListItem\",\"position\":4,\"name\":\"INSTA360 GO2 64GB (CING2XX\/F)\"}]},{\"@type\":\"WebSite\",\"@id\":\"https:\/\/koningdrone.be\/#website\",\"url\":\"https:\/\/koningdrone.be\/\",\"name\":\"Koningdrone.be - Uw online specialist in drones, gimbals, camera's en power stations.\",\"description\":\"De webshop in drones en gimbals\",\"publisher\":{\"@id\":\"https:\/\/koningdrone.be\/#organization\"},\"potentialAction\":[{\"@type\":\"SearchAction\",\"target\":{\"@type\":\"EntryPoint\",\"urlTemplate\":\"https:\/\/koningdrone.be\/?s={search_term_string}\"},\"query-input\":{\"@type\":\"PropertyValueSpecification\",\"valueRequired\":true,\"valueName\":\"search_term_string\"}}],\"inLanguage\":\"fr-BE\"},{\"@type\":\"Organization\",\"@id\":\"https:\/\/koningdrone.be\/#organization\",\"name\":\"Koningdrone.be\",\"url\":\"https:\/\/koningdrone.be\/\",\"logo\":{\"@type\":\"ImageObject\",\"inLanguage\":\"fr-BE\",\"@id\":\"https:\/\/koningdrone.be\/#\/schema\/logo\/image\/\",\"url\":\"https:\/\/koningdrone.be\/wp-content\/uploads\/sites\/13\/2025\/04\/koningdrone-copyright-logo.svg\",\"contentUrl\":\"https:\/\/koningdrone.be\/wp-content\/uploads\/sites\/13\/2025\/04\/koningdrone-copyright-logo.svg\",\"width\":227,\"height\":38,\"caption\":\"Koningdrone.be\"},\"image\":{\"@id\":\"https:\/\/koningdrone.be\/#\/schema\/logo\/image\/\"}}]}<\/script>\n<!-- \/ Yoast SEO Premium plugin. -->","yoast_head_json":{"title":"INSTA360 GO2 64GB (CING2XX\/F) - koningdrone.be","robots":{"index":"index","follow":"follow","max-snippet":"max-snippet:-1","max-image-preview":"max-image-preview:large","max-video-preview":"max-video-preview:-1"},"canonical":"https:\/\/koningdrone.be\/fr\/produit\/insta360-go2-64gb-cing2xx-f\/","og_locale":"fr_FR","og_type":"article","og_title":"INSTA360 GO2 64GB (CING2XX\/F)","og_description":"Miniatuur 3K-actiecameraTot 2560 x 1440 video en 9 MP foto'sTot 1080p120 Slow Motion-videoWaterdicht tot 13', 64 GB Flash-geheugenFlowState 6-assige gyrostabilisatieiOS\/Android-app met automatische bewerkingTime-Lapse\/Hyperlapse-video's met \u00e9\u00e9n tikBluetooth en wifi, oplaadetuiFunctie voor automatisch bewerken, eenvoudige POV-opnameLensbescherming, montageopties","og_url":"https:\/\/koningdrone.be\/fr\/produit\/insta360-go2-64gb-cing2xx-f\/","og_site_name":"koningdrone.be","article_modified_time":"2026-05-16T06:10:36+00:00","og_image":[{"width":600,"height":600,"url":"https:\/\/koningdrone.be\/wp-content\/uploads\/sites\/13\/2025\/04\/6970357853298-1.jpg","type":"image\/jpeg"}],"twitter_card":"summary_large_image","twitter_misc":{"Dur\u00e9e de lecture est.":"1 minute"},"schema":{"@context":"https:\/\/schema.org","@graph":[{"@type":"WebPage","@id":"https:\/\/koningdrone.be\/product\/insta360-go2-64gb-cing2xx-f\/","url":"https:\/\/koningdrone.be\/product\/insta360-go2-64gb-cing2xx-f\/","name":"INSTA360 GO2 64GB (CING2XX\/F) - koningdrone.be","isPartOf":{"@id":"https:\/\/koningdrone.be\/#website"},"primaryImageOfPage":{"@id":"https:\/\/koningdrone.be\/product\/insta360-go2-64gb-cing2xx-f\/#primaryimage"},"image":{"@id":"https:\/\/koningdrone.be\/product\/insta360-go2-64gb-cing2xx-f\/#primaryimage"},"thumbnailUrl":"https:\/\/koningdrone.be\/wp-content\/uploads\/sites\/13\/2025\/04\/6970357853298-1.jpg","datePublished":"2022-05-25T18:36:00+00:00","dateModified":"2026-05-16T06:10:36+00:00","breadcrumb":{"@id":"https:\/\/koningdrone.be\/product\/insta360-go2-64gb-cing2xx-f\/#breadcrumb"},"inLanguage":"fr-BE","potentialAction":[{"@type":"ReadAction","target":["https:\/\/koningdrone.be\/product\/insta360-go2-64gb-cing2xx-f\/"]}]},{"@type":"ImageObject","inLanguage":"fr-BE","@id":"https:\/\/koningdrone.be\/product\/insta360-go2-64gb-cing2xx-f\/#primaryimage","url":"https:\/\/koningdrone.be\/wp-content\/uploads\/sites\/13\/2025\/04\/6970357853298-1.jpg","contentUrl":"https:\/\/koningdrone.be\/wp-content\/uploads\/sites\/13\/2025\/04\/6970357853298-1.jpg","width":600,"height":600},{"@type":"BreadcrumbList","@id":"https:\/\/koningdrone.be\/product\/insta360-go2-64gb-cing2xx-f\/#breadcrumb","itemListElement":[{"@type":"ListItem","position":1,"name":"Home","item":"https:\/\/koningdrone.be\/"},{"@type":"ListItem","position":2,"name":"AVSS Parachute Recovery System for DJI Matrice 300\/350","item":"https:\/\/koningdrone.be\/product\/avss-parachute-recovery-system-for-dji-matrice-300-350\/"},{"@type":"ListItem","position":3,"name":"Alle producten","item":"https:\/\/koningdrone.be\/categorie\/alle-producten\/"},{"@type":"ListItem","position":4,"name":"INSTA360 GO2 64GB (CING2XX\/F)"}]},{"@type":"WebSite","@id":"https:\/\/koningdrone.be\/#website","url":"https:\/\/koningdrone.be\/","name":"Koningdrone.be - Votre sp\u00e9cialiste en ligne en mati\u00e8re de drones, de cardans, de cam\u00e9ras et de centrales \u00e9lectriques.","description":"La boutique en ligne de drones et de cardans","publisher":{"@id":"https:\/\/koningdrone.be\/#organization"},"potentialAction":[{"@type":"SearchAction","target":{"@type":"EntryPoint","urlTemplate":"https:\/\/koningdrone.be\/?s={search_term_string}"},"query-input":{"@type":"PropertyValueSpecification","valueRequired":true,"valueName":"search_term_string"}}],"inLanguage":"fr-BE"},{"@type":"Organization","@id":"https:\/\/koningdrone.be\/#organization","name":"Kingdrone.co.uk","url":"https:\/\/koningdrone.be\/","logo":{"@type":"ImageObject","inLanguage":"fr-BE","@id":"https:\/\/koningdrone.be\/#\/schema\/logo\/image\/","url":"https:\/\/koningdrone.be\/wp-content\/uploads\/sites\/13\/2025\/04\/koningdrone-copyright-logo.svg","contentUrl":"https:\/\/koningdrone.be\/wp-content\/uploads\/sites\/13\/2025\/04\/koningdrone-copyright-logo.svg","width":227,"height":38,"caption":"Koningdrone.be"},"image":{"@id":"https:\/\/koningdrone.be\/#\/schema\/logo\/image\/"}}]}},"df_price":"","df_sale_price":"","df_regular_price":"","df_image_link":"https:\/\/koningdrone.be\/wp-content\/uploads\/sites\/13\/2025\/04\/6970357853298-1-300x300.jpg","_links":{"self":[{"href":"https:\/\/koningdrone.be\/fr\/wp-json\/wp\/v2\/product\/5976","targetHints":{"allow":["GET"]}}],"collection":[{"href":"https:\/\/koningdrone.be\/fr\/wp-json\/wp\/v2\/product"}],"about":[{"href":"https:\/\/koningdrone.be\/fr\/wp-json\/wp\/v2\/types\/product"}],"wp:featuredmedia":[{"embeddable":true,"href":"https:\/\/koningdrone.be\/fr\/wp-json\/wp\/v2\/media\/5973"}],"wp:attachment":[{"href":"https:\/\/koningdrone.be\/fr\/wp-json\/wp\/v2\/media?parent=5976"}],"wp:term":[{"taxonomy":"product_brand","embeddable":true,"href":"https:\/\/koningdrone.be\/fr\/wp-json\/wp\/v2\/product_brand?post=5976"},{"taxonomy":"product_cat","embeddable":true,"href":"https:\/\/koningdrone.be\/fr\/wp-json\/wp\/v2\/product_cat?post=5976"},{"taxonomy":"product_tag","embeddable":true,"href":"https:\/\/koningdrone.be\/fr\/wp-json\/wp\/v2\/product_tag?post=5976"}],"curies":[{"name":"wp","href":"https:\/\/api.w.org\/{rel}","templated":true}]}}