{"id":5958,"date":"2022-05-25T20:36:00","date_gmt":"2022-05-25T18:36:00","guid":{"rendered":"https:\/\/koningdrone.nl\/kon\/product\/insta360-one-rs-twin-cinrsgp-a\/"},"modified":"2026-05-17T07:50:48","modified_gmt":"2026-05-17T05:50:48","slug":"insta360-one-rs-twin-cinrsgp-a","status":"publish","type":"product","link":"https:\/\/koningdrone.be\/fr\/produit\/insta360-one-rs-twin-cinrsgp-a\/","title":{"rendered":"INSTA360 ONE RS Twin (CINRSGP\/A)"},"content":{"rendered":"<h1>   Insta360 One RS Twin (CINRSGP\/A) <\/h1>\n<p>Insta360 - \"ONE RS Twin 360 edition\" (en anglais)<br \/>La cam\u00e9ra d'action la plus adaptative au monde est d\u00e9sormais encore plus performante.<br \/>Cam\u00e9ra d'action Insta360 ONE ONE RS Twin 360 Edition<br \/>CONSTRUIT POUR CORRESPONDRE<br \/>Le ONE RS est l'appareil photo \u00e0 objectif interchangeable le plus polyvalent au monde. Gr\u00e2ce \u00e0 une conception en trois parties, elle se transforme d'une cam\u00e9ra 360 en un objectif grand angle haut de gamme. C'est la seule cam\u00e9ra d'action qui tient vraiment la promesse d'une flexibilit\u00e9 \u2019tout-en-un\u201c, sans compromis.<br \/>Objectif 4K Boost<br \/>Cam\u00e9ra d'action Insta360 ONE ONE RS Twin 360 Edition<br \/>NOUVEAU CAPTEUR D'IMAGE 1\/2<br \/>Jouer silencieusement ou \u00e0 faible volume est souvent une n\u00e9cessit\u00e9, surtout \u00e0 la maison, mais aussi de plus en plus sur sc\u00e8ne ou en studio. Pour jouer avec votre ampli sans baffle, vous avez besoin d'un load box. Two notes est r\u00e9put\u00e9 pour ses load boxes les plus pr\u00e9cis et les plus polyvalents au monde, utilisant la technologie r\u00e9active, c'est-\u00e0-dire imitant parfaitement l'imp\u00e9dance d'un haut-parleur. Votre ampli croira absolument qu'il est connect\u00e9 \u00e0 un vrai baffle.<br \/>Cam\u00e9ra d'action Insta360 ONE ONE RS Twin 360 Edition<br \/>48MP PHOTOS<br \/>4x plus de m\u00e9gapixels. Capturez les d\u00e9tails suppl\u00e9mentaires que m\u00e9ritent les moments de photo parfaits, avec de meilleures couleurs et un meilleur \u00e9clairage.<br \/>Cam\u00e9ra d'action Insta360 ONE ONE RS Twin 360 Edition<br \/>MODE \u00c9CRAN LARGE 6K<br \/>Cr\u00e9ez des images 6K ultra-d\u00e9taill\u00e9es, dignes d'un film hollywoodien, avec un format d'\u00e9cran large classique de 2,35:1.<br \/>Objectif 5,3K 1 pouce<br \/>Cam\u00e9ra d'action Insta360 ONE ONE RS Twin 360 Edition<br \/>A COLLABOR\u00c9 AVEC LEICA<br \/>D\u00e9velopp\u00e9 en collaboration avec Leica, l'objectif grand angle de 1 pouce est dot\u00e9 du plus grand capteur d'image de toutes les cam\u00e9ras d'action. Prenez des photos grand angle 5,3K avec des d\u00e9tails pr\u00e9cis et des couleurs r\u00e9alistes, m\u00eame en cas de faible luminosit\u00e9.<br \/>Cam\u00e9ra d'action Insta360 ONE ONE RS Twin 360 Edition<br \/>Stabilisation de l'\u00e9tat des flux<br \/>Cam\u00e9ra d'action Insta360 ONE ONE RS Twin 360 Edition<br \/>STABILISATION DE L'IMAGE EN DOUCEUR<br \/>Stabilisation de l'image en douceur, quel que soit l'objectif utilis\u00e9. Le puissant noyau RS offre d\u00e9sormais une stabilisation FlowState dans l'appareil photo en combinaison avec les objectifs grand angle. Aucune retouche n'est n\u00e9cessaire.<br \/>\u00c9cluse Horizon<br \/>Cam\u00e9ra d'action Insta360 ONE ONE RS Twin 360 Edition<br \/>DES CLICH\u00c9S D'UN NIVEAU PARFAIT<br \/>Des prises de vue parfaitement r\u00e9guli\u00e8res, quelle que soit l'inclinaison de l'appareil. Les trois objectifs prennent en charge le nivellement de l'horizon \u00e0 360\u00b0.<br \/>\u00a0 <br \/>HDR actif<br \/>Cam\u00e9ra d'action Insta360 ONE ONE RS Twin 360 Edition<br \/>4K HDR<br \/>Un nouveau mode vid\u00e9o HDR innovant pour les sports d'action. Le mode HDR actif de l'objectif 4K Boost permet de stabiliser votre vid\u00e9o pendant que vous bougez, tout en conservant les d\u00e9tails dans les hautes lumi\u00e8res et les ombres pour des s\u00e9quences plus vivantes.<br \/>\u00a0 <br \/>Retard\u00e9<br \/>Cam\u00e9ra d'action Insta360 ONE ONE RS Twin 360 Edition<br \/>8X MOUVEMENT LENT<br \/>Ralentissez l'action jusqu'\u00e0 8 fois avec l'objectif 4K Boost, ou tournez autour et concentrez-vous sur un grand moment avec le ralenti 4x sur l'objectif 360.<br \/>\u00a0 <br \/>Construit pour l'action<br \/>Cam\u00e9ra d'action Insta360 ONE ONE RS Twin 360 Edition<br \/>\u00c9TANCHE JUSQU'\u00c0 16 PIEDS<br \/>Immergez votre cam\u00e9ra d'action sans souci jusqu'\u00e0 16 pieds sous l'eau<br \/>\u00a0 <br \/>CONCEPTION ROBUSTE<br \/>Des connecteurs de haute qualit\u00e9 et une conception structurelle unique garantissent une connexion stable entre les modules, m\u00eame \u00e0 la hauteur de l'action.<br \/>\u00a0 <br \/>Un tout nouveau noyau<br \/>DES PERFORMANCES AM\u00c9LIOR\u00c9ES SUR TOUTE LA LIGNE<br \/>Wi-Fi plus rapide. Transf\u00e9rez et modifiez vos fichiers plus rapidement dans l'application Insta360, gr\u00e2ce au tout nouveau mat\u00e9riel du Core.<br \/>\u00a0 <br \/>Cam\u00e9ra d'action Insta360 ONE ONE RS Twin 360 Edition<br \/>AUDIO CROSSOVER<br \/>Le RS Core dispose d\u00e9sormais d'un microphone suppl\u00e9mentaire pour capturer le son que vous souhaitez, et d'un algorithme de r\u00e9duction du bruit du vent pour supprimer le bruit que vous ne souhaitez pas.<br \/>\u00a0 <br \/>Cam\u00e9ra d'action Insta360 ONE ONE RS Twin 360 Edition<br \/>Cam\u00e9ra d'action Insta360 ONE ONE RS Twin 360 Edition<br \/>ZOOM IMMEDIATE<br \/>Effectuez un zoom num\u00e9rique jusqu'\u00e0 2,7x sur un sujet pendant la prise de vue - pas besoin de pr\u00e9r\u00e9gler la prise de vue.<br \/>\u00a0 <br \/>Cam\u00e9ra d'action Insta360 ONE ONE RS Twin 360 Edition<br \/>MENU RAPIDE<br \/>Acc\u00e9dez \u00e0 tous vos pr\u00e9r\u00e9glages de prise de vue pr\u00e9f\u00e9r\u00e9s en un seul endroit, d'une simple pression. Changez de mode en cours de route pour suivre l'action.<br \/>\u00a0 <br \/>Montage facile<br \/>Cam\u00e9ra d'action Insta360 ONE ONE RS Twin 360 Edition<br \/>LIB\u00c9RATION RAPIDE<br \/>Il suffit d'appuyer sur le bouton pour ouvrir le support, de faire glisser l'appareil photo sur le c\u00f4t\u00e9 et de changer d'objectif en un instant.<br \/>\u00a0 <br \/>Cam\u00e9ra d'action Insta360 ONE ONE RS Twin 360 Edition<br \/>CONCEPTION DE LA DISSIPATION DE LA CHALEUR<br \/>Le support de montage permet \u00e0 votre cam\u00e9ra d'action de rester au frais afin que vous puissiez enregistrer plus longtemps.<br \/>\u00a0 <br \/>Cam\u00e9ra d'action Insta360 ONE ONE RS Twin 360 Edition<br \/>HOUSSE DE MICROPHONE COUPE-VENT<br \/>Une housse sp\u00e9ciale en mousse coupe-vent arr\u00eate les vents violents et \u00e9vite les bruits ind\u00e9sirables dans vos vid\u00e9os.<\/p>","protected":false},"excerpt":{"rendered":"<ul>\n<li>R\u00e9solution vid\u00e9o : 6016\u00d72560@25\/24fps (en mode \u00e9cran large 6K), 4000\u00d73000@24\/25\/30fps, 3840\u00d72160@24\/25\/30\/50\/60fps, 2720\u00d71530@24\/25\/30\/60\/100fps, 1920\u00d71080@24 \/25\/30\/60\/120\/200fps<\/li>\n<li>R\u00e9solutions photo : 8000\u00d76000 (4:3), 8000\u00d74500 (16:9), 4000\u00d73000 (4:3), 4000\u00d72250 (16:9)<\/li>\n<li>Format de fichier image : JPG, RAW (dng)<\/li>\n<li>Formats de fichiers vid\u00e9o : MP4, LOG<\/li>\n<li>Objectifs : 7,2 mm \u00e9quivalent 35 m<\/li>\n<li>Streaming en direct : Nvt<\/li>\n<li>Stockage : Emplacement microSD<\/li>\n<li>Poids : 125,3 grammes<\/li>\n<\/ul>","protected":false},"featured_media":5956,"template":"","meta":{"_acf_changed":false},"product_brand":[],"product_cat":[97,343],"product_tag":[],"class_list":{"0":"post-5958","1":"product","2":"type-product","3":"status-publish","4":"has-post-thumbnail","6":"product_cat-alle-producten","7":"product_cat-insta360","8":"product_shipping_class-outofstock","9":"pa_brand-insta360","10":"pa_series-insta360-go","12":"first","13":"outofstock","14":"taxable","15":"shipping-taxable","16":"product-type-simple"},"acf":[],"yoast_head":"<!-- This site is optimized with the Yoast SEO Premium plugin v27.2 (Yoast SEO v27.2) - https:\/\/yoast.com\/product\/yoast-seo-premium-wordpress\/ -->\n<title>INSTA360 ONE RS Twin (CINRSGP\/A) - koningdrone.be<\/title>\n<meta name=\"robots\" content=\"index, follow, max-snippet:-1, max-image-preview:large, max-video-preview:-1\" \/>\n<link rel=\"canonical\" href=\"https:\/\/koningdrone.be\/fr\/produit\/insta360-one-rs-twin-cinrsgp-a\/\" \/>\n<meta property=\"og:locale\" content=\"fr_FR\" \/>\n<meta property=\"og:type\" content=\"article\" \/>\n<meta property=\"og:title\" content=\"INSTA360 ONE RS Twin (CINRSGP\/A)\" \/>\n<meta property=\"og:description\" content=\"Videoresolutie: 6016x2560@25\/24fps (onder 6K breedbeeldmodus), 4000x3000@24\/25\/30fps, 3840x2160@24\/25\/30\/50\/60fps, 2720x1530@24\/25\/30\/60\/100fps, 1920x1080@24 \/25\/30\/60\/120\/200 fpsFotoresoluties: 8000x6000 (4:3), 8000x4500 (16:9), 4000x3000 (4:3), 4000x2250 (16:9Fotobestandsindeling: JPG, RAW (dng)Videobestandsindelingen: MP4, LOGLenzen: 7,2 mm 35 m equivalentLive-streaming: NvtOpslag: MicroSD-slotGewicht: 125,3 gram\" \/>\n<meta property=\"og:url\" content=\"https:\/\/koningdrone.be\/fr\/produit\/insta360-one-rs-twin-cinrsgp-a\/\" \/>\n<meta property=\"og:site_name\" content=\"koningdrone.be\" \/>\n<meta property=\"article:modified_time\" content=\"2026-05-17T05:50:48+00:00\" \/>\n<meta property=\"og:image\" content=\"https:\/\/koningdrone.be\/wp-content\/uploads\/sites\/13\/2025\/04\/6970357852949-1.webp\" \/>\n\t<meta property=\"og:image:width\" content=\"350\" \/>\n\t<meta property=\"og:image:height\" content=\"350\" \/>\n\t<meta property=\"og:image:type\" content=\"image\/webp\" \/>\n<meta name=\"twitter:card\" content=\"summary_large_image\" \/>\n<meta name=\"twitter:label1\" content=\"Dur\u00e9e de lecture est.\" \/>\n\t<meta name=\"twitter:data1\" content=\"3 minutes\" \/>\n<script type=\"application\/ld+json\" class=\"yoast-schema-graph\">{\"@context\":\"https:\/\/schema.org\",\"@graph\":[{\"@type\":\"WebPage\",\"@id\":\"https:\/\/koningdrone.be\/product\/insta360-one-rs-twin-cinrsgp-a\/\",\"url\":\"https:\/\/koningdrone.be\/product\/insta360-one-rs-twin-cinrsgp-a\/\",\"name\":\"INSTA360 ONE RS Twin (CINRSGP\/A) - koningdrone.be\",\"isPartOf\":{\"@id\":\"https:\/\/koningdrone.be\/#website\"},\"primaryImageOfPage\":{\"@id\":\"https:\/\/koningdrone.be\/product\/insta360-one-rs-twin-cinrsgp-a\/#primaryimage\"},\"image\":{\"@id\":\"https:\/\/koningdrone.be\/product\/insta360-one-rs-twin-cinrsgp-a\/#primaryimage\"},\"thumbnailUrl\":\"https:\/\/koningdrone.be\/wp-content\/uploads\/sites\/13\/2025\/04\/6970357852949-1.webp\",\"datePublished\":\"2022-05-25T18:36:00+00:00\",\"dateModified\":\"2026-05-17T05:50:48+00:00\",\"breadcrumb\":{\"@id\":\"https:\/\/koningdrone.be\/product\/insta360-one-rs-twin-cinrsgp-a\/#breadcrumb\"},\"inLanguage\":\"fr-BE\",\"potentialAction\":[{\"@type\":\"ReadAction\",\"target\":[\"https:\/\/koningdrone.be\/product\/insta360-one-rs-twin-cinrsgp-a\/\"]}]},{\"@type\":\"ImageObject\",\"inLanguage\":\"fr-BE\",\"@id\":\"https:\/\/koningdrone.be\/product\/insta360-one-rs-twin-cinrsgp-a\/#primaryimage\",\"url\":\"https:\/\/koningdrone.be\/wp-content\/uploads\/sites\/13\/2025\/04\/6970357852949-1.webp\",\"contentUrl\":\"https:\/\/koningdrone.be\/wp-content\/uploads\/sites\/13\/2025\/04\/6970357852949-1.webp\",\"width\":350,\"height\":350},{\"@type\":\"BreadcrumbList\",\"@id\":\"https:\/\/koningdrone.be\/product\/insta360-one-rs-twin-cinrsgp-a\/#breadcrumb\",\"itemListElement\":[{\"@type\":\"ListItem\",\"position\":1,\"name\":\"Home\",\"item\":\"https:\/\/koningdrone.be\/\"},{\"@type\":\"ListItem\",\"position\":2,\"name\":\"AVSS Parachute Recovery System for DJI Matrice 300\/350\",\"item\":\"https:\/\/koningdrone.be\/product\/avss-parachute-recovery-system-for-dji-matrice-300-350\/\"},{\"@type\":\"ListItem\",\"position\":3,\"name\":\"Alle producten\",\"item\":\"https:\/\/koningdrone.be\/categorie\/alle-producten\/\"},{\"@type\":\"ListItem\",\"position\":4,\"name\":\"INSTA360 ONE RS Twin (CINRSGP\/A)\"}]},{\"@type\":\"WebSite\",\"@id\":\"https:\/\/koningdrone.be\/#website\",\"url\":\"https:\/\/koningdrone.be\/\",\"name\":\"Koningdrone.be - Uw online specialist in drones, gimbals, camera's en power stations.\",\"description\":\"De webshop in drones en gimbals\",\"publisher\":{\"@id\":\"https:\/\/koningdrone.be\/#organization\"},\"potentialAction\":[{\"@type\":\"SearchAction\",\"target\":{\"@type\":\"EntryPoint\",\"urlTemplate\":\"https:\/\/koningdrone.be\/?s={search_term_string}\"},\"query-input\":{\"@type\":\"PropertyValueSpecification\",\"valueRequired\":true,\"valueName\":\"search_term_string\"}}],\"inLanguage\":\"fr-BE\"},{\"@type\":\"Organization\",\"@id\":\"https:\/\/koningdrone.be\/#organization\",\"name\":\"Koningdrone.be\",\"url\":\"https:\/\/koningdrone.be\/\",\"logo\":{\"@type\":\"ImageObject\",\"inLanguage\":\"fr-BE\",\"@id\":\"https:\/\/koningdrone.be\/#\/schema\/logo\/image\/\",\"url\":\"https:\/\/koningdrone.be\/wp-content\/uploads\/sites\/13\/2025\/04\/koningdrone-copyright-logo.svg\",\"contentUrl\":\"https:\/\/koningdrone.be\/wp-content\/uploads\/sites\/13\/2025\/04\/koningdrone-copyright-logo.svg\",\"width\":227,\"height\":38,\"caption\":\"Koningdrone.be\"},\"image\":{\"@id\":\"https:\/\/koningdrone.be\/#\/schema\/logo\/image\/\"}}]}<\/script>\n<!-- \/ Yoast SEO Premium plugin. -->","yoast_head_json":{"title":"INSTA360 ONE RS Twin (CINRSGP\/A) - koningdrone.be","robots":{"index":"index","follow":"follow","max-snippet":"max-snippet:-1","max-image-preview":"max-image-preview:large","max-video-preview":"max-video-preview:-1"},"canonical":"https:\/\/koningdrone.be\/fr\/produit\/insta360-one-rs-twin-cinrsgp-a\/","og_locale":"fr_FR","og_type":"article","og_title":"INSTA360 ONE RS Twin (CINRSGP\/A)","og_description":"Videoresolutie: 6016x2560@25\/24fps (onder 6K breedbeeldmodus), 4000x3000@24\/25\/30fps, 3840x2160@24\/25\/30\/50\/60fps, 2720x1530@24\/25\/30\/60\/100fps, 1920x1080@24 \/25\/30\/60\/120\/200 fpsFotoresoluties: 8000x6000 (4:3), 8000x4500 (16:9), 4000x3000 (4:3), 4000x2250 (16:9Fotobestandsindeling: JPG, RAW (dng)Videobestandsindelingen: MP4, LOGLenzen: 7,2 mm 35 m equivalentLive-streaming: NvtOpslag: MicroSD-slotGewicht: 125,3 gram","og_url":"https:\/\/koningdrone.be\/fr\/produit\/insta360-one-rs-twin-cinrsgp-a\/","og_site_name":"koningdrone.be","article_modified_time":"2026-05-17T05:50:48+00:00","og_image":[{"width":350,"height":350,"url":"https:\/\/koningdrone.be\/wp-content\/uploads\/sites\/13\/2025\/04\/6970357852949-1.webp","type":"image\/webp"}],"twitter_card":"summary_large_image","twitter_misc":{"Dur\u00e9e de lecture est.":"3 minutes"},"schema":{"@context":"https:\/\/schema.org","@graph":[{"@type":"WebPage","@id":"https:\/\/koningdrone.be\/product\/insta360-one-rs-twin-cinrsgp-a\/","url":"https:\/\/koningdrone.be\/product\/insta360-one-rs-twin-cinrsgp-a\/","name":"INSTA360 ONE RS Twin (CINRSGP\/A) - koningdrone.be","isPartOf":{"@id":"https:\/\/koningdrone.be\/#website"},"primaryImageOfPage":{"@id":"https:\/\/koningdrone.be\/product\/insta360-one-rs-twin-cinrsgp-a\/#primaryimage"},"image":{"@id":"https:\/\/koningdrone.be\/product\/insta360-one-rs-twin-cinrsgp-a\/#primaryimage"},"thumbnailUrl":"https:\/\/koningdrone.be\/wp-content\/uploads\/sites\/13\/2025\/04\/6970357852949-1.webp","datePublished":"2022-05-25T18:36:00+00:00","dateModified":"2026-05-17T05:50:48+00:00","breadcrumb":{"@id":"https:\/\/koningdrone.be\/product\/insta360-one-rs-twin-cinrsgp-a\/#breadcrumb"},"inLanguage":"fr-BE","potentialAction":[{"@type":"ReadAction","target":["https:\/\/koningdrone.be\/product\/insta360-one-rs-twin-cinrsgp-a\/"]}]},{"@type":"ImageObject","inLanguage":"fr-BE","@id":"https:\/\/koningdrone.be\/product\/insta360-one-rs-twin-cinrsgp-a\/#primaryimage","url":"https:\/\/koningdrone.be\/wp-content\/uploads\/sites\/13\/2025\/04\/6970357852949-1.webp","contentUrl":"https:\/\/koningdrone.be\/wp-content\/uploads\/sites\/13\/2025\/04\/6970357852949-1.webp","width":350,"height":350},{"@type":"BreadcrumbList","@id":"https:\/\/koningdrone.be\/product\/insta360-one-rs-twin-cinrsgp-a\/#breadcrumb","itemListElement":[{"@type":"ListItem","position":1,"name":"Home","item":"https:\/\/koningdrone.be\/"},{"@type":"ListItem","position":2,"name":"AVSS Parachute Recovery System for DJI Matrice 300\/350","item":"https:\/\/koningdrone.be\/product\/avss-parachute-recovery-system-for-dji-matrice-300-350\/"},{"@type":"ListItem","position":3,"name":"Alle producten","item":"https:\/\/koningdrone.be\/categorie\/alle-producten\/"},{"@type":"ListItem","position":4,"name":"INSTA360 ONE RS Twin (CINRSGP\/A)"}]},{"@type":"WebSite","@id":"https:\/\/koningdrone.be\/#website","url":"https:\/\/koningdrone.be\/","name":"Koningdrone.be - Votre sp\u00e9cialiste en ligne en mati\u00e8re de drones, de cardans, de cam\u00e9ras et de centrales \u00e9lectriques.","description":"La boutique en ligne de drones et de cardans","publisher":{"@id":"https:\/\/koningdrone.be\/#organization"},"potentialAction":[{"@type":"SearchAction","target":{"@type":"EntryPoint","urlTemplate":"https:\/\/koningdrone.be\/?s={search_term_string}"},"query-input":{"@type":"PropertyValueSpecification","valueRequired":true,"valueName":"search_term_string"}}],"inLanguage":"fr-BE"},{"@type":"Organization","@id":"https:\/\/koningdrone.be\/#organization","name":"Kingdrone.co.uk","url":"https:\/\/koningdrone.be\/","logo":{"@type":"ImageObject","inLanguage":"fr-BE","@id":"https:\/\/koningdrone.be\/#\/schema\/logo\/image\/","url":"https:\/\/koningdrone.be\/wp-content\/uploads\/sites\/13\/2025\/04\/koningdrone-copyright-logo.svg","contentUrl":"https:\/\/koningdrone.be\/wp-content\/uploads\/sites\/13\/2025\/04\/koningdrone-copyright-logo.svg","width":227,"height":38,"caption":"Koningdrone.be"},"image":{"@id":"https:\/\/koningdrone.be\/#\/schema\/logo\/image\/"}}]}},"df_price":"","df_sale_price":"","df_regular_price":"","df_image_link":"https:\/\/koningdrone.be\/wp-content\/uploads\/sites\/13\/2025\/04\/6970357852949-1-300x300.webp","_links":{"self":[{"href":"https:\/\/koningdrone.be\/fr\/wp-json\/wp\/v2\/product\/5958","targetHints":{"allow":["GET"]}}],"collection":[{"href":"https:\/\/koningdrone.be\/fr\/wp-json\/wp\/v2\/product"}],"about":[{"href":"https:\/\/koningdrone.be\/fr\/wp-json\/wp\/v2\/types\/product"}],"wp:featuredmedia":[{"embeddable":true,"href":"https:\/\/koningdrone.be\/fr\/wp-json\/wp\/v2\/media\/5956"}],"wp:attachment":[{"href":"https:\/\/koningdrone.be\/fr\/wp-json\/wp\/v2\/media?parent=5958"}],"wp:term":[{"taxonomy":"product_brand","embeddable":true,"href":"https:\/\/koningdrone.be\/fr\/wp-json\/wp\/v2\/product_brand?post=5958"},{"taxonomy":"product_cat","embeddable":true,"href":"https:\/\/koningdrone.be\/fr\/wp-json\/wp\/v2\/product_cat?post=5958"},{"taxonomy":"product_tag","embeddable":true,"href":"https:\/\/koningdrone.be\/fr\/wp-json\/wp\/v2\/product_tag?post=5958"}],"curies":[{"name":"wp","href":"https:\/\/api.w.org\/{rel}","templated":true}]}}