{"id":5955,"date":"2022-05-25T20:36:00","date_gmt":"2022-05-25T18:36:00","guid":{"rendered":"https:\/\/koningdrone.nl\/kon\/product\/insta360-one-rs-1-inch-cinrsgp-b\/"},"modified":"2026-05-17T07:50:49","modified_gmt":"2026-05-17T05:50:49","slug":"insta360-one-rs-1-inch-cinrsgp-b","status":"publish","type":"product","link":"https:\/\/koningdrone.be\/fr\/produit\/insta360-one-rs-1-inch-cinrsgp-b\/","title":{"rendered":"INSTA360 ONE RS 1 pouce (CINRSGP\/B)"},"content":{"rendered":"<h1>   Insta360 One RS 1-Inch (CINRSGP\/B) <\/h1>\n<p>Insta360 ONE RS \u00e9dition 1 pouce \u00e9dition 1 pouce<br \/>Insta360 est connue pour fabriquer certaines des meilleures cam\u00e9ras d'action disponibles \u00e0 ce jour et sa nouvelle Insta360 ONE RS 1-Inch Edition 1-Inch Edition ne d\u00e9roge pas \u00e0 la r\u00e8gle. Avec un nouveau noyau RS qui offre une meilleure stabilisation dans la cam\u00e9ra, un son clair et bien plus encore. L'\u00e9dition 1 pouce poss\u00e8de le plus grand capteur d'image de toutes les cam\u00e9ras d'action, id\u00e9al pour les aventuriers qui veulent capturer plus d'action. L'Insta360 One RS est \u00e9galement disponible dans une \u00e9dition Boosted 4K et une \u00e9dition Twin 360 ou le Starter Kit.<br \/>\u00a0 <br \/><strong> Conception en trois parties<br \/><strong> <br \/>L'Insta360 ONE RS 1-Inch Edition utilise un design en trois parties pour offrir l'objectif interchangeable le plus polyvalent au monde. Capable de passer d'une cam\u00e9ra 360 \u00e0 une cam\u00e9ra grand angle, vous pouvez faire l'exp\u00e9rience d'une v\u00e9ritable flexibilit\u00e9. Le nouveau noyau RS vous permet de profiter de cette flexibilit\u00e9 accrue sans compromettre la stabilisation de la cam\u00e9ra ou l'audio.<br \/><strong> Nouveau ONE RS 1-Inch Edition Core<\/strong> <br \/>La ONE RS 1-Inch Edition am\u00e9liore les bases des cam\u00e9ras d'action pr\u00e9c\u00e9dentes et est con\u00e7ue avec un nouveau noyau. Les performances globales sont am\u00e9lior\u00e9es, ce qui permet une meilleure stabilisation de la cam\u00e9ra et un son plus clair.<br \/>\u00a0 <br \/> Objectif grand angle de 1 pouce<br \/>L'Insta360 ONE RS 1-inch Edition a \u00e9t\u00e9 co-d\u00e9velopp\u00e9e avec Leica. Gr\u00e2ce \u00e0 leur expertise combin\u00e9e, Insta360 a cr\u00e9\u00e9 un objectif grand angle de 1 pouce avec le plus grand capteur d'image de toutes les cam\u00e9ras d'action.<br \/>\u00a0 <br \/> Images grand angle de 5,3K<br \/>Gr\u00e2ce au nouvel objectif grand angle de 1 pouce, vous pouvez prendre des photos grand angle 5,3K avec des d\u00e9tails pr\u00e9cis et des couleurs r\u00e9alistes. Profitez d'une qualit\u00e9 exceptionnelle, m\u00eame en cas de faible luminosit\u00e9.<br \/>\u00a0 <br \/>Protections de lentilles int\u00e9gr\u00e9es<br \/>Les lunettes RS sont con\u00e7ues pour une utilisation \u00e0 long terme. En combinant la construction g\u00e9n\u00e9rale avec les protections de lentilles int\u00e9gr\u00e9es, la RS est s\u00fbre de r\u00e9sister \u00e0 toutes les conditions.<br \/>\u00a0 <br \/>Support de montage am\u00e9lior\u00e9<br \/>Pour une stabilit\u00e9 accrue lorsque vous \u00eates au c\u0153ur de l'action, le ONE RS 1-Inch Edition est dot\u00e9 d'un support de montage am\u00e9lior\u00e9. Il est id\u00e9al pour garder votre ONE RS 1-Inch Edition en s\u00e9curit\u00e9 pendant l'utilisation.<br \/>\u00a0 <br \/>D\u00e9blocage rapide<br \/>Le syst\u00e8me de fixation rapide vous permet de changer rapidement d'objectif. Id\u00e9al lorsque vous \u00eates au c\u0153ur de l'action. Il suffit d'appuyer sur le bouton pour ouvrir le support et changer d'objectif.<br \/>\u00a0 <br \/>Dissipation de la chaleur<br \/>Enregistrez et prenez des photos plus longtemps gr\u00e2ce \u00e0 la conception de dissipation de la chaleur de l'Insta360 ONE RS 1-Inch Edition. L'Insta360 ONE RS reste ainsi plus longtemps au frais, ce qui vous permet de capturer des images de qualit\u00e9 professionnelle.<br \/>\u00a0 <br \/>Housse de microphone coupe-vent<br \/>Profitez d'un son am\u00e9lior\u00e9 avec le ONE RS 1-Inch Edition gr\u00e2ce \u00e0 la combinaison du nouveau noyau RS et de la housse de micro coupe-vent. Il bloque les vents violents et emp\u00eache les bruits ind\u00e9sirables d'\u00eatre capt\u00e9s dans votre vid\u00e9o.<br \/>\u00a0 <br \/>Batterie de plus grande capacit\u00e9<br \/>Gr\u00e2ce \u00e0 son nouveau noyau RS et \u00e0 sa conception am\u00e9lior\u00e9e de dissipation de la chaleur, le ONE RS 1-Inch Edition dispose d'une capacit\u00e9 de batterie plus \u00e9lev\u00e9e, ce qui vous permet de filmer plus longtemps sans interruption.<br \/>\u00a0 <br \/>Stabilisation de l'\u00e9tat des flux<br \/>La nouvelle ONE RS 1-Inch Edition offre une stabilisation de l'image sans effort et un nivellement de l'horizon \u00e0 360\u00b0, quel que soit l'objectif utilis\u00e9. La stabilisation FlowState int\u00e9gr\u00e9e \u00e0 l'appareil photo est d\u00e9sormais propos\u00e9e avec les objectifs grand angle.<br \/>\u00a0 <br \/>4K 60 fps avec statut d'alimentation<br \/>Gr\u00e2ce au puissant noyau ONE RS, vous pouvez d\u00e9sormais capturer des s\u00e9quences au ralenti en 4K 60 images\/seconde avec tous les objectifs grand angle nouveaux et existants dans l'appareil photo en mode de stabilisation FlowState.<br \/>\u00a0 <br \/>Un son plus net<br \/>Gr\u00e2ce \u00e0 une conception am\u00e9lior\u00e9e avec trois microphones, vous pouvez capturer le son que vous souhaitez. L'algorithme de r\u00e9duction du bruit du vent permet de r\u00e9duire et d'\u00e9liminer les bruits ind\u00e9sirables.<br \/>\u00a0 <br \/>Construit pour l'action<br \/>Insta360 est connue pour ses cam\u00e9ras d'action con\u00e7ues pour l'aventure et le design robuste de la ONE RS 1-Inch Edition n'est pas diff\u00e9rent. La RS est \u00e9tanche jusqu'\u00e0 10 m\u00e8tres, ce qui vous permet d'immerger bri\u00e8vement votre cam\u00e9ra d'action dans l'eau jusqu'\u00e0 10 m\u00e8tres sans vous inqui\u00e9ter.<\/strong><\/strong><\/p>","protected":false},"excerpt":{"rendered":"<ul>\n<li>New One RS Core<\/li>\n<li>Stabilisation de l'\u00e9tat des flux<\/li>\n<li>Un son plus net<\/li>\n<li>Construit pour l'action<\/li>\n<li>USB type C<\/li>\n<\/ul>","protected":false},"featured_media":5954,"template":"","meta":{"_acf_changed":false},"product_brand":[],"product_cat":[97,343],"product_tag":[],"class_list":{"0":"post-5955","1":"product","2":"type-product","3":"status-publish","4":"has-post-thumbnail","6":"product_cat-alle-producten","7":"product_cat-insta360","8":"product_shipping_class-outofstock","9":"pa_brand-insta360","10":"pa_series-insta360-go","12":"first","13":"outofstock","14":"taxable","15":"shipping-taxable","16":"product-type-simple"},"acf":[],"yoast_head":"<!-- This site is optimized with the Yoast SEO Premium plugin v27.2 (Yoast SEO v27.2) - https:\/\/yoast.com\/product\/yoast-seo-premium-wordpress\/ -->\n<title>INSTA360 ONE RS 1-Inch (CINRSGP\/B) - koningdrone.be<\/title>\n<meta name=\"robots\" content=\"index, follow, max-snippet:-1, max-image-preview:large, max-video-preview:-1\" \/>\n<link rel=\"canonical\" href=\"https:\/\/koningdrone.be\/fr\/produit\/insta360-one-rs-1-inch-cinrsgp-b\/\" \/>\n<meta property=\"og:locale\" content=\"fr_FR\" \/>\n<meta property=\"og:type\" content=\"article\" \/>\n<meta property=\"og:title\" content=\"INSTA360 ONE RS 1-Inch (CINRSGP\/B)\" \/>\n<meta property=\"og:description\" content=\"Nieuwe Een RS CoreFlowState StabilisatieScherpere audioGebouwd voor actieUSB-type C\" \/>\n<meta property=\"og:url\" content=\"https:\/\/koningdrone.be\/fr\/produit\/insta360-one-rs-1-inch-cinrsgp-b\/\" \/>\n<meta property=\"og:site_name\" content=\"koningdrone.be\" \/>\n<meta property=\"article:modified_time\" content=\"2026-05-17T05:50:49+00:00\" \/>\n<meta property=\"og:image\" content=\"https:\/\/koningdrone.be\/wp-content\/uploads\/sites\/13\/2025\/04\/6970357852987-1.jpg\" \/>\n\t<meta property=\"og:image:width\" content=\"600\" \/>\n\t<meta property=\"og:image:height\" content=\"600\" \/>\n\t<meta property=\"og:image:type\" content=\"image\/jpeg\" \/>\n<meta name=\"twitter:card\" content=\"summary_large_image\" \/>\n<meta name=\"twitter:label1\" content=\"Dur\u00e9e de lecture est.\" \/>\n\t<meta name=\"twitter:data1\" content=\"3 minutes\" \/>\n<script type=\"application\/ld+json\" class=\"yoast-schema-graph\">{\"@context\":\"https:\/\/schema.org\",\"@graph\":[{\"@type\":\"WebPage\",\"@id\":\"https:\/\/koningdrone.be\/product\/insta360-one-rs-1-inch-cinrsgp-b\/\",\"url\":\"https:\/\/koningdrone.be\/product\/insta360-one-rs-1-inch-cinrsgp-b\/\",\"name\":\"INSTA360 ONE RS 1-Inch (CINRSGP\/B) - koningdrone.be\",\"isPartOf\":{\"@id\":\"https:\/\/koningdrone.be\/#website\"},\"primaryImageOfPage\":{\"@id\":\"https:\/\/koningdrone.be\/product\/insta360-one-rs-1-inch-cinrsgp-b\/#primaryimage\"},\"image\":{\"@id\":\"https:\/\/koningdrone.be\/product\/insta360-one-rs-1-inch-cinrsgp-b\/#primaryimage\"},\"thumbnailUrl\":\"https:\/\/koningdrone.be\/wp-content\/uploads\/sites\/13\/2025\/04\/6970357852987-1.jpg\",\"datePublished\":\"2022-05-25T18:36:00+00:00\",\"dateModified\":\"2026-05-17T05:50:49+00:00\",\"breadcrumb\":{\"@id\":\"https:\/\/koningdrone.be\/product\/insta360-one-rs-1-inch-cinrsgp-b\/#breadcrumb\"},\"inLanguage\":\"fr-BE\",\"potentialAction\":[{\"@type\":\"ReadAction\",\"target\":[\"https:\/\/koningdrone.be\/product\/insta360-one-rs-1-inch-cinrsgp-b\/\"]}]},{\"@type\":\"ImageObject\",\"inLanguage\":\"fr-BE\",\"@id\":\"https:\/\/koningdrone.be\/product\/insta360-one-rs-1-inch-cinrsgp-b\/#primaryimage\",\"url\":\"https:\/\/koningdrone.be\/wp-content\/uploads\/sites\/13\/2025\/04\/6970357852987-1.jpg\",\"contentUrl\":\"https:\/\/koningdrone.be\/wp-content\/uploads\/sites\/13\/2025\/04\/6970357852987-1.jpg\",\"width\":600,\"height\":600},{\"@type\":\"BreadcrumbList\",\"@id\":\"https:\/\/koningdrone.be\/product\/insta360-one-rs-1-inch-cinrsgp-b\/#breadcrumb\",\"itemListElement\":[{\"@type\":\"ListItem\",\"position\":1,\"name\":\"Home\",\"item\":\"https:\/\/koningdrone.be\/\"},{\"@type\":\"ListItem\",\"position\":2,\"name\":\"AVSS Parachute Recovery System for DJI Matrice 300\/350\",\"item\":\"https:\/\/koningdrone.be\/product\/avss-parachute-recovery-system-for-dji-matrice-300-350\/\"},{\"@type\":\"ListItem\",\"position\":3,\"name\":\"Alle producten\",\"item\":\"https:\/\/koningdrone.be\/categorie\/alle-producten\/\"},{\"@type\":\"ListItem\",\"position\":4,\"name\":\"INSTA360 ONE RS 1-Inch (CINRSGP\/B)\"}]},{\"@type\":\"WebSite\",\"@id\":\"https:\/\/koningdrone.be\/#website\",\"url\":\"https:\/\/koningdrone.be\/\",\"name\":\"Koningdrone.be - Uw online specialist in drones, gimbals, camera's en power stations.\",\"description\":\"De webshop in drones en gimbals\",\"publisher\":{\"@id\":\"https:\/\/koningdrone.be\/#organization\"},\"potentialAction\":[{\"@type\":\"SearchAction\",\"target\":{\"@type\":\"EntryPoint\",\"urlTemplate\":\"https:\/\/koningdrone.be\/?s={search_term_string}\"},\"query-input\":{\"@type\":\"PropertyValueSpecification\",\"valueRequired\":true,\"valueName\":\"search_term_string\"}}],\"inLanguage\":\"fr-BE\"},{\"@type\":\"Organization\",\"@id\":\"https:\/\/koningdrone.be\/#organization\",\"name\":\"Koningdrone.be\",\"url\":\"https:\/\/koningdrone.be\/\",\"logo\":{\"@type\":\"ImageObject\",\"inLanguage\":\"fr-BE\",\"@id\":\"https:\/\/koningdrone.be\/#\/schema\/logo\/image\/\",\"url\":\"https:\/\/koningdrone.be\/wp-content\/uploads\/sites\/13\/2025\/04\/koningdrone-copyright-logo.svg\",\"contentUrl\":\"https:\/\/koningdrone.be\/wp-content\/uploads\/sites\/13\/2025\/04\/koningdrone-copyright-logo.svg\",\"width\":227,\"height\":38,\"caption\":\"Koningdrone.be\"},\"image\":{\"@id\":\"https:\/\/koningdrone.be\/#\/schema\/logo\/image\/\"}}]}<\/script>\n<!-- \/ Yoast SEO Premium plugin. -->","yoast_head_json":{"title":"INSTA360 ONE RS 1-Inch (CINRSGP\/B) - koningdrone.be","robots":{"index":"index","follow":"follow","max-snippet":"max-snippet:-1","max-image-preview":"max-image-preview:large","max-video-preview":"max-video-preview:-1"},"canonical":"https:\/\/koningdrone.be\/fr\/produit\/insta360-one-rs-1-inch-cinrsgp-b\/","og_locale":"fr_FR","og_type":"article","og_title":"INSTA360 ONE RS 1-Inch (CINRSGP\/B)","og_description":"Nieuwe Een RS CoreFlowState StabilisatieScherpere audioGebouwd voor actieUSB-type C","og_url":"https:\/\/koningdrone.be\/fr\/produit\/insta360-one-rs-1-inch-cinrsgp-b\/","og_site_name":"koningdrone.be","article_modified_time":"2026-05-17T05:50:49+00:00","og_image":[{"width":600,"height":600,"url":"https:\/\/koningdrone.be\/wp-content\/uploads\/sites\/13\/2025\/04\/6970357852987-1.jpg","type":"image\/jpeg"}],"twitter_card":"summary_large_image","twitter_misc":{"Dur\u00e9e de lecture est.":"3 minutes"},"schema":{"@context":"https:\/\/schema.org","@graph":[{"@type":"WebPage","@id":"https:\/\/koningdrone.be\/product\/insta360-one-rs-1-inch-cinrsgp-b\/","url":"https:\/\/koningdrone.be\/product\/insta360-one-rs-1-inch-cinrsgp-b\/","name":"INSTA360 ONE RS 1-Inch (CINRSGP\/B) - koningdrone.be","isPartOf":{"@id":"https:\/\/koningdrone.be\/#website"},"primaryImageOfPage":{"@id":"https:\/\/koningdrone.be\/product\/insta360-one-rs-1-inch-cinrsgp-b\/#primaryimage"},"image":{"@id":"https:\/\/koningdrone.be\/product\/insta360-one-rs-1-inch-cinrsgp-b\/#primaryimage"},"thumbnailUrl":"https:\/\/koningdrone.be\/wp-content\/uploads\/sites\/13\/2025\/04\/6970357852987-1.jpg","datePublished":"2022-05-25T18:36:00+00:00","dateModified":"2026-05-17T05:50:49+00:00","breadcrumb":{"@id":"https:\/\/koningdrone.be\/product\/insta360-one-rs-1-inch-cinrsgp-b\/#breadcrumb"},"inLanguage":"fr-BE","potentialAction":[{"@type":"ReadAction","target":["https:\/\/koningdrone.be\/product\/insta360-one-rs-1-inch-cinrsgp-b\/"]}]},{"@type":"ImageObject","inLanguage":"fr-BE","@id":"https:\/\/koningdrone.be\/product\/insta360-one-rs-1-inch-cinrsgp-b\/#primaryimage","url":"https:\/\/koningdrone.be\/wp-content\/uploads\/sites\/13\/2025\/04\/6970357852987-1.jpg","contentUrl":"https:\/\/koningdrone.be\/wp-content\/uploads\/sites\/13\/2025\/04\/6970357852987-1.jpg","width":600,"height":600},{"@type":"BreadcrumbList","@id":"https:\/\/koningdrone.be\/product\/insta360-one-rs-1-inch-cinrsgp-b\/#breadcrumb","itemListElement":[{"@type":"ListItem","position":1,"name":"Home","item":"https:\/\/koningdrone.be\/"},{"@type":"ListItem","position":2,"name":"AVSS Parachute Recovery System for DJI Matrice 300\/350","item":"https:\/\/koningdrone.be\/product\/avss-parachute-recovery-system-for-dji-matrice-300-350\/"},{"@type":"ListItem","position":3,"name":"Alle producten","item":"https:\/\/koningdrone.be\/categorie\/alle-producten\/"},{"@type":"ListItem","position":4,"name":"INSTA360 ONE RS 1-Inch (CINRSGP\/B)"}]},{"@type":"WebSite","@id":"https:\/\/koningdrone.be\/#website","url":"https:\/\/koningdrone.be\/","name":"Koningdrone.be - Votre sp\u00e9cialiste en ligne en mati\u00e8re de drones, de cardans, de cam\u00e9ras et de centrales \u00e9lectriques.","description":"La boutique en ligne de drones et de cardans","publisher":{"@id":"https:\/\/koningdrone.be\/#organization"},"potentialAction":[{"@type":"SearchAction","target":{"@type":"EntryPoint","urlTemplate":"https:\/\/koningdrone.be\/?s={search_term_string}"},"query-input":{"@type":"PropertyValueSpecification","valueRequired":true,"valueName":"search_term_string"}}],"inLanguage":"fr-BE"},{"@type":"Organization","@id":"https:\/\/koningdrone.be\/#organization","name":"Kingdrone.co.uk","url":"https:\/\/koningdrone.be\/","logo":{"@type":"ImageObject","inLanguage":"fr-BE","@id":"https:\/\/koningdrone.be\/#\/schema\/logo\/image\/","url":"https:\/\/koningdrone.be\/wp-content\/uploads\/sites\/13\/2025\/04\/koningdrone-copyright-logo.svg","contentUrl":"https:\/\/koningdrone.be\/wp-content\/uploads\/sites\/13\/2025\/04\/koningdrone-copyright-logo.svg","width":227,"height":38,"caption":"Koningdrone.be"},"image":{"@id":"https:\/\/koningdrone.be\/#\/schema\/logo\/image\/"}}]}},"df_price":"","df_sale_price":"","df_regular_price":"","df_image_link":"https:\/\/koningdrone.be\/wp-content\/uploads\/sites\/13\/2025\/04\/6970357852987-1-300x300.jpg","_links":{"self":[{"href":"https:\/\/koningdrone.be\/fr\/wp-json\/wp\/v2\/product\/5955","targetHints":{"allow":["GET"]}}],"collection":[{"href":"https:\/\/koningdrone.be\/fr\/wp-json\/wp\/v2\/product"}],"about":[{"href":"https:\/\/koningdrone.be\/fr\/wp-json\/wp\/v2\/types\/product"}],"wp:featuredmedia":[{"embeddable":true,"href":"https:\/\/koningdrone.be\/fr\/wp-json\/wp\/v2\/media\/5954"}],"wp:attachment":[{"href":"https:\/\/koningdrone.be\/fr\/wp-json\/wp\/v2\/media?parent=5955"}],"wp:term":[{"taxonomy":"product_brand","embeddable":true,"href":"https:\/\/koningdrone.be\/fr\/wp-json\/wp\/v2\/product_brand?post=5955"},{"taxonomy":"product_cat","embeddable":true,"href":"https:\/\/koningdrone.be\/fr\/wp-json\/wp\/v2\/product_cat?post=5955"},{"taxonomy":"product_tag","embeddable":true,"href":"https:\/\/koningdrone.be\/fr\/wp-json\/wp\/v2\/product_tag?post=5955"}],"curies":[{"name":"wp","href":"https:\/\/api.w.org\/{rel}","templated":true}]}}