{"id":5953,"date":"2022-05-25T20:36:00","date_gmt":"2022-05-25T18:36:00","guid":{"rendered":"https:\/\/koningdrone.nl\/kon\/product\/insta360-one-rs-4k-cinrsgp-e\/"},"modified":"2026-05-17T07:50:52","modified_gmt":"2026-05-17T05:50:52","slug":"insta360-one-rs-4k-cinrsgp-e","status":"publish","type":"product","link":"https:\/\/koningdrone.be\/fr\/produit\/insta360-one-rs-4k-cinrsgp-e\/","title":{"rendered":"INSTA360 ONE RS 4K (CINRSGP\/E)"},"content":{"rendered":"<h1>   Insta360 One RS 4K (CINRSGP\/E) <\/h1>\n<p>La cam\u00e9ra d'action Insta360 One RS 4K est l'une des configurations cl\u00e9s du syst\u00e8me modulaire de cam\u00e9ras d'action ONE RS, et la ONE RS s'appuie sur la ONE R en offrant une transmission Wi-Fi plus rapide, trois microphones pour un son plus clair, une stabilisation FlowState mise \u00e0 jour et une batterie int\u00e9gr\u00e9e de 1445mAh qui a 21% de capacit\u00e9 en plus. Elle comprend un objectif 4K Boost, un c\u0153ur ONE RS, une base de batterie ONE RS et un support de montage ONE RS, \u00e9galement appel\u00e9 cadre. Les mises \u00e0 jour comprennent \u00e9galement le traitement de la stabilisation interne, la r\u00e9duction du bruit audio et un support de montage facile \u00e0 utiliser.<br \/>\u00a0 <br \/><strong> Principales caract\u00e9ristiques de la cam\u00e9ra d'action Insta360 One RS 4K :<\/strong> <br \/>Module central avec \u00e9cran tactile de visualisation en direct, r\u00e9versible pour les prises de vue de type selfie\/vlog.<br \/>Des photos de 19 MP dans les formats 3:2 et 16:9, et des photos de 48MP.<br \/>Vid\u00e9o grand \u00e9cran jusqu'\u00e0 6K, format 2:35:1.<br \/>La batterie int\u00e9gr\u00e9e de 1445 mAh a une capacit\u00e9 sup\u00e9rieure de 21% \u00e0 celle du ONE R.<br \/>Support de montage avec fixation \u00e0 3 broches.<br \/>\u00c9tanch\u00e9it\u00e9 jusqu'\u00e0 4,9 m avec le module Core.<br \/>50% : transmission Wi-Fi plus rapide.<br \/>Mode Starlapse, Color Plus, Night Shot, Slow-Mo, HDR Photo, Voice Control et autres fonctions cr\u00e9atives via le compagnon.<br \/>Application iOS\/Android.<br \/>Prise en charge audio am\u00e9lior\u00e9e gr\u00e2ce \u00e0 trois microphones avec am\u00e9lioration directionnelle et r\u00e9duction du vent.<br \/>Caract\u00e9ristiques de l'application<br \/>\u00c9dition automatique<br \/>D'une simple pression sur le bouton \"FlashCut\", l'application ONE RS iOS\/Android analyse vos s\u00e9quences \u00e0 l'aide de la reconnaissance d'images par IA, les d\u00e9coupe et les combine en une histoire. Vous pouvez ensuite modifier le r\u00e9sultat ou l'exporter imm\u00e9diatement.<br \/>Suivi et commande vocale<br \/>Point-to-track vous permet de suivre votre sujet sur 360\u00b0 sans jamais toucher \u00e0 votre appareil photo ni modifier quoi que ce soit. Il vous suffit de pointer votre appareil photo vers votre sujet et de dire : \" Mettez-le en \u00e9vidence \". La ONE RS capte votre voix et suit votre cible. M\u00eame si la cible dispara\u00eet derri\u00e8re un obstacle, la ONE RS reprend le suivi d\u00e8s que le sujet est \u00e0 nouveau visible. La commande vocale vous permet \u00e9galement de d\u00e9marrer\/arr\u00eater l'enregistrement et de prendre des photos.<br \/>Chute d'\u00e9toiles<br \/>Capturez les tra\u00een\u00e9es de lumi\u00e8re des \u00e9toiles dans le ciel de mani\u00e8re chronologique.<br \/>Piste profonde 2.0<br \/>Gardez votre sujet centr\u00e9 dans le cadre.<br \/>Cadre de la cl\u00e9<br \/>Touchez les objets pour d\u00e9finir la perspective.<br \/>D\u00e9tection de la pose<br \/>Le ONE RS peut d\u00e9tecter votre posture jusqu'aux membres individuels et l'utiliser pour l'\u00e9dition. La fonction Stop-Motion en est un exemple. Lorsque cette fonction est s\u00e9lectionn\u00e9e, votre corps reste statique tandis que la vid\u00e9o change autour de vous.<br \/>Convivialit\u00e9 en cas de faible luminosit\u00e9<br \/>Des fonctionnalit\u00e9s telles que le mode nuit et le HDR vous permettent de prendre des vid\u00e9os et des photos dans des environnements sombres et difficiles \u00e0 \u00e9clairer.<br \/>Cadre automatique<br \/>Le ONE RS trouve la partie active de votre cadre et fait la mise au point pour vous.<br \/>FlashCut<br \/>Mod\u00e8les d'\u00e9dition automatique pour les vid\u00e9os grand angle.<br \/>Laboratoire de tir<br \/>Clones, hyperlapse, tonneaux et stop-motion avec IA int\u00e9gr\u00e9e.<\/p>","protected":false},"excerpt":{"rendered":"<ul>\n<li>Base de batterie et cadre \u00e9tanche de 5 m<\/li>\n<li>Un son plus net gr\u00e2ce \u00e0 3 microphones<\/li>\n<li>Vitesse Wi-Fi plus \u00e9lev\u00e9e, batterie plus grande<\/li>\n<li>Vid\u00e9o grand \u00e9cran jusqu'\u00e0 6K, format 2:35:1<\/li>\n<li>Photos 48MP<\/li>\n<li>Stabilisation de l'\u00e9tat des flux<\/li>\n<\/ul>","protected":false},"featured_media":5951,"template":"","meta":{"_acf_changed":false},"product_brand":[],"product_cat":[97,343],"product_tag":[],"class_list":{"0":"post-5953","1":"product","2":"type-product","3":"status-publish","4":"has-post-thumbnail","6":"product_cat-alle-producten","7":"product_cat-insta360","8":"product_shipping_class-outofstock","9":"pa_brand-insta360","10":"pa_series-insta360-go","12":"first","13":"outofstock","14":"taxable","15":"shipping-taxable","16":"product-type-simple"},"acf":[],"yoast_head":"<!-- This site is optimized with the Yoast SEO Premium plugin v27.2 (Yoast SEO v27.2) - https:\/\/yoast.com\/product\/yoast-seo-premium-wordpress\/ -->\n<title>INSTA360 ONE RS 4K (CINRSGP\/E) - koningdrone.be<\/title>\n<meta name=\"robots\" content=\"index, follow, max-snippet:-1, max-image-preview:large, max-video-preview:-1\" \/>\n<link rel=\"canonical\" href=\"https:\/\/koningdrone.be\/fr\/produit\/insta360-one-rs-4k-cinrsgp-e\/\" \/>\n<meta property=\"og:locale\" content=\"fr_FR\" \/>\n<meta property=\"og:type\" content=\"article\" \/>\n<meta property=\"og:title\" content=\"INSTA360 ONE RS 4K (CINRSGP\/E)\" \/>\n<meta property=\"og:description\" content=\"Batterijbasis &amp; 5m waterdicht frameScherpere audio met 3 microfoonsHogere wifi-snelheid, grotere batterijTot 6K breedbeeldvideo, 2:35:1 aspect48MP foto&#039;sFlowState Stabilisatie\" \/>\n<meta property=\"og:url\" content=\"https:\/\/koningdrone.be\/fr\/produit\/insta360-one-rs-4k-cinrsgp-e\/\" \/>\n<meta property=\"og:site_name\" content=\"koningdrone.be\" \/>\n<meta property=\"article:modified_time\" content=\"2026-05-17T05:50:52+00:00\" \/>\n<meta property=\"og:image\" content=\"https:\/\/koningdrone.be\/wp-content\/uploads\/sites\/13\/2025\/04\/6970357853335-1.webp\" \/>\n\t<meta property=\"og:image:width\" content=\"700\" \/>\n\t<meta property=\"og:image:height\" content=\"700\" \/>\n\t<meta property=\"og:image:type\" content=\"image\/webp\" \/>\n<meta name=\"twitter:card\" content=\"summary_large_image\" \/>\n<meta name=\"twitter:label1\" content=\"Dur\u00e9e de lecture est.\" \/>\n\t<meta name=\"twitter:data1\" content=\"2 minutes\" \/>\n<script type=\"application\/ld+json\" class=\"yoast-schema-graph\">{\"@context\":\"https:\/\/schema.org\",\"@graph\":[{\"@type\":\"WebPage\",\"@id\":\"https:\/\/koningdrone.be\/product\/insta360-one-rs-4k-cinrsgp-e\/\",\"url\":\"https:\/\/koningdrone.be\/product\/insta360-one-rs-4k-cinrsgp-e\/\",\"name\":\"INSTA360 ONE RS 4K (CINRSGP\/E) - koningdrone.be\",\"isPartOf\":{\"@id\":\"https:\/\/koningdrone.be\/#website\"},\"primaryImageOfPage\":{\"@id\":\"https:\/\/koningdrone.be\/product\/insta360-one-rs-4k-cinrsgp-e\/#primaryimage\"},\"image\":{\"@id\":\"https:\/\/koningdrone.be\/product\/insta360-one-rs-4k-cinrsgp-e\/#primaryimage\"},\"thumbnailUrl\":\"https:\/\/koningdrone.be\/wp-content\/uploads\/sites\/13\/2025\/04\/6970357853335-1.webp\",\"datePublished\":\"2022-05-25T18:36:00+00:00\",\"dateModified\":\"2026-05-17T05:50:52+00:00\",\"breadcrumb\":{\"@id\":\"https:\/\/koningdrone.be\/product\/insta360-one-rs-4k-cinrsgp-e\/#breadcrumb\"},\"inLanguage\":\"fr-BE\",\"potentialAction\":[{\"@type\":\"ReadAction\",\"target\":[\"https:\/\/koningdrone.be\/product\/insta360-one-rs-4k-cinrsgp-e\/\"]}]},{\"@type\":\"ImageObject\",\"inLanguage\":\"fr-BE\",\"@id\":\"https:\/\/koningdrone.be\/product\/insta360-one-rs-4k-cinrsgp-e\/#primaryimage\",\"url\":\"https:\/\/koningdrone.be\/wp-content\/uploads\/sites\/13\/2025\/04\/6970357853335-1.webp\",\"contentUrl\":\"https:\/\/koningdrone.be\/wp-content\/uploads\/sites\/13\/2025\/04\/6970357853335-1.webp\",\"width\":700,\"height\":700},{\"@type\":\"BreadcrumbList\",\"@id\":\"https:\/\/koningdrone.be\/product\/insta360-one-rs-4k-cinrsgp-e\/#breadcrumb\",\"itemListElement\":[{\"@type\":\"ListItem\",\"position\":1,\"name\":\"Home\",\"item\":\"https:\/\/koningdrone.be\/\"},{\"@type\":\"ListItem\",\"position\":2,\"name\":\"AVSS Parachute Recovery System for DJI Matrice 300\/350\",\"item\":\"https:\/\/koningdrone.be\/product\/avss-parachute-recovery-system-for-dji-matrice-300-350\/\"},{\"@type\":\"ListItem\",\"position\":3,\"name\":\"Alle producten\",\"item\":\"https:\/\/koningdrone.be\/categorie\/alle-producten\/\"},{\"@type\":\"ListItem\",\"position\":4,\"name\":\"INSTA360 ONE RS 4K (CINRSGP\/E)\"}]},{\"@type\":\"WebSite\",\"@id\":\"https:\/\/koningdrone.be\/#website\",\"url\":\"https:\/\/koningdrone.be\/\",\"name\":\"Koningdrone.be - Uw online specialist in drones, gimbals, camera's en power stations.\",\"description\":\"De webshop in drones en gimbals\",\"publisher\":{\"@id\":\"https:\/\/koningdrone.be\/#organization\"},\"potentialAction\":[{\"@type\":\"SearchAction\",\"target\":{\"@type\":\"EntryPoint\",\"urlTemplate\":\"https:\/\/koningdrone.be\/?s={search_term_string}\"},\"query-input\":{\"@type\":\"PropertyValueSpecification\",\"valueRequired\":true,\"valueName\":\"search_term_string\"}}],\"inLanguage\":\"fr-BE\"},{\"@type\":\"Organization\",\"@id\":\"https:\/\/koningdrone.be\/#organization\",\"name\":\"Koningdrone.be\",\"url\":\"https:\/\/koningdrone.be\/\",\"logo\":{\"@type\":\"ImageObject\",\"inLanguage\":\"fr-BE\",\"@id\":\"https:\/\/koningdrone.be\/#\/schema\/logo\/image\/\",\"url\":\"https:\/\/koningdrone.be\/wp-content\/uploads\/sites\/13\/2025\/04\/koningdrone-copyright-logo.svg\",\"contentUrl\":\"https:\/\/koningdrone.be\/wp-content\/uploads\/sites\/13\/2025\/04\/koningdrone-copyright-logo.svg\",\"width\":227,\"height\":38,\"caption\":\"Koningdrone.be\"},\"image\":{\"@id\":\"https:\/\/koningdrone.be\/#\/schema\/logo\/image\/\"}}]}<\/script>\n<!-- \/ Yoast SEO Premium plugin. -->","yoast_head_json":{"title":"INSTA360 ONE RS 4K (CINRSGP\/E) - koningdrone.be","robots":{"index":"index","follow":"follow","max-snippet":"max-snippet:-1","max-image-preview":"max-image-preview:large","max-video-preview":"max-video-preview:-1"},"canonical":"https:\/\/koningdrone.be\/fr\/produit\/insta360-one-rs-4k-cinrsgp-e\/","og_locale":"fr_FR","og_type":"article","og_title":"INSTA360 ONE RS 4K (CINRSGP\/E)","og_description":"Batterijbasis &amp; 5m waterdicht frameScherpere audio met 3 microfoonsHogere wifi-snelheid, grotere batterijTot 6K breedbeeldvideo, 2:35:1 aspect48MP foto'sFlowState Stabilisatie","og_url":"https:\/\/koningdrone.be\/fr\/produit\/insta360-one-rs-4k-cinrsgp-e\/","og_site_name":"koningdrone.be","article_modified_time":"2026-05-17T05:50:52+00:00","og_image":[{"width":700,"height":700,"url":"https:\/\/koningdrone.be\/wp-content\/uploads\/sites\/13\/2025\/04\/6970357853335-1.webp","type":"image\/webp"}],"twitter_card":"summary_large_image","twitter_misc":{"Dur\u00e9e de lecture est.":"2 minutes"},"schema":{"@context":"https:\/\/schema.org","@graph":[{"@type":"WebPage","@id":"https:\/\/koningdrone.be\/product\/insta360-one-rs-4k-cinrsgp-e\/","url":"https:\/\/koningdrone.be\/product\/insta360-one-rs-4k-cinrsgp-e\/","name":"INSTA360 ONE RS 4K (CINRSGP\/E) - koningdrone.be","isPartOf":{"@id":"https:\/\/koningdrone.be\/#website"},"primaryImageOfPage":{"@id":"https:\/\/koningdrone.be\/product\/insta360-one-rs-4k-cinrsgp-e\/#primaryimage"},"image":{"@id":"https:\/\/koningdrone.be\/product\/insta360-one-rs-4k-cinrsgp-e\/#primaryimage"},"thumbnailUrl":"https:\/\/koningdrone.be\/wp-content\/uploads\/sites\/13\/2025\/04\/6970357853335-1.webp","datePublished":"2022-05-25T18:36:00+00:00","dateModified":"2026-05-17T05:50:52+00:00","breadcrumb":{"@id":"https:\/\/koningdrone.be\/product\/insta360-one-rs-4k-cinrsgp-e\/#breadcrumb"},"inLanguage":"fr-BE","potentialAction":[{"@type":"ReadAction","target":["https:\/\/koningdrone.be\/product\/insta360-one-rs-4k-cinrsgp-e\/"]}]},{"@type":"ImageObject","inLanguage":"fr-BE","@id":"https:\/\/koningdrone.be\/product\/insta360-one-rs-4k-cinrsgp-e\/#primaryimage","url":"https:\/\/koningdrone.be\/wp-content\/uploads\/sites\/13\/2025\/04\/6970357853335-1.webp","contentUrl":"https:\/\/koningdrone.be\/wp-content\/uploads\/sites\/13\/2025\/04\/6970357853335-1.webp","width":700,"height":700},{"@type":"BreadcrumbList","@id":"https:\/\/koningdrone.be\/product\/insta360-one-rs-4k-cinrsgp-e\/#breadcrumb","itemListElement":[{"@type":"ListItem","position":1,"name":"Home","item":"https:\/\/koningdrone.be\/"},{"@type":"ListItem","position":2,"name":"AVSS Parachute Recovery System for DJI Matrice 300\/350","item":"https:\/\/koningdrone.be\/product\/avss-parachute-recovery-system-for-dji-matrice-300-350\/"},{"@type":"ListItem","position":3,"name":"Alle producten","item":"https:\/\/koningdrone.be\/categorie\/alle-producten\/"},{"@type":"ListItem","position":4,"name":"INSTA360 ONE RS 4K (CINRSGP\/E)"}]},{"@type":"WebSite","@id":"https:\/\/koningdrone.be\/#website","url":"https:\/\/koningdrone.be\/","name":"Koningdrone.be - Votre sp\u00e9cialiste en ligne en mati\u00e8re de drones, de cardans, de cam\u00e9ras et de centrales \u00e9lectriques.","description":"La boutique en ligne de drones et de cardans","publisher":{"@id":"https:\/\/koningdrone.be\/#organization"},"potentialAction":[{"@type":"SearchAction","target":{"@type":"EntryPoint","urlTemplate":"https:\/\/koningdrone.be\/?s={search_term_string}"},"query-input":{"@type":"PropertyValueSpecification","valueRequired":true,"valueName":"search_term_string"}}],"inLanguage":"fr-BE"},{"@type":"Organization","@id":"https:\/\/koningdrone.be\/#organization","name":"Kingdrone.co.uk","url":"https:\/\/koningdrone.be\/","logo":{"@type":"ImageObject","inLanguage":"fr-BE","@id":"https:\/\/koningdrone.be\/#\/schema\/logo\/image\/","url":"https:\/\/koningdrone.be\/wp-content\/uploads\/sites\/13\/2025\/04\/koningdrone-copyright-logo.svg","contentUrl":"https:\/\/koningdrone.be\/wp-content\/uploads\/sites\/13\/2025\/04\/koningdrone-copyright-logo.svg","width":227,"height":38,"caption":"Koningdrone.be"},"image":{"@id":"https:\/\/koningdrone.be\/#\/schema\/logo\/image\/"}}]}},"df_price":"","df_sale_price":"","df_regular_price":"","df_image_link":"https:\/\/koningdrone.be\/wp-content\/uploads\/sites\/13\/2025\/04\/6970357853335-1-300x300.webp","_links":{"self":[{"href":"https:\/\/koningdrone.be\/fr\/wp-json\/wp\/v2\/product\/5953","targetHints":{"allow":["GET"]}}],"collection":[{"href":"https:\/\/koningdrone.be\/fr\/wp-json\/wp\/v2\/product"}],"about":[{"href":"https:\/\/koningdrone.be\/fr\/wp-json\/wp\/v2\/types\/product"}],"wp:featuredmedia":[{"embeddable":true,"href":"https:\/\/koningdrone.be\/fr\/wp-json\/wp\/v2\/media\/5951"}],"wp:attachment":[{"href":"https:\/\/koningdrone.be\/fr\/wp-json\/wp\/v2\/media?parent=5953"}],"wp:term":[{"taxonomy":"product_brand","embeddable":true,"href":"https:\/\/koningdrone.be\/fr\/wp-json\/wp\/v2\/product_brand?post=5953"},{"taxonomy":"product_cat","embeddable":true,"href":"https:\/\/koningdrone.be\/fr\/wp-json\/wp\/v2\/product_cat?post=5953"},{"taxonomy":"product_tag","embeddable":true,"href":"https:\/\/koningdrone.be\/fr\/wp-json\/wp\/v2\/product_tag?post=5953"}],"curies":[{"name":"wp","href":"https:\/\/api.w.org\/{rel}","templated":true}]}}