{"id":5950,"date":"2022-05-25T20:36:00","date_gmt":"2022-05-25T20:36:00","guid":{"rendered":"https:\/\/koningdrone.nl\/kon\/product\/insta360-floating-hand-grip-go2-one-x2-one-r\/"},"modified":"2025-04-29T12:52:53","modified_gmt":"2025-04-29T12:52:53","slug":"insta360-floating-hand-grip-go2-one-x2-one-r","status":"publish","type":"product","link":"https:\/\/koningdrone.be\/fr\/produit\/insta360-floating-hand-grip-go2-one-x2-one-r\/","title":{"rendered":"Poign\u00e9e flottante INSTA360 (GO2, ONE X2, ONE R)"},"content":{"rendered":"<h1>   Poign\u00e9e flottante Insta360 (GO2, One X2, One R) <\/h1>\n<p>Stabilisez votre cam\u00e9ra d'action Insta360 dans l'eau ou hors de l'eau gr\u00e2ce \u00e0 cette poign\u00e9e flottante avec mat\u00e9riau antid\u00e9rapant et sangle de poignet. Le support de cam\u00e9ra \u00e0 2 p\u00f4les rend la poign\u00e9e compatible avec la plupart des cam\u00e9ras d'action et des caissons de plong\u00e9e. La poign\u00e9e de la poign\u00e9e est creuse \u00e0 l'int\u00e9rieur et est accessible en d\u00e9vissant le fond pour ranger les petits accessoires de la cam\u00e9ra.<br \/>\u00a0 <br \/>Insta360 Floating Handle | 6970357853007 est un produit de la cat\u00e9gorie Accessoires pour cam\u00e9scopes et cam\u00e9ras d'action.<\/p>","protected":false},"excerpt":{"rendered":"<ul>\n<li>Poign\u00e9e antid\u00e9rapante pour vos aventures aquatiques<\/li>\n<li>ompatible avec GO 2 en utilisant l'adaptateur Action Mount<\/li>\n<li>valise non incluse<\/li>\n<\/ul>","protected":false},"featured_media":5947,"template":"","meta":{"_acf_changed":false},"product_brand":[],"product_cat":[97,343],"product_tag":[],"class_list":{"0":"post-5950","1":"product","2":"type-product","3":"status-publish","4":"has-post-thumbnail","6":"product_cat-alle-producten","7":"product_cat-insta360","8":"pa_brand-insta360","9":"pa_series-insta360-go","11":"first","12":"outofstock","13":"taxable","14":"shipping-taxable","15":"product-type-simple"},"acf":[],"yoast_head":"<!-- This site is optimized with the Yoast SEO Premium plugin v27.2 (Yoast SEO v27.2) - https:\/\/yoast.com\/product\/yoast-seo-premium-wordpress\/ -->\n<title>INSTA360 Floating Hand Grip (GO2, ONE X2, ONE R) - koningdrone.be<\/title>\n<meta name=\"robots\" content=\"index, follow, max-snippet:-1, max-image-preview:large, max-video-preview:-1\" \/>\n<link rel=\"canonical\" href=\"https:\/\/koningdrone.be\/fr\/produit\/insta360-floating-hand-grip-go2-one-x2-one-r\/\" \/>\n<meta property=\"og:locale\" content=\"fr_FR\" \/>\n<meta property=\"og:type\" content=\"article\" \/>\n<meta property=\"og:title\" content=\"INSTA360 Floating Hand Grip (GO2, ONE X2, ONE R)\" \/>\n<meta property=\"og:description\" content=\"rijvende antislip handgreep voor uw wateravonturenompatibel met GO 2 met behulp van de Action Mount-adapteruikkoffer niet inbegrepen\" \/>\n<meta property=\"og:url\" content=\"https:\/\/koningdrone.be\/fr\/produit\/insta360-floating-hand-grip-go2-one-x2-one-r\/\" \/>\n<meta property=\"og:site_name\" content=\"koningdrone.be\" \/>\n<meta property=\"article:modified_time\" content=\"2025-04-29T12:52:53+00:00\" \/>\n<meta property=\"og:image\" content=\"https:\/\/koningdrone.be\/wp-content\/uploads\/sites\/13\/2025\/04\/6970357853007-1.jpg\" \/>\n\t<meta property=\"og:image:width\" content=\"600\" \/>\n\t<meta property=\"og:image:height\" content=\"1442\" \/>\n\t<meta property=\"og:image:type\" content=\"image\/jpeg\" \/>\n<meta name=\"twitter:card\" content=\"summary_large_image\" \/>\n<script type=\"application\/ld+json\" class=\"yoast-schema-graph\">{\"@context\":\"https:\/\/schema.org\",\"@graph\":[{\"@type\":\"WebPage\",\"@id\":\"https:\/\/koningdrone.be\/product\/insta360-floating-hand-grip-go2-one-x2-one-r\/\",\"url\":\"https:\/\/koningdrone.be\/product\/insta360-floating-hand-grip-go2-one-x2-one-r\/\",\"name\":\"INSTA360 Floating Hand Grip (GO2, ONE X2, ONE R) - koningdrone.be\",\"isPartOf\":{\"@id\":\"https:\/\/koningdrone.be\/#website\"},\"primaryImageOfPage\":{\"@id\":\"https:\/\/koningdrone.be\/product\/insta360-floating-hand-grip-go2-one-x2-one-r\/#primaryimage\"},\"image\":{\"@id\":\"https:\/\/koningdrone.be\/product\/insta360-floating-hand-grip-go2-one-x2-one-r\/#primaryimage\"},\"thumbnailUrl\":\"https:\/\/koningdrone.be\/wp-content\/uploads\/sites\/13\/2025\/04\/6970357853007-1.jpg\",\"datePublished\":\"2022-05-25T20:36:00+00:00\",\"dateModified\":\"2025-04-29T12:52:53+00:00\",\"breadcrumb\":{\"@id\":\"https:\/\/koningdrone.be\/product\/insta360-floating-hand-grip-go2-one-x2-one-r\/#breadcrumb\"},\"inLanguage\":\"fr-BE\",\"potentialAction\":[{\"@type\":\"ReadAction\",\"target\":[\"https:\/\/koningdrone.be\/product\/insta360-floating-hand-grip-go2-one-x2-one-r\/\"]}]},{\"@type\":\"ImageObject\",\"inLanguage\":\"fr-BE\",\"@id\":\"https:\/\/koningdrone.be\/product\/insta360-floating-hand-grip-go2-one-x2-one-r\/#primaryimage\",\"url\":\"https:\/\/koningdrone.be\/wp-content\/uploads\/sites\/13\/2025\/04\/6970357853007-1.jpg\",\"contentUrl\":\"https:\/\/koningdrone.be\/wp-content\/uploads\/sites\/13\/2025\/04\/6970357853007-1.jpg\",\"width\":600,\"height\":1442},{\"@type\":\"BreadcrumbList\",\"@id\":\"https:\/\/koningdrone.be\/product\/insta360-floating-hand-grip-go2-one-x2-one-r\/#breadcrumb\",\"itemListElement\":[{\"@type\":\"ListItem\",\"position\":1,\"name\":\"Home\",\"item\":\"https:\/\/koningdrone.be\/\"},{\"@type\":\"ListItem\",\"position\":2,\"name\":\"AVSS Parachute Recovery System for DJI Matrice 300\/350\",\"item\":\"https:\/\/koningdrone.be\/product\/avss-parachute-recovery-system-for-dji-matrice-300-350\/\"},{\"@type\":\"ListItem\",\"position\":3,\"name\":\"Alle producten\",\"item\":\"https:\/\/koningdrone.be\/categorie\/alle-producten\/\"},{\"@type\":\"ListItem\",\"position\":4,\"name\":\"INSTA360 Floating Hand Grip (GO2, ONE X2, ONE R)\"}]},{\"@type\":\"WebSite\",\"@id\":\"https:\/\/koningdrone.be\/#website\",\"url\":\"https:\/\/koningdrone.be\/\",\"name\":\"Koningdrone.be - Uw online specialist in drones, gimbals, camera's en power stations.\",\"description\":\"De webshop in drones en gimbals\",\"publisher\":{\"@id\":\"https:\/\/koningdrone.be\/#organization\"},\"potentialAction\":[{\"@type\":\"SearchAction\",\"target\":{\"@type\":\"EntryPoint\",\"urlTemplate\":\"https:\/\/koningdrone.be\/?s={search_term_string}\"},\"query-input\":{\"@type\":\"PropertyValueSpecification\",\"valueRequired\":true,\"valueName\":\"search_term_string\"}}],\"inLanguage\":\"fr-BE\"},{\"@type\":\"Organization\",\"@id\":\"https:\/\/koningdrone.be\/#organization\",\"name\":\"Koningdrone.be\",\"url\":\"https:\/\/koningdrone.be\/\",\"logo\":{\"@type\":\"ImageObject\",\"inLanguage\":\"fr-BE\",\"@id\":\"https:\/\/koningdrone.be\/#\/schema\/logo\/image\/\",\"url\":\"https:\/\/koningdrone.be\/wp-content\/uploads\/sites\/13\/2025\/04\/koningdrone-copyright-logo.svg\",\"contentUrl\":\"https:\/\/koningdrone.be\/wp-content\/uploads\/sites\/13\/2025\/04\/koningdrone-copyright-logo.svg\",\"width\":227,\"height\":38,\"caption\":\"Koningdrone.be\"},\"image\":{\"@id\":\"https:\/\/koningdrone.be\/#\/schema\/logo\/image\/\"}}]}<\/script>\n<!-- \/ Yoast SEO Premium plugin. -->","yoast_head_json":{"title":"INSTA360 Floating Hand Grip (GO2, ONE X2, ONE R) - koningdrone.be","robots":{"index":"index","follow":"follow","max-snippet":"max-snippet:-1","max-image-preview":"max-image-preview:large","max-video-preview":"max-video-preview:-1"},"canonical":"https:\/\/koningdrone.be\/fr\/produit\/insta360-floating-hand-grip-go2-one-x2-one-r\/","og_locale":"fr_FR","og_type":"article","og_title":"INSTA360 Floating Hand Grip (GO2, ONE X2, ONE R)","og_description":"rijvende antislip handgreep voor uw wateravonturenompatibel met GO 2 met behulp van de Action Mount-adapteruikkoffer niet inbegrepen","og_url":"https:\/\/koningdrone.be\/fr\/produit\/insta360-floating-hand-grip-go2-one-x2-one-r\/","og_site_name":"koningdrone.be","article_modified_time":"2025-04-29T12:52:53+00:00","og_image":[{"width":600,"height":1442,"url":"https:\/\/koningdrone.be\/wp-content\/uploads\/sites\/13\/2025\/04\/6970357853007-1.jpg","type":"image\/jpeg"}],"twitter_card":"summary_large_image","schema":{"@context":"https:\/\/schema.org","@graph":[{"@type":"WebPage","@id":"https:\/\/koningdrone.be\/product\/insta360-floating-hand-grip-go2-one-x2-one-r\/","url":"https:\/\/koningdrone.be\/product\/insta360-floating-hand-grip-go2-one-x2-one-r\/","name":"INSTA360 Floating Hand Grip (GO2, ONE X2, ONE R) - koningdrone.be","isPartOf":{"@id":"https:\/\/koningdrone.be\/#website"},"primaryImageOfPage":{"@id":"https:\/\/koningdrone.be\/product\/insta360-floating-hand-grip-go2-one-x2-one-r\/#primaryimage"},"image":{"@id":"https:\/\/koningdrone.be\/product\/insta360-floating-hand-grip-go2-one-x2-one-r\/#primaryimage"},"thumbnailUrl":"https:\/\/koningdrone.be\/wp-content\/uploads\/sites\/13\/2025\/04\/6970357853007-1.jpg","datePublished":"2022-05-25T20:36:00+00:00","dateModified":"2025-04-29T12:52:53+00:00","breadcrumb":{"@id":"https:\/\/koningdrone.be\/product\/insta360-floating-hand-grip-go2-one-x2-one-r\/#breadcrumb"},"inLanguage":"fr-BE","potentialAction":[{"@type":"ReadAction","target":["https:\/\/koningdrone.be\/product\/insta360-floating-hand-grip-go2-one-x2-one-r\/"]}]},{"@type":"ImageObject","inLanguage":"fr-BE","@id":"https:\/\/koningdrone.be\/product\/insta360-floating-hand-grip-go2-one-x2-one-r\/#primaryimage","url":"https:\/\/koningdrone.be\/wp-content\/uploads\/sites\/13\/2025\/04\/6970357853007-1.jpg","contentUrl":"https:\/\/koningdrone.be\/wp-content\/uploads\/sites\/13\/2025\/04\/6970357853007-1.jpg","width":600,"height":1442},{"@type":"BreadcrumbList","@id":"https:\/\/koningdrone.be\/product\/insta360-floating-hand-grip-go2-one-x2-one-r\/#breadcrumb","itemListElement":[{"@type":"ListItem","position":1,"name":"Home","item":"https:\/\/koningdrone.be\/"},{"@type":"ListItem","position":2,"name":"AVSS Parachute Recovery System for DJI Matrice 300\/350","item":"https:\/\/koningdrone.be\/product\/avss-parachute-recovery-system-for-dji-matrice-300-350\/"},{"@type":"ListItem","position":3,"name":"Alle producten","item":"https:\/\/koningdrone.be\/categorie\/alle-producten\/"},{"@type":"ListItem","position":4,"name":"INSTA360 Floating Hand Grip (GO2, ONE X2, ONE R)"}]},{"@type":"WebSite","@id":"https:\/\/koningdrone.be\/#website","url":"https:\/\/koningdrone.be\/","name":"Koningdrone.be - Votre sp\u00e9cialiste en ligne en mati\u00e8re de drones, de cardans, de cam\u00e9ras et de centrales \u00e9lectriques.","description":"La boutique en ligne de drones et de cardans","publisher":{"@id":"https:\/\/koningdrone.be\/#organization"},"potentialAction":[{"@type":"SearchAction","target":{"@type":"EntryPoint","urlTemplate":"https:\/\/koningdrone.be\/?s={search_term_string}"},"query-input":{"@type":"PropertyValueSpecification","valueRequired":true,"valueName":"search_term_string"}}],"inLanguage":"fr-BE"},{"@type":"Organization","@id":"https:\/\/koningdrone.be\/#organization","name":"Kingdrone.co.uk","url":"https:\/\/koningdrone.be\/","logo":{"@type":"ImageObject","inLanguage":"fr-BE","@id":"https:\/\/koningdrone.be\/#\/schema\/logo\/image\/","url":"https:\/\/koningdrone.be\/wp-content\/uploads\/sites\/13\/2025\/04\/koningdrone-copyright-logo.svg","contentUrl":"https:\/\/koningdrone.be\/wp-content\/uploads\/sites\/13\/2025\/04\/koningdrone-copyright-logo.svg","width":227,"height":38,"caption":"Koningdrone.be"},"image":{"@id":"https:\/\/koningdrone.be\/#\/schema\/logo\/image\/"}}]}},"df_price":"","df_sale_price":"","df_regular_price":"","df_image_link":"https:\/\/koningdrone.be\/wp-content\/uploads\/sites\/13\/2025\/04\/6970357853007-1-125x300.jpg","_links":{"self":[{"href":"https:\/\/koningdrone.be\/fr\/wp-json\/wp\/v2\/product\/5950","targetHints":{"allow":["GET"]}}],"collection":[{"href":"https:\/\/koningdrone.be\/fr\/wp-json\/wp\/v2\/product"}],"about":[{"href":"https:\/\/koningdrone.be\/fr\/wp-json\/wp\/v2\/types\/product"}],"wp:featuredmedia":[{"embeddable":true,"href":"https:\/\/koningdrone.be\/fr\/wp-json\/wp\/v2\/media\/5947"}],"wp:attachment":[{"href":"https:\/\/koningdrone.be\/fr\/wp-json\/wp\/v2\/media?parent=5950"}],"wp:term":[{"taxonomy":"product_brand","embeddable":true,"href":"https:\/\/koningdrone.be\/fr\/wp-json\/wp\/v2\/product_brand?post=5950"},{"taxonomy":"product_cat","embeddable":true,"href":"https:\/\/koningdrone.be\/fr\/wp-json\/wp\/v2\/product_cat?post=5950"},{"taxonomy":"product_tag","embeddable":true,"href":"https:\/\/koningdrone.be\/fr\/wp-json\/wp\/v2\/product_tag?post=5950"}],"curies":[{"name":"wp","href":"https:\/\/api.w.org\/{rel}","templated":true}]}}