{"id":5933,"date":"2022-05-25T20:36:00","date_gmt":"2022-05-25T18:36:00","guid":{"rendered":"https:\/\/koningdrone.nl\/kon\/product\/insta360-go2-mount-adapter-bundle-cing2cb-h\/"},"modified":"2026-05-16T07:30:49","modified_gmt":"2026-05-16T05:30:49","slug":"insta360-go2-mount-adapter-bundle-cing2cb-h","status":"publish","type":"product","link":"https:\/\/koningdrone.be\/fr\/produit\/insta360-go2-mount-adapter-bundle-cing2cb-h\/","title":{"rendered":"Ensemble d'adaptateurs pour la monture INSTA360 GO2 (CING2CB\/H)"},"content":{"rendered":"<h1>   Ensemble d'adaptateurs de montage Insta360 GO2 (CING2CB\/H) <\/h1>\n<p>L'ensemble d'adaptateurs de montage Insta360 GO 2 vous permet de monter le GO 2 dans encore plus d'endroits et de vous pr\u00e9parer \u00e0 l'action. Il prend en charge une fixation \u00e0 vis 1\/4\u2033 et des accessoires pour le montage avec deux broches. Vous pouvez m\u00eame coller le GO 2 sur n'importe quelle surface gr\u00e2ce \u00e0 deux bases autocollantes.<br \/>\u00a0 <br \/>Comprend trois supports : un adaptateur de montage action, un support magn\u00e9tique \u00e0 broche et un support magn\u00e9tique \u00e0 vis (et les accessoires n\u00e9cessaires). La monture magn\u00e9tique \u00e0 broche et la monture \u00e0 vis fixent votre GO 2 \u00e0 l'aide d'un aimant \u00e0 l'arri\u00e8re. L'adaptateur de montage action fixe votre GO 2 \u00e0 l'aide d'une vis (incluse).<br \/>\u00a0 <br \/>\u00c9vitez d'utiliser la monture \u00e0 dent magn\u00e9tique et la monture \u00e0 vis magn\u00e9tique dans des environnements tr\u00e8s intenses (par exemple, en cas de fortes vibrations), car l'appareil photo pourrait se d\u00e9tacher de la monture. L'adaptateur pour monture Action convient \u00e0 toutes les montures Action.<\/p>","protected":false},"excerpt":{"rendered":"<ul>\n<li>Installez le GO 2 dans encore plus d'endroits et pr\u00e9parez-vous \u00e0 l'action.<\/li>\n<li>Supporte les accessoires pour le montage \u00e0 vis 1\/4\u2033 et le montage \u00e0 2 broches.<\/li>\n<li>Collez GO 2 sur n'importe quelle surface \u00e0 l'aide de deux bases adh\u00e9sives.<\/li>\n<\/ul>","protected":false},"featured_media":5929,"template":"","meta":{"_acf_changed":false},"product_brand":[],"product_cat":[97,343],"product_tag":[],"class_list":{"0":"post-5933","1":"product","2":"type-product","3":"status-publish","4":"has-post-thumbnail","6":"product_cat-alle-producten","7":"product_cat-insta360","8":"product_shipping_class-outofstock","9":"pa_brand-insta360","10":"pa_series-insta360-go","12":"first","13":"outofstock","14":"taxable","15":"shipping-taxable","16":"product-type-simple"},"acf":[],"yoast_head":"<!-- This site is optimized with the Yoast SEO Premium plugin v27.2 (Yoast SEO v27.2) - https:\/\/yoast.com\/product\/yoast-seo-premium-wordpress\/ -->\n<title>INSTA360 GO2 Mount Adapter Bundle (CING2CB\/H) - koningdrone.be<\/title>\n<meta name=\"robots\" content=\"index, follow, max-snippet:-1, max-image-preview:large, max-video-preview:-1\" \/>\n<link rel=\"canonical\" href=\"https:\/\/koningdrone.be\/fr\/produit\/insta360-go2-mount-adapter-bundle-cing2cb-h\/\" \/>\n<meta property=\"og:locale\" content=\"fr_FR\" \/>\n<meta property=\"og:type\" content=\"article\" \/>\n<meta property=\"og:title\" content=\"INSTA360 GO2 Mount Adapter Bundle (CING2CB\/H)\" \/>\n<meta property=\"og:description\" content=\"Monteer de GO 2 op nog meer plekken en bereid je voor op actie.Ondersteunt accessoires voor 1\/4&quot; schroefmontage en 2-pins montage.Plak GO 2 op elk oppervlak met twee zelfklevende basen.\" \/>\n<meta property=\"og:url\" content=\"https:\/\/koningdrone.be\/fr\/produit\/insta360-go2-mount-adapter-bundle-cing2cb-h\/\" \/>\n<meta property=\"og:site_name\" content=\"koningdrone.be\" \/>\n<meta property=\"article:modified_time\" content=\"2026-05-16T05:30:49+00:00\" \/>\n<meta property=\"og:image\" content=\"https:\/\/koningdrone.be\/wp-content\/uploads\/sites\/13\/2025\/04\/6970357852826-1.webp\" \/>\n\t<meta property=\"og:image:width\" content=\"600\" \/>\n\t<meta property=\"og:image:height\" content=\"900\" \/>\n\t<meta property=\"og:image:type\" content=\"image\/webp\" \/>\n<meta name=\"twitter:card\" content=\"summary_large_image\" \/>\n<meta name=\"twitter:label1\" content=\"Dur\u00e9e de lecture est.\" \/>\n\t<meta name=\"twitter:data1\" content=\"1 minute\" \/>\n<script type=\"application\/ld+json\" class=\"yoast-schema-graph\">{\"@context\":\"https:\/\/schema.org\",\"@graph\":[{\"@type\":\"WebPage\",\"@id\":\"https:\/\/koningdrone.be\/product\/insta360-go2-mount-adapter-bundle-cing2cb-h\/\",\"url\":\"https:\/\/koningdrone.be\/product\/insta360-go2-mount-adapter-bundle-cing2cb-h\/\",\"name\":\"INSTA360 GO2 Mount Adapter Bundle (CING2CB\/H) - koningdrone.be\",\"isPartOf\":{\"@id\":\"https:\/\/koningdrone.be\/#website\"},\"primaryImageOfPage\":{\"@id\":\"https:\/\/koningdrone.be\/product\/insta360-go2-mount-adapter-bundle-cing2cb-h\/#primaryimage\"},\"image\":{\"@id\":\"https:\/\/koningdrone.be\/product\/insta360-go2-mount-adapter-bundle-cing2cb-h\/#primaryimage\"},\"thumbnailUrl\":\"https:\/\/koningdrone.be\/wp-content\/uploads\/sites\/13\/2025\/04\/6970357852826-1.webp\",\"datePublished\":\"2022-05-25T18:36:00+00:00\",\"dateModified\":\"2026-05-16T05:30:49+00:00\",\"breadcrumb\":{\"@id\":\"https:\/\/koningdrone.be\/product\/insta360-go2-mount-adapter-bundle-cing2cb-h\/#breadcrumb\"},\"inLanguage\":\"fr-BE\",\"potentialAction\":[{\"@type\":\"ReadAction\",\"target\":[\"https:\/\/koningdrone.be\/product\/insta360-go2-mount-adapter-bundle-cing2cb-h\/\"]}]},{\"@type\":\"ImageObject\",\"inLanguage\":\"fr-BE\",\"@id\":\"https:\/\/koningdrone.be\/product\/insta360-go2-mount-adapter-bundle-cing2cb-h\/#primaryimage\",\"url\":\"https:\/\/koningdrone.be\/wp-content\/uploads\/sites\/13\/2025\/04\/6970357852826-1.webp\",\"contentUrl\":\"https:\/\/koningdrone.be\/wp-content\/uploads\/sites\/13\/2025\/04\/6970357852826-1.webp\",\"width\":600,\"height\":900},{\"@type\":\"BreadcrumbList\",\"@id\":\"https:\/\/koningdrone.be\/product\/insta360-go2-mount-adapter-bundle-cing2cb-h\/#breadcrumb\",\"itemListElement\":[{\"@type\":\"ListItem\",\"position\":1,\"name\":\"Home\",\"item\":\"https:\/\/koningdrone.be\/\"},{\"@type\":\"ListItem\",\"position\":2,\"name\":\"AVSS Parachute Recovery System for DJI Matrice 300\/350\",\"item\":\"https:\/\/koningdrone.be\/product\/avss-parachute-recovery-system-for-dji-matrice-300-350\/\"},{\"@type\":\"ListItem\",\"position\":3,\"name\":\"Alle producten\",\"item\":\"https:\/\/koningdrone.be\/categorie\/alle-producten\/\"},{\"@type\":\"ListItem\",\"position\":4,\"name\":\"INSTA360 GO2 Mount Adapter Bundle (CING2CB\/H)\"}]},{\"@type\":\"WebSite\",\"@id\":\"https:\/\/koningdrone.be\/#website\",\"url\":\"https:\/\/koningdrone.be\/\",\"name\":\"Koningdrone.be - Uw online specialist in drones, gimbals, camera's en power stations.\",\"description\":\"De webshop in drones en gimbals\",\"publisher\":{\"@id\":\"https:\/\/koningdrone.be\/#organization\"},\"potentialAction\":[{\"@type\":\"SearchAction\",\"target\":{\"@type\":\"EntryPoint\",\"urlTemplate\":\"https:\/\/koningdrone.be\/?s={search_term_string}\"},\"query-input\":{\"@type\":\"PropertyValueSpecification\",\"valueRequired\":true,\"valueName\":\"search_term_string\"}}],\"inLanguage\":\"fr-BE\"},{\"@type\":\"Organization\",\"@id\":\"https:\/\/koningdrone.be\/#organization\",\"name\":\"Koningdrone.be\",\"url\":\"https:\/\/koningdrone.be\/\",\"logo\":{\"@type\":\"ImageObject\",\"inLanguage\":\"fr-BE\",\"@id\":\"https:\/\/koningdrone.be\/#\/schema\/logo\/image\/\",\"url\":\"https:\/\/koningdrone.be\/wp-content\/uploads\/sites\/13\/2025\/04\/koningdrone-copyright-logo.svg\",\"contentUrl\":\"https:\/\/koningdrone.be\/wp-content\/uploads\/sites\/13\/2025\/04\/koningdrone-copyright-logo.svg\",\"width\":227,\"height\":38,\"caption\":\"Koningdrone.be\"},\"image\":{\"@id\":\"https:\/\/koningdrone.be\/#\/schema\/logo\/image\/\"}}]}<\/script>\n<!-- \/ Yoast SEO Premium plugin. -->","yoast_head_json":{"title":"INSTA360 GO2 Mount Adapter Bundle (CING2CB\/H) - koningdrone.be","robots":{"index":"index","follow":"follow","max-snippet":"max-snippet:-1","max-image-preview":"max-image-preview:large","max-video-preview":"max-video-preview:-1"},"canonical":"https:\/\/koningdrone.be\/fr\/produit\/insta360-go2-mount-adapter-bundle-cing2cb-h\/","og_locale":"fr_FR","og_type":"article","og_title":"INSTA360 GO2 Mount Adapter Bundle (CING2CB\/H)","og_description":"Monteer de GO 2 op nog meer plekken en bereid je voor op actie.Ondersteunt accessoires voor 1\/4\" schroefmontage en 2-pins montage.Plak GO 2 op elk oppervlak met twee zelfklevende basen.","og_url":"https:\/\/koningdrone.be\/fr\/produit\/insta360-go2-mount-adapter-bundle-cing2cb-h\/","og_site_name":"koningdrone.be","article_modified_time":"2026-05-16T05:30:49+00:00","og_image":[{"width":600,"height":900,"url":"https:\/\/koningdrone.be\/wp-content\/uploads\/sites\/13\/2025\/04\/6970357852826-1.webp","type":"image\/webp"}],"twitter_card":"summary_large_image","twitter_misc":{"Dur\u00e9e de lecture est.":"1 minute"},"schema":{"@context":"https:\/\/schema.org","@graph":[{"@type":"WebPage","@id":"https:\/\/koningdrone.be\/product\/insta360-go2-mount-adapter-bundle-cing2cb-h\/","url":"https:\/\/koningdrone.be\/product\/insta360-go2-mount-adapter-bundle-cing2cb-h\/","name":"INSTA360 GO2 Mount Adapter Bundle (CING2CB\/H) - koningdrone.be","isPartOf":{"@id":"https:\/\/koningdrone.be\/#website"},"primaryImageOfPage":{"@id":"https:\/\/koningdrone.be\/product\/insta360-go2-mount-adapter-bundle-cing2cb-h\/#primaryimage"},"image":{"@id":"https:\/\/koningdrone.be\/product\/insta360-go2-mount-adapter-bundle-cing2cb-h\/#primaryimage"},"thumbnailUrl":"https:\/\/koningdrone.be\/wp-content\/uploads\/sites\/13\/2025\/04\/6970357852826-1.webp","datePublished":"2022-05-25T18:36:00+00:00","dateModified":"2026-05-16T05:30:49+00:00","breadcrumb":{"@id":"https:\/\/koningdrone.be\/product\/insta360-go2-mount-adapter-bundle-cing2cb-h\/#breadcrumb"},"inLanguage":"fr-BE","potentialAction":[{"@type":"ReadAction","target":["https:\/\/koningdrone.be\/product\/insta360-go2-mount-adapter-bundle-cing2cb-h\/"]}]},{"@type":"ImageObject","inLanguage":"fr-BE","@id":"https:\/\/koningdrone.be\/product\/insta360-go2-mount-adapter-bundle-cing2cb-h\/#primaryimage","url":"https:\/\/koningdrone.be\/wp-content\/uploads\/sites\/13\/2025\/04\/6970357852826-1.webp","contentUrl":"https:\/\/koningdrone.be\/wp-content\/uploads\/sites\/13\/2025\/04\/6970357852826-1.webp","width":600,"height":900},{"@type":"BreadcrumbList","@id":"https:\/\/koningdrone.be\/product\/insta360-go2-mount-adapter-bundle-cing2cb-h\/#breadcrumb","itemListElement":[{"@type":"ListItem","position":1,"name":"Home","item":"https:\/\/koningdrone.be\/"},{"@type":"ListItem","position":2,"name":"AVSS Parachute Recovery System for DJI Matrice 300\/350","item":"https:\/\/koningdrone.be\/product\/avss-parachute-recovery-system-for-dji-matrice-300-350\/"},{"@type":"ListItem","position":3,"name":"Alle producten","item":"https:\/\/koningdrone.be\/categorie\/alle-producten\/"},{"@type":"ListItem","position":4,"name":"INSTA360 GO2 Mount Adapter Bundle (CING2CB\/H)"}]},{"@type":"WebSite","@id":"https:\/\/koningdrone.be\/#website","url":"https:\/\/koningdrone.be\/","name":"Koningdrone.be - Votre sp\u00e9cialiste en ligne en mati\u00e8re de drones, de cardans, de cam\u00e9ras et de centrales \u00e9lectriques.","description":"La boutique en ligne de drones et de cardans","publisher":{"@id":"https:\/\/koningdrone.be\/#organization"},"potentialAction":[{"@type":"SearchAction","target":{"@type":"EntryPoint","urlTemplate":"https:\/\/koningdrone.be\/?s={search_term_string}"},"query-input":{"@type":"PropertyValueSpecification","valueRequired":true,"valueName":"search_term_string"}}],"inLanguage":"fr-BE"},{"@type":"Organization","@id":"https:\/\/koningdrone.be\/#organization","name":"Kingdrone.co.uk","url":"https:\/\/koningdrone.be\/","logo":{"@type":"ImageObject","inLanguage":"fr-BE","@id":"https:\/\/koningdrone.be\/#\/schema\/logo\/image\/","url":"https:\/\/koningdrone.be\/wp-content\/uploads\/sites\/13\/2025\/04\/koningdrone-copyright-logo.svg","contentUrl":"https:\/\/koningdrone.be\/wp-content\/uploads\/sites\/13\/2025\/04\/koningdrone-copyright-logo.svg","width":227,"height":38,"caption":"Koningdrone.be"},"image":{"@id":"https:\/\/koningdrone.be\/#\/schema\/logo\/image\/"}}]}},"df_price":"","df_sale_price":"","df_regular_price":"","df_image_link":"https:\/\/koningdrone.be\/wp-content\/uploads\/sites\/13\/2025\/04\/6970357852826-1-200x300.webp","_links":{"self":[{"href":"https:\/\/koningdrone.be\/fr\/wp-json\/wp\/v2\/product\/5933","targetHints":{"allow":["GET"]}}],"collection":[{"href":"https:\/\/koningdrone.be\/fr\/wp-json\/wp\/v2\/product"}],"about":[{"href":"https:\/\/koningdrone.be\/fr\/wp-json\/wp\/v2\/types\/product"}],"wp:featuredmedia":[{"embeddable":true,"href":"https:\/\/koningdrone.be\/fr\/wp-json\/wp\/v2\/media\/5929"}],"wp:attachment":[{"href":"https:\/\/koningdrone.be\/fr\/wp-json\/wp\/v2\/media?parent=5933"}],"wp:term":[{"taxonomy":"product_brand","embeddable":true,"href":"https:\/\/koningdrone.be\/fr\/wp-json\/wp\/v2\/product_brand?post=5933"},{"taxonomy":"product_cat","embeddable":true,"href":"https:\/\/koningdrone.be\/fr\/wp-json\/wp\/v2\/product_cat?post=5933"},{"taxonomy":"product_tag","embeddable":true,"href":"https:\/\/koningdrone.be\/fr\/wp-json\/wp\/v2\/product_tag?post=5933"}],"curies":[{"name":"wp","href":"https:\/\/api.w.org\/{rel}","templated":true}]}}