{"id":5925,"date":"2022-05-25T20:36:16","date_gmt":"2022-05-25T20:36:16","guid":{"rendered":"https:\/\/koningdrone.nl\/kon\/product\/insta360-one-r-core-cinorah-a\/"},"modified":"2025-04-29T12:50:24","modified_gmt":"2025-04-29T12:50:24","slug":"insta360-one-r-core-cinorah-a","status":"publish","type":"product","link":"https:\/\/koningdrone.be\/fr\/produit\/insta360-one-r-core-cinorah-a\/","title":{"rendered":"INSTA360 ONE R Core (CINORAH\/A)"},"content":{"rendered":"<h1>   Insta360 One R Core (CINORAH\/A) <\/h1>\n<p>Le module central Insta360 ONE R est le cerveau du syst\u00e8me modulaire de la cam\u00e9ra d'action ONE R. Il se monte \u00e0 c\u00f4t\u00e9 d'un module d'objectif sur le module de base de la batterie, tous deux disponibles s\u00e9par\u00e9ment. Il se monte \u00e0 c\u00f4t\u00e9 d'un module d'objectif sur le module de base de la batterie, tous deux disponibles s\u00e9par\u00e9ment, et il offre une vue en direct avec \u00e9cran tactile. C'est \u00e9galement dans ce module que se loge la carte microSD (jusqu'\u00e0 256 Go) du syst\u00e8me ONE R, \u00e9galement vendue s\u00e9par\u00e9ment. Il prend \u00e9galement en charge l'adaptateur microphonique ONE R 3,5 mm en option via une interface USB Type-C, situ\u00e9e \u00e0 c\u00f4t\u00e9 du port de la carte microSD sur le c\u00f4t\u00e9 du module, derri\u00e8re un couvercle. En plus d'un affichage en direct, l'\u00e9cran du module central indique le temps de batterie restant et permet d'acc\u00e9der aux param\u00e8tres du syst\u00e8me ONE R.<br \/>\u00a0 <br \/>Le module principal fonctionne diff\u00e9remment avec chaque module d'objectif. Lorsqu'il est utilis\u00e9 avec le module d'objectif grand angle 4K, l'\u00e9cran de visualisation en direct peut \u00eatre orient\u00e9 vers l'avant ou vers l'arri\u00e8re (l'arri\u00e8re pour le vlogging). Lorsqu'il est utilis\u00e9 avec le module d'objectif 360, l'\u00e9cran en direct peut \u00eatre balay\u00e9 dans toutes les directions, ce qui vous permet de voir votre prise de vue sous tous les angles et d'obtenir un aper\u00e7u complet \u00e0 360\u00b0. Alors que de nombreuses autres cam\u00e9ras 360 ne permettent un tel aper\u00e7u que dans une application mobile, le syst\u00e8me ONE R l'offre \u00e0 la fois dans la cam\u00e9ra et dans l'application qui l'accompagne.<br \/>\u00a0 <br \/>Le syst\u00e8me ONE R est \u00e9tanche jusqu'\u00e0 16\u2032 sans avoir besoin d'un bo\u00eetier \u00e9tanche lorsque le noyau, l'objectif et les modules de base de la batterie sont dispos\u00e9s dans le cadre de montage ONE R, vendu s\u00e9par\u00e9ment.<\/p>","protected":false},"excerpt":{"rendered":"<ul>\n<li>Cerveau du syst\u00e8me modulaire ONE R Action Cam<\/li>\n<li>\u00c9cran tactile Live View<\/li>\n<li>Port pour carte microSD<\/li>\n<li>Prise en charge de l'adaptateur de microphone via le port USB Type-C<\/li>\n<li>Acc\u00e8s aux r\u00e9glages de l'appareil photo<\/li>\n<li>R\u00e9glage de l'\u00e9cran LCD frontal\/arri\u00e8re pour 4K Mod<\/li>\n<li>Balayage de l'\u00e9cran \u00e0 360\u00b0 pour 360 Mod<\/li>\n<\/ul>","protected":false},"featured_media":5922,"template":"","meta":{"_acf_changed":false},"product_brand":[],"product_cat":[97,343],"product_tag":[],"class_list":{"0":"post-5925","1":"product","2":"type-product","3":"status-publish","4":"has-post-thumbnail","6":"product_cat-alle-producten","7":"product_cat-insta360","8":"pa_brand-insta360","9":"pa_series-insta360-go","11":"first","12":"outofstock","13":"taxable","14":"shipping-taxable","15":"product-type-simple"},"acf":[],"yoast_head":"<!-- This site is optimized with the Yoast SEO Premium plugin v27.2 (Yoast SEO v27.2) - https:\/\/yoast.com\/product\/yoast-seo-premium-wordpress\/ -->\n<title>INSTA360 ONE R Core (CINORAH\/A) - koningdrone.be<\/title>\n<meta name=\"robots\" content=\"index, follow, max-snippet:-1, max-image-preview:large, max-video-preview:-1\" \/>\n<link rel=\"canonical\" href=\"https:\/\/koningdrone.be\/fr\/produit\/insta360-one-r-core-cinorah-a\/\" \/>\n<meta property=\"og:locale\" content=\"fr_FR\" \/>\n<meta property=\"og:type\" content=\"article\" \/>\n<meta property=\"og:title\" content=\"INSTA360 ONE R Core (CINORAH\/A)\" \/>\n<meta property=\"og:description\" content=\"Brain of Modular ONE R Action Cam-systeemTouchscreen Live View-weergavemicroSD-kaartpoortOndersteuning voor microfoonadapter via USB Type-C-poortToegang tot camera-instellingenVoor\/achter gerichte LCD-instelling voor 4K Mod360 \u00b0 scherm vegen voor 360 Mod\" \/>\n<meta property=\"og:url\" content=\"https:\/\/koningdrone.be\/fr\/produit\/insta360-one-r-core-cinorah-a\/\" \/>\n<meta property=\"og:site_name\" content=\"koningdrone.be\" \/>\n<meta property=\"article:modified_time\" content=\"2025-04-29T12:50:24+00:00\" \/>\n<meta property=\"og:image\" content=\"https:\/\/koningdrone.be\/wp-content\/uploads\/sites\/13\/2025\/04\/6970357851478-1.jpg\" \/>\n\t<meta property=\"og:image:width\" content=\"600\" \/>\n\t<meta property=\"og:image:height\" content=\"600\" \/>\n\t<meta property=\"og:image:type\" content=\"image\/jpeg\" \/>\n<meta name=\"twitter:card\" content=\"summary_large_image\" \/>\n<meta name=\"twitter:label1\" content=\"Dur\u00e9e de lecture est.\" \/>\n\t<meta name=\"twitter:data1\" content=\"1 minute\" \/>\n<script type=\"application\/ld+json\" class=\"yoast-schema-graph\">{\"@context\":\"https:\/\/schema.org\",\"@graph\":[{\"@type\":\"WebPage\",\"@id\":\"https:\/\/koningdrone.be\/product\/insta360-one-r-core-cinorah-a\/\",\"url\":\"https:\/\/koningdrone.be\/product\/insta360-one-r-core-cinorah-a\/\",\"name\":\"INSTA360 ONE R Core (CINORAH\/A) - koningdrone.be\",\"isPartOf\":{\"@id\":\"https:\/\/koningdrone.be\/#website\"},\"primaryImageOfPage\":{\"@id\":\"https:\/\/koningdrone.be\/product\/insta360-one-r-core-cinorah-a\/#primaryimage\"},\"image\":{\"@id\":\"https:\/\/koningdrone.be\/product\/insta360-one-r-core-cinorah-a\/#primaryimage\"},\"thumbnailUrl\":\"https:\/\/koningdrone.be\/wp-content\/uploads\/sites\/13\/2025\/04\/6970357851478-1.jpg\",\"datePublished\":\"2022-05-25T20:36:16+00:00\",\"dateModified\":\"2025-04-29T12:50:24+00:00\",\"breadcrumb\":{\"@id\":\"https:\/\/koningdrone.be\/product\/insta360-one-r-core-cinorah-a\/#breadcrumb\"},\"inLanguage\":\"fr-BE\",\"potentialAction\":[{\"@type\":\"ReadAction\",\"target\":[\"https:\/\/koningdrone.be\/product\/insta360-one-r-core-cinorah-a\/\"]}]},{\"@type\":\"ImageObject\",\"inLanguage\":\"fr-BE\",\"@id\":\"https:\/\/koningdrone.be\/product\/insta360-one-r-core-cinorah-a\/#primaryimage\",\"url\":\"https:\/\/koningdrone.be\/wp-content\/uploads\/sites\/13\/2025\/04\/6970357851478-1.jpg\",\"contentUrl\":\"https:\/\/koningdrone.be\/wp-content\/uploads\/sites\/13\/2025\/04\/6970357851478-1.jpg\",\"width\":600,\"height\":600},{\"@type\":\"BreadcrumbList\",\"@id\":\"https:\/\/koningdrone.be\/product\/insta360-one-r-core-cinorah-a\/#breadcrumb\",\"itemListElement\":[{\"@type\":\"ListItem\",\"position\":1,\"name\":\"Home\",\"item\":\"https:\/\/koningdrone.be\/\"},{\"@type\":\"ListItem\",\"position\":2,\"name\":\"AVSS Parachute Recovery System for DJI Matrice 300\/350\",\"item\":\"https:\/\/koningdrone.be\/product\/avss-parachute-recovery-system-for-dji-matrice-300-350\/\"},{\"@type\":\"ListItem\",\"position\":3,\"name\":\"Alle producten\",\"item\":\"https:\/\/koningdrone.be\/categorie\/alle-producten\/\"},{\"@type\":\"ListItem\",\"position\":4,\"name\":\"INSTA360 ONE R Core (CINORAH\/A)\"}]},{\"@type\":\"WebSite\",\"@id\":\"https:\/\/koningdrone.be\/#website\",\"url\":\"https:\/\/koningdrone.be\/\",\"name\":\"Koningdrone.be - Uw online specialist in drones, gimbals, camera's en power stations.\",\"description\":\"De webshop in drones en gimbals\",\"publisher\":{\"@id\":\"https:\/\/koningdrone.be\/#organization\"},\"potentialAction\":[{\"@type\":\"SearchAction\",\"target\":{\"@type\":\"EntryPoint\",\"urlTemplate\":\"https:\/\/koningdrone.be\/?s={search_term_string}\"},\"query-input\":{\"@type\":\"PropertyValueSpecification\",\"valueRequired\":true,\"valueName\":\"search_term_string\"}}],\"inLanguage\":\"fr-BE\"},{\"@type\":\"Organization\",\"@id\":\"https:\/\/koningdrone.be\/#organization\",\"name\":\"Koningdrone.be\",\"url\":\"https:\/\/koningdrone.be\/\",\"logo\":{\"@type\":\"ImageObject\",\"inLanguage\":\"fr-BE\",\"@id\":\"https:\/\/koningdrone.be\/#\/schema\/logo\/image\/\",\"url\":\"https:\/\/koningdrone.be\/wp-content\/uploads\/sites\/13\/2025\/04\/koningdrone-copyright-logo.svg\",\"contentUrl\":\"https:\/\/koningdrone.be\/wp-content\/uploads\/sites\/13\/2025\/04\/koningdrone-copyright-logo.svg\",\"width\":227,\"height\":38,\"caption\":\"Koningdrone.be\"},\"image\":{\"@id\":\"https:\/\/koningdrone.be\/#\/schema\/logo\/image\/\"}}]}<\/script>\n<!-- \/ Yoast SEO Premium plugin. -->","yoast_head_json":{"title":"INSTA360 ONE R Core (CINORAH\/A) - koningdrone.be","robots":{"index":"index","follow":"follow","max-snippet":"max-snippet:-1","max-image-preview":"max-image-preview:large","max-video-preview":"max-video-preview:-1"},"canonical":"https:\/\/koningdrone.be\/fr\/produit\/insta360-one-r-core-cinorah-a\/","og_locale":"fr_FR","og_type":"article","og_title":"INSTA360 ONE R Core (CINORAH\/A)","og_description":"Brain of Modular ONE R Action Cam-systeemTouchscreen Live View-weergavemicroSD-kaartpoortOndersteuning voor microfoonadapter via USB Type-C-poortToegang tot camera-instellingenVoor\/achter gerichte LCD-instelling voor 4K Mod360 \u00b0 scherm vegen voor 360 Mod","og_url":"https:\/\/koningdrone.be\/fr\/produit\/insta360-one-r-core-cinorah-a\/","og_site_name":"koningdrone.be","article_modified_time":"2025-04-29T12:50:24+00:00","og_image":[{"width":600,"height":600,"url":"https:\/\/koningdrone.be\/wp-content\/uploads\/sites\/13\/2025\/04\/6970357851478-1.jpg","type":"image\/jpeg"}],"twitter_card":"summary_large_image","twitter_misc":{"Dur\u00e9e de lecture est.":"1 minute"},"schema":{"@context":"https:\/\/schema.org","@graph":[{"@type":"WebPage","@id":"https:\/\/koningdrone.be\/product\/insta360-one-r-core-cinorah-a\/","url":"https:\/\/koningdrone.be\/product\/insta360-one-r-core-cinorah-a\/","name":"INSTA360 ONE R Core (CINORAH\/A) - koningdrone.be","isPartOf":{"@id":"https:\/\/koningdrone.be\/#website"},"primaryImageOfPage":{"@id":"https:\/\/koningdrone.be\/product\/insta360-one-r-core-cinorah-a\/#primaryimage"},"image":{"@id":"https:\/\/koningdrone.be\/product\/insta360-one-r-core-cinorah-a\/#primaryimage"},"thumbnailUrl":"https:\/\/koningdrone.be\/wp-content\/uploads\/sites\/13\/2025\/04\/6970357851478-1.jpg","datePublished":"2022-05-25T20:36:16+00:00","dateModified":"2025-04-29T12:50:24+00:00","breadcrumb":{"@id":"https:\/\/koningdrone.be\/product\/insta360-one-r-core-cinorah-a\/#breadcrumb"},"inLanguage":"fr-BE","potentialAction":[{"@type":"ReadAction","target":["https:\/\/koningdrone.be\/product\/insta360-one-r-core-cinorah-a\/"]}]},{"@type":"ImageObject","inLanguage":"fr-BE","@id":"https:\/\/koningdrone.be\/product\/insta360-one-r-core-cinorah-a\/#primaryimage","url":"https:\/\/koningdrone.be\/wp-content\/uploads\/sites\/13\/2025\/04\/6970357851478-1.jpg","contentUrl":"https:\/\/koningdrone.be\/wp-content\/uploads\/sites\/13\/2025\/04\/6970357851478-1.jpg","width":600,"height":600},{"@type":"BreadcrumbList","@id":"https:\/\/koningdrone.be\/product\/insta360-one-r-core-cinorah-a\/#breadcrumb","itemListElement":[{"@type":"ListItem","position":1,"name":"Home","item":"https:\/\/koningdrone.be\/"},{"@type":"ListItem","position":2,"name":"AVSS Parachute Recovery System for DJI Matrice 300\/350","item":"https:\/\/koningdrone.be\/product\/avss-parachute-recovery-system-for-dji-matrice-300-350\/"},{"@type":"ListItem","position":3,"name":"Alle producten","item":"https:\/\/koningdrone.be\/categorie\/alle-producten\/"},{"@type":"ListItem","position":4,"name":"INSTA360 ONE R Core (CINORAH\/A)"}]},{"@type":"WebSite","@id":"https:\/\/koningdrone.be\/#website","url":"https:\/\/koningdrone.be\/","name":"Koningdrone.be - Votre sp\u00e9cialiste en ligne en mati\u00e8re de drones, de cardans, de cam\u00e9ras et de centrales \u00e9lectriques.","description":"La boutique en ligne de drones et de cardans","publisher":{"@id":"https:\/\/koningdrone.be\/#organization"},"potentialAction":[{"@type":"SearchAction","target":{"@type":"EntryPoint","urlTemplate":"https:\/\/koningdrone.be\/?s={search_term_string}"},"query-input":{"@type":"PropertyValueSpecification","valueRequired":true,"valueName":"search_term_string"}}],"inLanguage":"fr-BE"},{"@type":"Organization","@id":"https:\/\/koningdrone.be\/#organization","name":"Kingdrone.co.uk","url":"https:\/\/koningdrone.be\/","logo":{"@type":"ImageObject","inLanguage":"fr-BE","@id":"https:\/\/koningdrone.be\/#\/schema\/logo\/image\/","url":"https:\/\/koningdrone.be\/wp-content\/uploads\/sites\/13\/2025\/04\/koningdrone-copyright-logo.svg","contentUrl":"https:\/\/koningdrone.be\/wp-content\/uploads\/sites\/13\/2025\/04\/koningdrone-copyright-logo.svg","width":227,"height":38,"caption":"Koningdrone.be"},"image":{"@id":"https:\/\/koningdrone.be\/#\/schema\/logo\/image\/"}}]}},"df_price":"","df_sale_price":"","df_regular_price":"","df_image_link":"https:\/\/koningdrone.be\/wp-content\/uploads\/sites\/13\/2025\/04\/6970357851478-1-300x300.jpg","_links":{"self":[{"href":"https:\/\/koningdrone.be\/fr\/wp-json\/wp\/v2\/product\/5925","targetHints":{"allow":["GET"]}}],"collection":[{"href":"https:\/\/koningdrone.be\/fr\/wp-json\/wp\/v2\/product"}],"about":[{"href":"https:\/\/koningdrone.be\/fr\/wp-json\/wp\/v2\/types\/product"}],"wp:featuredmedia":[{"embeddable":true,"href":"https:\/\/koningdrone.be\/fr\/wp-json\/wp\/v2\/media\/5922"}],"wp:attachment":[{"href":"https:\/\/koningdrone.be\/fr\/wp-json\/wp\/v2\/media?parent=5925"}],"wp:term":[{"taxonomy":"product_brand","embeddable":true,"href":"https:\/\/koningdrone.be\/fr\/wp-json\/wp\/v2\/product_brand?post=5925"},{"taxonomy":"product_cat","embeddable":true,"href":"https:\/\/koningdrone.be\/fr\/wp-json\/wp\/v2\/product_cat?post=5925"},{"taxonomy":"product_tag","embeddable":true,"href":"https:\/\/koningdrone.be\/fr\/wp-json\/wp\/v2\/product_tag?post=5925"}],"curies":[{"name":"wp","href":"https:\/\/api.w.org\/{rel}","templated":true}]}}