{"id":5921,"date":"2022-05-25T20:36:16","date_gmt":"2022-05-25T20:36:16","guid":{"rendered":"https:\/\/koningdrone.nl\/kon\/product\/insta360-expert-edition-cinorc4-a-cinakgp-d\/"},"modified":"2025-04-29T12:50:21","modified_gmt":"2025-04-29T12:50:21","slug":"insta360-expert-edition-cinorc4-a-cinakgp-d","status":"publish","type":"product","link":"https:\/\/koningdrone.be\/fr\/produit\/insta360-expert-edition-cinorc4-a-cinakgp-d\/","title":{"rendered":"INSTA360 Expert Edition (CINORC4\/A, CINAKGP\/D)"},"content":{"rendered":"<h1>   Insta360 Expert Edition (CINORC4\/A, CINAKGP\/D) <\/h1>\n<p>Enregistrez des images d\u00e9taill\u00e9es, vivantes et \u00e9poustouflantes o\u00f9 que vous alliez avec l'Insta360 One R 360 Edition.<br \/>\u00a0 <br \/>*ONE R est \u00e9tanche apr\u00e8s avoir \u00e9t\u00e9 enti\u00e8rement assembl\u00e9 et install\u00e9 dans le support de montage fourni.<\/p>","protected":false},"excerpt":{"rendered":"<ul>\n<li>Offre une r\u00e9solution de 5,7K pour les prises de vue \u00e0 360 degr\u00e9s avec encodage H.265, traitement d'image avanc\u00e9 et algorithme de finition aliment\u00e9 par l'IA pour un r\u00e9alisme r\u00e9aliste.<\/li>\n<li>Int\u00e9gration de la stabilisation FlowState et d'un algorithme de suivi aliment\u00e9 par l'IA pour r\u00e9duire les vibrations de l'appareil photo sans avoir recours \u00e0 un cardan.<\/li>\n<li>Utilisez le Shot Lab pour ajouter des \u00e9l\u00e9ments cr\u00e9atifs \u00e0 vos photos \u00e0 360\u00b0.<\/li>\n<li>Capturez des vid\u00e9os dans une perspective \u00e0 360 degr\u00e9s et utilisez la technologie Auto Frame pour ex\u00e9cuter un algorithme de vision par ordinateur et d\u00e9signer ceux qui m\u00e9ritent de faire le dernier pas.<\/li>\n<li>Sa construction \u00e9tanche IPX8* lui permet de r\u00e9sister \u00e0 l'immersion dans l'eau jusqu'\u00e0 une profondeur de 5 m.<\/li>\n<\/ul>","protected":false},"featured_media":0,"template":"","meta":{"_acf_changed":false},"product_brand":[],"product_cat":[97,343],"product_tag":[],"class_list":{"0":"post-5921","1":"product","2":"type-product","3":"status-publish","5":"product_cat-alle-producten","6":"product_cat-insta360","7":"pa_brand-insta360","8":"pa_series-insta360-go","10":"first","11":"outofstock","12":"taxable","13":"shipping-taxable","14":"product-type-simple"},"acf":[],"yoast_head":"<!-- This site is optimized with the Yoast SEO Premium plugin v27.2 (Yoast SEO v27.2) - https:\/\/yoast.com\/product\/yoast-seo-premium-wordpress\/ -->\n<title>INSTA360 Expert Edition (CINORC4\/A, CINAKGP\/D) - koningdrone.be<\/title>\n<meta name=\"robots\" content=\"index, follow, max-snippet:-1, max-image-preview:large, max-video-preview:-1\" \/>\n<link rel=\"canonical\" href=\"https:\/\/koningdrone.be\/fr\/produit\/insta360-expert-edition-cinorc4-a-cinakgp-d\/\" \/>\n<meta property=\"og:locale\" content=\"fr_FR\" \/>\n<meta property=\"og:type\" content=\"article\" \/>\n<meta property=\"og:title\" content=\"INSTA360 Expert Edition (CINORC4\/A, CINAKGP\/D)\" \/>\n<meta property=\"og:description\" content=\"Biedt een resolutie van 5,7K 360-graden opnamen ondersteund met H.265-codering, geavanceerde beeldverwerking en een AI-aangedreven afwerkingsalgoritme voor levensecht realismeGe\u00efntegreerd met FlowState Stabilization en een AI-aangedreven tracking-algoritme om camerabewegingen te verminderen zonder dat een gimbal nodig isGebruik het Shot Lab om creatieve wendingen te geven aan je 360-gradenfoto&#039;sLeg video&#039;s vast in een 360-gradenperspectief en gebruik Auto Frame-technologie om een computervisie-algoritme uit te voeren en degenen te nomineren die het waard zijn om de laatste stap te makenBeschikt over een IPX8 waterdichte constructie*, waardoor het bestand is tegen onderdompeling in water tot een diepte van maximaal 5 m\" \/>\n<meta property=\"og:url\" content=\"https:\/\/koningdrone.be\/fr\/produit\/insta360-expert-edition-cinorc4-a-cinakgp-d\/\" \/>\n<meta property=\"og:site_name\" content=\"koningdrone.be\" \/>\n<meta property=\"article:modified_time\" content=\"2025-04-29T12:50:21+00:00\" \/>\n<meta name=\"twitter:card\" content=\"summary_large_image\" \/>\n<script type=\"application\/ld+json\" class=\"yoast-schema-graph\">{\"@context\":\"https:\/\/schema.org\",\"@graph\":[{\"@type\":\"WebPage\",\"@id\":\"https:\/\/koningdrone.be\/product\/insta360-expert-edition-cinorc4-a-cinakgp-d\/\",\"url\":\"https:\/\/koningdrone.be\/product\/insta360-expert-edition-cinorc4-a-cinakgp-d\/\",\"name\":\"INSTA360 Expert Edition (CINORC4\/A, CINAKGP\/D) - koningdrone.be\",\"isPartOf\":{\"@id\":\"https:\/\/koningdrone.be\/#website\"},\"datePublished\":\"2022-05-25T20:36:16+00:00\",\"dateModified\":\"2025-04-29T12:50:21+00:00\",\"breadcrumb\":{\"@id\":\"https:\/\/koningdrone.be\/product\/insta360-expert-edition-cinorc4-a-cinakgp-d\/#breadcrumb\"},\"inLanguage\":\"fr-BE\",\"potentialAction\":[{\"@type\":\"ReadAction\",\"target\":[\"https:\/\/koningdrone.be\/product\/insta360-expert-edition-cinorc4-a-cinakgp-d\/\"]}]},{\"@type\":\"BreadcrumbList\",\"@id\":\"https:\/\/koningdrone.be\/product\/insta360-expert-edition-cinorc4-a-cinakgp-d\/#breadcrumb\",\"itemListElement\":[{\"@type\":\"ListItem\",\"position\":1,\"name\":\"Home\",\"item\":\"https:\/\/koningdrone.be\/\"},{\"@type\":\"ListItem\",\"position\":2,\"name\":\"AVSS Parachute Recovery System for DJI Matrice 300\/350\",\"item\":\"https:\/\/koningdrone.be\/product\/avss-parachute-recovery-system-for-dji-matrice-300-350\/\"},{\"@type\":\"ListItem\",\"position\":3,\"name\":\"Alle producten\",\"item\":\"https:\/\/koningdrone.be\/categorie\/alle-producten\/\"},{\"@type\":\"ListItem\",\"position\":4,\"name\":\"INSTA360 Expert Edition (CINORC4\/A, CINAKGP\/D)\"}]},{\"@type\":\"WebSite\",\"@id\":\"https:\/\/koningdrone.be\/#website\",\"url\":\"https:\/\/koningdrone.be\/\",\"name\":\"Koningdrone.be - Uw online specialist in drones, gimbals, camera's en power stations.\",\"description\":\"De webshop in drones en gimbals\",\"publisher\":{\"@id\":\"https:\/\/koningdrone.be\/#organization\"},\"potentialAction\":[{\"@type\":\"SearchAction\",\"target\":{\"@type\":\"EntryPoint\",\"urlTemplate\":\"https:\/\/koningdrone.be\/?s={search_term_string}\"},\"query-input\":{\"@type\":\"PropertyValueSpecification\",\"valueRequired\":true,\"valueName\":\"search_term_string\"}}],\"inLanguage\":\"fr-BE\"},{\"@type\":\"Organization\",\"@id\":\"https:\/\/koningdrone.be\/#organization\",\"name\":\"Koningdrone.be\",\"url\":\"https:\/\/koningdrone.be\/\",\"logo\":{\"@type\":\"ImageObject\",\"inLanguage\":\"fr-BE\",\"@id\":\"https:\/\/koningdrone.be\/#\/schema\/logo\/image\/\",\"url\":\"https:\/\/koningdrone.be\/wp-content\/uploads\/sites\/13\/2025\/04\/koningdrone-copyright-logo.svg\",\"contentUrl\":\"https:\/\/koningdrone.be\/wp-content\/uploads\/sites\/13\/2025\/04\/koningdrone-copyright-logo.svg\",\"width\":227,\"height\":38,\"caption\":\"Koningdrone.be\"},\"image\":{\"@id\":\"https:\/\/koningdrone.be\/#\/schema\/logo\/image\/\"}}]}<\/script>\n<!-- \/ Yoast SEO Premium plugin. -->","yoast_head_json":{"title":"INSTA360 Expert Edition (CINORC4\/A, CINAKGP\/D) - koningdrone.be","robots":{"index":"index","follow":"follow","max-snippet":"max-snippet:-1","max-image-preview":"max-image-preview:large","max-video-preview":"max-video-preview:-1"},"canonical":"https:\/\/koningdrone.be\/fr\/produit\/insta360-expert-edition-cinorc4-a-cinakgp-d\/","og_locale":"fr_FR","og_type":"article","og_title":"INSTA360 Expert Edition (CINORC4\/A, CINAKGP\/D)","og_description":"Biedt een resolutie van 5,7K 360-graden opnamen ondersteund met H.265-codering, geavanceerde beeldverwerking en een AI-aangedreven afwerkingsalgoritme voor levensecht realismeGe\u00efntegreerd met FlowState Stabilization en een AI-aangedreven tracking-algoritme om camerabewegingen te verminderen zonder dat een gimbal nodig isGebruik het Shot Lab om creatieve wendingen te geven aan je 360-gradenfoto'sLeg video's vast in een 360-gradenperspectief en gebruik Auto Frame-technologie om een computervisie-algoritme uit te voeren en degenen te nomineren die het waard zijn om de laatste stap te makenBeschikt over een IPX8 waterdichte constructie*, waardoor het bestand is tegen onderdompeling in water tot een diepte van maximaal 5 m","og_url":"https:\/\/koningdrone.be\/fr\/produit\/insta360-expert-edition-cinorc4-a-cinakgp-d\/","og_site_name":"koningdrone.be","article_modified_time":"2025-04-29T12:50:21+00:00","twitter_card":"summary_large_image","schema":{"@context":"https:\/\/schema.org","@graph":[{"@type":"WebPage","@id":"https:\/\/koningdrone.be\/product\/insta360-expert-edition-cinorc4-a-cinakgp-d\/","url":"https:\/\/koningdrone.be\/product\/insta360-expert-edition-cinorc4-a-cinakgp-d\/","name":"INSTA360 Expert Edition (CINORC4\/A, CINAKGP\/D) - koningdrone.be","isPartOf":{"@id":"https:\/\/koningdrone.be\/#website"},"datePublished":"2022-05-25T20:36:16+00:00","dateModified":"2025-04-29T12:50:21+00:00","breadcrumb":{"@id":"https:\/\/koningdrone.be\/product\/insta360-expert-edition-cinorc4-a-cinakgp-d\/#breadcrumb"},"inLanguage":"fr-BE","potentialAction":[{"@type":"ReadAction","target":["https:\/\/koningdrone.be\/product\/insta360-expert-edition-cinorc4-a-cinakgp-d\/"]}]},{"@type":"BreadcrumbList","@id":"https:\/\/koningdrone.be\/product\/insta360-expert-edition-cinorc4-a-cinakgp-d\/#breadcrumb","itemListElement":[{"@type":"ListItem","position":1,"name":"Home","item":"https:\/\/koningdrone.be\/"},{"@type":"ListItem","position":2,"name":"AVSS Parachute Recovery System for DJI Matrice 300\/350","item":"https:\/\/koningdrone.be\/product\/avss-parachute-recovery-system-for-dji-matrice-300-350\/"},{"@type":"ListItem","position":3,"name":"Alle producten","item":"https:\/\/koningdrone.be\/categorie\/alle-producten\/"},{"@type":"ListItem","position":4,"name":"INSTA360 Expert Edition (CINORC4\/A, CINAKGP\/D)"}]},{"@type":"WebSite","@id":"https:\/\/koningdrone.be\/#website","url":"https:\/\/koningdrone.be\/","name":"Koningdrone.be - Votre sp\u00e9cialiste en ligne en mati\u00e8re de drones, de cardans, de cam\u00e9ras et de centrales \u00e9lectriques.","description":"La boutique en ligne de drones et de cardans","publisher":{"@id":"https:\/\/koningdrone.be\/#organization"},"potentialAction":[{"@type":"SearchAction","target":{"@type":"EntryPoint","urlTemplate":"https:\/\/koningdrone.be\/?s={search_term_string}"},"query-input":{"@type":"PropertyValueSpecification","valueRequired":true,"valueName":"search_term_string"}}],"inLanguage":"fr-BE"},{"@type":"Organization","@id":"https:\/\/koningdrone.be\/#organization","name":"Kingdrone.co.uk","url":"https:\/\/koningdrone.be\/","logo":{"@type":"ImageObject","inLanguage":"fr-BE","@id":"https:\/\/koningdrone.be\/#\/schema\/logo\/image\/","url":"https:\/\/koningdrone.be\/wp-content\/uploads\/sites\/13\/2025\/04\/koningdrone-copyright-logo.svg","contentUrl":"https:\/\/koningdrone.be\/wp-content\/uploads\/sites\/13\/2025\/04\/koningdrone-copyright-logo.svg","width":227,"height":38,"caption":"Koningdrone.be"},"image":{"@id":"https:\/\/koningdrone.be\/#\/schema\/logo\/image\/"}}]}},"df_price":"","df_sale_price":"","df_regular_price":"","df_image_link":"https:\/\/koningdrone.be\/wp-content\/uploads\/sites\/13\/woocommerce-placeholder-300x300.png","_links":{"self":[{"href":"https:\/\/koningdrone.be\/fr\/wp-json\/wp\/v2\/product\/5921","targetHints":{"allow":["GET"]}}],"collection":[{"href":"https:\/\/koningdrone.be\/fr\/wp-json\/wp\/v2\/product"}],"about":[{"href":"https:\/\/koningdrone.be\/fr\/wp-json\/wp\/v2\/types\/product"}],"wp:attachment":[{"href":"https:\/\/koningdrone.be\/fr\/wp-json\/wp\/v2\/media?parent=5921"}],"wp:term":[{"taxonomy":"product_brand","embeddable":true,"href":"https:\/\/koningdrone.be\/fr\/wp-json\/wp\/v2\/product_brand?post=5921"},{"taxonomy":"product_cat","embeddable":true,"href":"https:\/\/koningdrone.be\/fr\/wp-json\/wp\/v2\/product_cat?post=5921"},{"taxonomy":"product_tag","embeddable":true,"href":"https:\/\/koningdrone.be\/fr\/wp-json\/wp\/v2\/product_tag?post=5921"}],"curies":[{"name":"wp","href":"https:\/\/api.w.org\/{rel}","templated":true}]}}