{"id":5912,"date":"2022-05-25T20:36:16","date_gmt":"2022-05-25T20:36:16","guid":{"rendered":"https:\/\/koningdrone.nl\/kon\/product\/insta360-trio-edition-cinorc4-a-cinakgp-a\/"},"modified":"2025-04-29T12:51:33","modified_gmt":"2025-04-29T12:51:33","slug":"insta360-trio-edition-cinorc4-a-cinakgp-a","status":"publish","type":"product","link":"https:\/\/koningdrone.be\/fr\/produit\/insta360-trio-edition-cinorc4-a-cinakgp-a\/","title":{"rendered":"INSTA360 Trio Edition (CINORC4\/A, CINAKGP\/A)"},"content":{"rendered":"<h1>   Insta360 Trio Edition (CINORC4\/A, CINAKGP\/A) <\/h1>\n<p>Deux modes de prise de vue exceptionnels 5,7K 360 + 4K grand angle<br \/>ONE R Twin Edition se transforme en un clin d'\u0153il d'une cam\u00e9ra 360\u00b0 \u00e0 un objectif grand angle 4K60fps. Selon vos besoins, vous aurez toujours le bon outil pour capturer votre action.<br \/><strong> Prises de vue ultra-nettes \u00e0 5,7K<\/strong> <br \/>Mati\u00e8re \u00e0 d\u00e9tails<br \/>Avec une r\u00e9solution de 5,7K, le module 360 \u00e0 double objectif de la ONE R \u00e9tablit de nouvelles normes en mati\u00e8re d'optimisation H.265 afin d'obtenir des d\u00e9tails et d'optimiser l'enregistrement.<br \/>Point \u00e0 la voie + voie profonde<br \/>Le suivi automatique - en toute simplicit\u00e9<br \/>Il suffit d'un simple toucher ou d'une commande vocale pour suivre un objet. L'algorithme de suivi pilot\u00e9 par l'IA de ONE R maintient toujours l'objet au centre de l'action de mani\u00e8re enti\u00e8rement automatique. M\u00eame si l'objet est recouvert par un obstacle, ONE R peut s'en souvenir et recommencer \u00e0 le suivre d\u00e8s qu'il r\u00e9appara\u00eet dans le champ de vision.<br \/>\u00a0 <br \/><strong> Post-traitement FlashCut KI<\/strong> <br \/>Plus d'action - moins de r\u00e9daction<br \/>L'application One R utilise la technologie FlashCut de KI pour s\u00e9lectionner vos meilleures prises de vue et les \u00e9diter en suivant le rythme de la musique. FlashCut analyse le sujet, la qualit\u00e9 et la dur\u00e9e de la prise de vue pour cr\u00e9er des clips qui peuvent \u00eatre partag\u00e9s instantan\u00e9ment.<br \/><strong> \u00c9tanch\u00e9it\u00e9 IPX8 - jusqu'\u00e0 5 m\u00e8tres de profondeur<\/strong> <br \/>\u00a0 <br \/>Le One R est \u00e9tanche jusqu'\u00e0 5 m\u00e8tres IPX8. Que vous soyez au bord de la piscine ou par temps pluvieux, le ONE R est toujours pr\u00eat \u00e0 l'emploi.<\/p>","protected":false},"excerpt":{"rendered":"<ul>\n<li>Enregistrement \u00e0 360\u00b0 5,7K<\/li>\n<li>Grand angle 4K<\/li>\n<li>Stabilisation de l'\u00e9tat des flux<\/li>\n<li>R\u00e9sistant \u00e0 l'eau<\/li>\n<li>B\u00e2ton de selfie invisible<\/li>\n<li>Hyperlapses<\/li>\n<li>Point \u00e0 point<\/li>\n<li>Photo HDR<\/li>\n<li>Prise de vue nocturne<\/li>\n<\/ul>","protected":false},"featured_media":0,"template":"","meta":{"_acf_changed":false},"product_brand":[],"product_cat":[97,343],"product_tag":[],"class_list":{"0":"post-5912","1":"product","2":"type-product","3":"status-publish","5":"product_cat-alle-producten","6":"product_cat-insta360","7":"pa_brand-insta360","8":"pa_series-insta360-go","10":"first","11":"outofstock","12":"taxable","13":"shipping-taxable","14":"product-type-simple"},"acf":[],"yoast_head":"<!-- This site is optimized with the Yoast SEO Premium plugin v27.2 (Yoast SEO v27.2) - https:\/\/yoast.com\/product\/yoast-seo-premium-wordpress\/ -->\n<title>INSTA360 Trio Edition (CINORC4\/A, CINAKGP\/A) - koningdrone.be<\/title>\n<meta name=\"robots\" content=\"index, follow, max-snippet:-1, max-image-preview:large, max-video-preview:-1\" \/>\n<link rel=\"canonical\" href=\"https:\/\/koningdrone.be\/fr\/produit\/insta360-trio-edition-cinorc4-a-cinakgp-a\/\" \/>\n<meta property=\"og:locale\" content=\"fr_FR\" \/>\n<meta property=\"og:type\" content=\"article\" \/>\n<meta property=\"og:title\" content=\"INSTA360 Trio Edition (CINORC4\/A, CINAKGP\/A)\" \/>\n<meta property=\"og:description\" content=\"5.7K 360 \u00b0 opname4K groothoekFlowState-stabilisatieWaterbestendigOnzichtbare selfiestickHyperlapsesPunt-naar-spoorHDR-fotoNachtopname\" \/>\n<meta property=\"og:url\" content=\"https:\/\/koningdrone.be\/fr\/produit\/insta360-trio-edition-cinorc4-a-cinakgp-a\/\" \/>\n<meta property=\"og:site_name\" content=\"koningdrone.be\" \/>\n<meta property=\"article:modified_time\" content=\"2025-04-29T12:51:33+00:00\" \/>\n<meta name=\"twitter:card\" content=\"summary_large_image\" \/>\n<meta name=\"twitter:label1\" content=\"Dur\u00e9e de lecture est.\" \/>\n\t<meta name=\"twitter:data1\" content=\"1 minute\" \/>\n<script type=\"application\/ld+json\" class=\"yoast-schema-graph\">{\"@context\":\"https:\/\/schema.org\",\"@graph\":[{\"@type\":\"WebPage\",\"@id\":\"https:\/\/koningdrone.be\/product\/insta360-trio-edition-cinorc4-a-cinakgp-a\/\",\"url\":\"https:\/\/koningdrone.be\/product\/insta360-trio-edition-cinorc4-a-cinakgp-a\/\",\"name\":\"INSTA360 Trio Edition (CINORC4\/A, CINAKGP\/A) - koningdrone.be\",\"isPartOf\":{\"@id\":\"https:\/\/koningdrone.be\/#website\"},\"datePublished\":\"2022-05-25T20:36:16+00:00\",\"dateModified\":\"2025-04-29T12:51:33+00:00\",\"breadcrumb\":{\"@id\":\"https:\/\/koningdrone.be\/product\/insta360-trio-edition-cinorc4-a-cinakgp-a\/#breadcrumb\"},\"inLanguage\":\"fr-BE\",\"potentialAction\":[{\"@type\":\"ReadAction\",\"target\":[\"https:\/\/koningdrone.be\/product\/insta360-trio-edition-cinorc4-a-cinakgp-a\/\"]}]},{\"@type\":\"BreadcrumbList\",\"@id\":\"https:\/\/koningdrone.be\/product\/insta360-trio-edition-cinorc4-a-cinakgp-a\/#breadcrumb\",\"itemListElement\":[{\"@type\":\"ListItem\",\"position\":1,\"name\":\"Home\",\"item\":\"https:\/\/koningdrone.be\/\"},{\"@type\":\"ListItem\",\"position\":2,\"name\":\"AVSS Parachute Recovery System for DJI Matrice 300\/350\",\"item\":\"https:\/\/koningdrone.be\/product\/avss-parachute-recovery-system-for-dji-matrice-300-350\/\"},{\"@type\":\"ListItem\",\"position\":3,\"name\":\"Alle producten\",\"item\":\"https:\/\/koningdrone.be\/categorie\/alle-producten\/\"},{\"@type\":\"ListItem\",\"position\":4,\"name\":\"INSTA360 Trio Edition (CINORC4\/A, CINAKGP\/A)\"}]},{\"@type\":\"WebSite\",\"@id\":\"https:\/\/koningdrone.be\/#website\",\"url\":\"https:\/\/koningdrone.be\/\",\"name\":\"Koningdrone.be - Uw online specialist in drones, gimbals, camera's en power stations.\",\"description\":\"De webshop in drones en gimbals\",\"publisher\":{\"@id\":\"https:\/\/koningdrone.be\/#organization\"},\"potentialAction\":[{\"@type\":\"SearchAction\",\"target\":{\"@type\":\"EntryPoint\",\"urlTemplate\":\"https:\/\/koningdrone.be\/?s={search_term_string}\"},\"query-input\":{\"@type\":\"PropertyValueSpecification\",\"valueRequired\":true,\"valueName\":\"search_term_string\"}}],\"inLanguage\":\"fr-BE\"},{\"@type\":\"Organization\",\"@id\":\"https:\/\/koningdrone.be\/#organization\",\"name\":\"Koningdrone.be\",\"url\":\"https:\/\/koningdrone.be\/\",\"logo\":{\"@type\":\"ImageObject\",\"inLanguage\":\"fr-BE\",\"@id\":\"https:\/\/koningdrone.be\/#\/schema\/logo\/image\/\",\"url\":\"https:\/\/koningdrone.be\/wp-content\/uploads\/sites\/13\/2025\/04\/koningdrone-copyright-logo.svg\",\"contentUrl\":\"https:\/\/koningdrone.be\/wp-content\/uploads\/sites\/13\/2025\/04\/koningdrone-copyright-logo.svg\",\"width\":227,\"height\":38,\"caption\":\"Koningdrone.be\"},\"image\":{\"@id\":\"https:\/\/koningdrone.be\/#\/schema\/logo\/image\/\"}}]}<\/script>\n<!-- \/ Yoast SEO Premium plugin. -->","yoast_head_json":{"title":"INSTA360 Trio Edition (CINORC4\/A, CINAKGP\/A) - koningdrone.be","robots":{"index":"index","follow":"follow","max-snippet":"max-snippet:-1","max-image-preview":"max-image-preview:large","max-video-preview":"max-video-preview:-1"},"canonical":"https:\/\/koningdrone.be\/fr\/produit\/insta360-trio-edition-cinorc4-a-cinakgp-a\/","og_locale":"fr_FR","og_type":"article","og_title":"INSTA360 Trio Edition (CINORC4\/A, CINAKGP\/A)","og_description":"5.7K 360 \u00b0 opname4K groothoekFlowState-stabilisatieWaterbestendigOnzichtbare selfiestickHyperlapsesPunt-naar-spoorHDR-fotoNachtopname","og_url":"https:\/\/koningdrone.be\/fr\/produit\/insta360-trio-edition-cinorc4-a-cinakgp-a\/","og_site_name":"koningdrone.be","article_modified_time":"2025-04-29T12:51:33+00:00","twitter_card":"summary_large_image","twitter_misc":{"Dur\u00e9e de lecture est.":"1 minute"},"schema":{"@context":"https:\/\/schema.org","@graph":[{"@type":"WebPage","@id":"https:\/\/koningdrone.be\/product\/insta360-trio-edition-cinorc4-a-cinakgp-a\/","url":"https:\/\/koningdrone.be\/product\/insta360-trio-edition-cinorc4-a-cinakgp-a\/","name":"INSTA360 Trio Edition (CINORC4\/A, CINAKGP\/A) - koningdrone.be","isPartOf":{"@id":"https:\/\/koningdrone.be\/#website"},"datePublished":"2022-05-25T20:36:16+00:00","dateModified":"2025-04-29T12:51:33+00:00","breadcrumb":{"@id":"https:\/\/koningdrone.be\/product\/insta360-trio-edition-cinorc4-a-cinakgp-a\/#breadcrumb"},"inLanguage":"fr-BE","potentialAction":[{"@type":"ReadAction","target":["https:\/\/koningdrone.be\/product\/insta360-trio-edition-cinorc4-a-cinakgp-a\/"]}]},{"@type":"BreadcrumbList","@id":"https:\/\/koningdrone.be\/product\/insta360-trio-edition-cinorc4-a-cinakgp-a\/#breadcrumb","itemListElement":[{"@type":"ListItem","position":1,"name":"Home","item":"https:\/\/koningdrone.be\/"},{"@type":"ListItem","position":2,"name":"AVSS Parachute Recovery System for DJI Matrice 300\/350","item":"https:\/\/koningdrone.be\/product\/avss-parachute-recovery-system-for-dji-matrice-300-350\/"},{"@type":"ListItem","position":3,"name":"Alle producten","item":"https:\/\/koningdrone.be\/categorie\/alle-producten\/"},{"@type":"ListItem","position":4,"name":"INSTA360 Trio Edition (CINORC4\/A, CINAKGP\/A)"}]},{"@type":"WebSite","@id":"https:\/\/koningdrone.be\/#website","url":"https:\/\/koningdrone.be\/","name":"Koningdrone.be - Votre sp\u00e9cialiste en ligne en mati\u00e8re de drones, de cardans, de cam\u00e9ras et de centrales \u00e9lectriques.","description":"La boutique en ligne de drones et de cardans","publisher":{"@id":"https:\/\/koningdrone.be\/#organization"},"potentialAction":[{"@type":"SearchAction","target":{"@type":"EntryPoint","urlTemplate":"https:\/\/koningdrone.be\/?s={search_term_string}"},"query-input":{"@type":"PropertyValueSpecification","valueRequired":true,"valueName":"search_term_string"}}],"inLanguage":"fr-BE"},{"@type":"Organization","@id":"https:\/\/koningdrone.be\/#organization","name":"Kingdrone.co.uk","url":"https:\/\/koningdrone.be\/","logo":{"@type":"ImageObject","inLanguage":"fr-BE","@id":"https:\/\/koningdrone.be\/#\/schema\/logo\/image\/","url":"https:\/\/koningdrone.be\/wp-content\/uploads\/sites\/13\/2025\/04\/koningdrone-copyright-logo.svg","contentUrl":"https:\/\/koningdrone.be\/wp-content\/uploads\/sites\/13\/2025\/04\/koningdrone-copyright-logo.svg","width":227,"height":38,"caption":"Koningdrone.be"},"image":{"@id":"https:\/\/koningdrone.be\/#\/schema\/logo\/image\/"}}]}},"df_price":"","df_sale_price":"","df_regular_price":"","df_image_link":"https:\/\/koningdrone.be\/wp-content\/uploads\/sites\/13\/woocommerce-placeholder-300x300.png","_links":{"self":[{"href":"https:\/\/koningdrone.be\/fr\/wp-json\/wp\/v2\/product\/5912","targetHints":{"allow":["GET"]}}],"collection":[{"href":"https:\/\/koningdrone.be\/fr\/wp-json\/wp\/v2\/product"}],"about":[{"href":"https:\/\/koningdrone.be\/fr\/wp-json\/wp\/v2\/types\/product"}],"wp:attachment":[{"href":"https:\/\/koningdrone.be\/fr\/wp-json\/wp\/v2\/media?parent=5912"}],"wp:term":[{"taxonomy":"product_brand","embeddable":true,"href":"https:\/\/koningdrone.be\/fr\/wp-json\/wp\/v2\/product_brand?post=5912"},{"taxonomy":"product_cat","embeddable":true,"href":"https:\/\/koningdrone.be\/fr\/wp-json\/wp\/v2\/product_cat?post=5912"},{"taxonomy":"product_tag","embeddable":true,"href":"https:\/\/koningdrone.be\/fr\/wp-json\/wp\/v2\/product_tag?post=5912"}],"curies":[{"name":"wp","href":"https:\/\/api.w.org\/{rel}","templated":true}]}}