{"id":5905,"date":"2022-05-25T20:36:16","date_gmt":"2022-05-25T20:36:16","guid":{"rendered":"https:\/\/koningdrone.nl\/kon\/product\/insta360-go-cing0xx-a\/"},"modified":"2025-04-29T12:51:25","modified_gmt":"2025-04-29T12:51:25","slug":"insta360-go-cing0xx-a","status":"publish","type":"product","link":"https:\/\/koningdrone.be\/fr\/produit\/insta360-go-cing0xx-a\/","title":{"rendered":"INSTA360 GO (CING0XX\/A)"},"content":{"rendered":"<h1>   Insta360 GO (CING0XX\/A) <\/h1>\n<p>Insta360 combine le meilleur des deux mondes : le mat\u00e9riel et le contenu. En quatre ans seulement, l'entreprise est devenue le leader incontest\u00e9 des cam\u00e9ras \u00e0 360 degr\u00e9s et vend ses cam\u00e9ras dans plus de 158 pays. Insta360 d\u00e9voile aujourd'hui son dernier chef-d'\u0153uvre : Go, la plus petite cam\u00e9ra stabilis\u00e9e au monde.<br \/>\u00a0 <br \/>La mini-cam\u00e9ra stabilis\u00e9e peut \u00eatre fix\u00e9e n'importe o\u00f9. Gr\u00e2ce \u00e0 son format innovant et \u00e0 l'\u00e9dition intelligente pilot\u00e9e par l'IA, vous pouvez facilement immortaliser votre vie de mani\u00e8re impressionnante avec le GO.<br \/>\u00a0 <br \/><strong> l\u00e9ger<\/strong> <br \/>La nouvelle cam\u00e9ra Insta360 est la fourmi des cam\u00e9ras. Avec un poids de seulement 18,3 g, elle peut \u00eatre mont\u00e9e n'importe o\u00f9 pour capturer des images dans des perspectives impossibles \u00e0 obtenir avec d'autres cam\u00e9ras.<br \/>\u00a0 <br \/><strong> stabilis\u00e9<\/strong> <br \/>Lorsqu'il est port\u00e9, GO permet de prendre des photos en toute transparence et en gardant les mains libres. Vous pouvez ainsi immortaliser des exp\u00e9riences spontan\u00e9es sans jamais \u00eatre distrait par votre smartphone. Gr\u00e2ce \u00e0 la technologie de stabilisation FlowState, il permet des prises de vue ultra-stables \u00e0 tout moment.<br \/>\u00a0 <br \/><strong> Facile<\/strong> <br \/>L'enregistrement vid\u00e9o est plus simple que jamais : touchez une fois pour enregistrer un clip de 30 secondes maximum ; touchez \u00e0 nouveau pour mettre fin \u00e0 l'enregistrement.<br \/>\u00a0 <br \/><strong> R\u00e9sistant \u00e0 l'eau<\/strong> <br \/>Go est \u00e9tanche selon la norme IPX4. L'appareil photo est non seulement pr\u00eat \u00e0 \u00eatre utilis\u00e9 dans l'eau et sous la pluie, mais il peut \u00e9galement r\u00e9sister \u00e0 une immersion en eau peu profonde pendant 10 secondes.<br \/>\u00a0 <br \/>Go-app<br \/>L'application GO offre diverses options d'\u00e9dition. Des transitions aux palettes de couleurs en passant par la vitesse de lecture, tout peut \u00eatre ajust\u00e9 et optimis\u00e9.<\/p>","protected":false},"excerpt":{"rendered":"<ul>\n<li>L\u00e9ger - ne p\u00e8se que 18,3 grammes<\/li>\n<li>\u00c9tanch\u00e9it\u00e9 \u00e0 la norme IPX4<\/li>\n<li>Jusqu'\u00e0 200 clips par jour<\/li>\n<li>Enregistrement au ralenti<\/li>\n<li>Vatschoten<\/li>\n<li>\u00c9tui de chargement inclus<\/li>\n<\/ul>","protected":false},"featured_media":5900,"template":"","meta":{"_acf_changed":false},"product_brand":[],"product_cat":[97,343],"product_tag":[],"class_list":{"0":"post-5905","1":"product","2":"type-product","3":"status-publish","4":"has-post-thumbnail","6":"product_cat-alle-producten","7":"product_cat-insta360","8":"pa_brand-insta360","9":"pa_series-insta360-go","11":"first","12":"outofstock","13":"taxable","14":"shipping-taxable","15":"product-type-simple"},"acf":[],"yoast_head":"<!-- This site is optimized with the Yoast SEO Premium plugin v27.2 (Yoast SEO v27.2) - https:\/\/yoast.com\/product\/yoast-seo-premium-wordpress\/ -->\n<title>INSTA360 GO (CING0XX\/A) - koningdrone.be<\/title>\n<meta name=\"robots\" content=\"index, follow, max-snippet:-1, max-image-preview:large, max-video-preview:-1\" \/>\n<link rel=\"canonical\" href=\"https:\/\/koningdrone.be\/fr\/produit\/insta360-go-cing0xx-a\/\" \/>\n<meta property=\"og:locale\" content=\"fr_FR\" \/>\n<meta property=\"og:type\" content=\"article\" \/>\n<meta property=\"og:title\" content=\"INSTA360 GO (CING0XX\/A)\" \/>\n<meta property=\"og:description\" content=\"Lichtgewicht - weegt slechts 18,3 gramWaterdicht volgens IPX4-standaardTot 200 clips per dagSlow-mo opnameVatschotenIncl. Oplaadetui\" \/>\n<meta property=\"og:url\" content=\"https:\/\/koningdrone.be\/fr\/produit\/insta360-go-cing0xx-a\/\" \/>\n<meta property=\"og:site_name\" content=\"koningdrone.be\" \/>\n<meta property=\"article:modified_time\" content=\"2025-04-29T12:51:25+00:00\" \/>\n<meta property=\"og:image\" content=\"https:\/\/koningdrone.be\/wp-content\/uploads\/sites\/13\/2025\/04\/6970357851096-1.jpg\" \/>\n\t<meta property=\"og:image:width\" content=\"600\" \/>\n\t<meta property=\"og:image:height\" content=\"1364\" \/>\n\t<meta property=\"og:image:type\" content=\"image\/jpeg\" \/>\n<meta name=\"twitter:card\" content=\"summary_large_image\" \/>\n<meta name=\"twitter:label1\" content=\"Dur\u00e9e de lecture est.\" \/>\n\t<meta name=\"twitter:data1\" content=\"1 minute\" \/>\n<script type=\"application\/ld+json\" class=\"yoast-schema-graph\">{\"@context\":\"https:\/\/schema.org\",\"@graph\":[{\"@type\":\"WebPage\",\"@id\":\"https:\/\/koningdrone.be\/product\/insta360-go-cing0xx-a\/\",\"url\":\"https:\/\/koningdrone.be\/product\/insta360-go-cing0xx-a\/\",\"name\":\"INSTA360 GO (CING0XX\/A) - koningdrone.be\",\"isPartOf\":{\"@id\":\"https:\/\/koningdrone.be\/#website\"},\"primaryImageOfPage\":{\"@id\":\"https:\/\/koningdrone.be\/product\/insta360-go-cing0xx-a\/#primaryimage\"},\"image\":{\"@id\":\"https:\/\/koningdrone.be\/product\/insta360-go-cing0xx-a\/#primaryimage\"},\"thumbnailUrl\":\"https:\/\/koningdrone.be\/wp-content\/uploads\/sites\/13\/2025\/04\/6970357851096-1.jpg\",\"datePublished\":\"2022-05-25T20:36:16+00:00\",\"dateModified\":\"2025-04-29T12:51:25+00:00\",\"breadcrumb\":{\"@id\":\"https:\/\/koningdrone.be\/product\/insta360-go-cing0xx-a\/#breadcrumb\"},\"inLanguage\":\"fr-BE\",\"potentialAction\":[{\"@type\":\"ReadAction\",\"target\":[\"https:\/\/koningdrone.be\/product\/insta360-go-cing0xx-a\/\"]}]},{\"@type\":\"ImageObject\",\"inLanguage\":\"fr-BE\",\"@id\":\"https:\/\/koningdrone.be\/product\/insta360-go-cing0xx-a\/#primaryimage\",\"url\":\"https:\/\/koningdrone.be\/wp-content\/uploads\/sites\/13\/2025\/04\/6970357851096-1.jpg\",\"contentUrl\":\"https:\/\/koningdrone.be\/wp-content\/uploads\/sites\/13\/2025\/04\/6970357851096-1.jpg\",\"width\":600,\"height\":1364},{\"@type\":\"BreadcrumbList\",\"@id\":\"https:\/\/koningdrone.be\/product\/insta360-go-cing0xx-a\/#breadcrumb\",\"itemListElement\":[{\"@type\":\"ListItem\",\"position\":1,\"name\":\"Home\",\"item\":\"https:\/\/koningdrone.be\/\"},{\"@type\":\"ListItem\",\"position\":2,\"name\":\"AVSS Parachute Recovery System for DJI Matrice 300\/350\",\"item\":\"https:\/\/koningdrone.be\/product\/avss-parachute-recovery-system-for-dji-matrice-300-350\/\"},{\"@type\":\"ListItem\",\"position\":3,\"name\":\"Alle producten\",\"item\":\"https:\/\/koningdrone.be\/categorie\/alle-producten\/\"},{\"@type\":\"ListItem\",\"position\":4,\"name\":\"INSTA360 GO (CING0XX\/A)\"}]},{\"@type\":\"WebSite\",\"@id\":\"https:\/\/koningdrone.be\/#website\",\"url\":\"https:\/\/koningdrone.be\/\",\"name\":\"Koningdrone.be - Uw online specialist in drones, gimbals, camera's en power stations.\",\"description\":\"De webshop in drones en gimbals\",\"publisher\":{\"@id\":\"https:\/\/koningdrone.be\/#organization\"},\"potentialAction\":[{\"@type\":\"SearchAction\",\"target\":{\"@type\":\"EntryPoint\",\"urlTemplate\":\"https:\/\/koningdrone.be\/?s={search_term_string}\"},\"query-input\":{\"@type\":\"PropertyValueSpecification\",\"valueRequired\":true,\"valueName\":\"search_term_string\"}}],\"inLanguage\":\"fr-BE\"},{\"@type\":\"Organization\",\"@id\":\"https:\/\/koningdrone.be\/#organization\",\"name\":\"Koningdrone.be\",\"url\":\"https:\/\/koningdrone.be\/\",\"logo\":{\"@type\":\"ImageObject\",\"inLanguage\":\"fr-BE\",\"@id\":\"https:\/\/koningdrone.be\/#\/schema\/logo\/image\/\",\"url\":\"https:\/\/koningdrone.be\/wp-content\/uploads\/sites\/13\/2025\/04\/koningdrone-copyright-logo.svg\",\"contentUrl\":\"https:\/\/koningdrone.be\/wp-content\/uploads\/sites\/13\/2025\/04\/koningdrone-copyright-logo.svg\",\"width\":227,\"height\":38,\"caption\":\"Koningdrone.be\"},\"image\":{\"@id\":\"https:\/\/koningdrone.be\/#\/schema\/logo\/image\/\"}}]}<\/script>\n<!-- \/ Yoast SEO Premium plugin. -->","yoast_head_json":{"title":"INSTA360 GO (CING0XX\/A) - koningdrone.be","robots":{"index":"index","follow":"follow","max-snippet":"max-snippet:-1","max-image-preview":"max-image-preview:large","max-video-preview":"max-video-preview:-1"},"canonical":"https:\/\/koningdrone.be\/fr\/produit\/insta360-go-cing0xx-a\/","og_locale":"fr_FR","og_type":"article","og_title":"INSTA360 GO (CING0XX\/A)","og_description":"Lichtgewicht - weegt slechts 18,3 gramWaterdicht volgens IPX4-standaardTot 200 clips per dagSlow-mo opnameVatschotenIncl. Oplaadetui","og_url":"https:\/\/koningdrone.be\/fr\/produit\/insta360-go-cing0xx-a\/","og_site_name":"koningdrone.be","article_modified_time":"2025-04-29T12:51:25+00:00","og_image":[{"width":600,"height":1364,"url":"https:\/\/koningdrone.be\/wp-content\/uploads\/sites\/13\/2025\/04\/6970357851096-1.jpg","type":"image\/jpeg"}],"twitter_card":"summary_large_image","twitter_misc":{"Dur\u00e9e de lecture est.":"1 minute"},"schema":{"@context":"https:\/\/schema.org","@graph":[{"@type":"WebPage","@id":"https:\/\/koningdrone.be\/product\/insta360-go-cing0xx-a\/","url":"https:\/\/koningdrone.be\/product\/insta360-go-cing0xx-a\/","name":"INSTA360 GO (CING0XX\/A) - koningdrone.be","isPartOf":{"@id":"https:\/\/koningdrone.be\/#website"},"primaryImageOfPage":{"@id":"https:\/\/koningdrone.be\/product\/insta360-go-cing0xx-a\/#primaryimage"},"image":{"@id":"https:\/\/koningdrone.be\/product\/insta360-go-cing0xx-a\/#primaryimage"},"thumbnailUrl":"https:\/\/koningdrone.be\/wp-content\/uploads\/sites\/13\/2025\/04\/6970357851096-1.jpg","datePublished":"2022-05-25T20:36:16+00:00","dateModified":"2025-04-29T12:51:25+00:00","breadcrumb":{"@id":"https:\/\/koningdrone.be\/product\/insta360-go-cing0xx-a\/#breadcrumb"},"inLanguage":"fr-BE","potentialAction":[{"@type":"ReadAction","target":["https:\/\/koningdrone.be\/product\/insta360-go-cing0xx-a\/"]}]},{"@type":"ImageObject","inLanguage":"fr-BE","@id":"https:\/\/koningdrone.be\/product\/insta360-go-cing0xx-a\/#primaryimage","url":"https:\/\/koningdrone.be\/wp-content\/uploads\/sites\/13\/2025\/04\/6970357851096-1.jpg","contentUrl":"https:\/\/koningdrone.be\/wp-content\/uploads\/sites\/13\/2025\/04\/6970357851096-1.jpg","width":600,"height":1364},{"@type":"BreadcrumbList","@id":"https:\/\/koningdrone.be\/product\/insta360-go-cing0xx-a\/#breadcrumb","itemListElement":[{"@type":"ListItem","position":1,"name":"Home","item":"https:\/\/koningdrone.be\/"},{"@type":"ListItem","position":2,"name":"AVSS Parachute Recovery System for DJI Matrice 300\/350","item":"https:\/\/koningdrone.be\/product\/avss-parachute-recovery-system-for-dji-matrice-300-350\/"},{"@type":"ListItem","position":3,"name":"Alle producten","item":"https:\/\/koningdrone.be\/categorie\/alle-producten\/"},{"@type":"ListItem","position":4,"name":"INSTA360 GO (CING0XX\/A)"}]},{"@type":"WebSite","@id":"https:\/\/koningdrone.be\/#website","url":"https:\/\/koningdrone.be\/","name":"Koningdrone.be - Votre sp\u00e9cialiste en ligne en mati\u00e8re de drones, de cardans, de cam\u00e9ras et de centrales \u00e9lectriques.","description":"La boutique en ligne de drones et de cardans","publisher":{"@id":"https:\/\/koningdrone.be\/#organization"},"potentialAction":[{"@type":"SearchAction","target":{"@type":"EntryPoint","urlTemplate":"https:\/\/koningdrone.be\/?s={search_term_string}"},"query-input":{"@type":"PropertyValueSpecification","valueRequired":true,"valueName":"search_term_string"}}],"inLanguage":"fr-BE"},{"@type":"Organization","@id":"https:\/\/koningdrone.be\/#organization","name":"Kingdrone.co.uk","url":"https:\/\/koningdrone.be\/","logo":{"@type":"ImageObject","inLanguage":"fr-BE","@id":"https:\/\/koningdrone.be\/#\/schema\/logo\/image\/","url":"https:\/\/koningdrone.be\/wp-content\/uploads\/sites\/13\/2025\/04\/koningdrone-copyright-logo.svg","contentUrl":"https:\/\/koningdrone.be\/wp-content\/uploads\/sites\/13\/2025\/04\/koningdrone-copyright-logo.svg","width":227,"height":38,"caption":"Koningdrone.be"},"image":{"@id":"https:\/\/koningdrone.be\/#\/schema\/logo\/image\/"}}]}},"df_price":"","df_sale_price":"","df_regular_price":"","df_image_link":"https:\/\/koningdrone.be\/wp-content\/uploads\/sites\/13\/2025\/04\/6970357851096-1-132x300.jpg","_links":{"self":[{"href":"https:\/\/koningdrone.be\/fr\/wp-json\/wp\/v2\/product\/5905","targetHints":{"allow":["GET"]}}],"collection":[{"href":"https:\/\/koningdrone.be\/fr\/wp-json\/wp\/v2\/product"}],"about":[{"href":"https:\/\/koningdrone.be\/fr\/wp-json\/wp\/v2\/types\/product"}],"wp:featuredmedia":[{"embeddable":true,"href":"https:\/\/koningdrone.be\/fr\/wp-json\/wp\/v2\/media\/5900"}],"wp:attachment":[{"href":"https:\/\/koningdrone.be\/fr\/wp-json\/wp\/v2\/media?parent=5905"}],"wp:term":[{"taxonomy":"product_brand","embeddable":true,"href":"https:\/\/koningdrone.be\/fr\/wp-json\/wp\/v2\/product_brand?post=5905"},{"taxonomy":"product_cat","embeddable":true,"href":"https:\/\/koningdrone.be\/fr\/wp-json\/wp\/v2\/product_cat?post=5905"},{"taxonomy":"product_tag","embeddable":true,"href":"https:\/\/koningdrone.be\/fr\/wp-json\/wp\/v2\/product_tag?post=5905"}],"curies":[{"name":"wp","href":"https:\/\/api.w.org\/{rel}","templated":true}]}}