{"id":5897,"date":"2022-05-25T20:36:16","date_gmt":"2022-05-25T20:36:16","guid":{"rendered":"https:\/\/koningdrone.nl\/kon\/product\/insta360-evo\/"},"modified":"2025-04-29T12:51:14","modified_gmt":"2025-04-29T12:51:14","slug":"insta360-evo","status":"publish","type":"product","link":"https:\/\/koningdrone.be\/fr\/produit\/insta360-evo\/","title":{"rendered":"INSTA360 EVO"},"content":{"rendered":"<h1>   Insta360 EVO <\/h1>\n<p>Cr\u00e9ez de superbes vid\u00e9os VR professionnelles \u00e0 360\/180\u00b0 en 2D et 3D avec la cam\u00e9ra VR compacte EVO 3D\/2D Convertible 360\/180\u00b0 d'Insta360. Gr\u00e2ce \u00e0 sa conception pliable intelligente, vous pouvez enregistrer dans deux formats diff\u00e9rents : vid\u00e9o 2D \u00e0 360\u00b0 lorsque la cam\u00e9ra est ferm\u00e9e avec les objectifs de chaque c\u00f4t\u00e9, et vid\u00e9o 3D \u00e0 180\u00b0 lorsqu'elle est ouverte \u00e0 plat avec les objectifs du m\u00eame c\u00f4t\u00e9. L'EVO haute r\u00e9solution enregistre des vid\u00e9os de 5,7K30 et des photos de 18MP avec prise en charge HDR.<br \/>\u00a0 <br \/>En mode 2D 360\u00b0, l'EVO utilise la stabilisation d'image num\u00e9rique FlowState d'Insta360, qui compense les vibrations captur\u00e9es dans vos vid\u00e9os et vous donne des images plus fluides. La stabilisation gyroscopique de base est utilis\u00e9e en mode 3D \u00e0 180\u00b0, ce qui permet de stabiliser certaines petites vibrations. La stabilisation est extr\u00eamement utile lorsque vous utilisez les modes hyperlapse et slow-motion de l'EVO jusqu'\u00e0 100 images par seconde.<br \/>\u00a0 <br \/>En position de prise de vue 3D \u00e0 180\u00b0, la charni\u00e8re robuste est maintenue ouverte \u00e0 l'aide d'un interrupteur de verrouillage, et un fermoir \u00e0 d\u00e9gagement rapide la maintient ferm\u00e9e en mode 360\u00b0. Les boutons d'obturation vid\u00e9o et photo sont s\u00e9par\u00e9s pour une capture rapide et facile. Les vid\u00e9os sont stock\u00e9es sur une carte microSD d'une capacit\u00e9 maximale de 256 Go \u00e0 la classe de vitesse UHS-I V30 recommand\u00e9e et transf\u00e9r\u00e9es via le port micro-USB. L'appareil photo se recharge \u00e9galement via le m\u00eame port micro-USB.<br \/>\u00a0 <br \/>L'EVO est compatible avec les casques VR et les s\u00e9quences qu'elle enregistre peuvent \u00eatre visionn\u00e9es dans des casques populaires tels que l'Oculus Go, le Samsung Gear VR et le HTC VIVE Focus \u00e0 l'aide de l'application Insta360 VR t\u00e9l\u00e9chargeable. Les s\u00e9quences 3D \u00e0 180\u00b0 sont enti\u00e8rement compatibles avec Premiere Pro, de sorte qu'il est facile de les monter directement \u00e0 partir de la cam\u00e9ra.<br \/>\u00a0 <br \/>L'EVO est livr\u00e9 avec un support de table et des lunettes 3D sp\u00e9cialis\u00e9es pour visualiser vos prises de vue avec pr\u00e9cision. Vous pouvez \u00e9galement acheter s\u00e9par\u00e9ment un Insta360 HoloFrame pour visionner vos prises de vue sans lunettes sur votre t\u00e9l\u00e9phone.<br \/>\u00a0 <br \/><strong> Appareils compatibles<\/strong> <br \/>Les appareils test\u00e9s suivants ont eu les meilleures performances avec l'application Insta360. D'autres t\u00e9l\u00e9phones peuvent \u00eatre utilis\u00e9s avec des sp\u00e9cifications similaires :<br \/>\u00a0 <br \/>iOS :<br \/>Apple iPhone XS, iPhone XS Max, iPhone XR, iPhone X, iPhone 8\/8 plus, iPhone 7\/7 plus, iPhone 6s\/6s plus, iPhone SE, iPad Pro, iPad (2018).<br \/>\u00a0 <br \/>Android :<br \/>Huawei : P20 Pro\/P10\/P9\/Mate 9\/Mate 10\/Honor 9.<br \/>Samsung : S9\/Note 8\/S8\/S7\/S7 Edge.<br \/>Xiaomi : Mix\/Mix2\/Note3\/6\/8.<br \/>OnePlus : 5t.<br \/>Google : Pixel\/Pixel 2.<br \/>Vivo : X9 Plus L.<\/p>","protected":false},"excerpt":{"rendered":"<ul>\n<li>Cam\u00e9ra convertible 180\u00b0 3D \/ 360\u00b0 2D<\/li>\n<li>Jusqu'\u00e0 5,7K30 en vid\u00e9o, 18MP en photo<\/li>\n<li>Conception compacte, photos et vid\u00e9os HDR<\/li>\n<li>Stabilisation num\u00e9rique de l'image FlowState<\/li>\n<li>Le design pliant modifie le format<\/li>\n<li>Deux objectifs fisheye grand angle<\/li>\n<li>Fonctionnalit\u00e9s hyperlapse et slow-motion<\/li>\n<li>Stockage sur carte microSD, pr\u00eat pour l'oreillette<\/li>\n<li>Alimentation et transfert de donn\u00e9es par Micro-USB<\/li>\n<\/ul>","protected":false},"featured_media":5892,"template":"","meta":{"_acf_changed":false},"product_brand":[],"product_cat":[97,343],"product_tag":[],"class_list":{"0":"post-5897","1":"product","2":"type-product","3":"status-publish","4":"has-post-thumbnail","6":"product_cat-alle-producten","7":"product_cat-insta360","8":"pa_brand-insta360","9":"pa_series-insta360-go","11":"first","12":"outofstock","13":"taxable","14":"shipping-taxable","15":"product-type-simple"},"acf":[],"yoast_head":"<!-- This site is optimized with the Yoast SEO Premium plugin v27.2 (Yoast SEO v27.2) - https:\/\/yoast.com\/product\/yoast-seo-premium-wordpress\/ -->\n<title>INSTA360 EVO - koningdrone.be<\/title>\n<meta name=\"robots\" content=\"index, follow, max-snippet:-1, max-image-preview:large, max-video-preview:-1\" \/>\n<link rel=\"canonical\" href=\"https:\/\/koningdrone.be\/fr\/produit\/insta360-evo\/\" \/>\n<meta property=\"og:locale\" content=\"fr_FR\" \/>\n<meta property=\"og:type\" content=\"article\" \/>\n<meta property=\"og:title\" content=\"INSTA360 EVO\" \/>\n<meta property=\"og:description\" content=\"180\u00b0 3D \/ 360\u00b0 2D converteerbare cameraTot 5.7K30 video, 18MP foto&#039;sCompact ontwerp, HDR-foto en videoFlowState digitale beeldstabilisatieVouwontwerp verandert formaatTwee groothoek fisheye-lenzenHyperlapse- en slow-motionfunctiesOpslaan op microSD-kaart, klaar voor headsetMicro-USB stroom- en gegevensoverdracht\" \/>\n<meta property=\"og:url\" content=\"https:\/\/koningdrone.be\/fr\/produit\/insta360-evo\/\" \/>\n<meta property=\"og:site_name\" content=\"koningdrone.be\" \/>\n<meta property=\"article:modified_time\" content=\"2025-04-29T12:51:14+00:00\" \/>\n<meta property=\"og:image\" content=\"https:\/\/koningdrone.be\/wp-content\/uploads\/sites\/13\/2025\/04\/6970357851140-1.jpg\" \/>\n\t<meta property=\"og:image:width\" content=\"600\" \/>\n\t<meta property=\"og:image:height\" content=\"600\" \/>\n\t<meta property=\"og:image:type\" content=\"image\/jpeg\" \/>\n<meta name=\"twitter:card\" content=\"summary_large_image\" \/>\n<meta name=\"twitter:label1\" content=\"Dur\u00e9e de lecture est.\" \/>\n\t<meta name=\"twitter:data1\" content=\"2 minutes\" \/>\n<script type=\"application\/ld+json\" class=\"yoast-schema-graph\">{\"@context\":\"https:\/\/schema.org\",\"@graph\":[{\"@type\":\"WebPage\",\"@id\":\"https:\/\/koningdrone.be\/product\/insta360-evo\/\",\"url\":\"https:\/\/koningdrone.be\/product\/insta360-evo\/\",\"name\":\"INSTA360 EVO - koningdrone.be\",\"isPartOf\":{\"@id\":\"https:\/\/koningdrone.be\/#website\"},\"primaryImageOfPage\":{\"@id\":\"https:\/\/koningdrone.be\/product\/insta360-evo\/#primaryimage\"},\"image\":{\"@id\":\"https:\/\/koningdrone.be\/product\/insta360-evo\/#primaryimage\"},\"thumbnailUrl\":\"https:\/\/koningdrone.be\/wp-content\/uploads\/sites\/13\/2025\/04\/6970357851140-1.jpg\",\"datePublished\":\"2022-05-25T20:36:16+00:00\",\"dateModified\":\"2025-04-29T12:51:14+00:00\",\"breadcrumb\":{\"@id\":\"https:\/\/koningdrone.be\/product\/insta360-evo\/#breadcrumb\"},\"inLanguage\":\"fr-BE\",\"potentialAction\":[{\"@type\":\"ReadAction\",\"target\":[\"https:\/\/koningdrone.be\/product\/insta360-evo\/\"]}]},{\"@type\":\"ImageObject\",\"inLanguage\":\"fr-BE\",\"@id\":\"https:\/\/koningdrone.be\/product\/insta360-evo\/#primaryimage\",\"url\":\"https:\/\/koningdrone.be\/wp-content\/uploads\/sites\/13\/2025\/04\/6970357851140-1.jpg\",\"contentUrl\":\"https:\/\/koningdrone.be\/wp-content\/uploads\/sites\/13\/2025\/04\/6970357851140-1.jpg\",\"width\":600,\"height\":600},{\"@type\":\"BreadcrumbList\",\"@id\":\"https:\/\/koningdrone.be\/product\/insta360-evo\/#breadcrumb\",\"itemListElement\":[{\"@type\":\"ListItem\",\"position\":1,\"name\":\"Home\",\"item\":\"https:\/\/koningdrone.be\/\"},{\"@type\":\"ListItem\",\"position\":2,\"name\":\"AVSS Parachute Recovery System for DJI Matrice 300\/350\",\"item\":\"https:\/\/koningdrone.be\/product\/avss-parachute-recovery-system-for-dji-matrice-300-350\/\"},{\"@type\":\"ListItem\",\"position\":3,\"name\":\"Alle producten\",\"item\":\"https:\/\/koningdrone.be\/categorie\/alle-producten\/\"},{\"@type\":\"ListItem\",\"position\":4,\"name\":\"INSTA360 EVO\"}]},{\"@type\":\"WebSite\",\"@id\":\"https:\/\/koningdrone.be\/#website\",\"url\":\"https:\/\/koningdrone.be\/\",\"name\":\"Koningdrone.be - Uw online specialist in drones, gimbals, camera's en power stations.\",\"description\":\"De webshop in drones en gimbals\",\"publisher\":{\"@id\":\"https:\/\/koningdrone.be\/#organization\"},\"potentialAction\":[{\"@type\":\"SearchAction\",\"target\":{\"@type\":\"EntryPoint\",\"urlTemplate\":\"https:\/\/koningdrone.be\/?s={search_term_string}\"},\"query-input\":{\"@type\":\"PropertyValueSpecification\",\"valueRequired\":true,\"valueName\":\"search_term_string\"}}],\"inLanguage\":\"fr-BE\"},{\"@type\":\"Organization\",\"@id\":\"https:\/\/koningdrone.be\/#organization\",\"name\":\"Koningdrone.be\",\"url\":\"https:\/\/koningdrone.be\/\",\"logo\":{\"@type\":\"ImageObject\",\"inLanguage\":\"fr-BE\",\"@id\":\"https:\/\/koningdrone.be\/#\/schema\/logo\/image\/\",\"url\":\"https:\/\/koningdrone.be\/wp-content\/uploads\/sites\/13\/2025\/04\/koningdrone-copyright-logo.svg\",\"contentUrl\":\"https:\/\/koningdrone.be\/wp-content\/uploads\/sites\/13\/2025\/04\/koningdrone-copyright-logo.svg\",\"width\":227,\"height\":38,\"caption\":\"Koningdrone.be\"},\"image\":{\"@id\":\"https:\/\/koningdrone.be\/#\/schema\/logo\/image\/\"}}]}<\/script>\n<!-- \/ Yoast SEO Premium plugin. -->","yoast_head_json":{"title":"INSTA360 EVO - koningdrone.be","robots":{"index":"index","follow":"follow","max-snippet":"max-snippet:-1","max-image-preview":"max-image-preview:large","max-video-preview":"max-video-preview:-1"},"canonical":"https:\/\/koningdrone.be\/fr\/produit\/insta360-evo\/","og_locale":"fr_FR","og_type":"article","og_title":"INSTA360 EVO","og_description":"180\u00b0 3D \/ 360\u00b0 2D converteerbare cameraTot 5.7K30 video, 18MP foto'sCompact ontwerp, HDR-foto en videoFlowState digitale beeldstabilisatieVouwontwerp verandert formaatTwee groothoek fisheye-lenzenHyperlapse- en slow-motionfunctiesOpslaan op microSD-kaart, klaar voor headsetMicro-USB stroom- en gegevensoverdracht","og_url":"https:\/\/koningdrone.be\/fr\/produit\/insta360-evo\/","og_site_name":"koningdrone.be","article_modified_time":"2025-04-29T12:51:14+00:00","og_image":[{"width":600,"height":600,"url":"https:\/\/koningdrone.be\/wp-content\/uploads\/sites\/13\/2025\/04\/6970357851140-1.jpg","type":"image\/jpeg"}],"twitter_card":"summary_large_image","twitter_misc":{"Dur\u00e9e de lecture est.":"2 minutes"},"schema":{"@context":"https:\/\/schema.org","@graph":[{"@type":"WebPage","@id":"https:\/\/koningdrone.be\/product\/insta360-evo\/","url":"https:\/\/koningdrone.be\/product\/insta360-evo\/","name":"INSTA360 EVO - koningdrone.be","isPartOf":{"@id":"https:\/\/koningdrone.be\/#website"},"primaryImageOfPage":{"@id":"https:\/\/koningdrone.be\/product\/insta360-evo\/#primaryimage"},"image":{"@id":"https:\/\/koningdrone.be\/product\/insta360-evo\/#primaryimage"},"thumbnailUrl":"https:\/\/koningdrone.be\/wp-content\/uploads\/sites\/13\/2025\/04\/6970357851140-1.jpg","datePublished":"2022-05-25T20:36:16+00:00","dateModified":"2025-04-29T12:51:14+00:00","breadcrumb":{"@id":"https:\/\/koningdrone.be\/product\/insta360-evo\/#breadcrumb"},"inLanguage":"fr-BE","potentialAction":[{"@type":"ReadAction","target":["https:\/\/koningdrone.be\/product\/insta360-evo\/"]}]},{"@type":"ImageObject","inLanguage":"fr-BE","@id":"https:\/\/koningdrone.be\/product\/insta360-evo\/#primaryimage","url":"https:\/\/koningdrone.be\/wp-content\/uploads\/sites\/13\/2025\/04\/6970357851140-1.jpg","contentUrl":"https:\/\/koningdrone.be\/wp-content\/uploads\/sites\/13\/2025\/04\/6970357851140-1.jpg","width":600,"height":600},{"@type":"BreadcrumbList","@id":"https:\/\/koningdrone.be\/product\/insta360-evo\/#breadcrumb","itemListElement":[{"@type":"ListItem","position":1,"name":"Home","item":"https:\/\/koningdrone.be\/"},{"@type":"ListItem","position":2,"name":"AVSS Parachute Recovery System for DJI Matrice 300\/350","item":"https:\/\/koningdrone.be\/product\/avss-parachute-recovery-system-for-dji-matrice-300-350\/"},{"@type":"ListItem","position":3,"name":"Alle producten","item":"https:\/\/koningdrone.be\/categorie\/alle-producten\/"},{"@type":"ListItem","position":4,"name":"INSTA360 EVO"}]},{"@type":"WebSite","@id":"https:\/\/koningdrone.be\/#website","url":"https:\/\/koningdrone.be\/","name":"Koningdrone.be - Votre sp\u00e9cialiste en ligne en mati\u00e8re de drones, de cardans, de cam\u00e9ras et de centrales \u00e9lectriques.","description":"La boutique en ligne de drones et de cardans","publisher":{"@id":"https:\/\/koningdrone.be\/#organization"},"potentialAction":[{"@type":"SearchAction","target":{"@type":"EntryPoint","urlTemplate":"https:\/\/koningdrone.be\/?s={search_term_string}"},"query-input":{"@type":"PropertyValueSpecification","valueRequired":true,"valueName":"search_term_string"}}],"inLanguage":"fr-BE"},{"@type":"Organization","@id":"https:\/\/koningdrone.be\/#organization","name":"Kingdrone.co.uk","url":"https:\/\/koningdrone.be\/","logo":{"@type":"ImageObject","inLanguage":"fr-BE","@id":"https:\/\/koningdrone.be\/#\/schema\/logo\/image\/","url":"https:\/\/koningdrone.be\/wp-content\/uploads\/sites\/13\/2025\/04\/koningdrone-copyright-logo.svg","contentUrl":"https:\/\/koningdrone.be\/wp-content\/uploads\/sites\/13\/2025\/04\/koningdrone-copyright-logo.svg","width":227,"height":38,"caption":"Koningdrone.be"},"image":{"@id":"https:\/\/koningdrone.be\/#\/schema\/logo\/image\/"}}]}},"df_price":"","df_sale_price":"","df_regular_price":"","df_image_link":"https:\/\/koningdrone.be\/wp-content\/uploads\/sites\/13\/2025\/04\/6970357851140-1-300x300.jpg","_links":{"self":[{"href":"https:\/\/koningdrone.be\/fr\/wp-json\/wp\/v2\/product\/5897","targetHints":{"allow":["GET"]}}],"collection":[{"href":"https:\/\/koningdrone.be\/fr\/wp-json\/wp\/v2\/product"}],"about":[{"href":"https:\/\/koningdrone.be\/fr\/wp-json\/wp\/v2\/types\/product"}],"wp:featuredmedia":[{"embeddable":true,"href":"https:\/\/koningdrone.be\/fr\/wp-json\/wp\/v2\/media\/5892"}],"wp:attachment":[{"href":"https:\/\/koningdrone.be\/fr\/wp-json\/wp\/v2\/media?parent=5897"}],"wp:term":[{"taxonomy":"product_brand","embeddable":true,"href":"https:\/\/koningdrone.be\/fr\/wp-json\/wp\/v2\/product_brand?post=5897"},{"taxonomy":"product_cat","embeddable":true,"href":"https:\/\/koningdrone.be\/fr\/wp-json\/wp\/v2\/product_cat?post=5897"},{"taxonomy":"product_tag","embeddable":true,"href":"https:\/\/koningdrone.be\/fr\/wp-json\/wp\/v2\/product_tag?post=5897"}],"curies":[{"name":"wp","href":"https:\/\/api.w.org\/{rel}","templated":true}]}}