{"id":5805,"date":"2022-05-25T20:36:58","date_gmt":"2022-05-25T18:36:58","guid":{"rendered":"https:\/\/koningdrone.nl\/kon\/product\/card-dji-care-refresh-1-year-plan-dji-action-2-eu\/"},"modified":"2026-04-29T10:00:56","modified_gmt":"2026-04-29T08:00:56","slug":"card-dji-care-refresh-1-year-plan-dji-action-2-eu","status":"publish","type":"product","link":"https:\/\/koningdrone.be\/fr\/produit\/card-dji-care-refresh-1-year-plan-dji-action-2-eu\/","title":{"rendered":"Carte DJI Care Refresh 1 an (DJI Action 2) EU"},"content":{"rendered":"<h1>   Carte DJI Care Refresh 1 an (DJI Action 2) EU <\/h1>\n<p>Pour un faible co\u00fbt suppl\u00e9mentaire, DJI Care Refresh (abonnement d'un an) offre 2 unit\u00e9s de remplacement dans un d\u00e9lai d'un an, couvrant les dommages accidentels. D'autres services exclusifs incluent un service de garantie international, des r\u00e9compenses pour une utilisation en toute s\u00e9curit\u00e9, l'exp\u00e9dition gratuite dans les deux sens, un service technique exclusif et bien plus encore.<\/p>","protected":false},"excerpt":{"rendered":"<p>Card DJI Care Refresh 1-Year Plan (DJI Action 2) EU Tegen een kleine meerprijs biedt DJI Care Refresh (1-jarig abonnement) 2 vervangende units binnen 1 jaar, die onopzettelijke schade dekken. Andere exclusieve services zijn onder meer internationale garantieservice, beloningen voor veilig gebruik, gratis verzending in twee richtingen, exclusieve technische service en meer.<\/p>","protected":false},"featured_media":5804,"template":"","meta":{"_acf_changed":false},"product_brand":[],"product_cat":[175,97,621,297],"product_tag":[],"class_list":{"0":"post-5805","1":"product","2":"type-product","3":"status-publish","4":"has-post-thumbnail","6":"product_cat-alle-care-refresh","7":"product_cat-alle-producten","8":"product_cat-dji-action-2","9":"product_cat-dji-osmo","10":"product_shipping_class-outofstock","11":"pa_brand-dji","12":"pa_productfamily-care-refresh","13":"pa_producttype-care-refresh","14":"pa_series-action-2","16":"first","17":"outofstock","18":"taxable","19":"shipping-taxable","20":"product-type-simple"},"acf":[],"yoast_head":"<!-- This site is optimized with the Yoast SEO Premium plugin v27.2 (Yoast SEO v27.2) - https:\/\/yoast.com\/product\/yoast-seo-premium-wordpress\/ -->\n<title>Card DJI Care Refresh 1-Year Plan (DJI Action 2) EU - koningdrone.be<\/title>\n<meta name=\"robots\" content=\"index, follow, max-snippet:-1, max-image-preview:large, max-video-preview:-1\" \/>\n<link rel=\"canonical\" href=\"https:\/\/koningdrone.be\/fr\/produit\/card-dji-care-refresh-1-year-plan-dji-action-2-eu\/\" \/>\n<meta property=\"og:locale\" content=\"fr_FR\" \/>\n<meta property=\"og:type\" content=\"article\" \/>\n<meta property=\"og:title\" content=\"Card DJI Care Refresh 1-Year Plan (DJI Action 2) EU\" \/>\n<meta property=\"og:description\" content=\"Card DJI Care Refresh 1-Year Plan (DJI Action 2) EU Tegen een kleine meerprijs biedt DJI Care Refresh (1-jarig abonnement) 2 vervangende units binnen 1 jaar, die onopzettelijke schade dekken. Andere exclusieve services zijn onder meer internationale garantieservice, beloningen voor veilig gebruik, gratis verzending in twee richtingen, exclusieve technische service en meer.\" \/>\n<meta property=\"og:url\" content=\"https:\/\/koningdrone.be\/fr\/produit\/card-dji-care-refresh-1-year-plan-dji-action-2-eu\/\" \/>\n<meta property=\"og:site_name\" content=\"koningdrone.be\" \/>\n<meta property=\"article:modified_time\" content=\"2026-04-29T08:00:56+00:00\" \/>\n<meta property=\"og:image\" content=\"https:\/\/koningdrone.be\/wp-content\/uploads\/sites\/13\/2025\/04\/6941565918666-1.jpg\" \/>\n\t<meta property=\"og:image:width\" content=\"600\" \/>\n\t<meta property=\"og:image:height\" content=\"600\" \/>\n\t<meta property=\"og:image:type\" content=\"image\/jpeg\" \/>\n<meta name=\"twitter:card\" content=\"summary_large_image\" \/>\n<script type=\"application\/ld+json\" class=\"yoast-schema-graph\">{\"@context\":\"https:\/\/schema.org\",\"@graph\":[{\"@type\":\"WebPage\",\"@id\":\"https:\/\/koningdrone.be\/product\/card-dji-care-refresh-1-year-plan-dji-action-2-eu\/\",\"url\":\"https:\/\/koningdrone.be\/product\/card-dji-care-refresh-1-year-plan-dji-action-2-eu\/\",\"name\":\"Card DJI Care Refresh 1-Year Plan (DJI Action 2) EU - koningdrone.be\",\"isPartOf\":{\"@id\":\"https:\/\/koningdrone.be\/#website\"},\"primaryImageOfPage\":{\"@id\":\"https:\/\/koningdrone.be\/product\/card-dji-care-refresh-1-year-plan-dji-action-2-eu\/#primaryimage\"},\"image\":{\"@id\":\"https:\/\/koningdrone.be\/product\/card-dji-care-refresh-1-year-plan-dji-action-2-eu\/#primaryimage\"},\"thumbnailUrl\":\"https:\/\/koningdrone.be\/wp-content\/uploads\/sites\/13\/2025\/04\/6941565918666-1.jpg\",\"datePublished\":\"2022-05-25T18:36:58+00:00\",\"dateModified\":\"2026-04-29T08:00:56+00:00\",\"breadcrumb\":{\"@id\":\"https:\/\/koningdrone.be\/product\/card-dji-care-refresh-1-year-plan-dji-action-2-eu\/#breadcrumb\"},\"inLanguage\":\"fr-BE\",\"potentialAction\":[{\"@type\":\"ReadAction\",\"target\":[\"https:\/\/koningdrone.be\/product\/card-dji-care-refresh-1-year-plan-dji-action-2-eu\/\"]}]},{\"@type\":\"ImageObject\",\"inLanguage\":\"fr-BE\",\"@id\":\"https:\/\/koningdrone.be\/product\/card-dji-care-refresh-1-year-plan-dji-action-2-eu\/#primaryimage\",\"url\":\"https:\/\/koningdrone.be\/wp-content\/uploads\/sites\/13\/2025\/04\/6941565918666-1.jpg\",\"contentUrl\":\"https:\/\/koningdrone.be\/wp-content\/uploads\/sites\/13\/2025\/04\/6941565918666-1.jpg\",\"width\":600,\"height\":600},{\"@type\":\"BreadcrumbList\",\"@id\":\"https:\/\/koningdrone.be\/product\/card-dji-care-refresh-1-year-plan-dji-action-2-eu\/#breadcrumb\",\"itemListElement\":[{\"@type\":\"ListItem\",\"position\":1,\"name\":\"Home\",\"item\":\"https:\/\/koningdrone.be\/\"},{\"@type\":\"ListItem\",\"position\":2,\"name\":\"AVSS Parachute Recovery System for DJI Matrice 300\/350\",\"item\":\"https:\/\/koningdrone.be\/product\/avss-parachute-recovery-system-for-dji-matrice-300-350\/\"},{\"@type\":\"ListItem\",\"position\":3,\"name\":\"Alle care refresh\",\"item\":\"https:\/\/koningdrone.be\/categorie\/alle-care-refresh\/\"},{\"@type\":\"ListItem\",\"position\":4,\"name\":\"Card DJI Care Refresh 1-Year Plan (DJI Action 2) EU\"}]},{\"@type\":\"WebSite\",\"@id\":\"https:\/\/koningdrone.be\/#website\",\"url\":\"https:\/\/koningdrone.be\/\",\"name\":\"Koningdrone.be - Uw online specialist in drones, gimbals, camera's en power stations.\",\"description\":\"De webshop in drones en gimbals\",\"publisher\":{\"@id\":\"https:\/\/koningdrone.be\/#organization\"},\"potentialAction\":[{\"@type\":\"SearchAction\",\"target\":{\"@type\":\"EntryPoint\",\"urlTemplate\":\"https:\/\/koningdrone.be\/?s={search_term_string}\"},\"query-input\":{\"@type\":\"PropertyValueSpecification\",\"valueRequired\":true,\"valueName\":\"search_term_string\"}}],\"inLanguage\":\"fr-BE\"},{\"@type\":\"Organization\",\"@id\":\"https:\/\/koningdrone.be\/#organization\",\"name\":\"Koningdrone.be\",\"url\":\"https:\/\/koningdrone.be\/\",\"logo\":{\"@type\":\"ImageObject\",\"inLanguage\":\"fr-BE\",\"@id\":\"https:\/\/koningdrone.be\/#\/schema\/logo\/image\/\",\"url\":\"https:\/\/koningdrone.be\/wp-content\/uploads\/sites\/13\/2025\/04\/koningdrone-copyright-logo.svg\",\"contentUrl\":\"https:\/\/koningdrone.be\/wp-content\/uploads\/sites\/13\/2025\/04\/koningdrone-copyright-logo.svg\",\"width\":227,\"height\":38,\"caption\":\"Koningdrone.be\"},\"image\":{\"@id\":\"https:\/\/koningdrone.be\/#\/schema\/logo\/image\/\"}}]}<\/script>\n<!-- \/ Yoast SEO Premium plugin. -->","yoast_head_json":{"title":"Card DJI Care Refresh 1-Year Plan (DJI Action 2) EU - koningdrone.be","robots":{"index":"index","follow":"follow","max-snippet":"max-snippet:-1","max-image-preview":"max-image-preview:large","max-video-preview":"max-video-preview:-1"},"canonical":"https:\/\/koningdrone.be\/fr\/produit\/card-dji-care-refresh-1-year-plan-dji-action-2-eu\/","og_locale":"fr_FR","og_type":"article","og_title":"Card DJI Care Refresh 1-Year Plan (DJI Action 2) EU","og_description":"Card DJI Care Refresh 1-Year Plan (DJI Action 2) EU Tegen een kleine meerprijs biedt DJI Care Refresh (1-jarig abonnement) 2 vervangende units binnen 1 jaar, die onopzettelijke schade dekken. Andere exclusieve services zijn onder meer internationale garantieservice, beloningen voor veilig gebruik, gratis verzending in twee richtingen, exclusieve technische service en meer.","og_url":"https:\/\/koningdrone.be\/fr\/produit\/card-dji-care-refresh-1-year-plan-dji-action-2-eu\/","og_site_name":"koningdrone.be","article_modified_time":"2026-04-29T08:00:56+00:00","og_image":[{"width":600,"height":600,"url":"https:\/\/koningdrone.be\/wp-content\/uploads\/sites\/13\/2025\/04\/6941565918666-1.jpg","type":"image\/jpeg"}],"twitter_card":"summary_large_image","schema":{"@context":"https:\/\/schema.org","@graph":[{"@type":"WebPage","@id":"https:\/\/koningdrone.be\/product\/card-dji-care-refresh-1-year-plan-dji-action-2-eu\/","url":"https:\/\/koningdrone.be\/product\/card-dji-care-refresh-1-year-plan-dji-action-2-eu\/","name":"Card DJI Care Refresh 1-Year Plan (DJI Action 2) EU - koningdrone.be","isPartOf":{"@id":"https:\/\/koningdrone.be\/#website"},"primaryImageOfPage":{"@id":"https:\/\/koningdrone.be\/product\/card-dji-care-refresh-1-year-plan-dji-action-2-eu\/#primaryimage"},"image":{"@id":"https:\/\/koningdrone.be\/product\/card-dji-care-refresh-1-year-plan-dji-action-2-eu\/#primaryimage"},"thumbnailUrl":"https:\/\/koningdrone.be\/wp-content\/uploads\/sites\/13\/2025\/04\/6941565918666-1.jpg","datePublished":"2022-05-25T18:36:58+00:00","dateModified":"2026-04-29T08:00:56+00:00","breadcrumb":{"@id":"https:\/\/koningdrone.be\/product\/card-dji-care-refresh-1-year-plan-dji-action-2-eu\/#breadcrumb"},"inLanguage":"fr-BE","potentialAction":[{"@type":"ReadAction","target":["https:\/\/koningdrone.be\/product\/card-dji-care-refresh-1-year-plan-dji-action-2-eu\/"]}]},{"@type":"ImageObject","inLanguage":"fr-BE","@id":"https:\/\/koningdrone.be\/product\/card-dji-care-refresh-1-year-plan-dji-action-2-eu\/#primaryimage","url":"https:\/\/koningdrone.be\/wp-content\/uploads\/sites\/13\/2025\/04\/6941565918666-1.jpg","contentUrl":"https:\/\/koningdrone.be\/wp-content\/uploads\/sites\/13\/2025\/04\/6941565918666-1.jpg","width":600,"height":600},{"@type":"BreadcrumbList","@id":"https:\/\/koningdrone.be\/product\/card-dji-care-refresh-1-year-plan-dji-action-2-eu\/#breadcrumb","itemListElement":[{"@type":"ListItem","position":1,"name":"Home","item":"https:\/\/koningdrone.be\/"},{"@type":"ListItem","position":2,"name":"AVSS Parachute Recovery System for DJI Matrice 300\/350","item":"https:\/\/koningdrone.be\/product\/avss-parachute-recovery-system-for-dji-matrice-300-350\/"},{"@type":"ListItem","position":3,"name":"Alle care refresh","item":"https:\/\/koningdrone.be\/categorie\/alle-care-refresh\/"},{"@type":"ListItem","position":4,"name":"Card DJI Care Refresh 1-Year Plan (DJI Action 2) EU"}]},{"@type":"WebSite","@id":"https:\/\/koningdrone.be\/#website","url":"https:\/\/koningdrone.be\/","name":"Koningdrone.be - Votre sp\u00e9cialiste en ligne en mati\u00e8re de drones, de cardans, de cam\u00e9ras et de centrales \u00e9lectriques.","description":"La boutique en ligne de drones et de cardans","publisher":{"@id":"https:\/\/koningdrone.be\/#organization"},"potentialAction":[{"@type":"SearchAction","target":{"@type":"EntryPoint","urlTemplate":"https:\/\/koningdrone.be\/?s={search_term_string}"},"query-input":{"@type":"PropertyValueSpecification","valueRequired":true,"valueName":"search_term_string"}}],"inLanguage":"fr-BE"},{"@type":"Organization","@id":"https:\/\/koningdrone.be\/#organization","name":"Kingdrone.co.uk","url":"https:\/\/koningdrone.be\/","logo":{"@type":"ImageObject","inLanguage":"fr-BE","@id":"https:\/\/koningdrone.be\/#\/schema\/logo\/image\/","url":"https:\/\/koningdrone.be\/wp-content\/uploads\/sites\/13\/2025\/04\/koningdrone-copyright-logo.svg","contentUrl":"https:\/\/koningdrone.be\/wp-content\/uploads\/sites\/13\/2025\/04\/koningdrone-copyright-logo.svg","width":227,"height":38,"caption":"Koningdrone.be"},"image":{"@id":"https:\/\/koningdrone.be\/#\/schema\/logo\/image\/"}}]}},"df_price":"","df_sale_price":"","df_regular_price":"","df_image_link":"https:\/\/koningdrone.be\/wp-content\/uploads\/sites\/13\/2025\/04\/6941565918666-1-300x300.jpg","_links":{"self":[{"href":"https:\/\/koningdrone.be\/fr\/wp-json\/wp\/v2\/product\/5805","targetHints":{"allow":["GET"]}}],"collection":[{"href":"https:\/\/koningdrone.be\/fr\/wp-json\/wp\/v2\/product"}],"about":[{"href":"https:\/\/koningdrone.be\/fr\/wp-json\/wp\/v2\/types\/product"}],"wp:featuredmedia":[{"embeddable":true,"href":"https:\/\/koningdrone.be\/fr\/wp-json\/wp\/v2\/media\/5804"}],"wp:attachment":[{"href":"https:\/\/koningdrone.be\/fr\/wp-json\/wp\/v2\/media?parent=5805"}],"wp:term":[{"taxonomy":"product_brand","embeddable":true,"href":"https:\/\/koningdrone.be\/fr\/wp-json\/wp\/v2\/product_brand?post=5805"},{"taxonomy":"product_cat","embeddable":true,"href":"https:\/\/koningdrone.be\/fr\/wp-json\/wp\/v2\/product_cat?post=5805"},{"taxonomy":"product_tag","embeddable":true,"href":"https:\/\/koningdrone.be\/fr\/wp-json\/wp\/v2\/product_tag?post=5805"}],"curies":[{"name":"wp","href":"https:\/\/api.w.org\/{rel}","templated":true}]}}