{"id":5797,"date":"2022-05-25T20:36:58","date_gmt":"2022-05-25T18:36:58","guid":{"rendered":"https:\/\/koningdrone.nl\/kon\/product\/dji-zenmuse-x9-focus-motor\/"},"modified":"2026-04-29T15:10:43","modified_gmt":"2026-04-29T13:10:43","slug":"dji-zenmuse-x9-focus-motor","status":"publish","type":"product","link":"https:\/\/koningdrone.be\/fr\/produit\/dji-zenmuse-x9-focus-motor\/","title":{"rendered":"Moteur de mise au point DJI Zenmuse X9"},"content":{"rendered":"<p><strong>Introduction pour les d\u00e9butants<\/strong><\/p>\n<p> Ce produit est con\u00e7u de mani\u00e8re innovante pour am\u00e9liorer la fonctionnalit\u00e9 de la cam\u00e9ra \u00e0 cardan X9 en se fixant \u00e0 la partie inf\u00e9rieure. Il comble le foss\u00e9 entre les outils cin\u00e9matographiques avanc\u00e9s et les utilisateurs, en offrant une compatibilit\u00e9 avec le syst\u00e8me Ronin 4D et le DJI Three-Channel Follow Focus. Cet accessoire est id\u00e9al pour ceux qui cherchent \u00e0 ajuster avec pr\u00e9cision la mise au point sur des objectifs qui n\u00e9cessitent g\u00e9n\u00e9ralement une intervention manuelle, ce qui simplifie consid\u00e9rablement le processus.<\/p>\n<p><strong>R\u00e9glage avanc\u00e9 de la mise au point pour les d\u00e9butants<\/strong><\/p>\n<p> En int\u00e9grant ce produit \u00e0 votre installation, vous b\u00e9n\u00e9ficierez de l'utilisation du LiDAR Range Finder : un outil avanc\u00e9 qui introduit des capacit\u00e9s de mise au point automatique dans les objectifs manuels. Cette fonction transformatrice vous permet d'obtenir sans effort une mise au point nette et pr\u00e9cise sur vos sujets sans avoir \u00e0 ajuster manuellement l'objectif. Il s'agit d'une mise \u00e0 niveau significative qui am\u00e9liore la qualit\u00e9 de vos prises de vue et l'efficacit\u00e9 de votre flux de travail.<\/p>\n<p><strong>Introduction pour les experts<\/strong><\/p>\n<p> Les directeurs de la photographie experts constateront que cet accessoire s'int\u00e8gre parfaitement \u00e0 la base de la cam\u00e9ra \u00e0 cardan X9, garantissant une compatibilit\u00e9 totale avec l'\u00e9cosyst\u00e8me Ronin 4D et le syst\u00e8me de suivi de la mise au point \u00e0 trois canaux de DJI. Il est con\u00e7u pour les professionnels qui souhaitent conserver un contr\u00f4le pr\u00e9cis sur les objectifs \u00e0 mise au point manuelle, en am\u00e9liorant la pr\u00e9cision de la mise au point sans compromettre le contr\u00f4le cr\u00e9atif.<\/p>\n<p><strong>Am\u00e9lioration de l'autofocus pour les experts<\/strong><\/p>\n<p> Associ\u00e9 au t\u00e9l\u00e9m\u00e8tre LiDAR, ce syst\u00e8me r\u00e9volutionne l'utilisation des objectifs \u00e0 mise au point manuelle en permettant la fonction autofocus. Cette int\u00e9gration utilise une technologie de d\u00e9tection avanc\u00e9e pour offrir des performances de mise au point in\u00e9gal\u00e9es dans diverses conditions de prise de vue. Il s'agit d'un outil essentiel pour les experts qui exigent pr\u00e9cision et flexibilit\u00e9 dans le r\u00e9glage de la mise au point, afin de garantir la nettet\u00e9 et la d\u00e9finition de chaque prise de vue.<\/p>\n<p><\/p>","protected":false},"excerpt":{"rendered":"<ul>\n<li>Compatible avec la cam\u00e9ra X9 Gimbal<\/li>\n<li> Fonctionne avec Ronin4D<\/li>\n<li> S'int\u00e8gre au syst\u00e8me de suivi de la mise au point \u00e0 trois canaux de DJI<\/li>\n<li> Permet le contr\u00f4le de la mise au point sur les objectifs manuels<\/li>\n<li> Compatible avec le t\u00e9l\u00e9m\u00e8tre LiDAR<\/li>\n<li> Permet l'autofocus sur des objectifs manuels<\/li>\n<\/ul>","protected":false},"featured_media":5795,"template":"","meta":{"_acf_changed":false},"product_brand":[],"product_cat":[315,298,97,316,582],"product_tag":[],"class_list":{"0":"post-5797","1":"product","2":"type-product","3":"status-publish","4":"has-post-thumbnail","6":"product_cat-alle-gimbals-en-cameras","7":"product_cat-alle-industriele-camera","8":"product_cat-alle-producten","9":"product_cat-dji-zenmuse","10":"product_cat-dji-zenmuse-x9","11":"product_shipping_class-outofstock","12":"pa_brand-dji","13":"pa_productfamily-focus","14":"pa_producttype-focus","15":"pa_series-x9","17":"first","18":"outofstock","19":"taxable","20":"shipping-taxable","21":"purchasable","22":"product-type-simple"},"acf":[],"yoast_head":"<!-- This site is optimized with the Yoast SEO Premium plugin v27.2 (Yoast SEO v27.2) - https:\/\/yoast.com\/product\/yoast-seo-premium-wordpress\/ -->\n<title>DJI Zenmuse X9 Focus Motor - koningdrone.be<\/title>\n<meta name=\"robots\" content=\"index, follow, max-snippet:-1, max-image-preview:large, max-video-preview:-1\" \/>\n<link rel=\"canonical\" href=\"https:\/\/koningdrone.be\/fr\/produit\/dji-zenmuse-x9-focus-motor\/\" \/>\n<meta property=\"og:locale\" content=\"fr_FR\" \/>\n<meta property=\"og:type\" content=\"article\" \/>\n<meta property=\"og:title\" content=\"DJI Zenmuse X9 Focus Motor\" \/>\n<meta property=\"og:description\" content=\"Compatibel met X9 Gimbal-camera Werkt met Ronin4D Integreert met DJI Three-Channel Follow Focus Maakt focuscontrole op handmatige lenzen mogelijk Compatibel met LiDAR-afstandsmeter Maakt autofocus op handmatige lenzen mogelijk\" \/>\n<meta property=\"og:url\" content=\"https:\/\/koningdrone.be\/fr\/produit\/dji-zenmuse-x9-focus-motor\/\" \/>\n<meta property=\"og:site_name\" content=\"koningdrone.be\" \/>\n<meta property=\"article:modified_time\" content=\"2026-04-29T13:10:43+00:00\" \/>\n<meta property=\"og:image\" content=\"https:\/\/koningdrone.be\/wp-content\/uploads\/sites\/13\/2025\/04\/89099b291cdc63c3774b2d2f68148912@large.jpg\" \/>\n\t<meta property=\"og:image:width\" content=\"1200\" \/>\n\t<meta property=\"og:image:height\" content=\"800\" \/>\n\t<meta property=\"og:image:type\" content=\"image\/jpeg\" \/>\n<meta name=\"twitter:card\" content=\"summary_large_image\" \/>\n<meta name=\"twitter:label1\" content=\"Dur\u00e9e de lecture est.\" \/>\n\t<meta name=\"twitter:data1\" content=\"1 minute\" \/>\n<script type=\"application\/ld+json\" class=\"yoast-schema-graph\">{\"@context\":\"https:\/\/schema.org\",\"@graph\":[{\"@type\":\"WebPage\",\"@id\":\"https:\/\/koningdrone.be\/product\/dji-zenmuse-x9-focus-motor\/\",\"url\":\"https:\/\/koningdrone.be\/product\/dji-zenmuse-x9-focus-motor\/\",\"name\":\"DJI Zenmuse X9 Focus Motor - koningdrone.be\",\"isPartOf\":{\"@id\":\"https:\/\/koningdrone.be\/#website\"},\"primaryImageOfPage\":{\"@id\":\"https:\/\/koningdrone.be\/product\/dji-zenmuse-x9-focus-motor\/#primaryimage\"},\"image\":{\"@id\":\"https:\/\/koningdrone.be\/product\/dji-zenmuse-x9-focus-motor\/#primaryimage\"},\"thumbnailUrl\":\"https:\/\/koningdrone.be\/wp-content\/uploads\/sites\/13\/2025\/04\/89099b291cdc63c3774b2d2f68148912@large.jpg\",\"datePublished\":\"2022-05-25T18:36:58+00:00\",\"dateModified\":\"2026-04-29T13:10:43+00:00\",\"breadcrumb\":{\"@id\":\"https:\/\/koningdrone.be\/product\/dji-zenmuse-x9-focus-motor\/#breadcrumb\"},\"inLanguage\":\"fr-BE\",\"potentialAction\":[{\"@type\":\"ReadAction\",\"target\":[\"https:\/\/koningdrone.be\/product\/dji-zenmuse-x9-focus-motor\/\"]}]},{\"@type\":\"ImageObject\",\"inLanguage\":\"fr-BE\",\"@id\":\"https:\/\/koningdrone.be\/product\/dji-zenmuse-x9-focus-motor\/#primaryimage\",\"url\":\"https:\/\/koningdrone.be\/wp-content\/uploads\/sites\/13\/2025\/04\/89099b291cdc63c3774b2d2f68148912@large.jpg\",\"contentUrl\":\"https:\/\/koningdrone.be\/wp-content\/uploads\/sites\/13\/2025\/04\/89099b291cdc63c3774b2d2f68148912@large.jpg\",\"width\":1200,\"height\":800},{\"@type\":\"BreadcrumbList\",\"@id\":\"https:\/\/koningdrone.be\/product\/dji-zenmuse-x9-focus-motor\/#breadcrumb\",\"itemListElement\":[{\"@type\":\"ListItem\",\"position\":1,\"name\":\"Home\",\"item\":\"https:\/\/koningdrone.be\/\"},{\"@type\":\"ListItem\",\"position\":2,\"name\":\"AVSS Parachute Recovery System for DJI Matrice 300\/350\",\"item\":\"https:\/\/koningdrone.be\/product\/avss-parachute-recovery-system-for-dji-matrice-300-350\/\"},{\"@type\":\"ListItem\",\"position\":3,\"name\":\"Alle gimbals en cameras\",\"item\":\"https:\/\/koningdrone.be\/categorie\/alle-gimbals-en-cameras\/\"},{\"@type\":\"ListItem\",\"position\":4,\"name\":\"DJI Zenmuse X9 Focus Motor\"}]},{\"@type\":\"WebSite\",\"@id\":\"https:\/\/koningdrone.be\/#website\",\"url\":\"https:\/\/koningdrone.be\/\",\"name\":\"Koningdrone.be - Uw online specialist in drones, gimbals, camera's en power stations.\",\"description\":\"De webshop in drones en gimbals\",\"publisher\":{\"@id\":\"https:\/\/koningdrone.be\/#organization\"},\"potentialAction\":[{\"@type\":\"SearchAction\",\"target\":{\"@type\":\"EntryPoint\",\"urlTemplate\":\"https:\/\/koningdrone.be\/?s={search_term_string}\"},\"query-input\":{\"@type\":\"PropertyValueSpecification\",\"valueRequired\":true,\"valueName\":\"search_term_string\"}}],\"inLanguage\":\"fr-BE\"},{\"@type\":\"Organization\",\"@id\":\"https:\/\/koningdrone.be\/#organization\",\"name\":\"Koningdrone.be\",\"url\":\"https:\/\/koningdrone.be\/\",\"logo\":{\"@type\":\"ImageObject\",\"inLanguage\":\"fr-BE\",\"@id\":\"https:\/\/koningdrone.be\/#\/schema\/logo\/image\/\",\"url\":\"https:\/\/koningdrone.be\/wp-content\/uploads\/sites\/13\/2025\/04\/koningdrone-copyright-logo.svg\",\"contentUrl\":\"https:\/\/koningdrone.be\/wp-content\/uploads\/sites\/13\/2025\/04\/koningdrone-copyright-logo.svg\",\"width\":227,\"height\":38,\"caption\":\"Koningdrone.be\"},\"image\":{\"@id\":\"https:\/\/koningdrone.be\/#\/schema\/logo\/image\/\"}}]}<\/script>\n<!-- \/ Yoast SEO Premium plugin. -->","yoast_head_json":{"title":"DJI Zenmuse X9 Focus Motor - koningdrone.be","robots":{"index":"index","follow":"follow","max-snippet":"max-snippet:-1","max-image-preview":"max-image-preview:large","max-video-preview":"max-video-preview:-1"},"canonical":"https:\/\/koningdrone.be\/fr\/produit\/dji-zenmuse-x9-focus-motor\/","og_locale":"fr_FR","og_type":"article","og_title":"DJI Zenmuse X9 Focus Motor","og_description":"Compatibel met X9 Gimbal-camera Werkt met Ronin4D Integreert met DJI Three-Channel Follow Focus Maakt focuscontrole op handmatige lenzen mogelijk Compatibel met LiDAR-afstandsmeter Maakt autofocus op handmatige lenzen mogelijk","og_url":"https:\/\/koningdrone.be\/fr\/produit\/dji-zenmuse-x9-focus-motor\/","og_site_name":"koningdrone.be","article_modified_time":"2026-04-29T13:10:43+00:00","og_image":[{"width":1200,"height":800,"url":"https:\/\/koningdrone.be\/wp-content\/uploads\/sites\/13\/2025\/04\/89099b291cdc63c3774b2d2f68148912@large.jpg","type":"image\/jpeg"}],"twitter_card":"summary_large_image","twitter_misc":{"Dur\u00e9e de lecture est.":"1 minute"},"schema":{"@context":"https:\/\/schema.org","@graph":[{"@type":"WebPage","@id":"https:\/\/koningdrone.be\/product\/dji-zenmuse-x9-focus-motor\/","url":"https:\/\/koningdrone.be\/product\/dji-zenmuse-x9-focus-motor\/","name":"DJI Zenmuse X9 Focus Motor - koningdrone.be","isPartOf":{"@id":"https:\/\/koningdrone.be\/#website"},"primaryImageOfPage":{"@id":"https:\/\/koningdrone.be\/product\/dji-zenmuse-x9-focus-motor\/#primaryimage"},"image":{"@id":"https:\/\/koningdrone.be\/product\/dji-zenmuse-x9-focus-motor\/#primaryimage"},"thumbnailUrl":"https:\/\/koningdrone.be\/wp-content\/uploads\/sites\/13\/2025\/04\/89099b291cdc63c3774b2d2f68148912@large.jpg","datePublished":"2022-05-25T18:36:58+00:00","dateModified":"2026-04-29T13:10:43+00:00","breadcrumb":{"@id":"https:\/\/koningdrone.be\/product\/dji-zenmuse-x9-focus-motor\/#breadcrumb"},"inLanguage":"fr-BE","potentialAction":[{"@type":"ReadAction","target":["https:\/\/koningdrone.be\/product\/dji-zenmuse-x9-focus-motor\/"]}]},{"@type":"ImageObject","inLanguage":"fr-BE","@id":"https:\/\/koningdrone.be\/product\/dji-zenmuse-x9-focus-motor\/#primaryimage","url":"https:\/\/koningdrone.be\/wp-content\/uploads\/sites\/13\/2025\/04\/89099b291cdc63c3774b2d2f68148912@large.jpg","contentUrl":"https:\/\/koningdrone.be\/wp-content\/uploads\/sites\/13\/2025\/04\/89099b291cdc63c3774b2d2f68148912@large.jpg","width":1200,"height":800},{"@type":"BreadcrumbList","@id":"https:\/\/koningdrone.be\/product\/dji-zenmuse-x9-focus-motor\/#breadcrumb","itemListElement":[{"@type":"ListItem","position":1,"name":"Home","item":"https:\/\/koningdrone.be\/"},{"@type":"ListItem","position":2,"name":"AVSS Parachute Recovery System for DJI Matrice 300\/350","item":"https:\/\/koningdrone.be\/product\/avss-parachute-recovery-system-for-dji-matrice-300-350\/"},{"@type":"ListItem","position":3,"name":"Alle gimbals en cameras","item":"https:\/\/koningdrone.be\/categorie\/alle-gimbals-en-cameras\/"},{"@type":"ListItem","position":4,"name":"DJI Zenmuse X9 Focus Motor"}]},{"@type":"WebSite","@id":"https:\/\/koningdrone.be\/#website","url":"https:\/\/koningdrone.be\/","name":"Koningdrone.be - Votre sp\u00e9cialiste en ligne en mati\u00e8re de drones, de cardans, de cam\u00e9ras et de centrales \u00e9lectriques.","description":"La boutique en ligne de drones et de cardans","publisher":{"@id":"https:\/\/koningdrone.be\/#organization"},"potentialAction":[{"@type":"SearchAction","target":{"@type":"EntryPoint","urlTemplate":"https:\/\/koningdrone.be\/?s={search_term_string}"},"query-input":{"@type":"PropertyValueSpecification","valueRequired":true,"valueName":"search_term_string"}}],"inLanguage":"fr-BE"},{"@type":"Organization","@id":"https:\/\/koningdrone.be\/#organization","name":"Kingdrone.co.uk","url":"https:\/\/koningdrone.be\/","logo":{"@type":"ImageObject","inLanguage":"fr-BE","@id":"https:\/\/koningdrone.be\/#\/schema\/logo\/image\/","url":"https:\/\/koningdrone.be\/wp-content\/uploads\/sites\/13\/2025\/04\/koningdrone-copyright-logo.svg","contentUrl":"https:\/\/koningdrone.be\/wp-content\/uploads\/sites\/13\/2025\/04\/koningdrone-copyright-logo.svg","width":227,"height":38,"caption":"Koningdrone.be"},"image":{"@id":"https:\/\/koningdrone.be\/#\/schema\/logo\/image\/"}}]}},"df_price":199,"df_sale_price":"","df_regular_price":199,"df_image_link":"https:\/\/koningdrone.be\/wp-content\/uploads\/sites\/13\/2025\/04\/89099b291cdc63c3774b2d2f68148912@large-300x200.jpg","_links":{"self":[{"href":"https:\/\/koningdrone.be\/fr\/wp-json\/wp\/v2\/product\/5797","targetHints":{"allow":["GET"]}}],"collection":[{"href":"https:\/\/koningdrone.be\/fr\/wp-json\/wp\/v2\/product"}],"about":[{"href":"https:\/\/koningdrone.be\/fr\/wp-json\/wp\/v2\/types\/product"}],"wp:featuredmedia":[{"embeddable":true,"href":"https:\/\/koningdrone.be\/fr\/wp-json\/wp\/v2\/media\/5795"}],"wp:attachment":[{"href":"https:\/\/koningdrone.be\/fr\/wp-json\/wp\/v2\/media?parent=5797"}],"wp:term":[{"taxonomy":"product_brand","embeddable":true,"href":"https:\/\/koningdrone.be\/fr\/wp-json\/wp\/v2\/product_brand?post=5797"},{"taxonomy":"product_cat","embeddable":true,"href":"https:\/\/koningdrone.be\/fr\/wp-json\/wp\/v2\/product_cat?post=5797"},{"taxonomy":"product_tag","embeddable":true,"href":"https:\/\/koningdrone.be\/fr\/wp-json\/wp\/v2\/product_tag?post=5797"}],"curies":[{"name":"wp","href":"https:\/\/api.w.org\/{rel}","templated":true}]}}