{"id":5790,"date":"2022-05-25T20:37:11","date_gmt":"2022-05-25T18:37:11","guid":{"rendered":"https:\/\/koningdrone.nl\/kon\/product\/card-dji-care-pro-dji-ronin-4d-6k\/"},"modified":"2026-04-29T04:10:22","modified_gmt":"2026-04-29T02:10:22","slug":"card-dji-care-pro-dji-ronin-4d-6k","status":"publish","type":"product","link":"https:\/\/koningdrone.be\/fr\/produit\/card-dji-care-pro-dji-ronin-4d-6k\/","title":{"rendered":"Carte DJI Care Pro - DJI Ronin 4D-6K"},"content":{"rendered":"<h1>Carte DJI Care Pro - DJI Ronin 4D-6K<\/h1>\n<p>Service exclusif de 2 ans pour les \u00e9quipements d'imagerie DJI avanc\u00e9s. B\u00e9n\u00e9ficiez de services complets comprenant l'assistance technique, la r\u00e9paration et l'entretien par les experts techniques de DJI. En savoir plus.<\/p>\n<p>- DJI Care Pro peut \u00eatre associ\u00e9 \u00e0 un produit DJI achet\u00e9 pr\u00e9c\u00e9demment s'il r\u00e9pond \u00e0 l'un des crit\u00e8res suivants :<br \/>\n- Produit neuf et inactiv\u00e9 ;<br \/>\n- Appareil portable activ\u00e9 au cours des 30 derniers jours.<\/p>\n<p>- Pour b\u00e9n\u00e9ficier normalement du service, DJI Care Pro et le produit associ\u00e9 doivent avoir \u00e9t\u00e9 achet\u00e9s dans le m\u00eame pays ou la m\u00eame r\u00e9gion.<\/p>","protected":false},"excerpt":{"rendered":"<ul>\n<li>Garantie compl\u00e8te.<\/li>\n<li>Les lois si l'accident s'est produit.<\/li>\n<li>La Su\u00e8de est toujours la premi\u00e8re \u00e0 proposer de nouveaux mod\u00e8les.<\/li>\n<li>Livraison rapide.<\/li>\n<\/ul>","protected":false},"featured_media":5789,"template":"","meta":{"_acf_changed":false},"product_brand":[],"product_cat":[175,410,97,265,532],"product_tag":[108],"class_list":{"0":"post-5790","1":"product","2":"type-product","3":"status-publish","4":"has-post-thumbnail","6":"product_cat-alle-care-refresh","7":"product_cat-alle-handheld-gimbals","8":"product_cat-alle-producten","9":"product_cat-dji-ronin","10":"product_cat-dji-ronin-4d","11":"product_tag-acsystemsall","12":"product_shipping_class-acsystemsall","13":"pa_brand-dji","14":"pa_productfamily-care-refresh","15":"pa_producttype-care-refresh","16":"pa_series-ronin-4d","18":"first","19":"instock","20":"taxable","21":"shipping-taxable","22":"purchasable","23":"product-type-simple"},"acf":[],"yoast_head":"<!-- This site is optimized with the Yoast SEO Premium plugin v27.2 (Yoast SEO v27.2) - https:\/\/yoast.com\/product\/yoast-seo-premium-wordpress\/ -->\n<title>Card DJI Care Pro - DJI Ronin 4D-6K - koningdrone.be<\/title>\n<meta name=\"robots\" content=\"index, follow, max-snippet:-1, max-image-preview:large, max-video-preview:-1\" \/>\n<link rel=\"canonical\" href=\"https:\/\/koningdrone.be\/fr\/produit\/card-dji-care-pro-dji-ronin-4d-6k\/\" \/>\n<meta property=\"og:locale\" content=\"fr_FR\" \/>\n<meta property=\"og:type\" content=\"article\" \/>\n<meta property=\"og:title\" content=\"Card DJI Care Pro - DJI Ronin 4D-6K\" \/>\n<meta property=\"og:description\" content=\"Volledige garantie.  Wetten als het ongeval heeft plaatsgevonden.  Altijd als eerste in Zweden met nieuwe modellen.  Snelle bezorging.\" \/>\n<meta property=\"og:url\" content=\"https:\/\/koningdrone.be\/fr\/produit\/card-dji-care-pro-dji-ronin-4d-6k\/\" \/>\n<meta property=\"og:site_name\" content=\"koningdrone.be\" \/>\n<meta property=\"article:modified_time\" content=\"2026-04-29T02:10:22+00:00\" \/>\n<meta property=\"og:image\" content=\"https:\/\/koningdrone.be\/wp-content\/uploads\/sites\/13\/2025\/04\/6941565918819-1.jpg\" \/>\n\t<meta property=\"og:image:width\" content=\"600\" \/>\n\t<meta property=\"og:image:height\" content=\"400\" \/>\n\t<meta property=\"og:image:type\" content=\"image\/jpeg\" \/>\n<meta name=\"twitter:card\" content=\"summary_large_image\" \/>\n<script type=\"application\/ld+json\" class=\"yoast-schema-graph\">{\"@context\":\"https:\/\/schema.org\",\"@graph\":[{\"@type\":\"WebPage\",\"@id\":\"https:\/\/koningdrone.be\/product\/card-dji-care-pro-dji-ronin-4d-6k\/\",\"url\":\"https:\/\/koningdrone.be\/product\/card-dji-care-pro-dji-ronin-4d-6k\/\",\"name\":\"Card DJI Care Pro - DJI Ronin 4D-6K - koningdrone.be\",\"isPartOf\":{\"@id\":\"https:\/\/koningdrone.be\/#website\"},\"primaryImageOfPage\":{\"@id\":\"https:\/\/koningdrone.be\/product\/card-dji-care-pro-dji-ronin-4d-6k\/#primaryimage\"},\"image\":{\"@id\":\"https:\/\/koningdrone.be\/product\/card-dji-care-pro-dji-ronin-4d-6k\/#primaryimage\"},\"thumbnailUrl\":\"https:\/\/koningdrone.be\/wp-content\/uploads\/sites\/13\/2025\/04\/6941565918819-1.jpg\",\"datePublished\":\"2022-05-25T18:37:11+00:00\",\"dateModified\":\"2026-04-29T02:10:22+00:00\",\"breadcrumb\":{\"@id\":\"https:\/\/koningdrone.be\/product\/card-dji-care-pro-dji-ronin-4d-6k\/#breadcrumb\"},\"inLanguage\":\"fr-BE\",\"potentialAction\":[{\"@type\":\"ReadAction\",\"target\":[\"https:\/\/koningdrone.be\/product\/card-dji-care-pro-dji-ronin-4d-6k\/\"]}]},{\"@type\":\"ImageObject\",\"inLanguage\":\"fr-BE\",\"@id\":\"https:\/\/koningdrone.be\/product\/card-dji-care-pro-dji-ronin-4d-6k\/#primaryimage\",\"url\":\"https:\/\/koningdrone.be\/wp-content\/uploads\/sites\/13\/2025\/04\/6941565918819-1.jpg\",\"contentUrl\":\"https:\/\/koningdrone.be\/wp-content\/uploads\/sites\/13\/2025\/04\/6941565918819-1.jpg\",\"width\":600,\"height\":400},{\"@type\":\"BreadcrumbList\",\"@id\":\"https:\/\/koningdrone.be\/product\/card-dji-care-pro-dji-ronin-4d-6k\/#breadcrumb\",\"itemListElement\":[{\"@type\":\"ListItem\",\"position\":1,\"name\":\"Home\",\"item\":\"https:\/\/koningdrone.be\/\"},{\"@type\":\"ListItem\",\"position\":2,\"name\":\"AVSS Parachute Recovery System for DJI Matrice 300\/350\",\"item\":\"https:\/\/koningdrone.be\/product\/avss-parachute-recovery-system-for-dji-matrice-300-350\/\"},{\"@type\":\"ListItem\",\"position\":3,\"name\":\"Alle care refresh\",\"item\":\"https:\/\/koningdrone.be\/categorie\/alle-care-refresh\/\"},{\"@type\":\"ListItem\",\"position\":4,\"name\":\"Card DJI Care Pro &#8211; DJI Ronin 4D-6K\"}]},{\"@type\":\"WebSite\",\"@id\":\"https:\/\/koningdrone.be\/#website\",\"url\":\"https:\/\/koningdrone.be\/\",\"name\":\"Koningdrone.be - Uw online specialist in drones, gimbals, camera's en power stations.\",\"description\":\"De webshop in drones en gimbals\",\"publisher\":{\"@id\":\"https:\/\/koningdrone.be\/#organization\"},\"potentialAction\":[{\"@type\":\"SearchAction\",\"target\":{\"@type\":\"EntryPoint\",\"urlTemplate\":\"https:\/\/koningdrone.be\/?s={search_term_string}\"},\"query-input\":{\"@type\":\"PropertyValueSpecification\",\"valueRequired\":true,\"valueName\":\"search_term_string\"}}],\"inLanguage\":\"fr-BE\"},{\"@type\":\"Organization\",\"@id\":\"https:\/\/koningdrone.be\/#organization\",\"name\":\"Koningdrone.be\",\"url\":\"https:\/\/koningdrone.be\/\",\"logo\":{\"@type\":\"ImageObject\",\"inLanguage\":\"fr-BE\",\"@id\":\"https:\/\/koningdrone.be\/#\/schema\/logo\/image\/\",\"url\":\"https:\/\/koningdrone.be\/wp-content\/uploads\/sites\/13\/2025\/04\/koningdrone-copyright-logo.svg\",\"contentUrl\":\"https:\/\/koningdrone.be\/wp-content\/uploads\/sites\/13\/2025\/04\/koningdrone-copyright-logo.svg\",\"width\":227,\"height\":38,\"caption\":\"Koningdrone.be\"},\"image\":{\"@id\":\"https:\/\/koningdrone.be\/#\/schema\/logo\/image\/\"}}]}<\/script>\n<!-- \/ Yoast SEO Premium plugin. -->","yoast_head_json":{"title":"Card DJI Care Pro - DJI Ronin 4D-6K - koningdrone.be","robots":{"index":"index","follow":"follow","max-snippet":"max-snippet:-1","max-image-preview":"max-image-preview:large","max-video-preview":"max-video-preview:-1"},"canonical":"https:\/\/koningdrone.be\/fr\/produit\/card-dji-care-pro-dji-ronin-4d-6k\/","og_locale":"fr_FR","og_type":"article","og_title":"Card DJI Care Pro - DJI Ronin 4D-6K","og_description":"Volledige garantie.  Wetten als het ongeval heeft plaatsgevonden.  Altijd als eerste in Zweden met nieuwe modellen.  Snelle bezorging.","og_url":"https:\/\/koningdrone.be\/fr\/produit\/card-dji-care-pro-dji-ronin-4d-6k\/","og_site_name":"koningdrone.be","article_modified_time":"2026-04-29T02:10:22+00:00","og_image":[{"width":600,"height":400,"url":"https:\/\/koningdrone.be\/wp-content\/uploads\/sites\/13\/2025\/04\/6941565918819-1.jpg","type":"image\/jpeg"}],"twitter_card":"summary_large_image","schema":{"@context":"https:\/\/schema.org","@graph":[{"@type":"WebPage","@id":"https:\/\/koningdrone.be\/product\/card-dji-care-pro-dji-ronin-4d-6k\/","url":"https:\/\/koningdrone.be\/product\/card-dji-care-pro-dji-ronin-4d-6k\/","name":"Card DJI Care Pro - DJI Ronin 4D-6K - koningdrone.be","isPartOf":{"@id":"https:\/\/koningdrone.be\/#website"},"primaryImageOfPage":{"@id":"https:\/\/koningdrone.be\/product\/card-dji-care-pro-dji-ronin-4d-6k\/#primaryimage"},"image":{"@id":"https:\/\/koningdrone.be\/product\/card-dji-care-pro-dji-ronin-4d-6k\/#primaryimage"},"thumbnailUrl":"https:\/\/koningdrone.be\/wp-content\/uploads\/sites\/13\/2025\/04\/6941565918819-1.jpg","datePublished":"2022-05-25T18:37:11+00:00","dateModified":"2026-04-29T02:10:22+00:00","breadcrumb":{"@id":"https:\/\/koningdrone.be\/product\/card-dji-care-pro-dji-ronin-4d-6k\/#breadcrumb"},"inLanguage":"fr-BE","potentialAction":[{"@type":"ReadAction","target":["https:\/\/koningdrone.be\/product\/card-dji-care-pro-dji-ronin-4d-6k\/"]}]},{"@type":"ImageObject","inLanguage":"fr-BE","@id":"https:\/\/koningdrone.be\/product\/card-dji-care-pro-dji-ronin-4d-6k\/#primaryimage","url":"https:\/\/koningdrone.be\/wp-content\/uploads\/sites\/13\/2025\/04\/6941565918819-1.jpg","contentUrl":"https:\/\/koningdrone.be\/wp-content\/uploads\/sites\/13\/2025\/04\/6941565918819-1.jpg","width":600,"height":400},{"@type":"BreadcrumbList","@id":"https:\/\/koningdrone.be\/product\/card-dji-care-pro-dji-ronin-4d-6k\/#breadcrumb","itemListElement":[{"@type":"ListItem","position":1,"name":"Home","item":"https:\/\/koningdrone.be\/"},{"@type":"ListItem","position":2,"name":"AVSS Parachute Recovery System for DJI Matrice 300\/350","item":"https:\/\/koningdrone.be\/product\/avss-parachute-recovery-system-for-dji-matrice-300-350\/"},{"@type":"ListItem","position":3,"name":"Alle care refresh","item":"https:\/\/koningdrone.be\/categorie\/alle-care-refresh\/"},{"@type":"ListItem","position":4,"name":"Card DJI Care Pro &#8211; DJI Ronin 4D-6K"}]},{"@type":"WebSite","@id":"https:\/\/koningdrone.be\/#website","url":"https:\/\/koningdrone.be\/","name":"Koningdrone.be - Votre sp\u00e9cialiste en ligne en mati\u00e8re de drones, de cardans, de cam\u00e9ras et de centrales \u00e9lectriques.","description":"La boutique en ligne de drones et de cardans","publisher":{"@id":"https:\/\/koningdrone.be\/#organization"},"potentialAction":[{"@type":"SearchAction","target":{"@type":"EntryPoint","urlTemplate":"https:\/\/koningdrone.be\/?s={search_term_string}"},"query-input":{"@type":"PropertyValueSpecification","valueRequired":true,"valueName":"search_term_string"}}],"inLanguage":"fr-BE"},{"@type":"Organization","@id":"https:\/\/koningdrone.be\/#organization","name":"Kingdrone.co.uk","url":"https:\/\/koningdrone.be\/","logo":{"@type":"ImageObject","inLanguage":"fr-BE","@id":"https:\/\/koningdrone.be\/#\/schema\/logo\/image\/","url":"https:\/\/koningdrone.be\/wp-content\/uploads\/sites\/13\/2025\/04\/koningdrone-copyright-logo.svg","contentUrl":"https:\/\/koningdrone.be\/wp-content\/uploads\/sites\/13\/2025\/04\/koningdrone-copyright-logo.svg","width":227,"height":38,"caption":"Koningdrone.be"},"image":{"@id":"https:\/\/koningdrone.be\/#\/schema\/logo\/image\/"}}]}},"df_price":809,"df_sale_price":"","df_regular_price":809,"df_image_link":"https:\/\/koningdrone.be\/wp-content\/uploads\/sites\/13\/2025\/04\/6941565918819-1-300x200.jpg","_links":{"self":[{"href":"https:\/\/koningdrone.be\/fr\/wp-json\/wp\/v2\/product\/5790","targetHints":{"allow":["GET"]}}],"collection":[{"href":"https:\/\/koningdrone.be\/fr\/wp-json\/wp\/v2\/product"}],"about":[{"href":"https:\/\/koningdrone.be\/fr\/wp-json\/wp\/v2\/types\/product"}],"wp:featuredmedia":[{"embeddable":true,"href":"https:\/\/koningdrone.be\/fr\/wp-json\/wp\/v2\/media\/5789"}],"wp:attachment":[{"href":"https:\/\/koningdrone.be\/fr\/wp-json\/wp\/v2\/media?parent=5790"}],"wp:term":[{"taxonomy":"product_brand","embeddable":true,"href":"https:\/\/koningdrone.be\/fr\/wp-json\/wp\/v2\/product_brand?post=5790"},{"taxonomy":"product_cat","embeddable":true,"href":"https:\/\/koningdrone.be\/fr\/wp-json\/wp\/v2\/product_cat?post=5790"},{"taxonomy":"product_tag","embeddable":true,"href":"https:\/\/koningdrone.be\/fr\/wp-json\/wp\/v2\/product_tag?post=5790"}],"curies":[{"name":"wp","href":"https:\/\/api.w.org\/{rel}","templated":true}]}}