{"id":5788,"date":"2022-05-25T20:37:11","date_gmt":"2022-05-25T18:37:11","guid":{"rendered":"https:\/\/koningdrone.nl\/kon\/product\/card-dji-care-refresh-2-year-plan-dji-mavic-3-cine\/"},"modified":"2026-04-29T10:00:55","modified_gmt":"2026-04-29T08:00:55","slug":"card-dji-care-refresh-2-year-plan-dji-mavic-3-cine","status":"publish","type":"product","link":"https:\/\/koningdrone.be\/fr\/produit\/card-dji-care-refresh-2-year-plan-dji-mavic-3-cine\/","title":{"rendered":"Carte DJI Care Refresh 2 ans - DJI Mavic 3 Cine"},"content":{"rendered":"<h1>   Carte DJI Care Refresh 2 ans - DJI Mavic 3 Cine <\/h1>\n<p> Dur\u00e9e 2 ans<br \/> un maximum de 3 unit\u00e9s d'\u00e9change (moyennant le paiement de la commission d'\u00e9change) au cours de la p\u00e9riode de validit\u00e9<br \/> jusqu'\u00e0 2 services d'entretien en usine dans le d\u00e9lai imparti<br \/> Remises exclusives sur les r\u00e9parations<br \/> R\u00e9compenses pour une utilisation s\u00fbre<br \/> Livraison et retours gratuits<br \/>\u00a0 <br \/> Sc\u00e9narios de dommages couverts<br \/>D\u00e9g\u00e2ts des eaux, d\u00e9g\u00e2ts dus aux chutes, envol\u00e9es<br \/>\u00a0 <br \/> Couverture des dommages inclus pour<br \/>Avion (y compris SSD), gimbal et cam\u00e9ra, h\u00e9lice, batterie<\/p>","protected":false},"excerpt":{"rendered":"<p>Card DJI Care Refresh 2-Year Plan &#8211; DJI Mavic 3 Cine Looptijd 2 jaar maximaal 3 ruileenheden (tegen betaling van de ruilvergoeding) binnen de geldigheidsduur maximaal 2 fabrieksonderhoudsservices binnen de termijn Exclusieve reparatiekortingen Beloningen voor veilig gebruik Gratis verzending en retour\u00a0 Schadescenario&#8217;s gedektWaterschade, valschade, wegvliegen\u00a0 Inbegrepen schadedekking voorVliegtuig (incl. SSD), gimbal en camera, propeller, batterij<\/p>","protected":false},"featured_media":5783,"template":"","meta":{"_acf_changed":false},"product_brand":[],"product_cat":[175,97,871,137],"product_tag":[],"class_list":{"0":"post-5788","1":"product","2":"type-product","3":"status-publish","4":"has-post-thumbnail","6":"product_cat-alle-care-refresh","7":"product_cat-alle-producten","8":"product_cat-dji-mavic","9":"product_cat-dji-mavic-3","10":"product_shipping_class-outofstock","11":"pa_brand-dji","12":"pa_productfamily-care-refresh","13":"pa_producttype-care-refresh","14":"pa_series-mavic-3","16":"first","17":"outofstock","18":"taxable","19":"shipping-taxable","20":"product-type-simple"},"acf":[],"yoast_head":"<!-- This site is optimized with the Yoast SEO Premium plugin v27.2 (Yoast SEO v27.2) - https:\/\/yoast.com\/product\/yoast-seo-premium-wordpress\/ -->\n<title>Card DJI Care Refresh 2-Year Plan - DJI Mavic 3 Cine - koningdrone.be<\/title>\n<meta name=\"robots\" content=\"index, follow, max-snippet:-1, max-image-preview:large, max-video-preview:-1\" \/>\n<link rel=\"canonical\" href=\"https:\/\/koningdrone.be\/fr\/produit\/card-dji-care-refresh-2-year-plan-dji-mavic-3-cine\/\" \/>\n<meta property=\"og:locale\" content=\"fr_FR\" \/>\n<meta property=\"og:type\" content=\"article\" \/>\n<meta property=\"og:title\" content=\"Card DJI Care Refresh 2-Year Plan - DJI Mavic 3 Cine\" \/>\n<meta property=\"og:description\" content=\"Card DJI Care Refresh 2-Year Plan &#8211; DJI Mavic 3 Cine Looptijd 2 jaar maximaal 3 ruileenheden (tegen betaling van de ruilvergoeding) binnen de geldigheidsduur maximaal 2 fabrieksonderhoudsservices binnen de termijn Exclusieve reparatiekortingen Beloningen voor veilig gebruik Gratis verzending en retour\u00a0 Schadescenario&#8217;s gedektWaterschade, valschade, wegvliegen\u00a0 Inbegrepen schadedekking voorVliegtuig (incl. SSD), gimbal en camera, propeller, batterij\" \/>\n<meta property=\"og:url\" content=\"https:\/\/koningdrone.be\/fr\/produit\/card-dji-care-refresh-2-year-plan-dji-mavic-3-cine\/\" \/>\n<meta property=\"og:site_name\" content=\"koningdrone.be\" \/>\n<meta property=\"article:modified_time\" content=\"2026-04-29T08:00:55+00:00\" \/>\n<meta property=\"og:image\" content=\"https:\/\/koningdrone.be\/wp-content\/uploads\/sites\/13\/2025\/04\/6941565923288-1.webp\" \/>\n\t<meta property=\"og:image:width\" content=\"1200\" \/>\n\t<meta property=\"og:image:height\" content=\"1200\" \/>\n\t<meta property=\"og:image:type\" content=\"image\/webp\" \/>\n<meta name=\"twitter:card\" content=\"summary_large_image\" \/>\n<script type=\"application\/ld+json\" class=\"yoast-schema-graph\">{\"@context\":\"https:\/\/schema.org\",\"@graph\":[{\"@type\":\"WebPage\",\"@id\":\"https:\/\/koningdrone.be\/product\/card-dji-care-refresh-2-year-plan-dji-mavic-3-cine\/\",\"url\":\"https:\/\/koningdrone.be\/product\/card-dji-care-refresh-2-year-plan-dji-mavic-3-cine\/\",\"name\":\"Card DJI Care Refresh 2-Year Plan - DJI Mavic 3 Cine - koningdrone.be\",\"isPartOf\":{\"@id\":\"https:\/\/koningdrone.be\/#website\"},\"primaryImageOfPage\":{\"@id\":\"https:\/\/koningdrone.be\/product\/card-dji-care-refresh-2-year-plan-dji-mavic-3-cine\/#primaryimage\"},\"image\":{\"@id\":\"https:\/\/koningdrone.be\/product\/card-dji-care-refresh-2-year-plan-dji-mavic-3-cine\/#primaryimage\"},\"thumbnailUrl\":\"https:\/\/koningdrone.be\/wp-content\/uploads\/sites\/13\/2025\/04\/6941565923288-1.webp\",\"datePublished\":\"2022-05-25T18:37:11+00:00\",\"dateModified\":\"2026-04-29T08:00:55+00:00\",\"breadcrumb\":{\"@id\":\"https:\/\/koningdrone.be\/product\/card-dji-care-refresh-2-year-plan-dji-mavic-3-cine\/#breadcrumb\"},\"inLanguage\":\"fr-BE\",\"potentialAction\":[{\"@type\":\"ReadAction\",\"target\":[\"https:\/\/koningdrone.be\/product\/card-dji-care-refresh-2-year-plan-dji-mavic-3-cine\/\"]}]},{\"@type\":\"ImageObject\",\"inLanguage\":\"fr-BE\",\"@id\":\"https:\/\/koningdrone.be\/product\/card-dji-care-refresh-2-year-plan-dji-mavic-3-cine\/#primaryimage\",\"url\":\"https:\/\/koningdrone.be\/wp-content\/uploads\/sites\/13\/2025\/04\/6941565923288-1.webp\",\"contentUrl\":\"https:\/\/koningdrone.be\/wp-content\/uploads\/sites\/13\/2025\/04\/6941565923288-1.webp\",\"width\":1200,\"height\":1200},{\"@type\":\"BreadcrumbList\",\"@id\":\"https:\/\/koningdrone.be\/product\/card-dji-care-refresh-2-year-plan-dji-mavic-3-cine\/#breadcrumb\",\"itemListElement\":[{\"@type\":\"ListItem\",\"position\":1,\"name\":\"Home\",\"item\":\"https:\/\/koningdrone.be\/\"},{\"@type\":\"ListItem\",\"position\":2,\"name\":\"AVSS Parachute Recovery System for DJI Matrice 300\/350\",\"item\":\"https:\/\/koningdrone.be\/product\/avss-parachute-recovery-system-for-dji-matrice-300-350\/\"},{\"@type\":\"ListItem\",\"position\":3,\"name\":\"Alle care refresh\",\"item\":\"https:\/\/koningdrone.be\/categorie\/alle-care-refresh\/\"},{\"@type\":\"ListItem\",\"position\":4,\"name\":\"Card DJI Care Refresh 2-Year Plan &#8211; DJI Mavic 3 Cine\"}]},{\"@type\":\"WebSite\",\"@id\":\"https:\/\/koningdrone.be\/#website\",\"url\":\"https:\/\/koningdrone.be\/\",\"name\":\"Koningdrone.be - Uw online specialist in drones, gimbals, camera's en power stations.\",\"description\":\"De webshop in drones en gimbals\",\"publisher\":{\"@id\":\"https:\/\/koningdrone.be\/#organization\"},\"potentialAction\":[{\"@type\":\"SearchAction\",\"target\":{\"@type\":\"EntryPoint\",\"urlTemplate\":\"https:\/\/koningdrone.be\/?s={search_term_string}\"},\"query-input\":{\"@type\":\"PropertyValueSpecification\",\"valueRequired\":true,\"valueName\":\"search_term_string\"}}],\"inLanguage\":\"fr-BE\"},{\"@type\":\"Organization\",\"@id\":\"https:\/\/koningdrone.be\/#organization\",\"name\":\"Koningdrone.be\",\"url\":\"https:\/\/koningdrone.be\/\",\"logo\":{\"@type\":\"ImageObject\",\"inLanguage\":\"fr-BE\",\"@id\":\"https:\/\/koningdrone.be\/#\/schema\/logo\/image\/\",\"url\":\"https:\/\/koningdrone.be\/wp-content\/uploads\/sites\/13\/2025\/04\/koningdrone-copyright-logo.svg\",\"contentUrl\":\"https:\/\/koningdrone.be\/wp-content\/uploads\/sites\/13\/2025\/04\/koningdrone-copyright-logo.svg\",\"width\":227,\"height\":38,\"caption\":\"Koningdrone.be\"},\"image\":{\"@id\":\"https:\/\/koningdrone.be\/#\/schema\/logo\/image\/\"}}]}<\/script>\n<!-- \/ Yoast SEO Premium plugin. -->","yoast_head_json":{"title":"Card DJI Care Refresh 2-Year Plan - DJI Mavic 3 Cine - koningdrone.be","robots":{"index":"index","follow":"follow","max-snippet":"max-snippet:-1","max-image-preview":"max-image-preview:large","max-video-preview":"max-video-preview:-1"},"canonical":"https:\/\/koningdrone.be\/fr\/produit\/card-dji-care-refresh-2-year-plan-dji-mavic-3-cine\/","og_locale":"fr_FR","og_type":"article","og_title":"Card DJI Care Refresh 2-Year Plan - DJI Mavic 3 Cine","og_description":"Card DJI Care Refresh 2-Year Plan &#8211; DJI Mavic 3 Cine Looptijd 2 jaar maximaal 3 ruileenheden (tegen betaling van de ruilvergoeding) binnen de geldigheidsduur maximaal 2 fabrieksonderhoudsservices binnen de termijn Exclusieve reparatiekortingen Beloningen voor veilig gebruik Gratis verzending en retour\u00a0 Schadescenario&#8217;s gedektWaterschade, valschade, wegvliegen\u00a0 Inbegrepen schadedekking voorVliegtuig (incl. SSD), gimbal en camera, propeller, batterij","og_url":"https:\/\/koningdrone.be\/fr\/produit\/card-dji-care-refresh-2-year-plan-dji-mavic-3-cine\/","og_site_name":"koningdrone.be","article_modified_time":"2026-04-29T08:00:55+00:00","og_image":[{"width":1200,"height":1200,"url":"https:\/\/koningdrone.be\/wp-content\/uploads\/sites\/13\/2025\/04\/6941565923288-1.webp","type":"image\/webp"}],"twitter_card":"summary_large_image","schema":{"@context":"https:\/\/schema.org","@graph":[{"@type":"WebPage","@id":"https:\/\/koningdrone.be\/product\/card-dji-care-refresh-2-year-plan-dji-mavic-3-cine\/","url":"https:\/\/koningdrone.be\/product\/card-dji-care-refresh-2-year-plan-dji-mavic-3-cine\/","name":"Card DJI Care Refresh 2-Year Plan - DJI Mavic 3 Cine - koningdrone.be","isPartOf":{"@id":"https:\/\/koningdrone.be\/#website"},"primaryImageOfPage":{"@id":"https:\/\/koningdrone.be\/product\/card-dji-care-refresh-2-year-plan-dji-mavic-3-cine\/#primaryimage"},"image":{"@id":"https:\/\/koningdrone.be\/product\/card-dji-care-refresh-2-year-plan-dji-mavic-3-cine\/#primaryimage"},"thumbnailUrl":"https:\/\/koningdrone.be\/wp-content\/uploads\/sites\/13\/2025\/04\/6941565923288-1.webp","datePublished":"2022-05-25T18:37:11+00:00","dateModified":"2026-04-29T08:00:55+00:00","breadcrumb":{"@id":"https:\/\/koningdrone.be\/product\/card-dji-care-refresh-2-year-plan-dji-mavic-3-cine\/#breadcrumb"},"inLanguage":"fr-BE","potentialAction":[{"@type":"ReadAction","target":["https:\/\/koningdrone.be\/product\/card-dji-care-refresh-2-year-plan-dji-mavic-3-cine\/"]}]},{"@type":"ImageObject","inLanguage":"fr-BE","@id":"https:\/\/koningdrone.be\/product\/card-dji-care-refresh-2-year-plan-dji-mavic-3-cine\/#primaryimage","url":"https:\/\/koningdrone.be\/wp-content\/uploads\/sites\/13\/2025\/04\/6941565923288-1.webp","contentUrl":"https:\/\/koningdrone.be\/wp-content\/uploads\/sites\/13\/2025\/04\/6941565923288-1.webp","width":1200,"height":1200},{"@type":"BreadcrumbList","@id":"https:\/\/koningdrone.be\/product\/card-dji-care-refresh-2-year-plan-dji-mavic-3-cine\/#breadcrumb","itemListElement":[{"@type":"ListItem","position":1,"name":"Home","item":"https:\/\/koningdrone.be\/"},{"@type":"ListItem","position":2,"name":"AVSS Parachute Recovery System for DJI Matrice 300\/350","item":"https:\/\/koningdrone.be\/product\/avss-parachute-recovery-system-for-dji-matrice-300-350\/"},{"@type":"ListItem","position":3,"name":"Alle care refresh","item":"https:\/\/koningdrone.be\/categorie\/alle-care-refresh\/"},{"@type":"ListItem","position":4,"name":"Card DJI Care Refresh 2-Year Plan &#8211; DJI Mavic 3 Cine"}]},{"@type":"WebSite","@id":"https:\/\/koningdrone.be\/#website","url":"https:\/\/koningdrone.be\/","name":"Koningdrone.be - Votre sp\u00e9cialiste en ligne en mati\u00e8re de drones, de cardans, de cam\u00e9ras et de centrales \u00e9lectriques.","description":"La boutique en ligne de drones et de cardans","publisher":{"@id":"https:\/\/koningdrone.be\/#organization"},"potentialAction":[{"@type":"SearchAction","target":{"@type":"EntryPoint","urlTemplate":"https:\/\/koningdrone.be\/?s={search_term_string}"},"query-input":{"@type":"PropertyValueSpecification","valueRequired":true,"valueName":"search_term_string"}}],"inLanguage":"fr-BE"},{"@type":"Organization","@id":"https:\/\/koningdrone.be\/#organization","name":"Kingdrone.co.uk","url":"https:\/\/koningdrone.be\/","logo":{"@type":"ImageObject","inLanguage":"fr-BE","@id":"https:\/\/koningdrone.be\/#\/schema\/logo\/image\/","url":"https:\/\/koningdrone.be\/wp-content\/uploads\/sites\/13\/2025\/04\/koningdrone-copyright-logo.svg","contentUrl":"https:\/\/koningdrone.be\/wp-content\/uploads\/sites\/13\/2025\/04\/koningdrone-copyright-logo.svg","width":227,"height":38,"caption":"Koningdrone.be"},"image":{"@id":"https:\/\/koningdrone.be\/#\/schema\/logo\/image\/"}}]}},"df_price":"","df_sale_price":"","df_regular_price":"","df_image_link":"https:\/\/koningdrone.be\/wp-content\/uploads\/sites\/13\/2025\/04\/6941565923288-1-300x300.webp","_links":{"self":[{"href":"https:\/\/koningdrone.be\/fr\/wp-json\/wp\/v2\/product\/5788","targetHints":{"allow":["GET"]}}],"collection":[{"href":"https:\/\/koningdrone.be\/fr\/wp-json\/wp\/v2\/product"}],"about":[{"href":"https:\/\/koningdrone.be\/fr\/wp-json\/wp\/v2\/types\/product"}],"wp:featuredmedia":[{"embeddable":true,"href":"https:\/\/koningdrone.be\/fr\/wp-json\/wp\/v2\/media\/5783"}],"wp:attachment":[{"href":"https:\/\/koningdrone.be\/fr\/wp-json\/wp\/v2\/media?parent=5788"}],"wp:term":[{"taxonomy":"product_brand","embeddable":true,"href":"https:\/\/koningdrone.be\/fr\/wp-json\/wp\/v2\/product_brand?post=5788"},{"taxonomy":"product_cat","embeddable":true,"href":"https:\/\/koningdrone.be\/fr\/wp-json\/wp\/v2\/product_cat?post=5788"},{"taxonomy":"product_tag","embeddable":true,"href":"https:\/\/koningdrone.be\/fr\/wp-json\/wp\/v2\/product_tag?post=5788"}],"curies":[{"name":"wp","href":"https:\/\/api.w.org\/{rel}","templated":true}]}}