{"id":5746,"date":"2022-05-25T20:37:28","date_gmt":"2022-05-25T18:37:28","guid":{"rendered":"https:\/\/koningdrone.nl\/kon\/product\/dji-matrice-30-battery-pack-tb30-p08\/"},"modified":"2026-04-29T03:40:23","modified_gmt":"2026-04-29T01:40:23","slug":"dji-matrice-30-battery-pack-tb30-p08","status":"publish","type":"product","link":"https:\/\/koningdrone.be\/fr\/produit\/dji-matrice-30-battery-pack-tb30-p08\/","title":{"rendered":"Batterie de vol intelligente Matrice 30 Series TB30"},"content":{"rendered":"<p><strong>Introduction \u00e0 la batterie intelligente TB30<\/strong><\/p>\n<p>La batterie intelligente TB30 est une solution avanc\u00e9e con\u00e7ue pour une utilisation op\u00e9rationnelle efficace et \u00e0 long terme. Fabriqu\u00e9e avec une attention m\u00e9ticuleuse aux besoins des environnements exigeants, cette batterie est dot\u00e9e de fonctions avanc\u00e9es pour s'auto-chauffer et supporter jusqu'\u00e0 400 cycles de charge. Cette approche innovante garantit la long\u00e9vit\u00e9 et la fiabilit\u00e9, essentielles pour les t\u00e2ches qui n\u00e9cessitent une alimentation \u00e9lectrique constante.<\/p>\n<p><strong>Am\u00e9lioration de la convivialit\u00e9 et de l'efficacit\u00e9<\/strong><\/p>\n<p>Au c\u0153ur de la conception de la batterie intelligente TB30 se trouve sa capacit\u00e9 \u00e0 s'auto-chauffer. Cette caract\u00e9ristique est essentielle pour maintenir des performances optimales dans des conditions m\u00e9t\u00e9orologiques vari\u00e9es et difficiles, garantissant que votre \u00e9quipement est pr\u00eat \u00e0 l'emploi en un rien de temps. L'efficacit\u00e9 est encore renforc\u00e9e par la remarquable r\u00e9silience de la batterie, qui est capable de supporter d'innombrables cycles de charge sans d\u00e9gradation significative des performances.<\/p>\n<p><strong>Technologie de remplacement des modules chauds<\/strong><\/p>\n<p>L'introduction de la technologie de remplacement \u00e0 chaud des modules repr\u00e9sente une avanc\u00e9e significative dans la r\u00e9duction des temps d'arr\u00eat pendant les op\u00e9rations critiques. Cette technologie permet de remplacer rapidement et sans effort les batteries, sans devoir interrompre ou suspendre le flux de travail. Ainsi, vos missions ou vos projets peuvent se d\u00e9rouler sans probl\u00e8me, sans les inconv\u00e9nients li\u00e9s aux interruptions prolong\u00e9es pour le remplacement des batteries.<\/p>\n<p><strong>Garantir des missions de vol sans faille et ininterrompues<\/strong><\/p>\n<p>Gr\u00e2ce \u00e0 l'int\u00e9gration transparente de caract\u00e9ristiques telles que les capacit\u00e9s d'auto-chauffage et la technologie de remplacement \u00e0 chaud des modules, la batterie intelligente TB30 \u00e9tablit une nouvelle norme pour les applications critiques. Elle est sp\u00e9cialement con\u00e7ue pour garantir que vos missions de vol ou vos op\u00e9rations \u00e0 distance se poursuivent sans heurts, en renfor\u00e7ant le concept d'une alimentation \u00e9lectrique fiable et ininterrompue. Elle est donc inestimable dans les sc\u00e9narios o\u00f9 l'efficacit\u00e9 et la fiabilit\u00e9 sont primordiales.<\/p>\n<p>&nbsp;<\/p>","protected":false},"excerpt":{"rendered":"<ul>\n<li>Capacit\u00e9s d'auto-\u00e9chauffement<\/li>\n<li>Jusqu'\u00e0 400 cycles de charge<\/li>\n<li>Prise en charge du remplacement \u00e0 chaud des modules<\/li>\n<li>Am\u00e9liore la fluidit\u00e9 des op\u00e9rations de vol<\/li>\n<li>Gain de temps pour les t\u00e2ches critiques<\/li>\n<\/ul>","protected":false},"featured_media":5744,"template":"","meta":{"_acf_changed":false},"product_brand":[],"product_cat":[113,97,426,149,543],"product_tag":[],"class_list":{"0":"post-5746","1":"product","2":"type-product","3":"status-publish","4":"has-post-thumbnail","6":"product_cat-alle-batterijen","7":"product_cat-alle-producten","8":"product_cat-dji-matrice","9":"product_cat-dji-matrice-30","10":"product_cat-dji-matrice-30t","11":"product_shipping_class-uavspacesall","12":"pa_brand-dji","13":"pa_productfamily-batterij","14":"pa_producttype-batterij","15":"pa_series-matrice-30","17":"first","18":"instock","19":"taxable","20":"shipping-taxable","21":"purchasable","22":"product-type-simple"},"acf":[],"yoast_head":"<!-- This site is optimized with the Yoast SEO Premium plugin v27.2 (Yoast SEO v27.2) - https:\/\/yoast.com\/product\/yoast-seo-premium-wordpress\/ -->\n<title>Matrice 30 Series TB30 Intelligent Flight Battery - koningdrone.be<\/title>\n<meta name=\"robots\" content=\"index, follow, max-snippet:-1, max-image-preview:large, max-video-preview:-1\" \/>\n<link rel=\"canonical\" href=\"https:\/\/koningdrone.be\/fr\/produit\/dji-matrice-30-battery-pack-tb30-p08\/\" \/>\n<meta property=\"og:locale\" content=\"fr_FR\" \/>\n<meta property=\"og:type\" content=\"article\" \/>\n<meta property=\"og:title\" content=\"Matrice 30 Series TB30 Intelligent Flight Battery\" \/>\n<meta property=\"og:description\" content=\"Zelfverwarmende mogelijkheden  Tot 400 oplaadcycli  Ondersteunt vervanging van hot-modules  Verbetert soepele vluchtoperaties  Tijdbesparend tijdens kritieke taken\" \/>\n<meta property=\"og:url\" content=\"https:\/\/koningdrone.be\/fr\/produit\/dji-matrice-30-battery-pack-tb30-p08\/\" \/>\n<meta property=\"og:site_name\" content=\"koningdrone.be\" \/>\n<meta property=\"article:modified_time\" content=\"2026-04-29T01:40:23+00:00\" \/>\n<meta property=\"og:image\" content=\"https:\/\/koningdrone.be\/wp-content\/uploads\/sites\/13\/2025\/04\/432bdbd826bb3f3c648f22ff9ba410b7@large.jpg\" \/>\n\t<meta property=\"og:image:width\" content=\"1200\" \/>\n\t<meta property=\"og:image:height\" content=\"800\" \/>\n\t<meta property=\"og:image:type\" content=\"image\/jpeg\" \/>\n<meta name=\"twitter:card\" content=\"summary_large_image\" \/>\n<meta name=\"twitter:label1\" content=\"Dur\u00e9e de lecture est.\" \/>\n\t<meta name=\"twitter:data1\" content=\"1 minute\" \/>\n<script type=\"application\/ld+json\" class=\"yoast-schema-graph\">{\"@context\":\"https:\/\/schema.org\",\"@graph\":[{\"@type\":\"WebPage\",\"@id\":\"https:\/\/koningdrone.be\/product\/dji-matrice-30-battery-pack-tb30-p08\/\",\"url\":\"https:\/\/koningdrone.be\/product\/dji-matrice-30-battery-pack-tb30-p08\/\",\"name\":\"Matrice 30 Series TB30 Intelligent Flight Battery - koningdrone.be\",\"isPartOf\":{\"@id\":\"https:\/\/koningdrone.be\/#website\"},\"primaryImageOfPage\":{\"@id\":\"https:\/\/koningdrone.be\/product\/dji-matrice-30-battery-pack-tb30-p08\/#primaryimage\"},\"image\":{\"@id\":\"https:\/\/koningdrone.be\/product\/dji-matrice-30-battery-pack-tb30-p08\/#primaryimage\"},\"thumbnailUrl\":\"https:\/\/koningdrone.be\/wp-content\/uploads\/sites\/13\/2025\/04\/432bdbd826bb3f3c648f22ff9ba410b7@large.jpg\",\"datePublished\":\"2022-05-25T18:37:28+00:00\",\"dateModified\":\"2026-04-29T01:40:23+00:00\",\"breadcrumb\":{\"@id\":\"https:\/\/koningdrone.be\/product\/dji-matrice-30-battery-pack-tb30-p08\/#breadcrumb\"},\"inLanguage\":\"fr-BE\",\"potentialAction\":[{\"@type\":\"ReadAction\",\"target\":[\"https:\/\/koningdrone.be\/product\/dji-matrice-30-battery-pack-tb30-p08\/\"]}]},{\"@type\":\"ImageObject\",\"inLanguage\":\"fr-BE\",\"@id\":\"https:\/\/koningdrone.be\/product\/dji-matrice-30-battery-pack-tb30-p08\/#primaryimage\",\"url\":\"https:\/\/koningdrone.be\/wp-content\/uploads\/sites\/13\/2025\/04\/432bdbd826bb3f3c648f22ff9ba410b7@large.jpg\",\"contentUrl\":\"https:\/\/koningdrone.be\/wp-content\/uploads\/sites\/13\/2025\/04\/432bdbd826bb3f3c648f22ff9ba410b7@large.jpg\",\"width\":1200,\"height\":800},{\"@type\":\"BreadcrumbList\",\"@id\":\"https:\/\/koningdrone.be\/product\/dji-matrice-30-battery-pack-tb30-p08\/#breadcrumb\",\"itemListElement\":[{\"@type\":\"ListItem\",\"position\":1,\"name\":\"Home\",\"item\":\"https:\/\/koningdrone.be\/\"},{\"@type\":\"ListItem\",\"position\":2,\"name\":\"AVSS Parachute Recovery System for DJI Matrice 300\/350\",\"item\":\"https:\/\/koningdrone.be\/product\/avss-parachute-recovery-system-for-dji-matrice-300-350\/\"},{\"@type\":\"ListItem\",\"position\":3,\"name\":\"Alle batterijen\",\"item\":\"https:\/\/koningdrone.be\/categorie\/alle-batterijen\/\"},{\"@type\":\"ListItem\",\"position\":4,\"name\":\"Matrice 30 Series TB30 Intelligent Flight Battery\"}]},{\"@type\":\"WebSite\",\"@id\":\"https:\/\/koningdrone.be\/#website\",\"url\":\"https:\/\/koningdrone.be\/\",\"name\":\"Koningdrone.be - Uw online specialist in drones, gimbals, camera's en power stations.\",\"description\":\"De webshop in drones en gimbals\",\"publisher\":{\"@id\":\"https:\/\/koningdrone.be\/#organization\"},\"potentialAction\":[{\"@type\":\"SearchAction\",\"target\":{\"@type\":\"EntryPoint\",\"urlTemplate\":\"https:\/\/koningdrone.be\/?s={search_term_string}\"},\"query-input\":{\"@type\":\"PropertyValueSpecification\",\"valueRequired\":true,\"valueName\":\"search_term_string\"}}],\"inLanguage\":\"fr-BE\"},{\"@type\":\"Organization\",\"@id\":\"https:\/\/koningdrone.be\/#organization\",\"name\":\"Koningdrone.be\",\"url\":\"https:\/\/koningdrone.be\/\",\"logo\":{\"@type\":\"ImageObject\",\"inLanguage\":\"fr-BE\",\"@id\":\"https:\/\/koningdrone.be\/#\/schema\/logo\/image\/\",\"url\":\"https:\/\/koningdrone.be\/wp-content\/uploads\/sites\/13\/2025\/04\/koningdrone-copyright-logo.svg\",\"contentUrl\":\"https:\/\/koningdrone.be\/wp-content\/uploads\/sites\/13\/2025\/04\/koningdrone-copyright-logo.svg\",\"width\":227,\"height\":38,\"caption\":\"Koningdrone.be\"},\"image\":{\"@id\":\"https:\/\/koningdrone.be\/#\/schema\/logo\/image\/\"}}]}<\/script>\n<!-- \/ Yoast SEO Premium plugin. -->","yoast_head_json":{"title":"Matrice 30 Series TB30 Intelligent Flight Battery - koningdrone.be","robots":{"index":"index","follow":"follow","max-snippet":"max-snippet:-1","max-image-preview":"max-image-preview:large","max-video-preview":"max-video-preview:-1"},"canonical":"https:\/\/koningdrone.be\/fr\/produit\/dji-matrice-30-battery-pack-tb30-p08\/","og_locale":"fr_FR","og_type":"article","og_title":"Matrice 30 Series TB30 Intelligent Flight Battery","og_description":"Zelfverwarmende mogelijkheden  Tot 400 oplaadcycli  Ondersteunt vervanging van hot-modules  Verbetert soepele vluchtoperaties  Tijdbesparend tijdens kritieke taken","og_url":"https:\/\/koningdrone.be\/fr\/produit\/dji-matrice-30-battery-pack-tb30-p08\/","og_site_name":"koningdrone.be","article_modified_time":"2026-04-29T01:40:23+00:00","og_image":[{"width":1200,"height":800,"url":"https:\/\/koningdrone.be\/wp-content\/uploads\/sites\/13\/2025\/04\/432bdbd826bb3f3c648f22ff9ba410b7@large.jpg","type":"image\/jpeg"}],"twitter_card":"summary_large_image","twitter_misc":{"Dur\u00e9e de lecture est.":"1 minute"},"schema":{"@context":"https:\/\/schema.org","@graph":[{"@type":"WebPage","@id":"https:\/\/koningdrone.be\/product\/dji-matrice-30-battery-pack-tb30-p08\/","url":"https:\/\/koningdrone.be\/product\/dji-matrice-30-battery-pack-tb30-p08\/","name":"Matrice 30 Series TB30 Intelligent Flight Battery - koningdrone.be","isPartOf":{"@id":"https:\/\/koningdrone.be\/#website"},"primaryImageOfPage":{"@id":"https:\/\/koningdrone.be\/product\/dji-matrice-30-battery-pack-tb30-p08\/#primaryimage"},"image":{"@id":"https:\/\/koningdrone.be\/product\/dji-matrice-30-battery-pack-tb30-p08\/#primaryimage"},"thumbnailUrl":"https:\/\/koningdrone.be\/wp-content\/uploads\/sites\/13\/2025\/04\/432bdbd826bb3f3c648f22ff9ba410b7@large.jpg","datePublished":"2022-05-25T18:37:28+00:00","dateModified":"2026-04-29T01:40:23+00:00","breadcrumb":{"@id":"https:\/\/koningdrone.be\/product\/dji-matrice-30-battery-pack-tb30-p08\/#breadcrumb"},"inLanguage":"fr-BE","potentialAction":[{"@type":"ReadAction","target":["https:\/\/koningdrone.be\/product\/dji-matrice-30-battery-pack-tb30-p08\/"]}]},{"@type":"ImageObject","inLanguage":"fr-BE","@id":"https:\/\/koningdrone.be\/product\/dji-matrice-30-battery-pack-tb30-p08\/#primaryimage","url":"https:\/\/koningdrone.be\/wp-content\/uploads\/sites\/13\/2025\/04\/432bdbd826bb3f3c648f22ff9ba410b7@large.jpg","contentUrl":"https:\/\/koningdrone.be\/wp-content\/uploads\/sites\/13\/2025\/04\/432bdbd826bb3f3c648f22ff9ba410b7@large.jpg","width":1200,"height":800},{"@type":"BreadcrumbList","@id":"https:\/\/koningdrone.be\/product\/dji-matrice-30-battery-pack-tb30-p08\/#breadcrumb","itemListElement":[{"@type":"ListItem","position":1,"name":"Home","item":"https:\/\/koningdrone.be\/"},{"@type":"ListItem","position":2,"name":"AVSS Parachute Recovery System for DJI Matrice 300\/350","item":"https:\/\/koningdrone.be\/product\/avss-parachute-recovery-system-for-dji-matrice-300-350\/"},{"@type":"ListItem","position":3,"name":"Alle batterijen","item":"https:\/\/koningdrone.be\/categorie\/alle-batterijen\/"},{"@type":"ListItem","position":4,"name":"Matrice 30 Series TB30 Intelligent Flight Battery"}]},{"@type":"WebSite","@id":"https:\/\/koningdrone.be\/#website","url":"https:\/\/koningdrone.be\/","name":"Koningdrone.be - Votre sp\u00e9cialiste en ligne en mati\u00e8re de drones, de cardans, de cam\u00e9ras et de centrales \u00e9lectriques.","description":"La boutique en ligne de drones et de cardans","publisher":{"@id":"https:\/\/koningdrone.be\/#organization"},"potentialAction":[{"@type":"SearchAction","target":{"@type":"EntryPoint","urlTemplate":"https:\/\/koningdrone.be\/?s={search_term_string}"},"query-input":{"@type":"PropertyValueSpecification","valueRequired":true,"valueName":"search_term_string"}}],"inLanguage":"fr-BE"},{"@type":"Organization","@id":"https:\/\/koningdrone.be\/#organization","name":"Kingdrone.co.uk","url":"https:\/\/koningdrone.be\/","logo":{"@type":"ImageObject","inLanguage":"fr-BE","@id":"https:\/\/koningdrone.be\/#\/schema\/logo\/image\/","url":"https:\/\/koningdrone.be\/wp-content\/uploads\/sites\/13\/2025\/04\/koningdrone-copyright-logo.svg","contentUrl":"https:\/\/koningdrone.be\/wp-content\/uploads\/sites\/13\/2025\/04\/koningdrone-copyright-logo.svg","width":227,"height":38,"caption":"Koningdrone.be"},"image":{"@id":"https:\/\/koningdrone.be\/#\/schema\/logo\/image\/"}}]}},"df_price":325,"df_sale_price":"","df_regular_price":325,"df_image_link":"https:\/\/koningdrone.be\/wp-content\/uploads\/sites\/13\/2025\/04\/432bdbd826bb3f3c648f22ff9ba410b7@large-300x200.jpg","_links":{"self":[{"href":"https:\/\/koningdrone.be\/fr\/wp-json\/wp\/v2\/product\/5746","targetHints":{"allow":["GET"]}}],"collection":[{"href":"https:\/\/koningdrone.be\/fr\/wp-json\/wp\/v2\/product"}],"about":[{"href":"https:\/\/koningdrone.be\/fr\/wp-json\/wp\/v2\/types\/product"}],"wp:featuredmedia":[{"embeddable":true,"href":"https:\/\/koningdrone.be\/fr\/wp-json\/wp\/v2\/media\/5744"}],"wp:attachment":[{"href":"https:\/\/koningdrone.be\/fr\/wp-json\/wp\/v2\/media?parent=5746"}],"wp:term":[{"taxonomy":"product_brand","embeddable":true,"href":"https:\/\/koningdrone.be\/fr\/wp-json\/wp\/v2\/product_brand?post=5746"},{"taxonomy":"product_cat","embeddable":true,"href":"https:\/\/koningdrone.be\/fr\/wp-json\/wp\/v2\/product_cat?post=5746"},{"taxonomy":"product_tag","embeddable":true,"href":"https:\/\/koningdrone.be\/fr\/wp-json\/wp\/v2\/product_tag?post=5746"}],"curies":[{"name":"wp","href":"https:\/\/api.w.org\/{rel}","templated":true}]}}