{"id":5735,"date":"2022-05-25T20:37:28","date_gmt":"2022-05-25T18:37:28","guid":{"rendered":"https:\/\/koningdrone.nl\/kon\/product\/dji-care-refresh-2-years-for-mavic-3\/"},"modified":"2026-04-29T07:41:09","modified_gmt":"2026-04-29T05:41:09","slug":"dji-care-refresh-2-years-for-mavic-3","status":"publish","type":"product","link":"https:\/\/koningdrone.be\/fr\/produit\/dji-care-refresh-2-years-for-mavic-3\/","title":{"rendered":"DJI Care Refresh 2 ans pour Mavic 3"},"content":{"rendered":"<h1>   DJI Care Refresh 2 ans pour Mavic 3 <\/h1>\n<p>Pour un petit suppl\u00e9ment, DJI Care Refresh (contrat de 2 ans) offre trois unit\u00e9s de remplacement dans les 24 mois et une protection contre les accidents, les d\u00e9g\u00e2ts des eaux, les incidents de vol, l'usure naturelle et d'autres dommages accidentels. D'autres services exclusifs incluent l'exp\u00e9dition gratuite dans les deux sens, un service technique exclusif et bien plus encore.<br \/>DJI Care Refresh est un pack de protection complet qui offre un service de remplacement abordable et une couverture pour les dommages accidentels. Profitez de votre produit DJI en toute s\u00e9r\u00e9nit\u00e9, o\u00f9 que vous alliez.<br \/>Trois dispositifs de changement rapide<br \/>DJI Care Refresh (plan de 2 ans) comprend jusqu'\u00e0 3 unit\u00e9s de remplacement dans les 24 mois, y compris deux incidents volatiles. Les unit\u00e9s de remplacement sont des produits neufs ou tout nouveaux en termes de performance et de fiabilit\u00e9. Le premier co\u00fbt de remplacement de DJI Care Refresh pour le DJI Mavic 3 est de 159 \u20ac, le deuxi\u00e8me est de 199 \u20ac et le troisi\u00e8me est de 219 \u20ac. Si la protection des vols est demand\u00e9e, le co\u00fbt est de 699 \u20ac.<br \/>Protection contre l'envol<br \/>La protection contre l'envol DJI Care Refresh couvre les situations o\u00f9 les appareils sont perdus en vol.<br \/>*Pour utiliser la protection contre les envols, vous devez avoir appair\u00e9 votre compte DJI et votre t\u00e9l\u00e9commande avec le drone via l'application DJI Fly. La protection contre les envols ne peut \u00eatre r\u00e9clam\u00e9e que si l'appairage a \u00e9t\u00e9 effectu\u00e9 avant l'incident d'envol.<br \/>Couverture compl\u00e8te<br \/>Les dommages accidentels, y compris les collisions, les d\u00e9g\u00e2ts des eaux, etc. sont couverts par le service d'\u00e9change. L'appareil de remplacement est un appareil enti\u00e8rement neuf ou comme neuf.<br \/>Gagner un temps pr\u00e9cieux<br \/>La nouvelle option express permet aux clients d'\u00e9viter le processus d'\u00e9valuation des dommages. Un centre de service DJI enverra un appareil de remplacement imm\u00e9diatement apr\u00e8s avoir re\u00e7u le drone endommag\u00e9.<br \/>Programme d'entretien professionnel<br \/>Les centres de service DJI proposent un programme de maintenance professionnelle qui comprend des inspections, des mises \u00e0 jour, des nettoyages et le remplacement des pi\u00e8ces facilement usag\u00e9es. Le plan DJI Care Refresh de 2 ans offre jusqu'\u00e0 2 services de maintenance en usine en l'espace de 2 ans.<br \/>Remises exclusives sur les r\u00e9parations<br \/>Les frais de r\u00e9paration ne sont pas un probl\u00e8me, m\u00eame si un accident est couvert par le pack de protection. DJI Care Refresh offre des remises exclusives pour un service de r\u00e9paration de haute qualit\u00e9. Le contrat DJI Care Refresh de 2 ans offre 3 remises sur les services de r\u00e9paration dans les 24 mois.<br \/>Bonus pour un vol en toute s\u00e9curit\u00e9<br \/>Si vous n'avez pas eu recours \u00e0 des services de remplacement ou de r\u00e9paration pendant la p\u00e9riode de service, DJI vous offrira en prime une extension de garantie d'un an.<br \/>Livraison gratuite<br \/>DJI prendra en charge les frais d'exp\u00e9dition si le produit est envoy\u00e9 pour remplacement.<br \/>Service exclusif<br \/>DJI Care propose des canaux de service exclusifs pour l'assistance technique, y compris un chat en ligne et une hotline t\u00e9l\u00e9phonique. Les questions sont transmises aux canaux de service de DJI Care pour un \u00e9change rapide.<br \/>*Pour plus d'informations sur le service DJI Care Refresh, consultez la rubrique Support sur le site officiel de DJI.<br \/>des conseils :<br \/>1. DJI Care Refresh peut \u00eatre associ\u00e9 \u00e0 un produit DJI selon les crit\u00e8res suivants :<br \/>- Produits nouveaux et inactifs<br \/>- Suspensions d'a\u00e9ronefs ou de cardans activ\u00e9es depuis moins de 48 heures.<br \/>2. DJI Care Refresh n'est autoris\u00e9 que dans la r\u00e9gion o\u00f9 le produit a \u00e9t\u00e9 achet\u00e9. Pour que vous puissiez utiliser le service normalement, DJI Care Refresh et le produit associ\u00e9 doivent avoir \u00e9t\u00e9 achet\u00e9s dans le m\u00eame pays ou la m\u00eame r\u00e9gion.<\/p>","protected":false},"excerpt":{"rendered":"<ul>\n<li>assurance cheur. Validit\u00e9 de 2 ans.<\/li>\n<li>ompatible avec le DJI Mavic 3 Standard.<\/li>\n<\/ul>","protected":false},"featured_media":5734,"template":"","meta":{"_acf_changed":false},"product_brand":[],"product_cat":[175,97,871,137],"product_tag":[],"class_list":{"0":"post-5735","1":"product","2":"type-product","3":"status-publish","4":"has-post-thumbnail","6":"product_cat-alle-care-refresh","7":"product_cat-alle-producten","8":"product_cat-dji-mavic","9":"product_cat-dji-mavic-3","10":"product_shipping_class-outofstock","11":"pa_brand-dji","12":"pa_productfamily-care-refresh","13":"pa_producttype-care-refresh","14":"pa_series-mavic-3","16":"first","17":"outofstock","18":"taxable","19":"shipping-taxable","20":"product-type-simple"},"acf":[],"yoast_head":"<!-- This site is optimized with the Yoast SEO Premium plugin v27.2 (Yoast SEO v27.2) - https:\/\/yoast.com\/product\/yoast-seo-premium-wordpress\/ -->\n<title>DJI Care Refresh 2 Years for Mavic 3 - koningdrone.be<\/title>\n<meta name=\"robots\" content=\"index, follow, max-snippet:-1, max-image-preview:large, max-video-preview:-1\" \/>\n<link rel=\"canonical\" href=\"https:\/\/koningdrone.be\/fr\/produit\/dji-care-refresh-2-years-for-mavic-3\/\" \/>\n<meta property=\"og:locale\" content=\"fr_FR\" \/>\n<meta property=\"og:type\" content=\"article\" \/>\n<meta property=\"og:title\" content=\"DJI Care Refresh 2 Years for Mavic 3\" \/>\n<meta property=\"og:description\" content=\"cheurverzekering. Geldigheid van 2 jaar.ompatibel met DJI Mavic 3 Standard.\" \/>\n<meta property=\"og:url\" content=\"https:\/\/koningdrone.be\/fr\/produit\/dji-care-refresh-2-years-for-mavic-3\/\" \/>\n<meta property=\"og:site_name\" content=\"koningdrone.be\" \/>\n<meta property=\"article:modified_time\" content=\"2026-04-29T05:41:09+00:00\" \/>\n<meta property=\"og:image\" content=\"https:\/\/koningdrone.be\/wp-content\/uploads\/sites\/13\/2025\/04\/6941565921215-1.jpg\" \/>\n\t<meta property=\"og:image:width\" content=\"600\" \/>\n\t<meta property=\"og:image:height\" content=\"600\" \/>\n\t<meta property=\"og:image:type\" content=\"image\/jpeg\" \/>\n<meta name=\"twitter:card\" content=\"summary_large_image\" \/>\n<meta name=\"twitter:label1\" content=\"Dur\u00e9e de lecture est.\" \/>\n\t<meta name=\"twitter:data1\" content=\"2 minutes\" \/>\n<script type=\"application\/ld+json\" class=\"yoast-schema-graph\">{\"@context\":\"https:\/\/schema.org\",\"@graph\":[{\"@type\":\"WebPage\",\"@id\":\"https:\/\/koningdrone.be\/product\/dji-care-refresh-2-years-for-mavic-3\/\",\"url\":\"https:\/\/koningdrone.be\/product\/dji-care-refresh-2-years-for-mavic-3\/\",\"name\":\"DJI Care Refresh 2 Years for Mavic 3 - koningdrone.be\",\"isPartOf\":{\"@id\":\"https:\/\/koningdrone.be\/#website\"},\"primaryImageOfPage\":{\"@id\":\"https:\/\/koningdrone.be\/product\/dji-care-refresh-2-years-for-mavic-3\/#primaryimage\"},\"image\":{\"@id\":\"https:\/\/koningdrone.be\/product\/dji-care-refresh-2-years-for-mavic-3\/#primaryimage\"},\"thumbnailUrl\":\"https:\/\/koningdrone.be\/wp-content\/uploads\/sites\/13\/2025\/04\/6941565921215-1.jpg\",\"datePublished\":\"2022-05-25T18:37:28+00:00\",\"dateModified\":\"2026-04-29T05:41:09+00:00\",\"breadcrumb\":{\"@id\":\"https:\/\/koningdrone.be\/product\/dji-care-refresh-2-years-for-mavic-3\/#breadcrumb\"},\"inLanguage\":\"fr-BE\",\"potentialAction\":[{\"@type\":\"ReadAction\",\"target\":[\"https:\/\/koningdrone.be\/product\/dji-care-refresh-2-years-for-mavic-3\/\"]}]},{\"@type\":\"ImageObject\",\"inLanguage\":\"fr-BE\",\"@id\":\"https:\/\/koningdrone.be\/product\/dji-care-refresh-2-years-for-mavic-3\/#primaryimage\",\"url\":\"https:\/\/koningdrone.be\/wp-content\/uploads\/sites\/13\/2025\/04\/6941565921215-1.jpg\",\"contentUrl\":\"https:\/\/koningdrone.be\/wp-content\/uploads\/sites\/13\/2025\/04\/6941565921215-1.jpg\",\"width\":600,\"height\":600},{\"@type\":\"BreadcrumbList\",\"@id\":\"https:\/\/koningdrone.be\/product\/dji-care-refresh-2-years-for-mavic-3\/#breadcrumb\",\"itemListElement\":[{\"@type\":\"ListItem\",\"position\":1,\"name\":\"Home\",\"item\":\"https:\/\/koningdrone.be\/\"},{\"@type\":\"ListItem\",\"position\":2,\"name\":\"AVSS Parachute Recovery System for DJI Matrice 300\/350\",\"item\":\"https:\/\/koningdrone.be\/product\/avss-parachute-recovery-system-for-dji-matrice-300-350\/\"},{\"@type\":\"ListItem\",\"position\":3,\"name\":\"Alle care refresh\",\"item\":\"https:\/\/koningdrone.be\/categorie\/alle-care-refresh\/\"},{\"@type\":\"ListItem\",\"position\":4,\"name\":\"DJI Care Refresh 2 Years for Mavic 3\"}]},{\"@type\":\"WebSite\",\"@id\":\"https:\/\/koningdrone.be\/#website\",\"url\":\"https:\/\/koningdrone.be\/\",\"name\":\"Koningdrone.be - Uw online specialist in drones, gimbals, camera's en power stations.\",\"description\":\"De webshop in drones en gimbals\",\"publisher\":{\"@id\":\"https:\/\/koningdrone.be\/#organization\"},\"potentialAction\":[{\"@type\":\"SearchAction\",\"target\":{\"@type\":\"EntryPoint\",\"urlTemplate\":\"https:\/\/koningdrone.be\/?s={search_term_string}\"},\"query-input\":{\"@type\":\"PropertyValueSpecification\",\"valueRequired\":true,\"valueName\":\"search_term_string\"}}],\"inLanguage\":\"fr-BE\"},{\"@type\":\"Organization\",\"@id\":\"https:\/\/koningdrone.be\/#organization\",\"name\":\"Koningdrone.be\",\"url\":\"https:\/\/koningdrone.be\/\",\"logo\":{\"@type\":\"ImageObject\",\"inLanguage\":\"fr-BE\",\"@id\":\"https:\/\/koningdrone.be\/#\/schema\/logo\/image\/\",\"url\":\"https:\/\/koningdrone.be\/wp-content\/uploads\/sites\/13\/2025\/04\/koningdrone-copyright-logo.svg\",\"contentUrl\":\"https:\/\/koningdrone.be\/wp-content\/uploads\/sites\/13\/2025\/04\/koningdrone-copyright-logo.svg\",\"width\":227,\"height\":38,\"caption\":\"Koningdrone.be\"},\"image\":{\"@id\":\"https:\/\/koningdrone.be\/#\/schema\/logo\/image\/\"}}]}<\/script>\n<!-- \/ Yoast SEO Premium plugin. -->","yoast_head_json":{"title":"DJI Care Refresh 2 Years for Mavic 3 - koningdrone.be","robots":{"index":"index","follow":"follow","max-snippet":"max-snippet:-1","max-image-preview":"max-image-preview:large","max-video-preview":"max-video-preview:-1"},"canonical":"https:\/\/koningdrone.be\/fr\/produit\/dji-care-refresh-2-years-for-mavic-3\/","og_locale":"fr_FR","og_type":"article","og_title":"DJI Care Refresh 2 Years for Mavic 3","og_description":"cheurverzekering. Geldigheid van 2 jaar.ompatibel met DJI Mavic 3 Standard.","og_url":"https:\/\/koningdrone.be\/fr\/produit\/dji-care-refresh-2-years-for-mavic-3\/","og_site_name":"koningdrone.be","article_modified_time":"2026-04-29T05:41:09+00:00","og_image":[{"width":600,"height":600,"url":"https:\/\/koningdrone.be\/wp-content\/uploads\/sites\/13\/2025\/04\/6941565921215-1.jpg","type":"image\/jpeg"}],"twitter_card":"summary_large_image","twitter_misc":{"Dur\u00e9e de lecture est.":"2 minutes"},"schema":{"@context":"https:\/\/schema.org","@graph":[{"@type":"WebPage","@id":"https:\/\/koningdrone.be\/product\/dji-care-refresh-2-years-for-mavic-3\/","url":"https:\/\/koningdrone.be\/product\/dji-care-refresh-2-years-for-mavic-3\/","name":"DJI Care Refresh 2 Years for Mavic 3 - koningdrone.be","isPartOf":{"@id":"https:\/\/koningdrone.be\/#website"},"primaryImageOfPage":{"@id":"https:\/\/koningdrone.be\/product\/dji-care-refresh-2-years-for-mavic-3\/#primaryimage"},"image":{"@id":"https:\/\/koningdrone.be\/product\/dji-care-refresh-2-years-for-mavic-3\/#primaryimage"},"thumbnailUrl":"https:\/\/koningdrone.be\/wp-content\/uploads\/sites\/13\/2025\/04\/6941565921215-1.jpg","datePublished":"2022-05-25T18:37:28+00:00","dateModified":"2026-04-29T05:41:09+00:00","breadcrumb":{"@id":"https:\/\/koningdrone.be\/product\/dji-care-refresh-2-years-for-mavic-3\/#breadcrumb"},"inLanguage":"fr-BE","potentialAction":[{"@type":"ReadAction","target":["https:\/\/koningdrone.be\/product\/dji-care-refresh-2-years-for-mavic-3\/"]}]},{"@type":"ImageObject","inLanguage":"fr-BE","@id":"https:\/\/koningdrone.be\/product\/dji-care-refresh-2-years-for-mavic-3\/#primaryimage","url":"https:\/\/koningdrone.be\/wp-content\/uploads\/sites\/13\/2025\/04\/6941565921215-1.jpg","contentUrl":"https:\/\/koningdrone.be\/wp-content\/uploads\/sites\/13\/2025\/04\/6941565921215-1.jpg","width":600,"height":600},{"@type":"BreadcrumbList","@id":"https:\/\/koningdrone.be\/product\/dji-care-refresh-2-years-for-mavic-3\/#breadcrumb","itemListElement":[{"@type":"ListItem","position":1,"name":"Home","item":"https:\/\/koningdrone.be\/"},{"@type":"ListItem","position":2,"name":"AVSS Parachute Recovery System for DJI Matrice 300\/350","item":"https:\/\/koningdrone.be\/product\/avss-parachute-recovery-system-for-dji-matrice-300-350\/"},{"@type":"ListItem","position":3,"name":"Alle care refresh","item":"https:\/\/koningdrone.be\/categorie\/alle-care-refresh\/"},{"@type":"ListItem","position":4,"name":"DJI Care Refresh 2 Years for Mavic 3"}]},{"@type":"WebSite","@id":"https:\/\/koningdrone.be\/#website","url":"https:\/\/koningdrone.be\/","name":"Koningdrone.be - Votre sp\u00e9cialiste en ligne en mati\u00e8re de drones, de cardans, de cam\u00e9ras et de centrales \u00e9lectriques.","description":"La boutique en ligne de drones et de cardans","publisher":{"@id":"https:\/\/koningdrone.be\/#organization"},"potentialAction":[{"@type":"SearchAction","target":{"@type":"EntryPoint","urlTemplate":"https:\/\/koningdrone.be\/?s={search_term_string}"},"query-input":{"@type":"PropertyValueSpecification","valueRequired":true,"valueName":"search_term_string"}}],"inLanguage":"fr-BE"},{"@type":"Organization","@id":"https:\/\/koningdrone.be\/#organization","name":"Kingdrone.co.uk","url":"https:\/\/koningdrone.be\/","logo":{"@type":"ImageObject","inLanguage":"fr-BE","@id":"https:\/\/koningdrone.be\/#\/schema\/logo\/image\/","url":"https:\/\/koningdrone.be\/wp-content\/uploads\/sites\/13\/2025\/04\/koningdrone-copyright-logo.svg","contentUrl":"https:\/\/koningdrone.be\/wp-content\/uploads\/sites\/13\/2025\/04\/koningdrone-copyright-logo.svg","width":227,"height":38,"caption":"Koningdrone.be"},"image":{"@id":"https:\/\/koningdrone.be\/#\/schema\/logo\/image\/"}}]}},"df_price":"","df_sale_price":"","df_regular_price":"","df_image_link":"https:\/\/koningdrone.be\/wp-content\/uploads\/sites\/13\/2025\/04\/6941565921215-1-300x300.jpg","_links":{"self":[{"href":"https:\/\/koningdrone.be\/fr\/wp-json\/wp\/v2\/product\/5735","targetHints":{"allow":["GET"]}}],"collection":[{"href":"https:\/\/koningdrone.be\/fr\/wp-json\/wp\/v2\/product"}],"about":[{"href":"https:\/\/koningdrone.be\/fr\/wp-json\/wp\/v2\/types\/product"}],"wp:featuredmedia":[{"embeddable":true,"href":"https:\/\/koningdrone.be\/fr\/wp-json\/wp\/v2\/media\/5734"}],"wp:attachment":[{"href":"https:\/\/koningdrone.be\/fr\/wp-json\/wp\/v2\/media?parent=5735"}],"wp:term":[{"taxonomy":"product_brand","embeddable":true,"href":"https:\/\/koningdrone.be\/fr\/wp-json\/wp\/v2\/product_brand?post=5735"},{"taxonomy":"product_cat","embeddable":true,"href":"https:\/\/koningdrone.be\/fr\/wp-json\/wp\/v2\/product_cat?post=5735"},{"taxonomy":"product_tag","embeddable":true,"href":"https:\/\/koningdrone.be\/fr\/wp-json\/wp\/v2\/product_tag?post=5735"}],"curies":[{"name":"wp","href":"https:\/\/api.w.org\/{rel}","templated":true}]}}