{"id":5706,"date":"2022-05-25T20:37:28","date_gmt":"2022-05-25T18:37:28","guid":{"rendered":"https:\/\/koningdrone.nl\/kon\/product\/insta360-hand-bundle-one-x2-go2-one-r\/"},"modified":"2026-05-17T05:00:10","modified_gmt":"2026-05-17T03:00:10","slug":"insta360-hand-bundle-one-x2-go2-one-r","status":"publish","type":"product","link":"https:\/\/koningdrone.be\/fr\/produit\/insta360-hand-bundle-one-x2-go2-one-r\/","title":{"rendered":"INSTA360 Hand-Bundle ONE X2 \/ GO2 \/ONE R"},"content":{"rendered":"<h1>   INSTA360 Hand-Bundle ONE X2 \/ GO2 \/ONE R <\/h1>\n<p>STABILISATION DE LA PUISSANCE - PRISE DE VUE EN DOUCEUR - L\u00c9G\u00c8RET\u00c9 - PUISSANCE<br \/>\u00a0 <br \/>Les mains toujours libres !<br \/>Finies les photos g\u00eanantes. Le GO 2 avec l'\u00e9tiquette magn\u00e9tique sur la chemise, appuyez sur pour enregistrer et l'enregistrement commence.<br \/>Pr\u00eat pour toutes les actions de secousses, de bosses et de roulements.<br \/>Les algorithmes de nivellement de l'horizon du GO 2 maintiennent la vid\u00e9o droite en toutes circonstances.<br \/>\u00c0 fixer n'importe o\u00f9 !<br \/>\u00a0 <br \/>2560\u00d71440 \u00e0 50 fps, 30 fps, format vid\u00e9o MP4, stabilisation FlowState, m\u00e9moire 32 GB, fonctionnement Bluetooth BLE5.0, \u00e9tanche jusqu'\u00e0 4 m, poids 27 g.<\/p>","protected":false},"excerpt":{"rendered":"<ul>\n<li>Poids 27g (moins de 4x les pi\u00e8ces de 1 euro)<\/li>\n<li>Stabilisation de l'\u00e9tat des flux<\/li>\n<li>Chaque montage (magn\u00e9tique)<\/li>\n<li>R\u00e9solution native de 3K, 1440p \u00e0 50 images par seconde<\/li>\n<li>\u00c9tanch\u00e9it\u00e9 jusqu'\u00e0 4 m<\/li>\n<li>Traitement automatique par l'IA<\/li>\n<li>Interrupteur de charge : charge et utilisation en d\u00e9placement<\/li>\n<li>Exemple de Wi-Fi<\/li>\n<li>Prise de vue POV simple<\/li>\n<li>jusqu'\u00e0 120 images par seconde au ralenti<\/li>\n<li>Capacit\u00e9 de stockage de 32 Go<\/li>\n<li>capuchon d'objectif robuste<\/li>\n<\/ul>","protected":false},"featured_media":5701,"template":"","meta":{"_acf_changed":false},"product_brand":[],"product_cat":[97,343],"product_tag":[],"class_list":{"0":"post-5706","1":"product","2":"type-product","3":"status-publish","4":"has-post-thumbnail","6":"product_cat-alle-producten","7":"product_cat-insta360","8":"product_shipping_class-europafotoall","9":"pa_brand-insta360","10":"pa_series-insta360-go","12":"first","13":"instock","14":"taxable","15":"shipping-taxable","16":"purchasable","17":"product-type-simple"},"acf":[],"yoast_head":"<!-- This site is optimized with the Yoast SEO Premium plugin v27.2 (Yoast SEO v27.2) - https:\/\/yoast.com\/product\/yoast-seo-premium-wordpress\/ -->\n<title>INSTA360 Hand-Bundle ONE X2 \/ GO2 \/ONE R - koningdrone.be<\/title>\n<meta name=\"robots\" content=\"index, follow, max-snippet:-1, max-image-preview:large, max-video-preview:-1\" \/>\n<link rel=\"canonical\" href=\"https:\/\/koningdrone.be\/fr\/produit\/insta360-hand-bundle-one-x2-go2-one-r\/\" \/>\n<meta property=\"og:locale\" content=\"fr_FR\" \/>\n<meta property=\"og:type\" content=\"article\" \/>\n<meta property=\"og:title\" content=\"INSTA360 Hand-Bundle ONE X2 \/ GO2 \/ONE R\" \/>\n<meta property=\"og:description\" content=\"Gewicht 27g (minder dan 4x 1 Euro stuks)FlowState-stabilisatieElke montage (magnetisch)3K native resolutie, 1440p bij 50fps outputWaterdicht tot 4mAutomatische verwerking door AIOplaadschakelaar: onderweg opladen en bedienenWi-Fi-voorbeeldEenvoudige POV-opnametot 120 fps slow-mo slow motion32 GB opslagcapaciteitrobuuste lensbescherming\" \/>\n<meta property=\"og:url\" content=\"https:\/\/koningdrone.be\/fr\/produit\/insta360-hand-bundle-one-x2-go2-one-r\/\" \/>\n<meta property=\"og:site_name\" content=\"koningdrone.be\" \/>\n<meta property=\"article:modified_time\" content=\"2026-05-17T03:00:10+00:00\" \/>\n<meta property=\"og:image\" content=\"https:\/\/koningdrone.be\/wp-content\/uploads\/sites\/13\/2025\/04\/6970357853304-1.jpg\" \/>\n\t<meta property=\"og:image:width\" content=\"600\" \/>\n\t<meta property=\"og:image:height\" content=\"600\" \/>\n\t<meta property=\"og:image:type\" content=\"image\/jpeg\" \/>\n<meta name=\"twitter:card\" content=\"summary_large_image\" \/>\n<script type=\"application\/ld+json\" class=\"yoast-schema-graph\">{\"@context\":\"https:\/\/schema.org\",\"@graph\":[{\"@type\":\"WebPage\",\"@id\":\"https:\/\/koningdrone.be\/product\/insta360-hand-bundle-one-x2-go2-one-r\/\",\"url\":\"https:\/\/koningdrone.be\/product\/insta360-hand-bundle-one-x2-go2-one-r\/\",\"name\":\"INSTA360 Hand-Bundle ONE X2 \/ GO2 \/ONE R - koningdrone.be\",\"isPartOf\":{\"@id\":\"https:\/\/koningdrone.be\/#website\"},\"primaryImageOfPage\":{\"@id\":\"https:\/\/koningdrone.be\/product\/insta360-hand-bundle-one-x2-go2-one-r\/#primaryimage\"},\"image\":{\"@id\":\"https:\/\/koningdrone.be\/product\/insta360-hand-bundle-one-x2-go2-one-r\/#primaryimage\"},\"thumbnailUrl\":\"https:\/\/koningdrone.be\/wp-content\/uploads\/sites\/13\/2025\/04\/6970357853304-1.jpg\",\"datePublished\":\"2022-05-25T18:37:28+00:00\",\"dateModified\":\"2026-05-17T03:00:10+00:00\",\"breadcrumb\":{\"@id\":\"https:\/\/koningdrone.be\/product\/insta360-hand-bundle-one-x2-go2-one-r\/#breadcrumb\"},\"inLanguage\":\"fr-BE\",\"potentialAction\":[{\"@type\":\"ReadAction\",\"target\":[\"https:\/\/koningdrone.be\/product\/insta360-hand-bundle-one-x2-go2-one-r\/\"]}]},{\"@type\":\"ImageObject\",\"inLanguage\":\"fr-BE\",\"@id\":\"https:\/\/koningdrone.be\/product\/insta360-hand-bundle-one-x2-go2-one-r\/#primaryimage\",\"url\":\"https:\/\/koningdrone.be\/wp-content\/uploads\/sites\/13\/2025\/04\/6970357853304-1.jpg\",\"contentUrl\":\"https:\/\/koningdrone.be\/wp-content\/uploads\/sites\/13\/2025\/04\/6970357853304-1.jpg\",\"width\":600,\"height\":600},{\"@type\":\"BreadcrumbList\",\"@id\":\"https:\/\/koningdrone.be\/product\/insta360-hand-bundle-one-x2-go2-one-r\/#breadcrumb\",\"itemListElement\":[{\"@type\":\"ListItem\",\"position\":1,\"name\":\"Home\",\"item\":\"https:\/\/koningdrone.be\/\"},{\"@type\":\"ListItem\",\"position\":2,\"name\":\"AVSS Parachute Recovery System for DJI Matrice 300\/350\",\"item\":\"https:\/\/koningdrone.be\/product\/avss-parachute-recovery-system-for-dji-matrice-300-350\/\"},{\"@type\":\"ListItem\",\"position\":3,\"name\":\"Alle producten\",\"item\":\"https:\/\/koningdrone.be\/categorie\/alle-producten\/\"},{\"@type\":\"ListItem\",\"position\":4,\"name\":\"INSTA360 Hand-Bundle ONE X2 \/ GO2 \/ONE R\"}]},{\"@type\":\"WebSite\",\"@id\":\"https:\/\/koningdrone.be\/#website\",\"url\":\"https:\/\/koningdrone.be\/\",\"name\":\"Koningdrone.be - Uw online specialist in drones, gimbals, camera's en power stations.\",\"description\":\"De webshop in drones en gimbals\",\"publisher\":{\"@id\":\"https:\/\/koningdrone.be\/#organization\"},\"potentialAction\":[{\"@type\":\"SearchAction\",\"target\":{\"@type\":\"EntryPoint\",\"urlTemplate\":\"https:\/\/koningdrone.be\/?s={search_term_string}\"},\"query-input\":{\"@type\":\"PropertyValueSpecification\",\"valueRequired\":true,\"valueName\":\"search_term_string\"}}],\"inLanguage\":\"fr-BE\"},{\"@type\":\"Organization\",\"@id\":\"https:\/\/koningdrone.be\/#organization\",\"name\":\"Koningdrone.be\",\"url\":\"https:\/\/koningdrone.be\/\",\"logo\":{\"@type\":\"ImageObject\",\"inLanguage\":\"fr-BE\",\"@id\":\"https:\/\/koningdrone.be\/#\/schema\/logo\/image\/\",\"url\":\"https:\/\/koningdrone.be\/wp-content\/uploads\/sites\/13\/2025\/04\/koningdrone-copyright-logo.svg\",\"contentUrl\":\"https:\/\/koningdrone.be\/wp-content\/uploads\/sites\/13\/2025\/04\/koningdrone-copyright-logo.svg\",\"width\":227,\"height\":38,\"caption\":\"Koningdrone.be\"},\"image\":{\"@id\":\"https:\/\/koningdrone.be\/#\/schema\/logo\/image\/\"}}]}<\/script>\n<!-- \/ Yoast SEO Premium plugin. -->","yoast_head_json":{"title":"INSTA360 Hand-Bundle ONE X2 \/ GO2 \/ONE R - koningdrone.be","robots":{"index":"index","follow":"follow","max-snippet":"max-snippet:-1","max-image-preview":"max-image-preview:large","max-video-preview":"max-video-preview:-1"},"canonical":"https:\/\/koningdrone.be\/fr\/produit\/insta360-hand-bundle-one-x2-go2-one-r\/","og_locale":"fr_FR","og_type":"article","og_title":"INSTA360 Hand-Bundle ONE X2 \/ GO2 \/ONE R","og_description":"Gewicht 27g (minder dan 4x 1 Euro stuks)FlowState-stabilisatieElke montage (magnetisch)3K native resolutie, 1440p bij 50fps outputWaterdicht tot 4mAutomatische verwerking door AIOplaadschakelaar: onderweg opladen en bedienenWi-Fi-voorbeeldEenvoudige POV-opnametot 120 fps slow-mo slow motion32 GB opslagcapaciteitrobuuste lensbescherming","og_url":"https:\/\/koningdrone.be\/fr\/produit\/insta360-hand-bundle-one-x2-go2-one-r\/","og_site_name":"koningdrone.be","article_modified_time":"2026-05-17T03:00:10+00:00","og_image":[{"width":600,"height":600,"url":"https:\/\/koningdrone.be\/wp-content\/uploads\/sites\/13\/2025\/04\/6970357853304-1.jpg","type":"image\/jpeg"}],"twitter_card":"summary_large_image","schema":{"@context":"https:\/\/schema.org","@graph":[{"@type":"WebPage","@id":"https:\/\/koningdrone.be\/product\/insta360-hand-bundle-one-x2-go2-one-r\/","url":"https:\/\/koningdrone.be\/product\/insta360-hand-bundle-one-x2-go2-one-r\/","name":"INSTA360 Hand-Bundle ONE X2 \/ GO2 \/ONE R - koningdrone.be","isPartOf":{"@id":"https:\/\/koningdrone.be\/#website"},"primaryImageOfPage":{"@id":"https:\/\/koningdrone.be\/product\/insta360-hand-bundle-one-x2-go2-one-r\/#primaryimage"},"image":{"@id":"https:\/\/koningdrone.be\/product\/insta360-hand-bundle-one-x2-go2-one-r\/#primaryimage"},"thumbnailUrl":"https:\/\/koningdrone.be\/wp-content\/uploads\/sites\/13\/2025\/04\/6970357853304-1.jpg","datePublished":"2022-05-25T18:37:28+00:00","dateModified":"2026-05-17T03:00:10+00:00","breadcrumb":{"@id":"https:\/\/koningdrone.be\/product\/insta360-hand-bundle-one-x2-go2-one-r\/#breadcrumb"},"inLanguage":"fr-BE","potentialAction":[{"@type":"ReadAction","target":["https:\/\/koningdrone.be\/product\/insta360-hand-bundle-one-x2-go2-one-r\/"]}]},{"@type":"ImageObject","inLanguage":"fr-BE","@id":"https:\/\/koningdrone.be\/product\/insta360-hand-bundle-one-x2-go2-one-r\/#primaryimage","url":"https:\/\/koningdrone.be\/wp-content\/uploads\/sites\/13\/2025\/04\/6970357853304-1.jpg","contentUrl":"https:\/\/koningdrone.be\/wp-content\/uploads\/sites\/13\/2025\/04\/6970357853304-1.jpg","width":600,"height":600},{"@type":"BreadcrumbList","@id":"https:\/\/koningdrone.be\/product\/insta360-hand-bundle-one-x2-go2-one-r\/#breadcrumb","itemListElement":[{"@type":"ListItem","position":1,"name":"Home","item":"https:\/\/koningdrone.be\/"},{"@type":"ListItem","position":2,"name":"AVSS Parachute Recovery System for DJI Matrice 300\/350","item":"https:\/\/koningdrone.be\/product\/avss-parachute-recovery-system-for-dji-matrice-300-350\/"},{"@type":"ListItem","position":3,"name":"Alle producten","item":"https:\/\/koningdrone.be\/categorie\/alle-producten\/"},{"@type":"ListItem","position":4,"name":"INSTA360 Hand-Bundle ONE X2 \/ GO2 \/ONE R"}]},{"@type":"WebSite","@id":"https:\/\/koningdrone.be\/#website","url":"https:\/\/koningdrone.be\/","name":"Koningdrone.be - Votre sp\u00e9cialiste en ligne en mati\u00e8re de drones, de cardans, de cam\u00e9ras et de centrales \u00e9lectriques.","description":"La boutique en ligne de drones et de cardans","publisher":{"@id":"https:\/\/koningdrone.be\/#organization"},"potentialAction":[{"@type":"SearchAction","target":{"@type":"EntryPoint","urlTemplate":"https:\/\/koningdrone.be\/?s={search_term_string}"},"query-input":{"@type":"PropertyValueSpecification","valueRequired":true,"valueName":"search_term_string"}}],"inLanguage":"fr-BE"},{"@type":"Organization","@id":"https:\/\/koningdrone.be\/#organization","name":"Kingdrone.co.uk","url":"https:\/\/koningdrone.be\/","logo":{"@type":"ImageObject","inLanguage":"fr-BE","@id":"https:\/\/koningdrone.be\/#\/schema\/logo\/image\/","url":"https:\/\/koningdrone.be\/wp-content\/uploads\/sites\/13\/2025\/04\/koningdrone-copyright-logo.svg","contentUrl":"https:\/\/koningdrone.be\/wp-content\/uploads\/sites\/13\/2025\/04\/koningdrone-copyright-logo.svg","width":227,"height":38,"caption":"Koningdrone.be"},"image":{"@id":"https:\/\/koningdrone.be\/#\/schema\/logo\/image\/"}}]}},"df_price":42,"df_sale_price":"","df_regular_price":42,"df_image_link":"https:\/\/koningdrone.be\/wp-content\/uploads\/sites\/13\/2025\/04\/6970357853304-1-300x300.jpg","_links":{"self":[{"href":"https:\/\/koningdrone.be\/fr\/wp-json\/wp\/v2\/product\/5706","targetHints":{"allow":["GET"]}}],"collection":[{"href":"https:\/\/koningdrone.be\/fr\/wp-json\/wp\/v2\/product"}],"about":[{"href":"https:\/\/koningdrone.be\/fr\/wp-json\/wp\/v2\/types\/product"}],"wp:featuredmedia":[{"embeddable":true,"href":"https:\/\/koningdrone.be\/fr\/wp-json\/wp\/v2\/media\/5701"}],"wp:attachment":[{"href":"https:\/\/koningdrone.be\/fr\/wp-json\/wp\/v2\/media?parent=5706"}],"wp:term":[{"taxonomy":"product_brand","embeddable":true,"href":"https:\/\/koningdrone.be\/fr\/wp-json\/wp\/v2\/product_brand?post=5706"},{"taxonomy":"product_cat","embeddable":true,"href":"https:\/\/koningdrone.be\/fr\/wp-json\/wp\/v2\/product_cat?post=5706"},{"taxonomy":"product_tag","embeddable":true,"href":"https:\/\/koningdrone.be\/fr\/wp-json\/wp\/v2\/product_tag?post=5706"}],"curies":[{"name":"wp","href":"https:\/\/api.w.org\/{rel}","templated":true}]}}