{"id":5688,"date":"2022-05-25T20:37:37","date_gmt":"2022-05-25T18:37:37","guid":{"rendered":"https:\/\/koningdrone.nl\/kon\/product\/dji-matrice-30-rc-plus-strap-bracket-kit\/"},"modified":"2026-04-29T03:30:23","modified_gmt":"2026-04-29T01:30:23","slug":"dji-matrice-30-rc-plus-strap-bracket-kit","status":"publish","type":"product","link":"https:\/\/koningdrone.be\/fr\/produit\/dji-matrice-30-rc-plus-strap-bracket-kit\/","title":{"rendered":"Kit de sangles et de supports DJI RC Plus"},"content":{"rendered":"<p><strong>Introduction \u00e0 la ceinture t\u00e9l\u00e9command\u00e9e DJI RC Plus<\/strong><\/p>\n<p> La ceinture pour t\u00e9l\u00e9commande DJI RC Plus est sp\u00e9cialement con\u00e7ue pour am\u00e9liorer votre exp\u00e9rience de vol. En \u00e9quipant votre t\u00e9l\u00e9commande DJI de cette ceinture, vous vous assurez une utilisation plus facile et mains libres, vous permettant de vous concentrer uniquement sur le pilotage de votre appareil.<\/p>\n<p><strong>Le confort des mains libres<\/strong><\/p>\n<p> Con\u00e7ue pour offrir une mobilit\u00e9 maximale, cette sangle vous permet de transporter la t\u00e9l\u00e9commande sans effort sur votre dos. Cette conception vous permet d'avoir les mains libres et de vous concentrer sur le pilotage de votre drone sans avoir \u00e0 tenir la manette en permanence.<\/p>\n<p><strong>Caract\u00e9ristiques du produit<\/strong><\/p>\n<p> Cette ceinture int\u00e8gre confort et fonctionnalit\u00e9 dans sa conception, ce qui en fait un accessoire essentiel pour les amateurs de drones. Ses caract\u00e9ristiques r\u00e9glables garantissent un ajustement parfait pour tous les utilisateurs, favorisant la facilit\u00e9 d'utilisation pendant les sessions de vol prolong\u00e9es. Qu'il s'agisse de r\u00e9aliser des prises de vue a\u00e9riennes complexes ou de profiter d'un vol tranquille, cette ceinture am\u00e9liore votre contr\u00f4le et votre exp\u00e9rience.<\/p>\n<p><\/p>","protected":false},"excerpt":{"rendered":"<ul>\n<li>Compatible avec la t\u00e9l\u00e9commande DJI RC Plus<\/li>\n<li> Permet de transporter la t\u00e9l\u00e9commande les mains libres<\/li>\n<li> Am\u00e9liore la man\u0153uvrabilit\u00e9 de l'avion<\/li>\n<\/ul>","protected":false},"featured_media":5687,"template":"","meta":{"_acf_changed":false},"product_brand":[],"product_cat":[268,97,469,98,1583,1732],"product_tag":[],"class_list":{"0":"post-5688","1":"product","2":"type-product","3":"status-publish","4":"has-post-thumbnail","6":"product_cat-alle-accessoires","7":"product_cat-alle-producten","8":"product_cat-dji-accessories","9":"product_cat-dji-matrice-4","10":"product_cat-dji-matrice-400","11":"product_cat-dji-matrice-4d","12":"product_shipping_class-uavspacesall","13":"pa_brand-dji","14":"pa_productfamily-mounting-bracket","15":"pa_producttype-mounting-bracket","16":"pa_series-matrice-30","18":"first","19":"instock","20":"taxable","21":"shipping-taxable","22":"purchasable","23":"product-type-simple"},"acf":[],"yoast_head":"<!-- This site is optimized with the Yoast SEO Premium plugin v27.2 (Yoast SEO v27.2) - https:\/\/yoast.com\/product\/yoast-seo-premium-wordpress\/ -->\n<title>DJI RC Plus Strap and Bracket Kit - koningdrone.be<\/title>\n<meta name=\"robots\" content=\"index, follow, max-snippet:-1, max-image-preview:large, max-video-preview:-1\" \/>\n<link rel=\"canonical\" href=\"https:\/\/koningdrone.be\/fr\/produit\/dji-matrice-30-rc-plus-strap-bracket-kit\/\" \/>\n<meta property=\"og:locale\" content=\"fr_FR\" \/>\n<meta property=\"og:type\" content=\"article\" \/>\n<meta property=\"og:title\" content=\"DJI RC Plus Strap and Bracket Kit\" \/>\n<meta property=\"og:description\" content=\"Compatibel met DJI RC Plus afstandsbediening Maakt het handsfree dragen van de afstandsbediening mogelijk Verbetert de manoeuvreerbaarheid van het vliegtuig\" \/>\n<meta property=\"og:url\" content=\"https:\/\/koningdrone.be\/fr\/produit\/dji-matrice-30-rc-plus-strap-bracket-kit\/\" \/>\n<meta property=\"og:site_name\" content=\"koningdrone.be\" \/>\n<meta property=\"article:modified_time\" content=\"2026-04-29T01:30:23+00:00\" \/>\n<meta property=\"og:image\" content=\"https:\/\/koningdrone.be\/wp-content\/uploads\/sites\/13\/2025\/04\/672fa226bca67c6d646d315c256cb5c6@large.jpg\" \/>\n\t<meta property=\"og:image:width\" content=\"1200\" \/>\n\t<meta property=\"og:image:height\" content=\"800\" \/>\n\t<meta property=\"og:image:type\" content=\"image\/jpeg\" \/>\n<meta name=\"twitter:card\" content=\"summary_large_image\" \/>\n<meta name=\"twitter:label1\" content=\"Dur\u00e9e de lecture est.\" \/>\n\t<meta name=\"twitter:data1\" content=\"1 minute\" \/>\n<script type=\"application\/ld+json\" class=\"yoast-schema-graph\">{\"@context\":\"https:\/\/schema.org\",\"@graph\":[{\"@type\":\"WebPage\",\"@id\":\"https:\/\/koningdrone.be\/product\/dji-matrice-30-rc-plus-strap-bracket-kit\/\",\"url\":\"https:\/\/koningdrone.be\/product\/dji-matrice-30-rc-plus-strap-bracket-kit\/\",\"name\":\"DJI RC Plus Strap and Bracket Kit - koningdrone.be\",\"isPartOf\":{\"@id\":\"https:\/\/koningdrone.be\/#website\"},\"primaryImageOfPage\":{\"@id\":\"https:\/\/koningdrone.be\/product\/dji-matrice-30-rc-plus-strap-bracket-kit\/#primaryimage\"},\"image\":{\"@id\":\"https:\/\/koningdrone.be\/product\/dji-matrice-30-rc-plus-strap-bracket-kit\/#primaryimage\"},\"thumbnailUrl\":\"https:\/\/koningdrone.be\/wp-content\/uploads\/sites\/13\/2025\/04\/672fa226bca67c6d646d315c256cb5c6@large.jpg\",\"datePublished\":\"2022-05-25T18:37:37+00:00\",\"dateModified\":\"2026-04-29T01:30:23+00:00\",\"breadcrumb\":{\"@id\":\"https:\/\/koningdrone.be\/product\/dji-matrice-30-rc-plus-strap-bracket-kit\/#breadcrumb\"},\"inLanguage\":\"fr-BE\",\"potentialAction\":[{\"@type\":\"ReadAction\",\"target\":[\"https:\/\/koningdrone.be\/product\/dji-matrice-30-rc-plus-strap-bracket-kit\/\"]}]},{\"@type\":\"ImageObject\",\"inLanguage\":\"fr-BE\",\"@id\":\"https:\/\/koningdrone.be\/product\/dji-matrice-30-rc-plus-strap-bracket-kit\/#primaryimage\",\"url\":\"https:\/\/koningdrone.be\/wp-content\/uploads\/sites\/13\/2025\/04\/672fa226bca67c6d646d315c256cb5c6@large.jpg\",\"contentUrl\":\"https:\/\/koningdrone.be\/wp-content\/uploads\/sites\/13\/2025\/04\/672fa226bca67c6d646d315c256cb5c6@large.jpg\",\"width\":1200,\"height\":800},{\"@type\":\"BreadcrumbList\",\"@id\":\"https:\/\/koningdrone.be\/product\/dji-matrice-30-rc-plus-strap-bracket-kit\/#breadcrumb\",\"itemListElement\":[{\"@type\":\"ListItem\",\"position\":1,\"name\":\"Home\",\"item\":\"https:\/\/koningdrone.be\/\"},{\"@type\":\"ListItem\",\"position\":2,\"name\":\"AVSS Parachute Recovery System for DJI Matrice 300\/350\",\"item\":\"https:\/\/koningdrone.be\/product\/avss-parachute-recovery-system-for-dji-matrice-300-350\/\"},{\"@type\":\"ListItem\",\"position\":3,\"name\":\"Alle accessoires\",\"item\":\"https:\/\/koningdrone.be\/categorie\/alle-accessoires\/\"},{\"@type\":\"ListItem\",\"position\":4,\"name\":\"DJI RC Plus Strap and Bracket Kit\"}]},{\"@type\":\"WebSite\",\"@id\":\"https:\/\/koningdrone.be\/#website\",\"url\":\"https:\/\/koningdrone.be\/\",\"name\":\"Koningdrone.be - Uw online specialist in drones, gimbals, camera's en power stations.\",\"description\":\"De webshop in drones en gimbals\",\"publisher\":{\"@id\":\"https:\/\/koningdrone.be\/#organization\"},\"potentialAction\":[{\"@type\":\"SearchAction\",\"target\":{\"@type\":\"EntryPoint\",\"urlTemplate\":\"https:\/\/koningdrone.be\/?s={search_term_string}\"},\"query-input\":{\"@type\":\"PropertyValueSpecification\",\"valueRequired\":true,\"valueName\":\"search_term_string\"}}],\"inLanguage\":\"fr-BE\"},{\"@type\":\"Organization\",\"@id\":\"https:\/\/koningdrone.be\/#organization\",\"name\":\"Koningdrone.be\",\"url\":\"https:\/\/koningdrone.be\/\",\"logo\":{\"@type\":\"ImageObject\",\"inLanguage\":\"fr-BE\",\"@id\":\"https:\/\/koningdrone.be\/#\/schema\/logo\/image\/\",\"url\":\"https:\/\/koningdrone.be\/wp-content\/uploads\/sites\/13\/2025\/04\/koningdrone-copyright-logo.svg\",\"contentUrl\":\"https:\/\/koningdrone.be\/wp-content\/uploads\/sites\/13\/2025\/04\/koningdrone-copyright-logo.svg\",\"width\":227,\"height\":38,\"caption\":\"Koningdrone.be\"},\"image\":{\"@id\":\"https:\/\/koningdrone.be\/#\/schema\/logo\/image\/\"}}]}<\/script>\n<!-- \/ Yoast SEO Premium plugin. -->","yoast_head_json":{"title":"DJI RC Plus Strap and Bracket Kit - koningdrone.be","robots":{"index":"index","follow":"follow","max-snippet":"max-snippet:-1","max-image-preview":"max-image-preview:large","max-video-preview":"max-video-preview:-1"},"canonical":"https:\/\/koningdrone.be\/fr\/produit\/dji-matrice-30-rc-plus-strap-bracket-kit\/","og_locale":"fr_FR","og_type":"article","og_title":"DJI RC Plus Strap and Bracket Kit","og_description":"Compatibel met DJI RC Plus afstandsbediening Maakt het handsfree dragen van de afstandsbediening mogelijk Verbetert de manoeuvreerbaarheid van het vliegtuig","og_url":"https:\/\/koningdrone.be\/fr\/produit\/dji-matrice-30-rc-plus-strap-bracket-kit\/","og_site_name":"koningdrone.be","article_modified_time":"2026-04-29T01:30:23+00:00","og_image":[{"width":1200,"height":800,"url":"https:\/\/koningdrone.be\/wp-content\/uploads\/sites\/13\/2025\/04\/672fa226bca67c6d646d315c256cb5c6@large.jpg","type":"image\/jpeg"}],"twitter_card":"summary_large_image","twitter_misc":{"Dur\u00e9e de lecture est.":"1 minute"},"schema":{"@context":"https:\/\/schema.org","@graph":[{"@type":"WebPage","@id":"https:\/\/koningdrone.be\/product\/dji-matrice-30-rc-plus-strap-bracket-kit\/","url":"https:\/\/koningdrone.be\/product\/dji-matrice-30-rc-plus-strap-bracket-kit\/","name":"DJI RC Plus Strap and Bracket Kit - koningdrone.be","isPartOf":{"@id":"https:\/\/koningdrone.be\/#website"},"primaryImageOfPage":{"@id":"https:\/\/koningdrone.be\/product\/dji-matrice-30-rc-plus-strap-bracket-kit\/#primaryimage"},"image":{"@id":"https:\/\/koningdrone.be\/product\/dji-matrice-30-rc-plus-strap-bracket-kit\/#primaryimage"},"thumbnailUrl":"https:\/\/koningdrone.be\/wp-content\/uploads\/sites\/13\/2025\/04\/672fa226bca67c6d646d315c256cb5c6@large.jpg","datePublished":"2022-05-25T18:37:37+00:00","dateModified":"2026-04-29T01:30:23+00:00","breadcrumb":{"@id":"https:\/\/koningdrone.be\/product\/dji-matrice-30-rc-plus-strap-bracket-kit\/#breadcrumb"},"inLanguage":"fr-BE","potentialAction":[{"@type":"ReadAction","target":["https:\/\/koningdrone.be\/product\/dji-matrice-30-rc-plus-strap-bracket-kit\/"]}]},{"@type":"ImageObject","inLanguage":"fr-BE","@id":"https:\/\/koningdrone.be\/product\/dji-matrice-30-rc-plus-strap-bracket-kit\/#primaryimage","url":"https:\/\/koningdrone.be\/wp-content\/uploads\/sites\/13\/2025\/04\/672fa226bca67c6d646d315c256cb5c6@large.jpg","contentUrl":"https:\/\/koningdrone.be\/wp-content\/uploads\/sites\/13\/2025\/04\/672fa226bca67c6d646d315c256cb5c6@large.jpg","width":1200,"height":800},{"@type":"BreadcrumbList","@id":"https:\/\/koningdrone.be\/product\/dji-matrice-30-rc-plus-strap-bracket-kit\/#breadcrumb","itemListElement":[{"@type":"ListItem","position":1,"name":"Home","item":"https:\/\/koningdrone.be\/"},{"@type":"ListItem","position":2,"name":"AVSS Parachute Recovery System for DJI Matrice 300\/350","item":"https:\/\/koningdrone.be\/product\/avss-parachute-recovery-system-for-dji-matrice-300-350\/"},{"@type":"ListItem","position":3,"name":"Alle accessoires","item":"https:\/\/koningdrone.be\/categorie\/alle-accessoires\/"},{"@type":"ListItem","position":4,"name":"DJI RC Plus Strap and Bracket Kit"}]},{"@type":"WebSite","@id":"https:\/\/koningdrone.be\/#website","url":"https:\/\/koningdrone.be\/","name":"Koningdrone.be - Votre sp\u00e9cialiste en ligne en mati\u00e8re de drones, de cardans, de cam\u00e9ras et de centrales \u00e9lectriques.","description":"La boutique en ligne de drones et de cardans","publisher":{"@id":"https:\/\/koningdrone.be\/#organization"},"potentialAction":[{"@type":"SearchAction","target":{"@type":"EntryPoint","urlTemplate":"https:\/\/koningdrone.be\/?s={search_term_string}"},"query-input":{"@type":"PropertyValueSpecification","valueRequired":true,"valueName":"search_term_string"}}],"inLanguage":"fr-BE"},{"@type":"Organization","@id":"https:\/\/koningdrone.be\/#organization","name":"Kingdrone.co.uk","url":"https:\/\/koningdrone.be\/","logo":{"@type":"ImageObject","inLanguage":"fr-BE","@id":"https:\/\/koningdrone.be\/#\/schema\/logo\/image\/","url":"https:\/\/koningdrone.be\/wp-content\/uploads\/sites\/13\/2025\/04\/koningdrone-copyright-logo.svg","contentUrl":"https:\/\/koningdrone.be\/wp-content\/uploads\/sites\/13\/2025\/04\/koningdrone-copyright-logo.svg","width":227,"height":38,"caption":"Koningdrone.be"},"image":{"@id":"https:\/\/koningdrone.be\/#\/schema\/logo\/image\/"}}]}},"df_price":37,"df_sale_price":"","df_regular_price":37,"df_image_link":"https:\/\/koningdrone.be\/wp-content\/uploads\/sites\/13\/2025\/04\/672fa226bca67c6d646d315c256cb5c6@large-300x200.jpg","_links":{"self":[{"href":"https:\/\/koningdrone.be\/fr\/wp-json\/wp\/v2\/product\/5688","targetHints":{"allow":["GET"]}}],"collection":[{"href":"https:\/\/koningdrone.be\/fr\/wp-json\/wp\/v2\/product"}],"about":[{"href":"https:\/\/koningdrone.be\/fr\/wp-json\/wp\/v2\/types\/product"}],"wp:featuredmedia":[{"embeddable":true,"href":"https:\/\/koningdrone.be\/fr\/wp-json\/wp\/v2\/media\/5687"}],"wp:attachment":[{"href":"https:\/\/koningdrone.be\/fr\/wp-json\/wp\/v2\/media?parent=5688"}],"wp:term":[{"taxonomy":"product_brand","embeddable":true,"href":"https:\/\/koningdrone.be\/fr\/wp-json\/wp\/v2\/product_brand?post=5688"},{"taxonomy":"product_cat","embeddable":true,"href":"https:\/\/koningdrone.be\/fr\/wp-json\/wp\/v2\/product_cat?post=5688"},{"taxonomy":"product_tag","embeddable":true,"href":"https:\/\/koningdrone.be\/fr\/wp-json\/wp\/v2\/product_tag?post=5688"}],"curies":[{"name":"wp","href":"https:\/\/api.w.org\/{rel}","templated":true}]}}