{"id":5675,"date":"2022-06-14T10:22:47","date_gmt":"2022-06-14T08:22:47","guid":{"rendered":"https:\/\/koningdrone.nl\/kon\/product\/dji-mini-3-pro-two-way-charging-hub\/"},"modified":"2026-04-29T15:00:55","modified_gmt":"2026-04-29T13:00:55","slug":"dji-mini-3-pro-two-way-charging-hub","status":"publish","type":"product","link":"https:\/\/koningdrone.be\/fr\/produit\/dji-mini-3-pro-two-way-charging-hub\/","title":{"rendered":"Concentrateur de charge bidirectionnel DJI Mini 4 Pro\/Mini 3 Series"},"content":{"rendered":"<p><strong>Solution de charge compl\u00e8te<\/strong><\/p>\n<p>Le concentrateur de charge bidirectionnel offre une strat\u00e9gie de charge compl\u00e8te pour votre t\u00e9l\u00e9commande et jusqu'\u00e0 trois batteries. En permettant une charge s\u00e9quentielle, ce dispositif garantit qu'une batterie enti\u00e8rement charg\u00e9e est toujours \u00e0 port\u00e9e de main lorsque vous en avez le plus besoin. La polyvalence ne s'arr\u00eate pas l\u00e0 ; le hub fonctionne \u00e9galement comme une banque d'alimentation portable, ce qui permet de charger votre smartphone, votre tablette ou tout autre appareil compatible USB-C en d\u00e9placement.<\/p>\n<p><strong>Con\u00e7u pour la commodit\u00e9<\/strong><\/p>\n<p>Con\u00e7u dans un souci de commodit\u00e9 pour l'utilisateur, le concentrateur de charge bidirectionnel simplifie non seulement le processus de charge, mais offre \u00e9galement une solution efficace pour le stockage et le transport des batteries. Son design compact et intuitif en fait un compagnon de voyage id\u00e9al pour tous ceux qui ont besoin de garder leurs gadgets charg\u00e9s et pr\u00eats \u00e0 l'emploi, que vous vous rendiez sur un lieu de tournage \u00e9loign\u00e9 ou que vous passiez simplement une journ\u00e9e \u00e0 l'ext\u00e9rieur.<\/p>\n<p><strong>Chargement am\u00e9lior\u00e9 avec le chargeur DJI 30W USB-C<\/strong><\/p>\n<p>Lorsqu'il est utilis\u00e9 en combinaison avec le chargeur USB-C 30 W de DJI, les performances du concentrateur de charge bidirectionnel sont consid\u00e9rablement am\u00e9lior\u00e9es. Cette puissante combinaison permet de charger rapidement trois batteries de vol intelligentes en seulement trois heures. Les utilisateurs des batteries de vol intelligentes Plus, plus grandes, peuvent \u00eatre enti\u00e8rement charg\u00e9es en seulement quatre heures. Cette capacit\u00e9 de charge acc\u00e9l\u00e9r\u00e9e r\u00e9duit efficacement les temps d'arr\u00eat, ce qui laisse plus de temps pour voler et filmer, am\u00e9liorant ainsi votre exp\u00e9rience globale.<\/p>\n<p>&nbsp;<\/p>","protected":false},"excerpt":{"rendered":"<ul>\n<li>Charge la t\u00e9l\u00e9commande et les trois piles de fa\u00e7on s\u00e9quentielle<\/li>\n<li>Fonctionne comme une source d'\u00e9nergie mobile<\/li>\n<li>Les piles peuvent \u00eatre rang\u00e9es \u00e0 l'int\u00e9rieur pour faciliter le transport<\/li>\n<li>Compatible avec le chargeur DJI 30W USB-C<\/li>\n<li>Recharge compl\u00e8tement trois lots de vol intelligents en 3 heures<\/li>\n<li>Recharge compl\u00e8tement trois Intelligent Flight Batteries Plus en 4 heures<\/li>\n<\/ul>","protected":false},"featured_media":5672,"template":"","meta":{"_acf_changed":false},"product_brand":[],"product_cat":[97,445,446,334,1145],"product_tag":[],"class_list":{"0":"post-5675","1":"product","2":"type-product","3":"status-publish","4":"has-post-thumbnail","6":"product_cat-alle-producten","7":"product_cat-dji-mini","8":"product_cat-dji-mini-3","9":"product_cat-dji-mini-4-pro","10":"product_cat-opladers","11":"product_shipping_class-outofstock","12":"pa_brand-dji","13":"pa_productfamily-oplaadhub","14":"pa_producttype-oplaadhub","15":"pa_series-mini-3","17":"first","18":"outofstock","19":"taxable","20":"shipping-taxable","21":"purchasable","22":"product-type-simple"},"acf":[],"yoast_head":"<!-- This site is optimized with the Yoast SEO Premium plugin v27.2 (Yoast SEO v27.2) - https:\/\/yoast.com\/product\/yoast-seo-premium-wordpress\/ -->\n<title>DJI Mini 4 Pro\/Mini 3 Series Two-Way Charging Hub - koningdrone.be<\/title>\n<meta name=\"robots\" content=\"index, follow, max-snippet:-1, max-image-preview:large, max-video-preview:-1\" \/>\n<link rel=\"canonical\" href=\"https:\/\/koningdrone.be\/fr\/produit\/dji-mini-3-pro-two-way-charging-hub\/\" \/>\n<meta property=\"og:locale\" content=\"fr_FR\" \/>\n<meta property=\"og:type\" content=\"article\" \/>\n<meta property=\"og:title\" content=\"DJI Mini 4 Pro\/Mini 3 Series Two-Way Charging Hub\" \/>\n<meta property=\"og:description\" content=\"Laadt de afstandsbediening en drie batterijen opeenvolgend op  Functioneert als mobiele stroombron  Hierin kunnen batterijen worden opgeborgen, zodat u ze gemakkelijk mee kunt nemen  Compatibel met DJI 30W USB-C-oplader  Laadt drie Intelligent Flight Batches volledig op in 3 uur  Laadt drie Intelligent Flight Batteries Plus volledig op in 4 uur\" \/>\n<meta property=\"og:url\" content=\"https:\/\/koningdrone.be\/fr\/produit\/dji-mini-3-pro-two-way-charging-hub\/\" \/>\n<meta property=\"og:site_name\" content=\"koningdrone.be\" \/>\n<meta property=\"article:modified_time\" content=\"2026-04-29T13:00:55+00:00\" \/>\n<meta property=\"og:image\" content=\"https:\/\/koningdrone.be\/wp-content\/uploads\/sites\/13\/2025\/04\/29bf47d24c8c853ec10637d70e136b96@large.jpg\" \/>\n\t<meta property=\"og:image:width\" content=\"1200\" \/>\n\t<meta property=\"og:image:height\" content=\"800\" \/>\n\t<meta property=\"og:image:type\" content=\"image\/jpeg\" \/>\n<meta name=\"twitter:card\" content=\"summary_large_image\" \/>\n<meta name=\"twitter:label1\" content=\"Dur\u00e9e de lecture est.\" \/>\n\t<meta name=\"twitter:data1\" content=\"1 minute\" \/>\n<script type=\"application\/ld+json\" class=\"yoast-schema-graph\">{\"@context\":\"https:\/\/schema.org\",\"@graph\":[{\"@type\":\"WebPage\",\"@id\":\"https:\/\/koningdrone.be\/product\/dji-mini-3-pro-two-way-charging-hub\/\",\"url\":\"https:\/\/koningdrone.be\/product\/dji-mini-3-pro-two-way-charging-hub\/\",\"name\":\"DJI Mini 4 Pro\/Mini 3 Series Two-Way Charging Hub - koningdrone.be\",\"isPartOf\":{\"@id\":\"https:\/\/koningdrone.be\/#website\"},\"primaryImageOfPage\":{\"@id\":\"https:\/\/koningdrone.be\/product\/dji-mini-3-pro-two-way-charging-hub\/#primaryimage\"},\"image\":{\"@id\":\"https:\/\/koningdrone.be\/product\/dji-mini-3-pro-two-way-charging-hub\/#primaryimage\"},\"thumbnailUrl\":\"https:\/\/koningdrone.be\/wp-content\/uploads\/sites\/13\/2025\/04\/29bf47d24c8c853ec10637d70e136b96@large.jpg\",\"datePublished\":\"2022-06-14T08:22:47+00:00\",\"dateModified\":\"2026-04-29T13:00:55+00:00\",\"breadcrumb\":{\"@id\":\"https:\/\/koningdrone.be\/product\/dji-mini-3-pro-two-way-charging-hub\/#breadcrumb\"},\"inLanguage\":\"fr-BE\",\"potentialAction\":[{\"@type\":\"ReadAction\",\"target\":[\"https:\/\/koningdrone.be\/product\/dji-mini-3-pro-two-way-charging-hub\/\"]}]},{\"@type\":\"ImageObject\",\"inLanguage\":\"fr-BE\",\"@id\":\"https:\/\/koningdrone.be\/product\/dji-mini-3-pro-two-way-charging-hub\/#primaryimage\",\"url\":\"https:\/\/koningdrone.be\/wp-content\/uploads\/sites\/13\/2025\/04\/29bf47d24c8c853ec10637d70e136b96@large.jpg\",\"contentUrl\":\"https:\/\/koningdrone.be\/wp-content\/uploads\/sites\/13\/2025\/04\/29bf47d24c8c853ec10637d70e136b96@large.jpg\",\"width\":1200,\"height\":800},{\"@type\":\"BreadcrumbList\",\"@id\":\"https:\/\/koningdrone.be\/product\/dji-mini-3-pro-two-way-charging-hub\/#breadcrumb\",\"itemListElement\":[{\"@type\":\"ListItem\",\"position\":1,\"name\":\"Home\",\"item\":\"https:\/\/koningdrone.be\/\"},{\"@type\":\"ListItem\",\"position\":2,\"name\":\"AVSS Parachute Recovery System for DJI Matrice 300\/350\",\"item\":\"https:\/\/koningdrone.be\/product\/avss-parachute-recovery-system-for-dji-matrice-300-350\/\"},{\"@type\":\"ListItem\",\"position\":3,\"name\":\"Alle producten\",\"item\":\"https:\/\/koningdrone.be\/categorie\/alle-producten\/\"},{\"@type\":\"ListItem\",\"position\":4,\"name\":\"DJI Mini 4 Pro\/Mini 3 Series Two-Way Charging Hub\"}]},{\"@type\":\"WebSite\",\"@id\":\"https:\/\/koningdrone.be\/#website\",\"url\":\"https:\/\/koningdrone.be\/\",\"name\":\"Koningdrone.be - Uw online specialist in drones, gimbals, camera's en power stations.\",\"description\":\"De webshop in drones en gimbals\",\"publisher\":{\"@id\":\"https:\/\/koningdrone.be\/#organization\"},\"potentialAction\":[{\"@type\":\"SearchAction\",\"target\":{\"@type\":\"EntryPoint\",\"urlTemplate\":\"https:\/\/koningdrone.be\/?s={search_term_string}\"},\"query-input\":{\"@type\":\"PropertyValueSpecification\",\"valueRequired\":true,\"valueName\":\"search_term_string\"}}],\"inLanguage\":\"fr-BE\"},{\"@type\":\"Organization\",\"@id\":\"https:\/\/koningdrone.be\/#organization\",\"name\":\"Koningdrone.be\",\"url\":\"https:\/\/koningdrone.be\/\",\"logo\":{\"@type\":\"ImageObject\",\"inLanguage\":\"fr-BE\",\"@id\":\"https:\/\/koningdrone.be\/#\/schema\/logo\/image\/\",\"url\":\"https:\/\/koningdrone.be\/wp-content\/uploads\/sites\/13\/2025\/04\/koningdrone-copyright-logo.svg\",\"contentUrl\":\"https:\/\/koningdrone.be\/wp-content\/uploads\/sites\/13\/2025\/04\/koningdrone-copyright-logo.svg\",\"width\":227,\"height\":38,\"caption\":\"Koningdrone.be\"},\"image\":{\"@id\":\"https:\/\/koningdrone.be\/#\/schema\/logo\/image\/\"}}]}<\/script>\n<!-- \/ Yoast SEO Premium plugin. -->","yoast_head_json":{"title":"DJI Mini 4 Pro\/Mini 3 Series Two-Way Charging Hub - koningdrone.be","robots":{"index":"index","follow":"follow","max-snippet":"max-snippet:-1","max-image-preview":"max-image-preview:large","max-video-preview":"max-video-preview:-1"},"canonical":"https:\/\/koningdrone.be\/fr\/produit\/dji-mini-3-pro-two-way-charging-hub\/","og_locale":"fr_FR","og_type":"article","og_title":"DJI Mini 4 Pro\/Mini 3 Series Two-Way Charging Hub","og_description":"Laadt de afstandsbediening en drie batterijen opeenvolgend op  Functioneert als mobiele stroombron  Hierin kunnen batterijen worden opgeborgen, zodat u ze gemakkelijk mee kunt nemen  Compatibel met DJI 30W USB-C-oplader  Laadt drie Intelligent Flight Batches volledig op in 3 uur  Laadt drie Intelligent Flight Batteries Plus volledig op in 4 uur","og_url":"https:\/\/koningdrone.be\/fr\/produit\/dji-mini-3-pro-two-way-charging-hub\/","og_site_name":"koningdrone.be","article_modified_time":"2026-04-29T13:00:55+00:00","og_image":[{"width":1200,"height":800,"url":"https:\/\/koningdrone.be\/wp-content\/uploads\/sites\/13\/2025\/04\/29bf47d24c8c853ec10637d70e136b96@large.jpg","type":"image\/jpeg"}],"twitter_card":"summary_large_image","twitter_misc":{"Dur\u00e9e de lecture est.":"1 minute"},"schema":{"@context":"https:\/\/schema.org","@graph":[{"@type":"WebPage","@id":"https:\/\/koningdrone.be\/product\/dji-mini-3-pro-two-way-charging-hub\/","url":"https:\/\/koningdrone.be\/product\/dji-mini-3-pro-two-way-charging-hub\/","name":"DJI Mini 4 Pro\/Mini 3 Series Two-Way Charging Hub - koningdrone.be","isPartOf":{"@id":"https:\/\/koningdrone.be\/#website"},"primaryImageOfPage":{"@id":"https:\/\/koningdrone.be\/product\/dji-mini-3-pro-two-way-charging-hub\/#primaryimage"},"image":{"@id":"https:\/\/koningdrone.be\/product\/dji-mini-3-pro-two-way-charging-hub\/#primaryimage"},"thumbnailUrl":"https:\/\/koningdrone.be\/wp-content\/uploads\/sites\/13\/2025\/04\/29bf47d24c8c853ec10637d70e136b96@large.jpg","datePublished":"2022-06-14T08:22:47+00:00","dateModified":"2026-04-29T13:00:55+00:00","breadcrumb":{"@id":"https:\/\/koningdrone.be\/product\/dji-mini-3-pro-two-way-charging-hub\/#breadcrumb"},"inLanguage":"fr-BE","potentialAction":[{"@type":"ReadAction","target":["https:\/\/koningdrone.be\/product\/dji-mini-3-pro-two-way-charging-hub\/"]}]},{"@type":"ImageObject","inLanguage":"fr-BE","@id":"https:\/\/koningdrone.be\/product\/dji-mini-3-pro-two-way-charging-hub\/#primaryimage","url":"https:\/\/koningdrone.be\/wp-content\/uploads\/sites\/13\/2025\/04\/29bf47d24c8c853ec10637d70e136b96@large.jpg","contentUrl":"https:\/\/koningdrone.be\/wp-content\/uploads\/sites\/13\/2025\/04\/29bf47d24c8c853ec10637d70e136b96@large.jpg","width":1200,"height":800},{"@type":"BreadcrumbList","@id":"https:\/\/koningdrone.be\/product\/dji-mini-3-pro-two-way-charging-hub\/#breadcrumb","itemListElement":[{"@type":"ListItem","position":1,"name":"Home","item":"https:\/\/koningdrone.be\/"},{"@type":"ListItem","position":2,"name":"AVSS Parachute Recovery System for DJI Matrice 300\/350","item":"https:\/\/koningdrone.be\/product\/avss-parachute-recovery-system-for-dji-matrice-300-350\/"},{"@type":"ListItem","position":3,"name":"Alle producten","item":"https:\/\/koningdrone.be\/categorie\/alle-producten\/"},{"@type":"ListItem","position":4,"name":"DJI Mini 4 Pro\/Mini 3 Series Two-Way Charging Hub"}]},{"@type":"WebSite","@id":"https:\/\/koningdrone.be\/#website","url":"https:\/\/koningdrone.be\/","name":"Koningdrone.be - Votre sp\u00e9cialiste en ligne en mati\u00e8re de drones, de cardans, de cam\u00e9ras et de centrales \u00e9lectriques.","description":"La boutique en ligne de drones et de cardans","publisher":{"@id":"https:\/\/koningdrone.be\/#organization"},"potentialAction":[{"@type":"SearchAction","target":{"@type":"EntryPoint","urlTemplate":"https:\/\/koningdrone.be\/?s={search_term_string}"},"query-input":{"@type":"PropertyValueSpecification","valueRequired":true,"valueName":"search_term_string"}}],"inLanguage":"fr-BE"},{"@type":"Organization","@id":"https:\/\/koningdrone.be\/#organization","name":"Kingdrone.co.uk","url":"https:\/\/koningdrone.be\/","logo":{"@type":"ImageObject","inLanguage":"fr-BE","@id":"https:\/\/koningdrone.be\/#\/schema\/logo\/image\/","url":"https:\/\/koningdrone.be\/wp-content\/uploads\/sites\/13\/2025\/04\/koningdrone-copyright-logo.svg","contentUrl":"https:\/\/koningdrone.be\/wp-content\/uploads\/sites\/13\/2025\/04\/koningdrone-copyright-logo.svg","width":227,"height":38,"caption":"Koningdrone.be"},"image":{"@id":"https:\/\/koningdrone.be\/#\/schema\/logo\/image\/"}}]}},"df_price":45,"df_sale_price":"","df_regular_price":45,"df_image_link":"https:\/\/koningdrone.be\/wp-content\/uploads\/sites\/13\/2025\/04\/29bf47d24c8c853ec10637d70e136b96@large-300x200.jpg","_links":{"self":[{"href":"https:\/\/koningdrone.be\/fr\/wp-json\/wp\/v2\/product\/5675","targetHints":{"allow":["GET"]}}],"collection":[{"href":"https:\/\/koningdrone.be\/fr\/wp-json\/wp\/v2\/product"}],"about":[{"href":"https:\/\/koningdrone.be\/fr\/wp-json\/wp\/v2\/types\/product"}],"wp:featuredmedia":[{"embeddable":true,"href":"https:\/\/koningdrone.be\/fr\/wp-json\/wp\/v2\/media\/5672"}],"wp:attachment":[{"href":"https:\/\/koningdrone.be\/fr\/wp-json\/wp\/v2\/media?parent=5675"}],"wp:term":[{"taxonomy":"product_brand","embeddable":true,"href":"https:\/\/koningdrone.be\/fr\/wp-json\/wp\/v2\/product_brand?post=5675"},{"taxonomy":"product_cat","embeddable":true,"href":"https:\/\/koningdrone.be\/fr\/wp-json\/wp\/v2\/product_cat?post=5675"},{"taxonomy":"product_tag","embeddable":true,"href":"https:\/\/koningdrone.be\/fr\/wp-json\/wp\/v2\/product_tag?post=5675"}],"curies":[{"name":"wp","href":"https:\/\/api.w.org\/{rel}","templated":true}]}}