{"id":5660,"date":"2022-06-14T10:22:47","date_gmt":"2022-06-14T08:22:47","guid":{"rendered":"https:\/\/koningdrone.nl\/kon\/product\/dji-mini-3-pro-including-dji-rc-smart-remote-controller\/"},"modified":"2026-04-29T13:30:27","modified_gmt":"2026-04-29T11:30:27","slug":"dji-mini-3-pro-including-dji-rc-smart-remote-controller","status":"publish","type":"product","link":"https:\/\/koningdrone.be\/fr\/produit\/dji-mini-3-pro-including-dji-rc-smart-remote-controller\/","title":{"rendered":"DJI Mini 3 Pro - T\u00e9l\u00e9commande intelligente DJI RC incluse"},"content":{"rendered":"<p><strong>Vue d'ensemble et performances<\/strong><br \/> Le DJI Mini 3 Pro est un drone l\u00e9ger pesant moins de 249 grammes, dot\u00e9 de fonctionnalit\u00e9s avanc\u00e9es telles qu'un capteur CMOS de 1\/1,3 pouce pour des photos de 48 MP et l'enregistrement de vid\u00e9os en 4K \u00e0 60 fps ou en Full HD au ralenti \u00e0 120 fps. La conception am\u00e9lior\u00e9e garantit des performances de vol et une s\u00e9curit\u00e9 accrues, avec une dur\u00e9e de vol pouvant atteindre 34 minutes et une port\u00e9e de transmission vid\u00e9o HD de 12 km. Ce drone est \u00e9quip\u00e9 d'un syst\u00e8me de d\u00e9tection d'obstacles \u00e0 trois voies pour garantir une navigation en toute s\u00e9curit\u00e9.<\/p>\n<p> <strong>Fonctionnalit\u00e9s avanc\u00e9es<\/strong><\/p>\n<ul>\n<li> <strong>Images stables :<\/strong> Capturez des images nettes et des vid\u00e9os fluides gr\u00e2ce \u00e0 la stabilisation cardanique et aux capacit\u00e9s de zoom 4x.<\/li>\n<li> <strong>Focus Track :<\/strong> Utilisez des fonctions telles que Active Track 4.0, Spotlight 2.0 et Point of Interest 3.0 pour maintenir la mise au point sur les sujets tout en \u00e9vitant les obstacles.<\/li>\n<li> <strong>De vraies prises de vue verticales :<\/strong> Id\u00e9al pour les m\u00e9dias sociaux, ce mode permet de r\u00e9aliser des vid\u00e9os et des photos verticales d'un simple clic.<\/li>\n<li> <strong>MasterShots et modes intelligents :<\/strong> Cr\u00e9ez automatiquement des vid\u00e9os cin\u00e9matiques avec MasterShots et explorez des angles cr\u00e9atifs avec les fonctions Timelapse, Hyperlapse et Panorama.<\/li>\n<li> <strong>OcuSync 3.0 :<\/strong> Profitez d'une transmission vid\u00e9o HD claire et sans interf\u00e9rence jusqu'\u00e0 une distance de 12 km.<\/li>\n<\/ul>\n<p><\/p>","protected":false},"excerpt":{"rendered":"<ul>\n<li>Avec Smart Controller<\/li>\n<li>Poids inf\u00e9rieur \u00e0 249 grammes<\/li>\n<li>D\u00e9tection tridirectionnelle d'obstacles<\/li>\n<li>Vid\u00e9o HDR 4K<\/li>\n<li>Dur\u00e9e de vie prolong\u00e9e de la batterie<\/li>\n<li>V\u00e9ritable prise de vue verticale<\/li>\n<li>FocusTrack<\/li>\n<\/ul>","protected":false},"featured_media":5658,"template":"","meta":{"_acf_changed":false},"product_brand":[],"product_cat":[135,97,136,445,446,177],"product_tag":[],"class_list":{"0":"post-5660","1":"product","2":"type-product","3":"status-publish","4":"has-post-thumbnail","6":"product_cat-alle-drones","7":"product_cat-alle-producten","8":"product_cat-consumer-drones","9":"product_cat-dji-mini","10":"product_cat-dji-mini-3","11":"product_cat-drones-zonder-certificaat","12":"product_shipping_class-outofstock","13":"pa_brand-dji","14":"pa_dronegrade-consumer","15":"pa_productfamily-drone","16":"pa_producttype-drone","17":"pa_series-mini-3","19":"first","20":"outofstock","21":"taxable","22":"shipping-taxable","23":"product-type-simple"},"acf":[],"yoast_head":"<!-- This site is optimized with the Yoast SEO Premium plugin v27.2 (Yoast SEO v27.2) - https:\/\/yoast.com\/product\/yoast-seo-premium-wordpress\/ -->\n<title>DJI Mini 3 Pro - Including DJI RC Smart Remote Controller - koningdrone.be<\/title>\n<meta name=\"robots\" content=\"index, follow, max-snippet:-1, max-image-preview:large, max-video-preview:-1\" \/>\n<link rel=\"canonical\" href=\"https:\/\/koningdrone.be\/fr\/produit\/dji-mini-3-pro-including-dji-rc-smart-remote-controller\/\" \/>\n<meta property=\"og:locale\" content=\"fr_FR\" \/>\n<meta property=\"og:type\" content=\"article\" \/>\n<meta property=\"og:title\" content=\"DJI Mini 3 Pro - Including DJI RC Smart Remote Controller\" \/>\n<meta property=\"og:description\" content=\"Met Smart ControllerWeegt onder de 249 gramTri-Directional Obstacle Sensing4K HDR VideoExtended Battery LifeTrue Vertical ShootingFocusTrack\" \/>\n<meta property=\"og:url\" content=\"https:\/\/koningdrone.be\/fr\/produit\/dji-mini-3-pro-including-dji-rc-smart-remote-controller\/\" \/>\n<meta property=\"og:site_name\" content=\"koningdrone.be\" \/>\n<meta property=\"article:modified_time\" content=\"2026-04-29T11:30:27+00:00\" \/>\n<meta property=\"og:image\" content=\"https:\/\/koningdrone.be\/wp-content\/uploads\/sites\/13\/2025\/04\/6941565929419-1-1024x576.png\" \/>\n\t<meta property=\"og:image:width\" content=\"1024\" \/>\n\t<meta property=\"og:image:height\" content=\"576\" \/>\n\t<meta property=\"og:image:type\" content=\"image\/png\" \/>\n<meta name=\"twitter:card\" content=\"summary_large_image\" \/>\n<meta name=\"twitter:label1\" content=\"Dur\u00e9e de lecture est.\" \/>\n\t<meta name=\"twitter:data1\" content=\"1 minute\" \/>\n<script type=\"application\/ld+json\" class=\"yoast-schema-graph\">{\"@context\":\"https:\/\/schema.org\",\"@graph\":[{\"@type\":\"WebPage\",\"@id\":\"https:\/\/koningdrone.be\/product\/dji-mini-3-pro-including-dji-rc-smart-remote-controller\/\",\"url\":\"https:\/\/koningdrone.be\/product\/dji-mini-3-pro-including-dji-rc-smart-remote-controller\/\",\"name\":\"DJI Mini 3 Pro - Including DJI RC Smart Remote Controller - koningdrone.be\",\"isPartOf\":{\"@id\":\"https:\/\/koningdrone.be\/#website\"},\"primaryImageOfPage\":{\"@id\":\"https:\/\/koningdrone.be\/product\/dji-mini-3-pro-including-dji-rc-smart-remote-controller\/#primaryimage\"},\"image\":{\"@id\":\"https:\/\/koningdrone.be\/product\/dji-mini-3-pro-including-dji-rc-smart-remote-controller\/#primaryimage\"},\"thumbnailUrl\":\"https:\/\/koningdrone.be\/wp-content\/uploads\/sites\/13\/2025\/04\/6941565929419-1.png\",\"datePublished\":\"2022-06-14T08:22:47+00:00\",\"dateModified\":\"2026-04-29T11:30:27+00:00\",\"breadcrumb\":{\"@id\":\"https:\/\/koningdrone.be\/product\/dji-mini-3-pro-including-dji-rc-smart-remote-controller\/#breadcrumb\"},\"inLanguage\":\"fr-BE\",\"potentialAction\":[{\"@type\":\"ReadAction\",\"target\":[\"https:\/\/koningdrone.be\/product\/dji-mini-3-pro-including-dji-rc-smart-remote-controller\/\"]}]},{\"@type\":\"ImageObject\",\"inLanguage\":\"fr-BE\",\"@id\":\"https:\/\/koningdrone.be\/product\/dji-mini-3-pro-including-dji-rc-smart-remote-controller\/#primaryimage\",\"url\":\"https:\/\/koningdrone.be\/wp-content\/uploads\/sites\/13\/2025\/04\/6941565929419-1.png\",\"contentUrl\":\"https:\/\/koningdrone.be\/wp-content\/uploads\/sites\/13\/2025\/04\/6941565929419-1.png\",\"width\":2048,\"height\":1152},{\"@type\":\"BreadcrumbList\",\"@id\":\"https:\/\/koningdrone.be\/product\/dji-mini-3-pro-including-dji-rc-smart-remote-controller\/#breadcrumb\",\"itemListElement\":[{\"@type\":\"ListItem\",\"position\":1,\"name\":\"Home\",\"item\":\"https:\/\/koningdrone.be\/\"},{\"@type\":\"ListItem\",\"position\":2,\"name\":\"AVSS Parachute Recovery System for DJI Matrice 300\/350\",\"item\":\"https:\/\/koningdrone.be\/product\/avss-parachute-recovery-system-for-dji-matrice-300-350\/\"},{\"@type\":\"ListItem\",\"position\":3,\"name\":\"Alle drones\",\"item\":\"https:\/\/koningdrone.be\/categorie\/alle-drones\/\"},{\"@type\":\"ListItem\",\"position\":4,\"name\":\"DJI Mini 3 Pro &#8211; Including DJI RC Smart Remote Controller\"}]},{\"@type\":\"WebSite\",\"@id\":\"https:\/\/koningdrone.be\/#website\",\"url\":\"https:\/\/koningdrone.be\/\",\"name\":\"Koningdrone.be - Uw online specialist in drones, gimbals, camera's en power stations.\",\"description\":\"De webshop in drones en gimbals\",\"publisher\":{\"@id\":\"https:\/\/koningdrone.be\/#organization\"},\"potentialAction\":[{\"@type\":\"SearchAction\",\"target\":{\"@type\":\"EntryPoint\",\"urlTemplate\":\"https:\/\/koningdrone.be\/?s={search_term_string}\"},\"query-input\":{\"@type\":\"PropertyValueSpecification\",\"valueRequired\":true,\"valueName\":\"search_term_string\"}}],\"inLanguage\":\"fr-BE\"},{\"@type\":\"Organization\",\"@id\":\"https:\/\/koningdrone.be\/#organization\",\"name\":\"Koningdrone.be\",\"url\":\"https:\/\/koningdrone.be\/\",\"logo\":{\"@type\":\"ImageObject\",\"inLanguage\":\"fr-BE\",\"@id\":\"https:\/\/koningdrone.be\/#\/schema\/logo\/image\/\",\"url\":\"https:\/\/koningdrone.be\/wp-content\/uploads\/sites\/13\/2025\/04\/koningdrone-copyright-logo.svg\",\"contentUrl\":\"https:\/\/koningdrone.be\/wp-content\/uploads\/sites\/13\/2025\/04\/koningdrone-copyright-logo.svg\",\"width\":227,\"height\":38,\"caption\":\"Koningdrone.be\"},\"image\":{\"@id\":\"https:\/\/koningdrone.be\/#\/schema\/logo\/image\/\"}}]}<\/script>\n<!-- \/ Yoast SEO Premium plugin. -->","yoast_head_json":{"title":"DJI Mini 3 Pro - Including DJI RC Smart Remote Controller - koningdrone.be","robots":{"index":"index","follow":"follow","max-snippet":"max-snippet:-1","max-image-preview":"max-image-preview:large","max-video-preview":"max-video-preview:-1"},"canonical":"https:\/\/koningdrone.be\/fr\/produit\/dji-mini-3-pro-including-dji-rc-smart-remote-controller\/","og_locale":"fr_FR","og_type":"article","og_title":"DJI Mini 3 Pro - Including DJI RC Smart Remote Controller","og_description":"Met Smart ControllerWeegt onder de 249 gramTri-Directional Obstacle Sensing4K HDR VideoExtended Battery LifeTrue Vertical ShootingFocusTrack","og_url":"https:\/\/koningdrone.be\/fr\/produit\/dji-mini-3-pro-including-dji-rc-smart-remote-controller\/","og_site_name":"koningdrone.be","article_modified_time":"2026-04-29T11:30:27+00:00","og_image":[{"width":1024,"height":576,"url":"https:\/\/koningdrone.be\/wp-content\/uploads\/sites\/13\/2025\/04\/6941565929419-1-1024x576.png","type":"image\/png"}],"twitter_card":"summary_large_image","twitter_misc":{"Dur\u00e9e de lecture est.":"1 minute"},"schema":{"@context":"https:\/\/schema.org","@graph":[{"@type":"WebPage","@id":"https:\/\/koningdrone.be\/product\/dji-mini-3-pro-including-dji-rc-smart-remote-controller\/","url":"https:\/\/koningdrone.be\/product\/dji-mini-3-pro-including-dji-rc-smart-remote-controller\/","name":"DJI Mini 3 Pro - Including DJI RC Smart Remote Controller - koningdrone.be","isPartOf":{"@id":"https:\/\/koningdrone.be\/#website"},"primaryImageOfPage":{"@id":"https:\/\/koningdrone.be\/product\/dji-mini-3-pro-including-dji-rc-smart-remote-controller\/#primaryimage"},"image":{"@id":"https:\/\/koningdrone.be\/product\/dji-mini-3-pro-including-dji-rc-smart-remote-controller\/#primaryimage"},"thumbnailUrl":"https:\/\/koningdrone.be\/wp-content\/uploads\/sites\/13\/2025\/04\/6941565929419-1.png","datePublished":"2022-06-14T08:22:47+00:00","dateModified":"2026-04-29T11:30:27+00:00","breadcrumb":{"@id":"https:\/\/koningdrone.be\/product\/dji-mini-3-pro-including-dji-rc-smart-remote-controller\/#breadcrumb"},"inLanguage":"fr-BE","potentialAction":[{"@type":"ReadAction","target":["https:\/\/koningdrone.be\/product\/dji-mini-3-pro-including-dji-rc-smart-remote-controller\/"]}]},{"@type":"ImageObject","inLanguage":"fr-BE","@id":"https:\/\/koningdrone.be\/product\/dji-mini-3-pro-including-dji-rc-smart-remote-controller\/#primaryimage","url":"https:\/\/koningdrone.be\/wp-content\/uploads\/sites\/13\/2025\/04\/6941565929419-1.png","contentUrl":"https:\/\/koningdrone.be\/wp-content\/uploads\/sites\/13\/2025\/04\/6941565929419-1.png","width":2048,"height":1152},{"@type":"BreadcrumbList","@id":"https:\/\/koningdrone.be\/product\/dji-mini-3-pro-including-dji-rc-smart-remote-controller\/#breadcrumb","itemListElement":[{"@type":"ListItem","position":1,"name":"Home","item":"https:\/\/koningdrone.be\/"},{"@type":"ListItem","position":2,"name":"AVSS Parachute Recovery System for DJI Matrice 300\/350","item":"https:\/\/koningdrone.be\/product\/avss-parachute-recovery-system-for-dji-matrice-300-350\/"},{"@type":"ListItem","position":3,"name":"Alle drones","item":"https:\/\/koningdrone.be\/categorie\/alle-drones\/"},{"@type":"ListItem","position":4,"name":"DJI Mini 3 Pro &#8211; Including DJI RC Smart Remote Controller"}]},{"@type":"WebSite","@id":"https:\/\/koningdrone.be\/#website","url":"https:\/\/koningdrone.be\/","name":"Koningdrone.be - Votre sp\u00e9cialiste en ligne en mati\u00e8re de drones, de cardans, de cam\u00e9ras et de centrales \u00e9lectriques.","description":"La boutique en ligne de drones et de cardans","publisher":{"@id":"https:\/\/koningdrone.be\/#organization"},"potentialAction":[{"@type":"SearchAction","target":{"@type":"EntryPoint","urlTemplate":"https:\/\/koningdrone.be\/?s={search_term_string}"},"query-input":{"@type":"PropertyValueSpecification","valueRequired":true,"valueName":"search_term_string"}}],"inLanguage":"fr-BE"},{"@type":"Organization","@id":"https:\/\/koningdrone.be\/#organization","name":"Kingdrone.co.uk","url":"https:\/\/koningdrone.be\/","logo":{"@type":"ImageObject","inLanguage":"fr-BE","@id":"https:\/\/koningdrone.be\/#\/schema\/logo\/image\/","url":"https:\/\/koningdrone.be\/wp-content\/uploads\/sites\/13\/2025\/04\/koningdrone-copyright-logo.svg","contentUrl":"https:\/\/koningdrone.be\/wp-content\/uploads\/sites\/13\/2025\/04\/koningdrone-copyright-logo.svg","width":227,"height":38,"caption":"Koningdrone.be"},"image":{"@id":"https:\/\/koningdrone.be\/#\/schema\/logo\/image\/"}}]}},"df_price":"","df_sale_price":"","df_regular_price":"","df_image_link":"https:\/\/koningdrone.be\/wp-content\/uploads\/sites\/13\/2025\/04\/6941565929419-1-300x169.png","_links":{"self":[{"href":"https:\/\/koningdrone.be\/fr\/wp-json\/wp\/v2\/product\/5660","targetHints":{"allow":["GET"]}}],"collection":[{"href":"https:\/\/koningdrone.be\/fr\/wp-json\/wp\/v2\/product"}],"about":[{"href":"https:\/\/koningdrone.be\/fr\/wp-json\/wp\/v2\/types\/product"}],"wp:featuredmedia":[{"embeddable":true,"href":"https:\/\/koningdrone.be\/fr\/wp-json\/wp\/v2\/media\/5658"}],"wp:attachment":[{"href":"https:\/\/koningdrone.be\/fr\/wp-json\/wp\/v2\/media?parent=5660"}],"wp:term":[{"taxonomy":"product_brand","embeddable":true,"href":"https:\/\/koningdrone.be\/fr\/wp-json\/wp\/v2\/product_brand?post=5660"},{"taxonomy":"product_cat","embeddable":true,"href":"https:\/\/koningdrone.be\/fr\/wp-json\/wp\/v2\/product_cat?post=5660"},{"taxonomy":"product_tag","embeddable":true,"href":"https:\/\/koningdrone.be\/fr\/wp-json\/wp\/v2\/product_tag?post=5660"}],"curies":[{"name":"wp","href":"https:\/\/api.w.org\/{rel}","templated":true}]}}