{"id":5653,"date":"2022-10-19T11:31:20","date_gmt":"2022-10-19T09:31:20","guid":{"rendered":"https:\/\/koningdrone.nl\/kon\/product\/dji-mavic-3-enterprise-rtk-module-p01\/"},"modified":"2026-04-29T03:50:22","modified_gmt":"2026-04-29T01:50:22","slug":"dji-mavic-3-enterprise-rtk-module-p01","status":"publish","type":"product","link":"https:\/\/koningdrone.be\/fr\/produit\/dji-mavic-3-enterprise-rtk-module-p01\/","title":{"rendered":"Module RTK DJI Mavic 3 Enterprise Series"},"content":{"rendered":"<p><strong>Introduction au module RTK DJI Mavic 3 Enterprise Series<\/strong><\/p>\n<p>Que vous soyez novice en mati\u00e8re de technologie des drones ou expert chevronn\u00e9, le module RTK de la s\u00e9rie DJI Mavic 3 Enterprise est un compl\u00e9ment int\u00e9ressant qui peut consid\u00e9rablement am\u00e9liorer votre exp\u00e9rience de vol. Ce module est sp\u00e9cialement con\u00e7u pour fonctionner avec les drones DJI Mavic 3 Enterprise Series. Il se distingue par sa capacit\u00e9 \u00e0 obtenir un positionnement incroyablement pr\u00e9cis au centim\u00e8tre pr\u00e8s lorsqu'il est connect\u00e9 \u00e0 certains services ou \u00e9quipements.<\/p>\n<p><strong>Positionnement de haute pr\u00e9cision<\/strong><\/p>\n<p>Il existe trois fa\u00e7ons de b\u00e9n\u00e9ficier de ce positionnement extr\u00eamement pr\u00e9cis. Premi\u00e8rement, gr\u00e2ce au service Network RTK, un r\u00e9seau cin\u00e9matique en temps r\u00e9el (RTK) qui fournit des corrections \u00e0 partir d'un r\u00e9seau de stations de r\u00e9f\u00e9rence fixes au sol. Deuxi\u00e8mement, gr\u00e2ce au service Custom Network RTK, qui permet aux utilisateurs de se connecter \u00e0 leurs propres r\u00e9seaux RTK. Enfin, la station mobile D-RTK 2 est une station au sol portable qui fournit des donn\u00e9es diff\u00e9rentielles au drone.<\/p>\n<p><strong>Pr\u00e9cision au centim\u00e8tre pr\u00e8s<\/strong><\/p>\n<p>Que vous soyez un professionnel qui cartographie son prochain grand projet ou un amateur qui cherche \u00e0 explorer avec une pr\u00e9cision incroyable, le module RTK pour les drones DJI Mavic 3 Enterprise series peut changer la donne, en vous aidant \u00e0 atteindre une pr\u00e9cision de l'ordre du centim\u00e8tre dans votre positionnement et votre navigation.<\/p>\n<p>&nbsp;<\/p>","protected":false},"excerpt":{"rendered":"<ul>\n<li>Compatible avec la s\u00e9rie DJI Mavic 3 Enterprise<\/li>\n<li>Assure un positionnement pr\u00e9cis au centim\u00e8tre pr\u00e8s<\/li>\n<li>Prise en charge du service RTK en r\u00e9seau<\/li>\n<li>Compatible avec le service RTK de Custom Network<\/li>\n<li>Peut utiliser la station mobile D-RTK 2<\/li>\n<\/ul>","protected":false},"featured_media":5650,"template":"","meta":{"_acf_changed":false},"product_brand":[],"product_cat":[97,118,165,115],"product_tag":[],"class_list":{"0":"post-5653","1":"product","2":"type-product","3":"status-publish","4":"has-post-thumbnail","6":"product_cat-alle-producten","7":"product_cat-alle-rtk","8":"product_cat-dji-mavic-3-enterprise","9":"product_cat-inspecties-met-drones","10":"product_shipping_class-uavspacesshowall","11":"pa_brand-dji","12":"pa_productfamily-rtk","13":"pa_producttype-rtk","14":"pa_series-mavic-3","16":"first","17":"instock","18":"taxable","19":"shipping-taxable","20":"purchasable","21":"product-type-simple"},"acf":[],"yoast_head":"<!-- This site is optimized with the Yoast SEO Premium plugin v27.2 (Yoast SEO v27.2) - https:\/\/yoast.com\/product\/yoast-seo-premium-wordpress\/ -->\n<title>DJI Mavic 3 Enterprise Series RTK Module - koningdrone.be<\/title>\n<meta name=\"robots\" content=\"index, follow, max-snippet:-1, max-image-preview:large, max-video-preview:-1\" \/>\n<link rel=\"canonical\" href=\"https:\/\/koningdrone.be\/fr\/produit\/dji-mavic-3-enterprise-rtk-module-p01\/\" \/>\n<meta property=\"og:locale\" content=\"fr_FR\" \/>\n<meta property=\"og:type\" content=\"article\" \/>\n<meta property=\"og:title\" content=\"DJI Mavic 3 Enterprise Series RTK Module\" \/>\n<meta property=\"og:description\" content=\"Compatibel met DJI Mavic 3 Enterprise-serie  Zorgt voor een nauwkeurige positionering op centimeterniveau  Ondersteunt Network RTK-service  Compatibel met Custom Network RTK-service  Kan D-RTK 2 mobiel station gebruiken\" \/>\n<meta property=\"og:url\" content=\"https:\/\/koningdrone.be\/fr\/produit\/dji-mavic-3-enterprise-rtk-module-p01\/\" \/>\n<meta property=\"og:site_name\" content=\"koningdrone.be\" \/>\n<meta property=\"article:modified_time\" content=\"2026-04-29T01:50:22+00:00\" \/>\n<meta property=\"og:image\" content=\"https:\/\/koningdrone.be\/wp-content\/uploads\/sites\/13\/2025\/04\/c7f05d7426ef8f0b9a8e8aa6100d93eb@large.jpg\" \/>\n\t<meta property=\"og:image:width\" content=\"1200\" \/>\n\t<meta property=\"og:image:height\" content=\"800\" \/>\n\t<meta property=\"og:image:type\" content=\"image\/jpeg\" \/>\n<meta name=\"twitter:card\" content=\"summary_large_image\" \/>\n<meta name=\"twitter:label1\" content=\"Dur\u00e9e de lecture est.\" \/>\n\t<meta name=\"twitter:data1\" content=\"1 minute\" \/>\n<script type=\"application\/ld+json\" class=\"yoast-schema-graph\">{\"@context\":\"https:\/\/schema.org\",\"@graph\":[{\"@type\":\"WebPage\",\"@id\":\"https:\/\/koningdrone.be\/product\/dji-mavic-3-enterprise-rtk-module-p01\/\",\"url\":\"https:\/\/koningdrone.be\/product\/dji-mavic-3-enterprise-rtk-module-p01\/\",\"name\":\"DJI Mavic 3 Enterprise Series RTK Module - koningdrone.be\",\"isPartOf\":{\"@id\":\"https:\/\/koningdrone.be\/#website\"},\"primaryImageOfPage\":{\"@id\":\"https:\/\/koningdrone.be\/product\/dji-mavic-3-enterprise-rtk-module-p01\/#primaryimage\"},\"image\":{\"@id\":\"https:\/\/koningdrone.be\/product\/dji-mavic-3-enterprise-rtk-module-p01\/#primaryimage\"},\"thumbnailUrl\":\"https:\/\/koningdrone.be\/wp-content\/uploads\/sites\/13\/2025\/04\/c7f05d7426ef8f0b9a8e8aa6100d93eb@large.jpg\",\"datePublished\":\"2022-10-19T09:31:20+00:00\",\"dateModified\":\"2026-04-29T01:50:22+00:00\",\"breadcrumb\":{\"@id\":\"https:\/\/koningdrone.be\/product\/dji-mavic-3-enterprise-rtk-module-p01\/#breadcrumb\"},\"inLanguage\":\"fr-BE\",\"potentialAction\":[{\"@type\":\"ReadAction\",\"target\":[\"https:\/\/koningdrone.be\/product\/dji-mavic-3-enterprise-rtk-module-p01\/\"]}]},{\"@type\":\"ImageObject\",\"inLanguage\":\"fr-BE\",\"@id\":\"https:\/\/koningdrone.be\/product\/dji-mavic-3-enterprise-rtk-module-p01\/#primaryimage\",\"url\":\"https:\/\/koningdrone.be\/wp-content\/uploads\/sites\/13\/2025\/04\/c7f05d7426ef8f0b9a8e8aa6100d93eb@large.jpg\",\"contentUrl\":\"https:\/\/koningdrone.be\/wp-content\/uploads\/sites\/13\/2025\/04\/c7f05d7426ef8f0b9a8e8aa6100d93eb@large.jpg\",\"width\":1200,\"height\":800},{\"@type\":\"BreadcrumbList\",\"@id\":\"https:\/\/koningdrone.be\/product\/dji-mavic-3-enterprise-rtk-module-p01\/#breadcrumb\",\"itemListElement\":[{\"@type\":\"ListItem\",\"position\":1,\"name\":\"Home\",\"item\":\"https:\/\/koningdrone.be\/\"},{\"@type\":\"ListItem\",\"position\":2,\"name\":\"AVSS Parachute Recovery System for DJI Matrice 300\/350\",\"item\":\"https:\/\/koningdrone.be\/product\/avss-parachute-recovery-system-for-dji-matrice-300-350\/\"},{\"@type\":\"ListItem\",\"position\":3,\"name\":\"Alle producten\",\"item\":\"https:\/\/koningdrone.be\/categorie\/alle-producten\/\"},{\"@type\":\"ListItem\",\"position\":4,\"name\":\"DJI Mavic 3 Enterprise Series RTK Module\"}]},{\"@type\":\"WebSite\",\"@id\":\"https:\/\/koningdrone.be\/#website\",\"url\":\"https:\/\/koningdrone.be\/\",\"name\":\"Koningdrone.be - Uw online specialist in drones, gimbals, camera's en power stations.\",\"description\":\"De webshop in drones en gimbals\",\"publisher\":{\"@id\":\"https:\/\/koningdrone.be\/#organization\"},\"potentialAction\":[{\"@type\":\"SearchAction\",\"target\":{\"@type\":\"EntryPoint\",\"urlTemplate\":\"https:\/\/koningdrone.be\/?s={search_term_string}\"},\"query-input\":{\"@type\":\"PropertyValueSpecification\",\"valueRequired\":true,\"valueName\":\"search_term_string\"}}],\"inLanguage\":\"fr-BE\"},{\"@type\":\"Organization\",\"@id\":\"https:\/\/koningdrone.be\/#organization\",\"name\":\"Koningdrone.be\",\"url\":\"https:\/\/koningdrone.be\/\",\"logo\":{\"@type\":\"ImageObject\",\"inLanguage\":\"fr-BE\",\"@id\":\"https:\/\/koningdrone.be\/#\/schema\/logo\/image\/\",\"url\":\"https:\/\/koningdrone.be\/wp-content\/uploads\/sites\/13\/2025\/04\/koningdrone-copyright-logo.svg\",\"contentUrl\":\"https:\/\/koningdrone.be\/wp-content\/uploads\/sites\/13\/2025\/04\/koningdrone-copyright-logo.svg\",\"width\":227,\"height\":38,\"caption\":\"Koningdrone.be\"},\"image\":{\"@id\":\"https:\/\/koningdrone.be\/#\/schema\/logo\/image\/\"}}]}<\/script>\n<!-- \/ Yoast SEO Premium plugin. -->","yoast_head_json":{"title":"DJI Mavic 3 Enterprise Series RTK Module - koningdrone.be","robots":{"index":"index","follow":"follow","max-snippet":"max-snippet:-1","max-image-preview":"max-image-preview:large","max-video-preview":"max-video-preview:-1"},"canonical":"https:\/\/koningdrone.be\/fr\/produit\/dji-mavic-3-enterprise-rtk-module-p01\/","og_locale":"fr_FR","og_type":"article","og_title":"DJI Mavic 3 Enterprise Series RTK Module","og_description":"Compatibel met DJI Mavic 3 Enterprise-serie  Zorgt voor een nauwkeurige positionering op centimeterniveau  Ondersteunt Network RTK-service  Compatibel met Custom Network RTK-service  Kan D-RTK 2 mobiel station gebruiken","og_url":"https:\/\/koningdrone.be\/fr\/produit\/dji-mavic-3-enterprise-rtk-module-p01\/","og_site_name":"koningdrone.be","article_modified_time":"2026-04-29T01:50:22+00:00","og_image":[{"width":1200,"height":800,"url":"https:\/\/koningdrone.be\/wp-content\/uploads\/sites\/13\/2025\/04\/c7f05d7426ef8f0b9a8e8aa6100d93eb@large.jpg","type":"image\/jpeg"}],"twitter_card":"summary_large_image","twitter_misc":{"Dur\u00e9e de lecture est.":"1 minute"},"schema":{"@context":"https:\/\/schema.org","@graph":[{"@type":"WebPage","@id":"https:\/\/koningdrone.be\/product\/dji-mavic-3-enterprise-rtk-module-p01\/","url":"https:\/\/koningdrone.be\/product\/dji-mavic-3-enterprise-rtk-module-p01\/","name":"DJI Mavic 3 Enterprise Series RTK Module - koningdrone.be","isPartOf":{"@id":"https:\/\/koningdrone.be\/#website"},"primaryImageOfPage":{"@id":"https:\/\/koningdrone.be\/product\/dji-mavic-3-enterprise-rtk-module-p01\/#primaryimage"},"image":{"@id":"https:\/\/koningdrone.be\/product\/dji-mavic-3-enterprise-rtk-module-p01\/#primaryimage"},"thumbnailUrl":"https:\/\/koningdrone.be\/wp-content\/uploads\/sites\/13\/2025\/04\/c7f05d7426ef8f0b9a8e8aa6100d93eb@large.jpg","datePublished":"2022-10-19T09:31:20+00:00","dateModified":"2026-04-29T01:50:22+00:00","breadcrumb":{"@id":"https:\/\/koningdrone.be\/product\/dji-mavic-3-enterprise-rtk-module-p01\/#breadcrumb"},"inLanguage":"fr-BE","potentialAction":[{"@type":"ReadAction","target":["https:\/\/koningdrone.be\/product\/dji-mavic-3-enterprise-rtk-module-p01\/"]}]},{"@type":"ImageObject","inLanguage":"fr-BE","@id":"https:\/\/koningdrone.be\/product\/dji-mavic-3-enterprise-rtk-module-p01\/#primaryimage","url":"https:\/\/koningdrone.be\/wp-content\/uploads\/sites\/13\/2025\/04\/c7f05d7426ef8f0b9a8e8aa6100d93eb@large.jpg","contentUrl":"https:\/\/koningdrone.be\/wp-content\/uploads\/sites\/13\/2025\/04\/c7f05d7426ef8f0b9a8e8aa6100d93eb@large.jpg","width":1200,"height":800},{"@type":"BreadcrumbList","@id":"https:\/\/koningdrone.be\/product\/dji-mavic-3-enterprise-rtk-module-p01\/#breadcrumb","itemListElement":[{"@type":"ListItem","position":1,"name":"Home","item":"https:\/\/koningdrone.be\/"},{"@type":"ListItem","position":2,"name":"AVSS Parachute Recovery System for DJI Matrice 300\/350","item":"https:\/\/koningdrone.be\/product\/avss-parachute-recovery-system-for-dji-matrice-300-350\/"},{"@type":"ListItem","position":3,"name":"Alle producten","item":"https:\/\/koningdrone.be\/categorie\/alle-producten\/"},{"@type":"ListItem","position":4,"name":"DJI Mavic 3 Enterprise Series RTK Module"}]},{"@type":"WebSite","@id":"https:\/\/koningdrone.be\/#website","url":"https:\/\/koningdrone.be\/","name":"Koningdrone.be - Votre sp\u00e9cialiste en ligne en mati\u00e8re de drones, de cardans, de cam\u00e9ras et de centrales \u00e9lectriques.","description":"La boutique en ligne de drones et de cardans","publisher":{"@id":"https:\/\/koningdrone.be\/#organization"},"potentialAction":[{"@type":"SearchAction","target":{"@type":"EntryPoint","urlTemplate":"https:\/\/koningdrone.be\/?s={search_term_string}"},"query-input":{"@type":"PropertyValueSpecification","valueRequired":true,"valueName":"search_term_string"}}],"inLanguage":"fr-BE"},{"@type":"Organization","@id":"https:\/\/koningdrone.be\/#organization","name":"Kingdrone.co.uk","url":"https:\/\/koningdrone.be\/","logo":{"@type":"ImageObject","inLanguage":"fr-BE","@id":"https:\/\/koningdrone.be\/#\/schema\/logo\/image\/","url":"https:\/\/koningdrone.be\/wp-content\/uploads\/sites\/13\/2025\/04\/koningdrone-copyright-logo.svg","contentUrl":"https:\/\/koningdrone.be\/wp-content\/uploads\/sites\/13\/2025\/04\/koningdrone-copyright-logo.svg","width":227,"height":38,"caption":"Koningdrone.be"},"image":{"@id":"https:\/\/koningdrone.be\/#\/schema\/logo\/image\/"}}]}},"df_price":649,"df_sale_price":"","df_regular_price":649,"df_image_link":"https:\/\/koningdrone.be\/wp-content\/uploads\/sites\/13\/2025\/04\/c7f05d7426ef8f0b9a8e8aa6100d93eb@large-300x200.jpg","_links":{"self":[{"href":"https:\/\/koningdrone.be\/fr\/wp-json\/wp\/v2\/product\/5653","targetHints":{"allow":["GET"]}}],"collection":[{"href":"https:\/\/koningdrone.be\/fr\/wp-json\/wp\/v2\/product"}],"about":[{"href":"https:\/\/koningdrone.be\/fr\/wp-json\/wp\/v2\/types\/product"}],"wp:featuredmedia":[{"embeddable":true,"href":"https:\/\/koningdrone.be\/fr\/wp-json\/wp\/v2\/media\/5650"}],"wp:attachment":[{"href":"https:\/\/koningdrone.be\/fr\/wp-json\/wp\/v2\/media?parent=5653"}],"wp:term":[{"taxonomy":"product_brand","embeddable":true,"href":"https:\/\/koningdrone.be\/fr\/wp-json\/wp\/v2\/product_brand?post=5653"},{"taxonomy":"product_cat","embeddable":true,"href":"https:\/\/koningdrone.be\/fr\/wp-json\/wp\/v2\/product_cat?post=5653"},{"taxonomy":"product_tag","embeddable":true,"href":"https:\/\/koningdrone.be\/fr\/wp-json\/wp\/v2\/product_tag?post=5653"}],"curies":[{"name":"wp","href":"https:\/\/api.w.org\/{rel}","templated":true}]}}