{"id":5635,"date":"2022-10-19T11:31:20","date_gmt":"2022-10-19T09:31:20","guid":{"rendered":"https:\/\/koningdrone.nl\/kon\/product\/dji-mavic-3-enterprise-battery-kit-p05\/"},"modified":"2026-04-29T03:40:17","modified_gmt":"2026-04-29T01:40:17","slug":"dji-mavic-3-enterprise-battery-kit-p05","status":"publish","type":"product","link":"https:\/\/koningdrone.be\/fr\/produit\/dji-mavic-3-enterprise-battery-kit-p05\/","title":{"rendered":"Kit de batterie DJI Mavic 3 Enterprise Series"},"content":{"rendered":"<p><strong><span style=\"vertical-align: inherit\"><span style=\"vertical-align: inherit\">Solution d'alimentation compl\u00e8te pour les drones DJI Mavic 3 Enterprise<\/span><\/span><\/strong><\/p>\n<p><span style=\"vertical-align: inherit\"><span style=\"vertical-align: inherit\">Cet ensemble de produits est sp\u00e9cialement con\u00e7u pour les particuliers et les professionnels qui utilisent les drones DJI Mavic 3 Enterprise series pour des dur\u00e9es d'utilisation prolong\u00e9es. Il comprend trois batteries de vol intelligentes et un concentrateur de charge de batterie DJI Mavic 3 (100 W), qui offrent un syst\u00e8me de gestion de l'\u00e9nergie transparent et efficace. Ce pack garantit que votre drone reste en vol plus longtemps, ce qui augmente consid\u00e9rablement la productivit\u00e9 et l'efficacit\u00e9 op\u00e9rationnelle.<\/span><\/span><\/p>\n<p><strong><span style=\"vertical-align: inherit\"><span style=\"vertical-align: inherit\">Batteries de vol intelligentes pour des op\u00e9rations prolong\u00e9es<\/span><\/span><\/strong><\/p>\n<p><span style=\"vertical-align: inherit\"><span style=\"vertical-align: inherit\">L'inclusion de trois batteries de vol intelligentes dans ce pack est cruciale pour \u00e9tendre les capacit\u00e9s op\u00e9rationnelles de vos drones DJI Mavic 3 Enterprise Series. Ces batteries sont con\u00e7ues pour g\u00e9rer de mani\u00e8re autonome leur alimentation \u00e9lectrique, en optimisant la dur\u00e9e des vols et en veillant \u00e0 ce que votre drone puisse entreprendre des missions de longue dur\u00e9e sans avoir besoin d'\u00eatre constamment recharg\u00e9. Cette approche innovante de la gestion de l'alimentation permet non seulement d'am\u00e9liorer les temps de vol, mais contribue \u00e9galement \u00e0 prolonger la dur\u00e9e de vie de la batterie.<\/span><\/span><\/p>\n<p><strong><span style=\"vertical-align: inherit\"><span style=\"vertical-align: inherit\">Chargement efficace avec le concentrateur de charge de batterie DJI Mavic 3<\/span><\/span><\/strong><\/p>\n<p><span style=\"vertical-align: inherit\"><span style=\"vertical-align: inherit\">Dot\u00e9 d'une puissance de 100 W, le DJI Mavic 3 Battery Charging Hub est con\u00e7u pour charger jusqu'\u00e0 trois batteries \u00e0 la suite. L'efficacit\u00e9 de la charge est ainsi maximis\u00e9e, ce qui r\u00e9duit consid\u00e9rablement les temps d'arr\u00eat et permet \u00e0 votre drone de passer plus de temps \u00e0 l'action. La capacit\u00e9 du concentrateur de charge \u00e0 charger rapidement et efficacement garantit que vos activit\u00e9s ne seront pas entrav\u00e9es par de longues p\u00e9riodes de charge, ce qui en fait un outil indispensable pour ceux qui veulent que leurs drones soient pr\u00eats \u00e0 partir \u00e0 tout moment.<\/span><\/span><\/p>\n<p><strong><span style=\"vertical-align: inherit\"><span style=\"vertical-align: inherit\">Am\u00e9liorer la productivit\u00e9 gr\u00e2ce \u00e0 une gestion optimis\u00e9e de l'\u00e9nergie<\/span><\/span><\/strong><\/p>\n<p><span style=\"vertical-align: inherit\"><span style=\"vertical-align: inherit\">Dans l'ensemble, cet ensemble de produits constitue un investissement essentiel pour les utilisateurs de drones DJI Mavic 3 Enterprise Series qui cherchent \u00e0 maximiser l'efficacit\u00e9 op\u00e9rationnelle de leur drone. En fournissant des batteries suppl\u00e9mentaires et une solution de charge rapide et efficace, ce pack r\u00e9pond au besoin critique d'une alimentation prolong\u00e9e lors d'op\u00e9rations intenses avec le drone. Que ce soit pour un usage professionnel ou r\u00e9cr\u00e9atif, cette solution de gestion de l'alimentation se distingue comme une approche pratique pour am\u00e9liorer la productivit\u00e9 et le temps de fonctionnement sur le terrain.<\/span><\/span><\/p>\n<p>&nbsp;<\/p>","protected":false},"excerpt":{"rendered":"<ul>\n<li>Comprend trois batteries de vol intelligentes<\/li>\n<li>Un concentrateur de charge de batterie DJI Mavic 3 (100 W)<\/li>\n<li>Con\u00e7u pour des op\u00e9rations \u00e0 long terme<\/li>\n<\/ul>","protected":false},"featured_media":5632,"template":"","meta":{"_acf_changed":false},"product_brand":[],"product_cat":[113,111,97,165],"product_tag":[],"class_list":{"0":"post-5635","1":"product","2":"type-product","3":"status-publish","4":"has-post-thumbnail","6":"product_cat-alle-batterijen","7":"product_cat-alle-opladers","8":"product_cat-alle-producten","9":"product_cat-dji-mavic-3-enterprise","10":"product_shipping_class-uavspacesall","11":"pa_brand-dji","12":"pa_productfamily-batterij","13":"pa_producttype-batterij","14":"pa_series-mavic-3","16":"first","17":"instock","18":"taxable","19":"shipping-taxable","20":"purchasable","21":"product-type-simple"},"acf":[],"yoast_head":"<!-- This site is optimized with the Yoast SEO Premium plugin v27.2 (Yoast SEO v27.2) - https:\/\/yoast.com\/product\/yoast-seo-premium-wordpress\/ -->\n<title>DJI Mavic 3 Enterprise Series Battery Kit - koningdrone.be<\/title>\n<meta name=\"robots\" content=\"index, follow, max-snippet:-1, max-image-preview:large, max-video-preview:-1\" \/>\n<link rel=\"canonical\" href=\"https:\/\/koningdrone.be\/fr\/produit\/dji-mavic-3-enterprise-battery-kit-p05\/\" \/>\n<meta property=\"og:locale\" content=\"fr_FR\" \/>\n<meta property=\"og:type\" content=\"article\" \/>\n<meta property=\"og:title\" content=\"DJI Mavic 3 Enterprise Series Battery Kit\" \/>\n<meta property=\"og:description\" content=\"Inclusief drie Intelligent Flight Batteries  E\u00e9n DJI Mavic 3-batterijoplaadhub (100 W)  Ontworpen voor langdurige werkzaamheden\" \/>\n<meta property=\"og:url\" content=\"https:\/\/koningdrone.be\/fr\/produit\/dji-mavic-3-enterprise-battery-kit-p05\/\" \/>\n<meta property=\"og:site_name\" content=\"koningdrone.be\" \/>\n<meta property=\"article:modified_time\" content=\"2026-04-29T01:40:17+00:00\" \/>\n<meta property=\"og:image\" content=\"https:\/\/koningdrone.be\/wp-content\/uploads\/sites\/13\/2025\/04\/db01ffa7404beaf80b2d46f80e9e5480@large.jpg\" \/>\n\t<meta property=\"og:image:width\" content=\"1200\" \/>\n\t<meta property=\"og:image:height\" content=\"800\" \/>\n\t<meta property=\"og:image:type\" content=\"image\/jpeg\" \/>\n<meta name=\"twitter:card\" content=\"summary_large_image\" \/>\n<meta name=\"twitter:label1\" content=\"Dur\u00e9e de lecture est.\" \/>\n\t<meta name=\"twitter:data1\" content=\"2 minutes\" \/>\n<script type=\"application\/ld+json\" class=\"yoast-schema-graph\">{\"@context\":\"https:\/\/schema.org\",\"@graph\":[{\"@type\":\"WebPage\",\"@id\":\"https:\/\/koningdrone.be\/product\/dji-mavic-3-enterprise-battery-kit-p05\/\",\"url\":\"https:\/\/koningdrone.be\/product\/dji-mavic-3-enterprise-battery-kit-p05\/\",\"name\":\"DJI Mavic 3 Enterprise Series Battery Kit - koningdrone.be\",\"isPartOf\":{\"@id\":\"https:\/\/koningdrone.be\/#website\"},\"primaryImageOfPage\":{\"@id\":\"https:\/\/koningdrone.be\/product\/dji-mavic-3-enterprise-battery-kit-p05\/#primaryimage\"},\"image\":{\"@id\":\"https:\/\/koningdrone.be\/product\/dji-mavic-3-enterprise-battery-kit-p05\/#primaryimage\"},\"thumbnailUrl\":\"https:\/\/koningdrone.be\/wp-content\/uploads\/sites\/13\/2025\/04\/db01ffa7404beaf80b2d46f80e9e5480@large.jpg\",\"datePublished\":\"2022-10-19T09:31:20+00:00\",\"dateModified\":\"2026-04-29T01:40:17+00:00\",\"breadcrumb\":{\"@id\":\"https:\/\/koningdrone.be\/product\/dji-mavic-3-enterprise-battery-kit-p05\/#breadcrumb\"},\"inLanguage\":\"fr-BE\",\"potentialAction\":[{\"@type\":\"ReadAction\",\"target\":[\"https:\/\/koningdrone.be\/product\/dji-mavic-3-enterprise-battery-kit-p05\/\"]}]},{\"@type\":\"ImageObject\",\"inLanguage\":\"fr-BE\",\"@id\":\"https:\/\/koningdrone.be\/product\/dji-mavic-3-enterprise-battery-kit-p05\/#primaryimage\",\"url\":\"https:\/\/koningdrone.be\/wp-content\/uploads\/sites\/13\/2025\/04\/db01ffa7404beaf80b2d46f80e9e5480@large.jpg\",\"contentUrl\":\"https:\/\/koningdrone.be\/wp-content\/uploads\/sites\/13\/2025\/04\/db01ffa7404beaf80b2d46f80e9e5480@large.jpg\",\"width\":1200,\"height\":800},{\"@type\":\"BreadcrumbList\",\"@id\":\"https:\/\/koningdrone.be\/product\/dji-mavic-3-enterprise-battery-kit-p05\/#breadcrumb\",\"itemListElement\":[{\"@type\":\"ListItem\",\"position\":1,\"name\":\"Home\",\"item\":\"https:\/\/koningdrone.be\/\"},{\"@type\":\"ListItem\",\"position\":2,\"name\":\"AVSS Parachute Recovery System for DJI Matrice 300\/350\",\"item\":\"https:\/\/koningdrone.be\/product\/avss-parachute-recovery-system-for-dji-matrice-300-350\/\"},{\"@type\":\"ListItem\",\"position\":3,\"name\":\"Alle batterijen\",\"item\":\"https:\/\/koningdrone.be\/categorie\/alle-batterijen\/\"},{\"@type\":\"ListItem\",\"position\":4,\"name\":\"DJI Mavic 3 Enterprise Series Battery Kit\"}]},{\"@type\":\"WebSite\",\"@id\":\"https:\/\/koningdrone.be\/#website\",\"url\":\"https:\/\/koningdrone.be\/\",\"name\":\"Koningdrone.be - Uw online specialist in drones, gimbals, camera's en power stations.\",\"description\":\"De webshop in drones en gimbals\",\"publisher\":{\"@id\":\"https:\/\/koningdrone.be\/#organization\"},\"potentialAction\":[{\"@type\":\"SearchAction\",\"target\":{\"@type\":\"EntryPoint\",\"urlTemplate\":\"https:\/\/koningdrone.be\/?s={search_term_string}\"},\"query-input\":{\"@type\":\"PropertyValueSpecification\",\"valueRequired\":true,\"valueName\":\"search_term_string\"}}],\"inLanguage\":\"fr-BE\"},{\"@type\":\"Organization\",\"@id\":\"https:\/\/koningdrone.be\/#organization\",\"name\":\"Koningdrone.be\",\"url\":\"https:\/\/koningdrone.be\/\",\"logo\":{\"@type\":\"ImageObject\",\"inLanguage\":\"fr-BE\",\"@id\":\"https:\/\/koningdrone.be\/#\/schema\/logo\/image\/\",\"url\":\"https:\/\/koningdrone.be\/wp-content\/uploads\/sites\/13\/2025\/04\/koningdrone-copyright-logo.svg\",\"contentUrl\":\"https:\/\/koningdrone.be\/wp-content\/uploads\/sites\/13\/2025\/04\/koningdrone-copyright-logo.svg\",\"width\":227,\"height\":38,\"caption\":\"Koningdrone.be\"},\"image\":{\"@id\":\"https:\/\/koningdrone.be\/#\/schema\/logo\/image\/\"}}]}<\/script>\n<!-- \/ Yoast SEO Premium plugin. -->","yoast_head_json":{"title":"DJI Mavic 3 Enterprise Series Battery Kit - koningdrone.be","robots":{"index":"index","follow":"follow","max-snippet":"max-snippet:-1","max-image-preview":"max-image-preview:large","max-video-preview":"max-video-preview:-1"},"canonical":"https:\/\/koningdrone.be\/fr\/produit\/dji-mavic-3-enterprise-battery-kit-p05\/","og_locale":"fr_FR","og_type":"article","og_title":"DJI Mavic 3 Enterprise Series Battery Kit","og_description":"Inclusief drie Intelligent Flight Batteries  E\u00e9n DJI Mavic 3-batterijoplaadhub (100 W)  Ontworpen voor langdurige werkzaamheden","og_url":"https:\/\/koningdrone.be\/fr\/produit\/dji-mavic-3-enterprise-battery-kit-p05\/","og_site_name":"koningdrone.be","article_modified_time":"2026-04-29T01:40:17+00:00","og_image":[{"width":1200,"height":800,"url":"https:\/\/koningdrone.be\/wp-content\/uploads\/sites\/13\/2025\/04\/db01ffa7404beaf80b2d46f80e9e5480@large.jpg","type":"image\/jpeg"}],"twitter_card":"summary_large_image","twitter_misc":{"Dur\u00e9e de lecture est.":"2 minutes"},"schema":{"@context":"https:\/\/schema.org","@graph":[{"@type":"WebPage","@id":"https:\/\/koningdrone.be\/product\/dji-mavic-3-enterprise-battery-kit-p05\/","url":"https:\/\/koningdrone.be\/product\/dji-mavic-3-enterprise-battery-kit-p05\/","name":"DJI Mavic 3 Enterprise Series Battery Kit - koningdrone.be","isPartOf":{"@id":"https:\/\/koningdrone.be\/#website"},"primaryImageOfPage":{"@id":"https:\/\/koningdrone.be\/product\/dji-mavic-3-enterprise-battery-kit-p05\/#primaryimage"},"image":{"@id":"https:\/\/koningdrone.be\/product\/dji-mavic-3-enterprise-battery-kit-p05\/#primaryimage"},"thumbnailUrl":"https:\/\/koningdrone.be\/wp-content\/uploads\/sites\/13\/2025\/04\/db01ffa7404beaf80b2d46f80e9e5480@large.jpg","datePublished":"2022-10-19T09:31:20+00:00","dateModified":"2026-04-29T01:40:17+00:00","breadcrumb":{"@id":"https:\/\/koningdrone.be\/product\/dji-mavic-3-enterprise-battery-kit-p05\/#breadcrumb"},"inLanguage":"fr-BE","potentialAction":[{"@type":"ReadAction","target":["https:\/\/koningdrone.be\/product\/dji-mavic-3-enterprise-battery-kit-p05\/"]}]},{"@type":"ImageObject","inLanguage":"fr-BE","@id":"https:\/\/koningdrone.be\/product\/dji-mavic-3-enterprise-battery-kit-p05\/#primaryimage","url":"https:\/\/koningdrone.be\/wp-content\/uploads\/sites\/13\/2025\/04\/db01ffa7404beaf80b2d46f80e9e5480@large.jpg","contentUrl":"https:\/\/koningdrone.be\/wp-content\/uploads\/sites\/13\/2025\/04\/db01ffa7404beaf80b2d46f80e9e5480@large.jpg","width":1200,"height":800},{"@type":"BreadcrumbList","@id":"https:\/\/koningdrone.be\/product\/dji-mavic-3-enterprise-battery-kit-p05\/#breadcrumb","itemListElement":[{"@type":"ListItem","position":1,"name":"Home","item":"https:\/\/koningdrone.be\/"},{"@type":"ListItem","position":2,"name":"AVSS Parachute Recovery System for DJI Matrice 300\/350","item":"https:\/\/koningdrone.be\/product\/avss-parachute-recovery-system-for-dji-matrice-300-350\/"},{"@type":"ListItem","position":3,"name":"Alle batterijen","item":"https:\/\/koningdrone.be\/categorie\/alle-batterijen\/"},{"@type":"ListItem","position":4,"name":"DJI Mavic 3 Enterprise Series Battery Kit"}]},{"@type":"WebSite","@id":"https:\/\/koningdrone.be\/#website","url":"https:\/\/koningdrone.be\/","name":"Koningdrone.be - Votre sp\u00e9cialiste en ligne en mati\u00e8re de drones, de cardans, de cam\u00e9ras et de centrales \u00e9lectriques.","description":"La boutique en ligne de drones et de cardans","publisher":{"@id":"https:\/\/koningdrone.be\/#organization"},"potentialAction":[{"@type":"SearchAction","target":{"@type":"EntryPoint","urlTemplate":"https:\/\/koningdrone.be\/?s={search_term_string}"},"query-input":{"@type":"PropertyValueSpecification","valueRequired":true,"valueName":"search_term_string"}}],"inLanguage":"fr-BE"},{"@type":"Organization","@id":"https:\/\/koningdrone.be\/#organization","name":"Kingdrone.co.uk","url":"https:\/\/koningdrone.be\/","logo":{"@type":"ImageObject","inLanguage":"fr-BE","@id":"https:\/\/koningdrone.be\/#\/schema\/logo\/image\/","url":"https:\/\/koningdrone.be\/wp-content\/uploads\/sites\/13\/2025\/04\/koningdrone-copyright-logo.svg","contentUrl":"https:\/\/koningdrone.be\/wp-content\/uploads\/sites\/13\/2025\/04\/koningdrone-copyright-logo.svg","width":227,"height":38,"caption":"Koningdrone.be"},"image":{"@id":"https:\/\/koningdrone.be\/#\/schema\/logo\/image\/"}}]}},"df_price":494,"df_sale_price":"","df_regular_price":494,"df_image_link":"https:\/\/koningdrone.be\/wp-content\/uploads\/sites\/13\/2025\/04\/db01ffa7404beaf80b2d46f80e9e5480@large-300x200.jpg","_links":{"self":[{"href":"https:\/\/koningdrone.be\/fr\/wp-json\/wp\/v2\/product\/5635","targetHints":{"allow":["GET"]}}],"collection":[{"href":"https:\/\/koningdrone.be\/fr\/wp-json\/wp\/v2\/product"}],"about":[{"href":"https:\/\/koningdrone.be\/fr\/wp-json\/wp\/v2\/types\/product"}],"wp:featuredmedia":[{"embeddable":true,"href":"https:\/\/koningdrone.be\/fr\/wp-json\/wp\/v2\/media\/5632"}],"wp:attachment":[{"href":"https:\/\/koningdrone.be\/fr\/wp-json\/wp\/v2\/media?parent=5635"}],"wp:term":[{"taxonomy":"product_brand","embeddable":true,"href":"https:\/\/koningdrone.be\/fr\/wp-json\/wp\/v2\/product_brand?post=5635"},{"taxonomy":"product_cat","embeddable":true,"href":"https:\/\/koningdrone.be\/fr\/wp-json\/wp\/v2\/product_cat?post=5635"},{"taxonomy":"product_tag","embeddable":true,"href":"https:\/\/koningdrone.be\/fr\/wp-json\/wp\/v2\/product_tag?post=5635"}],"curies":[{"name":"wp","href":"https:\/\/api.w.org\/{rel}","templated":true}]}}