{"id":5631,"date":"2022-11-02T09:13:42","date_gmt":"2022-11-02T08:13:42","guid":{"rendered":"https:\/\/koningdrone.nl\/kon\/product\/dji-lidar-range-finder-rs\/"},"modified":"2026-04-29T15:10:49","modified_gmt":"2026-04-29T13:10:49","slug":"dji-lidar-range-finder-rs","status":"publish","type":"product","link":"https:\/\/koningdrone.be\/fr\/produit\/dji-lidar-range-finder-rs\/","title":{"rendered":"DJI LiDAR Range Finder (RS)"},"content":{"rendered":"<p><strong>Pr\u00e9sentation du syst\u00e8me de mise au point LiDAR<\/strong><\/p>\n<p> Le syst\u00e8me de mise au point LiDAR r\u00e9volutionne la mise au point pour la photographie \u00e0 main lev\u00e9e, offrant des performances optimales dans les situations de faible luminosit\u00e9 ou lors de la capture de sujets sans textures claires. Ce syst\u00e8me innovant est con\u00e7u pour am\u00e9liorer consid\u00e9rablement la pr\u00e9cision de la mise au point, ce qui le rend indispensable pour les photographes qui recherchent la fiabilit\u00e9 dans diverses conditions.<\/p>\n<p><strong>Technologie avanc\u00e9e de t\u00e9l\u00e9m\u00e8tre LiDAR<\/strong><\/p>\n<p> Au c\u0153ur du syst\u00e8me de mise au point LiDAR se trouve le t\u00e9l\u00e9m\u00e8tre LiDAR (RS), tr\u00e8s perfectionn\u00e9. Ce composant de pointe projette jusqu'\u00e0 43 200 points, ce qui permet d'obtenir une port\u00e9e pr\u00e9cise de 14 m\u00e8tres dans des conditions id\u00e9ales. Sa pr\u00e9cision et sa port\u00e9e en font un point de rep\u00e8re pour assurer une mise au point nette dans vos projets photographiques.<\/p>\n<p><strong>Sp\u00e9cialement con\u00e7u pour la polyvalence<\/strong><\/p>\n<p> La cam\u00e9ra int\u00e9gr\u00e9e au syst\u00e8me a une longueur focale \u00e9quivalente \u00e0 30 mm et un large champ de vision de 70\u00b0. Cela permet de couvrir largement les sc\u00e9narios de prise de vue les plus courants, ce qui rend le syst\u00e8me de mise au point LiDAR polyvalent et adaptable. L'appareil photo est con\u00e7u pour r\u00e9pondre aux besoins d'un large \u00e9ventail de styles et d'environnements photographiques.<\/p>\n<p><strong>Capacit\u00e9s d'autofocus am\u00e9lior\u00e9es<\/strong><\/p>\n<p> Associ\u00e9 au dernier moteur de mise au point (2022), le syst\u00e8me de mise au point LiDAR \u00e9tend ses fonctionnalit\u00e9s en offrant la possibilit\u00e9 de mettre au point automatiquement les objectifs manuels. Il s'agit d'une perc\u00e9e dans le domaine de la photographie, qui offre aux utilisateurs plus de souplesse et d'efficacit\u00e9 lors de la prise de vue apr\u00e8s la configuration initiale.<\/p>\n<p><strong>Fonctionnalit\u00e9 am\u00e9lior\u00e9e d'ActiveTrack Pro<\/strong><\/p>\n<p> La combinaison du t\u00e9l\u00e9m\u00e8tre LiDAR (RS) et du mod\u00e8le RS 3 Pro am\u00e9liore les performances de l'ActiveTrack Pro. Cette int\u00e9gration permet une identification et un suivi plus pr\u00e9cis des sujets. Les photographes appr\u00e9cieront la capacit\u00e9 accrue de capturer des sc\u00e8nes dynamiques avec une plus grande pr\u00e9cision.<\/p>\n<p><strong>Performances optimales et limites<\/strong><\/p>\n<p> Il est important de noter que les indicateurs de performance optimale, tels que la port\u00e9e de d\u00e9tection de 14 m\u00e8tres, ont \u00e9t\u00e9 \u00e9tablis dans des conditions contr\u00f4l\u00e9es sans lumi\u00e8re parasite forte. Dans des situations d'utilisation typiques, la port\u00e9e de d\u00e9tection effective pour des sujets humains est plus proche de 7 m\u00e8tres. Cette compr\u00e9hension fondamentale permet aux utilisateurs d'avoir des attentes r\u00e9alistes quant aux capacit\u00e9s du syst\u00e8me dans diff\u00e9rents environnements.<\/p>\n<p><\/p>","protected":false},"excerpt":{"rendered":"<ul>\n<li>Mise au point am\u00e9lior\u00e9e gr\u00e2ce au syst\u00e8me de mise au point LiDAR pour les prises de vue \u00e0 main lev\u00e9e.<\/li>\n<li> Efficace dans les environnements \u00e0 faible luminosit\u00e9 pour des capacit\u00e9s de mise au point sup\u00e9rieures.<\/li>\n<li> Projets 43 200 points de mesure avec une port\u00e9e de d\u00e9tection de 14 m\u00e8tres.<\/li>\n<li> Appareil photo int\u00e9gr\u00e9 avec une longueur focale de 30 mm et un champ de vision de 70\u00b0.<\/li>\n<li> Permet la mise au point automatique sur des objectifs manuels avec le nouveau moteur de mise au point (2022).<\/li>\n<li> Prise en charge d'ActiveTrack Pro pour une meilleure identification et un meilleur suivi des sujets.<\/li>\n<li> Distance de d\u00e9tection de 7 m\u00e8tres pour les sujets humains dans des environnements de prise de vue normaux.<\/li>\n<\/ul>","protected":false},"featured_media":5628,"template":"","meta":{"_acf_changed":false},"product_brand":[],"product_cat":[410,187,97,265,809,1142],"product_tag":[],"class_list":{"0":"post-5631","1":"product","2":"type-product","3":"status-publish","4":"has-post-thumbnail","6":"product_cat-alle-handheld-gimbals","7":"product_cat-alle-lidar","8":"product_cat-alle-producten","9":"product_cat-dji-ronin","10":"product_cat-dji-ronin-rs-2","11":"product_cat-rfidautolink","12":"product_shipping_class-outofstock","13":"pa_brand-dji","14":"pa_productfamily-lidar-range-finder","15":"pa_producttype-lidar-range-finder","16":"pa_series-ronin","18":"first","19":"outofstock","20":"taxable","21":"shipping-taxable","22":"purchasable","23":"product-type-simple"},"acf":[],"yoast_head":"<!-- This site is optimized with the Yoast SEO Premium plugin v27.2 (Yoast SEO v27.2) - https:\/\/yoast.com\/product\/yoast-seo-premium-wordpress\/ -->\n<title>DJI LiDAR Range Finder (RS) - koningdrone.be<\/title>\n<meta name=\"robots\" content=\"index, follow, max-snippet:-1, max-image-preview:large, max-video-preview:-1\" \/>\n<link rel=\"canonical\" href=\"https:\/\/koningdrone.be\/fr\/produit\/dji-lidar-range-finder-rs\/\" \/>\n<meta property=\"og:locale\" content=\"fr_FR\" \/>\n<meta property=\"og:type\" content=\"article\" \/>\n<meta property=\"og:title\" content=\"DJI LiDAR Range Finder (RS)\" \/>\n<meta property=\"og:description\" content=\"Verbeterde scherpstelling met LiDAR-scherpstelsysteem voor opnamen uit de hand. Effectief in omgevingen met weinig licht voor superieure scherpstelmogelijkheden. Projecteert 43.200 meetpunten met een detectiebereik van 14 meter. Ingebouwde camera met een brandpuntsafstand van 30 mm en een gezichtsveld van 70\u00b0. Maakt autofocus mogelijk op handmatige lenzen met de nieuwe Focus Motor (2022). Ondersteunt ActiveTrack Pro voor verbeterde onderwerpidentificatie en tracking. Detectieafstand van 7 meter voor menselijke onderwerpen in normale opnameomgevingen.\" \/>\n<meta property=\"og:url\" content=\"https:\/\/koningdrone.be\/fr\/produit\/dji-lidar-range-finder-rs\/\" \/>\n<meta property=\"og:site_name\" content=\"koningdrone.be\" \/>\n<meta property=\"article:modified_time\" content=\"2026-04-29T13:10:49+00:00\" \/>\n<meta property=\"og:image\" content=\"https:\/\/koningdrone.be\/wp-content\/uploads\/sites\/13\/2025\/04\/f570afa39637997e3d1054459028953c@large.jpg\" \/>\n\t<meta property=\"og:image:width\" content=\"1200\" \/>\n\t<meta property=\"og:image:height\" content=\"800\" \/>\n\t<meta property=\"og:image:type\" content=\"image\/jpeg\" \/>\n<meta name=\"twitter:card\" content=\"summary_large_image\" \/>\n<meta name=\"twitter:label1\" content=\"Dur\u00e9e de lecture est.\" \/>\n\t<meta name=\"twitter:data1\" content=\"2 minutes\" \/>\n<script type=\"application\/ld+json\" class=\"yoast-schema-graph\">{\"@context\":\"https:\/\/schema.org\",\"@graph\":[{\"@type\":\"WebPage\",\"@id\":\"https:\/\/koningdrone.be\/product\/dji-lidar-range-finder-rs\/\",\"url\":\"https:\/\/koningdrone.be\/product\/dji-lidar-range-finder-rs\/\",\"name\":\"DJI LiDAR Range Finder (RS) - koningdrone.be\",\"isPartOf\":{\"@id\":\"https:\/\/koningdrone.be\/#website\"},\"primaryImageOfPage\":{\"@id\":\"https:\/\/koningdrone.be\/product\/dji-lidar-range-finder-rs\/#primaryimage\"},\"image\":{\"@id\":\"https:\/\/koningdrone.be\/product\/dji-lidar-range-finder-rs\/#primaryimage\"},\"thumbnailUrl\":\"https:\/\/koningdrone.be\/wp-content\/uploads\/sites\/13\/2025\/04\/f570afa39637997e3d1054459028953c@large.jpg\",\"datePublished\":\"2022-11-02T08:13:42+00:00\",\"dateModified\":\"2026-04-29T13:10:49+00:00\",\"breadcrumb\":{\"@id\":\"https:\/\/koningdrone.be\/product\/dji-lidar-range-finder-rs\/#breadcrumb\"},\"inLanguage\":\"fr-BE\",\"potentialAction\":[{\"@type\":\"ReadAction\",\"target\":[\"https:\/\/koningdrone.be\/product\/dji-lidar-range-finder-rs\/\"]}]},{\"@type\":\"ImageObject\",\"inLanguage\":\"fr-BE\",\"@id\":\"https:\/\/koningdrone.be\/product\/dji-lidar-range-finder-rs\/#primaryimage\",\"url\":\"https:\/\/koningdrone.be\/wp-content\/uploads\/sites\/13\/2025\/04\/f570afa39637997e3d1054459028953c@large.jpg\",\"contentUrl\":\"https:\/\/koningdrone.be\/wp-content\/uploads\/sites\/13\/2025\/04\/f570afa39637997e3d1054459028953c@large.jpg\",\"width\":1200,\"height\":800},{\"@type\":\"BreadcrumbList\",\"@id\":\"https:\/\/koningdrone.be\/product\/dji-lidar-range-finder-rs\/#breadcrumb\",\"itemListElement\":[{\"@type\":\"ListItem\",\"position\":1,\"name\":\"Home\",\"item\":\"https:\/\/koningdrone.be\/\"},{\"@type\":\"ListItem\",\"position\":2,\"name\":\"AVSS Parachute Recovery System for DJI Matrice 300\/350\",\"item\":\"https:\/\/koningdrone.be\/product\/avss-parachute-recovery-system-for-dji-matrice-300-350\/\"},{\"@type\":\"ListItem\",\"position\":3,\"name\":\"Alle handheld gimbals\",\"item\":\"https:\/\/koningdrone.be\/categorie\/alle-handheld-gimbals\/\"},{\"@type\":\"ListItem\",\"position\":4,\"name\":\"DJI LiDAR Range Finder (RS)\"}]},{\"@type\":\"WebSite\",\"@id\":\"https:\/\/koningdrone.be\/#website\",\"url\":\"https:\/\/koningdrone.be\/\",\"name\":\"Koningdrone.be - Uw online specialist in drones, gimbals, camera's en power stations.\",\"description\":\"De webshop in drones en gimbals\",\"publisher\":{\"@id\":\"https:\/\/koningdrone.be\/#organization\"},\"potentialAction\":[{\"@type\":\"SearchAction\",\"target\":{\"@type\":\"EntryPoint\",\"urlTemplate\":\"https:\/\/koningdrone.be\/?s={search_term_string}\"},\"query-input\":{\"@type\":\"PropertyValueSpecification\",\"valueRequired\":true,\"valueName\":\"search_term_string\"}}],\"inLanguage\":\"fr-BE\"},{\"@type\":\"Organization\",\"@id\":\"https:\/\/koningdrone.be\/#organization\",\"name\":\"Koningdrone.be\",\"url\":\"https:\/\/koningdrone.be\/\",\"logo\":{\"@type\":\"ImageObject\",\"inLanguage\":\"fr-BE\",\"@id\":\"https:\/\/koningdrone.be\/#\/schema\/logo\/image\/\",\"url\":\"https:\/\/koningdrone.be\/wp-content\/uploads\/sites\/13\/2025\/04\/koningdrone-copyright-logo.svg\",\"contentUrl\":\"https:\/\/koningdrone.be\/wp-content\/uploads\/sites\/13\/2025\/04\/koningdrone-copyright-logo.svg\",\"width\":227,\"height\":38,\"caption\":\"Koningdrone.be\"},\"image\":{\"@id\":\"https:\/\/koningdrone.be\/#\/schema\/logo\/image\/\"}}]}<\/script>\n<!-- \/ Yoast SEO Premium plugin. -->","yoast_head_json":{"title":"DJI LiDAR Range Finder (RS) - koningdrone.be","robots":{"index":"index","follow":"follow","max-snippet":"max-snippet:-1","max-image-preview":"max-image-preview:large","max-video-preview":"max-video-preview:-1"},"canonical":"https:\/\/koningdrone.be\/fr\/produit\/dji-lidar-range-finder-rs\/","og_locale":"fr_FR","og_type":"article","og_title":"DJI LiDAR Range Finder (RS)","og_description":"Verbeterde scherpstelling met LiDAR-scherpstelsysteem voor opnamen uit de hand. Effectief in omgevingen met weinig licht voor superieure scherpstelmogelijkheden. Projecteert 43.200 meetpunten met een detectiebereik van 14 meter. Ingebouwde camera met een brandpuntsafstand van 30 mm en een gezichtsveld van 70\u00b0. Maakt autofocus mogelijk op handmatige lenzen met de nieuwe Focus Motor (2022). Ondersteunt ActiveTrack Pro voor verbeterde onderwerpidentificatie en tracking. Detectieafstand van 7 meter voor menselijke onderwerpen in normale opnameomgevingen.","og_url":"https:\/\/koningdrone.be\/fr\/produit\/dji-lidar-range-finder-rs\/","og_site_name":"koningdrone.be","article_modified_time":"2026-04-29T13:10:49+00:00","og_image":[{"width":1200,"height":800,"url":"https:\/\/koningdrone.be\/wp-content\/uploads\/sites\/13\/2025\/04\/f570afa39637997e3d1054459028953c@large.jpg","type":"image\/jpeg"}],"twitter_card":"summary_large_image","twitter_misc":{"Dur\u00e9e de lecture est.":"2 minutes"},"schema":{"@context":"https:\/\/schema.org","@graph":[{"@type":"WebPage","@id":"https:\/\/koningdrone.be\/product\/dji-lidar-range-finder-rs\/","url":"https:\/\/koningdrone.be\/product\/dji-lidar-range-finder-rs\/","name":"DJI LiDAR Range Finder (RS) - koningdrone.be","isPartOf":{"@id":"https:\/\/koningdrone.be\/#website"},"primaryImageOfPage":{"@id":"https:\/\/koningdrone.be\/product\/dji-lidar-range-finder-rs\/#primaryimage"},"image":{"@id":"https:\/\/koningdrone.be\/product\/dji-lidar-range-finder-rs\/#primaryimage"},"thumbnailUrl":"https:\/\/koningdrone.be\/wp-content\/uploads\/sites\/13\/2025\/04\/f570afa39637997e3d1054459028953c@large.jpg","datePublished":"2022-11-02T08:13:42+00:00","dateModified":"2026-04-29T13:10:49+00:00","breadcrumb":{"@id":"https:\/\/koningdrone.be\/product\/dji-lidar-range-finder-rs\/#breadcrumb"},"inLanguage":"fr-BE","potentialAction":[{"@type":"ReadAction","target":["https:\/\/koningdrone.be\/product\/dji-lidar-range-finder-rs\/"]}]},{"@type":"ImageObject","inLanguage":"fr-BE","@id":"https:\/\/koningdrone.be\/product\/dji-lidar-range-finder-rs\/#primaryimage","url":"https:\/\/koningdrone.be\/wp-content\/uploads\/sites\/13\/2025\/04\/f570afa39637997e3d1054459028953c@large.jpg","contentUrl":"https:\/\/koningdrone.be\/wp-content\/uploads\/sites\/13\/2025\/04\/f570afa39637997e3d1054459028953c@large.jpg","width":1200,"height":800},{"@type":"BreadcrumbList","@id":"https:\/\/koningdrone.be\/product\/dji-lidar-range-finder-rs\/#breadcrumb","itemListElement":[{"@type":"ListItem","position":1,"name":"Home","item":"https:\/\/koningdrone.be\/"},{"@type":"ListItem","position":2,"name":"AVSS Parachute Recovery System for DJI Matrice 300\/350","item":"https:\/\/koningdrone.be\/product\/avss-parachute-recovery-system-for-dji-matrice-300-350\/"},{"@type":"ListItem","position":3,"name":"Alle handheld gimbals","item":"https:\/\/koningdrone.be\/categorie\/alle-handheld-gimbals\/"},{"@type":"ListItem","position":4,"name":"DJI LiDAR Range Finder (RS)"}]},{"@type":"WebSite","@id":"https:\/\/koningdrone.be\/#website","url":"https:\/\/koningdrone.be\/","name":"Koningdrone.be - Votre sp\u00e9cialiste en ligne en mati\u00e8re de drones, de cardans, de cam\u00e9ras et de centrales \u00e9lectriques.","description":"La boutique en ligne de drones et de cardans","publisher":{"@id":"https:\/\/koningdrone.be\/#organization"},"potentialAction":[{"@type":"SearchAction","target":{"@type":"EntryPoint","urlTemplate":"https:\/\/koningdrone.be\/?s={search_term_string}"},"query-input":{"@type":"PropertyValueSpecification","valueRequired":true,"valueName":"search_term_string"}}],"inLanguage":"fr-BE"},{"@type":"Organization","@id":"https:\/\/koningdrone.be\/#organization","name":"Kingdrone.co.uk","url":"https:\/\/koningdrone.be\/","logo":{"@type":"ImageObject","inLanguage":"fr-BE","@id":"https:\/\/koningdrone.be\/#\/schema\/logo\/image\/","url":"https:\/\/koningdrone.be\/wp-content\/uploads\/sites\/13\/2025\/04\/koningdrone-copyright-logo.svg","contentUrl":"https:\/\/koningdrone.be\/wp-content\/uploads\/sites\/13\/2025\/04\/koningdrone-copyright-logo.svg","width":227,"height":38,"caption":"Koningdrone.be"},"image":{"@id":"https:\/\/koningdrone.be\/#\/schema\/logo\/image\/"}}]}},"df_price":579,"df_sale_price":"","df_regular_price":579,"df_image_link":"https:\/\/koningdrone.be\/wp-content\/uploads\/sites\/13\/2025\/04\/f570afa39637997e3d1054459028953c@large-300x200.jpg","_links":{"self":[{"href":"https:\/\/koningdrone.be\/fr\/wp-json\/wp\/v2\/product\/5631","targetHints":{"allow":["GET"]}}],"collection":[{"href":"https:\/\/koningdrone.be\/fr\/wp-json\/wp\/v2\/product"}],"about":[{"href":"https:\/\/koningdrone.be\/fr\/wp-json\/wp\/v2\/types\/product"}],"wp:featuredmedia":[{"embeddable":true,"href":"https:\/\/koningdrone.be\/fr\/wp-json\/wp\/v2\/media\/5628"}],"wp:attachment":[{"href":"https:\/\/koningdrone.be\/fr\/wp-json\/wp\/v2\/media?parent=5631"}],"wp:term":[{"taxonomy":"product_brand","embeddable":true,"href":"https:\/\/koningdrone.be\/fr\/wp-json\/wp\/v2\/product_brand?post=5631"},{"taxonomy":"product_cat","embeddable":true,"href":"https:\/\/koningdrone.be\/fr\/wp-json\/wp\/v2\/product_cat?post=5631"},{"taxonomy":"product_tag","embeddable":true,"href":"https:\/\/koningdrone.be\/fr\/wp-json\/wp\/v2\/product_tag?post=5631"}],"curies":[{"name":"wp","href":"https:\/\/api.w.org\/{rel}","templated":true}]}}