{"id":5621,"date":"2022-11-02T09:13:42","date_gmt":"2022-11-02T08:13:42","guid":{"rendered":"https:\/\/koningdrone.nl\/kon\/product\/dji-zenmuse-h20n\/"},"modified":"2026-04-29T13:30:22","modified_gmt":"2026-04-29T11:30:22","slug":"dji-zenmuse-h20n","status":"publish","type":"product","link":"https:\/\/koningdrone.be\/fr\/produit\/dji-zenmuse-h20n\/","title":{"rendered":"DJI Zenmuse H20N"},"content":{"rendered":"<h1> DJI Zenmuse H20N<\/h1>\n<p>De Zenmuse H20N heeft ingebouwde starlight-sensoren1 in de zoom- en groothoekcamera&#8217;s. Combineer dat met warmtebeeldcamera&#8217;s met dubbele zoom en een laserafstandsmeter en u krijgt een veelzijdige hybride payload die de taak aankan.<br \/>Verbeterde sensoren.<br \/>\u2022Twee warmtebeeldcamera&#8217;s: Infraroodzoom.<br \/>\u2022Resolutie: 640\u00d7512<br \/>\u20222x zoom (equivalente brandpuntsafstand: 53 mm)<br \/>\u20228x zoom (equivalente brandpuntsafstand: 196 mm)<br \/>Nachtzicht groothoekcamera: zie het grote geheel!<br \/>\u2022Sterrenlichtsensor: 2MP<br \/>\u2022Sterkere prestaties bij weinig licht<br \/>Nachtzichtzoomcamera: penetreer de sluier<br \/>\u2022Sterrenlichtsensor: 4MP<br \/>\u202220\u00d7 optische zoom, 128\u00d7 maximale zoom<br \/> \u2022 Details bij weinig licht<br \/>Laserafstandsmeter: nauwkeurige bereikgegevens<br \/>\u2022Bereik: 3m tot 1200m<br \/> \u2022 Nauwkeurigheid: \u00b1 (0,2 m + D \u00d7 0,15%) [2]<br \/>Thermisch en sterrenlicht zicht<br \/>Zie de hele nacht door: de zoom- en groothoekcamera&#8217;s zijn uitgerust met sterrenlichtsensoren die op maat zijn gemaakt voor omgevingen met weinig licht.<br \/>infrarood zoom<br \/>Twee warmtebeeldcamera&#8217;s bieden respectievelijk 2x en 8x zoom en maken samen tot 32x zoom mogelijk. Zoek hotspots en inspecteer ze in detail na het inzoomen.<br \/>Gesynchroniseerde zoom op gesplitst scherm<br \/>H20N ondersteunt gesynchroniseerde zoom tussen thermische en sterrenlicht nachtzichtcamera. De gebruiker kan beide afbeeldingen tegelijkertijd verkleinen. Dit verdubbelt de effici\u00ebntie en maakt het gemakkelijker om details naast elkaar te vergelijken.<br \/>Meer slimme functies<br \/>\u2022PinPoint<br \/>\u2022slimme baan<br \/>\u2022Hoge resolutie rasterfoto<br \/>\u2022One-touch panorama<br \/>Thermische eigenschappen<br \/>\u2022Kleurenpaletten: Pas de kleuren aan die op de thermische gegevens worden toegepast om aan de missievereisten te voldoen.<br \/>\u2022Isothermen: visualiseer een specifieke temperatuurband om uw doelen te benadrukken.<br \/>\u2022Temperatuur. Waarschuwing: ontvang direct meldingen in DJI Pilot wanneer objecttemperaturen uw vooraf ingestelde waarschuwingsniveaus overschrijden.<br \/>\u2022Gain-modi: Pas de versterkingsmodi aan om het gemeten temperatuurbereik te wijzigen: de High Gain-modus bestrijkt een kleiner temperatuurbereik, maar is gevoeliger voor temperatuurverschillen; de low-gain-modus bestrijkt een groter temperatuurbereik.<br \/>\u2022R-JPEG-afbeeldingen: de afbeeldingen die zijn vastgelegd door de Zenmuse H20N zijn in R-JPEG-indeling met ingebouwde temperatuurinformatie. Door deze afbeeldingen te importeren in de DJI Thermal Analysis Tool, kun je de temperatuur meten en parameters instellen zoals emissiviteit en gereflecteerde temperatuur.<\/p>\n","protected":false},"excerpt":{"rendered":"<ul>\n<li>Vision nocturne \u00e0 la lumi\u00e8re des \u00e9toiles<\/li>\n<li>Cam\u00e9ra thermique double 40\u00d7512 px, zoom optique hybride 2x\/8x<\/li>\n<li>Zoom optique hybride 0x<\/li>\n<li>compteur de distance d'axe avec une port\u00e9e de 1 200 m<\/li>\n<li>zoom synchrone sur un \u00e9cran partag\u00e9<\/li>\n<li>Am\u00e9lioration intelligente des sc\u00e8nes nocturnes<\/li>\n<li>indice de protection IP44<\/li>\n<\/ul>","protected":false},"featured_media":5616,"template":"","meta":{"_acf_changed":false},"product_brand":[],"product_cat":[298,126,97,152,115],"product_tag":[],"class_list":{"0":"post-5621","1":"product","2":"type-product","3":"status-publish","4":"has-post-thumbnail","6":"product_cat-alle-industriele-camera","7":"product_cat-alle-payloads","8":"product_cat-alle-producten","9":"product_cat-dji-matrice-300","10":"product_cat-inspecties-met-drones","11":"product_shipping_class-outofstock","12":"pa_brand-dji","13":"pa_productfamily-camera","14":"pa_producttype-camera","15":"pa_series-zenmuse","17":"first","18":"outofstock","19":"taxable","20":"shipping-taxable","21":"product-type-simple"},"acf":[],"yoast_head":"<!-- This site is optimized with the Yoast SEO Premium plugin v27.2 (Yoast SEO v27.2) - https:\/\/yoast.com\/product\/yoast-seo-premium-wordpress\/ -->\n<title>DJI Zenmuse H20N - koningdrone.be<\/title>\n<meta name=\"robots\" content=\"index, follow, max-snippet:-1, max-image-preview:large, max-video-preview:-1\" \/>\n<link rel=\"canonical\" href=\"https:\/\/koningdrone.be\/fr\/produit\/dji-zenmuse-h20n\/\" \/>\n<meta property=\"og:locale\" content=\"fr_FR\" \/>\n<meta property=\"og:type\" content=\"article\" \/>\n<meta property=\"og:title\" content=\"DJI Zenmuse H20N\" \/>\n<meta property=\"og:description\" content=\"Sterrenlicht Nachtzicht40x512 px dubbele thermische camera, 2x\/8x hybride optische zoom0x hybride optische zoomaserafstandsmeter met een bereik van 1.200 mynchroon zoomen op gesplitst schermntelligente verbetering van nachtsc\u00e8neseschermingsgraad IP44\" \/>\n<meta property=\"og:url\" content=\"https:\/\/koningdrone.be\/fr\/produit\/dji-zenmuse-h20n\/\" \/>\n<meta property=\"og:site_name\" content=\"koningdrone.be\" \/>\n<meta property=\"article:modified_time\" content=\"2026-04-29T11:30:22+00:00\" \/>\n<meta property=\"og:image\" content=\"https:\/\/koningdrone.be\/wp-content\/uploads\/sites\/13\/2025\/04\/6941565927408-1-1.jpg\" \/>\n\t<meta property=\"og:image:width\" content=\"1280\" \/>\n\t<meta property=\"og:image:height\" content=\"800\" \/>\n\t<meta property=\"og:image:type\" content=\"image\/jpeg\" \/>\n<meta name=\"twitter:card\" content=\"summary_large_image\" \/>\n<meta name=\"twitter:label1\" content=\"Dur\u00e9e de lecture est.\" \/>\n\t<meta name=\"twitter:data1\" content=\"2 minutes\" \/>\n<script type=\"application\/ld+json\" class=\"yoast-schema-graph\">{\"@context\":\"https:\/\/schema.org\",\"@graph\":[{\"@type\":\"WebPage\",\"@id\":\"https:\/\/koningdrone.be\/product\/dji-zenmuse-h20n\/\",\"url\":\"https:\/\/koningdrone.be\/product\/dji-zenmuse-h20n\/\",\"name\":\"DJI Zenmuse H20N - koningdrone.be\",\"isPartOf\":{\"@id\":\"https:\/\/koningdrone.be\/#website\"},\"primaryImageOfPage\":{\"@id\":\"https:\/\/koningdrone.be\/product\/dji-zenmuse-h20n\/#primaryimage\"},\"image\":{\"@id\":\"https:\/\/koningdrone.be\/product\/dji-zenmuse-h20n\/#primaryimage\"},\"thumbnailUrl\":\"https:\/\/koningdrone.be\/wp-content\/uploads\/sites\/13\/2025\/04\/6941565927408-1-1.jpg\",\"datePublished\":\"2022-11-02T08:13:42+00:00\",\"dateModified\":\"2026-04-29T11:30:22+00:00\",\"breadcrumb\":{\"@id\":\"https:\/\/koningdrone.be\/product\/dji-zenmuse-h20n\/#breadcrumb\"},\"inLanguage\":\"fr-BE\",\"potentialAction\":[{\"@type\":\"ReadAction\",\"target\":[\"https:\/\/koningdrone.be\/product\/dji-zenmuse-h20n\/\"]}]},{\"@type\":\"ImageObject\",\"inLanguage\":\"fr-BE\",\"@id\":\"https:\/\/koningdrone.be\/product\/dji-zenmuse-h20n\/#primaryimage\",\"url\":\"https:\/\/koningdrone.be\/wp-content\/uploads\/sites\/13\/2025\/04\/6941565927408-1-1.jpg\",\"contentUrl\":\"https:\/\/koningdrone.be\/wp-content\/uploads\/sites\/13\/2025\/04\/6941565927408-1-1.jpg\",\"width\":1280,\"height\":800},{\"@type\":\"BreadcrumbList\",\"@id\":\"https:\/\/koningdrone.be\/product\/dji-zenmuse-h20n\/#breadcrumb\",\"itemListElement\":[{\"@type\":\"ListItem\",\"position\":1,\"name\":\"Home\",\"item\":\"https:\/\/koningdrone.be\/\"},{\"@type\":\"ListItem\",\"position\":2,\"name\":\"AVSS Parachute Recovery System for DJI Matrice 300\/350\",\"item\":\"https:\/\/koningdrone.be\/product\/avss-parachute-recovery-system-for-dji-matrice-300-350\/\"},{\"@type\":\"ListItem\",\"position\":3,\"name\":\"Alle industriele camera\",\"item\":\"https:\/\/koningdrone.be\/categorie\/alle-industriele-camera\/\"},{\"@type\":\"ListItem\",\"position\":4,\"name\":\"DJI Zenmuse H20N\"}]},{\"@type\":\"WebSite\",\"@id\":\"https:\/\/koningdrone.be\/#website\",\"url\":\"https:\/\/koningdrone.be\/\",\"name\":\"Koningdrone.be - Uw online specialist in drones, gimbals, camera's en power stations.\",\"description\":\"De webshop in drones en gimbals\",\"publisher\":{\"@id\":\"https:\/\/koningdrone.be\/#organization\"},\"potentialAction\":[{\"@type\":\"SearchAction\",\"target\":{\"@type\":\"EntryPoint\",\"urlTemplate\":\"https:\/\/koningdrone.be\/?s={search_term_string}\"},\"query-input\":{\"@type\":\"PropertyValueSpecification\",\"valueRequired\":true,\"valueName\":\"search_term_string\"}}],\"inLanguage\":\"fr-BE\"},{\"@type\":\"Organization\",\"@id\":\"https:\/\/koningdrone.be\/#organization\",\"name\":\"Koningdrone.be\",\"url\":\"https:\/\/koningdrone.be\/\",\"logo\":{\"@type\":\"ImageObject\",\"inLanguage\":\"fr-BE\",\"@id\":\"https:\/\/koningdrone.be\/#\/schema\/logo\/image\/\",\"url\":\"https:\/\/koningdrone.be\/wp-content\/uploads\/sites\/13\/2025\/04\/koningdrone-copyright-logo.svg\",\"contentUrl\":\"https:\/\/koningdrone.be\/wp-content\/uploads\/sites\/13\/2025\/04\/koningdrone-copyright-logo.svg\",\"width\":227,\"height\":38,\"caption\":\"Koningdrone.be\"},\"image\":{\"@id\":\"https:\/\/koningdrone.be\/#\/schema\/logo\/image\/\"}}]}<\/script>\n<!-- \/ Yoast SEO Premium plugin. -->","yoast_head_json":{"title":"DJI Zenmuse H20N - koningdrone.be","robots":{"index":"index","follow":"follow","max-snippet":"max-snippet:-1","max-image-preview":"max-image-preview:large","max-video-preview":"max-video-preview:-1"},"canonical":"https:\/\/koningdrone.be\/fr\/produit\/dji-zenmuse-h20n\/","og_locale":"fr_FR","og_type":"article","og_title":"DJI Zenmuse H20N","og_description":"Sterrenlicht Nachtzicht40x512 px dubbele thermische camera, 2x\/8x hybride optische zoom0x hybride optische zoomaserafstandsmeter met een bereik van 1.200 mynchroon zoomen op gesplitst schermntelligente verbetering van nachtsc\u00e8neseschermingsgraad IP44","og_url":"https:\/\/koningdrone.be\/fr\/produit\/dji-zenmuse-h20n\/","og_site_name":"koningdrone.be","article_modified_time":"2026-04-29T11:30:22+00:00","og_image":[{"width":1280,"height":800,"url":"https:\/\/koningdrone.be\/wp-content\/uploads\/sites\/13\/2025\/04\/6941565927408-1-1.jpg","type":"image\/jpeg"}],"twitter_card":"summary_large_image","twitter_misc":{"Dur\u00e9e de lecture est.":"2 minutes"},"schema":{"@context":"https:\/\/schema.org","@graph":[{"@type":"WebPage","@id":"https:\/\/koningdrone.be\/product\/dji-zenmuse-h20n\/","url":"https:\/\/koningdrone.be\/product\/dji-zenmuse-h20n\/","name":"DJI Zenmuse H20N - koningdrone.be","isPartOf":{"@id":"https:\/\/koningdrone.be\/#website"},"primaryImageOfPage":{"@id":"https:\/\/koningdrone.be\/product\/dji-zenmuse-h20n\/#primaryimage"},"image":{"@id":"https:\/\/koningdrone.be\/product\/dji-zenmuse-h20n\/#primaryimage"},"thumbnailUrl":"https:\/\/koningdrone.be\/wp-content\/uploads\/sites\/13\/2025\/04\/6941565927408-1-1.jpg","datePublished":"2022-11-02T08:13:42+00:00","dateModified":"2026-04-29T11:30:22+00:00","breadcrumb":{"@id":"https:\/\/koningdrone.be\/product\/dji-zenmuse-h20n\/#breadcrumb"},"inLanguage":"fr-BE","potentialAction":[{"@type":"ReadAction","target":["https:\/\/koningdrone.be\/product\/dji-zenmuse-h20n\/"]}]},{"@type":"ImageObject","inLanguage":"fr-BE","@id":"https:\/\/koningdrone.be\/product\/dji-zenmuse-h20n\/#primaryimage","url":"https:\/\/koningdrone.be\/wp-content\/uploads\/sites\/13\/2025\/04\/6941565927408-1-1.jpg","contentUrl":"https:\/\/koningdrone.be\/wp-content\/uploads\/sites\/13\/2025\/04\/6941565927408-1-1.jpg","width":1280,"height":800},{"@type":"BreadcrumbList","@id":"https:\/\/koningdrone.be\/product\/dji-zenmuse-h20n\/#breadcrumb","itemListElement":[{"@type":"ListItem","position":1,"name":"Home","item":"https:\/\/koningdrone.be\/"},{"@type":"ListItem","position":2,"name":"AVSS Parachute Recovery System for DJI Matrice 300\/350","item":"https:\/\/koningdrone.be\/product\/avss-parachute-recovery-system-for-dji-matrice-300-350\/"},{"@type":"ListItem","position":3,"name":"Alle industriele camera","item":"https:\/\/koningdrone.be\/categorie\/alle-industriele-camera\/"},{"@type":"ListItem","position":4,"name":"DJI Zenmuse H20N"}]},{"@type":"WebSite","@id":"https:\/\/koningdrone.be\/#website","url":"https:\/\/koningdrone.be\/","name":"Koningdrone.be - Votre sp\u00e9cialiste en ligne en mati\u00e8re de drones, de cardans, de cam\u00e9ras et de centrales \u00e9lectriques.","description":"La boutique en ligne de drones et de cardans","publisher":{"@id":"https:\/\/koningdrone.be\/#organization"},"potentialAction":[{"@type":"SearchAction","target":{"@type":"EntryPoint","urlTemplate":"https:\/\/koningdrone.be\/?s={search_term_string}"},"query-input":{"@type":"PropertyValueSpecification","valueRequired":true,"valueName":"search_term_string"}}],"inLanguage":"fr-BE"},{"@type":"Organization","@id":"https:\/\/koningdrone.be\/#organization","name":"Kingdrone.co.uk","url":"https:\/\/koningdrone.be\/","logo":{"@type":"ImageObject","inLanguage":"fr-BE","@id":"https:\/\/koningdrone.be\/#\/schema\/logo\/image\/","url":"https:\/\/koningdrone.be\/wp-content\/uploads\/sites\/13\/2025\/04\/koningdrone-copyright-logo.svg","contentUrl":"https:\/\/koningdrone.be\/wp-content\/uploads\/sites\/13\/2025\/04\/koningdrone-copyright-logo.svg","width":227,"height":38,"caption":"Koningdrone.be"},"image":{"@id":"https:\/\/koningdrone.be\/#\/schema\/logo\/image\/"}}]}},"df_price":"","df_sale_price":"","df_regular_price":"","df_image_link":"https:\/\/koningdrone.be\/wp-content\/uploads\/sites\/13\/2025\/04\/6941565927408-1-1-300x188.jpg","_links":{"self":[{"href":"https:\/\/koningdrone.be\/fr\/wp-json\/wp\/v2\/product\/5621","targetHints":{"allow":["GET"]}}],"collection":[{"href":"https:\/\/koningdrone.be\/fr\/wp-json\/wp\/v2\/product"}],"about":[{"href":"https:\/\/koningdrone.be\/fr\/wp-json\/wp\/v2\/types\/product"}],"wp:featuredmedia":[{"embeddable":true,"href":"https:\/\/koningdrone.be\/fr\/wp-json\/wp\/v2\/media\/5616"}],"wp:attachment":[{"href":"https:\/\/koningdrone.be\/fr\/wp-json\/wp\/v2\/media?parent=5621"}],"wp:term":[{"taxonomy":"product_brand","embeddable":true,"href":"https:\/\/koningdrone.be\/fr\/wp-json\/wp\/v2\/product_brand?post=5621"},{"taxonomy":"product_cat","embeddable":true,"href":"https:\/\/koningdrone.be\/fr\/wp-json\/wp\/v2\/product_cat?post=5621"},{"taxonomy":"product_tag","embeddable":true,"href":"https:\/\/koningdrone.be\/fr\/wp-json\/wp\/v2\/product_tag?post=5621"}],"curies":[{"name":"wp","href":"https:\/\/api.w.org\/{rel}","templated":true}]}}