{"id":5612,"date":"2022-11-02T09:13:42","date_gmt":"2022-11-02T08:13:42","guid":{"rendered":"https:\/\/koningdrone.nl\/kon\/product\/dji-rc-rm330-remote-controller-for-mini-3-pro\/"},"modified":"2026-04-29T04:10:50","modified_gmt":"2026-04-29T02:10:50","slug":"dji-rc-rm330-remote-controller-for-mini-3-pro","status":"publish","type":"product","link":"https:\/\/koningdrone.be\/fr\/produit\/dji-rc-rm330-remote-controller-for-mini-3-pro\/","title":{"rendered":"DJI RC RM330 - T\u00e9l\u00e9commande"},"content":{"rendered":"<h1>DJI RC RM330 - T\u00e9l\u00e9commande<\/h1>\n<p>La DJI RC est une t\u00e9l\u00e9commande qui offre une exp\u00e9rience de contr\u00f4le exceptionnelle pour les drones DJI. En plus d'un corps l\u00e9ger, d'un \u00e9cran Full HD et d'une batterie \u00e0 tr\u00e8s longue dur\u00e9e de vie, elle est \u00e9galement \u00e9quip\u00e9e de nouveaux joysticks \u00e0 double ressort qui permettent un contr\u00f4le confortable du vol. La transmission vid\u00e9o avanc\u00e9e DJI O3+ est \u00e9galement prise en charge. Gr\u00e2ce \u00e0 ses puissantes fonctionnalit\u00e9s, la prise de photos a\u00e9riennes est plus pratique que jamais.<br \/>Vid\u00e9o :<br \/>Technologie de transmission Lorsqu'elle est utilis\u00e9e avec des drones compatibles avec la transmission O3+, comme le DJI Mavic 3, la t\u00e9l\u00e9commande DJI RC peut fournir un flux en direct en HD 1080p\/60fps avec une faible latence et une distance de transmission allant jusqu'\u00e0 15 km pour un contr\u00f4le plus fluide et un vol plus s\u00fbr.<br \/>L\u00e9ger, compact, puissant :<br \/>Gr\u00e2ce \u00e0 leur conception innovante, les antennes int\u00e9gr\u00e9es de la t\u00e9l\u00e9commande DJI RC offrent des performances exceptionnelles dans un bo\u00eetier plus petit. Le nouveau design r\u00e9duit encore la taille de la t\u00e9l\u00e9commande DJI RC, qui ne p\u00e8se plus que 390 g. L'\u00e9cran tactile Full HD de 5,5\u2033 int\u00e9gr\u00e9 offre une luminosit\u00e9 allant jusqu'\u00e0 700 nits.<br \/>4 heures d'autonomie de la batterie :<br \/>La t\u00e9l\u00e9commande DJI RC permet jusqu'\u00e0 quatre heures d'utilisation continue avec une charge compl\u00e8te.<br \/>Cela vous permet d'enregistrer facilement dans plusieurs endroits avec une seule charge de batterie.<br \/>Les faits marquants en d\u00e9tail :<br \/>La t\u00e9l\u00e9commande DJI RC offre des joysticks \u00e0 double ressort pour un contr\u00f4le souple et pr\u00e9cis.<br \/>Il est dot\u00e9 des ports les plus courants pour la recharge et d'un emplacement pour carte microSD.<br \/>Commencez vite \u00e0 profiter de chaque instant :<br \/>Dot\u00e9e d'un \u00e9cran int\u00e9gr\u00e9, la t\u00e9l\u00e9commande DJI RC peut se connecter directement \u00e0 votre drone apr\u00e8s l'avoir allum\u00e9, sans avoir \u00e0 se connecter \u00e0 un smartphone, ce qui vous permet de commencer \u00e0 enregistrer imm\u00e9diatement.<br \/>Compatibilit\u00e9 : Mini 3 Pro, Mavic 3, Mavic 3 Cine<\/p>","protected":false},"excerpt":{"rendered":"<ul>\n<li>R\u00e9solution : 1920\u00d71080<\/li>\n<li>Dimensions : 5,5 pouces<\/li>\n<li>Taux de rafra\u00eechissement : 60 fps<\/li>\n<li>Luminosit\u00e9 : 700 nits<\/li>\n<li>Fonctionnement de l'\u00e9cran tactile : multi-touch 10 points<\/li>\n<li>Batterie : Li-Ion (5200 mAh \u00e0 3,6 V)<\/li>\n<li>Type de charge : il est recommand\u00e9 d'utiliser un chargeur d'au moins 5V\/2A.<\/li>\n<li>Puissance nominale : 4,5 W<\/li>\n<li>Capacit\u00e9 de stockage : extensible (avec carte microSD)<\/li>\n<li>Temps de charge : 1,5 heure (avec un chargeur 5 V \/ 3 A)<\/li>\n<li>Autonomie de la batterie : 4 heures<\/li>\n<li>Poids : Environ 390 grammes<\/li>\n<\/ul>","protected":false},"featured_media":5607,"template":"","meta":{"_acf_changed":false},"product_brand":[],"product_cat":[122,97,137,446],"product_tag":[],"class_list":{"0":"post-5612","1":"product","2":"type-product","3":"status-publish","4":"has-post-thumbnail","6":"product_cat-alle-afstandsbedieningen","7":"product_cat-alle-producten","8":"product_cat-dji-mavic-3","9":"product_cat-dji-mini-3","10":"product_shipping_class-acsystemsall","11":"pa_brand-dji","12":"pa_productfamily-afstandsbediening","13":"pa_producttype-afstandsbediening","14":"pa_series-mini-3","16":"first","17":"instock","18":"taxable","19":"shipping-taxable","20":"purchasable","21":"product-type-simple"},"acf":[],"yoast_head":"<!-- This site is optimized with the Yoast SEO Premium plugin v27.2 (Yoast SEO v27.2) - https:\/\/yoast.com\/product\/yoast-seo-premium-wordpress\/ -->\n<title>DJI RC RM330 - Remote Controller - koningdrone.be<\/title>\n<meta name=\"robots\" content=\"index, follow, max-snippet:-1, max-image-preview:large, max-video-preview:-1\" \/>\n<link rel=\"canonical\" href=\"https:\/\/koningdrone.be\/fr\/produit\/dji-rc-rm330-remote-controller-for-mini-3-pro\/\" \/>\n<meta property=\"og:locale\" content=\"fr_FR\" \/>\n<meta property=\"og:type\" content=\"article\" \/>\n<meta property=\"og:title\" content=\"DJI RC RM330 - Remote Controller\" \/>\n<meta property=\"og:description\" content=\"Resolutie: 1920\u00d71080Afmetingen: 5,5 inchFramesnelheid: 60 fpsHelderheid: 700 nitsTouchscreen-bediening: 10 punten multi-touchBatterij: Li-Ion (5200 mAh bij 3,6 V)Oplaadtype: het wordt aanbevolen om een oplader van minimaal 5V\/2A te gebruiken.Nominaal vermogen: 4,5 WOpslagcapaciteit: Uitbreidbaar (met microSD-kaart)Oplaadtijd: 1,5 uur (met oplader 5 V \/ 3 A)Levensduur batterij: 4 uurGewicht: Ca. 390 gram\" \/>\n<meta property=\"og:url\" content=\"https:\/\/koningdrone.be\/fr\/produit\/dji-rc-rm330-remote-controller-for-mini-3-pro\/\" \/>\n<meta property=\"og:site_name\" content=\"koningdrone.be\" \/>\n<meta property=\"article:modified_time\" content=\"2026-04-29T02:10:50+00:00\" \/>\n<meta property=\"og:image\" content=\"https:\/\/koningdrone.be\/wp-content\/uploads\/sites\/13\/2025\/04\/6941565933911-1.jpg\" \/>\n\t<meta property=\"og:image:width\" content=\"1200\" \/>\n\t<meta property=\"og:image:height\" content=\"1200\" \/>\n\t<meta property=\"og:image:type\" content=\"image\/jpeg\" \/>\n<meta name=\"twitter:card\" content=\"summary_large_image\" \/>\n<meta name=\"twitter:label1\" content=\"Dur\u00e9e de lecture est.\" \/>\n\t<meta name=\"twitter:data1\" content=\"1 minute\" \/>\n<script type=\"application\/ld+json\" class=\"yoast-schema-graph\">{\"@context\":\"https:\/\/schema.org\",\"@graph\":[{\"@type\":\"WebPage\",\"@id\":\"https:\/\/koningdrone.be\/product\/dji-rc-rm330-remote-controller-for-mini-3-pro\/\",\"url\":\"https:\/\/koningdrone.be\/product\/dji-rc-rm330-remote-controller-for-mini-3-pro\/\",\"name\":\"DJI RC RM330 - Remote Controller - koningdrone.be\",\"isPartOf\":{\"@id\":\"https:\/\/koningdrone.be\/#website\"},\"primaryImageOfPage\":{\"@id\":\"https:\/\/koningdrone.be\/product\/dji-rc-rm330-remote-controller-for-mini-3-pro\/#primaryimage\"},\"image\":{\"@id\":\"https:\/\/koningdrone.be\/product\/dji-rc-rm330-remote-controller-for-mini-3-pro\/#primaryimage\"},\"thumbnailUrl\":\"https:\/\/koningdrone.be\/wp-content\/uploads\/sites\/13\/2025\/04\/6941565933911-1.jpg\",\"datePublished\":\"2022-11-02T08:13:42+00:00\",\"dateModified\":\"2026-04-29T02:10:50+00:00\",\"breadcrumb\":{\"@id\":\"https:\/\/koningdrone.be\/product\/dji-rc-rm330-remote-controller-for-mini-3-pro\/#breadcrumb\"},\"inLanguage\":\"fr-BE\",\"potentialAction\":[{\"@type\":\"ReadAction\",\"target\":[\"https:\/\/koningdrone.be\/product\/dji-rc-rm330-remote-controller-for-mini-3-pro\/\"]}]},{\"@type\":\"ImageObject\",\"inLanguage\":\"fr-BE\",\"@id\":\"https:\/\/koningdrone.be\/product\/dji-rc-rm330-remote-controller-for-mini-3-pro\/#primaryimage\",\"url\":\"https:\/\/koningdrone.be\/wp-content\/uploads\/sites\/13\/2025\/04\/6941565933911-1.jpg\",\"contentUrl\":\"https:\/\/koningdrone.be\/wp-content\/uploads\/sites\/13\/2025\/04\/6941565933911-1.jpg\",\"width\":1200,\"height\":1200},{\"@type\":\"BreadcrumbList\",\"@id\":\"https:\/\/koningdrone.be\/product\/dji-rc-rm330-remote-controller-for-mini-3-pro\/#breadcrumb\",\"itemListElement\":[{\"@type\":\"ListItem\",\"position\":1,\"name\":\"Home\",\"item\":\"https:\/\/koningdrone.be\/\"},{\"@type\":\"ListItem\",\"position\":2,\"name\":\"AVSS Parachute Recovery System for DJI Matrice 300\/350\",\"item\":\"https:\/\/koningdrone.be\/product\/avss-parachute-recovery-system-for-dji-matrice-300-350\/\"},{\"@type\":\"ListItem\",\"position\":3,\"name\":\"Alle afstandsbedieningen\",\"item\":\"https:\/\/koningdrone.be\/categorie\/alle-afstandsbedieningen\/\"},{\"@type\":\"ListItem\",\"position\":4,\"name\":\"DJI RC RM330 &#8211; Remote Controller\"}]},{\"@type\":\"WebSite\",\"@id\":\"https:\/\/koningdrone.be\/#website\",\"url\":\"https:\/\/koningdrone.be\/\",\"name\":\"Koningdrone.be - Uw online specialist in drones, gimbals, camera's en power stations.\",\"description\":\"De webshop in drones en gimbals\",\"publisher\":{\"@id\":\"https:\/\/koningdrone.be\/#organization\"},\"potentialAction\":[{\"@type\":\"SearchAction\",\"target\":{\"@type\":\"EntryPoint\",\"urlTemplate\":\"https:\/\/koningdrone.be\/?s={search_term_string}\"},\"query-input\":{\"@type\":\"PropertyValueSpecification\",\"valueRequired\":true,\"valueName\":\"search_term_string\"}}],\"inLanguage\":\"fr-BE\"},{\"@type\":\"Organization\",\"@id\":\"https:\/\/koningdrone.be\/#organization\",\"name\":\"Koningdrone.be\",\"url\":\"https:\/\/koningdrone.be\/\",\"logo\":{\"@type\":\"ImageObject\",\"inLanguage\":\"fr-BE\",\"@id\":\"https:\/\/koningdrone.be\/#\/schema\/logo\/image\/\",\"url\":\"https:\/\/koningdrone.be\/wp-content\/uploads\/sites\/13\/2025\/04\/koningdrone-copyright-logo.svg\",\"contentUrl\":\"https:\/\/koningdrone.be\/wp-content\/uploads\/sites\/13\/2025\/04\/koningdrone-copyright-logo.svg\",\"width\":227,\"height\":38,\"caption\":\"Koningdrone.be\"},\"image\":{\"@id\":\"https:\/\/koningdrone.be\/#\/schema\/logo\/image\/\"}}]}<\/script>\n<!-- \/ Yoast SEO Premium plugin. -->","yoast_head_json":{"title":"DJI RC RM330 - Remote Controller - koningdrone.be","robots":{"index":"index","follow":"follow","max-snippet":"max-snippet:-1","max-image-preview":"max-image-preview:large","max-video-preview":"max-video-preview:-1"},"canonical":"https:\/\/koningdrone.be\/fr\/produit\/dji-rc-rm330-remote-controller-for-mini-3-pro\/","og_locale":"fr_FR","og_type":"article","og_title":"DJI RC RM330 - Remote Controller","og_description":"Resolutie: 1920\u00d71080Afmetingen: 5,5 inchFramesnelheid: 60 fpsHelderheid: 700 nitsTouchscreen-bediening: 10 punten multi-touchBatterij: Li-Ion (5200 mAh bij 3,6 V)Oplaadtype: het wordt aanbevolen om een oplader van minimaal 5V\/2A te gebruiken.Nominaal vermogen: 4,5 WOpslagcapaciteit: Uitbreidbaar (met microSD-kaart)Oplaadtijd: 1,5 uur (met oplader 5 V \/ 3 A)Levensduur batterij: 4 uurGewicht: Ca. 390 gram","og_url":"https:\/\/koningdrone.be\/fr\/produit\/dji-rc-rm330-remote-controller-for-mini-3-pro\/","og_site_name":"koningdrone.be","article_modified_time":"2026-04-29T02:10:50+00:00","og_image":[{"width":1200,"height":1200,"url":"https:\/\/koningdrone.be\/wp-content\/uploads\/sites\/13\/2025\/04\/6941565933911-1.jpg","type":"image\/jpeg"}],"twitter_card":"summary_large_image","twitter_misc":{"Dur\u00e9e de lecture est.":"1 minute"},"schema":{"@context":"https:\/\/schema.org","@graph":[{"@type":"WebPage","@id":"https:\/\/koningdrone.be\/product\/dji-rc-rm330-remote-controller-for-mini-3-pro\/","url":"https:\/\/koningdrone.be\/product\/dji-rc-rm330-remote-controller-for-mini-3-pro\/","name":"DJI RC RM330 - Remote Controller - koningdrone.be","isPartOf":{"@id":"https:\/\/koningdrone.be\/#website"},"primaryImageOfPage":{"@id":"https:\/\/koningdrone.be\/product\/dji-rc-rm330-remote-controller-for-mini-3-pro\/#primaryimage"},"image":{"@id":"https:\/\/koningdrone.be\/product\/dji-rc-rm330-remote-controller-for-mini-3-pro\/#primaryimage"},"thumbnailUrl":"https:\/\/koningdrone.be\/wp-content\/uploads\/sites\/13\/2025\/04\/6941565933911-1.jpg","datePublished":"2022-11-02T08:13:42+00:00","dateModified":"2026-04-29T02:10:50+00:00","breadcrumb":{"@id":"https:\/\/koningdrone.be\/product\/dji-rc-rm330-remote-controller-for-mini-3-pro\/#breadcrumb"},"inLanguage":"fr-BE","potentialAction":[{"@type":"ReadAction","target":["https:\/\/koningdrone.be\/product\/dji-rc-rm330-remote-controller-for-mini-3-pro\/"]}]},{"@type":"ImageObject","inLanguage":"fr-BE","@id":"https:\/\/koningdrone.be\/product\/dji-rc-rm330-remote-controller-for-mini-3-pro\/#primaryimage","url":"https:\/\/koningdrone.be\/wp-content\/uploads\/sites\/13\/2025\/04\/6941565933911-1.jpg","contentUrl":"https:\/\/koningdrone.be\/wp-content\/uploads\/sites\/13\/2025\/04\/6941565933911-1.jpg","width":1200,"height":1200},{"@type":"BreadcrumbList","@id":"https:\/\/koningdrone.be\/product\/dji-rc-rm330-remote-controller-for-mini-3-pro\/#breadcrumb","itemListElement":[{"@type":"ListItem","position":1,"name":"Home","item":"https:\/\/koningdrone.be\/"},{"@type":"ListItem","position":2,"name":"AVSS Parachute Recovery System for DJI Matrice 300\/350","item":"https:\/\/koningdrone.be\/product\/avss-parachute-recovery-system-for-dji-matrice-300-350\/"},{"@type":"ListItem","position":3,"name":"Alle afstandsbedieningen","item":"https:\/\/koningdrone.be\/categorie\/alle-afstandsbedieningen\/"},{"@type":"ListItem","position":4,"name":"DJI RC RM330 &#8211; Remote Controller"}]},{"@type":"WebSite","@id":"https:\/\/koningdrone.be\/#website","url":"https:\/\/koningdrone.be\/","name":"Koningdrone.be - Votre sp\u00e9cialiste en ligne en mati\u00e8re de drones, de cardans, de cam\u00e9ras et de centrales \u00e9lectriques.","description":"La boutique en ligne de drones et de cardans","publisher":{"@id":"https:\/\/koningdrone.be\/#organization"},"potentialAction":[{"@type":"SearchAction","target":{"@type":"EntryPoint","urlTemplate":"https:\/\/koningdrone.be\/?s={search_term_string}"},"query-input":{"@type":"PropertyValueSpecification","valueRequired":true,"valueName":"search_term_string"}}],"inLanguage":"fr-BE"},{"@type":"Organization","@id":"https:\/\/koningdrone.be\/#organization","name":"Kingdrone.co.uk","url":"https:\/\/koningdrone.be\/","logo":{"@type":"ImageObject","inLanguage":"fr-BE","@id":"https:\/\/koningdrone.be\/#\/schema\/logo\/image\/","url":"https:\/\/koningdrone.be\/wp-content\/uploads\/sites\/13\/2025\/04\/koningdrone-copyright-logo.svg","contentUrl":"https:\/\/koningdrone.be\/wp-content\/uploads\/sites\/13\/2025\/04\/koningdrone-copyright-logo.svg","width":227,"height":38,"caption":"Koningdrone.be"},"image":{"@id":"https:\/\/koningdrone.be\/#\/schema\/logo\/image\/"}}]}},"df_price":296,"df_sale_price":"","df_regular_price":296,"df_image_link":"https:\/\/koningdrone.be\/wp-content\/uploads\/sites\/13\/2025\/04\/6941565933911-1-300x300.jpg","_links":{"self":[{"href":"https:\/\/koningdrone.be\/fr\/wp-json\/wp\/v2\/product\/5612","targetHints":{"allow":["GET"]}}],"collection":[{"href":"https:\/\/koningdrone.be\/fr\/wp-json\/wp\/v2\/product"}],"about":[{"href":"https:\/\/koningdrone.be\/fr\/wp-json\/wp\/v2\/types\/product"}],"wp:featuredmedia":[{"embeddable":true,"href":"https:\/\/koningdrone.be\/fr\/wp-json\/wp\/v2\/media\/5607"}],"wp:attachment":[{"href":"https:\/\/koningdrone.be\/fr\/wp-json\/wp\/v2\/media?parent=5612"}],"wp:term":[{"taxonomy":"product_brand","embeddable":true,"href":"https:\/\/koningdrone.be\/fr\/wp-json\/wp\/v2\/product_brand?post=5612"},{"taxonomy":"product_cat","embeddable":true,"href":"https:\/\/koningdrone.be\/fr\/wp-json\/wp\/v2\/product_cat?post=5612"},{"taxonomy":"product_tag","embeddable":true,"href":"https:\/\/koningdrone.be\/fr\/wp-json\/wp\/v2\/product_tag?post=5612"}],"curies":[{"name":"wp","href":"https:\/\/api.w.org\/{rel}","templated":true}]}}