{"id":5606,"date":"2022-11-02T09:13:42","date_gmt":"2022-11-02T08:13:42","guid":{"rendered":"https:\/\/koningdrone.nl\/kon\/product\/dji-rs-focus-motor-2022\/"},"modified":"2026-04-29T10:30:53","modified_gmt":"2026-04-29T08:30:53","slug":"dji-rs-focus-motor-2022","status":"publish","type":"product","link":"https:\/\/koningdrone.be\/fr\/produit\/dji-rs-focus-motor-2022\/","title":{"rendered":"DJI RS Focus Motor (2022)"},"content":{"rendered":"<p><strong>Am\u00e9lioration de la r\u00e9sistance<\/strong><\/p>\n<p> Le moteur DJI RS Focus pour 2022, r\u00e9cemment d\u00e9voil\u00e9, renforce consid\u00e9rablement le d\u00e9partement de puissance, en triplant le couple du moteur \u00e0 un niveau impressionnant de 1 N-m. Cette am\u00e9lioration remarquable permet au moteur de g\u00e9rer une plus large gamme d'objectifs avec pr\u00e9cision, garantissant ainsi des prises de vue toujours claires et nettes. Elle change la donne pour les cin\u00e9astes d\u00e9butants qui se lancent dans l'aventure et pour les professionnels chevronn\u00e9s qui ont besoin d'un \u00e9quipement robuste.<\/p>\n<p><strong>Fonctionnement plus silencieux<\/strong><\/p>\n<p> L'une des am\u00e9liorations notables du moteur DJI RS Focus 2022 est la r\u00e9duction du niveau de bruit 50%. Cette fonctionnalit\u00e9 est particuli\u00e8rement importante pour les cin\u00e9astes qui privil\u00e9gient un son clair et impeccable dans leur travail. Le fonctionnement plus silencieux permet d'ajuster la mise au point sans craindre que le bruit du moteur ne contamine la piste audio, ce qui en fait une mise \u00e0 niveau essentielle pour les vid\u00e9astes \u00e9mergents comme pour les v\u00e9t\u00e9rans de l'industrie.<\/p>\n<p><strong>Installation simplifi\u00e9e<\/strong><\/p>\n<p> L'engagement de DJI en mati\u00e8re d'efficacit\u00e9 est \u00e9vident dans la structure de fixation rapide du nouveau moteur de mise au point. Cette conception \u00e9limine le besoin d'outils lors de l'installation, ce qui r\u00e9duit consid\u00e9rablement le temps de pr\u00e9paration. Cette efficacit\u00e9 est cruciale dans les sc\u00e9narios de prise de vue rapides o\u00f9 chaque instant est pr\u00e9cieux. Le processus d'installation simplifi\u00e9 est une aubaine pour les nouveaux venus, qui peuvent trouver les r\u00e9glages traditionnels intimidants, et pour les professionnels chevronn\u00e9s, qui appr\u00e9cieront sans aucun doute l'aspect gain de temps de cette fonction.<\/p>\n<p><strong>Un outil r\u00e9volutionnaire pour les cin\u00e9astes<\/strong><\/p>\n<p> La version 2022 du moteur DJI RS Focus repr\u00e9sente une avanc\u00e9e significative dans la technologie cin\u00e9matographique. Sa puissance am\u00e9lior\u00e9e, son fonctionnement plus silencieux et son installation simplifi\u00e9e en font un outil indispensable pour les cin\u00e9astes de tous niveaux d'expertise. Que vous lanciez votre premier projet de film ou que vous soyez un r\u00e9alisateur exp\u00e9riment\u00e9, le moteur DJI RS Focus est con\u00e7u pour am\u00e9liorer vos comp\u00e9tences cin\u00e9matographiques et enrichir votre processus cr\u00e9atif.<\/p>\n<p><\/p>","protected":false},"excerpt":{"rendered":"<ul>\n<li>Couple trois fois plus \u00e9lev\u00e9 (jusqu'\u00e0 1 N-m)<\/li>\n<li> R\u00e9duction du bruit avec 50%<\/li>\n<li> Am\u00e9liore l'exp\u00e9rience de concentration et garantit la qualit\u00e9 audio<\/li>\n<li> Structure \u00e0 d\u00e9gagement rapide pour un assemblage facile<\/li>\n<li> Installation sans outil pour une utilisation plus rapide<\/li>\n<\/ul>","protected":false},"featured_media":5603,"template":"","meta":{"_acf_changed":false},"product_brand":[],"product_cat":[410,97,640,265],"product_tag":[],"class_list":{"0":"post-5606","1":"product","2":"type-product","3":"status-publish","4":"has-post-thumbnail","6":"product_cat-alle-handheld-gimbals","7":"product_cat-alle-producten","8":"product_cat-dji-focus","9":"product_cat-dji-ronin","10":"product_shipping_class-outofstock","11":"pa_brand-dji","12":"pa_productfamily-focus","13":"pa_producttype-focus","14":"pa_series-rs","16":"first","17":"outofstock","18":"taxable","19":"shipping-taxable","20":"product-type-simple"},"acf":[],"yoast_head":"<!-- This site is optimized with the Yoast SEO Premium plugin v27.2 (Yoast SEO v27.2) - https:\/\/yoast.com\/product\/yoast-seo-premium-wordpress\/ -->\n<title>DJI RS Focus Motor (2022) - koningdrone.be<\/title>\n<meta name=\"robots\" content=\"index, follow, max-snippet:-1, max-image-preview:large, max-video-preview:-1\" \/>\n<link rel=\"canonical\" href=\"https:\/\/koningdrone.be\/fr\/produit\/dji-rs-focus-motor-2022\/\" \/>\n<meta property=\"og:locale\" content=\"fr_FR\" \/>\n<meta property=\"og:type\" content=\"article\" \/>\n<meta property=\"og:title\" content=\"DJI RS Focus Motor (2022)\" \/>\n<meta property=\"og:description\" content=\"Drie keer sterker koppel (tot 1 N\u00b7m) Ruis verminderd met 50% Verbetert de scherpstelervaring en waarborgt de audiokwaliteit Beschikt over een snelontgrendelingsstructuur voor eenvoudige montage Gereedschapsloze installatie voor sneller gebruik\" \/>\n<meta property=\"og:url\" content=\"https:\/\/koningdrone.be\/fr\/produit\/dji-rs-focus-motor-2022\/\" \/>\n<meta property=\"og:site_name\" content=\"koningdrone.be\" \/>\n<meta property=\"article:modified_time\" content=\"2026-04-29T08:30:53+00:00\" \/>\n<meta property=\"og:image\" content=\"https:\/\/koningdrone.be\/wp-content\/uploads\/sites\/13\/2025\/04\/4b613f3c65cd25a1fe13b599306603be@large.jpg\" \/>\n\t<meta property=\"og:image:width\" content=\"1200\" \/>\n\t<meta property=\"og:image:height\" content=\"800\" \/>\n\t<meta property=\"og:image:type\" content=\"image\/jpeg\" \/>\n<meta name=\"twitter:card\" content=\"summary_large_image\" \/>\n<meta name=\"twitter:label1\" content=\"Dur\u00e9e de lecture est.\" \/>\n\t<meta name=\"twitter:data1\" content=\"1 minute\" \/>\n<script type=\"application\/ld+json\" class=\"yoast-schema-graph\">{\"@context\":\"https:\/\/schema.org\",\"@graph\":[{\"@type\":\"WebPage\",\"@id\":\"https:\/\/koningdrone.be\/product\/dji-rs-focus-motor-2022\/\",\"url\":\"https:\/\/koningdrone.be\/product\/dji-rs-focus-motor-2022\/\",\"name\":\"DJI RS Focus Motor (2022) - koningdrone.be\",\"isPartOf\":{\"@id\":\"https:\/\/koningdrone.be\/#website\"},\"primaryImageOfPage\":{\"@id\":\"https:\/\/koningdrone.be\/product\/dji-rs-focus-motor-2022\/#primaryimage\"},\"image\":{\"@id\":\"https:\/\/koningdrone.be\/product\/dji-rs-focus-motor-2022\/#primaryimage\"},\"thumbnailUrl\":\"https:\/\/koningdrone.be\/wp-content\/uploads\/sites\/13\/2025\/04\/4b613f3c65cd25a1fe13b599306603be@large.jpg\",\"datePublished\":\"2022-11-02T08:13:42+00:00\",\"dateModified\":\"2026-04-29T08:30:53+00:00\",\"breadcrumb\":{\"@id\":\"https:\/\/koningdrone.be\/product\/dji-rs-focus-motor-2022\/#breadcrumb\"},\"inLanguage\":\"fr-BE\",\"potentialAction\":[{\"@type\":\"ReadAction\",\"target\":[\"https:\/\/koningdrone.be\/product\/dji-rs-focus-motor-2022\/\"]}]},{\"@type\":\"ImageObject\",\"inLanguage\":\"fr-BE\",\"@id\":\"https:\/\/koningdrone.be\/product\/dji-rs-focus-motor-2022\/#primaryimage\",\"url\":\"https:\/\/koningdrone.be\/wp-content\/uploads\/sites\/13\/2025\/04\/4b613f3c65cd25a1fe13b599306603be@large.jpg\",\"contentUrl\":\"https:\/\/koningdrone.be\/wp-content\/uploads\/sites\/13\/2025\/04\/4b613f3c65cd25a1fe13b599306603be@large.jpg\",\"width\":1200,\"height\":800},{\"@type\":\"BreadcrumbList\",\"@id\":\"https:\/\/koningdrone.be\/product\/dji-rs-focus-motor-2022\/#breadcrumb\",\"itemListElement\":[{\"@type\":\"ListItem\",\"position\":1,\"name\":\"Home\",\"item\":\"https:\/\/koningdrone.be\/\"},{\"@type\":\"ListItem\",\"position\":2,\"name\":\"AVSS Parachute Recovery System for DJI Matrice 300\/350\",\"item\":\"https:\/\/koningdrone.be\/product\/avss-parachute-recovery-system-for-dji-matrice-300-350\/\"},{\"@type\":\"ListItem\",\"position\":3,\"name\":\"Alle handheld gimbals\",\"item\":\"https:\/\/koningdrone.be\/categorie\/alle-handheld-gimbals\/\"},{\"@type\":\"ListItem\",\"position\":4,\"name\":\"DJI RS Focus Motor (2022)\"}]},{\"@type\":\"WebSite\",\"@id\":\"https:\/\/koningdrone.be\/#website\",\"url\":\"https:\/\/koningdrone.be\/\",\"name\":\"Koningdrone.be - Uw online specialist in drones, gimbals, camera's en power stations.\",\"description\":\"De webshop in drones en gimbals\",\"publisher\":{\"@id\":\"https:\/\/koningdrone.be\/#organization\"},\"potentialAction\":[{\"@type\":\"SearchAction\",\"target\":{\"@type\":\"EntryPoint\",\"urlTemplate\":\"https:\/\/koningdrone.be\/?s={search_term_string}\"},\"query-input\":{\"@type\":\"PropertyValueSpecification\",\"valueRequired\":true,\"valueName\":\"search_term_string\"}}],\"inLanguage\":\"fr-BE\"},{\"@type\":\"Organization\",\"@id\":\"https:\/\/koningdrone.be\/#organization\",\"name\":\"Koningdrone.be\",\"url\":\"https:\/\/koningdrone.be\/\",\"logo\":{\"@type\":\"ImageObject\",\"inLanguage\":\"fr-BE\",\"@id\":\"https:\/\/koningdrone.be\/#\/schema\/logo\/image\/\",\"url\":\"https:\/\/koningdrone.be\/wp-content\/uploads\/sites\/13\/2025\/04\/koningdrone-copyright-logo.svg\",\"contentUrl\":\"https:\/\/koningdrone.be\/wp-content\/uploads\/sites\/13\/2025\/04\/koningdrone-copyright-logo.svg\",\"width\":227,\"height\":38,\"caption\":\"Koningdrone.be\"},\"image\":{\"@id\":\"https:\/\/koningdrone.be\/#\/schema\/logo\/image\/\"}}]}<\/script>\n<!-- \/ Yoast SEO Premium plugin. -->","yoast_head_json":{"title":"DJI RS Focus Motor (2022) - koningdrone.be","robots":{"index":"index","follow":"follow","max-snippet":"max-snippet:-1","max-image-preview":"max-image-preview:large","max-video-preview":"max-video-preview:-1"},"canonical":"https:\/\/koningdrone.be\/fr\/produit\/dji-rs-focus-motor-2022\/","og_locale":"fr_FR","og_type":"article","og_title":"DJI RS Focus Motor (2022)","og_description":"Drie keer sterker koppel (tot 1 N\u00b7m) Ruis verminderd met 50% Verbetert de scherpstelervaring en waarborgt de audiokwaliteit Beschikt over een snelontgrendelingsstructuur voor eenvoudige montage Gereedschapsloze installatie voor sneller gebruik","og_url":"https:\/\/koningdrone.be\/fr\/produit\/dji-rs-focus-motor-2022\/","og_site_name":"koningdrone.be","article_modified_time":"2026-04-29T08:30:53+00:00","og_image":[{"width":1200,"height":800,"url":"https:\/\/koningdrone.be\/wp-content\/uploads\/sites\/13\/2025\/04\/4b613f3c65cd25a1fe13b599306603be@large.jpg","type":"image\/jpeg"}],"twitter_card":"summary_large_image","twitter_misc":{"Dur\u00e9e de lecture est.":"1 minute"},"schema":{"@context":"https:\/\/schema.org","@graph":[{"@type":"WebPage","@id":"https:\/\/koningdrone.be\/product\/dji-rs-focus-motor-2022\/","url":"https:\/\/koningdrone.be\/product\/dji-rs-focus-motor-2022\/","name":"DJI RS Focus Motor (2022) - koningdrone.be","isPartOf":{"@id":"https:\/\/koningdrone.be\/#website"},"primaryImageOfPage":{"@id":"https:\/\/koningdrone.be\/product\/dji-rs-focus-motor-2022\/#primaryimage"},"image":{"@id":"https:\/\/koningdrone.be\/product\/dji-rs-focus-motor-2022\/#primaryimage"},"thumbnailUrl":"https:\/\/koningdrone.be\/wp-content\/uploads\/sites\/13\/2025\/04\/4b613f3c65cd25a1fe13b599306603be@large.jpg","datePublished":"2022-11-02T08:13:42+00:00","dateModified":"2026-04-29T08:30:53+00:00","breadcrumb":{"@id":"https:\/\/koningdrone.be\/product\/dji-rs-focus-motor-2022\/#breadcrumb"},"inLanguage":"fr-BE","potentialAction":[{"@type":"ReadAction","target":["https:\/\/koningdrone.be\/product\/dji-rs-focus-motor-2022\/"]}]},{"@type":"ImageObject","inLanguage":"fr-BE","@id":"https:\/\/koningdrone.be\/product\/dji-rs-focus-motor-2022\/#primaryimage","url":"https:\/\/koningdrone.be\/wp-content\/uploads\/sites\/13\/2025\/04\/4b613f3c65cd25a1fe13b599306603be@large.jpg","contentUrl":"https:\/\/koningdrone.be\/wp-content\/uploads\/sites\/13\/2025\/04\/4b613f3c65cd25a1fe13b599306603be@large.jpg","width":1200,"height":800},{"@type":"BreadcrumbList","@id":"https:\/\/koningdrone.be\/product\/dji-rs-focus-motor-2022\/#breadcrumb","itemListElement":[{"@type":"ListItem","position":1,"name":"Home","item":"https:\/\/koningdrone.be\/"},{"@type":"ListItem","position":2,"name":"AVSS Parachute Recovery System for DJI Matrice 300\/350","item":"https:\/\/koningdrone.be\/product\/avss-parachute-recovery-system-for-dji-matrice-300-350\/"},{"@type":"ListItem","position":3,"name":"Alle handheld gimbals","item":"https:\/\/koningdrone.be\/categorie\/alle-handheld-gimbals\/"},{"@type":"ListItem","position":4,"name":"DJI RS Focus Motor (2022)"}]},{"@type":"WebSite","@id":"https:\/\/koningdrone.be\/#website","url":"https:\/\/koningdrone.be\/","name":"Koningdrone.be - Votre sp\u00e9cialiste en ligne en mati\u00e8re de drones, de cardans, de cam\u00e9ras et de centrales \u00e9lectriques.","description":"La boutique en ligne de drones et de cardans","publisher":{"@id":"https:\/\/koningdrone.be\/#organization"},"potentialAction":[{"@type":"SearchAction","target":{"@type":"EntryPoint","urlTemplate":"https:\/\/koningdrone.be\/?s={search_term_string}"},"query-input":{"@type":"PropertyValueSpecification","valueRequired":true,"valueName":"search_term_string"}}],"inLanguage":"fr-BE"},{"@type":"Organization","@id":"https:\/\/koningdrone.be\/#organization","name":"Kingdrone.co.uk","url":"https:\/\/koningdrone.be\/","logo":{"@type":"ImageObject","inLanguage":"fr-BE","@id":"https:\/\/koningdrone.be\/#\/schema\/logo\/image\/","url":"https:\/\/koningdrone.be\/wp-content\/uploads\/sites\/13\/2025\/04\/koningdrone-copyright-logo.svg","contentUrl":"https:\/\/koningdrone.be\/wp-content\/uploads\/sites\/13\/2025\/04\/koningdrone-copyright-logo.svg","width":227,"height":38,"caption":"Koningdrone.be"},"image":{"@id":"https:\/\/koningdrone.be\/#\/schema\/logo\/image\/"}}]}},"df_price":"","df_sale_price":"","df_regular_price":"","df_image_link":"https:\/\/koningdrone.be\/wp-content\/uploads\/sites\/13\/2025\/04\/4b613f3c65cd25a1fe13b599306603be@large-300x200.jpg","_links":{"self":[{"href":"https:\/\/koningdrone.be\/fr\/wp-json\/wp\/v2\/product\/5606","targetHints":{"allow":["GET"]}}],"collection":[{"href":"https:\/\/koningdrone.be\/fr\/wp-json\/wp\/v2\/product"}],"about":[{"href":"https:\/\/koningdrone.be\/fr\/wp-json\/wp\/v2\/types\/product"}],"wp:featuredmedia":[{"embeddable":true,"href":"https:\/\/koningdrone.be\/fr\/wp-json\/wp\/v2\/media\/5603"}],"wp:attachment":[{"href":"https:\/\/koningdrone.be\/fr\/wp-json\/wp\/v2\/media?parent=5606"}],"wp:term":[{"taxonomy":"product_brand","embeddable":true,"href":"https:\/\/koningdrone.be\/fr\/wp-json\/wp\/v2\/product_brand?post=5606"},{"taxonomy":"product_cat","embeddable":true,"href":"https:\/\/koningdrone.be\/fr\/wp-json\/wp\/v2\/product_cat?post=5606"},{"taxonomy":"product_tag","embeddable":true,"href":"https:\/\/koningdrone.be\/fr\/wp-json\/wp\/v2\/product_tag?post=5606"}],"curies":[{"name":"wp","href":"https:\/\/api.w.org\/{rel}","templated":true}]}}