{"id":5602,"date":"2022-11-02T09:13:42","date_gmt":"2022-11-02T08:13:42","guid":{"rendered":"https:\/\/koningdrone.nl\/kon\/product\/dji-rs-briefcase-handle\/"},"modified":"2026-04-29T10:30:52","modified_gmt":"2026-04-29T08:30:52","slug":"dji-rs-briefcase-handle","status":"publish","type":"product","link":"https:\/\/koningdrone.be\/fr\/produit\/dji-rs-briefcase-handle\/","title":{"rendered":"Poign\u00e9e de la mallette DJI RS"},"content":{"rendered":"<p>Nous avons r\u00e9invent\u00e9 la poign\u00e9e traditionnelle d'un porte-documents pour vous offrir un design fin et compact qui est non seulement facile \u00e0 ranger, mais aussi l\u00e9ger. Cette nouvelle poign\u00e9e se connecte sans effort au port OTAN de votre appareil sans n\u00e9cessiter d'outils suppl\u00e9mentaires, ce qui la rend incroyablement conviviale.<br \/><strong>Fonctionnalit\u00e9 polyvalente<\/strong><\/p>\n<p> Cette poign\u00e9e se distingue par sa polyvalence. Elle est \u00e9quip\u00e9e d'une griffe int\u00e9gr\u00e9e et d'un trou de montage 1\/4\u2033-20, ce qui vous donne la possibilit\u00e9 de connecter des moniteurs externes. Cette fonction est particuli\u00e8rement utile pour les vid\u00e9astes et les photographes qui ont besoin d'une assistance visuelle suppl\u00e9mentaire pendant les prises de vue.<\/p>\n<p><strong>Am\u00e9lioration de l'ergonomie<\/strong><\/p>\n<p> La conception ergonomique de la poign\u00e9e permet des mouvements plus fluides et plus intuitifs de l'appareil photo \u00e0 partir d'un angle bas, am\u00e9liorant ainsi votre exp\u00e9rience de la prise de vue. Que vous soyez un d\u00e9butant qui appr\u00e9cie la simplicit\u00e9 et la facilit\u00e9 d'utilisation, ou un expert \u00e0 la recherche d'outils de prise de vue avanc\u00e9s, cette poign\u00e9e d'\u00e9tui redessin\u00e9e offre le m\u00e9lange parfait de commodit\u00e9, de fonctionnalit\u00e9 et de polyvalence pour faire passer vos projets de photographie et de vid\u00e9ographie au niveau sup\u00e9rieur.<\/p>\n<p><\/p>","protected":false},"excerpt":{"rendered":"<ul>\n<li>Poign\u00e9e de l'\u00e9tui redessin\u00e9e pour un profil plus l\u00e9ger et plus petit<\/li>\n<li> Facile \u00e0 ranger gr\u00e2ce \u00e0 sa conception compacte<\/li>\n<li> Montage sans outil sur la porte de l'OTAN<\/li>\n<li> Contient une chaussure froide int\u00e9gr\u00e9e<\/li>\n<li> Dispose d'un trou de montage 1\/4\"-20 pour les appareils externes<\/li>\n<li> Am\u00e9liore les mouvements de cam\u00e9ra \u00e0 partir d'un angle bas<\/li>\n<\/ul>","protected":false},"featured_media":5599,"template":"","meta":{"_acf_changed":false},"product_brand":[],"product_cat":[410,97,265,624],"product_tag":[],"class_list":{"0":"post-5602","1":"product","2":"type-product","3":"status-publish","4":"has-post-thumbnail","6":"product_cat-alle-handheld-gimbals","7":"product_cat-alle-producten","8":"product_cat-dji-ronin","9":"product_cat-enterprise-accessoires","10":"product_shipping_class-outofstock","11":"pa_brand-dji","12":"pa_productfamily-handle","13":"pa_producttype-handle","14":"pa_series-rs","16":"first","17":"outofstock","18":"taxable","19":"shipping-taxable","20":"product-type-simple"},"acf":[],"yoast_head":"<!-- This site is optimized with the Yoast SEO Premium plugin v27.2 (Yoast SEO v27.2) - https:\/\/yoast.com\/product\/yoast-seo-premium-wordpress\/ -->\n<title>DJI RS Briefcase Handle - koningdrone.be<\/title>\n<meta name=\"robots\" content=\"index, follow, max-snippet:-1, max-image-preview:large, max-video-preview:-1\" \/>\n<link rel=\"canonical\" href=\"https:\/\/koningdrone.be\/fr\/produit\/dji-rs-briefcase-handle\/\" \/>\n<meta property=\"og:locale\" content=\"fr_FR\" \/>\n<meta property=\"og:type\" content=\"article\" \/>\n<meta property=\"og:title\" content=\"DJI RS Briefcase Handle\" \/>\n<meta property=\"og:description\" content=\"Opnieuw ontworpen kofferhandgreep voor een lichter, kleiner profiel Gemakkelijk op te bergen dankzij het compacte ontwerp Gereedschapsloze montage op NAVO-poort Bevat een ingebouwde koude schoen Beschikt over een 1\/4&quot;-20 montagegat voor externe apparaten Verbetert camerabewegingen vanuit een lage hoek\" \/>\n<meta property=\"og:url\" content=\"https:\/\/koningdrone.be\/fr\/produit\/dji-rs-briefcase-handle\/\" \/>\n<meta property=\"og:site_name\" content=\"koningdrone.be\" \/>\n<meta property=\"article:modified_time\" content=\"2026-04-29T08:30:52+00:00\" \/>\n<meta property=\"og:image\" content=\"https:\/\/koningdrone.be\/wp-content\/uploads\/sites\/13\/2025\/04\/ffbcdfa8c14068d4b2f46f1f157eb163@large.jpg\" \/>\n\t<meta property=\"og:image:width\" content=\"1200\" \/>\n\t<meta property=\"og:image:height\" content=\"800\" \/>\n\t<meta property=\"og:image:type\" content=\"image\/jpeg\" \/>\n<meta name=\"twitter:card\" content=\"summary_large_image\" \/>\n<meta name=\"twitter:label1\" content=\"Dur\u00e9e de lecture est.\" \/>\n\t<meta name=\"twitter:data1\" content=\"1 minute\" \/>\n<script type=\"application\/ld+json\" class=\"yoast-schema-graph\">{\"@context\":\"https:\/\/schema.org\",\"@graph\":[{\"@type\":\"WebPage\",\"@id\":\"https:\/\/koningdrone.be\/product\/dji-rs-briefcase-handle\/\",\"url\":\"https:\/\/koningdrone.be\/product\/dji-rs-briefcase-handle\/\",\"name\":\"DJI RS Briefcase Handle - koningdrone.be\",\"isPartOf\":{\"@id\":\"https:\/\/koningdrone.be\/#website\"},\"primaryImageOfPage\":{\"@id\":\"https:\/\/koningdrone.be\/product\/dji-rs-briefcase-handle\/#primaryimage\"},\"image\":{\"@id\":\"https:\/\/koningdrone.be\/product\/dji-rs-briefcase-handle\/#primaryimage\"},\"thumbnailUrl\":\"https:\/\/koningdrone.be\/wp-content\/uploads\/sites\/13\/2025\/04\/ffbcdfa8c14068d4b2f46f1f157eb163@large.jpg\",\"datePublished\":\"2022-11-02T08:13:42+00:00\",\"dateModified\":\"2026-04-29T08:30:52+00:00\",\"breadcrumb\":{\"@id\":\"https:\/\/koningdrone.be\/product\/dji-rs-briefcase-handle\/#breadcrumb\"},\"inLanguage\":\"fr-BE\",\"potentialAction\":[{\"@type\":\"ReadAction\",\"target\":[\"https:\/\/koningdrone.be\/product\/dji-rs-briefcase-handle\/\"]}]},{\"@type\":\"ImageObject\",\"inLanguage\":\"fr-BE\",\"@id\":\"https:\/\/koningdrone.be\/product\/dji-rs-briefcase-handle\/#primaryimage\",\"url\":\"https:\/\/koningdrone.be\/wp-content\/uploads\/sites\/13\/2025\/04\/ffbcdfa8c14068d4b2f46f1f157eb163@large.jpg\",\"contentUrl\":\"https:\/\/koningdrone.be\/wp-content\/uploads\/sites\/13\/2025\/04\/ffbcdfa8c14068d4b2f46f1f157eb163@large.jpg\",\"width\":1200,\"height\":800},{\"@type\":\"BreadcrumbList\",\"@id\":\"https:\/\/koningdrone.be\/product\/dji-rs-briefcase-handle\/#breadcrumb\",\"itemListElement\":[{\"@type\":\"ListItem\",\"position\":1,\"name\":\"Home\",\"item\":\"https:\/\/koningdrone.be\/\"},{\"@type\":\"ListItem\",\"position\":2,\"name\":\"AVSS Parachute Recovery System for DJI Matrice 300\/350\",\"item\":\"https:\/\/koningdrone.be\/product\/avss-parachute-recovery-system-for-dji-matrice-300-350\/\"},{\"@type\":\"ListItem\",\"position\":3,\"name\":\"Alle handheld gimbals\",\"item\":\"https:\/\/koningdrone.be\/categorie\/alle-handheld-gimbals\/\"},{\"@type\":\"ListItem\",\"position\":4,\"name\":\"DJI RS Briefcase Handle\"}]},{\"@type\":\"WebSite\",\"@id\":\"https:\/\/koningdrone.be\/#website\",\"url\":\"https:\/\/koningdrone.be\/\",\"name\":\"Koningdrone.be - Uw online specialist in drones, gimbals, camera's en power stations.\",\"description\":\"De webshop in drones en gimbals\",\"publisher\":{\"@id\":\"https:\/\/koningdrone.be\/#organization\"},\"potentialAction\":[{\"@type\":\"SearchAction\",\"target\":{\"@type\":\"EntryPoint\",\"urlTemplate\":\"https:\/\/koningdrone.be\/?s={search_term_string}\"},\"query-input\":{\"@type\":\"PropertyValueSpecification\",\"valueRequired\":true,\"valueName\":\"search_term_string\"}}],\"inLanguage\":\"fr-BE\"},{\"@type\":\"Organization\",\"@id\":\"https:\/\/koningdrone.be\/#organization\",\"name\":\"Koningdrone.be\",\"url\":\"https:\/\/koningdrone.be\/\",\"logo\":{\"@type\":\"ImageObject\",\"inLanguage\":\"fr-BE\",\"@id\":\"https:\/\/koningdrone.be\/#\/schema\/logo\/image\/\",\"url\":\"https:\/\/koningdrone.be\/wp-content\/uploads\/sites\/13\/2025\/04\/koningdrone-copyright-logo.svg\",\"contentUrl\":\"https:\/\/koningdrone.be\/wp-content\/uploads\/sites\/13\/2025\/04\/koningdrone-copyright-logo.svg\",\"width\":227,\"height\":38,\"caption\":\"Koningdrone.be\"},\"image\":{\"@id\":\"https:\/\/koningdrone.be\/#\/schema\/logo\/image\/\"}}]}<\/script>\n<!-- \/ Yoast SEO Premium plugin. -->","yoast_head_json":{"title":"DJI RS Briefcase Handle - koningdrone.be","robots":{"index":"index","follow":"follow","max-snippet":"max-snippet:-1","max-image-preview":"max-image-preview:large","max-video-preview":"max-video-preview:-1"},"canonical":"https:\/\/koningdrone.be\/fr\/produit\/dji-rs-briefcase-handle\/","og_locale":"fr_FR","og_type":"article","og_title":"DJI RS Briefcase Handle","og_description":"Opnieuw ontworpen kofferhandgreep voor een lichter, kleiner profiel Gemakkelijk op te bergen dankzij het compacte ontwerp Gereedschapsloze montage op NAVO-poort Bevat een ingebouwde koude schoen Beschikt over een 1\/4&quot;-20 montagegat voor externe apparaten Verbetert camerabewegingen vanuit een lage hoek","og_url":"https:\/\/koningdrone.be\/fr\/produit\/dji-rs-briefcase-handle\/","og_site_name":"koningdrone.be","article_modified_time":"2026-04-29T08:30:52+00:00","og_image":[{"width":1200,"height":800,"url":"https:\/\/koningdrone.be\/wp-content\/uploads\/sites\/13\/2025\/04\/ffbcdfa8c14068d4b2f46f1f157eb163@large.jpg","type":"image\/jpeg"}],"twitter_card":"summary_large_image","twitter_misc":{"Dur\u00e9e de lecture est.":"1 minute"},"schema":{"@context":"https:\/\/schema.org","@graph":[{"@type":"WebPage","@id":"https:\/\/koningdrone.be\/product\/dji-rs-briefcase-handle\/","url":"https:\/\/koningdrone.be\/product\/dji-rs-briefcase-handle\/","name":"DJI RS Briefcase Handle - koningdrone.be","isPartOf":{"@id":"https:\/\/koningdrone.be\/#website"},"primaryImageOfPage":{"@id":"https:\/\/koningdrone.be\/product\/dji-rs-briefcase-handle\/#primaryimage"},"image":{"@id":"https:\/\/koningdrone.be\/product\/dji-rs-briefcase-handle\/#primaryimage"},"thumbnailUrl":"https:\/\/koningdrone.be\/wp-content\/uploads\/sites\/13\/2025\/04\/ffbcdfa8c14068d4b2f46f1f157eb163@large.jpg","datePublished":"2022-11-02T08:13:42+00:00","dateModified":"2026-04-29T08:30:52+00:00","breadcrumb":{"@id":"https:\/\/koningdrone.be\/product\/dji-rs-briefcase-handle\/#breadcrumb"},"inLanguage":"fr-BE","potentialAction":[{"@type":"ReadAction","target":["https:\/\/koningdrone.be\/product\/dji-rs-briefcase-handle\/"]}]},{"@type":"ImageObject","inLanguage":"fr-BE","@id":"https:\/\/koningdrone.be\/product\/dji-rs-briefcase-handle\/#primaryimage","url":"https:\/\/koningdrone.be\/wp-content\/uploads\/sites\/13\/2025\/04\/ffbcdfa8c14068d4b2f46f1f157eb163@large.jpg","contentUrl":"https:\/\/koningdrone.be\/wp-content\/uploads\/sites\/13\/2025\/04\/ffbcdfa8c14068d4b2f46f1f157eb163@large.jpg","width":1200,"height":800},{"@type":"BreadcrumbList","@id":"https:\/\/koningdrone.be\/product\/dji-rs-briefcase-handle\/#breadcrumb","itemListElement":[{"@type":"ListItem","position":1,"name":"Home","item":"https:\/\/koningdrone.be\/"},{"@type":"ListItem","position":2,"name":"AVSS Parachute Recovery System for DJI Matrice 300\/350","item":"https:\/\/koningdrone.be\/product\/avss-parachute-recovery-system-for-dji-matrice-300-350\/"},{"@type":"ListItem","position":3,"name":"Alle handheld gimbals","item":"https:\/\/koningdrone.be\/categorie\/alle-handheld-gimbals\/"},{"@type":"ListItem","position":4,"name":"DJI RS Briefcase Handle"}]},{"@type":"WebSite","@id":"https:\/\/koningdrone.be\/#website","url":"https:\/\/koningdrone.be\/","name":"Koningdrone.be - Votre sp\u00e9cialiste en ligne en mati\u00e8re de drones, de cardans, de cam\u00e9ras et de centrales \u00e9lectriques.","description":"La boutique en ligne de drones et de cardans","publisher":{"@id":"https:\/\/koningdrone.be\/#organization"},"potentialAction":[{"@type":"SearchAction","target":{"@type":"EntryPoint","urlTemplate":"https:\/\/koningdrone.be\/?s={search_term_string}"},"query-input":{"@type":"PropertyValueSpecification","valueRequired":true,"valueName":"search_term_string"}}],"inLanguage":"fr-BE"},{"@type":"Organization","@id":"https:\/\/koningdrone.be\/#organization","name":"Kingdrone.co.uk","url":"https:\/\/koningdrone.be\/","logo":{"@type":"ImageObject","inLanguage":"fr-BE","@id":"https:\/\/koningdrone.be\/#\/schema\/logo\/image\/","url":"https:\/\/koningdrone.be\/wp-content\/uploads\/sites\/13\/2025\/04\/koningdrone-copyright-logo.svg","contentUrl":"https:\/\/koningdrone.be\/wp-content\/uploads\/sites\/13\/2025\/04\/koningdrone-copyright-logo.svg","width":227,"height":38,"caption":"Koningdrone.be"},"image":{"@id":"https:\/\/koningdrone.be\/#\/schema\/logo\/image\/"}}]}},"df_price":"","df_sale_price":"","df_regular_price":"","df_image_link":"https:\/\/koningdrone.be\/wp-content\/uploads\/sites\/13\/2025\/04\/ffbcdfa8c14068d4b2f46f1f157eb163@large-300x200.jpg","_links":{"self":[{"href":"https:\/\/koningdrone.be\/fr\/wp-json\/wp\/v2\/product\/5602","targetHints":{"allow":["GET"]}}],"collection":[{"href":"https:\/\/koningdrone.be\/fr\/wp-json\/wp\/v2\/product"}],"about":[{"href":"https:\/\/koningdrone.be\/fr\/wp-json\/wp\/v2\/types\/product"}],"wp:featuredmedia":[{"embeddable":true,"href":"https:\/\/koningdrone.be\/fr\/wp-json\/wp\/v2\/media\/5599"}],"wp:attachment":[{"href":"https:\/\/koningdrone.be\/fr\/wp-json\/wp\/v2\/media?parent=5602"}],"wp:term":[{"taxonomy":"product_brand","embeddable":true,"href":"https:\/\/koningdrone.be\/fr\/wp-json\/wp\/v2\/product_brand?post=5602"},{"taxonomy":"product_cat","embeddable":true,"href":"https:\/\/koningdrone.be\/fr\/wp-json\/wp\/v2\/product_cat?post=5602"},{"taxonomy":"product_tag","embeddable":true,"href":"https:\/\/koningdrone.be\/fr\/wp-json\/wp\/v2\/product_tag?post=5602"}],"curies":[{"name":"wp","href":"https:\/\/api.w.org\/{rel}","templated":true}]}}