{"id":5598,"date":"2022-11-02T09:13:42","date_gmt":"2022-11-02T08:13:42","guid":{"rendered":"https:\/\/koningdrone.nl\/kon\/product\/dji-rs3-pro-combo\/"},"modified":"2026-04-29T15:40:40","modified_gmt":"2026-04-29T13:40:40","slug":"dji-rs3-pro-combo","status":"publish","type":"product","link":"https:\/\/koningdrone.be\/fr\/produit\/dji-rs3-pro-combo\/","title":{"rendered":"DJI RS 3 Pro Combo"},"content":{"rendered":"<p><strong>Verrouillage automatis\u00e9 des essieux<\/strong><\/p>\n<p> Les verrous d'axe automatis\u00e9s de la RS 3 Pro sont con\u00e7us pour pr\u00e9parer rapidement la rotule \u00e0 une utilisation imm\u00e9diate ou \u00e0 un stockage efficace. En simplifiant le processus d'installation et de retrait, ces verrous permettent aux utilisateurs d'\u00e9conomiser du temps et des efforts, facilitant ainsi le passage d'un lieu de tournage \u00e0 l'autre et le rangement de l'appareil.<\/p>\n<p>  <strong>Syst\u00e8me de mise au point LiDAR<\/strong><\/p>\n<p> Le syst\u00e8me de mise au point LiDAR am\u00e9liore la suspension cardanique en permettant la mise au point automatique sur des objectifs manuels, \u00e0 condition qu'ils soient utilis\u00e9s avec un moteur de mise au point suppl\u00e9mentaire. Avec ActiveTrack Pro, ce syst\u00e8me am\u00e9liore la pr\u00e9cision du suivi des sujets en mouvement, garantissant des images nettes et pr\u00e9cises m\u00eame dans des sc\u00e9narios de prise de vue dynamiques.<\/p>\n<p>  <strong>Poids et charge utile<\/strong><\/p>\n<p> La RS 3 Pro est remarquablement l\u00e9g\u00e8re (1,5 kg), tout en supportant une charge importante allant jusqu'\u00e0 4,5 kg. Cette capacit\u00e9 robuste permet \u00e0 la rotule de s'adapter \u00e0 diff\u00e9rents types d'\u00e9quipements et d'installations cin\u00e9matographiques, ce qui la rend extr\u00eamement polyvalente pour r\u00e9pondre \u00e0 une grande vari\u00e9t\u00e9 d'exigences cin\u00e9matographiques.<\/p>\n<p>  <strong>Bras d'essieu allong\u00e9s en fibre de carbone<\/strong><\/p>\n<p> La RS 3 Pro est \u00e9quip\u00e9e de bras d'axe en fibre de carbone allong\u00e9s qui offrent un espace suppl\u00e9mentaire pour l'\u00e9quilibrage de configurations plus grandes ou plus complexes. Construits \u00e0 partir de couches de fibre de carbone pure, ces bras am\u00e9liorent non seulement l'\u00e9quilibre mais contribuent \u00e9galement \u00e0 la rigidit\u00e9 et \u00e0 la l\u00e9g\u00e8ret\u00e9 de la rotule, optimisant ainsi les performances et la portabilit\u00e9.<\/p>\n<p>  <strong>Transmission vid\u00e9o et audio avanc\u00e9e<\/strong><\/p>\n<p> Remarquable pour ses capacit\u00e9s de transmission vid\u00e9o et audio avanc\u00e9es, cet appareil prend en charge une port\u00e9e remarquable allant jusqu'\u00e0 6 km (20 000 pieds) avec un d\u00e9lai minimal. Cette caract\u00e9ristique garantit une communication stable et fiable sur de longues distances. Il est dot\u00e9 de fonctions de contr\u00f4le compl\u00e8tes pour r\u00e9pondre aux besoins des professionnels en mati\u00e8re de tournage.<\/p>","protected":false},"excerpt":{"rendered":"<ul>\n<li>Les verrous d'axe automatis\u00e9s acc\u00e9l\u00e8rent la pr\u00e9paration et le stockage de la suspension \u00e0 cardan.<\/li>\n<li> Le syst\u00e8me de mise au point LiDAR am\u00e9liore la mise au point automatique avec les objectifs manuels.<\/li>\n<li> ActiveTrack Pro offre des capacit\u00e9s avanc\u00e9es de suivi d'objets.<\/li>\n<li> Le RS 3 Pro ne p\u00e8se que 1,5 kg et supporte des charges jusqu'\u00e0 4,5 kg.<\/li>\n<li> Les bras d'essieu allong\u00e9s en fibre de carbone am\u00e9liorent l'\u00e9quilibre et r\u00e9duisent le poids.<\/li>\n<li> Prend en charge la transmission vid\u00e9o\/audio sur 6 km avec une latence et une stabilit\u00e9 tr\u00e8s faibles.<\/li>\n<\/ul>","protected":false},"featured_media":5595,"template":"","meta":{"_acf_changed":false},"product_brand":[],"product_cat":[315,410,97,265,721],"product_tag":[],"class_list":{"0":"post-5598","1":"product","2":"type-product","3":"status-publish","4":"has-post-thumbnail","6":"product_cat-alle-gimbals-en-cameras","7":"product_cat-alle-handheld-gimbals","8":"product_cat-alle-producten","9":"product_cat-dji-ronin","10":"product_cat-dji-rs3","11":"product_shipping_class-outofstock","12":"pa_brand-dji","13":"pa_productfamily-gimbal","14":"pa_producttype-gimbal","15":"pa_series-rs3","17":"first","18":"outofstock","19":"taxable","20":"shipping-taxable","21":"purchasable","22":"product-type-simple"},"acf":[],"yoast_head":"<!-- This site is optimized with the Yoast SEO Premium plugin v27.2 (Yoast SEO v27.2) - https:\/\/yoast.com\/product\/yoast-seo-premium-wordpress\/ -->\n<title>DJI RS 3 Pro Combo - koningdrone.be<\/title>\n<meta name=\"robots\" content=\"index, follow, max-snippet:-1, max-image-preview:large, max-video-preview:-1\" \/>\n<link rel=\"canonical\" href=\"https:\/\/koningdrone.be\/fr\/produit\/dji-rs3-pro-combo\/\" \/>\n<meta property=\"og:locale\" content=\"fr_FR\" \/>\n<meta property=\"og:type\" content=\"article\" \/>\n<meta property=\"og:title\" content=\"DJI RS 3 Pro Combo\" \/>\n<meta property=\"og:description\" content=\"Geautomatiseerde Axis Locks versnellen de gereedheid en opslag van de cardanische ophanging. Het LiDAR-scherpstelsysteem verbetert de autofocus met handmatige lenzen. ActiveTrack Pro biedt geavanceerde mogelijkheden voor het volgen van objecten. RS 3 Pro weegt slechts 1,5 kg en ondersteunt belastingen tot 4,5 kg. Verlengde asarmen van koolstofvezel verhogen de balans en verminderen het gewicht. Ondersteunt 6 km video-\/audiotransmissie met ultralage latentie en stabiliteit.\" \/>\n<meta property=\"og:url\" content=\"https:\/\/koningdrone.be\/fr\/produit\/dji-rs3-pro-combo\/\" \/>\n<meta property=\"og:site_name\" content=\"koningdrone.be\" \/>\n<meta property=\"article:modified_time\" content=\"2026-04-29T13:40:40+00:00\" \/>\n<meta property=\"og:image\" content=\"https:\/\/koningdrone.be\/wp-content\/uploads\/sites\/13\/2025\/04\/357a8d2313ea66ca2bcdd68095c8ffca@ultra.jpg\" \/>\n\t<meta property=\"og:image:width\" content=\"1280\" \/>\n\t<meta property=\"og:image:height\" content=\"1280\" \/>\n\t<meta property=\"og:image:type\" content=\"image\/jpeg\" \/>\n<meta name=\"twitter:card\" content=\"summary_large_image\" \/>\n<meta name=\"twitter:label1\" content=\"Dur\u00e9e de lecture est.\" \/>\n\t<meta name=\"twitter:data1\" content=\"1 minute\" \/>\n<script type=\"application\/ld+json\" class=\"yoast-schema-graph\">{\"@context\":\"https:\/\/schema.org\",\"@graph\":[{\"@type\":\"WebPage\",\"@id\":\"https:\/\/koningdrone.be\/product\/dji-rs3-pro-combo\/\",\"url\":\"https:\/\/koningdrone.be\/product\/dji-rs3-pro-combo\/\",\"name\":\"DJI RS 3 Pro Combo - koningdrone.be\",\"isPartOf\":{\"@id\":\"https:\/\/koningdrone.be\/#website\"},\"primaryImageOfPage\":{\"@id\":\"https:\/\/koningdrone.be\/product\/dji-rs3-pro-combo\/#primaryimage\"},\"image\":{\"@id\":\"https:\/\/koningdrone.be\/product\/dji-rs3-pro-combo\/#primaryimage\"},\"thumbnailUrl\":\"https:\/\/koningdrone.be\/wp-content\/uploads\/sites\/13\/2025\/04\/357a8d2313ea66ca2bcdd68095c8ffca@ultra.jpg\",\"datePublished\":\"2022-11-02T08:13:42+00:00\",\"dateModified\":\"2026-04-29T13:40:40+00:00\",\"breadcrumb\":{\"@id\":\"https:\/\/koningdrone.be\/product\/dji-rs3-pro-combo\/#breadcrumb\"},\"inLanguage\":\"fr-BE\",\"potentialAction\":[{\"@type\":\"ReadAction\",\"target\":[\"https:\/\/koningdrone.be\/product\/dji-rs3-pro-combo\/\"]}]},{\"@type\":\"ImageObject\",\"inLanguage\":\"fr-BE\",\"@id\":\"https:\/\/koningdrone.be\/product\/dji-rs3-pro-combo\/#primaryimage\",\"url\":\"https:\/\/koningdrone.be\/wp-content\/uploads\/sites\/13\/2025\/04\/357a8d2313ea66ca2bcdd68095c8ffca@ultra.jpg\",\"contentUrl\":\"https:\/\/koningdrone.be\/wp-content\/uploads\/sites\/13\/2025\/04\/357a8d2313ea66ca2bcdd68095c8ffca@ultra.jpg\",\"width\":1280,\"height\":1280},{\"@type\":\"BreadcrumbList\",\"@id\":\"https:\/\/koningdrone.be\/product\/dji-rs3-pro-combo\/#breadcrumb\",\"itemListElement\":[{\"@type\":\"ListItem\",\"position\":1,\"name\":\"Home\",\"item\":\"https:\/\/koningdrone.be\/\"},{\"@type\":\"ListItem\",\"position\":2,\"name\":\"AVSS Parachute Recovery System for DJI Matrice 300\/350\",\"item\":\"https:\/\/koningdrone.be\/product\/avss-parachute-recovery-system-for-dji-matrice-300-350\/\"},{\"@type\":\"ListItem\",\"position\":3,\"name\":\"Alle gimbals en cameras\",\"item\":\"https:\/\/koningdrone.be\/categorie\/alle-gimbals-en-cameras\/\"},{\"@type\":\"ListItem\",\"position\":4,\"name\":\"DJI RS 3 Pro Combo\"}]},{\"@type\":\"WebSite\",\"@id\":\"https:\/\/koningdrone.be\/#website\",\"url\":\"https:\/\/koningdrone.be\/\",\"name\":\"Koningdrone.be - Uw online specialist in drones, gimbals, camera's en power stations.\",\"description\":\"De webshop in drones en gimbals\",\"publisher\":{\"@id\":\"https:\/\/koningdrone.be\/#organization\"},\"potentialAction\":[{\"@type\":\"SearchAction\",\"target\":{\"@type\":\"EntryPoint\",\"urlTemplate\":\"https:\/\/koningdrone.be\/?s={search_term_string}\"},\"query-input\":{\"@type\":\"PropertyValueSpecification\",\"valueRequired\":true,\"valueName\":\"search_term_string\"}}],\"inLanguage\":\"fr-BE\"},{\"@type\":\"Organization\",\"@id\":\"https:\/\/koningdrone.be\/#organization\",\"name\":\"Koningdrone.be\",\"url\":\"https:\/\/koningdrone.be\/\",\"logo\":{\"@type\":\"ImageObject\",\"inLanguage\":\"fr-BE\",\"@id\":\"https:\/\/koningdrone.be\/#\/schema\/logo\/image\/\",\"url\":\"https:\/\/koningdrone.be\/wp-content\/uploads\/sites\/13\/2025\/04\/koningdrone-copyright-logo.svg\",\"contentUrl\":\"https:\/\/koningdrone.be\/wp-content\/uploads\/sites\/13\/2025\/04\/koningdrone-copyright-logo.svg\",\"width\":227,\"height\":38,\"caption\":\"Koningdrone.be\"},\"image\":{\"@id\":\"https:\/\/koningdrone.be\/#\/schema\/logo\/image\/\"}}]}<\/script>\n<!-- \/ Yoast SEO Premium plugin. -->","yoast_head_json":{"title":"DJI RS 3 Pro Combo - koningdrone.be","robots":{"index":"index","follow":"follow","max-snippet":"max-snippet:-1","max-image-preview":"max-image-preview:large","max-video-preview":"max-video-preview:-1"},"canonical":"https:\/\/koningdrone.be\/fr\/produit\/dji-rs3-pro-combo\/","og_locale":"fr_FR","og_type":"article","og_title":"DJI RS 3 Pro Combo","og_description":"Geautomatiseerde Axis Locks versnellen de gereedheid en opslag van de cardanische ophanging. Het LiDAR-scherpstelsysteem verbetert de autofocus met handmatige lenzen. ActiveTrack Pro biedt geavanceerde mogelijkheden voor het volgen van objecten. RS 3 Pro weegt slechts 1,5 kg en ondersteunt belastingen tot 4,5 kg. Verlengde asarmen van koolstofvezel verhogen de balans en verminderen het gewicht. Ondersteunt 6 km video-\/audiotransmissie met ultralage latentie en stabiliteit.","og_url":"https:\/\/koningdrone.be\/fr\/produit\/dji-rs3-pro-combo\/","og_site_name":"koningdrone.be","article_modified_time":"2026-04-29T13:40:40+00:00","og_image":[{"width":1280,"height":1280,"url":"https:\/\/koningdrone.be\/wp-content\/uploads\/sites\/13\/2025\/04\/357a8d2313ea66ca2bcdd68095c8ffca@ultra.jpg","type":"image\/jpeg"}],"twitter_card":"summary_large_image","twitter_misc":{"Dur\u00e9e de lecture est.":"1 minute"},"schema":{"@context":"https:\/\/schema.org","@graph":[{"@type":"WebPage","@id":"https:\/\/koningdrone.be\/product\/dji-rs3-pro-combo\/","url":"https:\/\/koningdrone.be\/product\/dji-rs3-pro-combo\/","name":"DJI RS 3 Pro Combo - koningdrone.be","isPartOf":{"@id":"https:\/\/koningdrone.be\/#website"},"primaryImageOfPage":{"@id":"https:\/\/koningdrone.be\/product\/dji-rs3-pro-combo\/#primaryimage"},"image":{"@id":"https:\/\/koningdrone.be\/product\/dji-rs3-pro-combo\/#primaryimage"},"thumbnailUrl":"https:\/\/koningdrone.be\/wp-content\/uploads\/sites\/13\/2025\/04\/357a8d2313ea66ca2bcdd68095c8ffca@ultra.jpg","datePublished":"2022-11-02T08:13:42+00:00","dateModified":"2026-04-29T13:40:40+00:00","breadcrumb":{"@id":"https:\/\/koningdrone.be\/product\/dji-rs3-pro-combo\/#breadcrumb"},"inLanguage":"fr-BE","potentialAction":[{"@type":"ReadAction","target":["https:\/\/koningdrone.be\/product\/dji-rs3-pro-combo\/"]}]},{"@type":"ImageObject","inLanguage":"fr-BE","@id":"https:\/\/koningdrone.be\/product\/dji-rs3-pro-combo\/#primaryimage","url":"https:\/\/koningdrone.be\/wp-content\/uploads\/sites\/13\/2025\/04\/357a8d2313ea66ca2bcdd68095c8ffca@ultra.jpg","contentUrl":"https:\/\/koningdrone.be\/wp-content\/uploads\/sites\/13\/2025\/04\/357a8d2313ea66ca2bcdd68095c8ffca@ultra.jpg","width":1280,"height":1280},{"@type":"BreadcrumbList","@id":"https:\/\/koningdrone.be\/product\/dji-rs3-pro-combo\/#breadcrumb","itemListElement":[{"@type":"ListItem","position":1,"name":"Home","item":"https:\/\/koningdrone.be\/"},{"@type":"ListItem","position":2,"name":"AVSS Parachute Recovery System for DJI Matrice 300\/350","item":"https:\/\/koningdrone.be\/product\/avss-parachute-recovery-system-for-dji-matrice-300-350\/"},{"@type":"ListItem","position":3,"name":"Alle gimbals en cameras","item":"https:\/\/koningdrone.be\/categorie\/alle-gimbals-en-cameras\/"},{"@type":"ListItem","position":4,"name":"DJI RS 3 Pro Combo"}]},{"@type":"WebSite","@id":"https:\/\/koningdrone.be\/#website","url":"https:\/\/koningdrone.be\/","name":"Koningdrone.be - Votre sp\u00e9cialiste en ligne en mati\u00e8re de drones, de cardans, de cam\u00e9ras et de centrales \u00e9lectriques.","description":"La boutique en ligne de drones et de cardans","publisher":{"@id":"https:\/\/koningdrone.be\/#organization"},"potentialAction":[{"@type":"SearchAction","target":{"@type":"EntryPoint","urlTemplate":"https:\/\/koningdrone.be\/?s={search_term_string}"},"query-input":{"@type":"PropertyValueSpecification","valueRequired":true,"valueName":"search_term_string"}}],"inLanguage":"fr-BE"},{"@type":"Organization","@id":"https:\/\/koningdrone.be\/#organization","name":"Kingdrone.co.uk","url":"https:\/\/koningdrone.be\/","logo":{"@type":"ImageObject","inLanguage":"fr-BE","@id":"https:\/\/koningdrone.be\/#\/schema\/logo\/image\/","url":"https:\/\/koningdrone.be\/wp-content\/uploads\/sites\/13\/2025\/04\/koningdrone-copyright-logo.svg","contentUrl":"https:\/\/koningdrone.be\/wp-content\/uploads\/sites\/13\/2025\/04\/koningdrone-copyright-logo.svg","width":227,"height":38,"caption":"Koningdrone.be"},"image":{"@id":"https:\/\/koningdrone.be\/#\/schema\/logo\/image\/"}}]}},"df_price":1098.99,"df_sale_price":"","df_regular_price":1098.99,"df_image_link":"https:\/\/koningdrone.be\/wp-content\/uploads\/sites\/13\/2025\/04\/357a8d2313ea66ca2bcdd68095c8ffca@ultra-300x300.jpg","_links":{"self":[{"href":"https:\/\/koningdrone.be\/fr\/wp-json\/wp\/v2\/product\/5598","targetHints":{"allow":["GET"]}}],"collection":[{"href":"https:\/\/koningdrone.be\/fr\/wp-json\/wp\/v2\/product"}],"about":[{"href":"https:\/\/koningdrone.be\/fr\/wp-json\/wp\/v2\/types\/product"}],"wp:featuredmedia":[{"embeddable":true,"href":"https:\/\/koningdrone.be\/fr\/wp-json\/wp\/v2\/media\/5595"}],"wp:attachment":[{"href":"https:\/\/koningdrone.be\/fr\/wp-json\/wp\/v2\/media?parent=5598"}],"wp:term":[{"taxonomy":"product_brand","embeddable":true,"href":"https:\/\/koningdrone.be\/fr\/wp-json\/wp\/v2\/product_brand?post=5598"},{"taxonomy":"product_cat","embeddable":true,"href":"https:\/\/koningdrone.be\/fr\/wp-json\/wp\/v2\/product_cat?post=5598"},{"taxonomy":"product_tag","embeddable":true,"href":"https:\/\/koningdrone.be\/fr\/wp-json\/wp\/v2\/product_tag?post=5598"}],"curies":[{"name":"wp","href":"https:\/\/api.w.org\/{rel}","templated":true}]}}