{"id":5594,"date":"2022-11-02T09:13:42","date_gmt":"2022-11-02T08:13:42","guid":{"rendered":"https:\/\/koningdrone.nl\/kon\/product\/dji-rs3-combo\/"},"modified":"2026-04-29T15:40:38","modified_gmt":"2026-04-29T13:40:38","slug":"dji-rs3-combo","status":"publish","type":"product","link":"https:\/\/koningdrone.be\/fr\/produit\/dji-rs3-combo\/","title":{"rendered":"DJI RS 3 Combo"},"content":{"rendered":"<p><strong>Verrouillage automatis\u00e9 des essieux<\/strong><\/p>\n<p> Les nouveaux verrous d'axe automatiques int\u00e9gr\u00e9s dans ce produit am\u00e9liorent consid\u00e9rablement l'efficacit\u00e9 globale de l'utilisateur. En permettant une installation rapide avant la prise de vue, ces verrous facilitent les transitions entre les sc\u00e8nes et offrent des solutions de stockage compactes. Cette fonction est particuli\u00e8rement utile pour les professionnels qui ont besoin d'un fonctionnement rapide et efficace de leur \u00e9quipement dans diverses conditions de prise de vue.<\/p>\n<p>  <strong>Poids et charge utile<\/strong><\/p>\n<p> Con\u00e7u pour \u00eatre \u00e0 la fois l\u00e9ger et durable, le mod\u00e8le RS 3 ne p\u00e8se que 1,3 kg et supporte une charge utile allant jusqu'\u00e0 3 kg. Cet \u00e9quilibre entre poids et r\u00e9sistance en fait un excellent choix pour toute une s\u00e9rie d'\u00e9quipements et de sc\u00e9narios de tournage courants, ce qui permet des applications de vid\u00e9ographie polyvalentes.<\/p>\n<p>  <strong>Commande d'obturateur Bluetooth<\/strong><\/p>\n<p> La commande d'obturateur Bluetooth recommand\u00e9e sur cet appareil simplifie grandement le processus de tournage. Une simple pression suffit pour d\u00e9marrer ou arr\u00eater l'enregistrement, ce qui ajoute encore \u00e0 la commodit\u00e9 et \u00e0 l'efficacit\u00e9. De plus, la possibilit\u00e9 de se reconnecter automatiquement aux cam\u00e9ras pr\u00e9c\u00e9demment appari\u00e9es am\u00e9liore la convivialit\u00e9 et r\u00e9duit le temps d'installation pour les prises de vue r\u00e9currentes.<\/p>\n<p>  <strong>Interface tactile OLED<\/strong><\/p>\n<p> L'ajout d'un \u00e9cran tactile OLED couleur de 1,8 pouce sur le mod\u00e8le RS 3 offre aux utilisateurs une interface intuitive et accessible. Cet \u00e9cran facilite la navigation et l'ajustement des param\u00e8tres du cardan, garantissant un fonctionnement logique et direct que m\u00eame les utilisateurs novices peuvent rapidement ma\u00eetriser.<\/p>\n<p>  <strong>Algorithme de stabilisation avanc\u00e9<\/strong><\/p>\n<p> L'algorithme de stabilisation RS de troisi\u00e8me g\u00e9n\u00e9ration int\u00e9gr\u00e9 \u00e0 cette rotule am\u00e9liore consid\u00e9rablement les performances. Il garantit que les images restent fluides et de qualit\u00e9 professionnelle, m\u00eame lors de mouvements difficiles tels que les prises de vue en contre-plong\u00e9e, la course ou les prises de vue \u00e0 partir de v\u00e9hicules en mouvement. Cette capacit\u00e9 de stabilisation am\u00e9lior\u00e9e est essentielle pour capturer des sc\u00e8nes dynamiques de haute qualit\u00e9.<\/p>","protected":false},"excerpt":{"rendered":"<ul>\n<li>Verrouillage automatique des axes pour une installation rapide et des transitions efficaces.<\/li>\n<li> L\u00e9ger (1,3 kg), il supporte une charge allant jusqu'\u00e0 3 kg.<\/li>\n<li> Commande d'obturateur Bluetooth pour un d\u00e9marrage\/arr\u00eat facile de l'enregistrement.<\/li>\n<li> \u00c9cran tactile OLED de 1,8 pouce pour un acc\u00e8s facile aux r\u00e9glages.<\/li>\n<li> L'algorithme de stabilisation RS de troisi\u00e8me g\u00e9n\u00e9ration am\u00e9liore les performances.<\/li>\n<\/ul>","protected":false},"featured_media":5591,"template":"","meta":{"_acf_changed":false},"product_brand":[],"product_cat":[315,410,97,265,721],"product_tag":[],"class_list":{"0":"post-5594","1":"product","2":"type-product","3":"status-publish","4":"has-post-thumbnail","6":"product_cat-alle-gimbals-en-cameras","7":"product_cat-alle-handheld-gimbals","8":"product_cat-alle-producten","9":"product_cat-dji-ronin","10":"product_cat-dji-rs3","11":"product_shipping_class-outofstock","12":"pa_brand-dji","13":"pa_productfamily-gimbal","14":"pa_producttype-gimbal","15":"pa_series-rs3","17":"first","18":"outofstock","19":"taxable","20":"shipping-taxable","21":"purchasable","22":"product-type-simple"},"acf":[],"yoast_head":"<!-- This site is optimized with the Yoast SEO Premium plugin v27.2 (Yoast SEO v27.2) - https:\/\/yoast.com\/product\/yoast-seo-premium-wordpress\/ -->\n<title>DJI RS 3 Combo - koningdrone.be<\/title>\n<meta name=\"robots\" content=\"index, follow, max-snippet:-1, max-image-preview:large, max-video-preview:-1\" \/>\n<link rel=\"canonical\" href=\"https:\/\/koningdrone.be\/fr\/produit\/dji-rs3-combo\/\" \/>\n<meta property=\"og:locale\" content=\"fr_FR\" \/>\n<meta property=\"og:type\" content=\"article\" \/>\n<meta property=\"og:title\" content=\"DJI RS 3 Combo\" \/>\n<meta property=\"og:description\" content=\"Geautomatiseerde Axis Locks voor snelle installatie en effici\u00ebnte overgangen. Lichtgewicht van 1,3 kg\/2,8 lbs, ondersteunt een belasting van maximaal 3 kg\/6,6 lbs. Bluetooth-sluiterbediening voor eenvoudig starten\/stoppen van opnames. 1,8-inch OLED-touchscreen voor eenvoudige toegang tot instellingen. Het 3e generatie RS-stabilisatiealgoritme verbetert de prestaties.\" \/>\n<meta property=\"og:url\" content=\"https:\/\/koningdrone.be\/fr\/produit\/dji-rs3-combo\/\" \/>\n<meta property=\"og:site_name\" content=\"koningdrone.be\" \/>\n<meta property=\"article:modified_time\" content=\"2026-04-29T13:40:38+00:00\" \/>\n<meta property=\"og:image\" content=\"https:\/\/koningdrone.be\/wp-content\/uploads\/sites\/13\/2025\/04\/4e27c984af7e87c1c3c9779099bd1e90@ultra.jpg\" \/>\n\t<meta property=\"og:image:width\" content=\"1280\" \/>\n\t<meta property=\"og:image:height\" content=\"1280\" \/>\n\t<meta property=\"og:image:type\" content=\"image\/jpeg\" \/>\n<meta name=\"twitter:card\" content=\"summary_large_image\" \/>\n<meta name=\"twitter:label1\" content=\"Dur\u00e9e de lecture est.\" \/>\n\t<meta name=\"twitter:data1\" content=\"1 minute\" \/>\n<script type=\"application\/ld+json\" class=\"yoast-schema-graph\">{\"@context\":\"https:\/\/schema.org\",\"@graph\":[{\"@type\":\"WebPage\",\"@id\":\"https:\/\/koningdrone.be\/product\/dji-rs3-combo\/\",\"url\":\"https:\/\/koningdrone.be\/product\/dji-rs3-combo\/\",\"name\":\"DJI RS 3 Combo - koningdrone.be\",\"isPartOf\":{\"@id\":\"https:\/\/koningdrone.be\/#website\"},\"primaryImageOfPage\":{\"@id\":\"https:\/\/koningdrone.be\/product\/dji-rs3-combo\/#primaryimage\"},\"image\":{\"@id\":\"https:\/\/koningdrone.be\/product\/dji-rs3-combo\/#primaryimage\"},\"thumbnailUrl\":\"https:\/\/koningdrone.be\/wp-content\/uploads\/sites\/13\/2025\/04\/4e27c984af7e87c1c3c9779099bd1e90@ultra.jpg\",\"datePublished\":\"2022-11-02T08:13:42+00:00\",\"dateModified\":\"2026-04-29T13:40:38+00:00\",\"breadcrumb\":{\"@id\":\"https:\/\/koningdrone.be\/product\/dji-rs3-combo\/#breadcrumb\"},\"inLanguage\":\"fr-BE\",\"potentialAction\":[{\"@type\":\"ReadAction\",\"target\":[\"https:\/\/koningdrone.be\/product\/dji-rs3-combo\/\"]}]},{\"@type\":\"ImageObject\",\"inLanguage\":\"fr-BE\",\"@id\":\"https:\/\/koningdrone.be\/product\/dji-rs3-combo\/#primaryimage\",\"url\":\"https:\/\/koningdrone.be\/wp-content\/uploads\/sites\/13\/2025\/04\/4e27c984af7e87c1c3c9779099bd1e90@ultra.jpg\",\"contentUrl\":\"https:\/\/koningdrone.be\/wp-content\/uploads\/sites\/13\/2025\/04\/4e27c984af7e87c1c3c9779099bd1e90@ultra.jpg\",\"width\":1280,\"height\":1280},{\"@type\":\"BreadcrumbList\",\"@id\":\"https:\/\/koningdrone.be\/product\/dji-rs3-combo\/#breadcrumb\",\"itemListElement\":[{\"@type\":\"ListItem\",\"position\":1,\"name\":\"Home\",\"item\":\"https:\/\/koningdrone.be\/\"},{\"@type\":\"ListItem\",\"position\":2,\"name\":\"AVSS Parachute Recovery System for DJI Matrice 300\/350\",\"item\":\"https:\/\/koningdrone.be\/product\/avss-parachute-recovery-system-for-dji-matrice-300-350\/\"},{\"@type\":\"ListItem\",\"position\":3,\"name\":\"Alle gimbals en cameras\",\"item\":\"https:\/\/koningdrone.be\/categorie\/alle-gimbals-en-cameras\/\"},{\"@type\":\"ListItem\",\"position\":4,\"name\":\"DJI RS 3 Combo\"}]},{\"@type\":\"WebSite\",\"@id\":\"https:\/\/koningdrone.be\/#website\",\"url\":\"https:\/\/koningdrone.be\/\",\"name\":\"Koningdrone.be - Uw online specialist in drones, gimbals, camera's en power stations.\",\"description\":\"De webshop in drones en gimbals\",\"publisher\":{\"@id\":\"https:\/\/koningdrone.be\/#organization\"},\"potentialAction\":[{\"@type\":\"SearchAction\",\"target\":{\"@type\":\"EntryPoint\",\"urlTemplate\":\"https:\/\/koningdrone.be\/?s={search_term_string}\"},\"query-input\":{\"@type\":\"PropertyValueSpecification\",\"valueRequired\":true,\"valueName\":\"search_term_string\"}}],\"inLanguage\":\"fr-BE\"},{\"@type\":\"Organization\",\"@id\":\"https:\/\/koningdrone.be\/#organization\",\"name\":\"Koningdrone.be\",\"url\":\"https:\/\/koningdrone.be\/\",\"logo\":{\"@type\":\"ImageObject\",\"inLanguage\":\"fr-BE\",\"@id\":\"https:\/\/koningdrone.be\/#\/schema\/logo\/image\/\",\"url\":\"https:\/\/koningdrone.be\/wp-content\/uploads\/sites\/13\/2025\/04\/koningdrone-copyright-logo.svg\",\"contentUrl\":\"https:\/\/koningdrone.be\/wp-content\/uploads\/sites\/13\/2025\/04\/koningdrone-copyright-logo.svg\",\"width\":227,\"height\":38,\"caption\":\"Koningdrone.be\"},\"image\":{\"@id\":\"https:\/\/koningdrone.be\/#\/schema\/logo\/image\/\"}}]}<\/script>\n<!-- \/ Yoast SEO Premium plugin. -->","yoast_head_json":{"title":"DJI RS 3 Combo - koningdrone.be","robots":{"index":"index","follow":"follow","max-snippet":"max-snippet:-1","max-image-preview":"max-image-preview:large","max-video-preview":"max-video-preview:-1"},"canonical":"https:\/\/koningdrone.be\/fr\/produit\/dji-rs3-combo\/","og_locale":"fr_FR","og_type":"article","og_title":"DJI RS 3 Combo","og_description":"Geautomatiseerde Axis Locks voor snelle installatie en effici\u00ebnte overgangen. Lichtgewicht van 1,3 kg\/2,8 lbs, ondersteunt een belasting van maximaal 3 kg\/6,6 lbs. Bluetooth-sluiterbediening voor eenvoudig starten\/stoppen van opnames. 1,8-inch OLED-touchscreen voor eenvoudige toegang tot instellingen. Het 3e generatie RS-stabilisatiealgoritme verbetert de prestaties.","og_url":"https:\/\/koningdrone.be\/fr\/produit\/dji-rs3-combo\/","og_site_name":"koningdrone.be","article_modified_time":"2026-04-29T13:40:38+00:00","og_image":[{"width":1280,"height":1280,"url":"https:\/\/koningdrone.be\/wp-content\/uploads\/sites\/13\/2025\/04\/4e27c984af7e87c1c3c9779099bd1e90@ultra.jpg","type":"image\/jpeg"}],"twitter_card":"summary_large_image","twitter_misc":{"Dur\u00e9e de lecture est.":"1 minute"},"schema":{"@context":"https:\/\/schema.org","@graph":[{"@type":"WebPage","@id":"https:\/\/koningdrone.be\/product\/dji-rs3-combo\/","url":"https:\/\/koningdrone.be\/product\/dji-rs3-combo\/","name":"DJI RS 3 Combo - koningdrone.be","isPartOf":{"@id":"https:\/\/koningdrone.be\/#website"},"primaryImageOfPage":{"@id":"https:\/\/koningdrone.be\/product\/dji-rs3-combo\/#primaryimage"},"image":{"@id":"https:\/\/koningdrone.be\/product\/dji-rs3-combo\/#primaryimage"},"thumbnailUrl":"https:\/\/koningdrone.be\/wp-content\/uploads\/sites\/13\/2025\/04\/4e27c984af7e87c1c3c9779099bd1e90@ultra.jpg","datePublished":"2022-11-02T08:13:42+00:00","dateModified":"2026-04-29T13:40:38+00:00","breadcrumb":{"@id":"https:\/\/koningdrone.be\/product\/dji-rs3-combo\/#breadcrumb"},"inLanguage":"fr-BE","potentialAction":[{"@type":"ReadAction","target":["https:\/\/koningdrone.be\/product\/dji-rs3-combo\/"]}]},{"@type":"ImageObject","inLanguage":"fr-BE","@id":"https:\/\/koningdrone.be\/product\/dji-rs3-combo\/#primaryimage","url":"https:\/\/koningdrone.be\/wp-content\/uploads\/sites\/13\/2025\/04\/4e27c984af7e87c1c3c9779099bd1e90@ultra.jpg","contentUrl":"https:\/\/koningdrone.be\/wp-content\/uploads\/sites\/13\/2025\/04\/4e27c984af7e87c1c3c9779099bd1e90@ultra.jpg","width":1280,"height":1280},{"@type":"BreadcrumbList","@id":"https:\/\/koningdrone.be\/product\/dji-rs3-combo\/#breadcrumb","itemListElement":[{"@type":"ListItem","position":1,"name":"Home","item":"https:\/\/koningdrone.be\/"},{"@type":"ListItem","position":2,"name":"AVSS Parachute Recovery System for DJI Matrice 300\/350","item":"https:\/\/koningdrone.be\/product\/avss-parachute-recovery-system-for-dji-matrice-300-350\/"},{"@type":"ListItem","position":3,"name":"Alle gimbals en cameras","item":"https:\/\/koningdrone.be\/categorie\/alle-gimbals-en-cameras\/"},{"@type":"ListItem","position":4,"name":"DJI RS 3 Combo"}]},{"@type":"WebSite","@id":"https:\/\/koningdrone.be\/#website","url":"https:\/\/koningdrone.be\/","name":"Koningdrone.be - Votre sp\u00e9cialiste en ligne en mati\u00e8re de drones, de cardans, de cam\u00e9ras et de centrales \u00e9lectriques.","description":"La boutique en ligne de drones et de cardans","publisher":{"@id":"https:\/\/koningdrone.be\/#organization"},"potentialAction":[{"@type":"SearchAction","target":{"@type":"EntryPoint","urlTemplate":"https:\/\/koningdrone.be\/?s={search_term_string}"},"query-input":{"@type":"PropertyValueSpecification","valueRequired":true,"valueName":"search_term_string"}}],"inLanguage":"fr-BE"},{"@type":"Organization","@id":"https:\/\/koningdrone.be\/#organization","name":"Kingdrone.co.uk","url":"https:\/\/koningdrone.be\/","logo":{"@type":"ImageObject","inLanguage":"fr-BE","@id":"https:\/\/koningdrone.be\/#\/schema\/logo\/image\/","url":"https:\/\/koningdrone.be\/wp-content\/uploads\/sites\/13\/2025\/04\/koningdrone-copyright-logo.svg","contentUrl":"https:\/\/koningdrone.be\/wp-content\/uploads\/sites\/13\/2025\/04\/koningdrone-copyright-logo.svg","width":227,"height":38,"caption":"Koningdrone.be"},"image":{"@id":"https:\/\/koningdrone.be\/#\/schema\/logo\/image\/"}}]}},"df_price":718.99,"df_sale_price":"","df_regular_price":718.99,"df_image_link":"https:\/\/koningdrone.be\/wp-content\/uploads\/sites\/13\/2025\/04\/4e27c984af7e87c1c3c9779099bd1e90@ultra-300x300.jpg","_links":{"self":[{"href":"https:\/\/koningdrone.be\/fr\/wp-json\/wp\/v2\/product\/5594","targetHints":{"allow":["GET"]}}],"collection":[{"href":"https:\/\/koningdrone.be\/fr\/wp-json\/wp\/v2\/product"}],"about":[{"href":"https:\/\/koningdrone.be\/fr\/wp-json\/wp\/v2\/types\/product"}],"wp:featuredmedia":[{"embeddable":true,"href":"https:\/\/koningdrone.be\/fr\/wp-json\/wp\/v2\/media\/5591"}],"wp:attachment":[{"href":"https:\/\/koningdrone.be\/fr\/wp-json\/wp\/v2\/media?parent=5594"}],"wp:term":[{"taxonomy":"product_brand","embeddable":true,"href":"https:\/\/koningdrone.be\/fr\/wp-json\/wp\/v2\/product_brand?post=5594"},{"taxonomy":"product_cat","embeddable":true,"href":"https:\/\/koningdrone.be\/fr\/wp-json\/wp\/v2\/product_cat?post=5594"},{"taxonomy":"product_tag","embeddable":true,"href":"https:\/\/koningdrone.be\/fr\/wp-json\/wp\/v2\/product_tag?post=5594"}],"curies":[{"name":"wp","href":"https:\/\/api.w.org\/{rel}","templated":true}]}}