{"id":5568,"date":"2022-11-02T09:13:47","date_gmt":"2022-11-02T08:13:47","guid":{"rendered":"https:\/\/koningdrone.nl\/kon\/product\/dji-action-3-extreme-battery\/"},"modified":"2026-04-29T04:00:02","modified_gmt":"2026-04-29T02:00:02","slug":"dji-action-3-extreme-battery","status":"publish","type":"product","link":"https:\/\/koningdrone.be\/fr\/produit\/dji-action-3-extreme-battery\/","title":{"rendered":"Osmo Action Extreme Batterie"},"content":{"rendered":"<p><strong>Performance robuste de la batterie<\/strong><\/p>\n<p> Cet appareil offre une grande autonomie et permet jusqu'\u00e0 160 minutes d'utilisation dans certaines conditions. Il offre des performances exceptionnelles en enregistrant en continu jusqu'\u00e0 150 minutes dans des conditions froides, telles que des temp\u00e9ratures allant jusqu'\u00e0 -20\u00b0C (-4\u00b0F).<\/p>\n<p><strong>Chargement rapide<\/strong><\/p>\n<p> En mati\u00e8re de charge, l'appareil se distingue par sa prise en charge efficace de la charge rapide PD (Power Delivery). Impressionnant, il peut charger jusqu'\u00e0 80% de sa capacit\u00e9 en seulement 18 minutes, ce qui vous permet de passer moins de temps devant une prise de courant et plus de temps \u00e0 l'action.<\/p>\n<p><strong>Conditions d'essai contr\u00f4l\u00e9es<\/strong><\/p>\n<p> L'autonomie annonc\u00e9e de 160 minutes a \u00e9t\u00e9 d\u00e9termin\u00e9e dans des conditions de laboratoire contr\u00f4l\u00e9es, \u00e0 une temp\u00e9rature ambiante de 25\u00b0C (77\u00b0F), l'appareil enregistrant des vid\u00e9os en 1080p\/30fps. Il est important de noter que la stabilisation \u00e9lectronique de l'image (EIS) et l'activation de l'\u00e9cran affectent consid\u00e9rablement ces r\u00e9sultats. Ces conditions contr\u00f4l\u00e9es sont essentielles pour comprendre les capacit\u00e9s de l'appareil.<\/p>\n<p><strong>Performance dans le monde r\u00e9el<\/strong><\/p>\n<p> Il est n\u00e9cessaire de souligner que, bien que ces chiffres aient \u00e9t\u00e9 obtenus dans des conditions de test sp\u00e9cifiques, les performances r\u00e9elles peuvent varier en fonction des conditions du monde r\u00e9el. La modification de facteurs tels que la temp\u00e9rature, les param\u00e8tres et l'utilisation peuvent affecter les performances et la dur\u00e9e de vie de la batterie de l'appareil. Les utilisateurs doivent donc tenir compte de ces variables lorsqu'ils \u00e9valuent les capacit\u00e9s de l'appareil.<\/p>\n<p><strong>Param\u00e8tres de charge sp\u00e9cifiques<\/strong><\/p>\n<p> La capacit\u00e9 de charge rapide a \u00e9t\u00e9 test\u00e9e dans un environnement de laboratoire \u00e0 25\u00b0C (77\u00b0F) \u00e0 l'aide d'un chargeur DJI 30W USB-C d\u00e9di\u00e9. Ces tests supposent que l'appareil n'est pas utilis\u00e9 pour prendre des photos ou enregistrer des vid\u00e9os et que l'\u00e9cran est \u00e9teint pendant la charge. Ces d\u00e9tails donnent un aper\u00e7u des conditions dans lesquelles l'appareil peut atteindre ses temps de charge rapide.<\/p>\n<p><\/p>","protected":false},"excerpt":{"rendered":"<ul>\n<li>L'autonomie de la batterie peut atteindre 160 minutes.<\/li>\n<li> Enregistrement continu jusqu'\u00e0 150 minutes \u00e0 -20\u00b0 C.<\/li>\n<li> Prise en charge de la charge rapide PD, 80% en 18 minutes.<\/li>\n<li> Les tests de performance optimale ont \u00e9t\u00e9 r\u00e9alis\u00e9s dans un environnement \u00e0 25\u00b0C.<\/li>\n<li> Compatibilit\u00e9 avec le chargeur DJI 30W USB-C.<\/li>\n<\/ul>","protected":false},"featured_media":5566,"template":"","meta":{"_acf_changed":false},"product_brand":[],"product_cat":[113,410,97,297,757],"product_tag":[],"class_list":{"0":"post-5568","1":"product","2":"type-product","3":"status-publish","4":"has-post-thumbnail","6":"product_cat-alle-batterijen","7":"product_cat-alle-handheld-gimbals","8":"product_cat-alle-producten","9":"product_cat-dji-osmo","10":"product_cat-dji-osmo-action","11":"product_shipping_class-acsystemsall","12":"pa_brand-dji","13":"pa_productfamily-batterij","14":"pa_producttype-batterij","15":"pa_series-osmo-mobile","17":"first","18":"instock","19":"taxable","20":"shipping-taxable","21":"purchasable","22":"product-type-simple"},"acf":[],"yoast_head":"<!-- This site is optimized with the Yoast SEO Premium plugin v27.2 (Yoast SEO v27.2) - https:\/\/yoast.com\/product\/yoast-seo-premium-wordpress\/ -->\n<title>Osmo Action Extreme Battery - koningdrone.be<\/title>\n<meta name=\"robots\" content=\"index, follow, max-snippet:-1, max-image-preview:large, max-video-preview:-1\" \/>\n<link rel=\"canonical\" href=\"https:\/\/koningdrone.be\/fr\/produit\/dji-action-3-extreme-battery\/\" \/>\n<meta property=\"og:locale\" content=\"fr_FR\" \/>\n<meta property=\"og:type\" content=\"article\" \/>\n<meta property=\"og:title\" content=\"Osmo Action Extreme Battery\" \/>\n<meta property=\"og:description\" content=\"Ondersteunt een batterijduur tot 160 minuten. Continue opname tot 150 minuten bij -20\u00b0 C. Ondersteunt PD snel opladen, 80% in 18 minuten. Optimale prestatietests uitgevoerd in een omgeving van 25\u00b0 C. Compatibiliteit met DJI 30W USB-C-oplader.\" \/>\n<meta property=\"og:url\" content=\"https:\/\/koningdrone.be\/fr\/produit\/dji-action-3-extreme-battery\/\" \/>\n<meta property=\"og:site_name\" content=\"koningdrone.be\" \/>\n<meta property=\"article:modified_time\" content=\"2026-04-29T02:00:02+00:00\" \/>\n<meta property=\"og:image\" content=\"https:\/\/koningdrone.be\/wp-content\/uploads\/sites\/13\/2025\/04\/d3a3f40e7bd628796031b124b1814b2e@large.jpg\" \/>\n\t<meta property=\"og:image:width\" content=\"1200\" \/>\n\t<meta property=\"og:image:height\" content=\"800\" \/>\n\t<meta property=\"og:image:type\" content=\"image\/jpeg\" \/>\n<meta name=\"twitter:card\" content=\"summary_large_image\" \/>\n<meta name=\"twitter:label1\" content=\"Dur\u00e9e de lecture est.\" \/>\n\t<meta name=\"twitter:data1\" content=\"1 minute\" \/>\n<script type=\"application\/ld+json\" class=\"yoast-schema-graph\">{\"@context\":\"https:\/\/schema.org\",\"@graph\":[{\"@type\":\"WebPage\",\"@id\":\"https:\/\/koningdrone.be\/product\/dji-action-3-extreme-battery\/\",\"url\":\"https:\/\/koningdrone.be\/product\/dji-action-3-extreme-battery\/\",\"name\":\"Osmo Action Extreme Battery - koningdrone.be\",\"isPartOf\":{\"@id\":\"https:\/\/koningdrone.be\/#website\"},\"primaryImageOfPage\":{\"@id\":\"https:\/\/koningdrone.be\/product\/dji-action-3-extreme-battery\/#primaryimage\"},\"image\":{\"@id\":\"https:\/\/koningdrone.be\/product\/dji-action-3-extreme-battery\/#primaryimage\"},\"thumbnailUrl\":\"https:\/\/koningdrone.be\/wp-content\/uploads\/sites\/13\/2025\/04\/d3a3f40e7bd628796031b124b1814b2e@large.jpg\",\"datePublished\":\"2022-11-02T08:13:47+00:00\",\"dateModified\":\"2026-04-29T02:00:02+00:00\",\"breadcrumb\":{\"@id\":\"https:\/\/koningdrone.be\/product\/dji-action-3-extreme-battery\/#breadcrumb\"},\"inLanguage\":\"fr-BE\",\"potentialAction\":[{\"@type\":\"ReadAction\",\"target\":[\"https:\/\/koningdrone.be\/product\/dji-action-3-extreme-battery\/\"]}]},{\"@type\":\"ImageObject\",\"inLanguage\":\"fr-BE\",\"@id\":\"https:\/\/koningdrone.be\/product\/dji-action-3-extreme-battery\/#primaryimage\",\"url\":\"https:\/\/koningdrone.be\/wp-content\/uploads\/sites\/13\/2025\/04\/d3a3f40e7bd628796031b124b1814b2e@large.jpg\",\"contentUrl\":\"https:\/\/koningdrone.be\/wp-content\/uploads\/sites\/13\/2025\/04\/d3a3f40e7bd628796031b124b1814b2e@large.jpg\",\"width\":1200,\"height\":800},{\"@type\":\"BreadcrumbList\",\"@id\":\"https:\/\/koningdrone.be\/product\/dji-action-3-extreme-battery\/#breadcrumb\",\"itemListElement\":[{\"@type\":\"ListItem\",\"position\":1,\"name\":\"Home\",\"item\":\"https:\/\/koningdrone.be\/\"},{\"@type\":\"ListItem\",\"position\":2,\"name\":\"AVSS Parachute Recovery System for DJI Matrice 300\/350\",\"item\":\"https:\/\/koningdrone.be\/product\/avss-parachute-recovery-system-for-dji-matrice-300-350\/\"},{\"@type\":\"ListItem\",\"position\":3,\"name\":\"Alle batterijen\",\"item\":\"https:\/\/koningdrone.be\/categorie\/alle-batterijen\/\"},{\"@type\":\"ListItem\",\"position\":4,\"name\":\"Osmo Action Extreme Battery\"}]},{\"@type\":\"WebSite\",\"@id\":\"https:\/\/koningdrone.be\/#website\",\"url\":\"https:\/\/koningdrone.be\/\",\"name\":\"Koningdrone.be - Uw online specialist in drones, gimbals, camera's en power stations.\",\"description\":\"De webshop in drones en gimbals\",\"publisher\":{\"@id\":\"https:\/\/koningdrone.be\/#organization\"},\"potentialAction\":[{\"@type\":\"SearchAction\",\"target\":{\"@type\":\"EntryPoint\",\"urlTemplate\":\"https:\/\/koningdrone.be\/?s={search_term_string}\"},\"query-input\":{\"@type\":\"PropertyValueSpecification\",\"valueRequired\":true,\"valueName\":\"search_term_string\"}}],\"inLanguage\":\"fr-BE\"},{\"@type\":\"Organization\",\"@id\":\"https:\/\/koningdrone.be\/#organization\",\"name\":\"Koningdrone.be\",\"url\":\"https:\/\/koningdrone.be\/\",\"logo\":{\"@type\":\"ImageObject\",\"inLanguage\":\"fr-BE\",\"@id\":\"https:\/\/koningdrone.be\/#\/schema\/logo\/image\/\",\"url\":\"https:\/\/koningdrone.be\/wp-content\/uploads\/sites\/13\/2025\/04\/koningdrone-copyright-logo.svg\",\"contentUrl\":\"https:\/\/koningdrone.be\/wp-content\/uploads\/sites\/13\/2025\/04\/koningdrone-copyright-logo.svg\",\"width\":227,\"height\":38,\"caption\":\"Koningdrone.be\"},\"image\":{\"@id\":\"https:\/\/koningdrone.be\/#\/schema\/logo\/image\/\"}}]}<\/script>\n<!-- \/ Yoast SEO Premium plugin. -->","yoast_head_json":{"title":"Osmo Action Extreme Battery - koningdrone.be","robots":{"index":"index","follow":"follow","max-snippet":"max-snippet:-1","max-image-preview":"max-image-preview:large","max-video-preview":"max-video-preview:-1"},"canonical":"https:\/\/koningdrone.be\/fr\/produit\/dji-action-3-extreme-battery\/","og_locale":"fr_FR","og_type":"article","og_title":"Osmo Action Extreme Battery","og_description":"Ondersteunt een batterijduur tot 160 minuten. Continue opname tot 150 minuten bij -20\u00b0 C. Ondersteunt PD snel opladen, 80% in 18 minuten. Optimale prestatietests uitgevoerd in een omgeving van 25\u00b0 C. Compatibiliteit met DJI 30W USB-C-oplader.","og_url":"https:\/\/koningdrone.be\/fr\/produit\/dji-action-3-extreme-battery\/","og_site_name":"koningdrone.be","article_modified_time":"2026-04-29T02:00:02+00:00","og_image":[{"width":1200,"height":800,"url":"https:\/\/koningdrone.be\/wp-content\/uploads\/sites\/13\/2025\/04\/d3a3f40e7bd628796031b124b1814b2e@large.jpg","type":"image\/jpeg"}],"twitter_card":"summary_large_image","twitter_misc":{"Dur\u00e9e de lecture est.":"1 minute"},"schema":{"@context":"https:\/\/schema.org","@graph":[{"@type":"WebPage","@id":"https:\/\/koningdrone.be\/product\/dji-action-3-extreme-battery\/","url":"https:\/\/koningdrone.be\/product\/dji-action-3-extreme-battery\/","name":"Osmo Action Extreme Battery - koningdrone.be","isPartOf":{"@id":"https:\/\/koningdrone.be\/#website"},"primaryImageOfPage":{"@id":"https:\/\/koningdrone.be\/product\/dji-action-3-extreme-battery\/#primaryimage"},"image":{"@id":"https:\/\/koningdrone.be\/product\/dji-action-3-extreme-battery\/#primaryimage"},"thumbnailUrl":"https:\/\/koningdrone.be\/wp-content\/uploads\/sites\/13\/2025\/04\/d3a3f40e7bd628796031b124b1814b2e@large.jpg","datePublished":"2022-11-02T08:13:47+00:00","dateModified":"2026-04-29T02:00:02+00:00","breadcrumb":{"@id":"https:\/\/koningdrone.be\/product\/dji-action-3-extreme-battery\/#breadcrumb"},"inLanguage":"fr-BE","potentialAction":[{"@type":"ReadAction","target":["https:\/\/koningdrone.be\/product\/dji-action-3-extreme-battery\/"]}]},{"@type":"ImageObject","inLanguage":"fr-BE","@id":"https:\/\/koningdrone.be\/product\/dji-action-3-extreme-battery\/#primaryimage","url":"https:\/\/koningdrone.be\/wp-content\/uploads\/sites\/13\/2025\/04\/d3a3f40e7bd628796031b124b1814b2e@large.jpg","contentUrl":"https:\/\/koningdrone.be\/wp-content\/uploads\/sites\/13\/2025\/04\/d3a3f40e7bd628796031b124b1814b2e@large.jpg","width":1200,"height":800},{"@type":"BreadcrumbList","@id":"https:\/\/koningdrone.be\/product\/dji-action-3-extreme-battery\/#breadcrumb","itemListElement":[{"@type":"ListItem","position":1,"name":"Home","item":"https:\/\/koningdrone.be\/"},{"@type":"ListItem","position":2,"name":"AVSS Parachute Recovery System for DJI Matrice 300\/350","item":"https:\/\/koningdrone.be\/product\/avss-parachute-recovery-system-for-dji-matrice-300-350\/"},{"@type":"ListItem","position":3,"name":"Alle batterijen","item":"https:\/\/koningdrone.be\/categorie\/alle-batterijen\/"},{"@type":"ListItem","position":4,"name":"Osmo Action Extreme Battery"}]},{"@type":"WebSite","@id":"https:\/\/koningdrone.be\/#website","url":"https:\/\/koningdrone.be\/","name":"Koningdrone.be - Votre sp\u00e9cialiste en ligne en mati\u00e8re de drones, de cardans, de cam\u00e9ras et de centrales \u00e9lectriques.","description":"La boutique en ligne de drones et de cardans","publisher":{"@id":"https:\/\/koningdrone.be\/#organization"},"potentialAction":[{"@type":"SearchAction","target":{"@type":"EntryPoint","urlTemplate":"https:\/\/koningdrone.be\/?s={search_term_string}"},"query-input":{"@type":"PropertyValueSpecification","valueRequired":true,"valueName":"search_term_string"}}],"inLanguage":"fr-BE"},{"@type":"Organization","@id":"https:\/\/koningdrone.be\/#organization","name":"Kingdrone.co.uk","url":"https:\/\/koningdrone.be\/","logo":{"@type":"ImageObject","inLanguage":"fr-BE","@id":"https:\/\/koningdrone.be\/#\/schema\/logo\/image\/","url":"https:\/\/koningdrone.be\/wp-content\/uploads\/sites\/13\/2025\/04\/koningdrone-copyright-logo.svg","contentUrl":"https:\/\/koningdrone.be\/wp-content\/uploads\/sites\/13\/2025\/04\/koningdrone-copyright-logo.svg","width":227,"height":38,"caption":"Koningdrone.be"},"image":{"@id":"https:\/\/koningdrone.be\/#\/schema\/logo\/image\/"}}]}},"df_price":33,"df_sale_price":"","df_regular_price":33,"df_image_link":"https:\/\/koningdrone.be\/wp-content\/uploads\/sites\/13\/2025\/04\/d3a3f40e7bd628796031b124b1814b2e@large-300x200.jpg","_links":{"self":[{"href":"https:\/\/koningdrone.be\/fr\/wp-json\/wp\/v2\/product\/5568","targetHints":{"allow":["GET"]}}],"collection":[{"href":"https:\/\/koningdrone.be\/fr\/wp-json\/wp\/v2\/product"}],"about":[{"href":"https:\/\/koningdrone.be\/fr\/wp-json\/wp\/v2\/types\/product"}],"wp:featuredmedia":[{"embeddable":true,"href":"https:\/\/koningdrone.be\/fr\/wp-json\/wp\/v2\/media\/5566"}],"wp:attachment":[{"href":"https:\/\/koningdrone.be\/fr\/wp-json\/wp\/v2\/media?parent=5568"}],"wp:term":[{"taxonomy":"product_brand","embeddable":true,"href":"https:\/\/koningdrone.be\/fr\/wp-json\/wp\/v2\/product_brand?post=5568"},{"taxonomy":"product_cat","embeddable":true,"href":"https:\/\/koningdrone.be\/fr\/wp-json\/wp\/v2\/product_cat?post=5568"},{"taxonomy":"product_tag","embeddable":true,"href":"https:\/\/koningdrone.be\/fr\/wp-json\/wp\/v2\/product_tag?post=5568"}],"curies":[{"name":"wp","href":"https:\/\/api.w.org\/{rel}","templated":true}]}}