{"id":5565,"date":"2022-11-02T09:13:47","date_gmt":"2022-11-02T08:13:47","guid":{"rendered":"https:\/\/koningdrone.nl\/kon\/product\/dji-action-3-waterproof-case\/"},"modified":"2026-04-29T03:51:06","modified_gmt":"2026-04-29T01:51:06","slug":"dji-action-3-waterproof-case","status":"publish","type":"product","link":"https:\/\/koningdrone.be\/fr\/produit\/dji-action-3-waterproof-case\/","title":{"rendered":"Osmo Action 60m Waterproof Case"},"content":{"rendered":"<p><strong>Protection imperm\u00e9able exceptionnelle<\/strong><\/p>\n<p> Ce produit offre une protection \u00e9tanche exceptionnelle, permettant aux plongeurs d'atteindre une profondeur de 60 m\u00e8tres. Cette capacit\u00e9 augmente consid\u00e9rablement les possibilit\u00e9s d'exploration et de capture de sc\u00e8nes sous-marines.<\/p>\n<p><strong>Verre haute r\u00e9sistance pour une vision claire<\/strong><\/p>\n<p> Il contient du verre de haute qualit\u00e9 pour garantir aux utilisateurs une image claire et fiable lors de l'exploration des mondes sous-marins.<\/p>\n<p><strong>Assurer une \u00e9tanch\u00e9it\u00e9 optimale<\/strong><\/p>\n<p> Pour garantir des performances \u00e9tanches optimales, il est essentiel de fermer correctement le couvercle du compartiment de la batterie et le port USB-C avant l'utilisation, et de bien serrer le couvercle de l'objectif.<\/p>\n<p><strong>Nombreuses activit\u00e9s sous-marines<\/strong><\/p>\n<p> Pour les activit\u00e9s sous-marines de longue dur\u00e9e ou dans les situations o\u00f9 la pression de l'eau est significativement \u00e9lev\u00e9e, l'utilisation du bo\u00eetier \u00e9tanche est recommand\u00e9e. Le bo\u00eetier \u00e9tanche de l'Osmo Action 3 est con\u00e7u pour r\u00e9pondre aux normes d'\u00e9tanch\u00e9it\u00e9 IP68, garantissant un haut niveau de protection contre les intrusions d'eau.<\/p>\n<p><strong>Note importante \u00e0 l'attention de l'utilisateur<\/strong><\/p>\n<p> Veuillez noter que cet appareil photo ne doit pas \u00eatre utilis\u00e9 dans des sources d'eau chaude ou expos\u00e9 \u00e0 des liquides corrosifs afin d'\u00e9viter tout dommage.<\/p>\n<p><\/p>","protected":false},"excerpt":{"rendered":"<ul>\n<li>Protection \u00e9tanche jusqu'\u00e0 60 m\u00e8tres de profondeur<\/li>\n<li> Verre tr\u00e8s r\u00e9sistant pour une vision claire<\/li>\n<li> Contient des pr\u00e9cautions pour une utilisation s\u00fbre<\/li>\n<li> Recommand\u00e9 pour les prises de vue sous-marines de longue dur\u00e9e<\/li>\n<li> Bo\u00eetier \u00e9tanche Osmo Action 3 avec indice de protection IP68<\/li>\n<li> Ne convient pas pour les sources chaudes ou les liquides corrosifs<\/li>\n<\/ul>","protected":false},"featured_media":5561,"template":"","meta":{"_acf_changed":false},"product_brand":[],"product_cat":[756,410,97,297,757],"product_tag":[],"class_list":{"0":"post-5565","1":"product","2":"type-product","3":"status-publish","4":"has-post-thumbnail","6":"product_cat-accessoires","7":"product_cat-alle-handheld-gimbals","8":"product_cat-alle-producten","9":"product_cat-dji-osmo","10":"product_cat-dji-osmo-action","11":"product_shipping_class-acsystemsall","12":"pa_brand-dji","13":"pa_productfamily-waterproof-case","14":"pa_producttype-waterproof-case","15":"pa_series-osmo-mobile","17":"first","18":"instock","19":"taxable","20":"shipping-taxable","21":"purchasable","22":"product-type-simple"},"acf":[],"yoast_head":"<!-- This site is optimized with the Yoast SEO Premium plugin v27.2 (Yoast SEO v27.2) - https:\/\/yoast.com\/product\/yoast-seo-premium-wordpress\/ -->\n<title>Osmo Action 60m Waterproof Case - koningdrone.be<\/title>\n<meta name=\"robots\" content=\"index, follow, max-snippet:-1, max-image-preview:large, max-video-preview:-1\" \/>\n<link rel=\"canonical\" href=\"https:\/\/koningdrone.be\/fr\/produit\/dji-action-3-waterproof-case\/\" \/>\n<meta property=\"og:locale\" content=\"fr_FR\" \/>\n<meta property=\"og:type\" content=\"article\" \/>\n<meta property=\"og:title\" content=\"Osmo Action 60m Waterproof Case\" \/>\n<meta property=\"og:description\" content=\"Waterdichte bescherming tot 60 meter diepte Zeer sterk glas voor helder zicht Bevat voorzorgsmaatregelen voor veilig gebruik Aanbevolen voor langdurige onderwateropnamen Osmo Action 3 waterdichte behuizing met IP68-classificatie Niet geschikt voor warmwaterbronnen of bijtende vloeistoffen\" \/>\n<meta property=\"og:url\" content=\"https:\/\/koningdrone.be\/fr\/produit\/dji-action-3-waterproof-case\/\" \/>\n<meta property=\"og:site_name\" content=\"koningdrone.be\" \/>\n<meta property=\"article:modified_time\" content=\"2026-04-29T01:51:06+00:00\" \/>\n<meta property=\"og:image\" content=\"https:\/\/koningdrone.be\/wp-content\/uploads\/sites\/13\/2025\/04\/fe824daf1a27270466f3d670dcbe6b3a@large.jpg\" \/>\n\t<meta property=\"og:image:width\" content=\"1200\" \/>\n\t<meta property=\"og:image:height\" content=\"800\" \/>\n\t<meta property=\"og:image:type\" content=\"image\/jpeg\" \/>\n<meta name=\"twitter:card\" content=\"summary_large_image\" \/>\n<meta name=\"twitter:label1\" content=\"Dur\u00e9e de lecture est.\" \/>\n\t<meta name=\"twitter:data1\" content=\"1 minute\" \/>\n<script type=\"application\/ld+json\" class=\"yoast-schema-graph\">{\"@context\":\"https:\/\/schema.org\",\"@graph\":[{\"@type\":\"WebPage\",\"@id\":\"https:\/\/koningdrone.be\/product\/dji-action-3-waterproof-case\/\",\"url\":\"https:\/\/koningdrone.be\/product\/dji-action-3-waterproof-case\/\",\"name\":\"Osmo Action 60m Waterproof Case - koningdrone.be\",\"isPartOf\":{\"@id\":\"https:\/\/koningdrone.be\/#website\"},\"primaryImageOfPage\":{\"@id\":\"https:\/\/koningdrone.be\/product\/dji-action-3-waterproof-case\/#primaryimage\"},\"image\":{\"@id\":\"https:\/\/koningdrone.be\/product\/dji-action-3-waterproof-case\/#primaryimage\"},\"thumbnailUrl\":\"https:\/\/koningdrone.be\/wp-content\/uploads\/sites\/13\/2025\/04\/fe824daf1a27270466f3d670dcbe6b3a@large.jpg\",\"datePublished\":\"2022-11-02T08:13:47+00:00\",\"dateModified\":\"2026-04-29T01:51:06+00:00\",\"breadcrumb\":{\"@id\":\"https:\/\/koningdrone.be\/product\/dji-action-3-waterproof-case\/#breadcrumb\"},\"inLanguage\":\"fr-BE\",\"potentialAction\":[{\"@type\":\"ReadAction\",\"target\":[\"https:\/\/koningdrone.be\/product\/dji-action-3-waterproof-case\/\"]}]},{\"@type\":\"ImageObject\",\"inLanguage\":\"fr-BE\",\"@id\":\"https:\/\/koningdrone.be\/product\/dji-action-3-waterproof-case\/#primaryimage\",\"url\":\"https:\/\/koningdrone.be\/wp-content\/uploads\/sites\/13\/2025\/04\/fe824daf1a27270466f3d670dcbe6b3a@large.jpg\",\"contentUrl\":\"https:\/\/koningdrone.be\/wp-content\/uploads\/sites\/13\/2025\/04\/fe824daf1a27270466f3d670dcbe6b3a@large.jpg\",\"width\":1200,\"height\":800},{\"@type\":\"BreadcrumbList\",\"@id\":\"https:\/\/koningdrone.be\/product\/dji-action-3-waterproof-case\/#breadcrumb\",\"itemListElement\":[{\"@type\":\"ListItem\",\"position\":1,\"name\":\"Home\",\"item\":\"https:\/\/koningdrone.be\/\"},{\"@type\":\"ListItem\",\"position\":2,\"name\":\"AVSS Parachute Recovery System for DJI Matrice 300\/350\",\"item\":\"https:\/\/koningdrone.be\/product\/avss-parachute-recovery-system-for-dji-matrice-300-350\/\"},{\"@type\":\"ListItem\",\"position\":3,\"name\":\"Accessoires\",\"item\":\"https:\/\/koningdrone.be\/categorie\/accessoires\/\"},{\"@type\":\"ListItem\",\"position\":4,\"name\":\"Osmo Action 60m Waterproof Case\"}]},{\"@type\":\"WebSite\",\"@id\":\"https:\/\/koningdrone.be\/#website\",\"url\":\"https:\/\/koningdrone.be\/\",\"name\":\"Koningdrone.be - Uw online specialist in drones, gimbals, camera's en power stations.\",\"description\":\"De webshop in drones en gimbals\",\"publisher\":{\"@id\":\"https:\/\/koningdrone.be\/#organization\"},\"potentialAction\":[{\"@type\":\"SearchAction\",\"target\":{\"@type\":\"EntryPoint\",\"urlTemplate\":\"https:\/\/koningdrone.be\/?s={search_term_string}\"},\"query-input\":{\"@type\":\"PropertyValueSpecification\",\"valueRequired\":true,\"valueName\":\"search_term_string\"}}],\"inLanguage\":\"fr-BE\"},{\"@type\":\"Organization\",\"@id\":\"https:\/\/koningdrone.be\/#organization\",\"name\":\"Koningdrone.be\",\"url\":\"https:\/\/koningdrone.be\/\",\"logo\":{\"@type\":\"ImageObject\",\"inLanguage\":\"fr-BE\",\"@id\":\"https:\/\/koningdrone.be\/#\/schema\/logo\/image\/\",\"url\":\"https:\/\/koningdrone.be\/wp-content\/uploads\/sites\/13\/2025\/04\/koningdrone-copyright-logo.svg\",\"contentUrl\":\"https:\/\/koningdrone.be\/wp-content\/uploads\/sites\/13\/2025\/04\/koningdrone-copyright-logo.svg\",\"width\":227,\"height\":38,\"caption\":\"Koningdrone.be\"},\"image\":{\"@id\":\"https:\/\/koningdrone.be\/#\/schema\/logo\/image\/\"}}]}<\/script>\n<!-- \/ Yoast SEO Premium plugin. -->","yoast_head_json":{"title":"Osmo Action 60m Waterproof Case - koningdrone.be","robots":{"index":"index","follow":"follow","max-snippet":"max-snippet:-1","max-image-preview":"max-image-preview:large","max-video-preview":"max-video-preview:-1"},"canonical":"https:\/\/koningdrone.be\/fr\/produit\/dji-action-3-waterproof-case\/","og_locale":"fr_FR","og_type":"article","og_title":"Osmo Action 60m Waterproof Case","og_description":"Waterdichte bescherming tot 60 meter diepte Zeer sterk glas voor helder zicht Bevat voorzorgsmaatregelen voor veilig gebruik Aanbevolen voor langdurige onderwateropnamen Osmo Action 3 waterdichte behuizing met IP68-classificatie Niet geschikt voor warmwaterbronnen of bijtende vloeistoffen","og_url":"https:\/\/koningdrone.be\/fr\/produit\/dji-action-3-waterproof-case\/","og_site_name":"koningdrone.be","article_modified_time":"2026-04-29T01:51:06+00:00","og_image":[{"width":1200,"height":800,"url":"https:\/\/koningdrone.be\/wp-content\/uploads\/sites\/13\/2025\/04\/fe824daf1a27270466f3d670dcbe6b3a@large.jpg","type":"image\/jpeg"}],"twitter_card":"summary_large_image","twitter_misc":{"Dur\u00e9e de lecture est.":"1 minute"},"schema":{"@context":"https:\/\/schema.org","@graph":[{"@type":"WebPage","@id":"https:\/\/koningdrone.be\/product\/dji-action-3-waterproof-case\/","url":"https:\/\/koningdrone.be\/product\/dji-action-3-waterproof-case\/","name":"Osmo Action 60m Waterproof Case - koningdrone.be","isPartOf":{"@id":"https:\/\/koningdrone.be\/#website"},"primaryImageOfPage":{"@id":"https:\/\/koningdrone.be\/product\/dji-action-3-waterproof-case\/#primaryimage"},"image":{"@id":"https:\/\/koningdrone.be\/product\/dji-action-3-waterproof-case\/#primaryimage"},"thumbnailUrl":"https:\/\/koningdrone.be\/wp-content\/uploads\/sites\/13\/2025\/04\/fe824daf1a27270466f3d670dcbe6b3a@large.jpg","datePublished":"2022-11-02T08:13:47+00:00","dateModified":"2026-04-29T01:51:06+00:00","breadcrumb":{"@id":"https:\/\/koningdrone.be\/product\/dji-action-3-waterproof-case\/#breadcrumb"},"inLanguage":"fr-BE","potentialAction":[{"@type":"ReadAction","target":["https:\/\/koningdrone.be\/product\/dji-action-3-waterproof-case\/"]}]},{"@type":"ImageObject","inLanguage":"fr-BE","@id":"https:\/\/koningdrone.be\/product\/dji-action-3-waterproof-case\/#primaryimage","url":"https:\/\/koningdrone.be\/wp-content\/uploads\/sites\/13\/2025\/04\/fe824daf1a27270466f3d670dcbe6b3a@large.jpg","contentUrl":"https:\/\/koningdrone.be\/wp-content\/uploads\/sites\/13\/2025\/04\/fe824daf1a27270466f3d670dcbe6b3a@large.jpg","width":1200,"height":800},{"@type":"BreadcrumbList","@id":"https:\/\/koningdrone.be\/product\/dji-action-3-waterproof-case\/#breadcrumb","itemListElement":[{"@type":"ListItem","position":1,"name":"Home","item":"https:\/\/koningdrone.be\/"},{"@type":"ListItem","position":2,"name":"AVSS Parachute Recovery System for DJI Matrice 300\/350","item":"https:\/\/koningdrone.be\/product\/avss-parachute-recovery-system-for-dji-matrice-300-350\/"},{"@type":"ListItem","position":3,"name":"Accessoires","item":"https:\/\/koningdrone.be\/categorie\/accessoires\/"},{"@type":"ListItem","position":4,"name":"Osmo Action 60m Waterproof Case"}]},{"@type":"WebSite","@id":"https:\/\/koningdrone.be\/#website","url":"https:\/\/koningdrone.be\/","name":"Koningdrone.be - Votre sp\u00e9cialiste en ligne en mati\u00e8re de drones, de cardans, de cam\u00e9ras et de centrales \u00e9lectriques.","description":"La boutique en ligne de drones et de cardans","publisher":{"@id":"https:\/\/koningdrone.be\/#organization"},"potentialAction":[{"@type":"SearchAction","target":{"@type":"EntryPoint","urlTemplate":"https:\/\/koningdrone.be\/?s={search_term_string}"},"query-input":{"@type":"PropertyValueSpecification","valueRequired":true,"valueName":"search_term_string"}}],"inLanguage":"fr-BE"},{"@type":"Organization","@id":"https:\/\/koningdrone.be\/#organization","name":"Kingdrone.co.uk","url":"https:\/\/koningdrone.be\/","logo":{"@type":"ImageObject","inLanguage":"fr-BE","@id":"https:\/\/koningdrone.be\/#\/schema\/logo\/image\/","url":"https:\/\/koningdrone.be\/wp-content\/uploads\/sites\/13\/2025\/04\/koningdrone-copyright-logo.svg","contentUrl":"https:\/\/koningdrone.be\/wp-content\/uploads\/sites\/13\/2025\/04\/koningdrone-copyright-logo.svg","width":227,"height":38,"caption":"Koningdrone.be"},"image":{"@id":"https:\/\/koningdrone.be\/#\/schema\/logo\/image\/"}}]}},"df_price":59,"df_sale_price":"","df_regular_price":59,"df_image_link":"https:\/\/koningdrone.be\/wp-content\/uploads\/sites\/13\/2025\/04\/fe824daf1a27270466f3d670dcbe6b3a@large-300x200.jpg","_links":{"self":[{"href":"https:\/\/koningdrone.be\/fr\/wp-json\/wp\/v2\/product\/5565","targetHints":{"allow":["GET"]}}],"collection":[{"href":"https:\/\/koningdrone.be\/fr\/wp-json\/wp\/v2\/product"}],"about":[{"href":"https:\/\/koningdrone.be\/fr\/wp-json\/wp\/v2\/types\/product"}],"wp:featuredmedia":[{"embeddable":true,"href":"https:\/\/koningdrone.be\/fr\/wp-json\/wp\/v2\/media\/5561"}],"wp:attachment":[{"href":"https:\/\/koningdrone.be\/fr\/wp-json\/wp\/v2\/media?parent=5565"}],"wp:term":[{"taxonomy":"product_brand","embeddable":true,"href":"https:\/\/koningdrone.be\/fr\/wp-json\/wp\/v2\/product_brand?post=5565"},{"taxonomy":"product_cat","embeddable":true,"href":"https:\/\/koningdrone.be\/fr\/wp-json\/wp\/v2\/product_cat?post=5565"},{"taxonomy":"product_tag","embeddable":true,"href":"https:\/\/koningdrone.be\/fr\/wp-json\/wp\/v2\/product_tag?post=5565"}],"curies":[{"name":"wp","href":"https:\/\/api.w.org\/{rel}","templated":true}]}}