{"id":5548,"date":"2022-11-02T09:13:47","date_gmt":"2022-11-02T08:13:47","guid":{"rendered":"https:\/\/koningdrone.nl\/kon\/product\/dji-avata-fly-more-kit\/"},"modified":"2026-04-29T03:50:41","modified_gmt":"2026-04-29T01:50:41","slug":"dji-avata-fly-more-kit","status":"publish","type":"product","link":"https:\/\/koningdrone.be\/fr\/produit\/dji-avata-fly-more-kit\/","title":{"rendered":"Kit DJI Avata Fly More"},"content":{"rendered":"<p><strong>Kit de vol complet<\/strong><\/p>\n<p> Le kit DJI Avata Fly More se distingue comme une solution group\u00e9e rentable, offrant aux passionn\u00e9s deux batteries de vol intelligentes combin\u00e9es \u00e0 un concentrateur de charge de batterie. Cette combinaison garantit des temps de vol plus longs, ce qui en fait un achat essentiel pour ceux qui cherchent \u00e0 maximiser leur exp\u00e9rience de vol sans se soucier constamment des niveaux de puissance.<\/p>\n<p><strong>Dur\u00e9e de vol prolong\u00e9e<\/strong><\/p>\n<p> Chaque batterie de vol intelligente du kit a une capacit\u00e9 de 35,71 Wh, ce qui se traduit par une dur\u00e9e de vol impressionnante d'environ 18 minutes dans des conditions id\u00e9ales. Ces conditions correspondent g\u00e9n\u00e9ralement \u00e0 des vols effectu\u00e9s dans des environnements calmes et sans vent. Cette dur\u00e9e de vol plus longue est un avantage significatif pour les pilotes, car elle permet de prolonger les p\u00e9riodes de reconnaissance et d'enregistrement.<\/p>\n<p><strong>Gestion intelligente de la batterie<\/strong><\/p>\n<p> L'int\u00e9gration du syst\u00e8me de gestion intelligente de la batterie DJI dans ces batteries marque un bond en avant en mati\u00e8re de commodit\u00e9 et de s\u00e9curit\u00e9. En surveillant activement l'\u00e9tat de la batterie en temps r\u00e9el, ce syst\u00e8me \u00e9vite aux pilotes de se pr\u00e9occuper des niveaux de puissance. Il permet au contraire de se concentrer sur le vol, sachant que le syst\u00e8me garantit l'efficacit\u00e9 et la s\u00e9curit\u00e9 de la batterie.<\/p>\n<p><strong>Concentrateur de charge efficace<\/strong><\/p>\n<p> Le DJI Avata Battery Charging Hub compl\u00e8te les batteries de vol intelligentes en rationalisant le processus de chargement. Capable de charger jusqu'\u00e0 quatre batteries de mani\u00e8re s\u00e9quentielle, le hub am\u00e9liore l'efficacit\u00e9 de la charge. Cela signifie que les temps d'arr\u00eat entre les vols sont consid\u00e9rablement r\u00e9duits, ce qui permet aux pilotes de passer plus de temps en vol et moins de temps \u00e0 attendre que les batteries se rechargent.<\/p>\n<p><\/p>","protected":false},"excerpt":{"rendered":"<ul>\n<li>Plus rentable que les achats individuels<\/li>\n<li> Comprend deux piles Intelligent Flight<\/li>\n<li> Livr\u00e9 avec un concentrateur de charge de batterie<\/li>\n<li> Capacit\u00e9 nominale de 35,71 Wh par batterie<\/li>\n<li> Environ 18 minutes de vol par charge<\/li>\n<li> Syst\u00e8me intelligent de gestion de la batterie DJI int\u00e9gr\u00e9<\/li>\n<li> Contr\u00f4le en temps r\u00e9el de l'\u00e9tat de la batterie<\/li>\n<li> Le concentrateur de charge permet de charger quatre batteries \u00e0 la suite<\/li>\n<li> Am\u00e9lioration de l'efficacit\u00e9 du chargement<\/li>\n<\/ul>","protected":false},"featured_media":5546,"template":"","meta":{"_acf_changed":false},"product_brand":[],"product_cat":[113,135,111,1132,261],"product_tag":[],"class_list":{"0":"post-5548","1":"product","2":"type-product","3":"status-publish","4":"has-post-thumbnail","6":"product_cat-alle-batterijen","7":"product_cat-alle-drones","8":"product_cat-alle-opladers","9":"product_cat-alle-productens","10":"product_cat-dji-avata","11":"product_shipping_class-acsystemsall","12":"pa_brand-dji","13":"pa_productfamily-flymore-pakket","14":"pa_producttype-flymore-pakket","15":"pa_series-avata","17":"first","18":"instock","19":"taxable","20":"shipping-taxable","21":"purchasable","22":"product-type-simple"},"acf":[],"yoast_head":"<!-- This site is optimized with the Yoast SEO Premium plugin v27.2 (Yoast SEO v27.2) - https:\/\/yoast.com\/product\/yoast-seo-premium-wordpress\/ -->\n<title>DJI Avata Fly More Kit - koningdrone.be<\/title>\n<meta name=\"robots\" content=\"index, follow, max-snippet:-1, max-image-preview:large, max-video-preview:-1\" \/>\n<link rel=\"canonical\" href=\"https:\/\/koningdrone.be\/fr\/produit\/dji-avata-fly-more-kit\/\" \/>\n<meta property=\"og:locale\" content=\"fr_FR\" \/>\n<meta property=\"og:type\" content=\"article\" \/>\n<meta property=\"og:title\" content=\"DJI Avata Fly More Kit\" \/>\n<meta property=\"og:description\" content=\"Kosteneffectiever dan individuele aankopen Inclusief twee Intelligent Flight-batterijen Wordt geleverd met een batterijoplaadhub Nominale capaciteit van 35,71 Wh per batterij Ongeveer 18 minuten vliegtijd per oplaadbeurt Ingebouwd DJI intelligent batterijbeheersysteem Realtime monitoring van de batterijstatus Charging Hub laadt vier batterijen achter elkaar op Verbeterde laadeffici\u00ebntie\" \/>\n<meta property=\"og:url\" content=\"https:\/\/koningdrone.be\/fr\/produit\/dji-avata-fly-more-kit\/\" \/>\n<meta property=\"og:site_name\" content=\"koningdrone.be\" \/>\n<meta property=\"article:modified_time\" content=\"2026-04-29T01:50:41+00:00\" \/>\n<meta property=\"og:image\" content=\"https:\/\/koningdrone.be\/wp-content\/uploads\/sites\/13\/2025\/04\/1ba43f2239a2319d913b52325b690c76@large.jpg\" \/>\n\t<meta property=\"og:image:width\" content=\"1200\" \/>\n\t<meta property=\"og:image:height\" content=\"800\" \/>\n\t<meta property=\"og:image:type\" content=\"image\/jpeg\" \/>\n<meta name=\"twitter:card\" content=\"summary_large_image\" \/>\n<meta name=\"twitter:label1\" content=\"Dur\u00e9e de lecture est.\" \/>\n\t<meta name=\"twitter:data1\" content=\"1 minute\" \/>\n<script type=\"application\/ld+json\" class=\"yoast-schema-graph\">{\"@context\":\"https:\/\/schema.org\",\"@graph\":[{\"@type\":\"WebPage\",\"@id\":\"https:\/\/koningdrone.be\/product\/dji-avata-fly-more-kit\/\",\"url\":\"https:\/\/koningdrone.be\/product\/dji-avata-fly-more-kit\/\",\"name\":\"DJI Avata Fly More Kit - koningdrone.be\",\"isPartOf\":{\"@id\":\"https:\/\/koningdrone.be\/#website\"},\"primaryImageOfPage\":{\"@id\":\"https:\/\/koningdrone.be\/product\/dji-avata-fly-more-kit\/#primaryimage\"},\"image\":{\"@id\":\"https:\/\/koningdrone.be\/product\/dji-avata-fly-more-kit\/#primaryimage\"},\"thumbnailUrl\":\"https:\/\/koningdrone.be\/wp-content\/uploads\/sites\/13\/2025\/04\/1ba43f2239a2319d913b52325b690c76@large.jpg\",\"datePublished\":\"2022-11-02T08:13:47+00:00\",\"dateModified\":\"2026-04-29T01:50:41+00:00\",\"breadcrumb\":{\"@id\":\"https:\/\/koningdrone.be\/product\/dji-avata-fly-more-kit\/#breadcrumb\"},\"inLanguage\":\"fr-BE\",\"potentialAction\":[{\"@type\":\"ReadAction\",\"target\":[\"https:\/\/koningdrone.be\/product\/dji-avata-fly-more-kit\/\"]}]},{\"@type\":\"ImageObject\",\"inLanguage\":\"fr-BE\",\"@id\":\"https:\/\/koningdrone.be\/product\/dji-avata-fly-more-kit\/#primaryimage\",\"url\":\"https:\/\/koningdrone.be\/wp-content\/uploads\/sites\/13\/2025\/04\/1ba43f2239a2319d913b52325b690c76@large.jpg\",\"contentUrl\":\"https:\/\/koningdrone.be\/wp-content\/uploads\/sites\/13\/2025\/04\/1ba43f2239a2319d913b52325b690c76@large.jpg\",\"width\":1200,\"height\":800},{\"@type\":\"BreadcrumbList\",\"@id\":\"https:\/\/koningdrone.be\/product\/dji-avata-fly-more-kit\/#breadcrumb\",\"itemListElement\":[{\"@type\":\"ListItem\",\"position\":1,\"name\":\"Home\",\"item\":\"https:\/\/koningdrone.be\/\"},{\"@type\":\"ListItem\",\"position\":2,\"name\":\"AVSS Parachute Recovery System for DJI Matrice 300\/350\",\"item\":\"https:\/\/koningdrone.be\/product\/avss-parachute-recovery-system-for-dji-matrice-300-350\/\"},{\"@type\":\"ListItem\",\"position\":3,\"name\":\"Alle batterijen\",\"item\":\"https:\/\/koningdrone.be\/categorie\/alle-batterijen\/\"},{\"@type\":\"ListItem\",\"position\":4,\"name\":\"DJI Avata Fly More Kit\"}]},{\"@type\":\"WebSite\",\"@id\":\"https:\/\/koningdrone.be\/#website\",\"url\":\"https:\/\/koningdrone.be\/\",\"name\":\"Koningdrone.be - Uw online specialist in drones, gimbals, camera's en power stations.\",\"description\":\"De webshop in drones en gimbals\",\"publisher\":{\"@id\":\"https:\/\/koningdrone.be\/#organization\"},\"potentialAction\":[{\"@type\":\"SearchAction\",\"target\":{\"@type\":\"EntryPoint\",\"urlTemplate\":\"https:\/\/koningdrone.be\/?s={search_term_string}\"},\"query-input\":{\"@type\":\"PropertyValueSpecification\",\"valueRequired\":true,\"valueName\":\"search_term_string\"}}],\"inLanguage\":\"fr-BE\"},{\"@type\":\"Organization\",\"@id\":\"https:\/\/koningdrone.be\/#organization\",\"name\":\"Koningdrone.be\",\"url\":\"https:\/\/koningdrone.be\/\",\"logo\":{\"@type\":\"ImageObject\",\"inLanguage\":\"fr-BE\",\"@id\":\"https:\/\/koningdrone.be\/#\/schema\/logo\/image\/\",\"url\":\"https:\/\/koningdrone.be\/wp-content\/uploads\/sites\/13\/2025\/04\/koningdrone-copyright-logo.svg\",\"contentUrl\":\"https:\/\/koningdrone.be\/wp-content\/uploads\/sites\/13\/2025\/04\/koningdrone-copyright-logo.svg\",\"width\":227,\"height\":38,\"caption\":\"Koningdrone.be\"},\"image\":{\"@id\":\"https:\/\/koningdrone.be\/#\/schema\/logo\/image\/\"}}]}<\/script>\n<!-- \/ Yoast SEO Premium plugin. -->","yoast_head_json":{"title":"DJI Avata Fly More Kit - koningdrone.be","robots":{"index":"index","follow":"follow","max-snippet":"max-snippet:-1","max-image-preview":"max-image-preview:large","max-video-preview":"max-video-preview:-1"},"canonical":"https:\/\/koningdrone.be\/fr\/produit\/dji-avata-fly-more-kit\/","og_locale":"fr_FR","og_type":"article","og_title":"DJI Avata Fly More Kit","og_description":"Kosteneffectiever dan individuele aankopen Inclusief twee Intelligent Flight-batterijen Wordt geleverd met een batterijoplaadhub Nominale capaciteit van 35,71 Wh per batterij Ongeveer 18 minuten vliegtijd per oplaadbeurt Ingebouwd DJI intelligent batterijbeheersysteem Realtime monitoring van de batterijstatus Charging Hub laadt vier batterijen achter elkaar op Verbeterde laadeffici\u00ebntie","og_url":"https:\/\/koningdrone.be\/fr\/produit\/dji-avata-fly-more-kit\/","og_site_name":"koningdrone.be","article_modified_time":"2026-04-29T01:50:41+00:00","og_image":[{"width":1200,"height":800,"url":"https:\/\/koningdrone.be\/wp-content\/uploads\/sites\/13\/2025\/04\/1ba43f2239a2319d913b52325b690c76@large.jpg","type":"image\/jpeg"}],"twitter_card":"summary_large_image","twitter_misc":{"Dur\u00e9e de lecture est.":"1 minute"},"schema":{"@context":"https:\/\/schema.org","@graph":[{"@type":"WebPage","@id":"https:\/\/koningdrone.be\/product\/dji-avata-fly-more-kit\/","url":"https:\/\/koningdrone.be\/product\/dji-avata-fly-more-kit\/","name":"DJI Avata Fly More Kit - koningdrone.be","isPartOf":{"@id":"https:\/\/koningdrone.be\/#website"},"primaryImageOfPage":{"@id":"https:\/\/koningdrone.be\/product\/dji-avata-fly-more-kit\/#primaryimage"},"image":{"@id":"https:\/\/koningdrone.be\/product\/dji-avata-fly-more-kit\/#primaryimage"},"thumbnailUrl":"https:\/\/koningdrone.be\/wp-content\/uploads\/sites\/13\/2025\/04\/1ba43f2239a2319d913b52325b690c76@large.jpg","datePublished":"2022-11-02T08:13:47+00:00","dateModified":"2026-04-29T01:50:41+00:00","breadcrumb":{"@id":"https:\/\/koningdrone.be\/product\/dji-avata-fly-more-kit\/#breadcrumb"},"inLanguage":"fr-BE","potentialAction":[{"@type":"ReadAction","target":["https:\/\/koningdrone.be\/product\/dji-avata-fly-more-kit\/"]}]},{"@type":"ImageObject","inLanguage":"fr-BE","@id":"https:\/\/koningdrone.be\/product\/dji-avata-fly-more-kit\/#primaryimage","url":"https:\/\/koningdrone.be\/wp-content\/uploads\/sites\/13\/2025\/04\/1ba43f2239a2319d913b52325b690c76@large.jpg","contentUrl":"https:\/\/koningdrone.be\/wp-content\/uploads\/sites\/13\/2025\/04\/1ba43f2239a2319d913b52325b690c76@large.jpg","width":1200,"height":800},{"@type":"BreadcrumbList","@id":"https:\/\/koningdrone.be\/product\/dji-avata-fly-more-kit\/#breadcrumb","itemListElement":[{"@type":"ListItem","position":1,"name":"Home","item":"https:\/\/koningdrone.be\/"},{"@type":"ListItem","position":2,"name":"AVSS Parachute Recovery System for DJI Matrice 300\/350","item":"https:\/\/koningdrone.be\/product\/avss-parachute-recovery-system-for-dji-matrice-300-350\/"},{"@type":"ListItem","position":3,"name":"Alle batterijen","item":"https:\/\/koningdrone.be\/categorie\/alle-batterijen\/"},{"@type":"ListItem","position":4,"name":"DJI Avata Fly More Kit"}]},{"@type":"WebSite","@id":"https:\/\/koningdrone.be\/#website","url":"https:\/\/koningdrone.be\/","name":"Koningdrone.be - Votre sp\u00e9cialiste en ligne en mati\u00e8re de drones, de cardans, de cam\u00e9ras et de centrales \u00e9lectriques.","description":"La boutique en ligne de drones et de cardans","publisher":{"@id":"https:\/\/koningdrone.be\/#organization"},"potentialAction":[{"@type":"SearchAction","target":{"@type":"EntryPoint","urlTemplate":"https:\/\/koningdrone.be\/?s={search_term_string}"},"query-input":{"@type":"PropertyValueSpecification","valueRequired":true,"valueName":"search_term_string"}}],"inLanguage":"fr-BE"},{"@type":"Organization","@id":"https:\/\/koningdrone.be\/#organization","name":"Kingdrone.co.uk","url":"https:\/\/koningdrone.be\/","logo":{"@type":"ImageObject","inLanguage":"fr-BE","@id":"https:\/\/koningdrone.be\/#\/schema\/logo\/image\/","url":"https:\/\/koningdrone.be\/wp-content\/uploads\/sites\/13\/2025\/04\/koningdrone-copyright-logo.svg","contentUrl":"https:\/\/koningdrone.be\/wp-content\/uploads\/sites\/13\/2025\/04\/koningdrone-copyright-logo.svg","width":227,"height":38,"caption":"Koningdrone.be"},"image":{"@id":"https:\/\/koningdrone.be\/#\/schema\/logo\/image\/"}}]}},"df_price":248,"df_sale_price":"","df_regular_price":248,"df_image_link":"https:\/\/koningdrone.be\/wp-content\/uploads\/sites\/13\/2025\/04\/1ba43f2239a2319d913b52325b690c76@large-300x200.jpg","_links":{"self":[{"href":"https:\/\/koningdrone.be\/fr\/wp-json\/wp\/v2\/product\/5548","targetHints":{"allow":["GET"]}}],"collection":[{"href":"https:\/\/koningdrone.be\/fr\/wp-json\/wp\/v2\/product"}],"about":[{"href":"https:\/\/koningdrone.be\/fr\/wp-json\/wp\/v2\/types\/product"}],"wp:featuredmedia":[{"embeddable":true,"href":"https:\/\/koningdrone.be\/fr\/wp-json\/wp\/v2\/media\/5546"}],"wp:attachment":[{"href":"https:\/\/koningdrone.be\/fr\/wp-json\/wp\/v2\/media?parent=5548"}],"wp:term":[{"taxonomy":"product_brand","embeddable":true,"href":"https:\/\/koningdrone.be\/fr\/wp-json\/wp\/v2\/product_brand?post=5548"},{"taxonomy":"product_cat","embeddable":true,"href":"https:\/\/koningdrone.be\/fr\/wp-json\/wp\/v2\/product_cat?post=5548"},{"taxonomy":"product_tag","embeddable":true,"href":"https:\/\/koningdrone.be\/fr\/wp-json\/wp\/v2\/product_tag?post=5548"}],"curies":[{"name":"wp","href":"https:\/\/api.w.org\/{rel}","templated":true}]}}