{"id":5533,"date":"2022-11-02T09:13:47","date_gmt":"2022-11-02T08:13:47","guid":{"rendered":"https:\/\/koningdrone.nl\/kon\/product\/dji-avata-nd-filters-set-nd8-16-32\/"},"modified":"2026-04-29T15:40:46","modified_gmt":"2026-04-29T13:40:46","slug":"dji-avata-nd-filters-set-nd8-16-32","status":"publish","type":"product","link":"https:\/\/koningdrone.be\/fr\/produit\/dji-avata-nd-filters-set-nd8-16-32\/","title":{"rendered":"DJI Avata Filtres ND (ND8\/16\/32)"},"content":{"rendered":"<p><strong>Introduction au jeu de filtres ND DJI Avata<\/strong><\/p>\n<p> Le DJI Avata ND Filters Set est une collection essentielle con\u00e7ue pour les photographes de tout niveau, qu'ils soient d\u00e9butants ou professionnels exp\u00e9riment\u00e9s. Ce set complet comprend trois filtres diff\u00e9rents : ND8, ND16 et ND32. Chaque filtre est d\u00e9sign\u00e9 par un chiffre qui refl\u00e8te sa capacit\u00e9 \u00e0 r\u00e9duire la quantit\u00e9 de lumi\u00e8re entrant dans l'objectif, le ND8 laissant passer le plus de lumi\u00e8re et le ND32 le moins.<\/p>\n<p><strong>Construction de haute qualit\u00e9<\/strong><\/p>\n<p> Fabriqu\u00e9s \u00e0 partir de mat\u00e9riaux de qualit\u00e9 sup\u00e9rieure, ces filtres sont con\u00e7us pour r\u00e9duire efficacement l'exposition \u00e0 la lumi\u00e8re tout en laissant les couleurs intactes. Cette caract\u00e9ristique est essentielle pour pr\u00e9server l'\u00e9clat et l'authenticit\u00e9 de vos photos, en capturant les ombres et les lumi\u00e8res avec une grande finesse. Il en r\u00e9sulte des images visuellement frappantes qui se d\u00e9marquent vraiment.<\/p>\n<p><strong>Flexibilit\u00e9 cr\u00e9ative<\/strong><\/p>\n<p> L'utilisation de ces filtres permet aux photographes d'exercer un contr\u00f4le plus cr\u00e9atif sur les r\u00e9glages de l'appareil photo. En fonction du filtre choisi, il est possible d'ajuster l'ouverture ou la vitesse d'obturation de mani\u00e8re plus g\u00e9n\u00e9reuse. Cette adaptabilit\u00e9 permet d'\u00e9largir la gamme d'options d'exposition, ouvrant ainsi la voie \u00e0 une photographie innovante. Que vous vous lanciez dans la photographie ou que vous perfectionniez vos comp\u00e9tences, le jeu de filtres ND DJI Avata s'av\u00e8re inestimable pour obtenir une exposition optimale.<\/p>\n<p><\/p>","protected":false},"excerpt":{"rendered":"<ul>\n<li>Comprend des filtres ND8, ND16 et ND32.<\/li>\n<li> Fabriqu\u00e9 \u00e0 partir de mat\u00e9riaux de haute qualit\u00e9 r\u00e9duisant la lumi\u00e8re.<\/li>\n<li> Permet de capturer des couleurs r\u00e9elles avec des d\u00e9tails \u00e9tonnants.<\/li>\n<li> Permet de mieux contr\u00f4ler l'ouverture ou la vitesse d'obturation.<\/li>\n<li> Offre plus d'options d'exposition pour la cr\u00e9ativit\u00e9.<\/li>\n<\/ul>","protected":false},"featured_media":5530,"template":"","meta":{"_acf_changed":false},"product_brand":[],"product_cat":[172,97,261],"product_tag":[],"class_list":{"0":"post-5533","1":"product","2":"type-product","3":"status-publish","4":"has-post-thumbnail","6":"product_cat-alle-nd-filters","7":"product_cat-alle-producten","8":"product_cat-dji-avata","9":"product_shipping_class-outofstock","10":"pa_brand-dji","11":"pa_productfamily-nd-filters","12":"pa_producttype-nd-filters","13":"pa_series-avata","15":"first","16":"outofstock","17":"taxable","18":"shipping-taxable","19":"purchasable","20":"product-type-simple"},"acf":[],"yoast_head":"<!-- This site is optimized with the Yoast SEO Premium plugin v27.2 (Yoast SEO v27.2) - https:\/\/yoast.com\/product\/yoast-seo-premium-wordpress\/ -->\n<title>DJI Avata ND Filters Set (ND8\/16\/32) - koningdrone.be<\/title>\n<meta name=\"robots\" content=\"index, follow, max-snippet:-1, max-image-preview:large, max-video-preview:-1\" \/>\n<link rel=\"canonical\" href=\"https:\/\/koningdrone.be\/fr\/produit\/dji-avata-nd-filters-set-nd8-16-32\/\" \/>\n<meta property=\"og:locale\" content=\"fr_FR\" \/>\n<meta property=\"og:type\" content=\"article\" \/>\n<meta property=\"og:title\" content=\"DJI Avata ND Filters Set (ND8\/16\/32)\" \/>\n<meta property=\"og:description\" content=\"Inclusief ND8-, ND16- en ND32-filters. Gemaakt van hoogwaardige lichtreducerende materialen. Helpt echte kleuren vast te leggen met verbluffende details. Biedt meer controle over diafragma of sluitertijd. Biedt meer belichtingsopties voor creativiteit.\" \/>\n<meta property=\"og:url\" content=\"https:\/\/koningdrone.be\/fr\/produit\/dji-avata-nd-filters-set-nd8-16-32\/\" \/>\n<meta property=\"og:site_name\" content=\"koningdrone.be\" \/>\n<meta property=\"article:modified_time\" content=\"2026-04-29T13:40:46+00:00\" \/>\n<meta property=\"og:image\" content=\"https:\/\/koningdrone.be\/wp-content\/uploads\/sites\/13\/2025\/04\/22505b0fd3d26c7b4677c91d7f80d2d8@large.jpg\" \/>\n\t<meta property=\"og:image:width\" content=\"1200\" \/>\n\t<meta property=\"og:image:height\" content=\"800\" \/>\n\t<meta property=\"og:image:type\" content=\"image\/jpeg\" \/>\n<meta name=\"twitter:card\" content=\"summary_large_image\" \/>\n<meta name=\"twitter:label1\" content=\"Dur\u00e9e de lecture est.\" \/>\n\t<meta name=\"twitter:data1\" content=\"1 minute\" \/>\n<script type=\"application\/ld+json\" class=\"yoast-schema-graph\">{\"@context\":\"https:\/\/schema.org\",\"@graph\":[{\"@type\":\"WebPage\",\"@id\":\"https:\/\/koningdrone.be\/product\/dji-avata-nd-filters-set-nd8-16-32\/\",\"url\":\"https:\/\/koningdrone.be\/product\/dji-avata-nd-filters-set-nd8-16-32\/\",\"name\":\"DJI Avata ND Filters Set (ND8\/16\/32) - koningdrone.be\",\"isPartOf\":{\"@id\":\"https:\/\/koningdrone.be\/#website\"},\"primaryImageOfPage\":{\"@id\":\"https:\/\/koningdrone.be\/product\/dji-avata-nd-filters-set-nd8-16-32\/#primaryimage\"},\"image\":{\"@id\":\"https:\/\/koningdrone.be\/product\/dji-avata-nd-filters-set-nd8-16-32\/#primaryimage\"},\"thumbnailUrl\":\"https:\/\/koningdrone.be\/wp-content\/uploads\/sites\/13\/2025\/04\/22505b0fd3d26c7b4677c91d7f80d2d8@large.jpg\",\"datePublished\":\"2022-11-02T08:13:47+00:00\",\"dateModified\":\"2026-04-29T13:40:46+00:00\",\"breadcrumb\":{\"@id\":\"https:\/\/koningdrone.be\/product\/dji-avata-nd-filters-set-nd8-16-32\/#breadcrumb\"},\"inLanguage\":\"fr-BE\",\"potentialAction\":[{\"@type\":\"ReadAction\",\"target\":[\"https:\/\/koningdrone.be\/product\/dji-avata-nd-filters-set-nd8-16-32\/\"]}]},{\"@type\":\"ImageObject\",\"inLanguage\":\"fr-BE\",\"@id\":\"https:\/\/koningdrone.be\/product\/dji-avata-nd-filters-set-nd8-16-32\/#primaryimage\",\"url\":\"https:\/\/koningdrone.be\/wp-content\/uploads\/sites\/13\/2025\/04\/22505b0fd3d26c7b4677c91d7f80d2d8@large.jpg\",\"contentUrl\":\"https:\/\/koningdrone.be\/wp-content\/uploads\/sites\/13\/2025\/04\/22505b0fd3d26c7b4677c91d7f80d2d8@large.jpg\",\"width\":1200,\"height\":800},{\"@type\":\"BreadcrumbList\",\"@id\":\"https:\/\/koningdrone.be\/product\/dji-avata-nd-filters-set-nd8-16-32\/#breadcrumb\",\"itemListElement\":[{\"@type\":\"ListItem\",\"position\":1,\"name\":\"Home\",\"item\":\"https:\/\/koningdrone.be\/\"},{\"@type\":\"ListItem\",\"position\":2,\"name\":\"AVSS Parachute Recovery System for DJI Matrice 300\/350\",\"item\":\"https:\/\/koningdrone.be\/product\/avss-parachute-recovery-system-for-dji-matrice-300-350\/\"},{\"@type\":\"ListItem\",\"position\":3,\"name\":\"Alle ND Filters\",\"item\":\"https:\/\/koningdrone.be\/categorie\/alle-nd-filters\/\"},{\"@type\":\"ListItem\",\"position\":4,\"name\":\"DJI Avata ND Filters Set (ND8\/16\/32)\"}]},{\"@type\":\"WebSite\",\"@id\":\"https:\/\/koningdrone.be\/#website\",\"url\":\"https:\/\/koningdrone.be\/\",\"name\":\"Koningdrone.be - Uw online specialist in drones, gimbals, camera's en power stations.\",\"description\":\"De webshop in drones en gimbals\",\"publisher\":{\"@id\":\"https:\/\/koningdrone.be\/#organization\"},\"potentialAction\":[{\"@type\":\"SearchAction\",\"target\":{\"@type\":\"EntryPoint\",\"urlTemplate\":\"https:\/\/koningdrone.be\/?s={search_term_string}\"},\"query-input\":{\"@type\":\"PropertyValueSpecification\",\"valueRequired\":true,\"valueName\":\"search_term_string\"}}],\"inLanguage\":\"fr-BE\"},{\"@type\":\"Organization\",\"@id\":\"https:\/\/koningdrone.be\/#organization\",\"name\":\"Koningdrone.be\",\"url\":\"https:\/\/koningdrone.be\/\",\"logo\":{\"@type\":\"ImageObject\",\"inLanguage\":\"fr-BE\",\"@id\":\"https:\/\/koningdrone.be\/#\/schema\/logo\/image\/\",\"url\":\"https:\/\/koningdrone.be\/wp-content\/uploads\/sites\/13\/2025\/04\/koningdrone-copyright-logo.svg\",\"contentUrl\":\"https:\/\/koningdrone.be\/wp-content\/uploads\/sites\/13\/2025\/04\/koningdrone-copyright-logo.svg\",\"width\":227,\"height\":38,\"caption\":\"Koningdrone.be\"},\"image\":{\"@id\":\"https:\/\/koningdrone.be\/#\/schema\/logo\/image\/\"}}]}<\/script>\n<!-- \/ Yoast SEO Premium plugin. -->","yoast_head_json":{"title":"DJI Avata ND Filters Set (ND8\/16\/32) - koningdrone.be","robots":{"index":"index","follow":"follow","max-snippet":"max-snippet:-1","max-image-preview":"max-image-preview:large","max-video-preview":"max-video-preview:-1"},"canonical":"https:\/\/koningdrone.be\/fr\/produit\/dji-avata-nd-filters-set-nd8-16-32\/","og_locale":"fr_FR","og_type":"article","og_title":"DJI Avata ND Filters Set (ND8\/16\/32)","og_description":"Inclusief ND8-, ND16- en ND32-filters. Gemaakt van hoogwaardige lichtreducerende materialen. Helpt echte kleuren vast te leggen met verbluffende details. Biedt meer controle over diafragma of sluitertijd. Biedt meer belichtingsopties voor creativiteit.","og_url":"https:\/\/koningdrone.be\/fr\/produit\/dji-avata-nd-filters-set-nd8-16-32\/","og_site_name":"koningdrone.be","article_modified_time":"2026-04-29T13:40:46+00:00","og_image":[{"width":1200,"height":800,"url":"https:\/\/koningdrone.be\/wp-content\/uploads\/sites\/13\/2025\/04\/22505b0fd3d26c7b4677c91d7f80d2d8@large.jpg","type":"image\/jpeg"}],"twitter_card":"summary_large_image","twitter_misc":{"Dur\u00e9e de lecture est.":"1 minute"},"schema":{"@context":"https:\/\/schema.org","@graph":[{"@type":"WebPage","@id":"https:\/\/koningdrone.be\/product\/dji-avata-nd-filters-set-nd8-16-32\/","url":"https:\/\/koningdrone.be\/product\/dji-avata-nd-filters-set-nd8-16-32\/","name":"DJI Avata ND Filters Set (ND8\/16\/32) - koningdrone.be","isPartOf":{"@id":"https:\/\/koningdrone.be\/#website"},"primaryImageOfPage":{"@id":"https:\/\/koningdrone.be\/product\/dji-avata-nd-filters-set-nd8-16-32\/#primaryimage"},"image":{"@id":"https:\/\/koningdrone.be\/product\/dji-avata-nd-filters-set-nd8-16-32\/#primaryimage"},"thumbnailUrl":"https:\/\/koningdrone.be\/wp-content\/uploads\/sites\/13\/2025\/04\/22505b0fd3d26c7b4677c91d7f80d2d8@large.jpg","datePublished":"2022-11-02T08:13:47+00:00","dateModified":"2026-04-29T13:40:46+00:00","breadcrumb":{"@id":"https:\/\/koningdrone.be\/product\/dji-avata-nd-filters-set-nd8-16-32\/#breadcrumb"},"inLanguage":"fr-BE","potentialAction":[{"@type":"ReadAction","target":["https:\/\/koningdrone.be\/product\/dji-avata-nd-filters-set-nd8-16-32\/"]}]},{"@type":"ImageObject","inLanguage":"fr-BE","@id":"https:\/\/koningdrone.be\/product\/dji-avata-nd-filters-set-nd8-16-32\/#primaryimage","url":"https:\/\/koningdrone.be\/wp-content\/uploads\/sites\/13\/2025\/04\/22505b0fd3d26c7b4677c91d7f80d2d8@large.jpg","contentUrl":"https:\/\/koningdrone.be\/wp-content\/uploads\/sites\/13\/2025\/04\/22505b0fd3d26c7b4677c91d7f80d2d8@large.jpg","width":1200,"height":800},{"@type":"BreadcrumbList","@id":"https:\/\/koningdrone.be\/product\/dji-avata-nd-filters-set-nd8-16-32\/#breadcrumb","itemListElement":[{"@type":"ListItem","position":1,"name":"Home","item":"https:\/\/koningdrone.be\/"},{"@type":"ListItem","position":2,"name":"AVSS Parachute Recovery System for DJI Matrice 300\/350","item":"https:\/\/koningdrone.be\/product\/avss-parachute-recovery-system-for-dji-matrice-300-350\/"},{"@type":"ListItem","position":3,"name":"Alle ND Filters","item":"https:\/\/koningdrone.be\/categorie\/alle-nd-filters\/"},{"@type":"ListItem","position":4,"name":"DJI Avata ND Filters Set (ND8\/16\/32)"}]},{"@type":"WebSite","@id":"https:\/\/koningdrone.be\/#website","url":"https:\/\/koningdrone.be\/","name":"Koningdrone.be - Votre sp\u00e9cialiste en ligne en mati\u00e8re de drones, de cardans, de cam\u00e9ras et de centrales \u00e9lectriques.","description":"La boutique en ligne de drones et de cardans","publisher":{"@id":"https:\/\/koningdrone.be\/#organization"},"potentialAction":[{"@type":"SearchAction","target":{"@type":"EntryPoint","urlTemplate":"https:\/\/koningdrone.be\/?s={search_term_string}"},"query-input":{"@type":"PropertyValueSpecification","valueRequired":true,"valueName":"search_term_string"}}],"inLanguage":"fr-BE"},{"@type":"Organization","@id":"https:\/\/koningdrone.be\/#organization","name":"Kingdrone.co.uk","url":"https:\/\/koningdrone.be\/","logo":{"@type":"ImageObject","inLanguage":"fr-BE","@id":"https:\/\/koningdrone.be\/#\/schema\/logo\/image\/","url":"https:\/\/koningdrone.be\/wp-content\/uploads\/sites\/13\/2025\/04\/koningdrone-copyright-logo.svg","contentUrl":"https:\/\/koningdrone.be\/wp-content\/uploads\/sites\/13\/2025\/04\/koningdrone-copyright-logo.svg","width":227,"height":38,"caption":"Koningdrone.be"},"image":{"@id":"https:\/\/koningdrone.be\/#\/schema\/logo\/image\/"}}]}},"df_price":68.99,"df_sale_price":"","df_regular_price":68.99,"df_image_link":"https:\/\/koningdrone.be\/wp-content\/uploads\/sites\/13\/2025\/04\/22505b0fd3d26c7b4677c91d7f80d2d8@large-300x200.jpg","_links":{"self":[{"href":"https:\/\/koningdrone.be\/fr\/wp-json\/wp\/v2\/product\/5533","targetHints":{"allow":["GET"]}}],"collection":[{"href":"https:\/\/koningdrone.be\/fr\/wp-json\/wp\/v2\/product"}],"about":[{"href":"https:\/\/koningdrone.be\/fr\/wp-json\/wp\/v2\/types\/product"}],"wp:featuredmedia":[{"embeddable":true,"href":"https:\/\/koningdrone.be\/fr\/wp-json\/wp\/v2\/media\/5530"}],"wp:attachment":[{"href":"https:\/\/koningdrone.be\/fr\/wp-json\/wp\/v2\/media?parent=5533"}],"wp:term":[{"taxonomy":"product_brand","embeddable":true,"href":"https:\/\/koningdrone.be\/fr\/wp-json\/wp\/v2\/product_brand?post=5533"},{"taxonomy":"product_cat","embeddable":true,"href":"https:\/\/koningdrone.be\/fr\/wp-json\/wp\/v2\/product_cat?post=5533"},{"taxonomy":"product_tag","embeddable":true,"href":"https:\/\/koningdrone.be\/fr\/wp-json\/wp\/v2\/product_tag?post=5533"}],"curies":[{"name":"wp","href":"https:\/\/api.w.org\/{rel}","templated":true}]}}