{"id":5529,"date":"2022-11-02T09:13:47","date_gmt":"2022-11-02T08:13:47","guid":{"rendered":"https:\/\/koningdrone.nl\/kon\/product\/dji-avata-pro-view-combo-incl-dji-goggles-2\/"},"modified":"2026-04-29T13:30:50","modified_gmt":"2026-04-29T11:30:50","slug":"dji-avata-pro-view-combo-incl-dji-goggles-2","status":"publish","type":"product","link":"https:\/\/koningdrone.be\/fr\/produit\/dji-avata-pro-view-combo-incl-dji-goggles-2\/","title":{"rendered":"DJI Avata - Pro-View Combo - incl. DJI Goggles 2"},"content":{"rendered":"<p><strong>DJI Avata - Pro-View Combo - incl. DJI Goggles 2<\/strong><\/p>\n<p>Le DJI Avata offre un enregistrement 4K jusqu'\u00e0 60fps, soutenu par RockSteady et HorizonSteady pour une stabilisation num\u00e9rique avanc\u00e9e. Le drone offre plusieurs modes de vol, dont Normal, Sport et Manuel, et est \u00e9quip\u00e9 d'un syst\u00e8me de d\u00e9tection des obstacles et d'une protection de l'h\u00e9lice pour des vols en toute s\u00e9curit\u00e9 \u00e0 l'int\u00e9rieur ou \u00e0 basse altitude. Le bouton de freinage d'urgence et la fonction RTH (Return-to-Home) augmentent la s\u00e9curit\u00e9 en cas de batterie faible ou de perte de signal.<\/p>\n<p><strong>Caract\u00e9ristiques :<\/strong><\/p>\n<ul>\n<li><strong>Cam\u00e9ra :<\/strong> Capteur CMOS de 1\/1,7 pouce avec ouverture f\/2 et champ de vision super large de 155\u00b0.<\/li>\n<li><strong>Stabilisation :<\/strong> RockSteady 2.0 et HorizonSteady garantissent des images stables et sans secousses.<\/li>\n<li><strong>Lunettes de protection 2 :<\/strong> Conception compacte avec antennes pliables, \u00e9crans HD micro-OLED et r\u00e9glage de la dioptrie de +2,0D \u00e0 -8,0D.<\/li>\n<li><strong>Transmission :<\/strong> Transmission vid\u00e9o O3+ avec antennes omnidirectionnelles 2T2R pour des vols stables et r\u00e9actifs.<\/li>\n<\/ul>","protected":false},"excerpt":{"rendered":"<ul>\n<li>exp\u00e9rience de vol immersive<\/li>\n<li>efficace et compact<\/li>\n<li>ntuitive motion control<\/li>\n<li>protections d'h\u00e9lice int\u00e9gr\u00e9es e<\/li>\n<li>streaming HD \u00e0 faible latence<\/li>\n<\/ul>","protected":false},"featured_media":5526,"template":"","meta":{"_acf_changed":false},"product_brand":[],"product_cat":[135,97,136,261,99],"product_tag":[],"class_list":{"0":"post-5529","1":"product","2":"type-product","3":"status-publish","4":"has-post-thumbnail","6":"product_cat-alle-drones","7":"product_cat-alle-producten","8":"product_cat-consumer-drones","9":"product_cat-dji-avata","10":"product_cat-drones-met-certificaat","11":"product_shipping_class-outofstock","12":"pa_brand-dji","13":"pa_dronegrade-consumer","14":"pa_productfamily-drone","15":"pa_producttype-drone","16":"pa_series-avata","18":"first","19":"outofstock","20":"taxable","21":"shipping-taxable","22":"product-type-simple"},"acf":[],"yoast_head":"<!-- This site is optimized with the Yoast SEO Premium plugin v27.2 (Yoast SEO v27.2) - https:\/\/yoast.com\/product\/yoast-seo-premium-wordpress\/ -->\n<title>DJI Avata - Pro-View Combo - incl. DJI Goggles 2 - koningdrone.be<\/title>\n<meta name=\"robots\" content=\"index, follow, max-snippet:-1, max-image-preview:large, max-video-preview:-1\" \/>\n<link rel=\"canonical\" href=\"https:\/\/koningdrone.be\/fr\/produit\/dji-avata-pro-view-combo-incl-dji-goggles-2\/\" \/>\n<meta property=\"og:locale\" content=\"fr_FR\" \/>\n<meta property=\"og:type\" content=\"article\" \/>\n<meta property=\"og:title\" content=\"DJI Avata - Pro-View Combo - incl. DJI Goggles 2\" \/>\n<meta property=\"og:description\" content=\"eeslepende vliegervaringehendig en compactntu\u00eftieve bewegingsbesturinge\u00efntegreerde propellerbeschermerstreamen met lage latentie in HD\" \/>\n<meta property=\"og:url\" content=\"https:\/\/koningdrone.be\/fr\/produit\/dji-avata-pro-view-combo-incl-dji-goggles-2\/\" \/>\n<meta property=\"og:site_name\" content=\"koningdrone.be\" \/>\n<meta property=\"article:modified_time\" content=\"2026-04-29T11:30:50+00:00\" \/>\n<meta property=\"og:image\" content=\"https:\/\/koningdrone.be\/wp-content\/uploads\/sites\/13\/2025\/04\/6941565939739-1.jpg\" \/>\n\t<meta property=\"og:image:width\" content=\"800\" \/>\n\t<meta property=\"og:image:height\" content=\"800\" \/>\n\t<meta property=\"og:image:type\" content=\"image\/jpeg\" \/>\n<meta name=\"twitter:card\" content=\"summary_large_image\" \/>\n<meta name=\"twitter:label1\" content=\"Dur\u00e9e de lecture est.\" \/>\n\t<meta name=\"twitter:data1\" content=\"1 minute\" \/>\n<script type=\"application\/ld+json\" class=\"yoast-schema-graph\">{\"@context\":\"https:\/\/schema.org\",\"@graph\":[{\"@type\":\"WebPage\",\"@id\":\"https:\/\/koningdrone.be\/product\/dji-avata-pro-view-combo-incl-dji-goggles-2\/\",\"url\":\"https:\/\/koningdrone.be\/product\/dji-avata-pro-view-combo-incl-dji-goggles-2\/\",\"name\":\"DJI Avata - Pro-View Combo - incl. DJI Goggles 2 - koningdrone.be\",\"isPartOf\":{\"@id\":\"https:\/\/koningdrone.be\/#website\"},\"primaryImageOfPage\":{\"@id\":\"https:\/\/koningdrone.be\/product\/dji-avata-pro-view-combo-incl-dji-goggles-2\/#primaryimage\"},\"image\":{\"@id\":\"https:\/\/koningdrone.be\/product\/dji-avata-pro-view-combo-incl-dji-goggles-2\/#primaryimage\"},\"thumbnailUrl\":\"https:\/\/koningdrone.be\/wp-content\/uploads\/sites\/13\/2025\/04\/6941565939739-1.jpg\",\"datePublished\":\"2022-11-02T08:13:47+00:00\",\"dateModified\":\"2026-04-29T11:30:50+00:00\",\"breadcrumb\":{\"@id\":\"https:\/\/koningdrone.be\/product\/dji-avata-pro-view-combo-incl-dji-goggles-2\/#breadcrumb\"},\"inLanguage\":\"fr-BE\",\"potentialAction\":[{\"@type\":\"ReadAction\",\"target\":[\"https:\/\/koningdrone.be\/product\/dji-avata-pro-view-combo-incl-dji-goggles-2\/\"]}]},{\"@type\":\"ImageObject\",\"inLanguage\":\"fr-BE\",\"@id\":\"https:\/\/koningdrone.be\/product\/dji-avata-pro-view-combo-incl-dji-goggles-2\/#primaryimage\",\"url\":\"https:\/\/koningdrone.be\/wp-content\/uploads\/sites\/13\/2025\/04\/6941565939739-1.jpg\",\"contentUrl\":\"https:\/\/koningdrone.be\/wp-content\/uploads\/sites\/13\/2025\/04\/6941565939739-1.jpg\",\"width\":800,\"height\":800},{\"@type\":\"BreadcrumbList\",\"@id\":\"https:\/\/koningdrone.be\/product\/dji-avata-pro-view-combo-incl-dji-goggles-2\/#breadcrumb\",\"itemListElement\":[{\"@type\":\"ListItem\",\"position\":1,\"name\":\"Home\",\"item\":\"https:\/\/koningdrone.be\/\"},{\"@type\":\"ListItem\",\"position\":2,\"name\":\"AVSS Parachute Recovery System for DJI Matrice 300\/350\",\"item\":\"https:\/\/koningdrone.be\/product\/avss-parachute-recovery-system-for-dji-matrice-300-350\/\"},{\"@type\":\"ListItem\",\"position\":3,\"name\":\"Alle drones\",\"item\":\"https:\/\/koningdrone.be\/categorie\/alle-drones\/\"},{\"@type\":\"ListItem\",\"position\":4,\"name\":\"DJI Avata &#8211; Pro-View Combo &#8211; incl. DJI Goggles 2\"}]},{\"@type\":\"WebSite\",\"@id\":\"https:\/\/koningdrone.be\/#website\",\"url\":\"https:\/\/koningdrone.be\/\",\"name\":\"Koningdrone.be - Uw online specialist in drones, gimbals, camera's en power stations.\",\"description\":\"De webshop in drones en gimbals\",\"publisher\":{\"@id\":\"https:\/\/koningdrone.be\/#organization\"},\"potentialAction\":[{\"@type\":\"SearchAction\",\"target\":{\"@type\":\"EntryPoint\",\"urlTemplate\":\"https:\/\/koningdrone.be\/?s={search_term_string}\"},\"query-input\":{\"@type\":\"PropertyValueSpecification\",\"valueRequired\":true,\"valueName\":\"search_term_string\"}}],\"inLanguage\":\"fr-BE\"},{\"@type\":\"Organization\",\"@id\":\"https:\/\/koningdrone.be\/#organization\",\"name\":\"Koningdrone.be\",\"url\":\"https:\/\/koningdrone.be\/\",\"logo\":{\"@type\":\"ImageObject\",\"inLanguage\":\"fr-BE\",\"@id\":\"https:\/\/koningdrone.be\/#\/schema\/logo\/image\/\",\"url\":\"https:\/\/koningdrone.be\/wp-content\/uploads\/sites\/13\/2025\/04\/koningdrone-copyright-logo.svg\",\"contentUrl\":\"https:\/\/koningdrone.be\/wp-content\/uploads\/sites\/13\/2025\/04\/koningdrone-copyright-logo.svg\",\"width\":227,\"height\":38,\"caption\":\"Koningdrone.be\"},\"image\":{\"@id\":\"https:\/\/koningdrone.be\/#\/schema\/logo\/image\/\"}}]}<\/script>\n<!-- \/ Yoast SEO Premium plugin. -->","yoast_head_json":{"title":"DJI Avata - Pro-View Combo - incl. DJI Goggles 2 - koningdrone.be","robots":{"index":"index","follow":"follow","max-snippet":"max-snippet:-1","max-image-preview":"max-image-preview:large","max-video-preview":"max-video-preview:-1"},"canonical":"https:\/\/koningdrone.be\/fr\/produit\/dji-avata-pro-view-combo-incl-dji-goggles-2\/","og_locale":"fr_FR","og_type":"article","og_title":"DJI Avata - Pro-View Combo - incl. DJI Goggles 2","og_description":"eeslepende vliegervaringehendig en compactntu\u00eftieve bewegingsbesturinge\u00efntegreerde propellerbeschermerstreamen met lage latentie in HD","og_url":"https:\/\/koningdrone.be\/fr\/produit\/dji-avata-pro-view-combo-incl-dji-goggles-2\/","og_site_name":"koningdrone.be","article_modified_time":"2026-04-29T11:30:50+00:00","og_image":[{"width":800,"height":800,"url":"https:\/\/koningdrone.be\/wp-content\/uploads\/sites\/13\/2025\/04\/6941565939739-1.jpg","type":"image\/jpeg"}],"twitter_card":"summary_large_image","twitter_misc":{"Dur\u00e9e de lecture est.":"1 minute"},"schema":{"@context":"https:\/\/schema.org","@graph":[{"@type":"WebPage","@id":"https:\/\/koningdrone.be\/product\/dji-avata-pro-view-combo-incl-dji-goggles-2\/","url":"https:\/\/koningdrone.be\/product\/dji-avata-pro-view-combo-incl-dji-goggles-2\/","name":"DJI Avata - Pro-View Combo - incl. DJI Goggles 2 - koningdrone.be","isPartOf":{"@id":"https:\/\/koningdrone.be\/#website"},"primaryImageOfPage":{"@id":"https:\/\/koningdrone.be\/product\/dji-avata-pro-view-combo-incl-dji-goggles-2\/#primaryimage"},"image":{"@id":"https:\/\/koningdrone.be\/product\/dji-avata-pro-view-combo-incl-dji-goggles-2\/#primaryimage"},"thumbnailUrl":"https:\/\/koningdrone.be\/wp-content\/uploads\/sites\/13\/2025\/04\/6941565939739-1.jpg","datePublished":"2022-11-02T08:13:47+00:00","dateModified":"2026-04-29T11:30:50+00:00","breadcrumb":{"@id":"https:\/\/koningdrone.be\/product\/dji-avata-pro-view-combo-incl-dji-goggles-2\/#breadcrumb"},"inLanguage":"fr-BE","potentialAction":[{"@type":"ReadAction","target":["https:\/\/koningdrone.be\/product\/dji-avata-pro-view-combo-incl-dji-goggles-2\/"]}]},{"@type":"ImageObject","inLanguage":"fr-BE","@id":"https:\/\/koningdrone.be\/product\/dji-avata-pro-view-combo-incl-dji-goggles-2\/#primaryimage","url":"https:\/\/koningdrone.be\/wp-content\/uploads\/sites\/13\/2025\/04\/6941565939739-1.jpg","contentUrl":"https:\/\/koningdrone.be\/wp-content\/uploads\/sites\/13\/2025\/04\/6941565939739-1.jpg","width":800,"height":800},{"@type":"BreadcrumbList","@id":"https:\/\/koningdrone.be\/product\/dji-avata-pro-view-combo-incl-dji-goggles-2\/#breadcrumb","itemListElement":[{"@type":"ListItem","position":1,"name":"Home","item":"https:\/\/koningdrone.be\/"},{"@type":"ListItem","position":2,"name":"AVSS Parachute Recovery System for DJI Matrice 300\/350","item":"https:\/\/koningdrone.be\/product\/avss-parachute-recovery-system-for-dji-matrice-300-350\/"},{"@type":"ListItem","position":3,"name":"Alle drones","item":"https:\/\/koningdrone.be\/categorie\/alle-drones\/"},{"@type":"ListItem","position":4,"name":"DJI Avata &#8211; Pro-View Combo &#8211; incl. DJI Goggles 2"}]},{"@type":"WebSite","@id":"https:\/\/koningdrone.be\/#website","url":"https:\/\/koningdrone.be\/","name":"Koningdrone.be - Votre sp\u00e9cialiste en ligne en mati\u00e8re de drones, de cardans, de cam\u00e9ras et de centrales \u00e9lectriques.","description":"La boutique en ligne de drones et de cardans","publisher":{"@id":"https:\/\/koningdrone.be\/#organization"},"potentialAction":[{"@type":"SearchAction","target":{"@type":"EntryPoint","urlTemplate":"https:\/\/koningdrone.be\/?s={search_term_string}"},"query-input":{"@type":"PropertyValueSpecification","valueRequired":true,"valueName":"search_term_string"}}],"inLanguage":"fr-BE"},{"@type":"Organization","@id":"https:\/\/koningdrone.be\/#organization","name":"Kingdrone.co.uk","url":"https:\/\/koningdrone.be\/","logo":{"@type":"ImageObject","inLanguage":"fr-BE","@id":"https:\/\/koningdrone.be\/#\/schema\/logo\/image\/","url":"https:\/\/koningdrone.be\/wp-content\/uploads\/sites\/13\/2025\/04\/koningdrone-copyright-logo.svg","contentUrl":"https:\/\/koningdrone.be\/wp-content\/uploads\/sites\/13\/2025\/04\/koningdrone-copyright-logo.svg","width":227,"height":38,"caption":"Koningdrone.be"},"image":{"@id":"https:\/\/koningdrone.be\/#\/schema\/logo\/image\/"}}]}},"df_price":"","df_sale_price":"","df_regular_price":"","df_image_link":"https:\/\/koningdrone.be\/wp-content\/uploads\/sites\/13\/2025\/04\/6941565939739-1-300x300.jpg","_links":{"self":[{"href":"https:\/\/koningdrone.be\/fr\/wp-json\/wp\/v2\/product\/5529","targetHints":{"allow":["GET"]}}],"collection":[{"href":"https:\/\/koningdrone.be\/fr\/wp-json\/wp\/v2\/product"}],"about":[{"href":"https:\/\/koningdrone.be\/fr\/wp-json\/wp\/v2\/types\/product"}],"wp:featuredmedia":[{"embeddable":true,"href":"https:\/\/koningdrone.be\/fr\/wp-json\/wp\/v2\/media\/5526"}],"wp:attachment":[{"href":"https:\/\/koningdrone.be\/fr\/wp-json\/wp\/v2\/media?parent=5529"}],"wp:term":[{"taxonomy":"product_brand","embeddable":true,"href":"https:\/\/koningdrone.be\/fr\/wp-json\/wp\/v2\/product_brand?post=5529"},{"taxonomy":"product_cat","embeddable":true,"href":"https:\/\/koningdrone.be\/fr\/wp-json\/wp\/v2\/product_cat?post=5529"},{"taxonomy":"product_tag","embeddable":true,"href":"https:\/\/koningdrone.be\/fr\/wp-json\/wp\/v2\/product_tag?post=5529"}],"curies":[{"name":"wp","href":"https:\/\/api.w.org\/{rel}","templated":true}]}}