{"id":5517,"date":"2022-11-02T09:13:47","date_gmt":"2022-11-02T08:13:47","guid":{"rendered":"https:\/\/koningdrone.nl\/kon\/product\/dji-magnetic-ball-joint-adapter-mount\/"},"modified":"2026-04-29T03:40:31","modified_gmt":"2026-04-29T01:40:31","slug":"dji-magnetic-ball-joint-adapter-mount","status":"publish","type":"product","link":"https:\/\/koningdrone.be\/fr\/produit\/dji-magnetic-ball-joint-adapter-mount\/","title":{"rendered":"Osmo Magnetic Ball-Joint Adapter Mount"},"content":{"rendered":"<p><strong>Conception innovante et compatibilit\u00e9<\/strong><\/p>\n<p> Ce produit pr\u00e9sente un design innovant avec une base adh\u00e9sive 3M et un m\u00e9canisme \u00e0 rotule. Cette combinaison vous permet de positionner votre appareil photo dans pratiquement n'importe quel endroit. L'articulation \u00e0 rotule permet un positionnement polyvalent de l'objectif, ce qui vous permet de prendre des photos sous des angles uniques et vari\u00e9s. De plus, il comporte un trou filet\u00e9 de 1\/4 \u00e0 sa base, ce qui le rend compatible avec une large gamme d'accessoires.<\/p>\n<p><strong>Utilisation optimale et plage de temp\u00e9rature<\/strong><\/p>\n<p> Pour garantir des performances optimales, il est pr\u00e9f\u00e9rable d'utiliser ce produit dans un environnement stationnaire. La base autocollante est con\u00e7ue pour adh\u00e9rer fortement \u00e0 des temp\u00e9ratures comprises entre -10\u00b0 et 40\u00b0 C (14\u00b0 et 104\u00b0 F). Pour une installation s\u00fbre, \u00e9vitez de le fixer sur des surfaces courbes et assurez-vous que la surface sur laquelle vous le fixez est propre.<\/p>\n<p><strong>Lignes directrices pour l'installation<\/strong><\/p>\n<p> Pour de meilleurs r\u00e9sultats, appuyez fermement la base sur la surface pendant 10 secondes lors de l'installation et attendez 30 minutes avant d'utiliser le produit.<\/p>\n<p><\/p>","protected":false},"excerpt":{"rendered":"<ul>\n<li>Comprend une base autocollante 3M pour une installation polyvalente.<\/li>\n<li> La conception de l'articulation \u00e0 rotule permet des ajustements flexibles de l'orientation de l'objectif.<\/li>\n<li> Permet d'ajouter des accessoires suppl\u00e9mentaires gr\u00e2ce \u00e0 un trou filet\u00e9 de 1\/4.<\/li>\n<li> Il est pr\u00e9f\u00e9rable de l'utiliser dans des sc\u00e9narios statiques.<\/li>\n<li> La temp\u00e9rature id\u00e9ale pour la fixation se situe entre -10\u00b0 et 40\u00b0 C.<\/li>\n<li> Ne convient pas aux surfaces courbes.<\/li>\n<li> Veiller \u00e0 ce que la surface soit propre pour une adh\u00e9rence optimale.<\/li>\n<li> Maintenir pendant 10 secondes et attendre 30 minutes avant de l'utiliser.<\/li>\n<\/ul>","protected":false},"featured_media":5515,"template":"","meta":{"_acf_changed":false},"product_brand":[],"product_cat":[410,97,297,757],"product_tag":[],"class_list":{"0":"post-5517","1":"product","2":"type-product","3":"status-publish","4":"has-post-thumbnail","6":"product_cat-alle-handheld-gimbals","7":"product_cat-alle-producten","8":"product_cat-dji-osmo","9":"product_cat-dji-osmo-action","10":"product_shipping_class-uavspacesall","11":"pa_brand-dji","12":"pa_productfamily-mount","13":"pa_producttype-mount","14":"pa_series-osmo-mobile","16":"first","17":"instock","18":"taxable","19":"shipping-taxable","20":"purchasable","21":"product-type-simple"},"acf":[],"yoast_head":"<!-- This site is optimized with the Yoast SEO Premium plugin v27.2 (Yoast SEO v27.2) - https:\/\/yoast.com\/product\/yoast-seo-premium-wordpress\/ -->\n<title>Osmo Magnetic Ball-Joint Adapter Mount - koningdrone.be<\/title>\n<meta name=\"robots\" content=\"index, follow, max-snippet:-1, max-image-preview:large, max-video-preview:-1\" \/>\n<link rel=\"canonical\" href=\"https:\/\/koningdrone.be\/fr\/produit\/dji-magnetic-ball-joint-adapter-mount\/\" \/>\n<meta property=\"og:locale\" content=\"fr_FR\" \/>\n<meta property=\"og:type\" content=\"article\" \/>\n<meta property=\"og:title\" content=\"Osmo Magnetic Ball-Joint Adapter Mount\" \/>\n<meta property=\"og:description\" content=\"Voorzien van 3M zelfklevende basis voor veelzijdige installatie. Het kogelgewrichtontwerp maakt flexibele aanpassingen van de lensori\u00ebntatie mogelijk. Ondersteunt het toevoegen van meer accessoires via een 1\/4 schroefdraadgat. Het beste gebruikt in statische scenario&#039;s. De ideale temperatuur voor bevestiging varieert van -10\u00b0 tot 40\u00b0 C. Niet geschikt voor gebogen oppervlakken. Zorg voor een schoon oppervlak voor een optimale hechting. Houd 10 seconden ingedrukt en wacht 30 minuten voor gebruik.\" \/>\n<meta property=\"og:url\" content=\"https:\/\/koningdrone.be\/fr\/produit\/dji-magnetic-ball-joint-adapter-mount\/\" \/>\n<meta property=\"og:site_name\" content=\"koningdrone.be\" \/>\n<meta property=\"article:modified_time\" content=\"2026-04-29T01:40:31+00:00\" \/>\n<meta property=\"og:image\" content=\"https:\/\/koningdrone.be\/wp-content\/uploads\/sites\/13\/2025\/04\/928580b6f52df4ff8ab2139b06a3ab63@large.jpg\" \/>\n\t<meta property=\"og:image:width\" content=\"1200\" \/>\n\t<meta property=\"og:image:height\" content=\"800\" \/>\n\t<meta property=\"og:image:type\" content=\"image\/jpeg\" \/>\n<meta name=\"twitter:card\" content=\"summary_large_image\" \/>\n<meta name=\"twitter:label1\" content=\"Dur\u00e9e de lecture est.\" \/>\n\t<meta name=\"twitter:data1\" content=\"1 minute\" \/>\n<script type=\"application\/ld+json\" class=\"yoast-schema-graph\">{\"@context\":\"https:\/\/schema.org\",\"@graph\":[{\"@type\":\"WebPage\",\"@id\":\"https:\/\/koningdrone.be\/product\/dji-magnetic-ball-joint-adapter-mount\/\",\"url\":\"https:\/\/koningdrone.be\/product\/dji-magnetic-ball-joint-adapter-mount\/\",\"name\":\"Osmo Magnetic Ball-Joint Adapter Mount - koningdrone.be\",\"isPartOf\":{\"@id\":\"https:\/\/koningdrone.be\/#website\"},\"primaryImageOfPage\":{\"@id\":\"https:\/\/koningdrone.be\/product\/dji-magnetic-ball-joint-adapter-mount\/#primaryimage\"},\"image\":{\"@id\":\"https:\/\/koningdrone.be\/product\/dji-magnetic-ball-joint-adapter-mount\/#primaryimage\"},\"thumbnailUrl\":\"https:\/\/koningdrone.be\/wp-content\/uploads\/sites\/13\/2025\/04\/928580b6f52df4ff8ab2139b06a3ab63@large.jpg\",\"datePublished\":\"2022-11-02T08:13:47+00:00\",\"dateModified\":\"2026-04-29T01:40:31+00:00\",\"breadcrumb\":{\"@id\":\"https:\/\/koningdrone.be\/product\/dji-magnetic-ball-joint-adapter-mount\/#breadcrumb\"},\"inLanguage\":\"fr-BE\",\"potentialAction\":[{\"@type\":\"ReadAction\",\"target\":[\"https:\/\/koningdrone.be\/product\/dji-magnetic-ball-joint-adapter-mount\/\"]}]},{\"@type\":\"ImageObject\",\"inLanguage\":\"fr-BE\",\"@id\":\"https:\/\/koningdrone.be\/product\/dji-magnetic-ball-joint-adapter-mount\/#primaryimage\",\"url\":\"https:\/\/koningdrone.be\/wp-content\/uploads\/sites\/13\/2025\/04\/928580b6f52df4ff8ab2139b06a3ab63@large.jpg\",\"contentUrl\":\"https:\/\/koningdrone.be\/wp-content\/uploads\/sites\/13\/2025\/04\/928580b6f52df4ff8ab2139b06a3ab63@large.jpg\",\"width\":1200,\"height\":800},{\"@type\":\"BreadcrumbList\",\"@id\":\"https:\/\/koningdrone.be\/product\/dji-magnetic-ball-joint-adapter-mount\/#breadcrumb\",\"itemListElement\":[{\"@type\":\"ListItem\",\"position\":1,\"name\":\"Home\",\"item\":\"https:\/\/koningdrone.be\/\"},{\"@type\":\"ListItem\",\"position\":2,\"name\":\"AVSS Parachute Recovery System for DJI Matrice 300\/350\",\"item\":\"https:\/\/koningdrone.be\/product\/avss-parachute-recovery-system-for-dji-matrice-300-350\/\"},{\"@type\":\"ListItem\",\"position\":3,\"name\":\"Alle handheld gimbals\",\"item\":\"https:\/\/koningdrone.be\/categorie\/alle-handheld-gimbals\/\"},{\"@type\":\"ListItem\",\"position\":4,\"name\":\"Osmo Magnetic Ball-Joint Adapter Mount\"}]},{\"@type\":\"WebSite\",\"@id\":\"https:\/\/koningdrone.be\/#website\",\"url\":\"https:\/\/koningdrone.be\/\",\"name\":\"Koningdrone.be - Uw online specialist in drones, gimbals, camera's en power stations.\",\"description\":\"De webshop in drones en gimbals\",\"publisher\":{\"@id\":\"https:\/\/koningdrone.be\/#organization\"},\"potentialAction\":[{\"@type\":\"SearchAction\",\"target\":{\"@type\":\"EntryPoint\",\"urlTemplate\":\"https:\/\/koningdrone.be\/?s={search_term_string}\"},\"query-input\":{\"@type\":\"PropertyValueSpecification\",\"valueRequired\":true,\"valueName\":\"search_term_string\"}}],\"inLanguage\":\"fr-BE\"},{\"@type\":\"Organization\",\"@id\":\"https:\/\/koningdrone.be\/#organization\",\"name\":\"Koningdrone.be\",\"url\":\"https:\/\/koningdrone.be\/\",\"logo\":{\"@type\":\"ImageObject\",\"inLanguage\":\"fr-BE\",\"@id\":\"https:\/\/koningdrone.be\/#\/schema\/logo\/image\/\",\"url\":\"https:\/\/koningdrone.be\/wp-content\/uploads\/sites\/13\/2025\/04\/koningdrone-copyright-logo.svg\",\"contentUrl\":\"https:\/\/koningdrone.be\/wp-content\/uploads\/sites\/13\/2025\/04\/koningdrone-copyright-logo.svg\",\"width\":227,\"height\":38,\"caption\":\"Koningdrone.be\"},\"image\":{\"@id\":\"https:\/\/koningdrone.be\/#\/schema\/logo\/image\/\"}}]}<\/script>\n<!-- \/ Yoast SEO Premium plugin. -->","yoast_head_json":{"title":"Osmo Magnetic Ball-Joint Adapter Mount - koningdrone.be","robots":{"index":"index","follow":"follow","max-snippet":"max-snippet:-1","max-image-preview":"max-image-preview:large","max-video-preview":"max-video-preview:-1"},"canonical":"https:\/\/koningdrone.be\/fr\/produit\/dji-magnetic-ball-joint-adapter-mount\/","og_locale":"fr_FR","og_type":"article","og_title":"Osmo Magnetic Ball-Joint Adapter Mount","og_description":"Voorzien van 3M zelfklevende basis voor veelzijdige installatie. Het kogelgewrichtontwerp maakt flexibele aanpassingen van de lensori\u00ebntatie mogelijk. Ondersteunt het toevoegen van meer accessoires via een 1\/4 schroefdraadgat. Het beste gebruikt in statische scenario&#039;s. De ideale temperatuur voor bevestiging varieert van -10\u00b0 tot 40\u00b0 C. Niet geschikt voor gebogen oppervlakken. Zorg voor een schoon oppervlak voor een optimale hechting. Houd 10 seconden ingedrukt en wacht 30 minuten voor gebruik.","og_url":"https:\/\/koningdrone.be\/fr\/produit\/dji-magnetic-ball-joint-adapter-mount\/","og_site_name":"koningdrone.be","article_modified_time":"2026-04-29T01:40:31+00:00","og_image":[{"width":1200,"height":800,"url":"https:\/\/koningdrone.be\/wp-content\/uploads\/sites\/13\/2025\/04\/928580b6f52df4ff8ab2139b06a3ab63@large.jpg","type":"image\/jpeg"}],"twitter_card":"summary_large_image","twitter_misc":{"Dur\u00e9e de lecture est.":"1 minute"},"schema":{"@context":"https:\/\/schema.org","@graph":[{"@type":"WebPage","@id":"https:\/\/koningdrone.be\/product\/dji-magnetic-ball-joint-adapter-mount\/","url":"https:\/\/koningdrone.be\/product\/dji-magnetic-ball-joint-adapter-mount\/","name":"Osmo Magnetic Ball-Joint Adapter Mount - koningdrone.be","isPartOf":{"@id":"https:\/\/koningdrone.be\/#website"},"primaryImageOfPage":{"@id":"https:\/\/koningdrone.be\/product\/dji-magnetic-ball-joint-adapter-mount\/#primaryimage"},"image":{"@id":"https:\/\/koningdrone.be\/product\/dji-magnetic-ball-joint-adapter-mount\/#primaryimage"},"thumbnailUrl":"https:\/\/koningdrone.be\/wp-content\/uploads\/sites\/13\/2025\/04\/928580b6f52df4ff8ab2139b06a3ab63@large.jpg","datePublished":"2022-11-02T08:13:47+00:00","dateModified":"2026-04-29T01:40:31+00:00","breadcrumb":{"@id":"https:\/\/koningdrone.be\/product\/dji-magnetic-ball-joint-adapter-mount\/#breadcrumb"},"inLanguage":"fr-BE","potentialAction":[{"@type":"ReadAction","target":["https:\/\/koningdrone.be\/product\/dji-magnetic-ball-joint-adapter-mount\/"]}]},{"@type":"ImageObject","inLanguage":"fr-BE","@id":"https:\/\/koningdrone.be\/product\/dji-magnetic-ball-joint-adapter-mount\/#primaryimage","url":"https:\/\/koningdrone.be\/wp-content\/uploads\/sites\/13\/2025\/04\/928580b6f52df4ff8ab2139b06a3ab63@large.jpg","contentUrl":"https:\/\/koningdrone.be\/wp-content\/uploads\/sites\/13\/2025\/04\/928580b6f52df4ff8ab2139b06a3ab63@large.jpg","width":1200,"height":800},{"@type":"BreadcrumbList","@id":"https:\/\/koningdrone.be\/product\/dji-magnetic-ball-joint-adapter-mount\/#breadcrumb","itemListElement":[{"@type":"ListItem","position":1,"name":"Home","item":"https:\/\/koningdrone.be\/"},{"@type":"ListItem","position":2,"name":"AVSS Parachute Recovery System for DJI Matrice 300\/350","item":"https:\/\/koningdrone.be\/product\/avss-parachute-recovery-system-for-dji-matrice-300-350\/"},{"@type":"ListItem","position":3,"name":"Alle handheld gimbals","item":"https:\/\/koningdrone.be\/categorie\/alle-handheld-gimbals\/"},{"@type":"ListItem","position":4,"name":"Osmo Magnetic Ball-Joint Adapter Mount"}]},{"@type":"WebSite","@id":"https:\/\/koningdrone.be\/#website","url":"https:\/\/koningdrone.be\/","name":"Koningdrone.be - Votre sp\u00e9cialiste en ligne en mati\u00e8re de drones, de cardans, de cam\u00e9ras et de centrales \u00e9lectriques.","description":"La boutique en ligne de drones et de cardans","publisher":{"@id":"https:\/\/koningdrone.be\/#organization"},"potentialAction":[{"@type":"SearchAction","target":{"@type":"EntryPoint","urlTemplate":"https:\/\/koningdrone.be\/?s={search_term_string}"},"query-input":{"@type":"PropertyValueSpecification","valueRequired":true,"valueName":"search_term_string"}}],"inLanguage":"fr-BE"},{"@type":"Organization","@id":"https:\/\/koningdrone.be\/#organization","name":"Kingdrone.co.uk","url":"https:\/\/koningdrone.be\/","logo":{"@type":"ImageObject","inLanguage":"fr-BE","@id":"https:\/\/koningdrone.be\/#\/schema\/logo\/image\/","url":"https:\/\/koningdrone.be\/wp-content\/uploads\/sites\/13\/2025\/04\/koningdrone-copyright-logo.svg","contentUrl":"https:\/\/koningdrone.be\/wp-content\/uploads\/sites\/13\/2025\/04\/koningdrone-copyright-logo.svg","width":227,"height":38,"caption":"Koningdrone.be"},"image":{"@id":"https:\/\/koningdrone.be\/#\/schema\/logo\/image\/"}}]}},"df_price":24,"df_sale_price":"","df_regular_price":24,"df_image_link":"https:\/\/koningdrone.be\/wp-content\/uploads\/sites\/13\/2025\/04\/928580b6f52df4ff8ab2139b06a3ab63@large-300x200.jpg","_links":{"self":[{"href":"https:\/\/koningdrone.be\/fr\/wp-json\/wp\/v2\/product\/5517","targetHints":{"allow":["GET"]}}],"collection":[{"href":"https:\/\/koningdrone.be\/fr\/wp-json\/wp\/v2\/product"}],"about":[{"href":"https:\/\/koningdrone.be\/fr\/wp-json\/wp\/v2\/types\/product"}],"wp:featuredmedia":[{"embeddable":true,"href":"https:\/\/koningdrone.be\/fr\/wp-json\/wp\/v2\/media\/5515"}],"wp:attachment":[{"href":"https:\/\/koningdrone.be\/fr\/wp-json\/wp\/v2\/media?parent=5517"}],"wp:term":[{"taxonomy":"product_brand","embeddable":true,"href":"https:\/\/koningdrone.be\/fr\/wp-json\/wp\/v2\/product_brand?post=5517"},{"taxonomy":"product_cat","embeddable":true,"href":"https:\/\/koningdrone.be\/fr\/wp-json\/wp\/v2\/product_cat?post=5517"},{"taxonomy":"product_tag","embeddable":true,"href":"https:\/\/koningdrone.be\/fr\/wp-json\/wp\/v2\/product_tag?post=5517"}],"curies":[{"name":"wp","href":"https:\/\/api.w.org\/{rel}","templated":true}]}}