{"id":5503,"date":"2022-11-02T09:13:47","date_gmt":"2022-11-02T08:13:47","guid":{"rendered":"https:\/\/koningdrone.nl\/kon\/product\/dji-action-3-lens-protective-cover\/"},"modified":"2026-04-29T15:40:49","modified_gmt":"2026-04-29T13:40:49","slug":"dji-action-3-lens-protective-cover","status":"publish","type":"product","link":"https:\/\/koningdrone.be\/fr\/produit\/dji-action-3-lens-protective-cover\/","title":{"rendered":"Couvercle de protection de l'objectif de l'Osmo Action 3"},"content":{"rendered":"<p><strong>Durabilit\u00e9 exceptionnelle<\/strong><\/p>\n<p> Ce produit est con\u00e7u avec du verre Gorilla de haute qualit\u00e9, r\u00e9put\u00e9 pour sa r\u00e9sistance \u00e0 l'abrasion et aux rayures. Cette durabilit\u00e9 in\u00e9gal\u00e9e garantit que l'objectif reste \u00e0 l'abri de la salet\u00e9, ce qui lui conf\u00e8re une protection compl\u00e8te et lui permet de conserver son \u00e9tat impeccable au fil du temps.<\/p>\n<p><strong>Fonctions de s\u00e9curit\u00e9 avanc\u00e9es<\/strong><\/p>\n<p> De plus, le produit est dot\u00e9 d'un rev\u00eatement AF, une caract\u00e9ristique essentielle qui am\u00e9liore la r\u00e9sistance \u00e0 l'eau et aux huiles. Ce rev\u00eatement simplifie grandement le processus de nettoyage, ce qui permet un entretien facile et garantit que le prot\u00e8ge-objectif conserve sa clart\u00e9 et son efficacit\u00e9 dans la protection de votre appareil.<\/p>\n<p><strong>Maintien de l'imperm\u00e9abilit\u00e9 \u00e0 l'eau<\/strong><\/p>\n<p> Il est essentiel de noter que la capacit\u00e9 du prot\u00e8ge-objectif \u00e0 repousser l'eau est principalement attribu\u00e9e \u00e0 son rev\u00eatement AF. Toutefois, cette fonction peut \u00eatre compromise si le capuchon est ray\u00e9. Il est donc important de manipuler le prot\u00e8ge-objectif avec pr\u00e9caution afin de pr\u00e9server ses propri\u00e9t\u00e9s hydrofuges et sa fonctionnalit\u00e9 globale.<\/p>\n<p><\/p>","protected":false},"excerpt":{"rendered":"<ul>\n<li>Fabriqu\u00e9 en verre Gorilla tr\u00e8s r\u00e9sistant<\/li>\n<li> R\u00e9sistant \u00e0 l'usure et aux rayures<\/li>\n<li> Emp\u00eache la p\u00e9n\u00e9tration de la salet\u00e9 et prot\u00e8ge enti\u00e8rement la lentille<\/li>\n<li> Rev\u00eatement AF pour une surface hydrophobe et r\u00e9sistante \u00e0 l'huile<\/li>\n<li> Facile \u00e0 nettoyer<\/li>\n<li> L'efficacit\u00e9 du rev\u00eatement AF peut diminuer avec les rayures.<\/li>\n<\/ul>","protected":false},"featured_media":5501,"template":"","meta":{"_acf_changed":false},"product_brand":[],"product_cat":[410,97,297,757],"product_tag":[],"class_list":{"0":"post-5503","1":"product","2":"type-product","3":"status-publish","4":"has-post-thumbnail","6":"product_cat-alle-handheld-gimbals","7":"product_cat-alle-producten","8":"product_cat-dji-osmo","9":"product_cat-dji-osmo-action","10":"product_shipping_class-outofstock","11":"pa_brand-dji","12":"pa_productfamily-lensbescherming","13":"pa_producttype-lensbescherming","14":"pa_series-osmo-mobile","16":"first","17":"outofstock","18":"taxable","19":"shipping-taxable","20":"purchasable","21":"product-type-simple"},"acf":[],"yoast_head":"<!-- This site is optimized with the Yoast SEO Premium plugin v27.2 (Yoast SEO v27.2) - https:\/\/yoast.com\/product\/yoast-seo-premium-wordpress\/ -->\n<title>Osmo Action 3 Lens Protective Cover - koningdrone.be<\/title>\n<meta name=\"robots\" content=\"index, follow, max-snippet:-1, max-image-preview:large, max-video-preview:-1\" \/>\n<link rel=\"canonical\" href=\"https:\/\/koningdrone.be\/fr\/produit\/dji-action-3-lens-protective-cover\/\" \/>\n<meta property=\"og:locale\" content=\"fr_FR\" \/>\n<meta property=\"og:type\" content=\"article\" \/>\n<meta property=\"og:title\" content=\"Osmo Action 3 Lens Protective Cover\" \/>\n<meta property=\"og:description\" content=\"Gemaakt van zeer sterk Gorilla Glass Slijtvast en krasbestendig Voorkomt dat vuil binnendringt en beschermt de lens volledig AF-coating voor hydrofoob en oliebestendig oppervlak Gemakkelijk schoon te maken De effectiviteit van de AF-coating kan afnemen bij krassen\" \/>\n<meta property=\"og:url\" content=\"https:\/\/koningdrone.be\/fr\/produit\/dji-action-3-lens-protective-cover\/\" \/>\n<meta property=\"og:site_name\" content=\"koningdrone.be\" \/>\n<meta property=\"article:modified_time\" content=\"2026-04-29T13:40:49+00:00\" \/>\n<meta property=\"og:image\" content=\"https:\/\/koningdrone.be\/wp-content\/uploads\/sites\/13\/2025\/04\/8a54bb9aa865a1ab22d347c560e83db5@large.jpg\" \/>\n\t<meta property=\"og:image:width\" content=\"1200\" \/>\n\t<meta property=\"og:image:height\" content=\"800\" \/>\n\t<meta property=\"og:image:type\" content=\"image\/jpeg\" \/>\n<meta name=\"twitter:card\" content=\"summary_large_image\" \/>\n<meta name=\"twitter:label1\" content=\"Dur\u00e9e de lecture est.\" \/>\n\t<meta name=\"twitter:data1\" content=\"1 minute\" \/>\n<script type=\"application\/ld+json\" class=\"yoast-schema-graph\">{\"@context\":\"https:\/\/schema.org\",\"@graph\":[{\"@type\":\"WebPage\",\"@id\":\"https:\/\/koningdrone.be\/product\/dji-action-3-lens-protective-cover\/\",\"url\":\"https:\/\/koningdrone.be\/product\/dji-action-3-lens-protective-cover\/\",\"name\":\"Osmo Action 3 Lens Protective Cover - koningdrone.be\",\"isPartOf\":{\"@id\":\"https:\/\/koningdrone.be\/#website\"},\"primaryImageOfPage\":{\"@id\":\"https:\/\/koningdrone.be\/product\/dji-action-3-lens-protective-cover\/#primaryimage\"},\"image\":{\"@id\":\"https:\/\/koningdrone.be\/product\/dji-action-3-lens-protective-cover\/#primaryimage\"},\"thumbnailUrl\":\"https:\/\/koningdrone.be\/wp-content\/uploads\/sites\/13\/2025\/04\/8a54bb9aa865a1ab22d347c560e83db5@large.jpg\",\"datePublished\":\"2022-11-02T08:13:47+00:00\",\"dateModified\":\"2026-04-29T13:40:49+00:00\",\"breadcrumb\":{\"@id\":\"https:\/\/koningdrone.be\/product\/dji-action-3-lens-protective-cover\/#breadcrumb\"},\"inLanguage\":\"fr-BE\",\"potentialAction\":[{\"@type\":\"ReadAction\",\"target\":[\"https:\/\/koningdrone.be\/product\/dji-action-3-lens-protective-cover\/\"]}]},{\"@type\":\"ImageObject\",\"inLanguage\":\"fr-BE\",\"@id\":\"https:\/\/koningdrone.be\/product\/dji-action-3-lens-protective-cover\/#primaryimage\",\"url\":\"https:\/\/koningdrone.be\/wp-content\/uploads\/sites\/13\/2025\/04\/8a54bb9aa865a1ab22d347c560e83db5@large.jpg\",\"contentUrl\":\"https:\/\/koningdrone.be\/wp-content\/uploads\/sites\/13\/2025\/04\/8a54bb9aa865a1ab22d347c560e83db5@large.jpg\",\"width\":1200,\"height\":800},{\"@type\":\"BreadcrumbList\",\"@id\":\"https:\/\/koningdrone.be\/product\/dji-action-3-lens-protective-cover\/#breadcrumb\",\"itemListElement\":[{\"@type\":\"ListItem\",\"position\":1,\"name\":\"Home\",\"item\":\"https:\/\/koningdrone.be\/\"},{\"@type\":\"ListItem\",\"position\":2,\"name\":\"AVSS Parachute Recovery System for DJI Matrice 300\/350\",\"item\":\"https:\/\/koningdrone.be\/product\/avss-parachute-recovery-system-for-dji-matrice-300-350\/\"},{\"@type\":\"ListItem\",\"position\":3,\"name\":\"Alle handheld gimbals\",\"item\":\"https:\/\/koningdrone.be\/categorie\/alle-handheld-gimbals\/\"},{\"@type\":\"ListItem\",\"position\":4,\"name\":\"Osmo Action 3 Lens Protective Cover\"}]},{\"@type\":\"WebSite\",\"@id\":\"https:\/\/koningdrone.be\/#website\",\"url\":\"https:\/\/koningdrone.be\/\",\"name\":\"Koningdrone.be - Uw online specialist in drones, gimbals, camera's en power stations.\",\"description\":\"De webshop in drones en gimbals\",\"publisher\":{\"@id\":\"https:\/\/koningdrone.be\/#organization\"},\"potentialAction\":[{\"@type\":\"SearchAction\",\"target\":{\"@type\":\"EntryPoint\",\"urlTemplate\":\"https:\/\/koningdrone.be\/?s={search_term_string}\"},\"query-input\":{\"@type\":\"PropertyValueSpecification\",\"valueRequired\":true,\"valueName\":\"search_term_string\"}}],\"inLanguage\":\"fr-BE\"},{\"@type\":\"Organization\",\"@id\":\"https:\/\/koningdrone.be\/#organization\",\"name\":\"Koningdrone.be\",\"url\":\"https:\/\/koningdrone.be\/\",\"logo\":{\"@type\":\"ImageObject\",\"inLanguage\":\"fr-BE\",\"@id\":\"https:\/\/koningdrone.be\/#\/schema\/logo\/image\/\",\"url\":\"https:\/\/koningdrone.be\/wp-content\/uploads\/sites\/13\/2025\/04\/koningdrone-copyright-logo.svg\",\"contentUrl\":\"https:\/\/koningdrone.be\/wp-content\/uploads\/sites\/13\/2025\/04\/koningdrone-copyright-logo.svg\",\"width\":227,\"height\":38,\"caption\":\"Koningdrone.be\"},\"image\":{\"@id\":\"https:\/\/koningdrone.be\/#\/schema\/logo\/image\/\"}}]}<\/script>\n<!-- \/ Yoast SEO Premium plugin. -->","yoast_head_json":{"title":"Osmo Action 3 Lens Protective Cover - koningdrone.be","robots":{"index":"index","follow":"follow","max-snippet":"max-snippet:-1","max-image-preview":"max-image-preview:large","max-video-preview":"max-video-preview:-1"},"canonical":"https:\/\/koningdrone.be\/fr\/produit\/dji-action-3-lens-protective-cover\/","og_locale":"fr_FR","og_type":"article","og_title":"Osmo Action 3 Lens Protective Cover","og_description":"Gemaakt van zeer sterk Gorilla Glass Slijtvast en krasbestendig Voorkomt dat vuil binnendringt en beschermt de lens volledig AF-coating voor hydrofoob en oliebestendig oppervlak Gemakkelijk schoon te maken De effectiviteit van de AF-coating kan afnemen bij krassen","og_url":"https:\/\/koningdrone.be\/fr\/produit\/dji-action-3-lens-protective-cover\/","og_site_name":"koningdrone.be","article_modified_time":"2026-04-29T13:40:49+00:00","og_image":[{"width":1200,"height":800,"url":"https:\/\/koningdrone.be\/wp-content\/uploads\/sites\/13\/2025\/04\/8a54bb9aa865a1ab22d347c560e83db5@large.jpg","type":"image\/jpeg"}],"twitter_card":"summary_large_image","twitter_misc":{"Dur\u00e9e de lecture est.":"1 minute"},"schema":{"@context":"https:\/\/schema.org","@graph":[{"@type":"WebPage","@id":"https:\/\/koningdrone.be\/product\/dji-action-3-lens-protective-cover\/","url":"https:\/\/koningdrone.be\/product\/dji-action-3-lens-protective-cover\/","name":"Osmo Action 3 Lens Protective Cover - koningdrone.be","isPartOf":{"@id":"https:\/\/koningdrone.be\/#website"},"primaryImageOfPage":{"@id":"https:\/\/koningdrone.be\/product\/dji-action-3-lens-protective-cover\/#primaryimage"},"image":{"@id":"https:\/\/koningdrone.be\/product\/dji-action-3-lens-protective-cover\/#primaryimage"},"thumbnailUrl":"https:\/\/koningdrone.be\/wp-content\/uploads\/sites\/13\/2025\/04\/8a54bb9aa865a1ab22d347c560e83db5@large.jpg","datePublished":"2022-11-02T08:13:47+00:00","dateModified":"2026-04-29T13:40:49+00:00","breadcrumb":{"@id":"https:\/\/koningdrone.be\/product\/dji-action-3-lens-protective-cover\/#breadcrumb"},"inLanguage":"fr-BE","potentialAction":[{"@type":"ReadAction","target":["https:\/\/koningdrone.be\/product\/dji-action-3-lens-protective-cover\/"]}]},{"@type":"ImageObject","inLanguage":"fr-BE","@id":"https:\/\/koningdrone.be\/product\/dji-action-3-lens-protective-cover\/#primaryimage","url":"https:\/\/koningdrone.be\/wp-content\/uploads\/sites\/13\/2025\/04\/8a54bb9aa865a1ab22d347c560e83db5@large.jpg","contentUrl":"https:\/\/koningdrone.be\/wp-content\/uploads\/sites\/13\/2025\/04\/8a54bb9aa865a1ab22d347c560e83db5@large.jpg","width":1200,"height":800},{"@type":"BreadcrumbList","@id":"https:\/\/koningdrone.be\/product\/dji-action-3-lens-protective-cover\/#breadcrumb","itemListElement":[{"@type":"ListItem","position":1,"name":"Home","item":"https:\/\/koningdrone.be\/"},{"@type":"ListItem","position":2,"name":"AVSS Parachute Recovery System for DJI Matrice 300\/350","item":"https:\/\/koningdrone.be\/product\/avss-parachute-recovery-system-for-dji-matrice-300-350\/"},{"@type":"ListItem","position":3,"name":"Alle handheld gimbals","item":"https:\/\/koningdrone.be\/categorie\/alle-handheld-gimbals\/"},{"@type":"ListItem","position":4,"name":"Osmo Action 3 Lens Protective Cover"}]},{"@type":"WebSite","@id":"https:\/\/koningdrone.be\/#website","url":"https:\/\/koningdrone.be\/","name":"Koningdrone.be - Votre sp\u00e9cialiste en ligne en mati\u00e8re de drones, de cardans, de cam\u00e9ras et de centrales \u00e9lectriques.","description":"La boutique en ligne de drones et de cardans","publisher":{"@id":"https:\/\/koningdrone.be\/#organization"},"potentialAction":[{"@type":"SearchAction","target":{"@type":"EntryPoint","urlTemplate":"https:\/\/koningdrone.be\/?s={search_term_string}"},"query-input":{"@type":"PropertyValueSpecification","valueRequired":true,"valueName":"search_term_string"}}],"inLanguage":"fr-BE"},{"@type":"Organization","@id":"https:\/\/koningdrone.be\/#organization","name":"Kingdrone.co.uk","url":"https:\/\/koningdrone.be\/","logo":{"@type":"ImageObject","inLanguage":"fr-BE","@id":"https:\/\/koningdrone.be\/#\/schema\/logo\/image\/","url":"https:\/\/koningdrone.be\/wp-content\/uploads\/sites\/13\/2025\/04\/koningdrone-copyright-logo.svg","contentUrl":"https:\/\/koningdrone.be\/wp-content\/uploads\/sites\/13\/2025\/04\/koningdrone-copyright-logo.svg","width":227,"height":38,"caption":"Koningdrone.be"},"image":{"@id":"https:\/\/koningdrone.be\/#\/schema\/logo\/image\/"}}]}},"df_price":19,"df_sale_price":"","df_regular_price":19,"df_image_link":"https:\/\/koningdrone.be\/wp-content\/uploads\/sites\/13\/2025\/04\/8a54bb9aa865a1ab22d347c560e83db5@large-300x200.jpg","_links":{"self":[{"href":"https:\/\/koningdrone.be\/fr\/wp-json\/wp\/v2\/product\/5503","targetHints":{"allow":["GET"]}}],"collection":[{"href":"https:\/\/koningdrone.be\/fr\/wp-json\/wp\/v2\/product"}],"about":[{"href":"https:\/\/koningdrone.be\/fr\/wp-json\/wp\/v2\/types\/product"}],"wp:featuredmedia":[{"embeddable":true,"href":"https:\/\/koningdrone.be\/fr\/wp-json\/wp\/v2\/media\/5501"}],"wp:attachment":[{"href":"https:\/\/koningdrone.be\/fr\/wp-json\/wp\/v2\/media?parent=5503"}],"wp:term":[{"taxonomy":"product_brand","embeddable":true,"href":"https:\/\/koningdrone.be\/fr\/wp-json\/wp\/v2\/product_brand?post=5503"},{"taxonomy":"product_cat","embeddable":true,"href":"https:\/\/koningdrone.be\/fr\/wp-json\/wp\/v2\/product_cat?post=5503"},{"taxonomy":"product_tag","embeddable":true,"href":"https:\/\/koningdrone.be\/fr\/wp-json\/wp\/v2\/product_tag?post=5503"}],"curies":[{"name":"wp","href":"https:\/\/api.w.org\/{rel}","templated":true}]}}