{"id":5495,"date":"2022-11-02T09:13:53","date_gmt":"2022-11-02T08:13:53","guid":{"rendered":"https:\/\/koningdrone.nl\/kon\/product\/ecoflow-delta-bundle-three-110w-solar-panel\/"},"modified":"2026-04-29T13:50:34","modified_gmt":"2026-04-29T11:50:34","slug":"ecoflow-delta-bundle-three-110w-solar-panel","status":"publish","type":"product","link":"https:\/\/koningdrone.be\/fr\/produit\/ecoflow-delta-bundle-three-110w-solar-panel\/","title":{"rendered":"Ecoflow Delta Bundle (Trois panneaux solaires de 110W)"},"content":{"rendered":"<p><strong>Alimentation \u00e9lectrique hors r\u00e9seau id\u00e9ale<\/strong><\/p>\n<p>L'ensemble EcoFlow Delta avec trois panneaux solaires de 110 W est la solution id\u00e9ale pour une alimentation hors r\u00e9seau. Avec la station d'alimentation EcoFlow DELTA et trois panneaux solaires de 110 W, vous disposez d'une source d'\u00e9nergie puissante partout et \u00e0 tout moment.<\/p>\n<p><strong>Centrale EcoFlow DELTA<\/strong><\/p>\n<p>La station d'\u00e9nergie EcoFlow DELTA est con\u00e7ue avec la technologie X-Stream d'EcoFlow, ce qui lui permet de se recharger jusqu'\u00e0 dix fois plus vite que les autres g\u00e9n\u00e9rateurs d'\u00e9nergie portables du march\u00e9. Avec une capacit\u00e9 de 1260Wh, l'EcoFlow DELTA peut alimenter la plupart des appareils \u00e9lectrom\u00e9nagers et des outils lourds, avec une puissance de pointe de 3300W et une puissance continue de 1800W. De plus, l'EcoFlow DELTA peut \u00eatre recharg\u00e9 en seulement 4 heures \u00e0 l'aide de panneaux solaires, et en moins de 10 heures via un port de voiture 12\/24V.<\/p>\n<p><strong>Panneaux solaires EcoFlow<\/strong><\/p>\n<p>Les trois panneaux solaires EcoFlow de 110 W inclus sont constitu\u00e9s de cellules de silicium monocristallin efficaces et peuvent recharger le DELTA et alimenter vos appareils \u00e9lectriques. Ces panneaux solaires sont pliables, l\u00e9gers et faciles \u00e0 transporter, ce qui les rend id\u00e9aux pour les voyages.<\/p>\n<p><strong>Sp\u00e9cifications de l'ensemble EcoFlow Delta<\/strong><\/p>\n<p>Avec des sp\u00e9cifications telles qu'une capacit\u00e9 de 1260Wh, une entr\u00e9e de charge CA de 100-120V, une entr\u00e9e solaire de 10-65V, une sortie CA de 1800W (3300W en puissance de cr\u00eate), et des sorties USB-C et USB-A, le bundle EcoFlow Delta constitue une source d'alimentation polyvalente et fiable pour diverses applications.<\/p>\n<p><\/p>","protected":false},"excerpt":{"rendered":"<p>Ideale off-grid stroomvoorziening De EcoFlow Delta-bundel met drie 110W zonnepanelen is de ideale oplossing voor off-grid stroomvoorziening. Met de EcoFlow DELTA Power Station en drie 110W zonnepanelen kunt u overal en altijd een krachtige stroombron tot uw beschikking hebben. EcoFlow DELTA Power Station De EcoFlow DELTA Power Station is ontworpen met EcoFlow&#8217;s X-Stream Technology, waardoor [&hellip;]<\/p>\n","protected":false},"featured_media":5491,"template":"","meta":{"_acf_changed":false},"product_brand":[],"product_cat":[454,97,245,276,415],"product_tag":[],"class_list":{"0":"post-5495","1":"product","2":"type-product","3":"status-publish","4":"has-post-thumbnail","6":"product_cat-alle-powerstations","7":"product_cat-alle-producten","8":"product_cat-ecoflow","9":"product_cat-ecoflow-powerstations","10":"product_cat-energy","11":"product_shipping_class-outofstock","12":"pa_brand-ecoflow","13":"pa_productfamily-ecoflow-bundle","14":"pa_producttype-ecoflow-bundle","15":"pa_series-delta","17":"first","18":"outofstock","19":"taxable","20":"shipping-taxable","21":"product-type-simple"},"acf":[],"yoast_head":"<!-- This site is optimized with the Yoast SEO Premium plugin v27.2 (Yoast SEO v27.2) - https:\/\/yoast.com\/product\/yoast-seo-premium-wordpress\/ -->\n<title>Ecoflow Delta Bundle (Three 110W Solar Panel) - koningdrone.be<\/title>\n<meta name=\"robots\" content=\"index, follow, max-snippet:-1, max-image-preview:large, max-video-preview:-1\" \/>\n<link rel=\"canonical\" href=\"https:\/\/koningdrone.be\/fr\/produit\/ecoflow-delta-bundle-three-110w-solar-panel\/\" \/>\n<meta property=\"og:locale\" content=\"fr_FR\" \/>\n<meta property=\"og:type\" content=\"article\" \/>\n<meta property=\"og:title\" content=\"Ecoflow Delta Bundle (Three 110W Solar Panel)\" \/>\n<meta property=\"og:description\" content=\"Ideale off-grid stroomvoorziening De EcoFlow Delta-bundel met drie 110W zonnepanelen is de ideale oplossing voor off-grid stroomvoorziening. Met de EcoFlow DELTA Power Station en drie 110W zonnepanelen kunt u overal en altijd een krachtige stroombron tot uw beschikking hebben. EcoFlow DELTA Power Station De EcoFlow DELTA Power Station is ontworpen met EcoFlow&#8217;s X-Stream Technology, waardoor [&hellip;]\" \/>\n<meta property=\"og:url\" content=\"https:\/\/koningdrone.be\/fr\/produit\/ecoflow-delta-bundle-three-110w-solar-panel\/\" \/>\n<meta property=\"og:site_name\" content=\"koningdrone.be\" \/>\n<meta property=\"article:modified_time\" content=\"2026-04-29T11:50:34+00:00\" \/>\n<meta property=\"og:image\" content=\"https:\/\/koningdrone.be\/wp-content\/uploads\/sites\/13\/2025\/04\/EFDT3SP110BD-1.webp\" \/>\n\t<meta property=\"og:image:width\" content=\"2048\" \/>\n\t<meta property=\"og:image:height\" content=\"2048\" \/>\n\t<meta property=\"og:image:type\" content=\"image\/webp\" \/>\n<meta name=\"twitter:card\" content=\"summary_large_image\" \/>\n<meta name=\"twitter:label1\" content=\"Dur\u00e9e de lecture est.\" \/>\n\t<meta name=\"twitter:data1\" content=\"1 minute\" \/>\n<script type=\"application\/ld+json\" class=\"yoast-schema-graph\">{\"@context\":\"https:\/\/schema.org\",\"@graph\":[{\"@type\":\"WebPage\",\"@id\":\"https:\/\/koningdrone.be\/product\/ecoflow-delta-bundle-three-110w-solar-panel\/\",\"url\":\"https:\/\/koningdrone.be\/product\/ecoflow-delta-bundle-three-110w-solar-panel\/\",\"name\":\"Ecoflow Delta Bundle (Three 110W Solar Panel) - koningdrone.be\",\"isPartOf\":{\"@id\":\"https:\/\/koningdrone.be\/#website\"},\"primaryImageOfPage\":{\"@id\":\"https:\/\/koningdrone.be\/product\/ecoflow-delta-bundle-three-110w-solar-panel\/#primaryimage\"},\"image\":{\"@id\":\"https:\/\/koningdrone.be\/product\/ecoflow-delta-bundle-three-110w-solar-panel\/#primaryimage\"},\"thumbnailUrl\":\"https:\/\/koningdrone.be\/wp-content\/uploads\/sites\/13\/2025\/04\/EFDT3SP110BD-1.webp\",\"datePublished\":\"2022-11-02T08:13:53+00:00\",\"dateModified\":\"2026-04-29T11:50:34+00:00\",\"breadcrumb\":{\"@id\":\"https:\/\/koningdrone.be\/product\/ecoflow-delta-bundle-three-110w-solar-panel\/#breadcrumb\"},\"inLanguage\":\"fr-BE\",\"potentialAction\":[{\"@type\":\"ReadAction\",\"target\":[\"https:\/\/koningdrone.be\/product\/ecoflow-delta-bundle-three-110w-solar-panel\/\"]}]},{\"@type\":\"ImageObject\",\"inLanguage\":\"fr-BE\",\"@id\":\"https:\/\/koningdrone.be\/product\/ecoflow-delta-bundle-three-110w-solar-panel\/#primaryimage\",\"url\":\"https:\/\/koningdrone.be\/wp-content\/uploads\/sites\/13\/2025\/04\/EFDT3SP110BD-1.webp\",\"contentUrl\":\"https:\/\/koningdrone.be\/wp-content\/uploads\/sites\/13\/2025\/04\/EFDT3SP110BD-1.webp\",\"width\":2048,\"height\":2048},{\"@type\":\"BreadcrumbList\",\"@id\":\"https:\/\/koningdrone.be\/product\/ecoflow-delta-bundle-three-110w-solar-panel\/#breadcrumb\",\"itemListElement\":[{\"@type\":\"ListItem\",\"position\":1,\"name\":\"Home\",\"item\":\"https:\/\/koningdrone.be\/\"},{\"@type\":\"ListItem\",\"position\":2,\"name\":\"AVSS Parachute Recovery System for DJI Matrice 300\/350\",\"item\":\"https:\/\/koningdrone.be\/product\/avss-parachute-recovery-system-for-dji-matrice-300-350\/\"},{\"@type\":\"ListItem\",\"position\":3,\"name\":\"Alle powerstations\",\"item\":\"https:\/\/koningdrone.be\/categorie\/alle-powerstations\/\"},{\"@type\":\"ListItem\",\"position\":4,\"name\":\"Ecoflow Delta Bundle (Three 110W Solar Panel)\"}]},{\"@type\":\"WebSite\",\"@id\":\"https:\/\/koningdrone.be\/#website\",\"url\":\"https:\/\/koningdrone.be\/\",\"name\":\"Koningdrone.be - Uw online specialist in drones, gimbals, camera's en power stations.\",\"description\":\"De webshop in drones en gimbals\",\"publisher\":{\"@id\":\"https:\/\/koningdrone.be\/#organization\"},\"potentialAction\":[{\"@type\":\"SearchAction\",\"target\":{\"@type\":\"EntryPoint\",\"urlTemplate\":\"https:\/\/koningdrone.be\/?s={search_term_string}\"},\"query-input\":{\"@type\":\"PropertyValueSpecification\",\"valueRequired\":true,\"valueName\":\"search_term_string\"}}],\"inLanguage\":\"fr-BE\"},{\"@type\":\"Organization\",\"@id\":\"https:\/\/koningdrone.be\/#organization\",\"name\":\"Koningdrone.be\",\"url\":\"https:\/\/koningdrone.be\/\",\"logo\":{\"@type\":\"ImageObject\",\"inLanguage\":\"fr-BE\",\"@id\":\"https:\/\/koningdrone.be\/#\/schema\/logo\/image\/\",\"url\":\"https:\/\/koningdrone.be\/wp-content\/uploads\/sites\/13\/2025\/04\/koningdrone-copyright-logo.svg\",\"contentUrl\":\"https:\/\/koningdrone.be\/wp-content\/uploads\/sites\/13\/2025\/04\/koningdrone-copyright-logo.svg\",\"width\":227,\"height\":38,\"caption\":\"Koningdrone.be\"},\"image\":{\"@id\":\"https:\/\/koningdrone.be\/#\/schema\/logo\/image\/\"}}]}<\/script>\n<!-- \/ Yoast SEO Premium plugin. -->","yoast_head_json":{"title":"Ecoflow Delta Bundle (Three 110W Solar Panel) - koningdrone.be","robots":{"index":"index","follow":"follow","max-snippet":"max-snippet:-1","max-image-preview":"max-image-preview:large","max-video-preview":"max-video-preview:-1"},"canonical":"https:\/\/koningdrone.be\/fr\/produit\/ecoflow-delta-bundle-three-110w-solar-panel\/","og_locale":"fr_FR","og_type":"article","og_title":"Ecoflow Delta Bundle (Three 110W Solar Panel)","og_description":"Ideale off-grid stroomvoorziening De EcoFlow Delta-bundel met drie 110W zonnepanelen is de ideale oplossing voor off-grid stroomvoorziening. Met de EcoFlow DELTA Power Station en drie 110W zonnepanelen kunt u overal en altijd een krachtige stroombron tot uw beschikking hebben. EcoFlow DELTA Power Station De EcoFlow DELTA Power Station is ontworpen met EcoFlow&#8217;s X-Stream Technology, waardoor [&hellip;]","og_url":"https:\/\/koningdrone.be\/fr\/produit\/ecoflow-delta-bundle-three-110w-solar-panel\/","og_site_name":"koningdrone.be","article_modified_time":"2026-04-29T11:50:34+00:00","og_image":[{"width":2048,"height":2048,"url":"https:\/\/koningdrone.be\/wp-content\/uploads\/sites\/13\/2025\/04\/EFDT3SP110BD-1.webp","type":"image\/webp"}],"twitter_card":"summary_large_image","twitter_misc":{"Dur\u00e9e de lecture est.":"1 minute"},"schema":{"@context":"https:\/\/schema.org","@graph":[{"@type":"WebPage","@id":"https:\/\/koningdrone.be\/product\/ecoflow-delta-bundle-three-110w-solar-panel\/","url":"https:\/\/koningdrone.be\/product\/ecoflow-delta-bundle-three-110w-solar-panel\/","name":"Ecoflow Delta Bundle (Three 110W Solar Panel) - koningdrone.be","isPartOf":{"@id":"https:\/\/koningdrone.be\/#website"},"primaryImageOfPage":{"@id":"https:\/\/koningdrone.be\/product\/ecoflow-delta-bundle-three-110w-solar-panel\/#primaryimage"},"image":{"@id":"https:\/\/koningdrone.be\/product\/ecoflow-delta-bundle-three-110w-solar-panel\/#primaryimage"},"thumbnailUrl":"https:\/\/koningdrone.be\/wp-content\/uploads\/sites\/13\/2025\/04\/EFDT3SP110BD-1.webp","datePublished":"2022-11-02T08:13:53+00:00","dateModified":"2026-04-29T11:50:34+00:00","breadcrumb":{"@id":"https:\/\/koningdrone.be\/product\/ecoflow-delta-bundle-three-110w-solar-panel\/#breadcrumb"},"inLanguage":"fr-BE","potentialAction":[{"@type":"ReadAction","target":["https:\/\/koningdrone.be\/product\/ecoflow-delta-bundle-three-110w-solar-panel\/"]}]},{"@type":"ImageObject","inLanguage":"fr-BE","@id":"https:\/\/koningdrone.be\/product\/ecoflow-delta-bundle-three-110w-solar-panel\/#primaryimage","url":"https:\/\/koningdrone.be\/wp-content\/uploads\/sites\/13\/2025\/04\/EFDT3SP110BD-1.webp","contentUrl":"https:\/\/koningdrone.be\/wp-content\/uploads\/sites\/13\/2025\/04\/EFDT3SP110BD-1.webp","width":2048,"height":2048},{"@type":"BreadcrumbList","@id":"https:\/\/koningdrone.be\/product\/ecoflow-delta-bundle-three-110w-solar-panel\/#breadcrumb","itemListElement":[{"@type":"ListItem","position":1,"name":"Home","item":"https:\/\/koningdrone.be\/"},{"@type":"ListItem","position":2,"name":"AVSS Parachute Recovery System for DJI Matrice 300\/350","item":"https:\/\/koningdrone.be\/product\/avss-parachute-recovery-system-for-dji-matrice-300-350\/"},{"@type":"ListItem","position":3,"name":"Alle powerstations","item":"https:\/\/koningdrone.be\/categorie\/alle-powerstations\/"},{"@type":"ListItem","position":4,"name":"Ecoflow Delta Bundle (Three 110W Solar Panel)"}]},{"@type":"WebSite","@id":"https:\/\/koningdrone.be\/#website","url":"https:\/\/koningdrone.be\/","name":"Koningdrone.be - Votre sp\u00e9cialiste en ligne en mati\u00e8re de drones, de cardans, de cam\u00e9ras et de centrales \u00e9lectriques.","description":"La boutique en ligne de drones et de cardans","publisher":{"@id":"https:\/\/koningdrone.be\/#organization"},"potentialAction":[{"@type":"SearchAction","target":{"@type":"EntryPoint","urlTemplate":"https:\/\/koningdrone.be\/?s={search_term_string}"},"query-input":{"@type":"PropertyValueSpecification","valueRequired":true,"valueName":"search_term_string"}}],"inLanguage":"fr-BE"},{"@type":"Organization","@id":"https:\/\/koningdrone.be\/#organization","name":"Kingdrone.co.uk","url":"https:\/\/koningdrone.be\/","logo":{"@type":"ImageObject","inLanguage":"fr-BE","@id":"https:\/\/koningdrone.be\/#\/schema\/logo\/image\/","url":"https:\/\/koningdrone.be\/wp-content\/uploads\/sites\/13\/2025\/04\/koningdrone-copyright-logo.svg","contentUrl":"https:\/\/koningdrone.be\/wp-content\/uploads\/sites\/13\/2025\/04\/koningdrone-copyright-logo.svg","width":227,"height":38,"caption":"Koningdrone.be"},"image":{"@id":"https:\/\/koningdrone.be\/#\/schema\/logo\/image\/"}}]}},"df_price":"","df_sale_price":"","df_regular_price":"","df_image_link":"https:\/\/koningdrone.be\/wp-content\/uploads\/sites\/13\/2025\/04\/EFDT3SP110BD-1-300x300.webp","_links":{"self":[{"href":"https:\/\/koningdrone.be\/fr\/wp-json\/wp\/v2\/product\/5495","targetHints":{"allow":["GET"]}}],"collection":[{"href":"https:\/\/koningdrone.be\/fr\/wp-json\/wp\/v2\/product"}],"about":[{"href":"https:\/\/koningdrone.be\/fr\/wp-json\/wp\/v2\/types\/product"}],"wp:featuredmedia":[{"embeddable":true,"href":"https:\/\/koningdrone.be\/fr\/wp-json\/wp\/v2\/media\/5491"}],"wp:attachment":[{"href":"https:\/\/koningdrone.be\/fr\/wp-json\/wp\/v2\/media?parent=5495"}],"wp:term":[{"taxonomy":"product_brand","embeddable":true,"href":"https:\/\/koningdrone.be\/fr\/wp-json\/wp\/v2\/product_brand?post=5495"},{"taxonomy":"product_cat","embeddable":true,"href":"https:\/\/koningdrone.be\/fr\/wp-json\/wp\/v2\/product_cat?post=5495"},{"taxonomy":"product_tag","embeddable":true,"href":"https:\/\/koningdrone.be\/fr\/wp-json\/wp\/v2\/product_tag?post=5495"}],"curies":[{"name":"wp","href":"https:\/\/api.w.org\/{rel}","templated":true}]}}