{"id":5478,"date":"2022-11-02T09:13:53","date_gmt":"2022-11-02T08:13:53","guid":{"rendered":"https:\/\/koningdrone.nl\/kon\/product\/ecoflow-220w-solar-panel\/"},"modified":"2026-04-29T03:30:30","modified_gmt":"2026-04-29T01:30:30","slug":"ecoflow-220w-solar-panel","status":"publish","type":"product","link":"https:\/\/koningdrone.be\/fr\/produit\/ecoflow-220w-solar-panel\/","title":{"rendered":"Panneau solaire Ecoflow 220W"},"content":{"rendered":"<p>Le module solaire EcoFlow 220W est un compl\u00e9ment pratique pour les centrales EcoFlow River et Delta. Dot\u00e9 d'une conception \u00e0 deux faces avec une face principale de 220 W et une face arri\u00e8re de 155 W pour la lumi\u00e8re ambiante, ce module solaire peut capter jusqu'\u00e0 25% d'\u00e9nergie solaire suppl\u00e9mentaire et charger votre centrale portable encore plus rapidement. Pesant seulement 9,5 kg, ce module pratique est le compagnon id\u00e9al des aventuriers en plein air.<\/p>\n<p><strong>Conception pratique et compacte<\/strong><\/p>\n<p>Gr\u00e2ce \u00e0 sa conception compacte et pliable, ce module solaire est facile \u00e0 emporter en camping ou \u00e0 ranger dans un camping-car. Le bo\u00eetier peut \u00eatre transform\u00e9 en un support pratique afin de trouver le bon angle pour capter les rayons du soleil. Connectez le module \u00e0 une centrale EcoFlow River (eu\/Max\/Pro) ou Delta eu pour le recharger efficacement. Les connecteurs solaires universels permettent \u00e9galement de connecter des g\u00e9n\u00e9rateurs tiers.<\/p>\n<p><strong>Am\u00e9lioration de l'efficacit\u00e9<\/strong><\/p>\n<p>La conception biface garantit que les rayons solaires sont absorb\u00e9s par les deux c\u00f4t\u00e9s du panneau solaire, ce qui permet d'obtenir jusqu'\u00e0 25% d'\u00e9nergie solaire suppl\u00e9mentaire. Avec une surface r\u00e9fl\u00e9chissante, il est m\u00eame possible de collecter jusqu'\u00e0 80% d'\u00e9nergie suppl\u00e9mentaire. En outre, le 10% est plus petit que les modules comparables de 220 W, il \u00e9conomise de l'espace gr\u00e2ce \u00e0 un verre tremp\u00e9 plus fin et n\u00e9cessite moins d'espace pour la m\u00eame absorption.<\/p>\n<p>&nbsp;<\/p>","protected":false},"excerpt":{"rendered":"<ul>\n<li>Efficacit\u00e9 cellulaire de 22-23%<\/li>\n<li>Cellules solaires monocristallines<\/li>\n<li>Bifacial - \u00e9quip\u00e9 de cellules solaires sur les deux faces<\/li>\n<li>\u00c9tanch\u00e9it\u00e9 IP67 pour une protection contre la salet\u00e9, la poussi\u00e8re et l'eau<\/li>\n<li>Bornes de raccordement solaire polyvalentes et compatibles<\/li>\n<li>Convient aux Powerstations EcoFlow River \/ Delta et aux g\u00e9n\u00e9rateurs tiers compatibles.<\/li>\n<li>Puissance nominale : 220w (avant) \/ 144w (arri\u00e8re)<\/li>\n<li>Tension du module (Vmp) : 18,4V<\/li>\n<li>Courant max. Courant (Imp) : 12a (avant) \/ 8,4a (arri\u00e8re)<\/li>\n<li>Tension \u00e0 vide (Voc) : 21,08V<\/li>\n<li>Courant de court-circuit (Isc) : 13a (avant) ; 8,8a (arri\u00e8re)<\/li>\n<li>Efficacit\u00e9 cellulaire : 22-23<\/li>\n<li>Temp\u00e9rature de fonctionnement : -20 - +85\u00b0C<\/li>\n<li>Dimensions ferm\u00e9 : 820 x 500 x 32 mm<\/li>\n<li>Dimensions ouvert : 820 x 1830 x 25 mm<\/li>\n<li>Poids du module : 9,5 kg<\/li>\n<\/ul>","protected":false},"featured_media":5473,"template":"","meta":{"_acf_changed":false},"product_brand":[],"product_cat":[97,245,415,198],"product_tag":[],"class_list":{"0":"post-5478","1":"product","2":"type-product","3":"status-publish","4":"has-post-thumbnail","6":"product_cat-alle-producten","7":"product_cat-ecoflow","8":"product_cat-energy","9":"product_cat-zonnepanelen","10":"product_shipping_class-uavspacesall","11":"pa_afmetingen-opengevouwen-82-x-183-x-2-5-cm_x000d_-dichtgevouwen-82-x-50-x-3-2-cm","12":"pa_brand-ecoflow","13":"pa_gewicht-9-5-kg","14":"pa_materiaal-monocrystalline-silicon","15":"pa_productfamily-zonnepaneel","16":"pa_producttype-zonnepaneel","17":"pa_series-ecoflow","19":"first","20":"instock","21":"taxable","22":"shipping-taxable","23":"purchasable","24":"product-type-simple"},"acf":[],"yoast_head":"<!-- This site is optimized with the Yoast SEO Premium plugin v27.2 (Yoast SEO v27.2) - https:\/\/yoast.com\/product\/yoast-seo-premium-wordpress\/ -->\n<title>Ecoflow 220W Solar Panel - koningdrone.be<\/title>\n<meta name=\"robots\" content=\"index, follow, max-snippet:-1, max-image-preview:large, max-video-preview:-1\" \/>\n<link rel=\"canonical\" href=\"https:\/\/koningdrone.be\/fr\/produit\/ecoflow-220w-solar-panel\/\" \/>\n<meta property=\"og:locale\" content=\"fr_FR\" \/>\n<meta property=\"og:type\" content=\"article\" \/>\n<meta property=\"og:title\" content=\"Ecoflow 220W Solar Panel\" \/>\n<meta property=\"og:description\" content=\"Celeffici\u00ebntie van 22-23%  Monokristallijne zonnecellen  Bifacial - voorzien van zonnecellen aan beide zijden  Waterdicht tot IP67 beschermt tegen vuil, stof en water  Veelzijdige compatibele aansluitklemmen voor zonne-energie  Geschikt voor EcoFlow River \/ Delta Powerstations en compatibele generatoren van derden  Nominaal vermogen: 220w (voor) \/ 144w (achter)  Modulespanning (Vmp): 18.4V  Max. Stroom (Imp): 12a (voor) \/ 8.4a (achter)  Nullastspanning (Voc): 21,08V  Kortsluitstroom (Isc): 13a (voor); 8.8a (achter)  Celeffici\u00ebntie: 22-23  Bedrijfstemperatuurbereik: -20 - +85\u00b0C  Afmetingen gesloten: 820 x 500 x 32 mm  Afmetingen geopend: 820 x 1830 x 25 mm  Modulegewicht: 9,5kg\" \/>\n<meta property=\"og:url\" content=\"https:\/\/koningdrone.be\/fr\/produit\/ecoflow-220w-solar-panel\/\" \/>\n<meta property=\"og:site_name\" content=\"koningdrone.be\" \/>\n<meta property=\"article:modified_time\" content=\"2026-04-29T01:30:30+00:00\" \/>\n<meta property=\"og:image\" content=\"https:\/\/koningdrone.be\/wp-content\/uploads\/sites\/13\/2025\/04\/4897082666332-1.jpg\" \/>\n\t<meta property=\"og:image:width\" content=\"1000\" \/>\n\t<meta property=\"og:image:height\" content=\"1000\" \/>\n\t<meta property=\"og:image:type\" content=\"image\/jpeg\" \/>\n<meta name=\"twitter:card\" content=\"summary_large_image\" \/>\n<meta name=\"twitter:label1\" content=\"Dur\u00e9e de lecture est.\" \/>\n\t<meta name=\"twitter:data1\" content=\"1 minute\" \/>\n<script type=\"application\/ld+json\" class=\"yoast-schema-graph\">{\"@context\":\"https:\/\/schema.org\",\"@graph\":[{\"@type\":\"WebPage\",\"@id\":\"https:\/\/koningdrone.be\/product\/ecoflow-220w-solar-panel\/\",\"url\":\"https:\/\/koningdrone.be\/product\/ecoflow-220w-solar-panel\/\",\"name\":\"Ecoflow 220W Solar Panel - koningdrone.be\",\"isPartOf\":{\"@id\":\"https:\/\/koningdrone.be\/#website\"},\"primaryImageOfPage\":{\"@id\":\"https:\/\/koningdrone.be\/product\/ecoflow-220w-solar-panel\/#primaryimage\"},\"image\":{\"@id\":\"https:\/\/koningdrone.be\/product\/ecoflow-220w-solar-panel\/#primaryimage\"},\"thumbnailUrl\":\"https:\/\/koningdrone.be\/wp-content\/uploads\/sites\/13\/2025\/04\/4897082666332-1.jpg\",\"datePublished\":\"2022-11-02T08:13:53+00:00\",\"dateModified\":\"2026-04-29T01:30:30+00:00\",\"breadcrumb\":{\"@id\":\"https:\/\/koningdrone.be\/product\/ecoflow-220w-solar-panel\/#breadcrumb\"},\"inLanguage\":\"fr-BE\",\"potentialAction\":[{\"@type\":\"ReadAction\",\"target\":[\"https:\/\/koningdrone.be\/product\/ecoflow-220w-solar-panel\/\"]}]},{\"@type\":\"ImageObject\",\"inLanguage\":\"fr-BE\",\"@id\":\"https:\/\/koningdrone.be\/product\/ecoflow-220w-solar-panel\/#primaryimage\",\"url\":\"https:\/\/koningdrone.be\/wp-content\/uploads\/sites\/13\/2025\/04\/4897082666332-1.jpg\",\"contentUrl\":\"https:\/\/koningdrone.be\/wp-content\/uploads\/sites\/13\/2025\/04\/4897082666332-1.jpg\",\"width\":1000,\"height\":1000},{\"@type\":\"BreadcrumbList\",\"@id\":\"https:\/\/koningdrone.be\/product\/ecoflow-220w-solar-panel\/#breadcrumb\",\"itemListElement\":[{\"@type\":\"ListItem\",\"position\":1,\"name\":\"Home\",\"item\":\"https:\/\/koningdrone.be\/\"},{\"@type\":\"ListItem\",\"position\":2,\"name\":\"AVSS Parachute Recovery System for DJI Matrice 300\/350\",\"item\":\"https:\/\/koningdrone.be\/product\/avss-parachute-recovery-system-for-dji-matrice-300-350\/\"},{\"@type\":\"ListItem\",\"position\":3,\"name\":\"Alle producten\",\"item\":\"https:\/\/koningdrone.be\/categorie\/alle-producten\/\"},{\"@type\":\"ListItem\",\"position\":4,\"name\":\"Ecoflow 220W Solar Panel\"}]},{\"@type\":\"WebSite\",\"@id\":\"https:\/\/koningdrone.be\/#website\",\"url\":\"https:\/\/koningdrone.be\/\",\"name\":\"Koningdrone.be - Uw online specialist in drones, gimbals, camera's en power stations.\",\"description\":\"De webshop in drones en gimbals\",\"publisher\":{\"@id\":\"https:\/\/koningdrone.be\/#organization\"},\"potentialAction\":[{\"@type\":\"SearchAction\",\"target\":{\"@type\":\"EntryPoint\",\"urlTemplate\":\"https:\/\/koningdrone.be\/?s={search_term_string}\"},\"query-input\":{\"@type\":\"PropertyValueSpecification\",\"valueRequired\":true,\"valueName\":\"search_term_string\"}}],\"inLanguage\":\"fr-BE\"},{\"@type\":\"Organization\",\"@id\":\"https:\/\/koningdrone.be\/#organization\",\"name\":\"Koningdrone.be\",\"url\":\"https:\/\/koningdrone.be\/\",\"logo\":{\"@type\":\"ImageObject\",\"inLanguage\":\"fr-BE\",\"@id\":\"https:\/\/koningdrone.be\/#\/schema\/logo\/image\/\",\"url\":\"https:\/\/koningdrone.be\/wp-content\/uploads\/sites\/13\/2025\/04\/koningdrone-copyright-logo.svg\",\"contentUrl\":\"https:\/\/koningdrone.be\/wp-content\/uploads\/sites\/13\/2025\/04\/koningdrone-copyright-logo.svg\",\"width\":227,\"height\":38,\"caption\":\"Koningdrone.be\"},\"image\":{\"@id\":\"https:\/\/koningdrone.be\/#\/schema\/logo\/image\/\"}}]}<\/script>\n<!-- \/ Yoast SEO Premium plugin. -->","yoast_head_json":{"title":"Ecoflow 220W Solar Panel - koningdrone.be","robots":{"index":"index","follow":"follow","max-snippet":"max-snippet:-1","max-image-preview":"max-image-preview:large","max-video-preview":"max-video-preview:-1"},"canonical":"https:\/\/koningdrone.be\/fr\/produit\/ecoflow-220w-solar-panel\/","og_locale":"fr_FR","og_type":"article","og_title":"Ecoflow 220W Solar Panel","og_description":"Celeffici\u00ebntie van 22-23%  Monokristallijne zonnecellen  Bifacial - voorzien van zonnecellen aan beide zijden  Waterdicht tot IP67 beschermt tegen vuil, stof en water  Veelzijdige compatibele aansluitklemmen voor zonne-energie  Geschikt voor EcoFlow River \/ Delta Powerstations en compatibele generatoren van derden  Nominaal vermogen: 220w (voor) \/ 144w (achter)  Modulespanning (Vmp): 18.4V  Max. Stroom (Imp): 12a (voor) \/ 8.4a (achter)  Nullastspanning (Voc): 21,08V  Kortsluitstroom (Isc): 13a (voor); 8.8a (achter)  Celeffici\u00ebntie: 22-23  Bedrijfstemperatuurbereik: -20 - +85\u00b0C  Afmetingen gesloten: 820 x 500 x 32 mm  Afmetingen geopend: 820 x 1830 x 25 mm  Modulegewicht: 9,5kg","og_url":"https:\/\/koningdrone.be\/fr\/produit\/ecoflow-220w-solar-panel\/","og_site_name":"koningdrone.be","article_modified_time":"2026-04-29T01:30:30+00:00","og_image":[{"width":1000,"height":1000,"url":"https:\/\/koningdrone.be\/wp-content\/uploads\/sites\/13\/2025\/04\/4897082666332-1.jpg","type":"image\/jpeg"}],"twitter_card":"summary_large_image","twitter_misc":{"Dur\u00e9e de lecture est.":"1 minute"},"schema":{"@context":"https:\/\/schema.org","@graph":[{"@type":"WebPage","@id":"https:\/\/koningdrone.be\/product\/ecoflow-220w-solar-panel\/","url":"https:\/\/koningdrone.be\/product\/ecoflow-220w-solar-panel\/","name":"Ecoflow 220W Solar Panel - koningdrone.be","isPartOf":{"@id":"https:\/\/koningdrone.be\/#website"},"primaryImageOfPage":{"@id":"https:\/\/koningdrone.be\/product\/ecoflow-220w-solar-panel\/#primaryimage"},"image":{"@id":"https:\/\/koningdrone.be\/product\/ecoflow-220w-solar-panel\/#primaryimage"},"thumbnailUrl":"https:\/\/koningdrone.be\/wp-content\/uploads\/sites\/13\/2025\/04\/4897082666332-1.jpg","datePublished":"2022-11-02T08:13:53+00:00","dateModified":"2026-04-29T01:30:30+00:00","breadcrumb":{"@id":"https:\/\/koningdrone.be\/product\/ecoflow-220w-solar-panel\/#breadcrumb"},"inLanguage":"fr-BE","potentialAction":[{"@type":"ReadAction","target":["https:\/\/koningdrone.be\/product\/ecoflow-220w-solar-panel\/"]}]},{"@type":"ImageObject","inLanguage":"fr-BE","@id":"https:\/\/koningdrone.be\/product\/ecoflow-220w-solar-panel\/#primaryimage","url":"https:\/\/koningdrone.be\/wp-content\/uploads\/sites\/13\/2025\/04\/4897082666332-1.jpg","contentUrl":"https:\/\/koningdrone.be\/wp-content\/uploads\/sites\/13\/2025\/04\/4897082666332-1.jpg","width":1000,"height":1000},{"@type":"BreadcrumbList","@id":"https:\/\/koningdrone.be\/product\/ecoflow-220w-solar-panel\/#breadcrumb","itemListElement":[{"@type":"ListItem","position":1,"name":"Home","item":"https:\/\/koningdrone.be\/"},{"@type":"ListItem","position":2,"name":"AVSS Parachute Recovery System for DJI Matrice 300\/350","item":"https:\/\/koningdrone.be\/product\/avss-parachute-recovery-system-for-dji-matrice-300-350\/"},{"@type":"ListItem","position":3,"name":"Alle producten","item":"https:\/\/koningdrone.be\/categorie\/alle-producten\/"},{"@type":"ListItem","position":4,"name":"Ecoflow 220W Solar Panel"}]},{"@type":"WebSite","@id":"https:\/\/koningdrone.be\/#website","url":"https:\/\/koningdrone.be\/","name":"Koningdrone.be - Votre sp\u00e9cialiste en ligne en mati\u00e8re de drones, de cardans, de cam\u00e9ras et de centrales \u00e9lectriques.","description":"La boutique en ligne de drones et de cardans","publisher":{"@id":"https:\/\/koningdrone.be\/#organization"},"potentialAction":[{"@type":"SearchAction","target":{"@type":"EntryPoint","urlTemplate":"https:\/\/koningdrone.be\/?s={search_term_string}"},"query-input":{"@type":"PropertyValueSpecification","valueRequired":true,"valueName":"search_term_string"}}],"inLanguage":"fr-BE"},{"@type":"Organization","@id":"https:\/\/koningdrone.be\/#organization","name":"Kingdrone.co.uk","url":"https:\/\/koningdrone.be\/","logo":{"@type":"ImageObject","inLanguage":"fr-BE","@id":"https:\/\/koningdrone.be\/#\/schema\/logo\/image\/","url":"https:\/\/koningdrone.be\/wp-content\/uploads\/sites\/13\/2025\/04\/koningdrone-copyright-logo.svg","contentUrl":"https:\/\/koningdrone.be\/wp-content\/uploads\/sites\/13\/2025\/04\/koningdrone-copyright-logo.svg","width":227,"height":38,"caption":"Koningdrone.be"},"image":{"@id":"https:\/\/koningdrone.be\/#\/schema\/logo\/image\/"}}]}},"df_price":398,"df_sale_price":"","df_regular_price":398,"df_image_link":"https:\/\/koningdrone.be\/wp-content\/uploads\/sites\/13\/2025\/04\/4897082666332-1-300x300.jpg","_links":{"self":[{"href":"https:\/\/koningdrone.be\/fr\/wp-json\/wp\/v2\/product\/5478","targetHints":{"allow":["GET"]}}],"collection":[{"href":"https:\/\/koningdrone.be\/fr\/wp-json\/wp\/v2\/product"}],"about":[{"href":"https:\/\/koningdrone.be\/fr\/wp-json\/wp\/v2\/types\/product"}],"wp:featuredmedia":[{"embeddable":true,"href":"https:\/\/koningdrone.be\/fr\/wp-json\/wp\/v2\/media\/5473"}],"wp:attachment":[{"href":"https:\/\/koningdrone.be\/fr\/wp-json\/wp\/v2\/media?parent=5478"}],"wp:term":[{"taxonomy":"product_brand","embeddable":true,"href":"https:\/\/koningdrone.be\/fr\/wp-json\/wp\/v2\/product_brand?post=5478"},{"taxonomy":"product_cat","embeddable":true,"href":"https:\/\/koningdrone.be\/fr\/wp-json\/wp\/v2\/product_cat?post=5478"},{"taxonomy":"product_tag","embeddable":true,"href":"https:\/\/koningdrone.be\/fr\/wp-json\/wp\/v2\/product_tag?post=5478"}],"curies":[{"name":"wp","href":"https:\/\/api.w.org\/{rel}","templated":true}]}}