{"id":5472,"date":"2022-11-02T09:13:53","date_gmt":"2022-11-02T08:13:53","guid":{"rendered":"https:\/\/koningdrone.nl\/kon\/product\/dji-action-diving-accessory-kit\/"},"modified":"2026-04-29T04:00:07","modified_gmt":"2026-04-29T02:00:07","slug":"dji-action-diving-accessory-kit","status":"publish","type":"product","link":"https:\/\/koningdrone.be\/fr\/produit\/dji-action-diving-accessory-kit\/","title":{"rendered":"Kit d'accessoires de plong\u00e9e Osmo Action"},"content":{"rendered":"<p><strong>Bo\u00eetier \u00e9tanche Osmo Action 60 m\u00e8tres<\/strong><\/p>\n<p>Ce kit comprend le caisson \u00e9tanche Osmo Action 60m, con\u00e7u pour capturer des aventures sous-marines jusqu'\u00e0 une profondeur de 60 m\u00e8tres. Il offre une exp\u00e9rience de prise de vue sous-marine plus s\u00fbre et plus polyvalente, en gardant votre cam\u00e9ra bien prot\u00e9g\u00e9e et en vous permettant de plonger plus profond\u00e9ment et d'explorer plus loin.<\/p>\n<p><strong>Poign\u00e9e flottante de DJI<\/strong><\/p>\n<p>La poign\u00e9e flottante DJI incluse dans ce kit permet \u00e0 votre cam\u00e9ra de flotter, ce qui la rend beaucoup plus facile \u00e0 manipuler lors de diverses activit\u00e9s nautiques. Cette poign\u00e9e est particuli\u00e8rement utile pour s'assurer que votre appareil photo est facilement accessible et qu'il ne coule pas en cas de chute accidentelle.<\/p>\n<p><strong>Vis de blocage Osmo<\/strong><\/p>\n<p>Gr\u00e2ce \u00e0 la vis de blocage Osmo, vous pouvez \u00eatre s\u00fbr que tout reste solidement fix\u00e9, ce qui offre une s\u00e9curit\u00e9 suppl\u00e9mentaire \u00e0 votre appareil photo et \u00e0 ses accessoires. Ainsi, quelle que soit l'activit\u00e9, les r\u00e9glages de votre cam\u00e9ra restent intacts et fonctionnels.<\/p>\n<p><strong>Inserts anti-condensation<\/strong><\/p>\n<p>L'ajout d'inserts antibu\u00e9e emp\u00eache la bu\u00e9e d'obscurcir l'objectif de votre appareil photo, ce qui permet de conserver des images claires m\u00eame dans les conditions les plus humides. Ces inserts sont essentiels pour maintenir la qualit\u00e9 de vos photos et vid\u00e9os sous l'eau.<\/p>\n<p><strong>Avant de plonger<\/strong><\/p>\n<p>Avant de vous lancer dans vos aventures sous-marines, assurez-vous que le compartiment de la batterie et le couvercle du port USB-C sont correctement scell\u00e9s et que le pare-soleil est bien fix\u00e9. Il est conseill\u00e9 d'utiliser le bo\u00eetier \u00e9tanche pour les prises de vue sous-marines prolong\u00e9es ou dans les situations o\u00f9 la pression de l'eau est \u00e9lev\u00e9e. Ce bo\u00eetier est conforme \u00e0 la norme IP68, ce qui d\u00e9montre son efficacit\u00e9 \u00e0 prot\u00e9ger en toute s\u00e9curit\u00e9 votre appareil photo sous l'eau.<\/p>\n<p><strong>Important<\/strong><\/p>\n<p>Pour \u00e9viter tout dommage, n'exposez pas votre appareil photo \u00e0 des sources de chaleur et ne le mettez pas en contact avec des liquides corrosifs. Cette pr\u00e9caution garantira la long\u00e9vit\u00e9 et la fonctionnalit\u00e9 de votre appareil photo, vous permettant ainsi d'immortaliser des moments m\u00e9morables en toute tranquillit\u00e9.<\/p>\n<p><strong>Vue d'ensemble du kit<\/strong><\/p>\n<p>\u00c9quip\u00e9 de tout ce qui est n\u00e9cessaire pour une exp\u00e9rience d'enregistrement sous-marin amusante et sans souci, ce kit fournit les \u00e9l\u00e9ments essentiels pour une s\u00e9curit\u00e9 et une polyvalence accrues. Des explorations en haute mer aux s\u00e9ances de relaxation \u00e0 la piscine, votre appareil photo est pr\u00eat \u00e0 immortaliser toutes vos aventures aquatiques.<\/p>\n<p>&nbsp;<\/p>","protected":false},"excerpt":{"rendered":"<ul>\n<li>\u00c9tanche jusqu'\u00e0 une profondeur de 60 m\u00e8tres<\/li>\n<li>Comprend une poign\u00e9e flottante DJI pour le contr\u00f4le de la flottabilit\u00e9<\/li>\n<li>Livr\u00e9 avec la vis de blocage Osmo pour un montage s\u00e9curis\u00e9<\/li>\n<li>Les inserts antibu\u00e9e emp\u00eachent la formation de bu\u00e9e sur les lentilles sous l'eau.<\/li>\n<li>L'indice d'\u00e9tanch\u00e9it\u00e9 IP68 garantit la durabilit\u00e9<\/li>\n<li>Recommand\u00e9 pour une utilisation sous-marine \u00e0 long terme<\/li>\n<li>R\u00e9sistant \u00e0 la pression de choc de l'eau<\/li>\n<li>Ne convient pas pour les sources chaudes ou les liquides corrosifs<\/li>\n<\/ul>","protected":false},"featured_media":5469,"template":"","meta":{"_acf_changed":false},"product_brand":[],"product_cat":[410,97,738,297,757],"product_tag":[],"class_list":{"0":"post-5472","1":"product","2":"type-product","3":"status-publish","4":"has-post-thumbnail","6":"product_cat-alle-handheld-gimbals","7":"product_cat-alle-producten","8":"product_cat-dji-accessoires","9":"product_cat-dji-osmo","10":"product_cat-dji-osmo-action","11":"product_shipping_class-acsystemsall","12":"pa_brand-dji","13":"pa_productfamily-action-cam-accessoires","14":"pa_producttype-action-cam-accessoires","15":"pa_series-osmo-mobile","17":"first","18":"instock","19":"taxable","20":"shipping-taxable","21":"purchasable","22":"product-type-simple"},"acf":[],"yoast_head":"<!-- This site is optimized with the Yoast SEO Premium plugin v27.2 (Yoast SEO v27.2) - https:\/\/yoast.com\/product\/yoast-seo-premium-wordpress\/ -->\n<title>Osmo Action Diving Accessory Kit - koningdrone.be<\/title>\n<meta name=\"robots\" content=\"index, follow, max-snippet:-1, max-image-preview:large, max-video-preview:-1\" \/>\n<link rel=\"canonical\" href=\"https:\/\/koningdrone.be\/fr\/produit\/dji-action-diving-accessory-kit\/\" \/>\n<meta property=\"og:locale\" content=\"fr_FR\" \/>\n<meta property=\"og:type\" content=\"article\" \/>\n<meta property=\"og:title\" content=\"Osmo Action Diving Accessory Kit\" \/>\n<meta property=\"og:description\" content=\"Waterdicht tot 60 meter diepte  Inclusief DJI drijvende handgreep voor drijfvermogen  Wordt geleverd met Osmo borgschroef voor veilige montage  Anti-Fog-inzetstukken voorkomen lensbeslaan onder water  IP68 waterdichte classificatie zorgt voor duurzaamheid  Aanbevolen voor langdurig gebruik onder water  Bestand tegen hoge waterstootdruk  Niet geschikt voor warmwaterbronnen of bijtende vloeistoffen\" \/>\n<meta property=\"og:url\" content=\"https:\/\/koningdrone.be\/fr\/produit\/dji-action-diving-accessory-kit\/\" \/>\n<meta property=\"og:site_name\" content=\"koningdrone.be\" \/>\n<meta property=\"article:modified_time\" content=\"2026-04-29T02:00:07+00:00\" \/>\n<meta property=\"og:image\" content=\"https:\/\/koningdrone.be\/wp-content\/uploads\/sites\/13\/2025\/04\/7b6efc2d97f43548264e2d24ebe22523@large.jpg\" \/>\n\t<meta property=\"og:image:width\" content=\"1200\" \/>\n\t<meta property=\"og:image:height\" content=\"800\" \/>\n\t<meta property=\"og:image:type\" content=\"image\/jpeg\" \/>\n<meta name=\"twitter:card\" content=\"summary_large_image\" \/>\n<meta name=\"twitter:label1\" content=\"Dur\u00e9e de lecture est.\" \/>\n\t<meta name=\"twitter:data1\" content=\"2 minutes\" \/>\n<script type=\"application\/ld+json\" class=\"yoast-schema-graph\">{\"@context\":\"https:\/\/schema.org\",\"@graph\":[{\"@type\":\"WebPage\",\"@id\":\"https:\/\/koningdrone.be\/product\/dji-action-diving-accessory-kit\/\",\"url\":\"https:\/\/koningdrone.be\/product\/dji-action-diving-accessory-kit\/\",\"name\":\"Osmo Action Diving Accessory Kit - koningdrone.be\",\"isPartOf\":{\"@id\":\"https:\/\/koningdrone.be\/#website\"},\"primaryImageOfPage\":{\"@id\":\"https:\/\/koningdrone.be\/product\/dji-action-diving-accessory-kit\/#primaryimage\"},\"image\":{\"@id\":\"https:\/\/koningdrone.be\/product\/dji-action-diving-accessory-kit\/#primaryimage\"},\"thumbnailUrl\":\"https:\/\/koningdrone.be\/wp-content\/uploads\/sites\/13\/2025\/04\/7b6efc2d97f43548264e2d24ebe22523@large.jpg\",\"datePublished\":\"2022-11-02T08:13:53+00:00\",\"dateModified\":\"2026-04-29T02:00:07+00:00\",\"breadcrumb\":{\"@id\":\"https:\/\/koningdrone.be\/product\/dji-action-diving-accessory-kit\/#breadcrumb\"},\"inLanguage\":\"fr-BE\",\"potentialAction\":[{\"@type\":\"ReadAction\",\"target\":[\"https:\/\/koningdrone.be\/product\/dji-action-diving-accessory-kit\/\"]}]},{\"@type\":\"ImageObject\",\"inLanguage\":\"fr-BE\",\"@id\":\"https:\/\/koningdrone.be\/product\/dji-action-diving-accessory-kit\/#primaryimage\",\"url\":\"https:\/\/koningdrone.be\/wp-content\/uploads\/sites\/13\/2025\/04\/7b6efc2d97f43548264e2d24ebe22523@large.jpg\",\"contentUrl\":\"https:\/\/koningdrone.be\/wp-content\/uploads\/sites\/13\/2025\/04\/7b6efc2d97f43548264e2d24ebe22523@large.jpg\",\"width\":1200,\"height\":800},{\"@type\":\"BreadcrumbList\",\"@id\":\"https:\/\/koningdrone.be\/product\/dji-action-diving-accessory-kit\/#breadcrumb\",\"itemListElement\":[{\"@type\":\"ListItem\",\"position\":1,\"name\":\"Home\",\"item\":\"https:\/\/koningdrone.be\/\"},{\"@type\":\"ListItem\",\"position\":2,\"name\":\"AVSS Parachute Recovery System for DJI Matrice 300\/350\",\"item\":\"https:\/\/koningdrone.be\/product\/avss-parachute-recovery-system-for-dji-matrice-300-350\/\"},{\"@type\":\"ListItem\",\"position\":3,\"name\":\"Alle handheld gimbals\",\"item\":\"https:\/\/koningdrone.be\/categorie\/alle-handheld-gimbals\/\"},{\"@type\":\"ListItem\",\"position\":4,\"name\":\"Osmo Action Diving Accessory Kit\"}]},{\"@type\":\"WebSite\",\"@id\":\"https:\/\/koningdrone.be\/#website\",\"url\":\"https:\/\/koningdrone.be\/\",\"name\":\"Koningdrone.be - Uw online specialist in drones, gimbals, camera's en power stations.\",\"description\":\"De webshop in drones en gimbals\",\"publisher\":{\"@id\":\"https:\/\/koningdrone.be\/#organization\"},\"potentialAction\":[{\"@type\":\"SearchAction\",\"target\":{\"@type\":\"EntryPoint\",\"urlTemplate\":\"https:\/\/koningdrone.be\/?s={search_term_string}\"},\"query-input\":{\"@type\":\"PropertyValueSpecification\",\"valueRequired\":true,\"valueName\":\"search_term_string\"}}],\"inLanguage\":\"fr-BE\"},{\"@type\":\"Organization\",\"@id\":\"https:\/\/koningdrone.be\/#organization\",\"name\":\"Koningdrone.be\",\"url\":\"https:\/\/koningdrone.be\/\",\"logo\":{\"@type\":\"ImageObject\",\"inLanguage\":\"fr-BE\",\"@id\":\"https:\/\/koningdrone.be\/#\/schema\/logo\/image\/\",\"url\":\"https:\/\/koningdrone.be\/wp-content\/uploads\/sites\/13\/2025\/04\/koningdrone-copyright-logo.svg\",\"contentUrl\":\"https:\/\/koningdrone.be\/wp-content\/uploads\/sites\/13\/2025\/04\/koningdrone-copyright-logo.svg\",\"width\":227,\"height\":38,\"caption\":\"Koningdrone.be\"},\"image\":{\"@id\":\"https:\/\/koningdrone.be\/#\/schema\/logo\/image\/\"}}]}<\/script>\n<!-- \/ Yoast SEO Premium plugin. -->","yoast_head_json":{"title":"Osmo Action Diving Accessory Kit - koningdrone.be","robots":{"index":"index","follow":"follow","max-snippet":"max-snippet:-1","max-image-preview":"max-image-preview:large","max-video-preview":"max-video-preview:-1"},"canonical":"https:\/\/koningdrone.be\/fr\/produit\/dji-action-diving-accessory-kit\/","og_locale":"fr_FR","og_type":"article","og_title":"Osmo Action Diving Accessory Kit","og_description":"Waterdicht tot 60 meter diepte  Inclusief DJI drijvende handgreep voor drijfvermogen  Wordt geleverd met Osmo borgschroef voor veilige montage  Anti-Fog-inzetstukken voorkomen lensbeslaan onder water  IP68 waterdichte classificatie zorgt voor duurzaamheid  Aanbevolen voor langdurig gebruik onder water  Bestand tegen hoge waterstootdruk  Niet geschikt voor warmwaterbronnen of bijtende vloeistoffen","og_url":"https:\/\/koningdrone.be\/fr\/produit\/dji-action-diving-accessory-kit\/","og_site_name":"koningdrone.be","article_modified_time":"2026-04-29T02:00:07+00:00","og_image":[{"width":1200,"height":800,"url":"https:\/\/koningdrone.be\/wp-content\/uploads\/sites\/13\/2025\/04\/7b6efc2d97f43548264e2d24ebe22523@large.jpg","type":"image\/jpeg"}],"twitter_card":"summary_large_image","twitter_misc":{"Dur\u00e9e de lecture est.":"2 minutes"},"schema":{"@context":"https:\/\/schema.org","@graph":[{"@type":"WebPage","@id":"https:\/\/koningdrone.be\/product\/dji-action-diving-accessory-kit\/","url":"https:\/\/koningdrone.be\/product\/dji-action-diving-accessory-kit\/","name":"Osmo Action Diving Accessory Kit - koningdrone.be","isPartOf":{"@id":"https:\/\/koningdrone.be\/#website"},"primaryImageOfPage":{"@id":"https:\/\/koningdrone.be\/product\/dji-action-diving-accessory-kit\/#primaryimage"},"image":{"@id":"https:\/\/koningdrone.be\/product\/dji-action-diving-accessory-kit\/#primaryimage"},"thumbnailUrl":"https:\/\/koningdrone.be\/wp-content\/uploads\/sites\/13\/2025\/04\/7b6efc2d97f43548264e2d24ebe22523@large.jpg","datePublished":"2022-11-02T08:13:53+00:00","dateModified":"2026-04-29T02:00:07+00:00","breadcrumb":{"@id":"https:\/\/koningdrone.be\/product\/dji-action-diving-accessory-kit\/#breadcrumb"},"inLanguage":"fr-BE","potentialAction":[{"@type":"ReadAction","target":["https:\/\/koningdrone.be\/product\/dji-action-diving-accessory-kit\/"]}]},{"@type":"ImageObject","inLanguage":"fr-BE","@id":"https:\/\/koningdrone.be\/product\/dji-action-diving-accessory-kit\/#primaryimage","url":"https:\/\/koningdrone.be\/wp-content\/uploads\/sites\/13\/2025\/04\/7b6efc2d97f43548264e2d24ebe22523@large.jpg","contentUrl":"https:\/\/koningdrone.be\/wp-content\/uploads\/sites\/13\/2025\/04\/7b6efc2d97f43548264e2d24ebe22523@large.jpg","width":1200,"height":800},{"@type":"BreadcrumbList","@id":"https:\/\/koningdrone.be\/product\/dji-action-diving-accessory-kit\/#breadcrumb","itemListElement":[{"@type":"ListItem","position":1,"name":"Home","item":"https:\/\/koningdrone.be\/"},{"@type":"ListItem","position":2,"name":"AVSS Parachute Recovery System for DJI Matrice 300\/350","item":"https:\/\/koningdrone.be\/product\/avss-parachute-recovery-system-for-dji-matrice-300-350\/"},{"@type":"ListItem","position":3,"name":"Alle handheld gimbals","item":"https:\/\/koningdrone.be\/categorie\/alle-handheld-gimbals\/"},{"@type":"ListItem","position":4,"name":"Osmo Action Diving Accessory Kit"}]},{"@type":"WebSite","@id":"https:\/\/koningdrone.be\/#website","url":"https:\/\/koningdrone.be\/","name":"Koningdrone.be - Votre sp\u00e9cialiste en ligne en mati\u00e8re de drones, de cardans, de cam\u00e9ras et de centrales \u00e9lectriques.","description":"La boutique en ligne de drones et de cardans","publisher":{"@id":"https:\/\/koningdrone.be\/#organization"},"potentialAction":[{"@type":"SearchAction","target":{"@type":"EntryPoint","urlTemplate":"https:\/\/koningdrone.be\/?s={search_term_string}"},"query-input":{"@type":"PropertyValueSpecification","valueRequired":true,"valueName":"search_term_string"}}],"inLanguage":"fr-BE"},{"@type":"Organization","@id":"https:\/\/koningdrone.be\/#organization","name":"Kingdrone.co.uk","url":"https:\/\/koningdrone.be\/","logo":{"@type":"ImageObject","inLanguage":"fr-BE","@id":"https:\/\/koningdrone.be\/#\/schema\/logo\/image\/","url":"https:\/\/koningdrone.be\/wp-content\/uploads\/sites\/13\/2025\/04\/koningdrone-copyright-logo.svg","contentUrl":"https:\/\/koningdrone.be\/wp-content\/uploads\/sites\/13\/2025\/04\/koningdrone-copyright-logo.svg","width":227,"height":38,"caption":"Koningdrone.be"},"image":{"@id":"https:\/\/koningdrone.be\/#\/schema\/logo\/image\/"}}]}},"df_price":68,"df_sale_price":"","df_regular_price":68,"df_image_link":"https:\/\/koningdrone.be\/wp-content\/uploads\/sites\/13\/2025\/04\/7b6efc2d97f43548264e2d24ebe22523@large-300x200.jpg","_links":{"self":[{"href":"https:\/\/koningdrone.be\/fr\/wp-json\/wp\/v2\/product\/5472","targetHints":{"allow":["GET"]}}],"collection":[{"href":"https:\/\/koningdrone.be\/fr\/wp-json\/wp\/v2\/product"}],"about":[{"href":"https:\/\/koningdrone.be\/fr\/wp-json\/wp\/v2\/types\/product"}],"wp:featuredmedia":[{"embeddable":true,"href":"https:\/\/koningdrone.be\/fr\/wp-json\/wp\/v2\/media\/5469"}],"wp:attachment":[{"href":"https:\/\/koningdrone.be\/fr\/wp-json\/wp\/v2\/media?parent=5472"}],"wp:term":[{"taxonomy":"product_brand","embeddable":true,"href":"https:\/\/koningdrone.be\/fr\/wp-json\/wp\/v2\/product_brand?post=5472"},{"taxonomy":"product_cat","embeddable":true,"href":"https:\/\/koningdrone.be\/fr\/wp-json\/wp\/v2\/product_cat?post=5472"},{"taxonomy":"product_tag","embeddable":true,"href":"https:\/\/koningdrone.be\/fr\/wp-json\/wp\/v2\/product_tag?post=5472"}],"curies":[{"name":"wp","href":"https:\/\/api.w.org\/{rel}","templated":true}]}}