{"id":5461,"date":"2022-11-02T09:13:53","date_gmt":"2022-11-02T08:13:53","guid":{"rendered":"https:\/\/koningdrone.nl\/kon\/product\/dji-action-biking-accessory-kit\/"},"modified":"2026-04-29T04:00:06","modified_gmt":"2026-04-29T02:00:06","slug":"dji-action-biking-accessory-kit","status":"publish","type":"product","link":"https:\/\/koningdrone.be\/fr\/produit\/dji-action-biking-accessory-kit\/","title":{"rendered":"Kit d'accessoires Osmo Action Biking"},"content":{"rendered":"<p> Ce kit est con\u00e7u pour permettre aux aventuriers d'immortaliser leurs moments sans effort. Il contient des accessoires essentiels pour fixer votre cam\u00e9ra sur votre poitrine ou sur le guidon de votre v\u00e9lo. Id\u00e9al pour le cin\u00e9aste mobile ou le passionn\u00e9 d'action, ce kit vous permettra de ne manquer aucun moment.<\/p>\n<p><strong>Fixation de la sangle de poitrine<\/strong><\/p>\n<p> La sangle de poitrine Osmo Action est un \u00e9l\u00e9ment cl\u00e9 de ce kit. Elle permet d'attacher solidement votre cam\u00e9ra \u00e0 votre poitrine, ce qui vous permet de capturer vos aventures de mani\u00e8re stable et en gardant les mains libres. Elle est id\u00e9ale pour les activit\u00e9s o\u00f9 vous devez avoir les mains libres, mais o\u00f9 vous souhaitez capturer l'action d'un point de vue \u00e0 la premi\u00e8re personne.<\/p>\n<p><strong>Support de guidon<\/strong><\/p>\n<p> Pour les cyclistes ou les motocyclistes, le support de guidon Osmo Action permet de fixer facilement votre cam\u00e9ra sur le guidon de votre v\u00e9lo. Ce support permet \u00e0 votre cam\u00e9ra de rester stable pendant les trajets et de capturer avec pr\u00e9cision toutes les courbes et tous les changements de terrain.<\/p>\n<p><strong>Vis de blocage pour une fixation s\u00fbre<\/strong><\/p>\n<p> Dot\u00e9 de vis de blocage Osmo, ce kit garantit qu'une fois mont\u00e9e, votre cam\u00e9ra reste en place. Que vous empruntiez des sentiers accident\u00e9s ou que vous vous lanciez dans des activit\u00e9s tr\u00e8s \u00e9nergiques, ces vis de blocage vous permettront d'immortaliser chaque instant sans le moindre probl\u00e8me.<\/p>\n<p><strong>Con\u00e7u pour les passionn\u00e9s et les professionnels<\/strong><\/p>\n<p> Cette formule haut de gamme est con\u00e7ue pour les passionn\u00e9s et les professionnels. Il met l'accent sur la facilit\u00e9 d'utilisation, la stabilit\u00e9 et la capacit\u00e9 \u00e0 capturer des s\u00e9quences immersives en point de vue. Que vous soyez en train de jouer ou de conduire, ce kit vous garantit un fonctionnement mains libres et une documentation fiable de vos exp\u00e9riences.<\/p>\n<p><\/p>","protected":false},"excerpt":{"rendered":"<ul>\n<li>Fixation de la ceinture thoracique Osmo Action incluse<\/li>\n<li> Support de guidon Osmo Action inclus<\/li>\n<li> Fourni avec les vis de blocage Osmo<\/li>\n<li> Fixation s\u00e9curis\u00e9e de la cam\u00e9ra sur la poitrine ou le guidon<\/li>\n<li> Permet de se concentrer sur la conduite et de rester dans le moment pr\u00e9sent<\/li>\n<\/ul>","protected":false},"featured_media":5459,"template":"","meta":{"_acf_changed":false},"product_brand":[],"product_cat":[410,97,297,757],"product_tag":[],"class_list":{"0":"post-5461","1":"product","2":"type-product","3":"status-publish","4":"has-post-thumbnail","6":"product_cat-alle-handheld-gimbals","7":"product_cat-alle-producten","8":"product_cat-dji-osmo","9":"product_cat-dji-osmo-action","10":"product_shipping_class-acsystemsall","11":"pa_brand-dji","12":"pa_productfamily-action-cam-accessoires","13":"pa_producttype-action-cam-accessoires","14":"pa_series-osmo-mobile","16":"first","17":"instock","18":"taxable","19":"shipping-taxable","20":"purchasable","21":"product-type-simple"},"acf":[],"yoast_head":"<!-- This site is optimized with the Yoast SEO Premium plugin v27.2 (Yoast SEO v27.2) - https:\/\/yoast.com\/product\/yoast-seo-premium-wordpress\/ -->\n<title>Osmo Action Biking Accessory Kit - koningdrone.be<\/title>\n<meta name=\"robots\" content=\"index, follow, max-snippet:-1, max-image-preview:large, max-video-preview:-1\" \/>\n<link rel=\"canonical\" href=\"https:\/\/koningdrone.be\/fr\/produit\/dji-action-biking-accessory-kit\/\" \/>\n<meta property=\"og:locale\" content=\"fr_FR\" \/>\n<meta property=\"og:type\" content=\"article\" \/>\n<meta property=\"og:title\" content=\"Osmo Action Biking Accessory Kit\" \/>\n<meta property=\"og:description\" content=\"Osmo Action borstbandbevestiging inbegrepen Inclusief Osmo Action stuurhouder Wordt geleverd met Osmo borgschroeven Veilige cameramontage op borst of stuur Zorgt ervoor dat u zich kunt concentreren op de rit en in het moment kunt blijven\" \/>\n<meta property=\"og:url\" content=\"https:\/\/koningdrone.be\/fr\/produit\/dji-action-biking-accessory-kit\/\" \/>\n<meta property=\"og:site_name\" content=\"koningdrone.be\" \/>\n<meta property=\"article:modified_time\" content=\"2026-04-29T02:00:06+00:00\" \/>\n<meta property=\"og:image\" content=\"https:\/\/koningdrone.be\/wp-content\/uploads\/sites\/13\/2025\/04\/6ee55b2c5be835fb0d5609c7bde550e4@large.jpg\" \/>\n\t<meta property=\"og:image:width\" content=\"1200\" \/>\n\t<meta property=\"og:image:height\" content=\"800\" \/>\n\t<meta property=\"og:image:type\" content=\"image\/jpeg\" \/>\n<meta name=\"twitter:card\" content=\"summary_large_image\" \/>\n<meta name=\"twitter:label1\" content=\"Dur\u00e9e de lecture est.\" \/>\n\t<meta name=\"twitter:data1\" content=\"1 minute\" \/>\n<script type=\"application\/ld+json\" class=\"yoast-schema-graph\">{\"@context\":\"https:\/\/schema.org\",\"@graph\":[{\"@type\":\"WebPage\",\"@id\":\"https:\/\/koningdrone.be\/product\/dji-action-biking-accessory-kit\/\",\"url\":\"https:\/\/koningdrone.be\/product\/dji-action-biking-accessory-kit\/\",\"name\":\"Osmo Action Biking Accessory Kit - koningdrone.be\",\"isPartOf\":{\"@id\":\"https:\/\/koningdrone.be\/#website\"},\"primaryImageOfPage\":{\"@id\":\"https:\/\/koningdrone.be\/product\/dji-action-biking-accessory-kit\/#primaryimage\"},\"image\":{\"@id\":\"https:\/\/koningdrone.be\/product\/dji-action-biking-accessory-kit\/#primaryimage\"},\"thumbnailUrl\":\"https:\/\/koningdrone.be\/wp-content\/uploads\/sites\/13\/2025\/04\/6ee55b2c5be835fb0d5609c7bde550e4@large.jpg\",\"datePublished\":\"2022-11-02T08:13:53+00:00\",\"dateModified\":\"2026-04-29T02:00:06+00:00\",\"breadcrumb\":{\"@id\":\"https:\/\/koningdrone.be\/product\/dji-action-biking-accessory-kit\/#breadcrumb\"},\"inLanguage\":\"fr-BE\",\"potentialAction\":[{\"@type\":\"ReadAction\",\"target\":[\"https:\/\/koningdrone.be\/product\/dji-action-biking-accessory-kit\/\"]}]},{\"@type\":\"ImageObject\",\"inLanguage\":\"fr-BE\",\"@id\":\"https:\/\/koningdrone.be\/product\/dji-action-biking-accessory-kit\/#primaryimage\",\"url\":\"https:\/\/koningdrone.be\/wp-content\/uploads\/sites\/13\/2025\/04\/6ee55b2c5be835fb0d5609c7bde550e4@large.jpg\",\"contentUrl\":\"https:\/\/koningdrone.be\/wp-content\/uploads\/sites\/13\/2025\/04\/6ee55b2c5be835fb0d5609c7bde550e4@large.jpg\",\"width\":1200,\"height\":800},{\"@type\":\"BreadcrumbList\",\"@id\":\"https:\/\/koningdrone.be\/product\/dji-action-biking-accessory-kit\/#breadcrumb\",\"itemListElement\":[{\"@type\":\"ListItem\",\"position\":1,\"name\":\"Home\",\"item\":\"https:\/\/koningdrone.be\/\"},{\"@type\":\"ListItem\",\"position\":2,\"name\":\"AVSS Parachute Recovery System for DJI Matrice 300\/350\",\"item\":\"https:\/\/koningdrone.be\/product\/avss-parachute-recovery-system-for-dji-matrice-300-350\/\"},{\"@type\":\"ListItem\",\"position\":3,\"name\":\"Alle handheld gimbals\",\"item\":\"https:\/\/koningdrone.be\/categorie\/alle-handheld-gimbals\/\"},{\"@type\":\"ListItem\",\"position\":4,\"name\":\"Osmo Action Biking Accessory Kit\"}]},{\"@type\":\"WebSite\",\"@id\":\"https:\/\/koningdrone.be\/#website\",\"url\":\"https:\/\/koningdrone.be\/\",\"name\":\"Koningdrone.be - Uw online specialist in drones, gimbals, camera's en power stations.\",\"description\":\"De webshop in drones en gimbals\",\"publisher\":{\"@id\":\"https:\/\/koningdrone.be\/#organization\"},\"potentialAction\":[{\"@type\":\"SearchAction\",\"target\":{\"@type\":\"EntryPoint\",\"urlTemplate\":\"https:\/\/koningdrone.be\/?s={search_term_string}\"},\"query-input\":{\"@type\":\"PropertyValueSpecification\",\"valueRequired\":true,\"valueName\":\"search_term_string\"}}],\"inLanguage\":\"fr-BE\"},{\"@type\":\"Organization\",\"@id\":\"https:\/\/koningdrone.be\/#organization\",\"name\":\"Koningdrone.be\",\"url\":\"https:\/\/koningdrone.be\/\",\"logo\":{\"@type\":\"ImageObject\",\"inLanguage\":\"fr-BE\",\"@id\":\"https:\/\/koningdrone.be\/#\/schema\/logo\/image\/\",\"url\":\"https:\/\/koningdrone.be\/wp-content\/uploads\/sites\/13\/2025\/04\/koningdrone-copyright-logo.svg\",\"contentUrl\":\"https:\/\/koningdrone.be\/wp-content\/uploads\/sites\/13\/2025\/04\/koningdrone-copyright-logo.svg\",\"width\":227,\"height\":38,\"caption\":\"Koningdrone.be\"},\"image\":{\"@id\":\"https:\/\/koningdrone.be\/#\/schema\/logo\/image\/\"}}]}<\/script>\n<!-- \/ Yoast SEO Premium plugin. -->","yoast_head_json":{"title":"Osmo Action Biking Accessory Kit - koningdrone.be","robots":{"index":"index","follow":"follow","max-snippet":"max-snippet:-1","max-image-preview":"max-image-preview:large","max-video-preview":"max-video-preview:-1"},"canonical":"https:\/\/koningdrone.be\/fr\/produit\/dji-action-biking-accessory-kit\/","og_locale":"fr_FR","og_type":"article","og_title":"Osmo Action Biking Accessory Kit","og_description":"Osmo Action borstbandbevestiging inbegrepen Inclusief Osmo Action stuurhouder Wordt geleverd met Osmo borgschroeven Veilige cameramontage op borst of stuur Zorgt ervoor dat u zich kunt concentreren op de rit en in het moment kunt blijven","og_url":"https:\/\/koningdrone.be\/fr\/produit\/dji-action-biking-accessory-kit\/","og_site_name":"koningdrone.be","article_modified_time":"2026-04-29T02:00:06+00:00","og_image":[{"width":1200,"height":800,"url":"https:\/\/koningdrone.be\/wp-content\/uploads\/sites\/13\/2025\/04\/6ee55b2c5be835fb0d5609c7bde550e4@large.jpg","type":"image\/jpeg"}],"twitter_card":"summary_large_image","twitter_misc":{"Dur\u00e9e de lecture est.":"1 minute"},"schema":{"@context":"https:\/\/schema.org","@graph":[{"@type":"WebPage","@id":"https:\/\/koningdrone.be\/product\/dji-action-biking-accessory-kit\/","url":"https:\/\/koningdrone.be\/product\/dji-action-biking-accessory-kit\/","name":"Osmo Action Biking Accessory Kit - koningdrone.be","isPartOf":{"@id":"https:\/\/koningdrone.be\/#website"},"primaryImageOfPage":{"@id":"https:\/\/koningdrone.be\/product\/dji-action-biking-accessory-kit\/#primaryimage"},"image":{"@id":"https:\/\/koningdrone.be\/product\/dji-action-biking-accessory-kit\/#primaryimage"},"thumbnailUrl":"https:\/\/koningdrone.be\/wp-content\/uploads\/sites\/13\/2025\/04\/6ee55b2c5be835fb0d5609c7bde550e4@large.jpg","datePublished":"2022-11-02T08:13:53+00:00","dateModified":"2026-04-29T02:00:06+00:00","breadcrumb":{"@id":"https:\/\/koningdrone.be\/product\/dji-action-biking-accessory-kit\/#breadcrumb"},"inLanguage":"fr-BE","potentialAction":[{"@type":"ReadAction","target":["https:\/\/koningdrone.be\/product\/dji-action-biking-accessory-kit\/"]}]},{"@type":"ImageObject","inLanguage":"fr-BE","@id":"https:\/\/koningdrone.be\/product\/dji-action-biking-accessory-kit\/#primaryimage","url":"https:\/\/koningdrone.be\/wp-content\/uploads\/sites\/13\/2025\/04\/6ee55b2c5be835fb0d5609c7bde550e4@large.jpg","contentUrl":"https:\/\/koningdrone.be\/wp-content\/uploads\/sites\/13\/2025\/04\/6ee55b2c5be835fb0d5609c7bde550e4@large.jpg","width":1200,"height":800},{"@type":"BreadcrumbList","@id":"https:\/\/koningdrone.be\/product\/dji-action-biking-accessory-kit\/#breadcrumb","itemListElement":[{"@type":"ListItem","position":1,"name":"Home","item":"https:\/\/koningdrone.be\/"},{"@type":"ListItem","position":2,"name":"AVSS Parachute Recovery System for DJI Matrice 300\/350","item":"https:\/\/koningdrone.be\/product\/avss-parachute-recovery-system-for-dji-matrice-300-350\/"},{"@type":"ListItem","position":3,"name":"Alle handheld gimbals","item":"https:\/\/koningdrone.be\/categorie\/alle-handheld-gimbals\/"},{"@type":"ListItem","position":4,"name":"Osmo Action Biking Accessory Kit"}]},{"@type":"WebSite","@id":"https:\/\/koningdrone.be\/#website","url":"https:\/\/koningdrone.be\/","name":"Koningdrone.be - Votre sp\u00e9cialiste en ligne en mati\u00e8re de drones, de cardans, de cam\u00e9ras et de centrales \u00e9lectriques.","description":"La boutique en ligne de drones et de cardans","publisher":{"@id":"https:\/\/koningdrone.be\/#organization"},"potentialAction":[{"@type":"SearchAction","target":{"@type":"EntryPoint","urlTemplate":"https:\/\/koningdrone.be\/?s={search_term_string}"},"query-input":{"@type":"PropertyValueSpecification","valueRequired":true,"valueName":"search_term_string"}}],"inLanguage":"fr-BE"},{"@type":"Organization","@id":"https:\/\/koningdrone.be\/#organization","name":"Kingdrone.co.uk","url":"https:\/\/koningdrone.be\/","logo":{"@type":"ImageObject","inLanguage":"fr-BE","@id":"https:\/\/koningdrone.be\/#\/schema\/logo\/image\/","url":"https:\/\/koningdrone.be\/wp-content\/uploads\/sites\/13\/2025\/04\/koningdrone-copyright-logo.svg","contentUrl":"https:\/\/koningdrone.be\/wp-content\/uploads\/sites\/13\/2025\/04\/koningdrone-copyright-logo.svg","width":227,"height":38,"caption":"Koningdrone.be"},"image":{"@id":"https:\/\/koningdrone.be\/#\/schema\/logo\/image\/"}}]}},"df_price":65,"df_sale_price":"","df_regular_price":65,"df_image_link":"https:\/\/koningdrone.be\/wp-content\/uploads\/sites\/13\/2025\/04\/6ee55b2c5be835fb0d5609c7bde550e4@large-300x200.jpg","_links":{"self":[{"href":"https:\/\/koningdrone.be\/fr\/wp-json\/wp\/v2\/product\/5461","targetHints":{"allow":["GET"]}}],"collection":[{"href":"https:\/\/koningdrone.be\/fr\/wp-json\/wp\/v2\/product"}],"about":[{"href":"https:\/\/koningdrone.be\/fr\/wp-json\/wp\/v2\/types\/product"}],"wp:featuredmedia":[{"embeddable":true,"href":"https:\/\/koningdrone.be\/fr\/wp-json\/wp\/v2\/media\/5459"}],"wp:attachment":[{"href":"https:\/\/koningdrone.be\/fr\/wp-json\/wp\/v2\/media?parent=5461"}],"wp:term":[{"taxonomy":"product_brand","embeddable":true,"href":"https:\/\/koningdrone.be\/fr\/wp-json\/wp\/v2\/product_brand?post=5461"},{"taxonomy":"product_cat","embeddable":true,"href":"https:\/\/koningdrone.be\/fr\/wp-json\/wp\/v2\/product_cat?post=5461"},{"taxonomy":"product_tag","embeddable":true,"href":"https:\/\/koningdrone.be\/fr\/wp-json\/wp\/v2\/product_tag?post=5461"}],"curies":[{"name":"wp","href":"https:\/\/api.w.org\/{rel}","templated":true}]}}