{"id":5451,"date":"2022-11-02T09:13:53","date_gmt":"2022-11-02T08:13:53","guid":{"rendered":"https:\/\/koningdrone.nl\/kon\/product\/ecoflow-solar-tracker\/"},"modified":"2026-04-29T13:50:44","modified_gmt":"2026-04-29T11:50:44","slug":"ecoflow-solar-tracker","status":"publish","type":"product","link":"https:\/\/koningdrone.be\/fr\/produit\/ecoflow-solar-tracker\/","title":{"rendered":"Traceur solaire ECOFLOW"},"content":{"rendered":"<p>Le suiveur solaire ECOFLOW est le premier suiveur solaire destin\u00e9 aux consommateurs. Il vous permet de tourner et de faire pivoter votre module solaire autour de deux axes, afin qu'il ait toujours l'angle id\u00e9al par rapport au soleil. Vous b\u00e9n\u00e9ficiez ainsi d'une configuration parfaite pour recharger votre centrale portable.<\/p>\n<p><strong>Suivi automatique du soleil<\/strong><\/p>\n<p>Le suiveur solaire suit automatiquement la position du soleil, de sorte que vous n'avez pas \u00e0 vous soucier d'ajuster les panneaux solaires trois fois par jour. D\u00e8s les premi\u00e8res lueurs du jour, il commence automatiquement \u00e0 suivre la position du soleil.<\/p>\n<p><strong>Augmentation du rendement \u00e9nerg\u00e9tique<\/strong><\/p>\n<p>En utilisant le suiveur solaire, vous pouvez obtenir jusqu'\u00e0 30% de puissance suppl\u00e9mentaire \u00e0 partir de l'\u00e9nergie solaire par rapport \u00e0 une position plate des modules. Cela signifie que la lumi\u00e8re du soleil tombe davantage sur vos panneaux tout au long de la journ\u00e9e, ce qui permet d'obtenir des performances plus \u00e9cologiques et hors r\u00e9seau.<\/p>\n<p><strong>Robuste et compatible<\/strong><\/p>\n<p>Le suiveur solaire est robuste, stable et r\u00e9sistant, avec quatre pieds orient\u00e9s vers l'ext\u00e9rieur pour une installation s\u00e9curis\u00e9e. Le support en haut peut \u00eatre \u00e9tendu pour s'adapter \u00e0 votre panneau solaire. En outre, le suiveur solaire est compatible avec presque tous les panneaux solaires, \u00e0 condition qu'ils soient connect\u00e9s \u00e0 MC4 et qu'ils ne soient pas trop grands ou trop lourds. Qu'il s'agisse d'un module pliable ou fixe d'EcoFlow ou d'un tiers, ce suiveur solaire est adapt\u00e9. Avec le suiveur solaire ECOFLOW, vous pouvez donc profiter pleinement de l'\u00e9nergie solaire et charger efficacement votre centrale \u00e9lectrique portable.<\/p>\n<p><\/p>","protected":false},"excerpt":{"rendered":"<ul>\n<li>S'ajuste sur 2 axes selon l'angle id\u00e9al par rapport au soleil, vous permettant de charger votre centrale \u00e9lectrique.<\/li>\n<li>est dot\u00e9 de 4 pieds qui le maintiennent stable et bien en place.<\/li>\n<li>erbands via MC4, ce qui le rend compatible avec la plupart des panneaux solaires.<\/li>\n<\/ul>","protected":false},"featured_media":5448,"template":"","meta":{"_acf_changed":false},"product_brand":[],"product_cat":[97,245,276,415,198],"product_tag":[],"class_list":{"0":"post-5451","1":"product","2":"type-product","3":"status-publish","4":"has-post-thumbnail","6":"product_cat-alle-producten","7":"product_cat-ecoflow","8":"product_cat-ecoflow-powerstations","9":"product_cat-energy","10":"product_cat-zonnepanelen","11":"product_shipping_class-outofstock","12":"pa_brand-ecoflow","13":"pa_productfamily-tracker","14":"pa_producttype-tracker","16":"first","17":"outofstock","18":"taxable","19":"shipping-taxable","20":"product-type-simple"},"acf":[],"yoast_head":"<!-- This site is optimized with the Yoast SEO Premium plugin v27.2 (Yoast SEO v27.2) - https:\/\/yoast.com\/product\/yoast-seo-premium-wordpress\/ -->\n<title>ECOFLOW Solar Tracker - koningdrone.be<\/title>\n<meta name=\"robots\" content=\"index, follow, max-snippet:-1, max-image-preview:large, max-video-preview:-1\" \/>\n<link rel=\"canonical\" href=\"https:\/\/koningdrone.be\/fr\/produit\/ecoflow-solar-tracker\/\" \/>\n<meta property=\"og:locale\" content=\"fr_FR\" \/>\n<meta property=\"og:type\" content=\"article\" \/>\n<meta property=\"og:title\" content=\"ECOFLOW Solar Tracker\" \/>\n<meta property=\"og:description\" content=\"Past zich op 2 assen aan volgens de ideale hoek ten opzichte van de zon, zodat u uw krachtcentrale kunt opladen.ordt geleverd met 4 poten om hem stabiel en veilig op zijn plaats te houden.erbindt via MC4, waardoor het compatibel is met de meeste zonnepanelen.\" \/>\n<meta property=\"og:url\" content=\"https:\/\/koningdrone.be\/fr\/produit\/ecoflow-solar-tracker\/\" \/>\n<meta property=\"og:site_name\" content=\"koningdrone.be\" \/>\n<meta property=\"article:modified_time\" content=\"2026-04-29T11:50:44+00:00\" \/>\n<meta property=\"og:image\" content=\"https:\/\/koningdrone.be\/wp-content\/uploads\/sites\/13\/2025\/04\/4897082665311-1.jpg\" \/>\n\t<meta property=\"og:image:width\" content=\"1280\" \/>\n\t<meta property=\"og:image:height\" content=\"800\" \/>\n\t<meta property=\"og:image:type\" content=\"image\/jpeg\" \/>\n<meta name=\"twitter:card\" content=\"summary_large_image\" \/>\n<meta name=\"twitter:label1\" content=\"Dur\u00e9e de lecture est.\" \/>\n\t<meta name=\"twitter:data1\" content=\"1 minute\" \/>\n<script type=\"application\/ld+json\" class=\"yoast-schema-graph\">{\"@context\":\"https:\/\/schema.org\",\"@graph\":[{\"@type\":\"WebPage\",\"@id\":\"https:\/\/koningdrone.be\/product\/ecoflow-solar-tracker\/\",\"url\":\"https:\/\/koningdrone.be\/product\/ecoflow-solar-tracker\/\",\"name\":\"ECOFLOW Solar Tracker - koningdrone.be\",\"isPartOf\":{\"@id\":\"https:\/\/koningdrone.be\/#website\"},\"primaryImageOfPage\":{\"@id\":\"https:\/\/koningdrone.be\/product\/ecoflow-solar-tracker\/#primaryimage\"},\"image\":{\"@id\":\"https:\/\/koningdrone.be\/product\/ecoflow-solar-tracker\/#primaryimage\"},\"thumbnailUrl\":\"https:\/\/koningdrone.be\/wp-content\/uploads\/sites\/13\/2025\/04\/4897082665311-1.jpg\",\"datePublished\":\"2022-11-02T08:13:53+00:00\",\"dateModified\":\"2026-04-29T11:50:44+00:00\",\"breadcrumb\":{\"@id\":\"https:\/\/koningdrone.be\/product\/ecoflow-solar-tracker\/#breadcrumb\"},\"inLanguage\":\"fr-BE\",\"potentialAction\":[{\"@type\":\"ReadAction\",\"target\":[\"https:\/\/koningdrone.be\/product\/ecoflow-solar-tracker\/\"]}]},{\"@type\":\"ImageObject\",\"inLanguage\":\"fr-BE\",\"@id\":\"https:\/\/koningdrone.be\/product\/ecoflow-solar-tracker\/#primaryimage\",\"url\":\"https:\/\/koningdrone.be\/wp-content\/uploads\/sites\/13\/2025\/04\/4897082665311-1.jpg\",\"contentUrl\":\"https:\/\/koningdrone.be\/wp-content\/uploads\/sites\/13\/2025\/04\/4897082665311-1.jpg\",\"width\":1280,\"height\":800},{\"@type\":\"BreadcrumbList\",\"@id\":\"https:\/\/koningdrone.be\/product\/ecoflow-solar-tracker\/#breadcrumb\",\"itemListElement\":[{\"@type\":\"ListItem\",\"position\":1,\"name\":\"Home\",\"item\":\"https:\/\/koningdrone.be\/\"},{\"@type\":\"ListItem\",\"position\":2,\"name\":\"AVSS Parachute Recovery System for DJI Matrice 300\/350\",\"item\":\"https:\/\/koningdrone.be\/product\/avss-parachute-recovery-system-for-dji-matrice-300-350\/\"},{\"@type\":\"ListItem\",\"position\":3,\"name\":\"Alle producten\",\"item\":\"https:\/\/koningdrone.be\/categorie\/alle-producten\/\"},{\"@type\":\"ListItem\",\"position\":4,\"name\":\"ECOFLOW Solar Tracker\"}]},{\"@type\":\"WebSite\",\"@id\":\"https:\/\/koningdrone.be\/#website\",\"url\":\"https:\/\/koningdrone.be\/\",\"name\":\"Koningdrone.be - Uw online specialist in drones, gimbals, camera's en power stations.\",\"description\":\"De webshop in drones en gimbals\",\"publisher\":{\"@id\":\"https:\/\/koningdrone.be\/#organization\"},\"potentialAction\":[{\"@type\":\"SearchAction\",\"target\":{\"@type\":\"EntryPoint\",\"urlTemplate\":\"https:\/\/koningdrone.be\/?s={search_term_string}\"},\"query-input\":{\"@type\":\"PropertyValueSpecification\",\"valueRequired\":true,\"valueName\":\"search_term_string\"}}],\"inLanguage\":\"fr-BE\"},{\"@type\":\"Organization\",\"@id\":\"https:\/\/koningdrone.be\/#organization\",\"name\":\"Koningdrone.be\",\"url\":\"https:\/\/koningdrone.be\/\",\"logo\":{\"@type\":\"ImageObject\",\"inLanguage\":\"fr-BE\",\"@id\":\"https:\/\/koningdrone.be\/#\/schema\/logo\/image\/\",\"url\":\"https:\/\/koningdrone.be\/wp-content\/uploads\/sites\/13\/2025\/04\/koningdrone-copyright-logo.svg\",\"contentUrl\":\"https:\/\/koningdrone.be\/wp-content\/uploads\/sites\/13\/2025\/04\/koningdrone-copyright-logo.svg\",\"width\":227,\"height\":38,\"caption\":\"Koningdrone.be\"},\"image\":{\"@id\":\"https:\/\/koningdrone.be\/#\/schema\/logo\/image\/\"}}]}<\/script>\n<!-- \/ Yoast SEO Premium plugin. -->","yoast_head_json":{"title":"ECOFLOW Solar Tracker - koningdrone.be","robots":{"index":"index","follow":"follow","max-snippet":"max-snippet:-1","max-image-preview":"max-image-preview:large","max-video-preview":"max-video-preview:-1"},"canonical":"https:\/\/koningdrone.be\/fr\/produit\/ecoflow-solar-tracker\/","og_locale":"fr_FR","og_type":"article","og_title":"ECOFLOW Solar Tracker","og_description":"Past zich op 2 assen aan volgens de ideale hoek ten opzichte van de zon, zodat u uw krachtcentrale kunt opladen.ordt geleverd met 4 poten om hem stabiel en veilig op zijn plaats te houden.erbindt via MC4, waardoor het compatibel is met de meeste zonnepanelen.","og_url":"https:\/\/koningdrone.be\/fr\/produit\/ecoflow-solar-tracker\/","og_site_name":"koningdrone.be","article_modified_time":"2026-04-29T11:50:44+00:00","og_image":[{"width":1280,"height":800,"url":"https:\/\/koningdrone.be\/wp-content\/uploads\/sites\/13\/2025\/04\/4897082665311-1.jpg","type":"image\/jpeg"}],"twitter_card":"summary_large_image","twitter_misc":{"Dur\u00e9e de lecture est.":"1 minute"},"schema":{"@context":"https:\/\/schema.org","@graph":[{"@type":"WebPage","@id":"https:\/\/koningdrone.be\/product\/ecoflow-solar-tracker\/","url":"https:\/\/koningdrone.be\/product\/ecoflow-solar-tracker\/","name":"ECOFLOW Solar Tracker - koningdrone.be","isPartOf":{"@id":"https:\/\/koningdrone.be\/#website"},"primaryImageOfPage":{"@id":"https:\/\/koningdrone.be\/product\/ecoflow-solar-tracker\/#primaryimage"},"image":{"@id":"https:\/\/koningdrone.be\/product\/ecoflow-solar-tracker\/#primaryimage"},"thumbnailUrl":"https:\/\/koningdrone.be\/wp-content\/uploads\/sites\/13\/2025\/04\/4897082665311-1.jpg","datePublished":"2022-11-02T08:13:53+00:00","dateModified":"2026-04-29T11:50:44+00:00","breadcrumb":{"@id":"https:\/\/koningdrone.be\/product\/ecoflow-solar-tracker\/#breadcrumb"},"inLanguage":"fr-BE","potentialAction":[{"@type":"ReadAction","target":["https:\/\/koningdrone.be\/product\/ecoflow-solar-tracker\/"]}]},{"@type":"ImageObject","inLanguage":"fr-BE","@id":"https:\/\/koningdrone.be\/product\/ecoflow-solar-tracker\/#primaryimage","url":"https:\/\/koningdrone.be\/wp-content\/uploads\/sites\/13\/2025\/04\/4897082665311-1.jpg","contentUrl":"https:\/\/koningdrone.be\/wp-content\/uploads\/sites\/13\/2025\/04\/4897082665311-1.jpg","width":1280,"height":800},{"@type":"BreadcrumbList","@id":"https:\/\/koningdrone.be\/product\/ecoflow-solar-tracker\/#breadcrumb","itemListElement":[{"@type":"ListItem","position":1,"name":"Home","item":"https:\/\/koningdrone.be\/"},{"@type":"ListItem","position":2,"name":"AVSS Parachute Recovery System for DJI Matrice 300\/350","item":"https:\/\/koningdrone.be\/product\/avss-parachute-recovery-system-for-dji-matrice-300-350\/"},{"@type":"ListItem","position":3,"name":"Alle producten","item":"https:\/\/koningdrone.be\/categorie\/alle-producten\/"},{"@type":"ListItem","position":4,"name":"ECOFLOW Solar Tracker"}]},{"@type":"WebSite","@id":"https:\/\/koningdrone.be\/#website","url":"https:\/\/koningdrone.be\/","name":"Koningdrone.be - Votre sp\u00e9cialiste en ligne en mati\u00e8re de drones, de cardans, de cam\u00e9ras et de centrales \u00e9lectriques.","description":"La boutique en ligne de drones et de cardans","publisher":{"@id":"https:\/\/koningdrone.be\/#organization"},"potentialAction":[{"@type":"SearchAction","target":{"@type":"EntryPoint","urlTemplate":"https:\/\/koningdrone.be\/?s={search_term_string}"},"query-input":{"@type":"PropertyValueSpecification","valueRequired":true,"valueName":"search_term_string"}}],"inLanguage":"fr-BE"},{"@type":"Organization","@id":"https:\/\/koningdrone.be\/#organization","name":"Kingdrone.co.uk","url":"https:\/\/koningdrone.be\/","logo":{"@type":"ImageObject","inLanguage":"fr-BE","@id":"https:\/\/koningdrone.be\/#\/schema\/logo\/image\/","url":"https:\/\/koningdrone.be\/wp-content\/uploads\/sites\/13\/2025\/04\/koningdrone-copyright-logo.svg","contentUrl":"https:\/\/koningdrone.be\/wp-content\/uploads\/sites\/13\/2025\/04\/koningdrone-copyright-logo.svg","width":227,"height":38,"caption":"Koningdrone.be"},"image":{"@id":"https:\/\/koningdrone.be\/#\/schema\/logo\/image\/"}}]}},"df_price":"","df_sale_price":"","df_regular_price":"","df_image_link":"https:\/\/koningdrone.be\/wp-content\/uploads\/sites\/13\/2025\/04\/4897082665311-1-300x188.jpg","_links":{"self":[{"href":"https:\/\/koningdrone.be\/fr\/wp-json\/wp\/v2\/product\/5451","targetHints":{"allow":["GET"]}}],"collection":[{"href":"https:\/\/koningdrone.be\/fr\/wp-json\/wp\/v2\/product"}],"about":[{"href":"https:\/\/koningdrone.be\/fr\/wp-json\/wp\/v2\/types\/product"}],"wp:featuredmedia":[{"embeddable":true,"href":"https:\/\/koningdrone.be\/fr\/wp-json\/wp\/v2\/media\/5448"}],"wp:attachment":[{"href":"https:\/\/koningdrone.be\/fr\/wp-json\/wp\/v2\/media?parent=5451"}],"wp:term":[{"taxonomy":"product_brand","embeddable":true,"href":"https:\/\/koningdrone.be\/fr\/wp-json\/wp\/v2\/product_brand?post=5451"},{"taxonomy":"product_cat","embeddable":true,"href":"https:\/\/koningdrone.be\/fr\/wp-json\/wp\/v2\/product_cat?post=5451"},{"taxonomy":"product_tag","embeddable":true,"href":"https:\/\/koningdrone.be\/fr\/wp-json\/wp\/v2\/product_tag?post=5451"}],"curies":[{"name":"wp","href":"https:\/\/api.w.org\/{rel}","templated":true}]}}