{"id":5444,"date":"2022-11-02T09:13:53","date_gmt":"2022-11-02T08:13:53","guid":{"rendered":"https:\/\/koningdrone.nl\/kon\/product\/ecoflow-river-pro-river-pro-smart-extra-battery-bundle\/"},"modified":"2026-04-29T13:50:42","modified_gmt":"2026-04-29T11:50:42","slug":"ecoflow-river-pro-river-pro-smart-extra-battery-bundle","status":"publish","type":"product","link":"https:\/\/koningdrone.be\/fr\/produit\/ecoflow-river-pro-river-pro-smart-extra-battery-bundle\/","title":{"rendered":"Ecoflow River Pro + River Pro Smart Extra Battery Bundle"},"content":{"rendered":"<p>L'EcoFlow RIVER Pro est une centrale \u00e9lectrique portable con\u00e7ue sp\u00e9cialement pour les aventures en plein air. Que vous fassiez du camping, de l'overlanding, du bateau ou simplement du tailgating, le RIVER Pro fournit une alimentation fiable et portable o\u00f9 que vous soyez.<\/p>\n<p><strong>Algorithme X-Boost Slim et technologie de charge rapide X-Stream<\/strong><\/p>\n<p>Gr\u00e2ce \u00e0 l'algorithme intelligent X-Boost, l'onduleur de 600 W du RIVER Pro peut alimenter les appareils essentiels jusqu'\u00e0 1800 W, ce qui est parfait pour les voyages. La technologie de charge rapide X-Stream permet au RIVER Pro de charger jusqu'\u00e0 80% en 1 heure et d'\u00eatre compl\u00e8tement charg\u00e9 en 1,6 heure.<\/p>\n<p><strong>Puissance extensible gr\u00e2ce \u00e0 la batterie suppl\u00e9mentaire RIVER Pro<\/strong><\/p>\n<p>La puissance du RIVER Pro est extensible : ajoutez la batterie RIVER Pro Extra pour doubler la capacit\u00e9 de 720Wh \u00e0 1440Wh, vous donnant la libert\u00e9 de profiter de l'\u00e9nergie plus longtemps lors de vos aventures. Avec ses trois prises de courant et son chargement solaire intelligent, le RIVER Pro est polyvalent et convient \u00e0 une grande vari\u00e9t\u00e9 d'applications, des voyages en solitaire au camping en groupe.<\/p>\n<p><strong>Compact et portable<\/strong><\/p>\n<p>En outre, le RIVER Pro est compact et portable, puisqu'il ne p\u00e8se que 15,9 livres et qu'il est dot\u00e9 d'une poign\u00e9e pour faciliter son transport. Il peut alimenter un large \u00e9ventail d'appareils, de l'\u00e9lectronique aux appareils de cuisine. Avec l'ajout de la batterie suppl\u00e9mentaire, vous doublez la capacit\u00e9 et avez encore plus de libert\u00e9 pour r\u00e9pondre \u00e0 vos besoins en \u00e9nergie, o\u00f9 que vous m\u00e8ne votre aventure.<\/p>\n<p><\/p>","protected":false},"excerpt":{"rendered":"<ul>\n<li>3 sorties AC de 600 w et une capacit\u00e9 de 720 wh<\/li>\n<li>Chargement de 0-80% en 1 heure<\/li>\n<li>Capacit\u00e9 doubl\u00e9e de 720 \u00e0 1440 Wh<\/li>\n<\/ul>","protected":false},"featured_media":5443,"template":"","meta":{"_acf_changed":false},"product_brand":[],"product_cat":[454,97,245,276,415],"product_tag":[],"class_list":{"0":"post-5444","1":"product","2":"type-product","3":"status-publish","4":"has-post-thumbnail","6":"product_cat-alle-powerstations","7":"product_cat-alle-producten","8":"product_cat-ecoflow","9":"product_cat-ecoflow-powerstations","10":"product_cat-energy","11":"product_shipping_class-outofstock","12":"pa_brand-ecoflow","13":"pa_productfamily-ecoflow-bundle","14":"pa_producttype-ecoflow-bundle","15":"pa_series-river-pro","17":"first","18":"outofstock","19":"taxable","20":"shipping-taxable","21":"product-type-simple"},"acf":[],"yoast_head":"<!-- This site is optimized with the Yoast SEO Premium plugin v27.2 (Yoast SEO v27.2) - https:\/\/yoast.com\/product\/yoast-seo-premium-wordpress\/ -->\n<title>Ecoflow River Pro + River Pro Smart Extra Battery Bundle - koningdrone.be<\/title>\n<meta name=\"robots\" content=\"index, follow, max-snippet:-1, max-image-preview:large, max-video-preview:-1\" \/>\n<link rel=\"canonical\" href=\"https:\/\/koningdrone.be\/fr\/produit\/ecoflow-river-pro-river-pro-smart-extra-battery-bundle\/\" \/>\n<meta property=\"og:locale\" content=\"fr_FR\" \/>\n<meta property=\"og:type\" content=\"article\" \/>\n<meta property=\"og:title\" content=\"Ecoflow River Pro + River Pro Smart Extra Battery Bundle\" \/>\n<meta property=\"og:description\" content=\"3 AC-uitgangen van 600 w en capaciteit van 720 whLaadt van 0-80% binnen 1 uurDubbele capaciteit van 720wh tot 1440wh\" \/>\n<meta property=\"og:url\" content=\"https:\/\/koningdrone.be\/fr\/produit\/ecoflow-river-pro-river-pro-smart-extra-battery-bundle\/\" \/>\n<meta property=\"og:site_name\" content=\"koningdrone.be\" \/>\n<meta property=\"article:modified_time\" content=\"2026-04-29T11:50:42+00:00\" \/>\n<meta property=\"og:image\" content=\"https:\/\/koningdrone.be\/wp-content\/uploads\/sites\/13\/2025\/04\/Pro_EB.webp\" \/>\n\t<meta property=\"og:image:width\" content=\"1200\" \/>\n\t<meta property=\"og:image:height\" content=\"1200\" \/>\n\t<meta property=\"og:image:type\" content=\"image\/webp\" \/>\n<meta name=\"twitter:card\" content=\"summary_large_image\" \/>\n<meta name=\"twitter:label1\" content=\"Dur\u00e9e de lecture est.\" \/>\n\t<meta name=\"twitter:data1\" content=\"1 minute\" \/>\n<script type=\"application\/ld+json\" class=\"yoast-schema-graph\">{\"@context\":\"https:\/\/schema.org\",\"@graph\":[{\"@type\":\"WebPage\",\"@id\":\"https:\/\/koningdrone.be\/product\/ecoflow-river-pro-river-pro-smart-extra-battery-bundle\/\",\"url\":\"https:\/\/koningdrone.be\/product\/ecoflow-river-pro-river-pro-smart-extra-battery-bundle\/\",\"name\":\"Ecoflow River Pro + River Pro Smart Extra Battery Bundle - koningdrone.be\",\"isPartOf\":{\"@id\":\"https:\/\/koningdrone.be\/#website\"},\"primaryImageOfPage\":{\"@id\":\"https:\/\/koningdrone.be\/product\/ecoflow-river-pro-river-pro-smart-extra-battery-bundle\/#primaryimage\"},\"image\":{\"@id\":\"https:\/\/koningdrone.be\/product\/ecoflow-river-pro-river-pro-smart-extra-battery-bundle\/#primaryimage\"},\"thumbnailUrl\":\"https:\/\/koningdrone.be\/wp-content\/uploads\/sites\/13\/2025\/04\/Pro_EB.webp\",\"datePublished\":\"2022-11-02T08:13:53+00:00\",\"dateModified\":\"2026-04-29T11:50:42+00:00\",\"breadcrumb\":{\"@id\":\"https:\/\/koningdrone.be\/product\/ecoflow-river-pro-river-pro-smart-extra-battery-bundle\/#breadcrumb\"},\"inLanguage\":\"fr-BE\",\"potentialAction\":[{\"@type\":\"ReadAction\",\"target\":[\"https:\/\/koningdrone.be\/product\/ecoflow-river-pro-river-pro-smart-extra-battery-bundle\/\"]}]},{\"@type\":\"ImageObject\",\"inLanguage\":\"fr-BE\",\"@id\":\"https:\/\/koningdrone.be\/product\/ecoflow-river-pro-river-pro-smart-extra-battery-bundle\/#primaryimage\",\"url\":\"https:\/\/koningdrone.be\/wp-content\/uploads\/sites\/13\/2025\/04\/Pro_EB.webp\",\"contentUrl\":\"https:\/\/koningdrone.be\/wp-content\/uploads\/sites\/13\/2025\/04\/Pro_EB.webp\",\"width\":1200,\"height\":1200},{\"@type\":\"BreadcrumbList\",\"@id\":\"https:\/\/koningdrone.be\/product\/ecoflow-river-pro-river-pro-smart-extra-battery-bundle\/#breadcrumb\",\"itemListElement\":[{\"@type\":\"ListItem\",\"position\":1,\"name\":\"Home\",\"item\":\"https:\/\/koningdrone.be\/\"},{\"@type\":\"ListItem\",\"position\":2,\"name\":\"AVSS Parachute Recovery System for DJI Matrice 300\/350\",\"item\":\"https:\/\/koningdrone.be\/product\/avss-parachute-recovery-system-for-dji-matrice-300-350\/\"},{\"@type\":\"ListItem\",\"position\":3,\"name\":\"Alle powerstations\",\"item\":\"https:\/\/koningdrone.be\/categorie\/alle-powerstations\/\"},{\"@type\":\"ListItem\",\"position\":4,\"name\":\"Ecoflow River Pro + River Pro Smart Extra Battery Bundle\"}]},{\"@type\":\"WebSite\",\"@id\":\"https:\/\/koningdrone.be\/#website\",\"url\":\"https:\/\/koningdrone.be\/\",\"name\":\"Koningdrone.be - Uw online specialist in drones, gimbals, camera's en power stations.\",\"description\":\"De webshop in drones en gimbals\",\"publisher\":{\"@id\":\"https:\/\/koningdrone.be\/#organization\"},\"potentialAction\":[{\"@type\":\"SearchAction\",\"target\":{\"@type\":\"EntryPoint\",\"urlTemplate\":\"https:\/\/koningdrone.be\/?s={search_term_string}\"},\"query-input\":{\"@type\":\"PropertyValueSpecification\",\"valueRequired\":true,\"valueName\":\"search_term_string\"}}],\"inLanguage\":\"fr-BE\"},{\"@type\":\"Organization\",\"@id\":\"https:\/\/koningdrone.be\/#organization\",\"name\":\"Koningdrone.be\",\"url\":\"https:\/\/koningdrone.be\/\",\"logo\":{\"@type\":\"ImageObject\",\"inLanguage\":\"fr-BE\",\"@id\":\"https:\/\/koningdrone.be\/#\/schema\/logo\/image\/\",\"url\":\"https:\/\/koningdrone.be\/wp-content\/uploads\/sites\/13\/2025\/04\/koningdrone-copyright-logo.svg\",\"contentUrl\":\"https:\/\/koningdrone.be\/wp-content\/uploads\/sites\/13\/2025\/04\/koningdrone-copyright-logo.svg\",\"width\":227,\"height\":38,\"caption\":\"Koningdrone.be\"},\"image\":{\"@id\":\"https:\/\/koningdrone.be\/#\/schema\/logo\/image\/\"}}]}<\/script>\n<!-- \/ Yoast SEO Premium plugin. -->","yoast_head_json":{"title":"Ecoflow River Pro + River Pro Smart Extra Battery Bundle - koningdrone.be","robots":{"index":"index","follow":"follow","max-snippet":"max-snippet:-1","max-image-preview":"max-image-preview:large","max-video-preview":"max-video-preview:-1"},"canonical":"https:\/\/koningdrone.be\/fr\/produit\/ecoflow-river-pro-river-pro-smart-extra-battery-bundle\/","og_locale":"fr_FR","og_type":"article","og_title":"Ecoflow River Pro + River Pro Smart Extra Battery Bundle","og_description":"3 AC-uitgangen van 600 w en capaciteit van 720 whLaadt van 0-80% binnen 1 uurDubbele capaciteit van 720wh tot 1440wh","og_url":"https:\/\/koningdrone.be\/fr\/produit\/ecoflow-river-pro-river-pro-smart-extra-battery-bundle\/","og_site_name":"koningdrone.be","article_modified_time":"2026-04-29T11:50:42+00:00","og_image":[{"width":1200,"height":1200,"url":"https:\/\/koningdrone.be\/wp-content\/uploads\/sites\/13\/2025\/04\/Pro_EB.webp","type":"image\/webp"}],"twitter_card":"summary_large_image","twitter_misc":{"Dur\u00e9e de lecture est.":"1 minute"},"schema":{"@context":"https:\/\/schema.org","@graph":[{"@type":"WebPage","@id":"https:\/\/koningdrone.be\/product\/ecoflow-river-pro-river-pro-smart-extra-battery-bundle\/","url":"https:\/\/koningdrone.be\/product\/ecoflow-river-pro-river-pro-smart-extra-battery-bundle\/","name":"Ecoflow River Pro + River Pro Smart Extra Battery Bundle - koningdrone.be","isPartOf":{"@id":"https:\/\/koningdrone.be\/#website"},"primaryImageOfPage":{"@id":"https:\/\/koningdrone.be\/product\/ecoflow-river-pro-river-pro-smart-extra-battery-bundle\/#primaryimage"},"image":{"@id":"https:\/\/koningdrone.be\/product\/ecoflow-river-pro-river-pro-smart-extra-battery-bundle\/#primaryimage"},"thumbnailUrl":"https:\/\/koningdrone.be\/wp-content\/uploads\/sites\/13\/2025\/04\/Pro_EB.webp","datePublished":"2022-11-02T08:13:53+00:00","dateModified":"2026-04-29T11:50:42+00:00","breadcrumb":{"@id":"https:\/\/koningdrone.be\/product\/ecoflow-river-pro-river-pro-smart-extra-battery-bundle\/#breadcrumb"},"inLanguage":"fr-BE","potentialAction":[{"@type":"ReadAction","target":["https:\/\/koningdrone.be\/product\/ecoflow-river-pro-river-pro-smart-extra-battery-bundle\/"]}]},{"@type":"ImageObject","inLanguage":"fr-BE","@id":"https:\/\/koningdrone.be\/product\/ecoflow-river-pro-river-pro-smart-extra-battery-bundle\/#primaryimage","url":"https:\/\/koningdrone.be\/wp-content\/uploads\/sites\/13\/2025\/04\/Pro_EB.webp","contentUrl":"https:\/\/koningdrone.be\/wp-content\/uploads\/sites\/13\/2025\/04\/Pro_EB.webp","width":1200,"height":1200},{"@type":"BreadcrumbList","@id":"https:\/\/koningdrone.be\/product\/ecoflow-river-pro-river-pro-smart-extra-battery-bundle\/#breadcrumb","itemListElement":[{"@type":"ListItem","position":1,"name":"Home","item":"https:\/\/koningdrone.be\/"},{"@type":"ListItem","position":2,"name":"AVSS Parachute Recovery System for DJI Matrice 300\/350","item":"https:\/\/koningdrone.be\/product\/avss-parachute-recovery-system-for-dji-matrice-300-350\/"},{"@type":"ListItem","position":3,"name":"Alle powerstations","item":"https:\/\/koningdrone.be\/categorie\/alle-powerstations\/"},{"@type":"ListItem","position":4,"name":"Ecoflow River Pro + River Pro Smart Extra Battery Bundle"}]},{"@type":"WebSite","@id":"https:\/\/koningdrone.be\/#website","url":"https:\/\/koningdrone.be\/","name":"Koningdrone.be - Votre sp\u00e9cialiste en ligne en mati\u00e8re de drones, de cardans, de cam\u00e9ras et de centrales \u00e9lectriques.","description":"La boutique en ligne de drones et de cardans","publisher":{"@id":"https:\/\/koningdrone.be\/#organization"},"potentialAction":[{"@type":"SearchAction","target":{"@type":"EntryPoint","urlTemplate":"https:\/\/koningdrone.be\/?s={search_term_string}"},"query-input":{"@type":"PropertyValueSpecification","valueRequired":true,"valueName":"search_term_string"}}],"inLanguage":"fr-BE"},{"@type":"Organization","@id":"https:\/\/koningdrone.be\/#organization","name":"Kingdrone.co.uk","url":"https:\/\/koningdrone.be\/","logo":{"@type":"ImageObject","inLanguage":"fr-BE","@id":"https:\/\/koningdrone.be\/#\/schema\/logo\/image\/","url":"https:\/\/koningdrone.be\/wp-content\/uploads\/sites\/13\/2025\/04\/koningdrone-copyright-logo.svg","contentUrl":"https:\/\/koningdrone.be\/wp-content\/uploads\/sites\/13\/2025\/04\/koningdrone-copyright-logo.svg","width":227,"height":38,"caption":"Koningdrone.be"},"image":{"@id":"https:\/\/koningdrone.be\/#\/schema\/logo\/image\/"}}]}},"df_price":"","df_sale_price":"","df_regular_price":"","df_image_link":"https:\/\/koningdrone.be\/wp-content\/uploads\/sites\/13\/2025\/04\/Pro_EB-300x300.webp","_links":{"self":[{"href":"https:\/\/koningdrone.be\/fr\/wp-json\/wp\/v2\/product\/5444","targetHints":{"allow":["GET"]}}],"collection":[{"href":"https:\/\/koningdrone.be\/fr\/wp-json\/wp\/v2\/product"}],"about":[{"href":"https:\/\/koningdrone.be\/fr\/wp-json\/wp\/v2\/types\/product"}],"wp:featuredmedia":[{"embeddable":true,"href":"https:\/\/koningdrone.be\/fr\/wp-json\/wp\/v2\/media\/5443"}],"wp:attachment":[{"href":"https:\/\/koningdrone.be\/fr\/wp-json\/wp\/v2\/media?parent=5444"}],"wp:term":[{"taxonomy":"product_brand","embeddable":true,"href":"https:\/\/koningdrone.be\/fr\/wp-json\/wp\/v2\/product_brand?post=5444"},{"taxonomy":"product_cat","embeddable":true,"href":"https:\/\/koningdrone.be\/fr\/wp-json\/wp\/v2\/product_cat?post=5444"},{"taxonomy":"product_tag","embeddable":true,"href":"https:\/\/koningdrone.be\/fr\/wp-json\/wp\/v2\/product_tag?post=5444"}],"curies":[{"name":"wp","href":"https:\/\/api.w.org\/{rel}","templated":true}]}}