{"id":5442,"date":"2022-11-02T09:13:53","date_gmt":"2022-11-02T08:13:53","guid":{"rendered":"https:\/\/koningdrone.nl\/kon\/product\/ecoflow-ecoflow-delta-bundle-four-110w-solar-panels\/"},"modified":"2026-04-29T13:50:40","modified_gmt":"2026-04-29T11:50:40","slug":"ecoflow-ecoflow-delta-bundle-four-110w-solar-panels","status":"publish","type":"product","link":"https:\/\/koningdrone.be\/fr\/produit\/ecoflow-ecoflow-delta-bundle-four-110w-solar-panels\/","title":{"rendered":"Ecoflow Ecoflow Delta Bundle (Quatre panneaux solaires de 110W)"},"content":{"rendered":"<p>L'ensemble EcoFlow Delta avec quatre panneaux solaires de 110 W est la solution id\u00e9ale pour l'alimentation hors r\u00e9seau. Cet ensemble portable de Rise et EcoFlow offre des performances et une fiabilit\u00e9 in\u00e9gal\u00e9es, o\u00f9 que vous soyez.<\/p>\n<p><strong>Centrale EcoFlow DELTA<\/strong><\/p>\n<p>La centrale \u00e9lectrique DELTA d'EcoFlow est un g\u00e9n\u00e9rateur \u00e0 piles innovant, compatible avec une large gamme d'appareils, qui vous permet de continuer \u00e0 travailler pendant des heures, m\u00eame lorsque vous \u00eates loin du r\u00e9seau \u00e9lectrique. Gr\u00e2ce \u00e0 la technologie brevet\u00e9e X-Stream d'EcoFlow, la DELTA se recharge dix fois plus vite que la plupart des centrales portables du march\u00e9. Avec une capacit\u00e9 de 1260 Wh et un onduleur capable d'alimenter des appareils m\u00e9nagers lourds et des outils de bricolage avec facilit\u00e9, la DELTA d'EcoFlow est la source d'\u00e9nergie ultime pour toutes les situations.<\/p>\n<p><strong>Chargement rapide et facile<\/strong><\/p>\n<p>Le chargement de l'EcoFlow DELTA est \u00e9galement rapide et facile. Gr\u00e2ce aux panneaux solaires, le DELTA peut \u00eatre compl\u00e8tement recharg\u00e9 en seulement 4 heures, tandis qu'un port de voiture 12\/24V peut recharger le DELTA en moins de 10 heures.<\/p>\n<p><strong>Des modules solaires efficaces et performants<\/strong><\/p>\n<p>Les quatre panneaux solaires EcoFlow de 110 W inclus constituent un compl\u00e9ment efficace et puissant au DELTA. Fabriqu\u00e9s en silicium monocristallin, ces panneaux solaires peuvent recharger DELTA et d'autres appareils \u00e9lectriques, ce qui vous garantit une alimentation permanente, m\u00eame dans les environnements les plus recul\u00e9s.<\/p>\n<p><strong>Une polyvalence et des performances sans pr\u00e9c\u00e9dent<\/strong><\/p>\n<p>Avec des caract\u00e9ristiques telles qu'une capacit\u00e9 de 1260 Wh, des entr\u00e9es de charge CA, des entr\u00e9es solaires et de multiples sorties USB et CA, la station d'\u00e9nergie EcoFlow DELTA offre une polyvalence et des performances sans pr\u00e9c\u00e9dent. Les panneaux solaires de 110 W ont \u00e9galement des caract\u00e9ristiques impressionnantes, avec un rendement \u00e9lev\u00e9 de 21% - 22% et une conception robuste qui peut r\u00e9sister \u00e0 une vari\u00e9t\u00e9 de temp\u00e9ratures.<\/p>\n<p><strong>Source d'\u00e9nergie ultime pour les solutions d'alimentation hors r\u00e9seau<\/strong><\/p>\n<p>En bref, l'EcoFlow Delta bundle avec quatre panneaux solaires de 110W est la source d'\u00e9nergie ultime pour tous ceux qui ont besoin de solutions d'alimentation hors r\u00e9seau. Avec des performances, une fiabilit\u00e9 et une facilit\u00e9 d'utilisation in\u00e9gal\u00e9es, ce kit est le choix id\u00e9al pour tous ceux qui veulent continuer \u00e0 travailler n'importe o\u00f9 et toujours avoir de l'\u00e9lectricit\u00e9.<\/p>\n<p><\/p>","protected":false},"excerpt":{"rendered":"<p>De EcoFlow Delta-bundel met vier 110W zonnepanelen is de ideale off-grid stroomoplossing. Deze draagbare bundel van Rise en EcoFlow biedt onge\u00ebvenaarde prestaties en betrouwbaarheid, waar u ook bent. EcoFlow DELTA Power Station De EcoFlow DELTA Power Station is een baanbrekende batterijgevoede generator die compatibel is met een breed scala aan apparaten, waardoor u urenlang kunt [&hellip;]<\/p>\n","protected":false},"featured_media":5438,"template":"","meta":{"_acf_changed":false},"product_brand":[],"product_cat":[454,97,245,276,415],"product_tag":[],"class_list":{"0":"post-5442","1":"product","2":"type-product","3":"status-publish","4":"has-post-thumbnail","6":"product_cat-alle-powerstations","7":"product_cat-alle-producten","8":"product_cat-ecoflow","9":"product_cat-ecoflow-powerstations","10":"product_cat-energy","11":"product_shipping_class-outofstock","12":"pa_brand-ecoflow","13":"pa_productfamily-ecoflow-bundle","14":"pa_producttype-ecoflow-bundle","15":"pa_series-delta","17":"first","18":"outofstock","19":"taxable","20":"shipping-taxable","21":"product-type-simple"},"acf":[],"yoast_head":"<!-- This site is optimized with the Yoast SEO Premium plugin v27.2 (Yoast SEO v27.2) - https:\/\/yoast.com\/product\/yoast-seo-premium-wordpress\/ -->\n<title>Ecoflow Ecoflow Delta Bundle (Four 110W Solar Panels) - koningdrone.be<\/title>\n<meta name=\"robots\" content=\"index, follow, max-snippet:-1, max-image-preview:large, max-video-preview:-1\" \/>\n<link rel=\"canonical\" href=\"https:\/\/koningdrone.be\/fr\/produit\/ecoflow-ecoflow-delta-bundle-four-110w-solar-panels\/\" \/>\n<meta property=\"og:locale\" content=\"fr_FR\" \/>\n<meta property=\"og:type\" content=\"article\" \/>\n<meta property=\"og:title\" content=\"Ecoflow Ecoflow Delta Bundle (Four 110W Solar Panels)\" \/>\n<meta property=\"og:description\" content=\"De EcoFlow Delta-bundel met vier 110W zonnepanelen is de ideale off-grid stroomoplossing. Deze draagbare bundel van Rise en EcoFlow biedt onge\u00ebvenaarde prestaties en betrouwbaarheid, waar u ook bent. EcoFlow DELTA Power Station De EcoFlow DELTA Power Station is een baanbrekende batterijgevoede generator die compatibel is met een breed scala aan apparaten, waardoor u urenlang kunt [&hellip;]\" \/>\n<meta property=\"og:url\" content=\"https:\/\/koningdrone.be\/fr\/produit\/ecoflow-ecoflow-delta-bundle-four-110w-solar-panels\/\" \/>\n<meta property=\"og:site_name\" content=\"koningdrone.be\" \/>\n<meta property=\"article:modified_time\" content=\"2026-04-29T11:50:40+00:00\" \/>\n<meta property=\"og:image\" content=\"https:\/\/koningdrone.be\/wp-content\/uploads\/sites\/13\/2025\/04\/EFDT4SP110BD-1.webp\" \/>\n\t<meta property=\"og:image:width\" content=\"2048\" \/>\n\t<meta property=\"og:image:height\" content=\"2048\" \/>\n\t<meta property=\"og:image:type\" content=\"image\/webp\" \/>\n<meta name=\"twitter:card\" content=\"summary_large_image\" \/>\n<meta name=\"twitter:label1\" content=\"Dur\u00e9e de lecture est.\" \/>\n\t<meta name=\"twitter:data1\" content=\"2 minutes\" \/>\n<script type=\"application\/ld+json\" class=\"yoast-schema-graph\">{\"@context\":\"https:\/\/schema.org\",\"@graph\":[{\"@type\":\"WebPage\",\"@id\":\"https:\/\/koningdrone.be\/product\/ecoflow-ecoflow-delta-bundle-four-110w-solar-panels\/\",\"url\":\"https:\/\/koningdrone.be\/product\/ecoflow-ecoflow-delta-bundle-four-110w-solar-panels\/\",\"name\":\"Ecoflow Ecoflow Delta Bundle (Four 110W Solar Panels) - koningdrone.be\",\"isPartOf\":{\"@id\":\"https:\/\/koningdrone.be\/#website\"},\"primaryImageOfPage\":{\"@id\":\"https:\/\/koningdrone.be\/product\/ecoflow-ecoflow-delta-bundle-four-110w-solar-panels\/#primaryimage\"},\"image\":{\"@id\":\"https:\/\/koningdrone.be\/product\/ecoflow-ecoflow-delta-bundle-four-110w-solar-panels\/#primaryimage\"},\"thumbnailUrl\":\"https:\/\/koningdrone.be\/wp-content\/uploads\/sites\/13\/2025\/04\/EFDT4SP110BD-1.webp\",\"datePublished\":\"2022-11-02T08:13:53+00:00\",\"dateModified\":\"2026-04-29T11:50:40+00:00\",\"breadcrumb\":{\"@id\":\"https:\/\/koningdrone.be\/product\/ecoflow-ecoflow-delta-bundle-four-110w-solar-panels\/#breadcrumb\"},\"inLanguage\":\"fr-BE\",\"potentialAction\":[{\"@type\":\"ReadAction\",\"target\":[\"https:\/\/koningdrone.be\/product\/ecoflow-ecoflow-delta-bundle-four-110w-solar-panels\/\"]}]},{\"@type\":\"ImageObject\",\"inLanguage\":\"fr-BE\",\"@id\":\"https:\/\/koningdrone.be\/product\/ecoflow-ecoflow-delta-bundle-four-110w-solar-panels\/#primaryimage\",\"url\":\"https:\/\/koningdrone.be\/wp-content\/uploads\/sites\/13\/2025\/04\/EFDT4SP110BD-1.webp\",\"contentUrl\":\"https:\/\/koningdrone.be\/wp-content\/uploads\/sites\/13\/2025\/04\/EFDT4SP110BD-1.webp\",\"width\":2048,\"height\":2048},{\"@type\":\"BreadcrumbList\",\"@id\":\"https:\/\/koningdrone.be\/product\/ecoflow-ecoflow-delta-bundle-four-110w-solar-panels\/#breadcrumb\",\"itemListElement\":[{\"@type\":\"ListItem\",\"position\":1,\"name\":\"Home\",\"item\":\"https:\/\/koningdrone.be\/\"},{\"@type\":\"ListItem\",\"position\":2,\"name\":\"AVSS Parachute Recovery System for DJI Matrice 300\/350\",\"item\":\"https:\/\/koningdrone.be\/product\/avss-parachute-recovery-system-for-dji-matrice-300-350\/\"},{\"@type\":\"ListItem\",\"position\":3,\"name\":\"Alle powerstations\",\"item\":\"https:\/\/koningdrone.be\/categorie\/alle-powerstations\/\"},{\"@type\":\"ListItem\",\"position\":4,\"name\":\"Ecoflow Ecoflow Delta Bundle (Four 110W Solar Panels)\"}]},{\"@type\":\"WebSite\",\"@id\":\"https:\/\/koningdrone.be\/#website\",\"url\":\"https:\/\/koningdrone.be\/\",\"name\":\"Koningdrone.be - Uw online specialist in drones, gimbals, camera's en power stations.\",\"description\":\"De webshop in drones en gimbals\",\"publisher\":{\"@id\":\"https:\/\/koningdrone.be\/#organization\"},\"potentialAction\":[{\"@type\":\"SearchAction\",\"target\":{\"@type\":\"EntryPoint\",\"urlTemplate\":\"https:\/\/koningdrone.be\/?s={search_term_string}\"},\"query-input\":{\"@type\":\"PropertyValueSpecification\",\"valueRequired\":true,\"valueName\":\"search_term_string\"}}],\"inLanguage\":\"fr-BE\"},{\"@type\":\"Organization\",\"@id\":\"https:\/\/koningdrone.be\/#organization\",\"name\":\"Koningdrone.be\",\"url\":\"https:\/\/koningdrone.be\/\",\"logo\":{\"@type\":\"ImageObject\",\"inLanguage\":\"fr-BE\",\"@id\":\"https:\/\/koningdrone.be\/#\/schema\/logo\/image\/\",\"url\":\"https:\/\/koningdrone.be\/wp-content\/uploads\/sites\/13\/2025\/04\/koningdrone-copyright-logo.svg\",\"contentUrl\":\"https:\/\/koningdrone.be\/wp-content\/uploads\/sites\/13\/2025\/04\/koningdrone-copyright-logo.svg\",\"width\":227,\"height\":38,\"caption\":\"Koningdrone.be\"},\"image\":{\"@id\":\"https:\/\/koningdrone.be\/#\/schema\/logo\/image\/\"}}]}<\/script>\n<!-- \/ Yoast SEO Premium plugin. -->","yoast_head_json":{"title":"Ecoflow Ecoflow Delta Bundle (Four 110W Solar Panels) - koningdrone.be","robots":{"index":"index","follow":"follow","max-snippet":"max-snippet:-1","max-image-preview":"max-image-preview:large","max-video-preview":"max-video-preview:-1"},"canonical":"https:\/\/koningdrone.be\/fr\/produit\/ecoflow-ecoflow-delta-bundle-four-110w-solar-panels\/","og_locale":"fr_FR","og_type":"article","og_title":"Ecoflow Ecoflow Delta Bundle (Four 110W Solar Panels)","og_description":"De EcoFlow Delta-bundel met vier 110W zonnepanelen is de ideale off-grid stroomoplossing. Deze draagbare bundel van Rise en EcoFlow biedt onge\u00ebvenaarde prestaties en betrouwbaarheid, waar u ook bent. EcoFlow DELTA Power Station De EcoFlow DELTA Power Station is een baanbrekende batterijgevoede generator die compatibel is met een breed scala aan apparaten, waardoor u urenlang kunt [&hellip;]","og_url":"https:\/\/koningdrone.be\/fr\/produit\/ecoflow-ecoflow-delta-bundle-four-110w-solar-panels\/","og_site_name":"koningdrone.be","article_modified_time":"2026-04-29T11:50:40+00:00","og_image":[{"width":2048,"height":2048,"url":"https:\/\/koningdrone.be\/wp-content\/uploads\/sites\/13\/2025\/04\/EFDT4SP110BD-1.webp","type":"image\/webp"}],"twitter_card":"summary_large_image","twitter_misc":{"Dur\u00e9e de lecture est.":"2 minutes"},"schema":{"@context":"https:\/\/schema.org","@graph":[{"@type":"WebPage","@id":"https:\/\/koningdrone.be\/product\/ecoflow-ecoflow-delta-bundle-four-110w-solar-panels\/","url":"https:\/\/koningdrone.be\/product\/ecoflow-ecoflow-delta-bundle-four-110w-solar-panels\/","name":"Ecoflow Ecoflow Delta Bundle (Four 110W Solar Panels) - koningdrone.be","isPartOf":{"@id":"https:\/\/koningdrone.be\/#website"},"primaryImageOfPage":{"@id":"https:\/\/koningdrone.be\/product\/ecoflow-ecoflow-delta-bundle-four-110w-solar-panels\/#primaryimage"},"image":{"@id":"https:\/\/koningdrone.be\/product\/ecoflow-ecoflow-delta-bundle-four-110w-solar-panels\/#primaryimage"},"thumbnailUrl":"https:\/\/koningdrone.be\/wp-content\/uploads\/sites\/13\/2025\/04\/EFDT4SP110BD-1.webp","datePublished":"2022-11-02T08:13:53+00:00","dateModified":"2026-04-29T11:50:40+00:00","breadcrumb":{"@id":"https:\/\/koningdrone.be\/product\/ecoflow-ecoflow-delta-bundle-four-110w-solar-panels\/#breadcrumb"},"inLanguage":"fr-BE","potentialAction":[{"@type":"ReadAction","target":["https:\/\/koningdrone.be\/product\/ecoflow-ecoflow-delta-bundle-four-110w-solar-panels\/"]}]},{"@type":"ImageObject","inLanguage":"fr-BE","@id":"https:\/\/koningdrone.be\/product\/ecoflow-ecoflow-delta-bundle-four-110w-solar-panels\/#primaryimage","url":"https:\/\/koningdrone.be\/wp-content\/uploads\/sites\/13\/2025\/04\/EFDT4SP110BD-1.webp","contentUrl":"https:\/\/koningdrone.be\/wp-content\/uploads\/sites\/13\/2025\/04\/EFDT4SP110BD-1.webp","width":2048,"height":2048},{"@type":"BreadcrumbList","@id":"https:\/\/koningdrone.be\/product\/ecoflow-ecoflow-delta-bundle-four-110w-solar-panels\/#breadcrumb","itemListElement":[{"@type":"ListItem","position":1,"name":"Home","item":"https:\/\/koningdrone.be\/"},{"@type":"ListItem","position":2,"name":"AVSS Parachute Recovery System for DJI Matrice 300\/350","item":"https:\/\/koningdrone.be\/product\/avss-parachute-recovery-system-for-dji-matrice-300-350\/"},{"@type":"ListItem","position":3,"name":"Alle powerstations","item":"https:\/\/koningdrone.be\/categorie\/alle-powerstations\/"},{"@type":"ListItem","position":4,"name":"Ecoflow Ecoflow Delta Bundle (Four 110W Solar Panels)"}]},{"@type":"WebSite","@id":"https:\/\/koningdrone.be\/#website","url":"https:\/\/koningdrone.be\/","name":"Koningdrone.be - Votre sp\u00e9cialiste en ligne en mati\u00e8re de drones, de cardans, de cam\u00e9ras et de centrales \u00e9lectriques.","description":"La boutique en ligne de drones et de cardans","publisher":{"@id":"https:\/\/koningdrone.be\/#organization"},"potentialAction":[{"@type":"SearchAction","target":{"@type":"EntryPoint","urlTemplate":"https:\/\/koningdrone.be\/?s={search_term_string}"},"query-input":{"@type":"PropertyValueSpecification","valueRequired":true,"valueName":"search_term_string"}}],"inLanguage":"fr-BE"},{"@type":"Organization","@id":"https:\/\/koningdrone.be\/#organization","name":"Kingdrone.co.uk","url":"https:\/\/koningdrone.be\/","logo":{"@type":"ImageObject","inLanguage":"fr-BE","@id":"https:\/\/koningdrone.be\/#\/schema\/logo\/image\/","url":"https:\/\/koningdrone.be\/wp-content\/uploads\/sites\/13\/2025\/04\/koningdrone-copyright-logo.svg","contentUrl":"https:\/\/koningdrone.be\/wp-content\/uploads\/sites\/13\/2025\/04\/koningdrone-copyright-logo.svg","width":227,"height":38,"caption":"Koningdrone.be"},"image":{"@id":"https:\/\/koningdrone.be\/#\/schema\/logo\/image\/"}}]}},"df_price":"","df_sale_price":"","df_regular_price":"","df_image_link":"https:\/\/koningdrone.be\/wp-content\/uploads\/sites\/13\/2025\/04\/EFDT4SP110BD-1-300x300.webp","_links":{"self":[{"href":"https:\/\/koningdrone.be\/fr\/wp-json\/wp\/v2\/product\/5442","targetHints":{"allow":["GET"]}}],"collection":[{"href":"https:\/\/koningdrone.be\/fr\/wp-json\/wp\/v2\/product"}],"about":[{"href":"https:\/\/koningdrone.be\/fr\/wp-json\/wp\/v2\/types\/product"}],"wp:featuredmedia":[{"embeddable":true,"href":"https:\/\/koningdrone.be\/fr\/wp-json\/wp\/v2\/media\/5438"}],"wp:attachment":[{"href":"https:\/\/koningdrone.be\/fr\/wp-json\/wp\/v2\/media?parent=5442"}],"wp:term":[{"taxonomy":"product_brand","embeddable":true,"href":"https:\/\/koningdrone.be\/fr\/wp-json\/wp\/v2\/product_brand?post=5442"},{"taxonomy":"product_cat","embeddable":true,"href":"https:\/\/koningdrone.be\/fr\/wp-json\/wp\/v2\/product_cat?post=5442"},{"taxonomy":"product_tag","embeddable":true,"href":"https:\/\/koningdrone.be\/fr\/wp-json\/wp\/v2\/product_tag?post=5442"}],"curies":[{"name":"wp","href":"https:\/\/api.w.org\/{rel}","templated":true}]}}