{"id":5437,"date":"2022-11-02T09:13:53","date_gmt":"2022-11-02T08:13:53","guid":{"rendered":"https:\/\/koningdrone.nl\/kon\/product\/ecoflow-delta-max-2000-bundle-one-400w-solar-panel\/"},"modified":"2026-04-29T13:50:38","modified_gmt":"2026-04-29T11:50:38","slug":"ecoflow-delta-max-2000-bundle-one-400w-solar-panel","status":"publish","type":"product","link":"https:\/\/koningdrone.be\/fr\/produit\/ecoflow-delta-max-2000-bundle-one-400w-solar-panel\/","title":{"rendered":"Offre group\u00e9e Ecoflow Delta Max (2000) (un panneau solaire de 400 W)"},"content":{"rendered":"<p>L'ensemble Ecoflow Delta Max (2000) offre une solution d'alimentation d'urgence pour la maison, avec une extension jusqu'\u00e0 6 kWh gr\u00e2ce \u00e0 des batteries suppl\u00e9mentaires intelligentes. Cette solution permet \u00e0 votre maison de rester allum\u00e9e en cas d'urgence.<\/p>\n<p><strong>Chargement et production d'\u00e9nergie<\/strong><\/p>\n<p>L'Ecoflow Delta Max est capable de charger rapidement, de 0 \u00e0 80% en seulement 1 heure. En combinant la charge en courant alternatif et le g\u00e9n\u00e9rateur intelligent EcoFlow, vous pouvez atteindre des vitesses allant jusqu'\u00e0 3600W. La fonction X-Boost vous permet d'alimenter des appareils lourds tels que les r\u00e9frig\u00e9rateurs et les s\u00e8che-linge, jusqu'\u00e0 3000W.<\/p>\n<p><strong>Option panneau solaire<\/strong><\/p>\n<p>L'Ecoflow Delta Max est con\u00e7u comme un g\u00e9n\u00e9rateur solaire portable qui peut se connecter \u00e0 2 panneaux solaires EcoFlow de 400 W, ce qui lui permet d'atteindre une vitesse de charge solaire de 800 W Max. Avec cette option, vous \u00eates toujours aliment\u00e9 en \u00e9lectricit\u00e9, m\u00eame en cas d'urgence et dans les zones recul\u00e9es.<\/p>\n<p><strong>Conclusion<\/strong><\/p>\n<p>Avec l'offre group\u00e9e Ecoflow Delta Max, vous \u00eates toujours assur\u00e9 d'avoir de l'\u00e9lectricit\u00e9, quoi qu'il arrive. Que ce soit en cas d'urgence, pour une vie hors r\u00e9seau ou simplement pour une alimentation suppl\u00e9mentaire, ce syst\u00e8me offre une solution fiable et puissante pour un usage domestique.<\/p>\n<p><\/p>","protected":false},"excerpt":{"rendered":"<p>De Ecoflow Delta Max (2000) Bundle biedt een noodstroomoplossing voor thuis, met een uitbreiding tot 6 kWh met slimme extra batterijen. Hierdoor blijft je huis in noodgevallen ingeschakeld. Opladen en energie-output De Ecoflow Delta Max is in staat om snel op te laden, van 0-80% in slechts 1 uur. Met AC-opladen en de EcoFlow Smart [&hellip;]<\/p>\n","protected":false},"featured_media":5432,"template":"","meta":{"_acf_changed":false},"product_brand":[],"product_cat":[454,97,245,276,415],"product_tag":[],"class_list":{"0":"post-5437","1":"product","2":"type-product","3":"status-publish","4":"has-post-thumbnail","6":"product_cat-alle-powerstations","7":"product_cat-alle-producten","8":"product_cat-ecoflow","9":"product_cat-ecoflow-powerstations","10":"product_cat-energy","11":"product_shipping_class-outofstock","12":"pa_brand-ecoflow","13":"pa_productfamily-ecoflow-bundle","14":"pa_producttype-ecoflow-bundle","15":"pa_series-delta-max","17":"first","18":"outofstock","19":"taxable","20":"shipping-taxable","21":"product-type-simple"},"acf":[],"yoast_head":"<!-- This site is optimized with the Yoast SEO Premium plugin v27.2 (Yoast SEO v27.2) - https:\/\/yoast.com\/product\/yoast-seo-premium-wordpress\/ -->\n<title>Ecoflow Delta Max (2000) Bundle (One 400W Solar Panel) - koningdrone.be<\/title>\n<meta name=\"robots\" content=\"index, follow, max-snippet:-1, max-image-preview:large, max-video-preview:-1\" \/>\n<link rel=\"canonical\" href=\"https:\/\/koningdrone.be\/fr\/produit\/ecoflow-delta-max-2000-bundle-one-400w-solar-panel\/\" \/>\n<meta property=\"og:locale\" content=\"fr_FR\" \/>\n<meta property=\"og:type\" content=\"article\" \/>\n<meta property=\"og:title\" content=\"Ecoflow Delta Max (2000) Bundle (One 400W Solar Panel)\" \/>\n<meta property=\"og:description\" content=\"De Ecoflow Delta Max (2000) Bundle biedt een noodstroomoplossing voor thuis, met een uitbreiding tot 6 kWh met slimme extra batterijen. Hierdoor blijft je huis in noodgevallen ingeschakeld. Opladen en energie-output De Ecoflow Delta Max is in staat om snel op te laden, van 0-80% in slechts 1 uur. Met AC-opladen en de EcoFlow Smart [&hellip;]\" \/>\n<meta property=\"og:url\" content=\"https:\/\/koningdrone.be\/fr\/produit\/ecoflow-delta-max-2000-bundle-one-400w-solar-panel\/\" \/>\n<meta property=\"og:site_name\" content=\"koningdrone.be\" \/>\n<meta property=\"article:modified_time\" content=\"2026-04-29T11:50:38+00:00\" \/>\n<meta property=\"og:image\" content=\"https:\/\/koningdrone.be\/wp-content\/uploads\/sites\/13\/2025\/04\/EFDT2000SP400BUNDLE-1.webp\" \/>\n\t<meta property=\"og:image:width\" content=\"1200\" \/>\n\t<meta property=\"og:image:height\" content=\"1200\" \/>\n\t<meta property=\"og:image:type\" content=\"image\/webp\" \/>\n<meta name=\"twitter:card\" content=\"summary_large_image\" \/>\n<meta name=\"twitter:label1\" content=\"Dur\u00e9e de lecture est.\" \/>\n\t<meta name=\"twitter:data1\" content=\"1 minute\" \/>\n<script type=\"application\/ld+json\" class=\"yoast-schema-graph\">{\"@context\":\"https:\/\/schema.org\",\"@graph\":[{\"@type\":\"WebPage\",\"@id\":\"https:\/\/koningdrone.be\/product\/ecoflow-delta-max-2000-bundle-one-400w-solar-panel\/\",\"url\":\"https:\/\/koningdrone.be\/product\/ecoflow-delta-max-2000-bundle-one-400w-solar-panel\/\",\"name\":\"Ecoflow Delta Max (2000) Bundle (One 400W Solar Panel) - koningdrone.be\",\"isPartOf\":{\"@id\":\"https:\/\/koningdrone.be\/#website\"},\"primaryImageOfPage\":{\"@id\":\"https:\/\/koningdrone.be\/product\/ecoflow-delta-max-2000-bundle-one-400w-solar-panel\/#primaryimage\"},\"image\":{\"@id\":\"https:\/\/koningdrone.be\/product\/ecoflow-delta-max-2000-bundle-one-400w-solar-panel\/#primaryimage\"},\"thumbnailUrl\":\"https:\/\/koningdrone.be\/wp-content\/uploads\/sites\/13\/2025\/04\/EFDT2000SP400BUNDLE-1.webp\",\"datePublished\":\"2022-11-02T08:13:53+00:00\",\"dateModified\":\"2026-04-29T11:50:38+00:00\",\"breadcrumb\":{\"@id\":\"https:\/\/koningdrone.be\/product\/ecoflow-delta-max-2000-bundle-one-400w-solar-panel\/#breadcrumb\"},\"inLanguage\":\"fr-BE\",\"potentialAction\":[{\"@type\":\"ReadAction\",\"target\":[\"https:\/\/koningdrone.be\/product\/ecoflow-delta-max-2000-bundle-one-400w-solar-panel\/\"]}]},{\"@type\":\"ImageObject\",\"inLanguage\":\"fr-BE\",\"@id\":\"https:\/\/koningdrone.be\/product\/ecoflow-delta-max-2000-bundle-one-400w-solar-panel\/#primaryimage\",\"url\":\"https:\/\/koningdrone.be\/wp-content\/uploads\/sites\/13\/2025\/04\/EFDT2000SP400BUNDLE-1.webp\",\"contentUrl\":\"https:\/\/koningdrone.be\/wp-content\/uploads\/sites\/13\/2025\/04\/EFDT2000SP400BUNDLE-1.webp\",\"width\":1200,\"height\":1200},{\"@type\":\"BreadcrumbList\",\"@id\":\"https:\/\/koningdrone.be\/product\/ecoflow-delta-max-2000-bundle-one-400w-solar-panel\/#breadcrumb\",\"itemListElement\":[{\"@type\":\"ListItem\",\"position\":1,\"name\":\"Home\",\"item\":\"https:\/\/koningdrone.be\/\"},{\"@type\":\"ListItem\",\"position\":2,\"name\":\"AVSS Parachute Recovery System for DJI Matrice 300\/350\",\"item\":\"https:\/\/koningdrone.be\/product\/avss-parachute-recovery-system-for-dji-matrice-300-350\/\"},{\"@type\":\"ListItem\",\"position\":3,\"name\":\"Alle powerstations\",\"item\":\"https:\/\/koningdrone.be\/categorie\/alle-powerstations\/\"},{\"@type\":\"ListItem\",\"position\":4,\"name\":\"Ecoflow Delta Max (2000) Bundle (One 400W Solar Panel)\"}]},{\"@type\":\"WebSite\",\"@id\":\"https:\/\/koningdrone.be\/#website\",\"url\":\"https:\/\/koningdrone.be\/\",\"name\":\"Koningdrone.be - Uw online specialist in drones, gimbals, camera's en power stations.\",\"description\":\"De webshop in drones en gimbals\",\"publisher\":{\"@id\":\"https:\/\/koningdrone.be\/#organization\"},\"potentialAction\":[{\"@type\":\"SearchAction\",\"target\":{\"@type\":\"EntryPoint\",\"urlTemplate\":\"https:\/\/koningdrone.be\/?s={search_term_string}\"},\"query-input\":{\"@type\":\"PropertyValueSpecification\",\"valueRequired\":true,\"valueName\":\"search_term_string\"}}],\"inLanguage\":\"fr-BE\"},{\"@type\":\"Organization\",\"@id\":\"https:\/\/koningdrone.be\/#organization\",\"name\":\"Koningdrone.be\",\"url\":\"https:\/\/koningdrone.be\/\",\"logo\":{\"@type\":\"ImageObject\",\"inLanguage\":\"fr-BE\",\"@id\":\"https:\/\/koningdrone.be\/#\/schema\/logo\/image\/\",\"url\":\"https:\/\/koningdrone.be\/wp-content\/uploads\/sites\/13\/2025\/04\/koningdrone-copyright-logo.svg\",\"contentUrl\":\"https:\/\/koningdrone.be\/wp-content\/uploads\/sites\/13\/2025\/04\/koningdrone-copyright-logo.svg\",\"width\":227,\"height\":38,\"caption\":\"Koningdrone.be\"},\"image\":{\"@id\":\"https:\/\/koningdrone.be\/#\/schema\/logo\/image\/\"}}]}<\/script>\n<!-- \/ Yoast SEO Premium plugin. -->","yoast_head_json":{"title":"Ecoflow Delta Max (2000) Bundle (One 400W Solar Panel) - koningdrone.be","robots":{"index":"index","follow":"follow","max-snippet":"max-snippet:-1","max-image-preview":"max-image-preview:large","max-video-preview":"max-video-preview:-1"},"canonical":"https:\/\/koningdrone.be\/fr\/produit\/ecoflow-delta-max-2000-bundle-one-400w-solar-panel\/","og_locale":"fr_FR","og_type":"article","og_title":"Ecoflow Delta Max (2000) Bundle (One 400W Solar Panel)","og_description":"De Ecoflow Delta Max (2000) Bundle biedt een noodstroomoplossing voor thuis, met een uitbreiding tot 6 kWh met slimme extra batterijen. Hierdoor blijft je huis in noodgevallen ingeschakeld. Opladen en energie-output De Ecoflow Delta Max is in staat om snel op te laden, van 0-80% in slechts 1 uur. Met AC-opladen en de EcoFlow Smart [&hellip;]","og_url":"https:\/\/koningdrone.be\/fr\/produit\/ecoflow-delta-max-2000-bundle-one-400w-solar-panel\/","og_site_name":"koningdrone.be","article_modified_time":"2026-04-29T11:50:38+00:00","og_image":[{"width":1200,"height":1200,"url":"https:\/\/koningdrone.be\/wp-content\/uploads\/sites\/13\/2025\/04\/EFDT2000SP400BUNDLE-1.webp","type":"image\/webp"}],"twitter_card":"summary_large_image","twitter_misc":{"Dur\u00e9e de lecture est.":"1 minute"},"schema":{"@context":"https:\/\/schema.org","@graph":[{"@type":"WebPage","@id":"https:\/\/koningdrone.be\/product\/ecoflow-delta-max-2000-bundle-one-400w-solar-panel\/","url":"https:\/\/koningdrone.be\/product\/ecoflow-delta-max-2000-bundle-one-400w-solar-panel\/","name":"Ecoflow Delta Max (2000) Bundle (One 400W Solar Panel) - koningdrone.be","isPartOf":{"@id":"https:\/\/koningdrone.be\/#website"},"primaryImageOfPage":{"@id":"https:\/\/koningdrone.be\/product\/ecoflow-delta-max-2000-bundle-one-400w-solar-panel\/#primaryimage"},"image":{"@id":"https:\/\/koningdrone.be\/product\/ecoflow-delta-max-2000-bundle-one-400w-solar-panel\/#primaryimage"},"thumbnailUrl":"https:\/\/koningdrone.be\/wp-content\/uploads\/sites\/13\/2025\/04\/EFDT2000SP400BUNDLE-1.webp","datePublished":"2022-11-02T08:13:53+00:00","dateModified":"2026-04-29T11:50:38+00:00","breadcrumb":{"@id":"https:\/\/koningdrone.be\/product\/ecoflow-delta-max-2000-bundle-one-400w-solar-panel\/#breadcrumb"},"inLanguage":"fr-BE","potentialAction":[{"@type":"ReadAction","target":["https:\/\/koningdrone.be\/product\/ecoflow-delta-max-2000-bundle-one-400w-solar-panel\/"]}]},{"@type":"ImageObject","inLanguage":"fr-BE","@id":"https:\/\/koningdrone.be\/product\/ecoflow-delta-max-2000-bundle-one-400w-solar-panel\/#primaryimage","url":"https:\/\/koningdrone.be\/wp-content\/uploads\/sites\/13\/2025\/04\/EFDT2000SP400BUNDLE-1.webp","contentUrl":"https:\/\/koningdrone.be\/wp-content\/uploads\/sites\/13\/2025\/04\/EFDT2000SP400BUNDLE-1.webp","width":1200,"height":1200},{"@type":"BreadcrumbList","@id":"https:\/\/koningdrone.be\/product\/ecoflow-delta-max-2000-bundle-one-400w-solar-panel\/#breadcrumb","itemListElement":[{"@type":"ListItem","position":1,"name":"Home","item":"https:\/\/koningdrone.be\/"},{"@type":"ListItem","position":2,"name":"AVSS Parachute Recovery System for DJI Matrice 300\/350","item":"https:\/\/koningdrone.be\/product\/avss-parachute-recovery-system-for-dji-matrice-300-350\/"},{"@type":"ListItem","position":3,"name":"Alle powerstations","item":"https:\/\/koningdrone.be\/categorie\/alle-powerstations\/"},{"@type":"ListItem","position":4,"name":"Ecoflow Delta Max (2000) Bundle (One 400W Solar Panel)"}]},{"@type":"WebSite","@id":"https:\/\/koningdrone.be\/#website","url":"https:\/\/koningdrone.be\/","name":"Koningdrone.be - Votre sp\u00e9cialiste en ligne en mati\u00e8re de drones, de cardans, de cam\u00e9ras et de centrales \u00e9lectriques.","description":"La boutique en ligne de drones et de cardans","publisher":{"@id":"https:\/\/koningdrone.be\/#organization"},"potentialAction":[{"@type":"SearchAction","target":{"@type":"EntryPoint","urlTemplate":"https:\/\/koningdrone.be\/?s={search_term_string}"},"query-input":{"@type":"PropertyValueSpecification","valueRequired":true,"valueName":"search_term_string"}}],"inLanguage":"fr-BE"},{"@type":"Organization","@id":"https:\/\/koningdrone.be\/#organization","name":"Kingdrone.co.uk","url":"https:\/\/koningdrone.be\/","logo":{"@type":"ImageObject","inLanguage":"fr-BE","@id":"https:\/\/koningdrone.be\/#\/schema\/logo\/image\/","url":"https:\/\/koningdrone.be\/wp-content\/uploads\/sites\/13\/2025\/04\/koningdrone-copyright-logo.svg","contentUrl":"https:\/\/koningdrone.be\/wp-content\/uploads\/sites\/13\/2025\/04\/koningdrone-copyright-logo.svg","width":227,"height":38,"caption":"Koningdrone.be"},"image":{"@id":"https:\/\/koningdrone.be\/#\/schema\/logo\/image\/"}}]}},"df_price":"","df_sale_price":"","df_regular_price":"","df_image_link":"https:\/\/koningdrone.be\/wp-content\/uploads\/sites\/13\/2025\/04\/EFDT2000SP400BUNDLE-1-300x300.webp","_links":{"self":[{"href":"https:\/\/koningdrone.be\/fr\/wp-json\/wp\/v2\/product\/5437","targetHints":{"allow":["GET"]}}],"collection":[{"href":"https:\/\/koningdrone.be\/fr\/wp-json\/wp\/v2\/product"}],"about":[{"href":"https:\/\/koningdrone.be\/fr\/wp-json\/wp\/v2\/types\/product"}],"wp:featuredmedia":[{"embeddable":true,"href":"https:\/\/koningdrone.be\/fr\/wp-json\/wp\/v2\/media\/5432"}],"wp:attachment":[{"href":"https:\/\/koningdrone.be\/fr\/wp-json\/wp\/v2\/media?parent=5437"}],"wp:term":[{"taxonomy":"product_brand","embeddable":true,"href":"https:\/\/koningdrone.be\/fr\/wp-json\/wp\/v2\/product_brand?post=5437"},{"taxonomy":"product_cat","embeddable":true,"href":"https:\/\/koningdrone.be\/fr\/wp-json\/wp\/v2\/product_cat?post=5437"},{"taxonomy":"product_tag","embeddable":true,"href":"https:\/\/koningdrone.be\/fr\/wp-json\/wp\/v2\/product_tag?post=5437"}],"curies":[{"name":"wp","href":"https:\/\/api.w.org\/{rel}","templated":true}]}}