{"id":5428,"date":"2022-11-02T09:13:58","date_gmt":"2022-11-02T08:13:58","guid":{"rendered":"https:\/\/koningdrone.nl\/kon\/product\/insta360-one-rs-1-inch-360-lens-upgrade-bundle\/"},"modified":"2026-05-16T10:40:44","modified_gmt":"2026-05-16T08:40:44","slug":"insta360-one-rs-1-inch-360-lens-upgrade-bundle","status":"publish","type":"product","link":"https:\/\/koningdrone.be\/fr\/produit\/insta360-one-rs-1-inch-360-lens-upgrade-bundle\/","title":{"rendered":"INSTA360 One RS 1-inch 360 Lens Upgrade Bundle"},"content":{"rendered":"<h1>Insta360 One RS 1-inch 360 Lens Upgrade Bundle (Kit de mise \u00e0 niveau de l'objectif 360 Insta360 One RS 1-inch)<\/h1>\n<p>Insta360 vous pr\u00e9sente la prochaine partie de sa s\u00e9rie ONE RS avec sa nouvelle cam\u00e9ra d'action Insta360 ONE RS 1-inch 360 Edition. D\u00e9velopp\u00e9e en collaboration avec Leica, elle est dot\u00e9e de deux capteurs CMOS de 1 pouce capables de capturer des vid\u00e9os 360 6K et des photos 360 21 MP. L'expertise de Leica a \u00e9t\u00e9 utilis\u00e9e dans le d\u00e9veloppement de la cam\u00e9ra d'action ONE RS pour vous offrir une qualit\u00e9 d'image in\u00e9gal\u00e9e. Mettez \u00e0 niveau votre ONE R Core actuel avec ce kit de mise \u00e0 niveau, qui comprend l'objectif 360 de 1 pouce, la base de batterie verticale et le joint de montage. Id\u00e9al pour mettre \u00e0 niveau votre ONE R Core afin d'utiliser le nouvel objectif Leica double de 1 pouce 260.<br \/>Objectif interchangeable :<br \/>Le One RS est con\u00e7u comme un syst\u00e8me d'objectifs interchangeables, ce qui vous donne la possibilit\u00e9 de mettre \u00e0 niveau ou d'\u00e9changer vos objectifs. Au fur et \u00e0 mesure que de nouveaux objectifs sont d\u00e9velopp\u00e9s et que de nouvelles fonctionnalit\u00e9s sont ajout\u00e9es, ne vous sentez pas d\u00e9laiss\u00e9, passez au nouvel objectif en utilisant votre noyau ultra-polyvalent existant. Les boucles \u00e0 double verrouillage du nouveau support de montage permettent de s\u00e9curiser votre appareil photo.<br \/>Tr\u00e8s portable :<br \/>L'Insta360 ONE RS vous offre des images et des vid\u00e9os de qualit\u00e9 professionnelle dans un appareil portable fantastique. La polyvalence de cette cam\u00e9ra d'action facilite les prises de vue cr\u00e9atives et impossibles. Il n'est pas n\u00e9cessaire de sacrifier la qualit\u00e9 de l'image pour obtenir la photo id\u00e9ale.<br \/>D\u00e9velopp\u00e9 en collaboration avec Leica :<br \/>D\u00e9velopp\u00e9 et con\u00e7u en collaboration avec Leica, le ONE RS b\u00e9n\u00e9ficie de l'expertise l\u00e9gendaire de Leica dans le monde de la conception optique et des syst\u00e8mes d'appareils photo. Il en r\u00e9sulte une qualit\u00e9 d'image de pointe imbattable dans un petit appareil portable.<br \/>Deux capteurs de 1 pouce :<br \/>La ONE RS 1-inch edition est la premi\u00e8re cam\u00e9ra 360 d'Insta360 avec deux capteurs CMOS de 1 pouce. Les deux capteurs de 1 pouce offrent une gamme dynamique plus large, vous permettant de capturer des images d'excellente qualit\u00e9 avec une gamme de couleurs incroyable, jamais vue auparavant dans une cam\u00e9ra d'action de cette taille.<br \/>Vid\u00e9o claire et nette \u00e0 6K30fps :<br \/>L'Insta 360 ONE RS peut passer de la vid\u00e9o 360 immersive \u00e0 la vid\u00e9o plate traditionnelle en 6K30fps d'une grande nettet\u00e9. Ne faites pas de compromis sur la qualit\u00e9 en passant d'un style de tournage \u00e0 l'autre, l'Insta 360 ONE RS surpasse \u00e0 chaque fois les autres cam\u00e9ras 360 compactes, tant en termes de qualit\u00e9 que de capacit\u00e9s cr\u00e9atives.<br \/>21 MP 360 photos :<br \/>L'expertise de Leica se traduit par la capacit\u00e9 du ONE RS \u00e0 prendre des photos \u00e0 360\u00b0 21MP assembl\u00e9es de mani\u00e8re transparente, transformant parfaitement le monde qui vous entoure en de superbes images \u00e0 360\u00b0 21MP.<br \/>Pr\u00eat pour une faible luminosit\u00e9 :<br \/>Profitez d'une qualit\u00e9 sans compromis, m\u00eame dans des situations de faible luminosit\u00e9, gr\u00e2ce \u00e0 deux capteurs de 1 pouce. La plage dynamique \u00e9largie r\u00e9v\u00e8le davantage de d\u00e9tails invisibles dans les ombres que les autres cam\u00e9ras 360.<br \/>Stabilisation de l'\u00e9tat actuel :<br \/>Cr\u00e9ez des vid\u00e9os incroyablement fluides avec la cam\u00e9ra Insta360 ONE RS 360. Combinant un syst\u00e8me de stabilisation \u00e0 6 axes et un algorithme propri\u00e9taire de stabilisation d'image, elle vous offre des s\u00e9quences parfaitement fluides. Penchez-vous en arri\u00e8re et capturez facilement le monde qui vous entoure, car l'ing\u00e9niosit\u00e9 de la ONE RS 360 vous permet de produire des images de qualit\u00e9 professionnelle en toute simplicit\u00e9.<br \/>Verrouillage 360 Horizon :<br \/>La ONE RS est con\u00e7ue avec la fonction de verrouillage de l'horizon \u00e0 360\u00b0, ce qui vous permet de prendre des photos parfaitement planes sans recadrage. Cette fonction peut \u00eatre incroyablement utile si vous vous trouvez dans une situation o\u00f9 vous n'avez pas de cardan ou s'il est plus pratique de tenir l'appareil photo ONE RS.<br \/>Photo HDR :<br \/>Gr\u00e2ce \u00e0 son double capteur de 1 pouce, le ONE RS peut traiter jusqu'\u00e0 9 photos PurShot ensemble, ce qui permet d'obtenir une gamme dynamique encore plus \u00e9tendue et de contr\u00f4ler les hautes lumi\u00e8res, g\u00e9n\u00e9rant ainsi plus de d\u00e9tails.<br \/>D\u00e9perlant :<br \/>L'\u00e9dition 1-Inch 360 a une classification IPX3, ce qui rend la ONE RS r\u00e9sistante \u00e0 la pluie l\u00e9g\u00e8re et \u00e0 la neige lorsqu'elle est enti\u00e8rement mont\u00e9e, verrouill\u00e9e et s\u00e9curis\u00e9e dans le support de montage. *La ONE RS 1-Inch 360 edition ne doit pas \u00eatre immerg\u00e9e dans l'eau.<br \/>Batterie longue dur\u00e9e :<br \/>D\u00e9velopp\u00e9 avec une nouvelle base de batterie verticale, avec une alimentation de 1350 mAh, vous avez toute la puissance dont vous avez besoin \u00e0 port\u00e9e de main pour cr\u00e9er des productions de haut niveau. Cette base est sp\u00e9cialement con\u00e7ue pour s'adapter au nouveau support de montage vertical. *La base verticale de la batterie ONE R d'origine n'est pas compatible.<br \/>Retransmission en direct :<br \/>Capturez des images 360 incroyablement immersives et diffusez-les en direct dans le monde entier. Id\u00e9al pour produire des vid\u00e9os de qualit\u00e9 professionnelle lors d'\u00e9v\u00e9nements en direct. Les options de recadrage de l'image vous permettent de d\u00e9terminer le point de vue de votre public.<br \/>webcam :<br \/>La ONE RS peut \u00eatre utilis\u00e9e comme webcam \u00e0 la maison ou au bureau. Gr\u00e2ce \u00e0 la cam\u00e9ra 360, vous pouvez obtenir des vid\u00e9os d'une qualit\u00e9 \u00e9poustouflante dans votre environnement de travail quotidien. La ONE RS peut tout capturer en \u00e9cran partag\u00e9 \u00e0 360\u00b0.<br \/>Contr\u00f4le d'acc\u00e8s simple :<br \/>L'\u00e9dition 1 pouce du ONE RS est con\u00e7ue avec un menu \u00e0 acc\u00e8s rapide, qui vous permet d'acc\u00e9der \u00e0 tous vos pr\u00e9r\u00e9glages de prise de vue, param\u00e8tres de pr\u00e9visualisation et modes de prise de vue pr\u00e9f\u00e9r\u00e9s. Tous ces param\u00e8tres sont accessibles et modifiables en quelques pressions.<br \/>Exemple de FOV :<br \/>Ouvrez et pr\u00e9visualisez rapidement votre photo directement \u00e0 partir du ONE RS 1 pouce, en basculant entre le champ de vision petit plan\u00e9taire, grand angle et fisheye.<br \/>Appareils compatibles :<br \/>L'\u00e9dition ONE RS 1 pouce est compatible avec les appareils mobiles IOS dot\u00e9s de puces A11 ou sup\u00e9rieures et IOS version 11.0 ou sup\u00e9rieure. Elle est compatible avec les appareils Android dot\u00e9s de puces Kirin 980 et sup\u00e9rieures, de puces Snapdragon 845 et sup\u00e9rieures, de puces Exynos 9810 et sup\u00e9rieures, ainsi qu'avec les appareils Android dot\u00e9s de puces Tensor, y compris le Google Pixel 6.<\/p>","protected":false},"excerpt":{"rendered":"<ul>\n<li>D\u00e9velopp\u00e9 en collaboration avec Leica<\/li>\n<li>Deux capteurs de 1 pouce<\/li>\n<li>Capture nette de 360\u00b0 \u00e0 6k30fps<\/li>\n<li>21 MP 360 photo<\/li>\n<li>Pr\u00eat pour une faible luminosit\u00e9<\/li>\n<li>Stabilisation de l'\u00e9tat actuel<\/li>\n<li>Verrouillage 360 Horizon<\/li>\n<\/ul>","protected":false},"featured_media":5427,"template":"","meta":{"_acf_changed":false},"product_brand":[],"product_cat":[97,343],"product_tag":[],"class_list":{"0":"post-5428","1":"product","2":"type-product","3":"status-publish","4":"has-post-thumbnail","6":"product_cat-alle-producten","7":"product_cat-insta360","8":"product_shipping_class-outofstock","9":"pa_brand-insta360","10":"pa_productfamily-action-cam-accessoires","11":"pa_producttype-action-cam-accessoires","12":"pa_series-insta360-go","14":"first","15":"outofstock","16":"taxable","17":"shipping-taxable","18":"product-type-simple"},"acf":[],"yoast_head":"<!-- This site is optimized with the Yoast SEO Premium plugin v27.2 (Yoast SEO v27.2) - https:\/\/yoast.com\/product\/yoast-seo-premium-wordpress\/ -->\n<title>INSTA360 One RS 1-inch 360 Lens Upgrade Bundle - koningdrone.be<\/title>\n<meta name=\"robots\" content=\"index, follow, max-snippet:-1, max-image-preview:large, max-video-preview:-1\" \/>\n<link rel=\"canonical\" href=\"https:\/\/koningdrone.be\/fr\/produit\/insta360-one-rs-1-inch-360-lens-upgrade-bundle\/\" \/>\n<meta property=\"og:locale\" content=\"fr_FR\" \/>\n<meta property=\"og:type\" content=\"article\" \/>\n<meta property=\"og:title\" content=\"INSTA360 One RS 1-inch 360 Lens Upgrade Bundle\" \/>\n<meta property=\"og:description\" content=\"Mede ontwikkeld met LeicaDubbele 1-inch sensorenScherpe 6k30fps 360 Capture21 MP 360 fotoGereed voor weinig lichtStabilisatie van de stroomtoestand360 Horizon-vergrendeling\" \/>\n<meta property=\"og:url\" content=\"https:\/\/koningdrone.be\/fr\/produit\/insta360-one-rs-1-inch-360-lens-upgrade-bundle\/\" \/>\n<meta property=\"og:site_name\" content=\"koningdrone.be\" \/>\n<meta property=\"article:modified_time\" content=\"2026-05-16T08:40:44+00:00\" \/>\n<meta property=\"og:image\" content=\"https:\/\/koningdrone.be\/wp-content\/uploads\/sites\/13\/2025\/04\/6970357854134-1.jpg\" \/>\n\t<meta property=\"og:image:width\" content=\"500\" \/>\n\t<meta property=\"og:image:height\" content=\"500\" \/>\n\t<meta property=\"og:image:type\" content=\"image\/jpeg\" \/>\n<meta name=\"twitter:card\" content=\"summary_large_image\" \/>\n<meta name=\"twitter:label1\" content=\"Dur\u00e9e de lecture est.\" \/>\n\t<meta name=\"twitter:data1\" content=\"4 minutes\" \/>\n<script type=\"application\/ld+json\" class=\"yoast-schema-graph\">{\"@context\":\"https:\/\/schema.org\",\"@graph\":[{\"@type\":\"WebPage\",\"@id\":\"https:\/\/koningdrone.be\/product\/insta360-one-rs-1-inch-360-lens-upgrade-bundle\/\",\"url\":\"https:\/\/koningdrone.be\/product\/insta360-one-rs-1-inch-360-lens-upgrade-bundle\/\",\"name\":\"INSTA360 One RS 1-inch 360 Lens Upgrade Bundle - koningdrone.be\",\"isPartOf\":{\"@id\":\"https:\/\/koningdrone.be\/#website\"},\"primaryImageOfPage\":{\"@id\":\"https:\/\/koningdrone.be\/product\/insta360-one-rs-1-inch-360-lens-upgrade-bundle\/#primaryimage\"},\"image\":{\"@id\":\"https:\/\/koningdrone.be\/product\/insta360-one-rs-1-inch-360-lens-upgrade-bundle\/#primaryimage\"},\"thumbnailUrl\":\"https:\/\/koningdrone.be\/wp-content\/uploads\/sites\/13\/2025\/04\/6970357854134-1.jpg\",\"datePublished\":\"2022-11-02T08:13:58+00:00\",\"dateModified\":\"2026-05-16T08:40:44+00:00\",\"breadcrumb\":{\"@id\":\"https:\/\/koningdrone.be\/product\/insta360-one-rs-1-inch-360-lens-upgrade-bundle\/#breadcrumb\"},\"inLanguage\":\"fr-BE\",\"potentialAction\":[{\"@type\":\"ReadAction\",\"target\":[\"https:\/\/koningdrone.be\/product\/insta360-one-rs-1-inch-360-lens-upgrade-bundle\/\"]}]},{\"@type\":\"ImageObject\",\"inLanguage\":\"fr-BE\",\"@id\":\"https:\/\/koningdrone.be\/product\/insta360-one-rs-1-inch-360-lens-upgrade-bundle\/#primaryimage\",\"url\":\"https:\/\/koningdrone.be\/wp-content\/uploads\/sites\/13\/2025\/04\/6970357854134-1.jpg\",\"contentUrl\":\"https:\/\/koningdrone.be\/wp-content\/uploads\/sites\/13\/2025\/04\/6970357854134-1.jpg\",\"width\":500,\"height\":500},{\"@type\":\"BreadcrumbList\",\"@id\":\"https:\/\/koningdrone.be\/product\/insta360-one-rs-1-inch-360-lens-upgrade-bundle\/#breadcrumb\",\"itemListElement\":[{\"@type\":\"ListItem\",\"position\":1,\"name\":\"Home\",\"item\":\"https:\/\/koningdrone.be\/\"},{\"@type\":\"ListItem\",\"position\":2,\"name\":\"AVSS Parachute Recovery System for DJI Matrice 300\/350\",\"item\":\"https:\/\/koningdrone.be\/product\/avss-parachute-recovery-system-for-dji-matrice-300-350\/\"},{\"@type\":\"ListItem\",\"position\":3,\"name\":\"Alle producten\",\"item\":\"https:\/\/koningdrone.be\/categorie\/alle-producten\/\"},{\"@type\":\"ListItem\",\"position\":4,\"name\":\"INSTA360 One RS 1-inch 360 Lens Upgrade Bundle\"}]},{\"@type\":\"WebSite\",\"@id\":\"https:\/\/koningdrone.be\/#website\",\"url\":\"https:\/\/koningdrone.be\/\",\"name\":\"Koningdrone.be - Uw online specialist in drones, gimbals, camera's en power stations.\",\"description\":\"De webshop in drones en gimbals\",\"publisher\":{\"@id\":\"https:\/\/koningdrone.be\/#organization\"},\"potentialAction\":[{\"@type\":\"SearchAction\",\"target\":{\"@type\":\"EntryPoint\",\"urlTemplate\":\"https:\/\/koningdrone.be\/?s={search_term_string}\"},\"query-input\":{\"@type\":\"PropertyValueSpecification\",\"valueRequired\":true,\"valueName\":\"search_term_string\"}}],\"inLanguage\":\"fr-BE\"},{\"@type\":\"Organization\",\"@id\":\"https:\/\/koningdrone.be\/#organization\",\"name\":\"Koningdrone.be\",\"url\":\"https:\/\/koningdrone.be\/\",\"logo\":{\"@type\":\"ImageObject\",\"inLanguage\":\"fr-BE\",\"@id\":\"https:\/\/koningdrone.be\/#\/schema\/logo\/image\/\",\"url\":\"https:\/\/koningdrone.be\/wp-content\/uploads\/sites\/13\/2025\/04\/koningdrone-copyright-logo.svg\",\"contentUrl\":\"https:\/\/koningdrone.be\/wp-content\/uploads\/sites\/13\/2025\/04\/koningdrone-copyright-logo.svg\",\"width\":227,\"height\":38,\"caption\":\"Koningdrone.be\"},\"image\":{\"@id\":\"https:\/\/koningdrone.be\/#\/schema\/logo\/image\/\"}}]}<\/script>\n<!-- \/ Yoast SEO Premium plugin. -->","yoast_head_json":{"title":"INSTA360 One RS 1-inch 360 Lens Upgrade Bundle - koningdrone.be","robots":{"index":"index","follow":"follow","max-snippet":"max-snippet:-1","max-image-preview":"max-image-preview:large","max-video-preview":"max-video-preview:-1"},"canonical":"https:\/\/koningdrone.be\/fr\/produit\/insta360-one-rs-1-inch-360-lens-upgrade-bundle\/","og_locale":"fr_FR","og_type":"article","og_title":"INSTA360 One RS 1-inch 360 Lens Upgrade Bundle","og_description":"Mede ontwikkeld met LeicaDubbele 1-inch sensorenScherpe 6k30fps 360 Capture21 MP 360 fotoGereed voor weinig lichtStabilisatie van de stroomtoestand360 Horizon-vergrendeling","og_url":"https:\/\/koningdrone.be\/fr\/produit\/insta360-one-rs-1-inch-360-lens-upgrade-bundle\/","og_site_name":"koningdrone.be","article_modified_time":"2026-05-16T08:40:44+00:00","og_image":[{"width":500,"height":500,"url":"https:\/\/koningdrone.be\/wp-content\/uploads\/sites\/13\/2025\/04\/6970357854134-1.jpg","type":"image\/jpeg"}],"twitter_card":"summary_large_image","twitter_misc":{"Dur\u00e9e de lecture est.":"4 minutes"},"schema":{"@context":"https:\/\/schema.org","@graph":[{"@type":"WebPage","@id":"https:\/\/koningdrone.be\/product\/insta360-one-rs-1-inch-360-lens-upgrade-bundle\/","url":"https:\/\/koningdrone.be\/product\/insta360-one-rs-1-inch-360-lens-upgrade-bundle\/","name":"INSTA360 One RS 1-inch 360 Lens Upgrade Bundle - koningdrone.be","isPartOf":{"@id":"https:\/\/koningdrone.be\/#website"},"primaryImageOfPage":{"@id":"https:\/\/koningdrone.be\/product\/insta360-one-rs-1-inch-360-lens-upgrade-bundle\/#primaryimage"},"image":{"@id":"https:\/\/koningdrone.be\/product\/insta360-one-rs-1-inch-360-lens-upgrade-bundle\/#primaryimage"},"thumbnailUrl":"https:\/\/koningdrone.be\/wp-content\/uploads\/sites\/13\/2025\/04\/6970357854134-1.jpg","datePublished":"2022-11-02T08:13:58+00:00","dateModified":"2026-05-16T08:40:44+00:00","breadcrumb":{"@id":"https:\/\/koningdrone.be\/product\/insta360-one-rs-1-inch-360-lens-upgrade-bundle\/#breadcrumb"},"inLanguage":"fr-BE","potentialAction":[{"@type":"ReadAction","target":["https:\/\/koningdrone.be\/product\/insta360-one-rs-1-inch-360-lens-upgrade-bundle\/"]}]},{"@type":"ImageObject","inLanguage":"fr-BE","@id":"https:\/\/koningdrone.be\/product\/insta360-one-rs-1-inch-360-lens-upgrade-bundle\/#primaryimage","url":"https:\/\/koningdrone.be\/wp-content\/uploads\/sites\/13\/2025\/04\/6970357854134-1.jpg","contentUrl":"https:\/\/koningdrone.be\/wp-content\/uploads\/sites\/13\/2025\/04\/6970357854134-1.jpg","width":500,"height":500},{"@type":"BreadcrumbList","@id":"https:\/\/koningdrone.be\/product\/insta360-one-rs-1-inch-360-lens-upgrade-bundle\/#breadcrumb","itemListElement":[{"@type":"ListItem","position":1,"name":"Home","item":"https:\/\/koningdrone.be\/"},{"@type":"ListItem","position":2,"name":"AVSS Parachute Recovery System for DJI Matrice 300\/350","item":"https:\/\/koningdrone.be\/product\/avss-parachute-recovery-system-for-dji-matrice-300-350\/"},{"@type":"ListItem","position":3,"name":"Alle producten","item":"https:\/\/koningdrone.be\/categorie\/alle-producten\/"},{"@type":"ListItem","position":4,"name":"INSTA360 One RS 1-inch 360 Lens Upgrade Bundle"}]},{"@type":"WebSite","@id":"https:\/\/koningdrone.be\/#website","url":"https:\/\/koningdrone.be\/","name":"Koningdrone.be - Votre sp\u00e9cialiste en ligne en mati\u00e8re de drones, de cardans, de cam\u00e9ras et de centrales \u00e9lectriques.","description":"La boutique en ligne de drones et de cardans","publisher":{"@id":"https:\/\/koningdrone.be\/#organization"},"potentialAction":[{"@type":"SearchAction","target":{"@type":"EntryPoint","urlTemplate":"https:\/\/koningdrone.be\/?s={search_term_string}"},"query-input":{"@type":"PropertyValueSpecification","valueRequired":true,"valueName":"search_term_string"}}],"inLanguage":"fr-BE"},{"@type":"Organization","@id":"https:\/\/koningdrone.be\/#organization","name":"Kingdrone.co.uk","url":"https:\/\/koningdrone.be\/","logo":{"@type":"ImageObject","inLanguage":"fr-BE","@id":"https:\/\/koningdrone.be\/#\/schema\/logo\/image\/","url":"https:\/\/koningdrone.be\/wp-content\/uploads\/sites\/13\/2025\/04\/koningdrone-copyright-logo.svg","contentUrl":"https:\/\/koningdrone.be\/wp-content\/uploads\/sites\/13\/2025\/04\/koningdrone-copyright-logo.svg","width":227,"height":38,"caption":"Koningdrone.be"},"image":{"@id":"https:\/\/koningdrone.be\/#\/schema\/logo\/image\/"}}]}},"df_price":"","df_sale_price":"","df_regular_price":"","df_image_link":"https:\/\/koningdrone.be\/wp-content\/uploads\/sites\/13\/2025\/04\/6970357854134-1-300x300.jpg","_links":{"self":[{"href":"https:\/\/koningdrone.be\/fr\/wp-json\/wp\/v2\/product\/5428","targetHints":{"allow":["GET"]}}],"collection":[{"href":"https:\/\/koningdrone.be\/fr\/wp-json\/wp\/v2\/product"}],"about":[{"href":"https:\/\/koningdrone.be\/fr\/wp-json\/wp\/v2\/types\/product"}],"wp:featuredmedia":[{"embeddable":true,"href":"https:\/\/koningdrone.be\/fr\/wp-json\/wp\/v2\/media\/5427"}],"wp:attachment":[{"href":"https:\/\/koningdrone.be\/fr\/wp-json\/wp\/v2\/media?parent=5428"}],"wp:term":[{"taxonomy":"product_brand","embeddable":true,"href":"https:\/\/koningdrone.be\/fr\/wp-json\/wp\/v2\/product_brand?post=5428"},{"taxonomy":"product_cat","embeddable":true,"href":"https:\/\/koningdrone.be\/fr\/wp-json\/wp\/v2\/product_cat?post=5428"},{"taxonomy":"product_tag","embeddable":true,"href":"https:\/\/koningdrone.be\/fr\/wp-json\/wp\/v2\/product_tag?post=5428"}],"curies":[{"name":"wp","href":"https:\/\/api.w.org\/{rel}","templated":true}]}}