{"id":5386,"date":"2022-11-02T09:13:58","date_gmt":"2022-11-02T08:13:58","guid":{"rendered":"https:\/\/koningdrone.nl\/kon\/product\/flir-vue-tz20-r-uas-payload-with-20x-zoom\/"},"modified":"2026-04-29T09:30:23","modified_gmt":"2026-04-29T07:30:23","slug":"flir-vue-tz20-r-uas-payload-with-20x-zoom","status":"publish","type":"product","link":"https:\/\/koningdrone.be\/fr\/produit\/flir-vue-tz20-r-uas-payload-with-20x-zoom\/","title":{"rendered":"Charge utile FLIR VUE TZ20-R UAS avec zoom 20X"},"content":{"rendered":"<h1> Charge utile FLIR VUE TZ20-R UAS avec zoom 20X<\/h1>\n<p>Charge utile d'un drone \u00e0 zoom thermique, radiom\u00e9trique et \u00e0 haute d\u00e9finition<br \/>La charge utile du drone radiom\u00e9trique \u00e0 zoom thermique VUE TZ20-R, fabriqu\u00e9e aux \u00c9tats-Unis, permet aux pilotes de DJI V2 Matrice des s\u00e9ries 200 et 300 de voir et de mesurer des d\u00e9tails thermiques impossibles \u00e0 obtenir avec d'autres a\u00e9ronefs et charges utiles sUAS de premier plan. Le TZ20-R est \u00e9quip\u00e9 de deux cam\u00e9ras thermiques FLIR Boson\u00ae qui affichent quatre fois plus de pixels sur la cible que la concurrence \u00e0 chaque niveau de zoom et offrent une capacit\u00e9 de zoom 20x in\u00e9gal\u00e9e. Les inspecteurs des services publics, des entreprises de couverture, des fermes solaires et d'autres entreprises industrielles peuvent zoomer sur les objets, les identifier avec une clart\u00e9 in\u00e9gal\u00e9e et prendre et enregistrer des relev\u00e9s de temp\u00e9rature radiom\u00e9triques, le tout \u00e0 une distance s\u00fbre. Les pilotes d'urgence dans les domaines de la recherche et du sauvetage, de l'application de la loi, de la lutte contre les incendies et de la s\u00e9curit\u00e9 publique peuvent utiliser le zoom thermique pour d\u00e9tecter les fausses alarmes et prendre des d\u00e9cisions critiques plus rapidement. La combinaison d'un zoom thermique puissant et de la radiom\u00e9trie permet des op\u00e9rations plus efficaces avec des recherches plus rapides, une surveillance silencieuse et des inspections \u00e0 distance plus s\u00fbres.<br \/>Rechercher et inspecter une plus grande zone en moins de temps.<br \/>Performances et clart\u00e9 in\u00e9gal\u00e9es du zoom thermique \u00e0 5x, 10x et 20x.<br \/>Balayez et surveillez de vastes zones gr\u00e2ce \u00e0 un large champ de vision (FOV) de 95 degr\u00e9s<br \/>Zoom rapide avec un champ de vision plus \u00e9troit de 18 degr\u00e9s et des niveaux de zoom num\u00e9rique suppl\u00e9mentaires<br \/>Utilisation plus efficace de la batterie<br \/>Mesure s\u00fbre et pr\u00e9cise de la temp\u00e9rature \u00e0 de plus grandes distances.<br \/>Les deux capteurs boson offrent 4 fois plus de pixels radiom\u00e9triques sur la cible \u00e0 n'importe quel niveau de zoom par rapport \u00e0 n'importe quel concurrent.<br \/>Mesurez des d\u00e9tails thermiques pr\u00e9cis gr\u00e2ce \u00e0 la r\u00e9solution 640 x 512 des capteurs d'imagerie thermique Boson.<br \/>D\u00e9finir des isothermes pour d\u00e9tecter automatiquement les objets.<br \/>Utilisez le zoom pour accomplir la mission \u00e0 distance de s\u00e9curit\u00e9.<br \/>Pr\u00eat \u00e0 voler et \u00e0 mesurer.<br \/>Plug-and-play avec DJI Matrice 300, DJI V2 Matrice 200 series et les logiciels de reporting de post-traitement.<br \/>Connexion au Skyport V2.0 gimbal<br \/>Utilisation des fonctions thermiques de l'application et enregistrement sur deux cartes microSD<br \/>Analyser les donn\u00e9es thermiques dans FLIR Thermal Studio et dans des applications tierces<\/p>","protected":false},"excerpt":{"rendered":"<p>FLIR VUE TZ20-R UAS Payload with 20X Zoom High definition, radiometrische, thermische zoom drone payloadMet de in de VS gemaakte VUE TZ20-R radiometrische thermische zoom-drone-payload kunnen DJI V2 Matrice 200- en 300-serie piloten thermische details zien en meten die niet mogelijk zijn met andere toonaangevende sUAS-vliegtuigen en payloads. De TZ20-R is uitgerust met twee FLIR [&hellip;]<\/p>\n","protected":false},"featured_media":5385,"template":"","meta":{"_acf_changed":false},"product_brand":[],"product_cat":[126,97],"product_tag":[],"class_list":{"0":"post-5386","1":"product","2":"type-product","3":"status-publish","4":"has-post-thumbnail","6":"product_cat-alle-payloads","7":"product_cat-alle-producten","8":"product_shipping_class-outofstock","9":"pa_brand-flir","10":"pa_series-flir","12":"first","13":"outofstock","14":"taxable","15":"shipping-taxable","16":"product-type-simple"},"acf":[],"yoast_head":"<!-- This site is optimized with the Yoast SEO Premium plugin v27.2 (Yoast SEO v27.2) - https:\/\/yoast.com\/product\/yoast-seo-premium-wordpress\/ -->\n<title>FLIR VUE TZ20-R UAS Payload with 20X Zoom - koningdrone.be<\/title>\n<meta name=\"robots\" content=\"index, follow, max-snippet:-1, max-image-preview:large, max-video-preview:-1\" \/>\n<link rel=\"canonical\" href=\"https:\/\/koningdrone.be\/fr\/produit\/flir-vue-tz20-r-uas-payload-with-20x-zoom\/\" \/>\n<meta property=\"og:locale\" content=\"fr_FR\" \/>\n<meta property=\"og:type\" content=\"article\" \/>\n<meta property=\"og:title\" content=\"FLIR VUE TZ20-R UAS Payload with 20X Zoom\" \/>\n<meta property=\"og:description\" content=\"FLIR VUE TZ20-R UAS Payload with 20X Zoom High definition, radiometrische, thermische zoom drone payloadMet de in de VS gemaakte VUE TZ20-R radiometrische thermische zoom-drone-payload kunnen DJI V2 Matrice 200- en 300-serie piloten thermische details zien en meten die niet mogelijk zijn met andere toonaangevende sUAS-vliegtuigen en payloads. De TZ20-R is uitgerust met twee FLIR [&hellip;]\" \/>\n<meta property=\"og:url\" content=\"https:\/\/koningdrone.be\/fr\/produit\/flir-vue-tz20-r-uas-payload-with-20x-zoom\/\" \/>\n<meta property=\"og:site_name\" content=\"koningdrone.be\" \/>\n<meta property=\"article:modified_time\" content=\"2026-04-29T07:30:23+00:00\" \/>\n<meta property=\"og:image\" content=\"https:\/\/koningdrone.be\/wp-content\/uploads\/sites\/13\/2025\/04\/4251088413336-1.jpg\" \/>\n\t<meta property=\"og:image:width\" content=\"1280\" \/>\n\t<meta property=\"og:image:height\" content=\"800\" \/>\n\t<meta property=\"og:image:type\" content=\"image\/jpeg\" \/>\n<meta name=\"twitter:card\" content=\"summary_large_image\" \/>\n<meta name=\"twitter:label1\" content=\"Dur\u00e9e de lecture est.\" \/>\n\t<meta name=\"twitter:data1\" content=\"2 minutes\" \/>\n<script type=\"application\/ld+json\" class=\"yoast-schema-graph\">{\"@context\":\"https:\/\/schema.org\",\"@graph\":[{\"@type\":\"WebPage\",\"@id\":\"https:\/\/koningdrone.be\/product\/flir-vue-tz20-r-uas-payload-with-20x-zoom\/\",\"url\":\"https:\/\/koningdrone.be\/product\/flir-vue-tz20-r-uas-payload-with-20x-zoom\/\",\"name\":\"FLIR VUE TZ20-R UAS Payload with 20X Zoom - koningdrone.be\",\"isPartOf\":{\"@id\":\"https:\/\/koningdrone.be\/#website\"},\"primaryImageOfPage\":{\"@id\":\"https:\/\/koningdrone.be\/product\/flir-vue-tz20-r-uas-payload-with-20x-zoom\/#primaryimage\"},\"image\":{\"@id\":\"https:\/\/koningdrone.be\/product\/flir-vue-tz20-r-uas-payload-with-20x-zoom\/#primaryimage\"},\"thumbnailUrl\":\"https:\/\/koningdrone.be\/wp-content\/uploads\/sites\/13\/2025\/04\/4251088413336-1.jpg\",\"datePublished\":\"2022-11-02T08:13:58+00:00\",\"dateModified\":\"2026-04-29T07:30:23+00:00\",\"breadcrumb\":{\"@id\":\"https:\/\/koningdrone.be\/product\/flir-vue-tz20-r-uas-payload-with-20x-zoom\/#breadcrumb\"},\"inLanguage\":\"fr-BE\",\"potentialAction\":[{\"@type\":\"ReadAction\",\"target\":[\"https:\/\/koningdrone.be\/product\/flir-vue-tz20-r-uas-payload-with-20x-zoom\/\"]}]},{\"@type\":\"ImageObject\",\"inLanguage\":\"fr-BE\",\"@id\":\"https:\/\/koningdrone.be\/product\/flir-vue-tz20-r-uas-payload-with-20x-zoom\/#primaryimage\",\"url\":\"https:\/\/koningdrone.be\/wp-content\/uploads\/sites\/13\/2025\/04\/4251088413336-1.jpg\",\"contentUrl\":\"https:\/\/koningdrone.be\/wp-content\/uploads\/sites\/13\/2025\/04\/4251088413336-1.jpg\",\"width\":1280,\"height\":800},{\"@type\":\"BreadcrumbList\",\"@id\":\"https:\/\/koningdrone.be\/product\/flir-vue-tz20-r-uas-payload-with-20x-zoom\/#breadcrumb\",\"itemListElement\":[{\"@type\":\"ListItem\",\"position\":1,\"name\":\"Home\",\"item\":\"https:\/\/koningdrone.be\/\"},{\"@type\":\"ListItem\",\"position\":2,\"name\":\"AVSS Parachute Recovery System for DJI Matrice 300\/350\",\"item\":\"https:\/\/koningdrone.be\/product\/avss-parachute-recovery-system-for-dji-matrice-300-350\/\"},{\"@type\":\"ListItem\",\"position\":3,\"name\":\"Alle payloads\",\"item\":\"https:\/\/koningdrone.be\/categorie\/alle-payloads\/\"},{\"@type\":\"ListItem\",\"position\":4,\"name\":\"FLIR VUE TZ20-R UAS Payload with 20X Zoom\"}]},{\"@type\":\"WebSite\",\"@id\":\"https:\/\/koningdrone.be\/#website\",\"url\":\"https:\/\/koningdrone.be\/\",\"name\":\"Koningdrone.be - Uw online specialist in drones, gimbals, camera's en power stations.\",\"description\":\"De webshop in drones en gimbals\",\"publisher\":{\"@id\":\"https:\/\/koningdrone.be\/#organization\"},\"potentialAction\":[{\"@type\":\"SearchAction\",\"target\":{\"@type\":\"EntryPoint\",\"urlTemplate\":\"https:\/\/koningdrone.be\/?s={search_term_string}\"},\"query-input\":{\"@type\":\"PropertyValueSpecification\",\"valueRequired\":true,\"valueName\":\"search_term_string\"}}],\"inLanguage\":\"fr-BE\"},{\"@type\":\"Organization\",\"@id\":\"https:\/\/koningdrone.be\/#organization\",\"name\":\"Koningdrone.be\",\"url\":\"https:\/\/koningdrone.be\/\",\"logo\":{\"@type\":\"ImageObject\",\"inLanguage\":\"fr-BE\",\"@id\":\"https:\/\/koningdrone.be\/#\/schema\/logo\/image\/\",\"url\":\"https:\/\/koningdrone.be\/wp-content\/uploads\/sites\/13\/2025\/04\/koningdrone-copyright-logo.svg\",\"contentUrl\":\"https:\/\/koningdrone.be\/wp-content\/uploads\/sites\/13\/2025\/04\/koningdrone-copyright-logo.svg\",\"width\":227,\"height\":38,\"caption\":\"Koningdrone.be\"},\"image\":{\"@id\":\"https:\/\/koningdrone.be\/#\/schema\/logo\/image\/\"}}]}<\/script>\n<!-- \/ Yoast SEO Premium plugin. -->","yoast_head_json":{"title":"FLIR VUE TZ20-R UAS Payload with 20X Zoom - koningdrone.be","robots":{"index":"index","follow":"follow","max-snippet":"max-snippet:-1","max-image-preview":"max-image-preview:large","max-video-preview":"max-video-preview:-1"},"canonical":"https:\/\/koningdrone.be\/fr\/produit\/flir-vue-tz20-r-uas-payload-with-20x-zoom\/","og_locale":"fr_FR","og_type":"article","og_title":"FLIR VUE TZ20-R UAS Payload with 20X Zoom","og_description":"FLIR VUE TZ20-R UAS Payload with 20X Zoom High definition, radiometrische, thermische zoom drone payloadMet de in de VS gemaakte VUE TZ20-R radiometrische thermische zoom-drone-payload kunnen DJI V2 Matrice 200- en 300-serie piloten thermische details zien en meten die niet mogelijk zijn met andere toonaangevende sUAS-vliegtuigen en payloads. De TZ20-R is uitgerust met twee FLIR [&hellip;]","og_url":"https:\/\/koningdrone.be\/fr\/produit\/flir-vue-tz20-r-uas-payload-with-20x-zoom\/","og_site_name":"koningdrone.be","article_modified_time":"2026-04-29T07:30:23+00:00","og_image":[{"width":1280,"height":800,"url":"https:\/\/koningdrone.be\/wp-content\/uploads\/sites\/13\/2025\/04\/4251088413336-1.jpg","type":"image\/jpeg"}],"twitter_card":"summary_large_image","twitter_misc":{"Dur\u00e9e de lecture est.":"2 minutes"},"schema":{"@context":"https:\/\/schema.org","@graph":[{"@type":"WebPage","@id":"https:\/\/koningdrone.be\/product\/flir-vue-tz20-r-uas-payload-with-20x-zoom\/","url":"https:\/\/koningdrone.be\/product\/flir-vue-tz20-r-uas-payload-with-20x-zoom\/","name":"FLIR VUE TZ20-R UAS Payload with 20X Zoom - koningdrone.be","isPartOf":{"@id":"https:\/\/koningdrone.be\/#website"},"primaryImageOfPage":{"@id":"https:\/\/koningdrone.be\/product\/flir-vue-tz20-r-uas-payload-with-20x-zoom\/#primaryimage"},"image":{"@id":"https:\/\/koningdrone.be\/product\/flir-vue-tz20-r-uas-payload-with-20x-zoom\/#primaryimage"},"thumbnailUrl":"https:\/\/koningdrone.be\/wp-content\/uploads\/sites\/13\/2025\/04\/4251088413336-1.jpg","datePublished":"2022-11-02T08:13:58+00:00","dateModified":"2026-04-29T07:30:23+00:00","breadcrumb":{"@id":"https:\/\/koningdrone.be\/product\/flir-vue-tz20-r-uas-payload-with-20x-zoom\/#breadcrumb"},"inLanguage":"fr-BE","potentialAction":[{"@type":"ReadAction","target":["https:\/\/koningdrone.be\/product\/flir-vue-tz20-r-uas-payload-with-20x-zoom\/"]}]},{"@type":"ImageObject","inLanguage":"fr-BE","@id":"https:\/\/koningdrone.be\/product\/flir-vue-tz20-r-uas-payload-with-20x-zoom\/#primaryimage","url":"https:\/\/koningdrone.be\/wp-content\/uploads\/sites\/13\/2025\/04\/4251088413336-1.jpg","contentUrl":"https:\/\/koningdrone.be\/wp-content\/uploads\/sites\/13\/2025\/04\/4251088413336-1.jpg","width":1280,"height":800},{"@type":"BreadcrumbList","@id":"https:\/\/koningdrone.be\/product\/flir-vue-tz20-r-uas-payload-with-20x-zoom\/#breadcrumb","itemListElement":[{"@type":"ListItem","position":1,"name":"Home","item":"https:\/\/koningdrone.be\/"},{"@type":"ListItem","position":2,"name":"AVSS Parachute Recovery System for DJI Matrice 300\/350","item":"https:\/\/koningdrone.be\/product\/avss-parachute-recovery-system-for-dji-matrice-300-350\/"},{"@type":"ListItem","position":3,"name":"Alle payloads","item":"https:\/\/koningdrone.be\/categorie\/alle-payloads\/"},{"@type":"ListItem","position":4,"name":"FLIR VUE TZ20-R UAS Payload with 20X Zoom"}]},{"@type":"WebSite","@id":"https:\/\/koningdrone.be\/#website","url":"https:\/\/koningdrone.be\/","name":"Koningdrone.be - Votre sp\u00e9cialiste en ligne en mati\u00e8re de drones, de cardans, de cam\u00e9ras et de centrales \u00e9lectriques.","description":"La boutique en ligne de drones et de cardans","publisher":{"@id":"https:\/\/koningdrone.be\/#organization"},"potentialAction":[{"@type":"SearchAction","target":{"@type":"EntryPoint","urlTemplate":"https:\/\/koningdrone.be\/?s={search_term_string}"},"query-input":{"@type":"PropertyValueSpecification","valueRequired":true,"valueName":"search_term_string"}}],"inLanguage":"fr-BE"},{"@type":"Organization","@id":"https:\/\/koningdrone.be\/#organization","name":"Kingdrone.co.uk","url":"https:\/\/koningdrone.be\/","logo":{"@type":"ImageObject","inLanguage":"fr-BE","@id":"https:\/\/koningdrone.be\/#\/schema\/logo\/image\/","url":"https:\/\/koningdrone.be\/wp-content\/uploads\/sites\/13\/2025\/04\/koningdrone-copyright-logo.svg","contentUrl":"https:\/\/koningdrone.be\/wp-content\/uploads\/sites\/13\/2025\/04\/koningdrone-copyright-logo.svg","width":227,"height":38,"caption":"Koningdrone.be"},"image":{"@id":"https:\/\/koningdrone.be\/#\/schema\/logo\/image\/"}}]}},"df_price":"","df_sale_price":"","df_regular_price":"","df_image_link":"https:\/\/koningdrone.be\/wp-content\/uploads\/sites\/13\/2025\/04\/4251088413336-1-300x188.jpg","_links":{"self":[{"href":"https:\/\/koningdrone.be\/fr\/wp-json\/wp\/v2\/product\/5386","targetHints":{"allow":["GET"]}}],"collection":[{"href":"https:\/\/koningdrone.be\/fr\/wp-json\/wp\/v2\/product"}],"about":[{"href":"https:\/\/koningdrone.be\/fr\/wp-json\/wp\/v2\/types\/product"}],"wp:featuredmedia":[{"embeddable":true,"href":"https:\/\/koningdrone.be\/fr\/wp-json\/wp\/v2\/media\/5385"}],"wp:attachment":[{"href":"https:\/\/koningdrone.be\/fr\/wp-json\/wp\/v2\/media?parent=5386"}],"wp:term":[{"taxonomy":"product_brand","embeddable":true,"href":"https:\/\/koningdrone.be\/fr\/wp-json\/wp\/v2\/product_brand?post=5386"},{"taxonomy":"product_cat","embeddable":true,"href":"https:\/\/koningdrone.be\/fr\/wp-json\/wp\/v2\/product_cat?post=5386"},{"taxonomy":"product_tag","embeddable":true,"href":"https:\/\/koningdrone.be\/fr\/wp-json\/wp\/v2\/product_tag?post=5386"}],"curies":[{"name":"wp","href":"https:\/\/api.w.org\/{rel}","templated":true}]}}