{"id":5346,"date":"2022-11-02T09:14:06","date_gmt":"2022-11-02T08:14:06","guid":{"rendered":"https:\/\/koningdrone.nl\/kon\/product\/insta360-sphere\/"},"modified":"2026-05-17T10:50:04","modified_gmt":"2026-05-17T08:50:04","slug":"insta360-sphere","status":"publish","type":"product","link":"https:\/\/koningdrone.be\/fr\/produit\/insta360-sphere\/","title":{"rendered":"INSTA360 Sph\u00e8re"},"content":{"rendered":"<h1>Sph\u00e8re Insta360<\/h1>\n<p>Insta360 Sphere, la cam\u00e9ra 360 invisible pour drone, est la solution ultime pour transformer un drone DJI Mavic Air 2\/2S en un outil de production de contenu tout-puissant.<br \/>Lorsque la cam\u00e9ra est fix\u00e9e, le drone devient compl\u00e8tement invisible sur les images \u00e0 360 degr\u00e9s, tandis que sa structure l\u00e9g\u00e8re et ses commandes intuitives rendent les prises de vue a\u00e9riennes \u00e0 360 degr\u00e9s plus faciles que jamais.<br \/>Insta360 Sphere offre des s\u00e9quences immersives sans qu'il soit n\u00e9cessaire d'acheter un nouveau drone ou d'avoir des comp\u00e9tences professionnelles en mati\u00e8re de pilotage ou de montage.<br \/>Aliment\u00e9 par le logiciel de pointe Insta360, Sphere offre une infinit\u00e9 de possibilit\u00e9s pour cr\u00e9er des contenus \u00e9tonnants \u00e0 partir de prises de vue de drones.<br \/>Des visuels convaincants sans courbe d'apprentissage :<br \/>Qu'il s'agisse de paysages grandioses ou de vues urbaines, les pilotes de drones r\u00e9alisent depuis des ann\u00e9es des prises de vue a\u00e9riennes \u00e9poustouflantes.<br \/>Mais la principale limite des cam\u00e9ras grand angle est qu'elles ne peuvent filmer que dans une seule direction.<br \/>La capacit\u00e9 d'un utilisateur \u00e0 obtenir les meilleures images d\u00e9pend de ses comp\u00e9tences en mati\u00e8re de pilotage et des man\u0153uvres qu'il peut effectuer en temps r\u00e9el.<br \/>Ce n'est plus le cas avec Insta360 Sphere. En filmant en 5,7K 360, les utilisateurs peuvent ajuster l'angle et la direction de la cam\u00e9ra dans leur vid\u00e9o par la suite.<br \/>Gr\u00e2ce aux outils de recadrage simples de l'application Insta360 et de Studio desktop, tout le monde peut ajouter des roulis et des virages passionnants \u00e0 ses prises de vue a\u00e9riennes en post-production, offrant ainsi des s\u00e9quences de type FPV sur un drone facile \u00e0 manipuler.<br \/>La prise de vue avec une cam\u00e9ra 360 offre \u00e9galement la possibilit\u00e9 d'obtenir plusieurs montages du m\u00eame vol, en plus des prises de vue grand angle du drone lui-m\u00eame.<br \/>Un drone vraiment invisible :<br \/>De nombreux utilisateurs de drones ont l'habitude de monter une cam\u00e9ra \u00e0 360 degr\u00e9s au-dessus ou au-dessous de leur drone pour obtenir des images \u00e0 360 degr\u00e9s.<br \/>Mais comme les cam\u00e9ras 360 filment dans toutes les directions, la moiti\u00e9 de la vid\u00e9o est souvent obstru\u00e9e par le drone lui-m\u00eame, ce qui n\u00e9cessite un post-traitement fastidieux ou l'utilisation d'un logiciel de montage vid\u00e9o payant pour la supprimer.<br \/>Dans Insta360 Sphere, les objectifs de la cam\u00e9ra sont mont\u00e9s exactement de part et d'autre du drone afin que celui-ci soit invisible dans les images obtenues.<br \/>L'algorithme brevet\u00e9 d'assemblage dynamique d'Insta360 fait dispara\u00eetre automatiquement l'ensemble du drone (y compris les h\u00e9lices), ce qui permet \u00e0 l'utilisateur de prendre des photos magnifiques et ininterrompues.<br \/>Un vol en douceur, des tirs en douceur :<br \/>La stabilisation de l'image est cruciale pour capturer des images a\u00e9riennes immersives. La technologie exclusive de stabilisation FlowState d'Insta360 a \u00e9t\u00e9 affin\u00e9e pour Insta360 Sphere afin de garantir des prises de vue a\u00e9riennes super stables quelles que soient les conditions.<br \/>Parfaitement compatible :<br \/>Compatible avec le Mavic Air 2\/2S, la cam\u00e9ra se fixe au drone gr\u00e2ce \u00e0 un m\u00e9canisme de verrouillage ultra-s\u00e9curis\u00e9. Elle n'a aucun impact sur l'int\u00e9grit\u00e9 structurelle du drone et n'interf\u00e8re pas avec le signal GPS ou le syst\u00e8me de t\u00e9l\u00e9commande.<br \/>Puissante suite d'\u00e9dition AI :<br \/>Sphere s'inscrit dans la continuit\u00e9 de la mission d'Insta360, qui est d'aider les gens \u00e0 mieux capturer et partager leur vie, en rendant le logiciel de cadrage et d'\u00e9dition 360 d'Insta360, leader sur le march\u00e9, accessible \u00e0 un plus grand nombre de cr\u00e9ateurs.<br \/>Les utilisateurs de Sphere peuvent \u00e9diter leurs vid\u00e9os avec les m\u00eames fonctions aliment\u00e9es par l'IA que la s\u00e9rie Insta360 ONE dans l'application Insta360. Les effets cr\u00e9atifs tels que les tonneaux et les travellings sont aussi simples qu'une simple pression.<\/p>","protected":false},"excerpt":{"rendered":"<ul>\n<li>Compatible avec DJI Mavic Air 2\/2S<\/li>\n<\/ul>","protected":false},"featured_media":5341,"template":"","meta":{"_acf_changed":false},"product_brand":[],"product_cat":[97,343],"product_tag":[],"class_list":{"0":"post-5346","1":"product","2":"type-product","3":"status-publish","4":"has-post-thumbnail","6":"product_cat-alle-producten","7":"product_cat-insta360","8":"product_shipping_class-outofstock","9":"pa_brand-insta360","10":"pa_productfamily-action-cam-accessoires","11":"pa_producttype-action-cam-accessoires","12":"pa_series-insta360-go","14":"first","15":"outofstock","16":"taxable","17":"shipping-taxable","18":"product-type-simple"},"acf":[],"yoast_head":"<!-- This site is optimized with the Yoast SEO Premium plugin v27.2 (Yoast SEO v27.2) - https:\/\/yoast.com\/product\/yoast-seo-premium-wordpress\/ -->\n<title>INSTA360 Sphere - koningdrone.be<\/title>\n<meta name=\"robots\" content=\"index, follow, max-snippet:-1, max-image-preview:large, max-video-preview:-1\" \/>\n<link rel=\"canonical\" href=\"https:\/\/koningdrone.be\/fr\/produit\/insta360-sphere\/\" \/>\n<meta property=\"og:locale\" content=\"fr_FR\" \/>\n<meta property=\"og:type\" content=\"article\" \/>\n<meta property=\"og:title\" content=\"INSTA360 Sphere\" \/>\n<meta property=\"og:description\" content=\"ompatibel met DJI Mavic Air 2\/2S\" \/>\n<meta property=\"og:url\" content=\"https:\/\/koningdrone.be\/fr\/produit\/insta360-sphere\/\" \/>\n<meta property=\"og:site_name\" content=\"koningdrone.be\" \/>\n<meta property=\"article:modified_time\" content=\"2026-05-17T08:50:04+00:00\" \/>\n<meta property=\"og:image\" content=\"https:\/\/koningdrone.be\/wp-content\/uploads\/sites\/13\/2025\/04\/6970357853526-1.jpg\" \/>\n\t<meta property=\"og:image:width\" content=\"800\" \/>\n\t<meta property=\"og:image:height\" content=\"800\" \/>\n\t<meta property=\"og:image:type\" content=\"image\/jpeg\" \/>\n<meta name=\"twitter:card\" content=\"summary_large_image\" \/>\n<meta name=\"twitter:label1\" content=\"Dur\u00e9e de lecture est.\" \/>\n\t<meta name=\"twitter:data1\" content=\"2 minutes\" \/>\n<script type=\"application\/ld+json\" class=\"yoast-schema-graph\">{\"@context\":\"https:\/\/schema.org\",\"@graph\":[{\"@type\":\"WebPage\",\"@id\":\"https:\/\/koningdrone.be\/product\/insta360-sphere\/\",\"url\":\"https:\/\/koningdrone.be\/product\/insta360-sphere\/\",\"name\":\"INSTA360 Sphere - koningdrone.be\",\"isPartOf\":{\"@id\":\"https:\/\/koningdrone.be\/#website\"},\"primaryImageOfPage\":{\"@id\":\"https:\/\/koningdrone.be\/product\/insta360-sphere\/#primaryimage\"},\"image\":{\"@id\":\"https:\/\/koningdrone.be\/product\/insta360-sphere\/#primaryimage\"},\"thumbnailUrl\":\"https:\/\/koningdrone.be\/wp-content\/uploads\/sites\/13\/2025\/04\/6970357853526-1.jpg\",\"datePublished\":\"2022-11-02T08:14:06+00:00\",\"dateModified\":\"2026-05-17T08:50:04+00:00\",\"breadcrumb\":{\"@id\":\"https:\/\/koningdrone.be\/product\/insta360-sphere\/#breadcrumb\"},\"inLanguage\":\"fr-BE\",\"potentialAction\":[{\"@type\":\"ReadAction\",\"target\":[\"https:\/\/koningdrone.be\/product\/insta360-sphere\/\"]}]},{\"@type\":\"ImageObject\",\"inLanguage\":\"fr-BE\",\"@id\":\"https:\/\/koningdrone.be\/product\/insta360-sphere\/#primaryimage\",\"url\":\"https:\/\/koningdrone.be\/wp-content\/uploads\/sites\/13\/2025\/04\/6970357853526-1.jpg\",\"contentUrl\":\"https:\/\/koningdrone.be\/wp-content\/uploads\/sites\/13\/2025\/04\/6970357853526-1.jpg\",\"width\":800,\"height\":800},{\"@type\":\"BreadcrumbList\",\"@id\":\"https:\/\/koningdrone.be\/product\/insta360-sphere\/#breadcrumb\",\"itemListElement\":[{\"@type\":\"ListItem\",\"position\":1,\"name\":\"Home\",\"item\":\"https:\/\/koningdrone.be\/\"},{\"@type\":\"ListItem\",\"position\":2,\"name\":\"AVSS Parachute Recovery System for DJI Matrice 300\/350\",\"item\":\"https:\/\/koningdrone.be\/product\/avss-parachute-recovery-system-for-dji-matrice-300-350\/\"},{\"@type\":\"ListItem\",\"position\":3,\"name\":\"Alle producten\",\"item\":\"https:\/\/koningdrone.be\/categorie\/alle-producten\/\"},{\"@type\":\"ListItem\",\"position\":4,\"name\":\"INSTA360 Sphere\"}]},{\"@type\":\"WebSite\",\"@id\":\"https:\/\/koningdrone.be\/#website\",\"url\":\"https:\/\/koningdrone.be\/\",\"name\":\"Koningdrone.be - Uw online specialist in drones, gimbals, camera's en power stations.\",\"description\":\"De webshop in drones en gimbals\",\"publisher\":{\"@id\":\"https:\/\/koningdrone.be\/#organization\"},\"potentialAction\":[{\"@type\":\"SearchAction\",\"target\":{\"@type\":\"EntryPoint\",\"urlTemplate\":\"https:\/\/koningdrone.be\/?s={search_term_string}\"},\"query-input\":{\"@type\":\"PropertyValueSpecification\",\"valueRequired\":true,\"valueName\":\"search_term_string\"}}],\"inLanguage\":\"fr-BE\"},{\"@type\":\"Organization\",\"@id\":\"https:\/\/koningdrone.be\/#organization\",\"name\":\"Koningdrone.be\",\"url\":\"https:\/\/koningdrone.be\/\",\"logo\":{\"@type\":\"ImageObject\",\"inLanguage\":\"fr-BE\",\"@id\":\"https:\/\/koningdrone.be\/#\/schema\/logo\/image\/\",\"url\":\"https:\/\/koningdrone.be\/wp-content\/uploads\/sites\/13\/2025\/04\/koningdrone-copyright-logo.svg\",\"contentUrl\":\"https:\/\/koningdrone.be\/wp-content\/uploads\/sites\/13\/2025\/04\/koningdrone-copyright-logo.svg\",\"width\":227,\"height\":38,\"caption\":\"Koningdrone.be\"},\"image\":{\"@id\":\"https:\/\/koningdrone.be\/#\/schema\/logo\/image\/\"}}]}<\/script>\n<!-- \/ Yoast SEO Premium plugin. -->","yoast_head_json":{"title":"INSTA360 Sphere - koningdrone.be","robots":{"index":"index","follow":"follow","max-snippet":"max-snippet:-1","max-image-preview":"max-image-preview:large","max-video-preview":"max-video-preview:-1"},"canonical":"https:\/\/koningdrone.be\/fr\/produit\/insta360-sphere\/","og_locale":"fr_FR","og_type":"article","og_title":"INSTA360 Sphere","og_description":"ompatibel met DJI Mavic Air 2\/2S","og_url":"https:\/\/koningdrone.be\/fr\/produit\/insta360-sphere\/","og_site_name":"koningdrone.be","article_modified_time":"2026-05-17T08:50:04+00:00","og_image":[{"width":800,"height":800,"url":"https:\/\/koningdrone.be\/wp-content\/uploads\/sites\/13\/2025\/04\/6970357853526-1.jpg","type":"image\/jpeg"}],"twitter_card":"summary_large_image","twitter_misc":{"Dur\u00e9e de lecture est.":"2 minutes"},"schema":{"@context":"https:\/\/schema.org","@graph":[{"@type":"WebPage","@id":"https:\/\/koningdrone.be\/product\/insta360-sphere\/","url":"https:\/\/koningdrone.be\/product\/insta360-sphere\/","name":"INSTA360 Sphere - koningdrone.be","isPartOf":{"@id":"https:\/\/koningdrone.be\/#website"},"primaryImageOfPage":{"@id":"https:\/\/koningdrone.be\/product\/insta360-sphere\/#primaryimage"},"image":{"@id":"https:\/\/koningdrone.be\/product\/insta360-sphere\/#primaryimage"},"thumbnailUrl":"https:\/\/koningdrone.be\/wp-content\/uploads\/sites\/13\/2025\/04\/6970357853526-1.jpg","datePublished":"2022-11-02T08:14:06+00:00","dateModified":"2026-05-17T08:50:04+00:00","breadcrumb":{"@id":"https:\/\/koningdrone.be\/product\/insta360-sphere\/#breadcrumb"},"inLanguage":"fr-BE","potentialAction":[{"@type":"ReadAction","target":["https:\/\/koningdrone.be\/product\/insta360-sphere\/"]}]},{"@type":"ImageObject","inLanguage":"fr-BE","@id":"https:\/\/koningdrone.be\/product\/insta360-sphere\/#primaryimage","url":"https:\/\/koningdrone.be\/wp-content\/uploads\/sites\/13\/2025\/04\/6970357853526-1.jpg","contentUrl":"https:\/\/koningdrone.be\/wp-content\/uploads\/sites\/13\/2025\/04\/6970357853526-1.jpg","width":800,"height":800},{"@type":"BreadcrumbList","@id":"https:\/\/koningdrone.be\/product\/insta360-sphere\/#breadcrumb","itemListElement":[{"@type":"ListItem","position":1,"name":"Home","item":"https:\/\/koningdrone.be\/"},{"@type":"ListItem","position":2,"name":"AVSS Parachute Recovery System for DJI Matrice 300\/350","item":"https:\/\/koningdrone.be\/product\/avss-parachute-recovery-system-for-dji-matrice-300-350\/"},{"@type":"ListItem","position":3,"name":"Alle producten","item":"https:\/\/koningdrone.be\/categorie\/alle-producten\/"},{"@type":"ListItem","position":4,"name":"INSTA360 Sphere"}]},{"@type":"WebSite","@id":"https:\/\/koningdrone.be\/#website","url":"https:\/\/koningdrone.be\/","name":"Koningdrone.be - Votre sp\u00e9cialiste en ligne en mati\u00e8re de drones, de cardans, de cam\u00e9ras et de centrales \u00e9lectriques.","description":"La boutique en ligne de drones et de cardans","publisher":{"@id":"https:\/\/koningdrone.be\/#organization"},"potentialAction":[{"@type":"SearchAction","target":{"@type":"EntryPoint","urlTemplate":"https:\/\/koningdrone.be\/?s={search_term_string}"},"query-input":{"@type":"PropertyValueSpecification","valueRequired":true,"valueName":"search_term_string"}}],"inLanguage":"fr-BE"},{"@type":"Organization","@id":"https:\/\/koningdrone.be\/#organization","name":"Kingdrone.co.uk","url":"https:\/\/koningdrone.be\/","logo":{"@type":"ImageObject","inLanguage":"fr-BE","@id":"https:\/\/koningdrone.be\/#\/schema\/logo\/image\/","url":"https:\/\/koningdrone.be\/wp-content\/uploads\/sites\/13\/2025\/04\/koningdrone-copyright-logo.svg","contentUrl":"https:\/\/koningdrone.be\/wp-content\/uploads\/sites\/13\/2025\/04\/koningdrone-copyright-logo.svg","width":227,"height":38,"caption":"Koningdrone.be"},"image":{"@id":"https:\/\/koningdrone.be\/#\/schema\/logo\/image\/"}}]}},"df_price":"","df_sale_price":"","df_regular_price":"","df_image_link":"https:\/\/koningdrone.be\/wp-content\/uploads\/sites\/13\/2025\/04\/6970357853526-1-300x300.jpg","_links":{"self":[{"href":"https:\/\/koningdrone.be\/fr\/wp-json\/wp\/v2\/product\/5346","targetHints":{"allow":["GET"]}}],"collection":[{"href":"https:\/\/koningdrone.be\/fr\/wp-json\/wp\/v2\/product"}],"about":[{"href":"https:\/\/koningdrone.be\/fr\/wp-json\/wp\/v2\/types\/product"}],"wp:featuredmedia":[{"embeddable":true,"href":"https:\/\/koningdrone.be\/fr\/wp-json\/wp\/v2\/media\/5341"}],"wp:attachment":[{"href":"https:\/\/koningdrone.be\/fr\/wp-json\/wp\/v2\/media?parent=5346"}],"wp:term":[{"taxonomy":"product_brand","embeddable":true,"href":"https:\/\/koningdrone.be\/fr\/wp-json\/wp\/v2\/product_brand?post=5346"},{"taxonomy":"product_cat","embeddable":true,"href":"https:\/\/koningdrone.be\/fr\/wp-json\/wp\/v2\/product_cat?post=5346"},{"taxonomy":"product_tag","embeddable":true,"href":"https:\/\/koningdrone.be\/fr\/wp-json\/wp\/v2\/product_tag?post=5346"}],"curies":[{"name":"wp","href":"https:\/\/api.w.org\/{rel}","templated":true}]}}