{"id":5302,"date":"2022-11-02T09:14:25","date_gmt":"2022-11-02T08:14:25","guid":{"rendered":"https:\/\/koningdrone.nl\/kon\/product\/parachute-zephyr-for-matrice-300-rtk\/"},"modified":"2026-04-29T09:30:30","modified_gmt":"2026-04-29T07:30:30","slug":"parachute-zephyr-for-matrice-300-rtk","status":"publish","type":"product","link":"https:\/\/koningdrone.be\/fr\/produit\/parachute-zephyr-for-matrice-300-rtk\/","title":{"rendered":"Parachute Zephyr pour Matrice 300 RTK"},"content":{"rendered":"<h1>Parachute Zephyr pour Matrice 300 RTK<\/h1>\n<p>L'ensemble parachute simple et disjoncteur Z\u00e9phyr M300 pour drone DJI Matrice 300 RTK vous permet de s\u00e9curiser vos vols et de ralentir le taux de chute de votre Matrice 300 RTK en cas de probl\u00e8me, en demandant simplement l'arr\u00eat des moteurs et le d\u00e9ploiement du parachute \u00e0 l'aide de la t\u00e9l\u00e9commande autonome d\u00e9di\u00e9e.<br \/>\nVous avez le choix entre un disjoncteur interne ou externe.<br \/>\nPossibilit\u00e9 de retirer facilement et rapidement le parachute de votre drone, en particulier lors d'un sc\u00e9nario S2.<br \/>\nLe syst\u00e8me de parachute le plus l\u00e9ger du march\u00e9 : seulement 450 g !<br \/>\nLe kit de base du parachute comprend un syst\u00e8me d'\u00e9mission de CO2 ultra-rapide et une t\u00e9l\u00e9commande autonome d\u00e9di\u00e9e avec 30 heures d'autonomie (attachable au Smart Controller).<br \/>\nLe parachute est \u00e9galement disponible en kit homologu\u00e9 DGAC S2 S3 avec un disjoncteur interne (\u00e0 installer dans l'atelier) ou externe (\u00e0 placer entre les batteries et le drone). Chaque version du disjoncteur comprend une alarme sonore et un support pour l'alimentation et la charge du parachute lorsque le drone est allum\u00e9.<br \/>\nLe syst\u00e8me de parachute avec arr\u00eat moteur le plus l\u00e9ger au monde !<br \/>\nLe kit parachute + disjoncteur interne est la solution la plus l\u00e9g\u00e8re disponible sur le march\u00e9, avec un poids total de seulement 455 g. Il permet de conserver la plus grande charge utile pour le DJI M300 dans le sc\u00e9nario S3 : 1,25 kg de charge utile disponible ! Dans le sc\u00e9nario S2, la charge utile maximale possible passe \u00e0 2,25 kg.<br \/>\nIl faut savoir qu'\u00e0 charge utile \u00e9quivalente, le temps de vol avec le parachute Z\u00e9phyr est plus long qu'avec n'importe quel autre syst\u00e8me de parachute.<br \/>\nLe disjoncteur interne est install\u00e9 dans le drone par nos soins en atelier. L'op\u00e9ration est r\u00e9versible, ne modifie pas le drone et assure le maintien de la garantie d'usine DJI. Le module d'alarme audio se branche sur le connecteur USB-C disponible sous le drone.<br \/>\nLe disjoncteur peut \u00eatre utilis\u00e9 seul, sans parachute, pour augmenter la charge utile disponible et le temps de vol pour le sc\u00e9nario S2. La capacit\u00e9 de charge utile du Matrice 300 dans le sc\u00e9nario S2 passe \u00e0 2,7 kg dans cette configuration !<br \/>\nConfiguration ultra-rapide du syst\u00e8me<br \/>\nFix\u00e9 aux 4 fils sup\u00e9rieurs du drone, le parachute se d\u00e9monte en moins d'une minute. Un support optionnel est disponible dans notre boutique pour le fixer sous le drone lors de l'utilisation du cardan sup\u00e9rieur.<br \/>\nLe kit avec les disjoncteurs externes peut \u00e9galement \u00eatre d\u00e9mont\u00e9 en quelques secondes. Les modules de disjoncteurs sont facilement ins\u00e9r\u00e9s entre les batteries et le drone. Ils comprennent imm\u00e9diatement l'alarme sonore. Leur poids est de 200 g.<br \/>\nTous les \u00e9l\u00e9ments du kit peuvent \u00eatre rang\u00e9s dans la valise de vol d'origine fournie par DJI avec le drone.<br \/>\nLe syst\u00e8me de CO2 le plus rapide, le plus fiable et le plus efficace<br \/>\nLe syst\u00e8me d'\u00e9mission de CO2 des parachutes Z\u00e9phyr est \u00e9prouv\u00e9 et utilis\u00e9 par une majorit\u00e9 de pilotes de drones fran\u00e7ais depuis plus de 5 ans. D'innombrables tests et am\u00e9liorations successives ont amen\u00e9 ce syst\u00e8me \u00e0 un niveau de fiabilit\u00e9 jamais atteint sur un parachute de drone.<br \/>\nDu gaz sous pression (60 bars !) est lib\u00e9r\u00e9 en une fraction de seconde pour propulser le tissu du parachute hors de son conteneur. L'exc\u00e9dent de gaz lib\u00e9r\u00e9 (chaque cartouche contient plusieurs dizaines de litres) est utilis\u00e9 pour acc\u00e9l\u00e9rer le d\u00e9ploiement des trajectoires et minimiser la perte de hauteur lors de la lib\u00e9ration du parachute.<br \/>\nLe syst\u00e8me peut \u00eatre r\u00e9initialis\u00e9 en quelques secondes. La cartouche de CO2 est le seul consommable qui est remplac\u00e9 apr\u00e8s une mise en \u0153uvre sur le syst\u00e8me, et une cartouche ne co\u00fbte que quelques euros.<br \/>\nSur le syst\u00e8me de parachute \u00e0 toile unique Z\u00e9phyr M300, le syst\u00e8me d'\u00e9mission de CO2 permet d'\u00e9jecter et d'ouvrir la toile en seulement 1,2 s, ce qui correspond \u00e0 une perte de hauteur de 15 m \u00e0 partir d'une vitesse de chute initiale d'environ 6 m\/s.<br \/>\nLa toile de parachute pour drone la plus l\u00e9g\u00e8re, la plus stable et la plus efficace<br \/>\nLes nouveaux tissus PARA\u00b2 utilis\u00e9s dans les syst\u00e8mes de parachute Z\u00e9phyr sont le r\u00e9sultat de 3 ans de d\u00e9veloppement. Leur conception innovante et ultra-l\u00e9g\u00e8re ainsi que leur design unique conf\u00e8rent aux tissus PARA\u00b2 une efficacit\u00e9 et une stabilit\u00e9 sup\u00e9rieures. Sur les syst\u00e8mes \u00e0 une seule toile, le taux de chute est minimis\u00e9 par rapport \u00e0 la surface de la toile. Utilis\u00e9s par paire, les tissus PARA\u00b2 n'interf\u00e8rent pas entre eux et optimisent le taux de chute global. Chaque parachute Z\u00e9phyr est con\u00e7u de mani\u00e8re \u00e0 ce que les tissus maintiennent le drone aussi plat que possible durant sa chute afin de minimiser les dommages \u00e0 l'impact.<br \/>\nSur le syst\u00e8me de parachute mono-orbite Z\u00e9phyr M300, la vitesse de chute d'une masse de 8 kg n'est que de 3,2 m\/s, soit une \u00e9nergie d'impact de seulement 41 J, bien inf\u00e9rieure au maximum de 69 J autoris\u00e9 en France.<br \/>\nUn syst\u00e8me de communication crypt\u00e9 \u00e0 longue distance<br \/>\nLe syst\u00e8me de communication \u00e0 longue port\u00e9e entre la radio et le parachute est bas\u00e9 sur des technologies avanc\u00e9es et la modulation LoRa. La port\u00e9e peut atteindre plusieurs kilom\u00e8tres dans des conditions optimales, et une option longue port\u00e9e permet de d\u00e9passer les 10 km.<br \/>\nLe protocole de communication est bas\u00e9 sur des fr\u00e9quences de 869 MHz, sans autorisation (options 433 et 915 MHz possibles). Le cryptage \u00e0 128 bits garantit que les donn\u00e9es ne sont pas intercept\u00e9es et que l'utilisateur est averti en cas d'\u00e9chec de la communication.<br \/>\nFonctions pratiques pour l'utilisateur<br \/>\nLes modules parachute, disjoncteur et radiocommande sont \u00e9quip\u00e9s de LED indiquant l'\u00e9tat et les fonctions avanc\u00e9es.<br \/>\nLorsqu'elles sont allum\u00e9es et \u00e9teintes, les LED indiquent la charge restante de la batterie, ainsi que le niveau de la batterie en cours de charge. En fonctionnement, elles indiquent l'\u00e9tat instantan\u00e9 du syst\u00e8me : bon fonctionnement, perte de liaison radio, niveau de batterie faible...<br \/>\nAssoci\u00e9 \u00e0 un disjoncteur, le parachute s'allume automatiquement lorsque le drone est en marche. Sans signal, et si vous oubliez d'\u00e9teindre le parachute ou la radiocommande, les modules s'\u00e9teignent automatiquement apr\u00e8s 10 minutes.<br \/>\nSyst\u00e8me d'horodatage et d'enregistrement int\u00e9gr\u00e9 sur le parachute et la radio. Il enregistre les actions de d\u00e9clenchement effectu\u00e9es par l'utilisateur \u00e0 des fins de diagnostic.<br \/>\nBeaucoup d'options... en avance sur la r\u00e9glementation !<br \/>\nGr\u00e2ce aux options disponibles avec les parachutes Z\u00e9phyr, vous avez une longueur d'avance sur les r\u00e9glementations fran\u00e7aises et europ\u00e9ennes.<br \/>\nDu c\u00f4t\u00e9 de la t\u00e9l\u00e9commande, il est possible d'ajouter un deuxi\u00e8me bouton de d\u00e9clenchement redondant. Ce deuxi\u00e8me bouton permet d'\u00e9viter les pressions intempestives sur un seul bouton et de doubler l'autonomie de la t\u00e9l\u00e9commande. Des capuchons de s\u00e9curit\u00e9 prot\u00e8gent les boutons contre les appuis involontaires. Un module d'alarme sonore est disponible sur demande. Il g\u00e9n\u00e8re une alerte sonore en cas de perte de connexion avec le parachute. Avec une option longue port\u00e9e, la port\u00e9e radio peut \u00eatre \u00e9tendue \u00e0 plus de 10 km si n\u00e9cessaire. Il est \u00e9galement possible de connecter plusieurs radiocommandes \u00e0 un parachute, ou plusieurs parachutes \u00e0 une radiocommande.<br \/>\nDu c\u00f4t\u00e9 des parachutes, un module de d\u00e9tection de crash et de d\u00e9ploiement automatique est disponible sur demande. Ce module sera \u00e0 terme compatible avec les normes ASTM3322 et les futures normes europ\u00e9ennes (classes C5 et C6 pour les sc\u00e9narios STS-01 et STS-02).<\/p>","protected":false},"excerpt":{"rendered":"<p>Parachute Zephyr for Matrice 300 RTK De Z\u00e9phyr M300 eenvoudige parachute- en stroomonderbrekermontage voor de DJI Matrice 300 RTK-drone maakt het mogelijk om uw vluchten te beveiligen en de valsnelheid van uw Matrice 300 RTK te vertragen in geval van een probleem, simpelweg door te vragen om de motoren uit te schakelen en de parachute [&hellip;]<\/p>\n","protected":false},"featured_media":5299,"template":"","meta":{"_acf_changed":false},"product_brand":[],"product_cat":[292,97,152],"product_tag":[],"class_list":{"0":"post-5302","1":"product","2":"type-product","3":"status-publish","4":"has-post-thumbnail","6":"product_cat-alle-parachutes","7":"product_cat-alle-producten","8":"product_cat-dji-matrice-300","9":"product_shipping_class-outofstock","10":"pa_brand-zephyr","11":"pa_productfamily-parachute","12":"pa_producttype-parachute","13":"pa_series-matrice-300","15":"first","16":"outofstock","17":"taxable","18":"shipping-taxable","19":"product-type-simple"},"acf":[],"yoast_head":"<!-- This site is optimized with the Yoast SEO Premium plugin v27.2 (Yoast SEO v27.2) - https:\/\/yoast.com\/product\/yoast-seo-premium-wordpress\/ -->\n<title>Parachute Zephyr for Matrice 300 RTK - koningdrone.be<\/title>\n<meta name=\"robots\" content=\"index, follow, max-snippet:-1, max-image-preview:large, max-video-preview:-1\" \/>\n<link rel=\"canonical\" href=\"https:\/\/koningdrone.be\/fr\/produit\/parachute-zephyr-for-matrice-300-rtk\/\" \/>\n<meta property=\"og:locale\" content=\"fr_FR\" \/>\n<meta property=\"og:type\" content=\"article\" \/>\n<meta property=\"og:title\" content=\"Parachute Zephyr for Matrice 300 RTK\" \/>\n<meta property=\"og:description\" content=\"Parachute Zephyr for Matrice 300 RTK De Z\u00e9phyr M300 eenvoudige parachute- en stroomonderbrekermontage voor de DJI Matrice 300 RTK-drone maakt het mogelijk om uw vluchten te beveiligen en de valsnelheid van uw Matrice 300 RTK te vertragen in geval van een probleem, simpelweg door te vragen om de motoren uit te schakelen en de parachute [&hellip;]\" \/>\n<meta property=\"og:url\" content=\"https:\/\/koningdrone.be\/fr\/produit\/parachute-zephyr-for-matrice-300-rtk\/\" \/>\n<meta property=\"og:site_name\" content=\"koningdrone.be\" \/>\n<meta property=\"article:modified_time\" content=\"2026-04-29T07:30:30+00:00\" \/>\n<meta property=\"og:image\" content=\"https:\/\/koningdrone.be\/wp-content\/uploads\/sites\/13\/2025\/04\/3770013280368-1.jpg\" \/>\n\t<meta property=\"og:image:width\" content=\"800\" \/>\n\t<meta property=\"og:image:height\" content=\"800\" \/>\n\t<meta property=\"og:image:type\" content=\"image\/jpeg\" \/>\n<meta name=\"twitter:card\" content=\"summary_large_image\" \/>\n<meta name=\"twitter:label1\" content=\"Dur\u00e9e de lecture est.\" \/>\n\t<meta name=\"twitter:data1\" content=\"5 minutes\" \/>\n<script type=\"application\/ld+json\" class=\"yoast-schema-graph\">{\"@context\":\"https:\/\/schema.org\",\"@graph\":[{\"@type\":\"WebPage\",\"@id\":\"https:\/\/koningdrone.be\/product\/parachute-zephyr-for-matrice-300-rtk\/\",\"url\":\"https:\/\/koningdrone.be\/product\/parachute-zephyr-for-matrice-300-rtk\/\",\"name\":\"Parachute Zephyr for Matrice 300 RTK - koningdrone.be\",\"isPartOf\":{\"@id\":\"https:\/\/koningdrone.be\/#website\"},\"primaryImageOfPage\":{\"@id\":\"https:\/\/koningdrone.be\/product\/parachute-zephyr-for-matrice-300-rtk\/#primaryimage\"},\"image\":{\"@id\":\"https:\/\/koningdrone.be\/product\/parachute-zephyr-for-matrice-300-rtk\/#primaryimage\"},\"thumbnailUrl\":\"https:\/\/koningdrone.be\/wp-content\/uploads\/sites\/13\/2025\/04\/3770013280368-1.jpg\",\"datePublished\":\"2022-11-02T08:14:25+00:00\",\"dateModified\":\"2026-04-29T07:30:30+00:00\",\"breadcrumb\":{\"@id\":\"https:\/\/koningdrone.be\/product\/parachute-zephyr-for-matrice-300-rtk\/#breadcrumb\"},\"inLanguage\":\"fr-BE\",\"potentialAction\":[{\"@type\":\"ReadAction\",\"target\":[\"https:\/\/koningdrone.be\/product\/parachute-zephyr-for-matrice-300-rtk\/\"]}]},{\"@type\":\"ImageObject\",\"inLanguage\":\"fr-BE\",\"@id\":\"https:\/\/koningdrone.be\/product\/parachute-zephyr-for-matrice-300-rtk\/#primaryimage\",\"url\":\"https:\/\/koningdrone.be\/wp-content\/uploads\/sites\/13\/2025\/04\/3770013280368-1.jpg\",\"contentUrl\":\"https:\/\/koningdrone.be\/wp-content\/uploads\/sites\/13\/2025\/04\/3770013280368-1.jpg\",\"width\":800,\"height\":800},{\"@type\":\"BreadcrumbList\",\"@id\":\"https:\/\/koningdrone.be\/product\/parachute-zephyr-for-matrice-300-rtk\/#breadcrumb\",\"itemListElement\":[{\"@type\":\"ListItem\",\"position\":1,\"name\":\"Home\",\"item\":\"https:\/\/koningdrone.be\/\"},{\"@type\":\"ListItem\",\"position\":2,\"name\":\"AVSS Parachute Recovery System for DJI Matrice 300\/350\",\"item\":\"https:\/\/koningdrone.be\/product\/avss-parachute-recovery-system-for-dji-matrice-300-350\/\"},{\"@type\":\"ListItem\",\"position\":3,\"name\":\"Alle parachutes\",\"item\":\"https:\/\/koningdrone.be\/categorie\/alle-parachutes\/\"},{\"@type\":\"ListItem\",\"position\":4,\"name\":\"Parachute Zephyr for Matrice 300 RTK\"}]},{\"@type\":\"WebSite\",\"@id\":\"https:\/\/koningdrone.be\/#website\",\"url\":\"https:\/\/koningdrone.be\/\",\"name\":\"Koningdrone.be - Uw online specialist in drones, gimbals, camera's en power stations.\",\"description\":\"De webshop in drones en gimbals\",\"publisher\":{\"@id\":\"https:\/\/koningdrone.be\/#organization\"},\"potentialAction\":[{\"@type\":\"SearchAction\",\"target\":{\"@type\":\"EntryPoint\",\"urlTemplate\":\"https:\/\/koningdrone.be\/?s={search_term_string}\"},\"query-input\":{\"@type\":\"PropertyValueSpecification\",\"valueRequired\":true,\"valueName\":\"search_term_string\"}}],\"inLanguage\":\"fr-BE\"},{\"@type\":\"Organization\",\"@id\":\"https:\/\/koningdrone.be\/#organization\",\"name\":\"Koningdrone.be\",\"url\":\"https:\/\/koningdrone.be\/\",\"logo\":{\"@type\":\"ImageObject\",\"inLanguage\":\"fr-BE\",\"@id\":\"https:\/\/koningdrone.be\/#\/schema\/logo\/image\/\",\"url\":\"https:\/\/koningdrone.be\/wp-content\/uploads\/sites\/13\/2025\/04\/koningdrone-copyright-logo.svg\",\"contentUrl\":\"https:\/\/koningdrone.be\/wp-content\/uploads\/sites\/13\/2025\/04\/koningdrone-copyright-logo.svg\",\"width\":227,\"height\":38,\"caption\":\"Koningdrone.be\"},\"image\":{\"@id\":\"https:\/\/koningdrone.be\/#\/schema\/logo\/image\/\"}}]}<\/script>\n<!-- \/ Yoast SEO Premium plugin. -->","yoast_head_json":{"title":"Parachute Zephyr for Matrice 300 RTK - koningdrone.be","robots":{"index":"index","follow":"follow","max-snippet":"max-snippet:-1","max-image-preview":"max-image-preview:large","max-video-preview":"max-video-preview:-1"},"canonical":"https:\/\/koningdrone.be\/fr\/produit\/parachute-zephyr-for-matrice-300-rtk\/","og_locale":"fr_FR","og_type":"article","og_title":"Parachute Zephyr for Matrice 300 RTK","og_description":"Parachute Zephyr for Matrice 300 RTK De Z\u00e9phyr M300 eenvoudige parachute- en stroomonderbrekermontage voor de DJI Matrice 300 RTK-drone maakt het mogelijk om uw vluchten te beveiligen en de valsnelheid van uw Matrice 300 RTK te vertragen in geval van een probleem, simpelweg door te vragen om de motoren uit te schakelen en de parachute [&hellip;]","og_url":"https:\/\/koningdrone.be\/fr\/produit\/parachute-zephyr-for-matrice-300-rtk\/","og_site_name":"koningdrone.be","article_modified_time":"2026-04-29T07:30:30+00:00","og_image":[{"width":800,"height":800,"url":"https:\/\/koningdrone.be\/wp-content\/uploads\/sites\/13\/2025\/04\/3770013280368-1.jpg","type":"image\/jpeg"}],"twitter_card":"summary_large_image","twitter_misc":{"Dur\u00e9e de lecture est.":"5 minutes"},"schema":{"@context":"https:\/\/schema.org","@graph":[{"@type":"WebPage","@id":"https:\/\/koningdrone.be\/product\/parachute-zephyr-for-matrice-300-rtk\/","url":"https:\/\/koningdrone.be\/product\/parachute-zephyr-for-matrice-300-rtk\/","name":"Parachute Zephyr for Matrice 300 RTK - koningdrone.be","isPartOf":{"@id":"https:\/\/koningdrone.be\/#website"},"primaryImageOfPage":{"@id":"https:\/\/koningdrone.be\/product\/parachute-zephyr-for-matrice-300-rtk\/#primaryimage"},"image":{"@id":"https:\/\/koningdrone.be\/product\/parachute-zephyr-for-matrice-300-rtk\/#primaryimage"},"thumbnailUrl":"https:\/\/koningdrone.be\/wp-content\/uploads\/sites\/13\/2025\/04\/3770013280368-1.jpg","datePublished":"2022-11-02T08:14:25+00:00","dateModified":"2026-04-29T07:30:30+00:00","breadcrumb":{"@id":"https:\/\/koningdrone.be\/product\/parachute-zephyr-for-matrice-300-rtk\/#breadcrumb"},"inLanguage":"fr-BE","potentialAction":[{"@type":"ReadAction","target":["https:\/\/koningdrone.be\/product\/parachute-zephyr-for-matrice-300-rtk\/"]}]},{"@type":"ImageObject","inLanguage":"fr-BE","@id":"https:\/\/koningdrone.be\/product\/parachute-zephyr-for-matrice-300-rtk\/#primaryimage","url":"https:\/\/koningdrone.be\/wp-content\/uploads\/sites\/13\/2025\/04\/3770013280368-1.jpg","contentUrl":"https:\/\/koningdrone.be\/wp-content\/uploads\/sites\/13\/2025\/04\/3770013280368-1.jpg","width":800,"height":800},{"@type":"BreadcrumbList","@id":"https:\/\/koningdrone.be\/product\/parachute-zephyr-for-matrice-300-rtk\/#breadcrumb","itemListElement":[{"@type":"ListItem","position":1,"name":"Home","item":"https:\/\/koningdrone.be\/"},{"@type":"ListItem","position":2,"name":"AVSS Parachute Recovery System for DJI Matrice 300\/350","item":"https:\/\/koningdrone.be\/product\/avss-parachute-recovery-system-for-dji-matrice-300-350\/"},{"@type":"ListItem","position":3,"name":"Alle parachutes","item":"https:\/\/koningdrone.be\/categorie\/alle-parachutes\/"},{"@type":"ListItem","position":4,"name":"Parachute Zephyr for Matrice 300 RTK"}]},{"@type":"WebSite","@id":"https:\/\/koningdrone.be\/#website","url":"https:\/\/koningdrone.be\/","name":"Koningdrone.be - Votre sp\u00e9cialiste en ligne en mati\u00e8re de drones, de cardans, de cam\u00e9ras et de centrales \u00e9lectriques.","description":"La boutique en ligne de drones et de cardans","publisher":{"@id":"https:\/\/koningdrone.be\/#organization"},"potentialAction":[{"@type":"SearchAction","target":{"@type":"EntryPoint","urlTemplate":"https:\/\/koningdrone.be\/?s={search_term_string}"},"query-input":{"@type":"PropertyValueSpecification","valueRequired":true,"valueName":"search_term_string"}}],"inLanguage":"fr-BE"},{"@type":"Organization","@id":"https:\/\/koningdrone.be\/#organization","name":"Kingdrone.co.uk","url":"https:\/\/koningdrone.be\/","logo":{"@type":"ImageObject","inLanguage":"fr-BE","@id":"https:\/\/koningdrone.be\/#\/schema\/logo\/image\/","url":"https:\/\/koningdrone.be\/wp-content\/uploads\/sites\/13\/2025\/04\/koningdrone-copyright-logo.svg","contentUrl":"https:\/\/koningdrone.be\/wp-content\/uploads\/sites\/13\/2025\/04\/koningdrone-copyright-logo.svg","width":227,"height":38,"caption":"Koningdrone.be"},"image":{"@id":"https:\/\/koningdrone.be\/#\/schema\/logo\/image\/"}}]}},"df_price":"","df_sale_price":"","df_regular_price":"","df_image_link":"https:\/\/koningdrone.be\/wp-content\/uploads\/sites\/13\/2025\/04\/3770013280368-1-300x300.jpg","_links":{"self":[{"href":"https:\/\/koningdrone.be\/fr\/wp-json\/wp\/v2\/product\/5302","targetHints":{"allow":["GET"]}}],"collection":[{"href":"https:\/\/koningdrone.be\/fr\/wp-json\/wp\/v2\/product"}],"about":[{"href":"https:\/\/koningdrone.be\/fr\/wp-json\/wp\/v2\/types\/product"}],"wp:featuredmedia":[{"embeddable":true,"href":"https:\/\/koningdrone.be\/fr\/wp-json\/wp\/v2\/media\/5299"}],"wp:attachment":[{"href":"https:\/\/koningdrone.be\/fr\/wp-json\/wp\/v2\/media?parent=5302"}],"wp:term":[{"taxonomy":"product_brand","embeddable":true,"href":"https:\/\/koningdrone.be\/fr\/wp-json\/wp\/v2\/product_brand?post=5302"},{"taxonomy":"product_cat","embeddable":true,"href":"https:\/\/koningdrone.be\/fr\/wp-json\/wp\/v2\/product_cat?post=5302"},{"taxonomy":"product_tag","embeddable":true,"href":"https:\/\/koningdrone.be\/fr\/wp-json\/wp\/v2\/product_tag?post=5302"}],"curies":[{"name":"wp","href":"https:\/\/api.w.org\/{rel}","templated":true}]}}