{"id":5286,"date":"2022-11-02T09:14:34","date_gmt":"2022-11-02T08:14:34","guid":{"rendered":"https:\/\/koningdrone.nl\/kon\/product\/zephyr-parachute-dji-matrice-30-external-fts\/"},"modified":"2026-04-08T07:18:00","modified_gmt":"2026-04-08T05:18:00","slug":"zephyr-parachute-dji-matrice-30-external-fts","status":"publish","type":"product","link":"https:\/\/koningdrone.be\/fr\/produit\/zephyr-parachute-dji-matrice-30-external-fts\/","title":{"rendered":"Zephyr Parachute DJI Matrice 30 - External FTS"},"content":{"rendered":"<h1>PRE-Commande MATRICE 30 Z\u00c9PHYR PARACHUTE Avec FTS externe<\/h1>\n<p>Le syst\u00e8me de parachute le plus l\u00e9ger du march\u00e9 : seulement 330 g !<br \/>\nLe kit de base du parachute comprend un syst\u00e8me d'\u00e9jection ultra-rapide de la toile de CO2 et une t\u00e9l\u00e9commande autonome d\u00e9di\u00e9e avec 30 heures d'autonomie (attachable au Smart Controller). Le parachute est \u00e9galement disponible en kit homologu\u00e9 DGAC S1 S2 S3 avec un FTS externe (auto-installable). Chaque version du FTS comprend une alarme sonore et une prise de charge pour alimenter et charger le parachute lorsque le drone est allum\u00e9, offrant ainsi une autonomie illimit\u00e9e.<br \/>\nLe syst\u00e8me de parachute avec arr\u00eat moteur le plus l\u00e9ger au monde !<br \/>\nLe kit parachute + FTS externe est la solution la plus l\u00e9g\u00e8re disponible sur le march\u00e9, avec un poids total de seulement 385g. Les pilotes ont la possibilit\u00e9 d'emporter plus de 500g de charge utile, en plus de nos syst\u00e8mes de s\u00e9curit\u00e9, tout en respectant l'homologation DGAC S2-S3 (poids total en vol de 4,7kg). L'homologation S1\/S2\/S3 propos\u00e9e par Dronavia est la seule sur le march\u00e9 qui permette le transport de charge utile. Il faut savoir qu'\u00e0 charge utile \u00e9quivalente, le temps de vol avec le parachute Z\u00e9phyr est plus long qu'avec n'importe quel autre syst\u00e8me de parachute. Le FTS externe est auto-install\u00e9 entre les batteries et le drone. Son fonctionnement est r\u00e9versible, ne modifie pas le drone et permet de maintenir la garantie constructeur de DJI. Le FTS peut \u00eatre utilis\u00e9 seul, sans parachute, pour augmenter la charge utile disponible et le temps de vol pour le sc\u00e9nario S2. La capacit\u00e9 de charge utile du Matrice 30 dans le sc\u00e9nario S2 passe \u00e0 960 grammes dans cette configuration ! Le module d'alarme acoustique se connecte au connecteur USB-C situ\u00e9 sur la partie inf\u00e9rieure du drone.<br \/>\nInstallation tr\u00e8s rapide du syst\u00e8me<br \/>\nLe parachute est fix\u00e9 sur les 4 fils sup\u00e9rieurs du drone et peut \u00eatre d\u00e9mont\u00e9 en moins d'une minute, sans passer par l'atelier. Un support optionnel est disponible dans notre magasin pour le fixer au bas du drone lors de l'utilisation de la nacelle sup\u00e9rieure. Le kit avec le FTS peut \u00e9galement \u00eatre d\u00e9mont\u00e9 en quelques secondes. Le module fusible est facilement ins\u00e9r\u00e9 entre les batteries et le drone. Il comprend imm\u00e9diatement l'alarme sonore. Il p\u00e8se 55 grammes.<br \/>\nLe syst\u00e8me de CO2 le plus rapide, le plus fiable et le plus efficace<br \/>\nLe syst\u00e8me d'\u00e9mission de CO2 des parachutes Z\u00e9phyr est test\u00e9 et utilis\u00e9 par la plupart des pilotes de drones fran\u00e7ais depuis plus de 5 ans. D'innombrables tests et am\u00e9liorations successives ont amen\u00e9 ce syst\u00e8me \u00e0 un niveau de fiabilit\u00e9 jamais atteint sur un parachute de drone. Un gaz sous pression (60 bars !) est lib\u00e9r\u00e9 en une fraction de seconde pour propulser le tissu du parachute hors de son conteneur. L'exc\u00e9dent de gaz lib\u00e9r\u00e9 (chaque cartouche contient plusieurs dizaines de litres) est utilis\u00e9 pour acc\u00e9l\u00e9rer la voilure et minimiser la perte de hauteur lorsque le parachute est activ\u00e9. Le syst\u00e8me peut \u00eatre r\u00e9initialis\u00e9 en quelques secondes. La cartouche de CO2 est le seul consommable qui est remplac\u00e9 apr\u00e8s une mise en \u0153uvre du syst\u00e8me, et une cartouche ne co\u00fbte que quelques euros. Il n'y a pas de restrictions pour les pilotes professionnels qui voyagent par avion. La plupart des compagnies a\u00e9riennes offrent la possibilit\u00e9 de placer votre syst\u00e8me Z\u00e9phyr M30 en soute ou en cabine avec la cartouche de gaz 4G.<br \/>\nSur le syst\u00e8me de parachute \u00e0 double voile Z\u00e9phyr M30, le syst\u00e8me d'\u00e9mission de CO2 permet d'\u00e9jecter et d'ouvrir les voiles en seulement 0,83 seconde, ce qui \u00e9quivaut \u00e0 une perte de hauteur de 10 m\u00e8tres \u00e0 une vitesse de chute initiale d'environ 6 m\/s.<br \/>\nLes voiles de drone les plus l\u00e9g\u00e8res, les plus stables et les plus efficaces<br \/>\nLes nouvelles voiles PARA\u00b2 utilis\u00e9es dans les syst\u00e8mes de parachute Z\u00e9phyr sont le r\u00e9sultat de 3 ans de d\u00e9veloppement. Leur conception innovante ultral\u00e9g\u00e8re et leur construction unique conf\u00e8rent aux voiles PARA\u00b2 une efficacit\u00e9 et une stabilit\u00e9 sup\u00e9rieures. Sur les syst\u00e8mes \u00e0 voilure unique, le taux de chute est minimis\u00e9 proportionnellement \u00e0 la surface de la voilure. Utilis\u00e9es par paire, les voiles PARA\u00b2 n'interf\u00e8rent pas entre elles et optimisent le taux de chute global. Chaque parachute Zephyr est con\u00e7u pour que la ou les voiles maintiennent le drone aussi plat que possible durant sa chute afin de minimiser les dommages \u00e0 l'impact.<br \/>\nSur le syst\u00e8me de parachute \u00e0 deux voiles Z\u00e9phyr M30, la vitesse de chute pour une masse de 4,2 kg n'est que de 5 m\/s, soit une \u00e9nergie d'impact de seulement 55 joules, bien inf\u00e9rieure au maximum de 69 joules autoris\u00e9 en France.<br \/>\nUn syst\u00e8me de communication crypt\u00e9 \u00e0 longue distance<br \/>\nLe syst\u00e8me de communication \u00e0 longue port\u00e9e entre la radio et le parachute est bas\u00e9 sur une technologie avanc\u00e9e et la modulation LoRa. La port\u00e9e atteint 5 km dans des conditions optimales et une option longue port\u00e9e permet de d\u00e9passer 10 km. Le protocole de communication est bas\u00e9 sur des fr\u00e9quences de 869 MHz, libres d'autorisation (options 433 et 915 MHz disponibles). Un cryptage de 128 bits garantit que les donn\u00e9es ne sont pas intercept\u00e9es et l'utilisateur est alert\u00e9 en cas d'interruption de la communication. Caract\u00e9ristiques pratiques pour l'utilisateur Les modules parachute, FTS et radiocommande sont \u00e9quip\u00e9s de diodes \u00e9lectroluminescentes (DEL) pour l'indication de l'\u00e9tat et des fonctions avanc\u00e9es.<br \/>\nLes LEDs indiquent la charge restante de la batterie lors de la mise en marche et de l'arr\u00eat et le niveau de la batterie lors de la charge. En fonctionnement, elles indiquent l'\u00e9tat imm\u00e9diat du syst\u00e8me : fonctionnement correct, perte de liaison radio, batterie faible... En combinaison avec un FTS, le parachute est automatiquement mis en marche lorsque le drone est allum\u00e9. En cas d'absence de signal et d'oubli d'\u00e9teindre le parachute ou la radiocommande, les modules s'\u00e9teignent automatiquement au bout de 10 minutes. Un syst\u00e8me d'enregistrement horodat\u00e9 est int\u00e9gr\u00e9 au parachute et \u00e0 la radiocommande. Il enregistre les actions d'activation effectu\u00e9es par l'utilisateur \u00e0 des fins de diagnostic.<br \/>\nBeaucoup d'options... en avance sur la r\u00e9glementation !<br \/>\nGr\u00e2ce aux options disponibles sur les parachutes Z\u00e9phyr, vous avez une longueur d'avance sur les r\u00e9glementations fran\u00e7aises et europ\u00e9ennes. C\u00f4t\u00e9 t\u00e9l\u00e9commande, il est possible d'ajouter un second bouton de d\u00e9clenchement redondant. Ce second bouton permet d'\u00e9viter les appuis intempestifs sur un seul bouton et de doubler l'autonomie de la t\u00e9l\u00e9commande. Des capuchons de s\u00e9curit\u00e9 prot\u00e8gent les boutons d'une pression involontaire. Un module d'alarme sonore est disponible sur demande. Il g\u00e9n\u00e8re une alerte sonore en cas de perte de connexion avec le parachute. Avec une option longue port\u00e9e, la port\u00e9e radio peut \u00eatre \u00e9tendue \u00e0 plus de 10 km si n\u00e9cessaire. Il est \u00e9galement possible de relier plusieurs t\u00e9l\u00e9commandes radio \u00e0 un parachute, ou plusieurs parachutes \u00e0 une t\u00e9l\u00e9commande.<br \/>\nDu c\u00f4t\u00e9 des parachutes, un module de d\u00e9tection de crash et de d\u00e9ploiement automatique est disponible sur demande. Ce module sera \u00e0 terme compatible avec la norme ASTM3322 et les futures normes europ\u00e9ennes (classes C5 et C6 pour les sc\u00e9narios STS-01 et STS-02). Dronavia anticipe les nouvelles r\u00e9glementations europ\u00e9ennes en mettant son syst\u00e8me d'arr\u00eat moteur autonome (Z\u00e9phyr CC M30) en conformit\u00e9 avec le MOC 25-11. Cette homologation permettra aux pilotes professionnels de simplifier le processus d'obtention d'un SORA.<\/p>","protected":false},"excerpt":{"rendered":"<ul>\n<li>Avec le parachute simple Z\u00e9phyr M30 et le syst\u00e8me FTS pour le drone DJI Matrice 30, vous pouvez s\u00e9curiser vos vols et ralentir le taux de chute de votre Matrice 30 en cas de probl\u00e8me, en demandant simplement l'arr\u00eat des moteurs et le d\u00e9ploiement du parachute \u00e0 l'aide de la t\u00e9l\u00e9commande autonome d\u00e9di\u00e9e. Le parachute Z\u00e9phyr M30 est \u00e9quip\u00e9 d'un FTS externe de 55 grammes et d'une port\u00e9e de 5 kilom\u00e8tres.<\/li>\n<li>osibilit\u00e9 de retirer facilement et rapidement le parachute de votre drone, en particulier lors d'un sc\u00e9nario S2.<\/li>\n<\/ul>","protected":false},"featured_media":5282,"template":"","meta":{"_acf_changed":false},"product_brand":[],"product_cat":[292,97,149],"product_tag":[],"class_list":{"0":"post-5286","1":"product","2":"type-product","3":"status-publish","4":"has-post-thumbnail","6":"product_cat-alle-parachutes","7":"product_cat-alle-producten","8":"product_cat-dji-matrice-30","9":"pa_brand-zephyr","10":"pa_productfamily-parachute","11":"pa_producttype-parachute","12":"pa_series-matrice-30","14":"first","15":"outofstock","16":"taxable","17":"shipping-taxable","18":"product-type-simple"},"acf":[],"yoast_head":"<!-- This site is optimized with the Yoast SEO Premium plugin v27.2 (Yoast SEO v27.2) - https:\/\/yoast.com\/product\/yoast-seo-premium-wordpress\/ -->\n<title>Zephyr Parachute DJI Matrice 30 - External FTS - koningdrone.be<\/title>\n<meta name=\"robots\" content=\"index, follow, max-snippet:-1, max-image-preview:large, max-video-preview:-1\" \/>\n<link rel=\"canonical\" href=\"https:\/\/koningdrone.be\/fr\/produit\/zephyr-parachute-dji-matrice-30-external-fts\/\" \/>\n<meta property=\"og:locale\" content=\"fr_FR\" \/>\n<meta property=\"og:type\" content=\"article\" \/>\n<meta property=\"og:title\" content=\"Zephyr Parachute DJI Matrice 30 - External FTS\" \/>\n<meta property=\"og:description\" content=\"Met het Z\u00e9phyr M30 enkele parachute- en FTS-systeem voor de DJI Matrice 30-drone kunt u uw vluchten beveiligen en de valsnelheid van uw Matrice 30 vertragen in geval van problemen, simpelweg door de uitschakeling van de motoren en de inzet van de parachute aan te vragen met de speciale autonome afstandsbediening. De Z\u00e9phyr M30 parachute is uitgerust met een externe FTS met een gewicht van 55 gram en een bereik van 5 kilometer.  ogelijkheid om de parachute gemakkelijk en snel van uw drone te verwijderen, vooral tijdens een S2-scenario.\" \/>\n<meta property=\"og:url\" content=\"https:\/\/koningdrone.be\/fr\/produit\/zephyr-parachute-dji-matrice-30-external-fts\/\" \/>\n<meta property=\"og:site_name\" content=\"koningdrone.be\" \/>\n<meta property=\"article:modified_time\" content=\"2026-04-08T05:18:00+00:00\" \/>\n<meta property=\"og:image\" content=\"https:\/\/koningdrone.be\/wp-content\/uploads\/sites\/13\/2025\/04\/Zephyr-M30-2-1.png\" \/>\n\t<meta property=\"og:image:width\" content=\"800\" \/>\n\t<meta property=\"og:image:height\" content=\"800\" \/>\n\t<meta property=\"og:image:type\" content=\"image\/png\" \/>\n<meta name=\"twitter:card\" content=\"summary_large_image\" \/>\n<meta name=\"twitter:label1\" content=\"Dur\u00e9e de lecture est.\" \/>\n\t<meta name=\"twitter:data1\" content=\"6 minutes\" \/>\n<script type=\"application\/ld+json\" class=\"yoast-schema-graph\">{\"@context\":\"https:\/\/schema.org\",\"@graph\":[{\"@type\":\"WebPage\",\"@id\":\"https:\/\/koningdrone.be\/product\/zephyr-parachute-dji-matrice-30-external-fts\/\",\"url\":\"https:\/\/koningdrone.be\/product\/zephyr-parachute-dji-matrice-30-external-fts\/\",\"name\":\"Zephyr Parachute DJI Matrice 30 - External FTS - koningdrone.be\",\"isPartOf\":{\"@id\":\"https:\/\/koningdrone.be\/#website\"},\"primaryImageOfPage\":{\"@id\":\"https:\/\/koningdrone.be\/product\/zephyr-parachute-dji-matrice-30-external-fts\/#primaryimage\"},\"image\":{\"@id\":\"https:\/\/koningdrone.be\/product\/zephyr-parachute-dji-matrice-30-external-fts\/#primaryimage\"},\"thumbnailUrl\":\"https:\/\/koningdrone.be\/wp-content\/uploads\/sites\/13\/2025\/04\/Zephyr-M30-2-1.png\",\"datePublished\":\"2022-11-02T08:14:34+00:00\",\"dateModified\":\"2026-04-08T05:18:00+00:00\",\"breadcrumb\":{\"@id\":\"https:\/\/koningdrone.be\/product\/zephyr-parachute-dji-matrice-30-external-fts\/#breadcrumb\"},\"inLanguage\":\"fr-BE\",\"potentialAction\":[{\"@type\":\"ReadAction\",\"target\":[\"https:\/\/koningdrone.be\/product\/zephyr-parachute-dji-matrice-30-external-fts\/\"]}]},{\"@type\":\"ImageObject\",\"inLanguage\":\"fr-BE\",\"@id\":\"https:\/\/koningdrone.be\/product\/zephyr-parachute-dji-matrice-30-external-fts\/#primaryimage\",\"url\":\"https:\/\/koningdrone.be\/wp-content\/uploads\/sites\/13\/2025\/04\/Zephyr-M30-2-1.png\",\"contentUrl\":\"https:\/\/koningdrone.be\/wp-content\/uploads\/sites\/13\/2025\/04\/Zephyr-M30-2-1.png\",\"width\":800,\"height\":800},{\"@type\":\"BreadcrumbList\",\"@id\":\"https:\/\/koningdrone.be\/product\/zephyr-parachute-dji-matrice-30-external-fts\/#breadcrumb\",\"itemListElement\":[{\"@type\":\"ListItem\",\"position\":1,\"name\":\"Home\",\"item\":\"https:\/\/koningdrone.be\/\"},{\"@type\":\"ListItem\",\"position\":2,\"name\":\"AVSS Parachute Recovery System for DJI Matrice 300\/350\",\"item\":\"https:\/\/koningdrone.be\/product\/avss-parachute-recovery-system-for-dji-matrice-300-350\/\"},{\"@type\":\"ListItem\",\"position\":3,\"name\":\"Alle parachutes\",\"item\":\"https:\/\/koningdrone.be\/categorie\/alle-parachutes\/\"},{\"@type\":\"ListItem\",\"position\":4,\"name\":\"Zephyr Parachute DJI Matrice 30 &#8211; External FTS\"}]},{\"@type\":\"WebSite\",\"@id\":\"https:\/\/koningdrone.be\/#website\",\"url\":\"https:\/\/koningdrone.be\/\",\"name\":\"Koningdrone.be - Uw online specialist in drones, gimbals, camera's en power stations.\",\"description\":\"De webshop in drones en gimbals\",\"publisher\":{\"@id\":\"https:\/\/koningdrone.be\/#organization\"},\"potentialAction\":[{\"@type\":\"SearchAction\",\"target\":{\"@type\":\"EntryPoint\",\"urlTemplate\":\"https:\/\/koningdrone.be\/?s={search_term_string}\"},\"query-input\":{\"@type\":\"PropertyValueSpecification\",\"valueRequired\":true,\"valueName\":\"search_term_string\"}}],\"inLanguage\":\"fr-BE\"},{\"@type\":\"Organization\",\"@id\":\"https:\/\/koningdrone.be\/#organization\",\"name\":\"Koningdrone.be\",\"url\":\"https:\/\/koningdrone.be\/\",\"logo\":{\"@type\":\"ImageObject\",\"inLanguage\":\"fr-BE\",\"@id\":\"https:\/\/koningdrone.be\/#\/schema\/logo\/image\/\",\"url\":\"https:\/\/koningdrone.be\/wp-content\/uploads\/sites\/13\/2025\/04\/koningdrone-copyright-logo.svg\",\"contentUrl\":\"https:\/\/koningdrone.be\/wp-content\/uploads\/sites\/13\/2025\/04\/koningdrone-copyright-logo.svg\",\"width\":227,\"height\":38,\"caption\":\"Koningdrone.be\"},\"image\":{\"@id\":\"https:\/\/koningdrone.be\/#\/schema\/logo\/image\/\"}}]}<\/script>\n<!-- \/ Yoast SEO Premium plugin. -->","yoast_head_json":{"title":"Zephyr Parachute DJI Matrice 30 - External FTS - koningdrone.be","robots":{"index":"index","follow":"follow","max-snippet":"max-snippet:-1","max-image-preview":"max-image-preview:large","max-video-preview":"max-video-preview:-1"},"canonical":"https:\/\/koningdrone.be\/fr\/produit\/zephyr-parachute-dji-matrice-30-external-fts\/","og_locale":"fr_FR","og_type":"article","og_title":"Zephyr Parachute DJI Matrice 30 - External FTS","og_description":"Met het Z\u00e9phyr M30 enkele parachute- en FTS-systeem voor de DJI Matrice 30-drone kunt u uw vluchten beveiligen en de valsnelheid van uw Matrice 30 vertragen in geval van problemen, simpelweg door de uitschakeling van de motoren en de inzet van de parachute aan te vragen met de speciale autonome afstandsbediening. De Z\u00e9phyr M30 parachute is uitgerust met een externe FTS met een gewicht van 55 gram en een bereik van 5 kilometer.  ogelijkheid om de parachute gemakkelijk en snel van uw drone te verwijderen, vooral tijdens een S2-scenario.","og_url":"https:\/\/koningdrone.be\/fr\/produit\/zephyr-parachute-dji-matrice-30-external-fts\/","og_site_name":"koningdrone.be","article_modified_time":"2026-04-08T05:18:00+00:00","og_image":[{"width":800,"height":800,"url":"https:\/\/koningdrone.be\/wp-content\/uploads\/sites\/13\/2025\/04\/Zephyr-M30-2-1.png","type":"image\/png"}],"twitter_card":"summary_large_image","twitter_misc":{"Dur\u00e9e de lecture est.":"6 minutes"},"schema":{"@context":"https:\/\/schema.org","@graph":[{"@type":"WebPage","@id":"https:\/\/koningdrone.be\/product\/zephyr-parachute-dji-matrice-30-external-fts\/","url":"https:\/\/koningdrone.be\/product\/zephyr-parachute-dji-matrice-30-external-fts\/","name":"Zephyr Parachute DJI Matrice 30 - External FTS - koningdrone.be","isPartOf":{"@id":"https:\/\/koningdrone.be\/#website"},"primaryImageOfPage":{"@id":"https:\/\/koningdrone.be\/product\/zephyr-parachute-dji-matrice-30-external-fts\/#primaryimage"},"image":{"@id":"https:\/\/koningdrone.be\/product\/zephyr-parachute-dji-matrice-30-external-fts\/#primaryimage"},"thumbnailUrl":"https:\/\/koningdrone.be\/wp-content\/uploads\/sites\/13\/2025\/04\/Zephyr-M30-2-1.png","datePublished":"2022-11-02T08:14:34+00:00","dateModified":"2026-04-08T05:18:00+00:00","breadcrumb":{"@id":"https:\/\/koningdrone.be\/product\/zephyr-parachute-dji-matrice-30-external-fts\/#breadcrumb"},"inLanguage":"fr-BE","potentialAction":[{"@type":"ReadAction","target":["https:\/\/koningdrone.be\/product\/zephyr-parachute-dji-matrice-30-external-fts\/"]}]},{"@type":"ImageObject","inLanguage":"fr-BE","@id":"https:\/\/koningdrone.be\/product\/zephyr-parachute-dji-matrice-30-external-fts\/#primaryimage","url":"https:\/\/koningdrone.be\/wp-content\/uploads\/sites\/13\/2025\/04\/Zephyr-M30-2-1.png","contentUrl":"https:\/\/koningdrone.be\/wp-content\/uploads\/sites\/13\/2025\/04\/Zephyr-M30-2-1.png","width":800,"height":800},{"@type":"BreadcrumbList","@id":"https:\/\/koningdrone.be\/product\/zephyr-parachute-dji-matrice-30-external-fts\/#breadcrumb","itemListElement":[{"@type":"ListItem","position":1,"name":"Home","item":"https:\/\/koningdrone.be\/"},{"@type":"ListItem","position":2,"name":"AVSS Parachute Recovery System for DJI Matrice 300\/350","item":"https:\/\/koningdrone.be\/product\/avss-parachute-recovery-system-for-dji-matrice-300-350\/"},{"@type":"ListItem","position":3,"name":"Alle parachutes","item":"https:\/\/koningdrone.be\/categorie\/alle-parachutes\/"},{"@type":"ListItem","position":4,"name":"Zephyr Parachute DJI Matrice 30 &#8211; External FTS"}]},{"@type":"WebSite","@id":"https:\/\/koningdrone.be\/#website","url":"https:\/\/koningdrone.be\/","name":"Koningdrone.be - Votre sp\u00e9cialiste en ligne en mati\u00e8re de drones, de cardans, de cam\u00e9ras et de centrales \u00e9lectriques.","description":"La boutique en ligne de drones et de cardans","publisher":{"@id":"https:\/\/koningdrone.be\/#organization"},"potentialAction":[{"@type":"SearchAction","target":{"@type":"EntryPoint","urlTemplate":"https:\/\/koningdrone.be\/?s={search_term_string}"},"query-input":{"@type":"PropertyValueSpecification","valueRequired":true,"valueName":"search_term_string"}}],"inLanguage":"fr-BE"},{"@type":"Organization","@id":"https:\/\/koningdrone.be\/#organization","name":"Kingdrone.co.uk","url":"https:\/\/koningdrone.be\/","logo":{"@type":"ImageObject","inLanguage":"fr-BE","@id":"https:\/\/koningdrone.be\/#\/schema\/logo\/image\/","url":"https:\/\/koningdrone.be\/wp-content\/uploads\/sites\/13\/2025\/04\/koningdrone-copyright-logo.svg","contentUrl":"https:\/\/koningdrone.be\/wp-content\/uploads\/sites\/13\/2025\/04\/koningdrone-copyright-logo.svg","width":227,"height":38,"caption":"Koningdrone.be"},"image":{"@id":"https:\/\/koningdrone.be\/#\/schema\/logo\/image\/"}}]}},"df_price":"","df_sale_price":"","df_regular_price":"","df_image_link":"https:\/\/koningdrone.be\/wp-content\/uploads\/sites\/13\/2025\/04\/Zephyr-M30-2-1-300x300.png","_links":{"self":[{"href":"https:\/\/koningdrone.be\/fr\/wp-json\/wp\/v2\/product\/5286","targetHints":{"allow":["GET"]}}],"collection":[{"href":"https:\/\/koningdrone.be\/fr\/wp-json\/wp\/v2\/product"}],"about":[{"href":"https:\/\/koningdrone.be\/fr\/wp-json\/wp\/v2\/types\/product"}],"wp:featuredmedia":[{"embeddable":true,"href":"https:\/\/koningdrone.be\/fr\/wp-json\/wp\/v2\/media\/5282"}],"wp:attachment":[{"href":"https:\/\/koningdrone.be\/fr\/wp-json\/wp\/v2\/media?parent=5286"}],"wp:term":[{"taxonomy":"product_brand","embeddable":true,"href":"https:\/\/koningdrone.be\/fr\/wp-json\/wp\/v2\/product_brand?post=5286"},{"taxonomy":"product_cat","embeddable":true,"href":"https:\/\/koningdrone.be\/fr\/wp-json\/wp\/v2\/product_cat?post=5286"},{"taxonomy":"product_tag","embeddable":true,"href":"https:\/\/koningdrone.be\/fr\/wp-json\/wp\/v2\/product_tag?post=5286"}],"curies":[{"name":"wp","href":"https:\/\/api.w.org\/{rel}","templated":true}]}}